{"id":805,"date":"2021-12-07T16:33:10","date_gmt":"2021-12-07T16:33:10","guid":{"rendered":"https:\/\/god-vibro.com\/?page_id=805"},"modified":"2021-12-08T01:50:43","modified_gmt":"2021-12-08T01:50:43","slug":"code-promotion-lelo","status":"publish","type":"page","link":"https:\/\/god-vibro.com\/zh\/%e6%8e%a8%e5%b9%bf%e4%bb%a3%e7%a0%81.html","title":{"rendered":"Lelo \u4fc3\u9500\u4ee3\u7801\uff1a\u6700\u4f73\u4f18\u60e0\u5728\u8fd9\u91cc"},"content":{"rendered":"<p>On connait bien Lelo, cette c\u00e9l\u00e9bre marque de <strong>\u60c5\u8da3\u7528\u54c1<\/strong> offre une large gamme pour homme, femme et couple. C&rsquo;est une marque que je commence \u00e0 d\u00e9couvrir pour compl\u00e9ter mon \u00abvibro-dressing\u00bb. J&rsquo;ai offert \u00e0 Paul son second masseur prostatique, ce jouet pour Homme qui se pr\u00e9nomme : <strong><a href=\"https:\/\/god-vibro.com\/lelo-hugo.html\" data-type=\"post\" data-id=\"643\">Lelo Hugo<\/a><\/strong>. <\/p>\n\n\n\n<p>\u6211\u5728\u4ee5\u4e0b\u7f51\u7ad9\u4f7f\u7528\u4e86\u4fc3\u9500\u4ee3\u7801 <strong>Lovehoney<\/strong> pour acheter ce cadeau \u00e0 Paul. En ce moment, il font une promotion pour \u00e9dudiant.e. L&rsquo;avantage d&rsquo;acheter sur Lovehoney, c&rsquo;est de profiter d&rsquo;un large choix de marque coquin. Lingerie, jouets, bondage&#8230; c&rsquo;est des dizaines de choix pour se faire plaisir solo ou \u00e0 deux.<\/p>\n\n\n\n<div class=\"wp-block-image\"><figure class=\"aligncenter size-large\"><img fetchpriority=\"high\" decoding=\"async\" width=\"1024\" height=\"292\" src=\"https:\/\/god-vibro.com\/wp-content\/uploads\/2021\/12\/lovehoney-reduction-etudiante-1024x292.png\" alt=\"\" class=\"wp-image-812\" srcset=\"https:\/\/god-vibro.com\/wp-content\/uploads\/2021\/12\/lovehoney-reduction-etudiante-1024x292.png 1024w, https:\/\/god-vibro.com\/wp-content\/uploads\/2021\/12\/lovehoney-reduction-etudiante-600x171.png 600w, https:\/\/god-vibro.com\/wp-content\/uploads\/2021\/12\/lovehoney-reduction-etudiante-300x86.png 300w, https:\/\/god-vibro.com\/wp-content\/uploads\/2021\/12\/lovehoney-reduction-etudiante-768x219.png 768w, https:\/\/god-vibro.com\/wp-content\/uploads\/2021\/12\/lovehoney-reduction-etudiante.png 1502w\" sizes=\"(max-width: 1024px) 100vw, 1024px\" \/><figcaption>Gr\u00e2ce \u00e0 la connexion Uniday, il est facile d&rsquo;obtenir 20% de r\u00e9duction pour les articles Lelo (<a href=\"https:\/\/god-vibro.com\/lovense-60-de-reduction-pour-les-etudiants.html\">il faut \u00eatre \u00e9tudiant<\/a> \u4ee5\u4eab\u53d7\u6b64\u4f18\u60e0)<\/em><\/figcaption><\/figure><\/div>\n\n\n\n<h2 class=\"wp-block-heading\">\u5982\u4f55\u627e\u5230\u6700\u5212\u7b97\u7684 Lelo\uff1f<\/h2>\n\n\n\n<p>\u60a8\u4e0d\u5fc5\u53bb Lelo \u5b98\u65b9\u7f51\u7ad9\u5c31\u80fd\u627e\u5230\u6700\u4f18\u60e0\u7684\u4ef7\u683c\u3001 <strong>Lovehoney<\/strong> offre des promotions pour pleins d&rsquo;occassions. Noel, la st-valentin, le fameux \u00abblack friday\u00bb&#8230;<\/p>\n\n\n\n<p>Les frais de port peuvent \u00eatre offert en plus souvent lorsqu&rsquo;on s&rsquo;offre un jouet (> 100\u20ac). <\/p>\n\n\n\n<h2 class=\"wp-block-heading\">15% \u8c08 Lovense\u3001Lelo \u548c Womanizer \u73a9\u5177 <\/h2>\n\n\n\n<p>Pour avoir 15% facile, il suffit de s&rsquo;inscrire \u00e0 la newsletter de Lovehoney et lors de la prochaine commende c&rsquo;est 15% de gagn\u00e9. Ca me fait penser que je voulais m&rsquo;acheter et tester des objets pour d\u00e9couvrir le <strong>\u675f\u7f1a<\/strong> \ud83d\ude1c \ud83d\ude4a<br>J&rsquo;avoue que je connais pas beaucoup cette pratique mais j&rsquo;aimerai \u00e7a la d\u00e9couvrir&#8230;. est-ce que c&rsquo;est le genre de chose dont vous aimeriez que je vous parle sur le blog de God-vibro ? Dite le moi en commentaire.<\/p>\n\n\n\n<p><\/p>","protected":false},"excerpt":{"rendered":"<p>On connait bien Lelo, cette c\u00e9l\u00e9bre marque de sextoy offre une large gamme pour homme, femme et couple. C&rsquo;est une marque que je commence \u00e0 d\u00e9couvrir pour compl\u00e9ter mon \u00abvibro-dressing\u00bb. J&rsquo;ai offert \u00e0 Paul son second masseur prostatique, ce jouet pour Homme qui se pr\u00e9nomme : Lelo Hugo. J&rsquo;ai pu profiter d&rsquo;un code promo chez [&hellip;]<\/p>\n","protected":false},"author":1,"featured_media":0,"parent":0,"menu_order":0,"comment_status":"closed","ping_status":"closed","template":"","meta":{"_acf_changed":false,"_seopress_robots_primary_cat":"","_seopress_titles_title":"","_seopress_titles_desc":"","_seopress_robots_index":"","_uag_custom_page_level_css":"","site-sidebar-layout":"default","site-content-layout":"","ast-site-content-layout":"default","site-content-style":"default","site-sidebar-style":"default","ast-global-header-display":"","ast-banner-title-visibility":"","ast-main-header-display":"","ast-hfb-above-header-display":"","ast-hfb-below-header-display":"","ast-hfb-mobile-header-display":"","site-post-title":"","ast-breadcrumbs-content":"","ast-featured-img":"","footer-sml-layout":"","theme-transparent-header-meta":"","adv-header-id-meta":"","stick-header-meta":"","header-above-stick-meta":"","header-main-stick-meta":"","header-below-stick-meta":"","astra-migrate-meta-layouts":"default","ast-page-background-enabled":"default","ast-page-background-meta":{"desktop":{"background-color":"var(--ast-global-color-4)","background-image":"","background-repeat":"repeat","background-position":"center center","background-size":"auto","background-attachment":"scroll","background-type":"","background-media":"","overlay-type":"","overlay-color":"","overlay-opacity":"","overlay-gradient":""},"tablet":{"background-color":"","background-image":"","background-repeat":"repeat","background-position":"center center","background-size":"auto","background-attachment":"scroll","background-type":"","background-media":"","overlay-type":"","overlay-color":"","overlay-opacity":"","overlay-gradient":""},"mobile":{"background-color":"","background-image":"","background-repeat":"repeat","background-position":"center center","background-size":"auto","background-attachment":"scroll","background-type":"","background-media":"","overlay-type":"","overlay-color":"","overlay-opacity":"","overlay-gradient":""}},"ast-content-background-meta":{"desktop":{"background-color":"var(--ast-global-color-5)","background-image":"","background-repeat":"repeat","background-position":"center center","background-size":"auto","background-attachment":"scroll","background-type":"","background-media":"","overlay-type":"","overlay-color":"","overlay-opacity":"","overlay-gradient":""},"tablet":{"background-color":"var(--ast-global-color-5)","background-image":"","background-repeat":"repeat","background-position":"center center","background-size":"auto","background-attachment":"scroll","background-type":"","background-media":"","overlay-type":"","overlay-color":"","overlay-opacity":"","overlay-gradient":""},"mobile":{"background-color":"var(--ast-global-color-5)","background-image":"","background-repeat":"repeat","background-position":"center center","background-size":"auto","background-attachment":"scroll","background-type":"","background-media":"","overlay-type":"","overlay-color":"","overlay-opacity":"","overlay-gradient":""}},"footnotes":""},"class_list":["post-805","page","type-page","status-publish","hentry"],"acf":[],"uagb_featured_image_src":{"full":false,"thumbnail":false,"medium":false,"medium_large":false,"large":false,"1536x1536":false,"2048x2048":false,"trp-custom-language-flag":false,"ultp_layout_landscape_large":false,"ultp_layout_landscape":false,"ultp_layout_portrait":false,"ultp_layout_square":false},"uagb_author_info":{"display_name":"brigitte","author_link":"https:\/\/god-vibro.com\/zh\/author\/brigitte"},"uagb_comment_info":0,"uagb_excerpt":"On connait bien Lelo, cette c\u00e9l\u00e9bre marque de sextoy offre une large gamme pour homme, femme et couple. C&rsquo;est une marque que je commence \u00e0 d\u00e9couvrir pour compl\u00e9ter mon \u00abvibro-dressing\u00bb. J&rsquo;ai offert \u00e0 Paul son second masseur prostatique, ce jouet pour Homme qui se pr\u00e9nomme : Lelo Hugo. J&rsquo;ai pu profiter d&rsquo;un code promo chez...","_links":{"self":[{"href":"https:\/\/god-vibro.com\/zh\/wp-json\/wp\/v2\/pages\/805","targetHints":{"allow":["GET"]}}],"collection":[{"href":"https:\/\/god-vibro.com\/zh\/wp-json\/wp\/v2\/pages"}],"about":[{"href":"https:\/\/god-vibro.com\/zh\/wp-json\/wp\/v2\/types\/page"}],"author":[{"embeddable":true,"href":"https:\/\/god-vibro.com\/zh\/wp-json\/wp\/v2\/users\/1"}],"replies":[{"embeddable":true,"href":"https:\/\/god-vibro.com\/zh\/wp-json\/wp\/v2\/comments?post=805"}],"version-history":[{"count":1,"href":"https:\/\/god-vibro.com\/zh\/wp-json\/wp\/v2\/pages\/805\/revisions"}],"predecessor-version":[{"id":1876,"href":"https:\/\/god-vibro.com\/zh\/wp-json\/wp\/v2\/pages\/805\/revisions\/1876"}],"wp:attachment":[{"href":"https:\/\/god-vibro.com\/zh\/wp-json\/wp\/v2\/media?parent=805"}],"curies":[{"name":"wp","href":"https:\/\/api.w.org\/{rel}","templated":true}]}}