{"id":753,"date":"2021-12-03T15:14:49","date_gmt":"2021-12-03T15:14:49","guid":{"rendered":"https:\/\/god-vibro.com\/?page_id=753"},"modified":"2021-12-03T15:32:39","modified_gmt":"2021-12-03T15:32:39","slug":"mentions-legales-et-cgv","status":"publish","type":"page","link":"https:\/\/god-vibro.com\/zh\/%e6%9d%a1%e6%ac%be%e5%92%8c%e6%9d%a1%e4%bb%b6.html","title":{"rendered":"Mentions l\u00e9gales et CGV"},"content":{"rendered":"<p>Conform\u00e9ment \u00e0 l\u2019article 6 de la Loi n\u00b02004-575 du 21 Juin 2004 pour la Confiance dans l\u2019\u00e9conomie num\u00e9rique, dite L.C.E.N., il est port\u00e9 \u00e0 la connaissance<br>\u7684\u7528\u6237\u548c\u8bbf\u95ee\u8005\uff1a God-vibro<em>.com<\/em> est enregistr\u00e9 aupr\u00e8s de l\u2019h\u00e9bergeur o2switch 222 Bd Gustave Flaubert, 63000 Clermont-Ferrand, France<\/p>\n\n\n\n<p>\u7f51\u7ad9 <meta charset=\"utf-8\">\u795e\u632f<em>.com<\/em> est propos\u00e9 \u00e0 partir de diff\u00e9rents langages de programmation web (WordPress). Pour un confort d\u2019utilisation et un graphisme optimums ainsi que pour des raisons de s\u00e9curit\u00e9, l\u2019internaute s\u2019engage \u00e0 naviguer sur le site <em><meta charset=\"utf-8\">\u795e\u632f<em>.com<\/em><\/em> en utilisant un mat\u00e9riel r\u00e9cent, ne contenant pas de virus et avec un navigateur moderne et \u00e0 jour comme Firefox, Chrome, etc.<\/p>\n\n\n\n<p>Tout contenu t\u00e9l\u00e9charg\u00e9 se fait aux risques et p\u00e9rils de l\u2019internaute et est sous sa seule responsabilit\u00e9 <meta charset=\"utf-8\">\u795e\u632f<em>.com<\/em> ne saurait donc \u00eatre tenue responsable d\u2019un quelconque dommage subi par l\u2019ordinateur de l\u2019utilisateur ou d\u2019une quelconque perte de donn\u00e9es d\u00e9coulant d\u2019un t\u00e9l\u00e9chargement.<\/p>\n\n\n\n<p><em>\u795e\u632f<em>.com<\/em><\/em> met en \u0153uvre tous les moyens \u00e0 sa disposition pour assurer une information et une mise \u00e0 jour fiables de son site. Des erreurs ou omissions pouvant <meta charset=\"utf-8\">\u795e\u632f<em>.com<\/em> n\u2019est en aucun cas responsable de l\u2019utilisation faite de ces informations et de tout pr\u00e9judice direct ou indirect pouvant en r\u00e9sulter.<\/p>\n\n\n\n<p>Si vous constatez un manque, une erreur ou ce qui parait \u00eatre un dysfonctionnement, merci de bien vouloir le signaler par email \u00e0 l\u2019adresse allo@god-vibro.com, en d\u00e9crivant le probl\u00e8me de la mani\u00e8re la plus pr\u00e9cise possible (Page posant probl\u00e8me, type d\u2019ordinateur, navigateur utilis\u00e9, \u2026).<\/p>\n\n\n\n<h2 class=\"wp-block-heading\">Cookie \u548c\u8d85\u6587\u672c\u94fe\u63a5<\/h2>\n\n\n\n<p>Le site god-vibro.com contient un certain nombre de liens hypertextes vers d\u2019autres sites (partenaires, informations\u2026) mis en place avec l\u2019autorisation desdits propri\u00e9taires desdits sites. Cependant, le propri\u00e9taire du site n\u2019a pas la possibilit\u00e9 de v\u00e9rifier le contenu des sites ainsi visit\u00e9s et d\u00e9cline donc toute responsabilit\u00e9 de ce fait quant aux risques \u00e9ventuels de contenus illicites.L\u2019utilisateur est inform\u00e9 que lors de ses visites sur le site god-vibro.com, un ou des cookies sont susceptibles de s\u2019installer automatiquement sur son ordinateur. Les donn\u00e9es ainsi obtenues visent \u00e0 faciliter la navigation ult\u00e9rieure sur le site, et ont \u00e9galement vocation \u00e0 permettre diverses mesures de fr\u00e9quentation. Le param\u00e9trage du logiciel de navigation permet d\u2019informer de la pr\u00e9sence de cookie et<br>\u00e9ventuellement, de refuser leur installation. Pour ce faire suivez les instructions en fonction de votre version. Les conditions d\u2019utilisation du site sont r\u00e9gies, interpr\u00e9t\u00e9es et appliqu\u00e9es conform\u00e9ment au droit fran\u00e7ais. En cas de litige, les tribunaux fran\u00e7ais seront seuls comp\u00e9tents.<\/p>\n\n\n\n<h2 class=\"wp-block-heading\">D\u00e9sactivation des cookies<\/h2>\n\n\n\n<p>\u7f51\u7ad9 <em>god-vibro.com<\/em> peut \u00eatre amen\u00e9 \u00e0 vous demander l\u2019acceptation des cookies pour des besoins d\u2019affichage et de donn\u00e9es. Un cookie est un fichier d\u00e9pos\u00e9 sur votre ordinateur par le serveur du site visit\u00e9. Il contient de nombreuses donn\u00e9es qui sont stock\u00e9es sur votre machine dans un fichier texte auquel le serveur acc\u00e8de pour lire et enregistrer des informations.<\/p>\n\n\n\n<p>Toutefois, vous pouvez choisir de d\u00e9sactiver les cookies, cependant, certaines parties du site <meta charset=\"utf-8\"><em>god-vibro.com<\/em> ne peuvent \u00eatre fonctionnelles sans l\u2019acceptation de cookies.<\/p>\n\n\n\n<ul class=\"wp-block-list\"><li>INTERNET EXPLORER : Menu &gt; Options Internet &gt; Onglet \u00ab&nbsp;Confidentialit\u00e9&nbsp;\u00bb et sur le bouton Avanc\u00e9 pour faite apparaitre la fen\u00eatre des Param\u00e8tres de confidentialit\u00e9 avanc\u00e9s. Cochez ensuite la case \u00ab&nbsp;Ignorer la gestion automatique des cookies&nbsp;\u00bb, puis s\u00e9lectionner \u00ab&nbsp;Refuser&nbsp;\u00bb dans la colonne \u00ab&nbsp;Cookies tierces parties&nbsp;\u00bb.<\/li><li>FIREFOX : Menu &gt; Options &gt; Onglet \u00ab&nbsp;Vie priv\u00e9e&nbsp;\u00bb. Param\u00e9trer le menu \u00ab&nbsp;R\u00e8gles de conservation&nbsp;\u00bb sur \u00ab&nbsp;Utiliser les param\u00e8tres personnalis\u00e9s pour l\u2019historique&nbsp;\u00bb. Enfin, d\u00e9cocher la case \u00ab&nbsp;Accepter les cookies tiers&nbsp;\u00bb.<\/li><li>SAFARI : Menu &gt; Pr\u00e9f\u00e9rences &gt; Onglet \u00ab&nbsp;Confidentialit\u00e9&nbsp;\u00bb. Param\u00e9trer le menu \u00ab&nbsp;Bloquer les cookies&nbsp;\u00bb sur \u00ab&nbsp;Des tierces parties et des annonceurs&nbsp;\u00bb ou \u00ab&nbsp;Toujours&nbsp;\u00bb.<\/li><li>GOOGLE CHROME : Menu &gt; Param\u00e8tres &gt; Afficher les param\u00e8tres avanc\u00e9s (Situ\u00e9 au bas de la page). Il faut ensuite cliquer sur le bouton Param\u00e8tres de contenu puis cocher la case Bloquer les cookies et les donn\u00e9es de sites tiers, enfin cliquer sur OK pour valider votre choix.<\/li><\/ul>","protected":false},"excerpt":{"rendered":"<p>Conform\u00e9ment \u00e0 l\u2019article 6 de la Loi n\u00b02004-575 du 21 Juin 2004 pour la Confiance dans l\u2019\u00e9conomie num\u00e9rique, dite L.C.E.N., il est port\u00e9 \u00e0 la connaissancedes utilisateurs et visiteurs du site&nbsp;: god-vibro.com est enregistr\u00e9 aupr\u00e8s de l\u2019h\u00e9bergeur o2switch 222 Bd Gustave Flaubert, 63000 Clermont-Ferrand, France Le site god-vibro.com est propos\u00e9 \u00e0 partir de diff\u00e9rents langages [&hellip;]<\/p>\n","protected":false},"author":1,"featured_media":0,"parent":0,"menu_order":0,"comment_status":"closed","ping_status":"closed","template":"","meta":{"_acf_changed":false,"_seopress_robots_primary_cat":"","_seopress_titles_title":"","_seopress_titles_desc":"","_seopress_robots_index":"yes","_uag_custom_page_level_css":"","site-sidebar-layout":"default","site-content-layout":"","ast-site-content-layout":"default","site-content-style":"default","site-sidebar-style":"default","ast-global-header-display":"","ast-banner-title-visibility":"","ast-main-header-display":"","ast-hfb-above-header-display":"","ast-hfb-below-header-display":"","ast-hfb-mobile-header-display":"","site-post-title":"","ast-breadcrumbs-content":"","ast-featured-img":"","footer-sml-layout":"","theme-transparent-header-meta":"","adv-header-id-meta":"","stick-header-meta":"","header-above-stick-meta":"","header-main-stick-meta":"","header-below-stick-meta":"","astra-migrate-meta-layouts":"default","ast-page-background-enabled":"default","ast-page-background-meta":{"desktop":{"background-color":"var(--ast-global-color-4)","background-image":"","background-repeat":"repeat","background-position":"center center","background-size":"auto","background-attachment":"scroll","background-type":"","background-media":"","overlay-type":"","overlay-color":"","overlay-opacity":"","overlay-gradient":""},"tablet":{"background-color":"","background-image":"","background-repeat":"repeat","background-position":"center center","background-size":"auto","background-attachment":"scroll","background-type":"","background-media":"","overlay-type":"","overlay-color":"","overlay-opacity":"","overlay-gradient":""},"mobile":{"background-color":"","background-image":"","background-repeat":"repeat","background-position":"center center","background-size":"auto","background-attachment":"scroll","background-type":"","background-media":"","overlay-type":"","overlay-color":"","overlay-opacity":"","overlay-gradient":""}},"ast-content-background-meta":{"desktop":{"background-color":"var(--ast-global-color-5)","background-image":"","background-repeat":"repeat","background-position":"center center","background-size":"auto","background-attachment":"scroll","background-type":"","background-media":"","overlay-type":"","overlay-color":"","overlay-opacity":"","overlay-gradient":""},"tablet":{"background-color":"var(--ast-global-color-5)","background-image":"","background-repeat":"repeat","background-position":"center center","background-size":"auto","background-attachment":"scroll","background-type":"","background-media":"","overlay-type":"","overlay-color":"","overlay-opacity":"","overlay-gradient":""},"mobile":{"background-color":"var(--ast-global-color-5)","background-image":"","background-repeat":"repeat","background-position":"center center","background-size":"auto","background-attachment":"scroll","background-type":"","background-media":"","overlay-type":"","overlay-color":"","overlay-opacity":"","overlay-gradient":""}},"footnotes":""},"class_list":["post-753","page","type-page","status-publish","hentry"],"acf":[],"uagb_featured_image_src":{"full":false,"thumbnail":false,"medium":false,"medium_large":false,"large":false,"1536x1536":false,"2048x2048":false,"trp-custom-language-flag":false,"ultp_layout_landscape_large":false,"ultp_layout_landscape":false,"ultp_layout_portrait":false,"ultp_layout_square":false},"uagb_author_info":{"display_name":"brigitte","author_link":"https:\/\/god-vibro.com\/zh\/author\/brigitte"},"uagb_comment_info":0,"uagb_excerpt":"Conform\u00e9ment \u00e0 l\u2019article 6 de la Loi n\u00b02004-575 du 21 Juin 2004 pour la Confiance dans l\u2019\u00e9conomie num\u00e9rique, dite L.C.E.N., il est port\u00e9 \u00e0 la connaissancedes utilisateurs et visiteurs du site&nbsp;: god-vibro.com est enregistr\u00e9 aupr\u00e8s de l\u2019h\u00e9bergeur o2switch 222 Bd Gustave Flaubert, 63000 Clermont-Ferrand, France Le site god-vibro.com est propos\u00e9 \u00e0 partir de diff\u00e9rents langages...","_links":{"self":[{"href":"https:\/\/god-vibro.com\/zh\/wp-json\/wp\/v2\/pages\/753","targetHints":{"allow":["GET"]}}],"collection":[{"href":"https:\/\/god-vibro.com\/zh\/wp-json\/wp\/v2\/pages"}],"about":[{"href":"https:\/\/god-vibro.com\/zh\/wp-json\/wp\/v2\/types\/page"}],"author":[{"embeddable":true,"href":"https:\/\/god-vibro.com\/zh\/wp-json\/wp\/v2\/users\/1"}],"replies":[{"embeddable":true,"href":"https:\/\/god-vibro.com\/zh\/wp-json\/wp\/v2\/comments?post=753"}],"version-history":[{"count":0,"href":"https:\/\/god-vibro.com\/zh\/wp-json\/wp\/v2\/pages\/753\/revisions"}],"wp:attachment":[{"href":"https:\/\/god-vibro.com\/zh\/wp-json\/wp\/v2\/media?parent=753"}],"curies":[{"name":"wp","href":"https:\/\/api.w.org\/{rel}","templated":true}]}}