{"id":318,"date":"2021-11-11T18:10:47","date_gmt":"2021-11-11T18:10:47","guid":{"rendered":"https:\/\/god-vibro.com\/?page_id=318"},"modified":"2021-12-08T01:50:43","modified_gmt":"2021-12-08T01:50:43","slug":"faut-il-acheter-une-copie-dun-sextoy-avis-copie-lush-3","status":"publish","type":"page","link":"https:\/\/god-vibro.com\/zh\/%e4%bd%a0%e6%98%af%e5%90%a6%e5%ba%94%e8%af%a5%e8%b4%ad%e4%b9%b0%e4%b8%80%e4%bb%bd%e6%80%a7%e7%88%b1%e7%ac%94%e8%ae%b0%e5%89%af%e6%9c%ac-lush-3.html","title":{"rendered":"\u6211\u8be5\u4e70\u4e00\u4efd\u60c5\u8da3\u7528\u54c1\u5417\uff1f\u9732\u4e1d 3\u300b\u526f\u672c\u610f\u89c1"},"content":{"rendered":"<p>J&rsquo;ai re\u00e7u beaucoup de question sur les risques li\u00e9s \u00e0 l&rsquo;achat de copie de sextoy ? Les risques principaux sont principalement la qualit\u00e9 des mati\u00e9res utilis\u00e9. Tout comme vous faites attention \u00e0 la nourriture que vous mettez dans votre corps et aux cosm\u00e9tiques que vous mettez sur votre peau, il est tout aussi important d&rsquo;\u00e9viter les compos\u00e9s potentiellement dangereux qui peuvent se trouver dans vos jouets sexuels. Voici comment savoir quels sont les mat\u00e9riaux des jouets sexuels et des godemich\u00e9s qui sont s\u00fbrs.<\/p>\n\n\n\n<div class=\"wp-block-image\"><figure class=\"aligncenter size-full\"><img fetchpriority=\"high\" decoding=\"async\" width=\"640\" height=\"212\" src=\"https:\/\/god-vibro.com\/wp-content\/uploads\/2021\/11\/banner-1165979_640.png\" alt=\"\" class=\"wp-image-320\" srcset=\"https:\/\/god-vibro.com\/wp-content\/uploads\/2021\/11\/banner-1165979_640.png 640w, https:\/\/god-vibro.com\/wp-content\/uploads\/2021\/11\/banner-1165979_640-600x199.png 600w, https:\/\/god-vibro.com\/wp-content\/uploads\/2021\/11\/banner-1165979_640-300x99.png 300w\" sizes=\"(max-width: 640px) 100vw, 640px\" \/><\/figure><\/div>\n\n\n\n<h2 class=\"has-text-align-center wp-block-heading\">\u5316\u5b66\u6210\u5206 <\/h2>\n\n\n\n<p>Certains jouets sont fabriqu\u00e9s avec des produits chimiques qui ne sont pas sans danger pour le corps humain. Ces produits chimiques peuvent provoquer des d\u00e9mangeaisons, des br\u00fblures, des \u00e9ruptions cutan\u00e9es et des l\u00e9sions tissulaires.<\/p>\n\n\n\n<p>\"(\u300a\u4e16\u754c\u4eba\u6743\u5ba3\u8a00\u300b) <strong>\u90bb\u82ef\u4e8c\u7532\u9178\u76d0<\/strong> sont un produit chimique couramment utilis\u00e9 dans les jouets sexuels. Les phtalates sont des produits chimiques qui contribuent \u00e0 lier les objets entre eux et \u00e0 rendre le plastique plus souple. Les phtalates se trouvent g\u00e9n\u00e9ralement dans le caoutchouc des jouets sexuels bon march\u00e9. Au cours des deux derni\u00e8res d\u00e9cennies, les phtalates ont fait l&rsquo;objet d&rsquo;une pr\u00e9occupation majeure en mati\u00e8re de sant\u00e9 publique. L&rsquo;exposition aux phtalates a \u00e9t\u00e9 li\u00e9e \u00e0 des probl\u00e8mes de fertilit\u00e9 masculine, d&rsquo;ob\u00e9sit\u00e9, de diab\u00e8te de type 2, d&rsquo;asthme, de troubles du d\u00e9veloppement neurologique, etc.<\/p>\n\n\n\n<p>C&rsquo;est pourquoi Lovense s&rsquo;est fix\u00e9s de d\u00e9velopp\u00e9 ses produits sans <meta charset=\"utf-8\">phtalates, ce qui n&rsquo;est peut-\u00eatre pas le cas d&rsquo;une copie d&rsquo;un Lush 3 qu&rsquo;on peut trouver sur AliExpress ou sur Amazon.<\/p>\n\n\n\n<p>Nous avons \u00e9crit un guide pour le choix de votre sextoy : <a href=\"https:\/\/god-vibro.com\/choisir-son-sextoy\/\" data-type=\"post\" data-id=\"187\">\u8fd9\u91cc<\/a> ce guide prend en compte comme crit\u00e8re la mati\u00e9re utilis\u00e9.<\/p>\n\n\n\n<p>Il faut se m\u00e9fier de ce genre de produit :<\/p>\n\n\n\n<ul class=\"wp-block-list\"><li>le chlorure de tim\u00e9thydine<\/li><li>Ph\u00e9nol<\/li><li>\u4e8c\u786b\u5316\u78b3<\/li><li>Tolu\u00e8ne<\/li><li>Admium<\/li><\/ul>\n\n\n\n<p>Une astuce pratique pour v\u00e9rifier les mat\u00e9riaux dangereux est le test de l&rsquo;odeur. Si un produit a une odeur forte, c&rsquo;est un bon indicateur que des mat\u00e9riaux bon march\u00e9 et dangereux ont \u00e9t\u00e9 utilis\u00e9s pour le fabriquer.<\/p>\n\n\n\n<h2 class=\"has-text-align-center wp-block-heading\">Les mat\u00e9riaux<\/h2>\n\n\n\n<p>Les meilleurs mat\u00e9riaux pour les jouets sexuels :<br>\u7845\u80f6 <strong>\u77fd\u80f6<\/strong> est couramment utilis\u00e9e pour rendre les jouets sexuels plus souples et plus r\u00e9alistes. Elle est plus ch\u00e8re que les mat\u00e9riaux fabriqu\u00e9s avec des produits chimiques dangereux car elle est plus durable.<br>Acier inoxydable : Ce mat\u00e9riau sexy est non seulement agr\u00e9able \u00e0 regarder mais aussi facile \u00e0 nettoyer car il n&rsquo;est pas poreux. Il suffit de le mettre au lave-vaisselle, dans de l&rsquo;eau de javel ou dans de l&rsquo;eau bouillante.<br>Verre borosilicate : Ce mat\u00e9riau est parfait pour les jouets sexuels car il n&rsquo;est ni poreux ni toxique, et il ne change pas de forme \u00e0 haute temp\u00e9rature. Pour le nettoyer, il suffit de le mettre dans le lave-vaisselle \u00e0 c\u00f4t\u00e9 de votre sex-toy en acier inoxydable.<br><strong>\u7409\u7483<\/strong> : Pour ceux qui essaient de renforcer les muscles de leur PC, un sex-toy en Lucite est le choix id\u00e9al. Sa texture ferme permet de pratiquer facilement les exercices de Kegel. Mettez-le au lave-vaisselle lorsque vous avez fini de l&rsquo;utiliser.<br>Mat\u00e9riaux de sex toys \u00e0 \u00e9viter :<br>La gel\u00e9e : Un mat\u00e9riau abordable utilis\u00e9 pour donner aux sex toys une sensation quelque peu r\u00e9aliste. Les gel\u00e9es contiennent des phtalates.<br>Caoutchouc : Ce mat\u00e9riau en latex est couramment utilis\u00e9 pour fabriquer des godes. Il a une odeur piquante et peut provoquer des r\u00e9actions allergiques. Si vous achetez un jouet sexuel en caoutchouc, veillez \u00e0 l&rsquo;utiliser avec un pr\u00e9servatif car il est poreux.<br>PVC et vinyle : Ce sont deux mat\u00e9riaux bon march\u00e9 qui contiennent des phtalates. Ils sont couramment utilis\u00e9s dans les jouets sexuels pour les rendre doux et plus abordables.<\/p>\n\n\n\n<p><\/p>","protected":false},"excerpt":{"rendered":"<p>J&rsquo;ai re\u00e7u beaucoup de question sur les risques li\u00e9s \u00e0 l&rsquo;achat de copie de sextoy ? Les risques principaux sont principalement la qualit\u00e9 des mati\u00e9res utilis\u00e9. Tout comme vous faites attention \u00e0 la nourriture que vous mettez dans votre corps et aux cosm\u00e9tiques que vous mettez sur votre peau, il est tout aussi important d&rsquo;\u00e9viter [&hellip;]<\/p>\n","protected":false},"author":1,"featured_media":0,"parent":0,"menu_order":0,"comment_status":"closed","ping_status":"closed","template":"","meta":{"_acf_changed":false,"_seopress_robots_primary_cat":"","_seopress_titles_title":"","_seopress_titles_desc":"","_seopress_robots_index":"","_uag_custom_page_level_css":"","site-sidebar-layout":"default","site-content-layout":"","ast-site-content-layout":"default","site-content-style":"default","site-sidebar-style":"default","ast-global-header-display":"","ast-banner-title-visibility":"","ast-main-header-display":"","ast-hfb-above-header-display":"","ast-hfb-below-header-display":"","ast-hfb-mobile-header-display":"","site-post-title":"","ast-breadcrumbs-content":"","ast-featured-img":"","footer-sml-layout":"","theme-transparent-header-meta":"","adv-header-id-meta":"","stick-header-meta":"","header-above-stick-meta":"","header-main-stick-meta":"","header-below-stick-meta":"","astra-migrate-meta-layouts":"default","ast-page-background-enabled":"default","ast-page-background-meta":{"desktop":{"background-color":"var(--ast-global-color-4)","background-image":"","background-repeat":"repeat","background-position":"center center","background-size":"auto","background-attachment":"scroll","background-type":"","background-media":"","overlay-type":"","overlay-color":"","overlay-opacity":"","overlay-gradient":""},"tablet":{"background-color":"","background-image":"","background-repeat":"repeat","background-position":"center center","background-size":"auto","background-attachment":"scroll","background-type":"","background-media":"","overlay-type":"","overlay-color":"","overlay-opacity":"","overlay-gradient":""},"mobile":{"background-color":"","background-image":"","background-repeat":"repeat","background-position":"center center","background-size":"auto","background-attachment":"scroll","background-type":"","background-media":"","overlay-type":"","overlay-color":"","overlay-opacity":"","overlay-gradient":""}},"ast-content-background-meta":{"desktop":{"background-color":"var(--ast-global-color-5)","background-image":"","background-repeat":"repeat","background-position":"center center","background-size":"auto","background-attachment":"scroll","background-type":"","background-media":"","overlay-type":"","overlay-color":"","overlay-opacity":"","overlay-gradient":""},"tablet":{"background-color":"var(--ast-global-color-5)","background-image":"","background-repeat":"repeat","background-position":"center center","background-size":"auto","background-attachment":"scroll","background-type":"","background-media":"","overlay-type":"","overlay-color":"","overlay-opacity":"","overlay-gradient":""},"mobile":{"background-color":"var(--ast-global-color-5)","background-image":"","background-repeat":"repeat","background-position":"center center","background-size":"auto","background-attachment":"scroll","background-type":"","background-media":"","overlay-type":"","overlay-color":"","overlay-opacity":"","overlay-gradient":""}},"footnotes":""},"class_list":["post-318","page","type-page","status-publish","hentry"],"acf":[],"uagb_featured_image_src":{"full":false,"thumbnail":false,"medium":false,"medium_large":false,"large":false,"1536x1536":false,"2048x2048":false,"trp-custom-language-flag":false,"ultp_layout_landscape_large":false,"ultp_layout_landscape":false,"ultp_layout_portrait":false,"ultp_layout_square":false},"uagb_author_info":{"display_name":"brigitte","author_link":"https:\/\/god-vibro.com\/zh\/author\/brigitte"},"uagb_comment_info":0,"uagb_excerpt":"J&rsquo;ai re\u00e7u beaucoup de question sur les risques li\u00e9s \u00e0 l&rsquo;achat de copie de sextoy ? Les risques principaux sont principalement la qualit\u00e9 des mati\u00e9res utilis\u00e9. Tout comme vous faites attention \u00e0 la nourriture que vous mettez dans votre corps et aux cosm\u00e9tiques que vous mettez sur votre peau, il est tout aussi important d&rsquo;\u00e9viter...","_links":{"self":[{"href":"https:\/\/god-vibro.com\/zh\/wp-json\/wp\/v2\/pages\/318","targetHints":{"allow":["GET"]}}],"collection":[{"href":"https:\/\/god-vibro.com\/zh\/wp-json\/wp\/v2\/pages"}],"about":[{"href":"https:\/\/god-vibro.com\/zh\/wp-json\/wp\/v2\/types\/page"}],"author":[{"embeddable":true,"href":"https:\/\/god-vibro.com\/zh\/wp-json\/wp\/v2\/users\/1"}],"replies":[{"embeddable":true,"href":"https:\/\/god-vibro.com\/zh\/wp-json\/wp\/v2\/comments?post=318"}],"version-history":[{"count":0,"href":"https:\/\/god-vibro.com\/zh\/wp-json\/wp\/v2\/pages\/318\/revisions"}],"wp:attachment":[{"href":"https:\/\/god-vibro.com\/zh\/wp-json\/wp\/v2\/media?parent=318"}],"curies":[{"name":"wp","href":"https:\/\/api.w.org\/{rel}","templated":true}]}}