{"id":1782,"date":"2022-07-13T14:32:49","date_gmt":"2022-07-13T14:32:49","guid":{"rendered":"https:\/\/god-vibro.com\/?page_id=1782"},"modified":"2023-04-13T14:40:08","modified_gmt":"2023-04-13T14:40:08","slug":"mini-vibromasseur","status":"publish","type":"page","link":"https:\/\/god-vibro.com\/zh\/%e5%be%ae%e5%9e%8b%e6%8c%af%e8%8d%a1%e5%99%a8.html","title":{"rendered":"Lovense Exomoon\uff1a\u507d\u88dd\u7684\u9023\u7dda\u8ff7\u4f60\u9707\u76ea\u5668"},"content":{"rendered":"<p>Comme on dit, c&rsquo;est pas la taille qui compte. Ces mini vibromasseurs en sont la preuve. D\u00e9couvrez la s\u00e9l\u00e9ction des versions mini de nos jouets pour adulte pr\u00e9f\u00e9r\u00e9s. On peut distinguer diff\u00e9rent types de mini vibro<\/p>\n\n\n\n<ul class=\"wp-block-list\">\n<li>\u8ff7\u4f60\u68d2\u578b\u632f\u52a8\u5668<\/li>\n\n\n\n<li>\u5916\u5f62\u9177\u4f3c\u65e5\u5e38\u7528\u54c1\u7684\u8ff7\u4f60\u632f\u52a8\u5668<\/li>\n\n\n\n<li>\u8ff7\u4f60\u809b\u95e8\u585e<\/li>\n\n\n\n<li>\u8ff7\u4f60\u5154\u5b50<\/li>\n<\/ul>\n\n\n\n<h2 class=\"wp-block-heading\">Le lovense Exomoon : Mini vibromasseur imitation rouge \u00e0 l\u00e8vre<\/h2>\n\n\n\n<p>Le <a href=\"https:\/\/god-vibro.com\/lovense-exomoon.html\" data-type=\"post\" data-id=\"1721\">Exomoon<\/a> de Lovense, c&rsquo;est de loin notre chouchou. Il b\u00e9n\u00e9ficie de l&rsquo;expertise de Lovense dans le domaine des vibromasseurs. Ce qui caract\u00e8rise ce mini-vibromasseur c&rsquo;est qu&rsquo;il passe incognito dans le sac \u00e0 main. Il ressemble \u00e0 un vrai rouge \u00e0 l\u00e8vre.<\/p>\n\n\n\n<figure class=\"wp-block-image aligncenter size-full\"><img fetchpriority=\"high\" decoding=\"async\" width=\"400\" height=\"400\" src=\"https:\/\/god-vibro.com\/wp-content\/uploads\/2022\/07\/lovense-exomoon.png\" alt=\"Exomoon \u662f\u4e00\u6b3e\u5145\u6ee1\u6d3b\u529b\u7684\u8ff7\u4f60\u79d8\u5bc6\u5507\u818f\u3002\" class=\"wp-image-1786\" srcset=\"https:\/\/god-vibro.com\/wp-content\/uploads\/2022\/07\/lovense-exomoon.png 400w, https:\/\/god-vibro.com\/wp-content\/uploads\/2022\/07\/lovense-exomoon-300x300.png 300w, https:\/\/god-vibro.com\/wp-content\/uploads\/2022\/07\/lovense-exomoon-100x100.png 100w, https:\/\/god-vibro.com\/wp-content\/uploads\/2022\/07\/lovense-exomoon-150x150.png 150w, https:\/\/god-vibro.com\/wp-content\/uploads\/2022\/07\/lovense-exomoon-12x12.png 12w\" sizes=\"(max-width: 400px) 100vw, 400px\" \/><\/figure>\n\n\n\n<h2 class=\"wp-block-heading\"><\/h2>","protected":false},"excerpt":{"rendered":"<p>Comme on dit, c&rsquo;est pas la taille qui compte. Ces mini vibromasseurs en sont la preuve. D\u00e9couvrez la s\u00e9l\u00e9ction des versions mini de nos jouets pour adulte pr\u00e9f\u00e9r\u00e9s. On peut distinguer diff\u00e9rent types de mini vibro Le lovense Exomoon : Mini vibromasseur imitation rouge \u00e0 l\u00e8vre Le Exomoon de Lovense, c&rsquo;est de loin notre chouchou. [&hellip;]<\/p>\n","protected":false},"author":1,"featured_media":1734,"parent":0,"menu_order":0,"comment_status":"closed","ping_status":"closed","template":"","meta":{"_acf_changed":false,"_seopress_robots_primary_cat":"","_seopress_titles_title":"","_seopress_titles_desc":"","_seopress_robots_index":"","_uag_custom_page_level_css":"","site-sidebar-layout":"default","site-content-layout":"","ast-site-content-layout":"default","site-content-style":"default","site-sidebar-style":"default","ast-global-header-display":"","ast-banner-title-visibility":"","ast-main-header-display":"","ast-hfb-above-header-display":"","ast-hfb-below-header-display":"","ast-hfb-mobile-header-display":"","site-post-title":"","ast-breadcrumbs-content":"","ast-featured-img":"","footer-sml-layout":"","theme-transparent-header-meta":"","adv-header-id-meta":"","stick-header-meta":"","header-above-stick-meta":"","header-main-stick-meta":"","header-below-stick-meta":"","astra-migrate-meta-layouts":"default","ast-page-background-enabled":"default","ast-page-background-meta":{"desktop":{"background-color":"var(--ast-global-color-4)","background-image":"","background-repeat":"repeat","background-position":"center center","background-size":"auto","background-attachment":"scroll","background-type":"","background-media":"","overlay-type":"","overlay-color":"","overlay-opacity":"","overlay-gradient":""},"tablet":{"background-color":"","background-image":"","background-repeat":"repeat","background-position":"center center","background-size":"auto","background-attachment":"scroll","background-type":"","background-media":"","overlay-type":"","overlay-color":"","overlay-opacity":"","overlay-gradient":""},"mobile":{"background-color":"","background-image":"","background-repeat":"repeat","background-position":"center center","background-size":"auto","background-attachment":"scroll","background-type":"","background-media":"","overlay-type":"","overlay-color":"","overlay-opacity":"","overlay-gradient":""}},"ast-content-background-meta":{"desktop":{"background-color":"var(--ast-global-color-5)","background-image":"","background-repeat":"repeat","background-position":"center center","background-size":"auto","background-attachment":"scroll","background-type":"","background-media":"","overlay-type":"","overlay-color":"","overlay-opacity":"","overlay-gradient":""},"tablet":{"background-color":"var(--ast-global-color-5)","background-image":"","background-repeat":"repeat","background-position":"center center","background-size":"auto","background-attachment":"scroll","background-type":"","background-media":"","overlay-type":"","overlay-color":"","overlay-opacity":"","overlay-gradient":""},"mobile":{"background-color":"var(--ast-global-color-5)","background-image":"","background-repeat":"repeat","background-position":"center center","background-size":"auto","background-attachment":"scroll","background-type":"","background-media":"","overlay-type":"","overlay-color":"","overlay-opacity":"","overlay-gradient":""}},"footnotes":""},"class_list":["post-1782","page","type-page","status-publish","has-post-thumbnail","hentry"],"acf":[],"uagb_featured_image_src":{"full":["https:\/\/god-vibro.com\/wp-content\/uploads\/2022\/06\/lovense-exomoon-vibromasseur-secret-sextoy.jpg",1652,773,false],"thumbnail":["https:\/\/god-vibro.com\/wp-content\/uploads\/2022\/06\/lovense-exomoon-vibromasseur-secret-sextoy-150x150.jpg",150,150,true],"medium":["https:\/\/god-vibro.com\/wp-content\/uploads\/2022\/06\/lovense-exomoon-vibromasseur-secret-sextoy-300x140.jpg",300,140,true],"medium_large":["https:\/\/god-vibro.com\/wp-content\/uploads\/2022\/06\/lovense-exomoon-vibromasseur-secret-sextoy-768x359.jpg",768,359,true],"large":["https:\/\/god-vibro.com\/wp-content\/uploads\/2022\/06\/lovense-exomoon-vibromasseur-secret-sextoy-1024x479.jpg",1024,479,true],"1536x1536":["https:\/\/god-vibro.com\/wp-content\/uploads\/2022\/06\/lovense-exomoon-vibromasseur-secret-sextoy-1536x719.jpg",1536,719,true],"2048x2048":["https:\/\/god-vibro.com\/wp-content\/uploads\/2022\/06\/lovense-exomoon-vibromasseur-secret-sextoy.jpg",1652,773,false],"trp-custom-language-flag":["https:\/\/god-vibro.com\/wp-content\/uploads\/2022\/06\/lovense-exomoon-vibromasseur-secret-sextoy-18x8.jpg",18,8,true],"ultp_layout_landscape_large":["https:\/\/god-vibro.com\/wp-content\/uploads\/2022\/06\/lovense-exomoon-vibromasseur-secret-sextoy.jpg",1200,562,false],"ultp_layout_landscape":["https:\/\/god-vibro.com\/wp-content\/uploads\/2022\/06\/lovense-exomoon-vibromasseur-secret-sextoy.jpg",870,407,false],"ultp_layout_portrait":["https:\/\/god-vibro.com\/wp-content\/uploads\/2022\/06\/lovense-exomoon-vibromasseur-secret-sextoy.jpg",600,281,false],"ultp_layout_square":["https:\/\/god-vibro.com\/wp-content\/uploads\/2022\/06\/lovense-exomoon-vibromasseur-secret-sextoy.jpg",600,281,false]},"uagb_author_info":{"display_name":"brigitte","author_link":"https:\/\/god-vibro.com\/zh\/author\/brigitte"},"uagb_comment_info":0,"uagb_excerpt":"Comme on dit, c&rsquo;est pas la taille qui compte. Ces mini vibromasseurs en sont la preuve. D\u00e9couvrez la s\u00e9l\u00e9ction des versions mini de nos jouets pour adulte pr\u00e9f\u00e9r\u00e9s. On peut distinguer diff\u00e9rent types de mini vibro Le lovense Exomoon : Mini vibromasseur imitation rouge \u00e0 l\u00e8vre Le Exomoon de Lovense, c&rsquo;est de loin notre chouchou....","_links":{"self":[{"href":"https:\/\/god-vibro.com\/zh\/wp-json\/wp\/v2\/pages\/1782","targetHints":{"allow":["GET"]}}],"collection":[{"href":"https:\/\/god-vibro.com\/zh\/wp-json\/wp\/v2\/pages"}],"about":[{"href":"https:\/\/god-vibro.com\/zh\/wp-json\/wp\/v2\/types\/page"}],"author":[{"embeddable":true,"href":"https:\/\/god-vibro.com\/zh\/wp-json\/wp\/v2\/users\/1"}],"replies":[{"embeddable":true,"href":"https:\/\/god-vibro.com\/zh\/wp-json\/wp\/v2\/comments?post=1782"}],"version-history":[{"count":5,"href":"https:\/\/god-vibro.com\/zh\/wp-json\/wp\/v2\/pages\/1782\/revisions"}],"predecessor-version":[{"id":2011,"href":"https:\/\/god-vibro.com\/zh\/wp-json\/wp\/v2\/pages\/1782\/revisions\/2011"}],"wp:featuredmedia":[{"embeddable":true,"href":"https:\/\/god-vibro.com\/zh\/wp-json\/wp\/v2\/media\/1734"}],"wp:attachment":[{"href":"https:\/\/god-vibro.com\/zh\/wp-json\/wp\/v2\/media?parent=1782"}],"curies":[{"name":"wp","href":"https:\/\/api.w.org\/{rel}","templated":true}]}}