{"id":843,"date":"2021-12-08T00:30:31","date_gmt":"2021-12-08T00:30:31","guid":{"rendered":"https:\/\/god-vibro.com\/?page_id=843"},"modified":"2021-12-08T01:50:43","modified_gmt":"2021-12-08T01:50:43","slug":"choisir-son-premier-sextoy-homme","status":"publish","type":"page","link":"https:\/\/god-vibro.com\/tr\/ilk-erkek-seks-oyuncaginizi-secme.html","title":{"rendered":"\u0130lk erkek vibrat\u00f6r\u00fcn\u00fcz\u00fc se\u00e7me"},"content":{"rendered":"<p>T\u0131pk\u0131 kad\u0131nlar i\u00e7in vibrat\u00f6rler gibi, erkekler i\u00e7in vibrat\u00f6rler de herhangi bir al\u0131c\u0131n\u0131n se\u00e7imini belirleyen kendi \u00f6zel \u00f6zelliklerine sahiptir. \u0130lk vibrat\u00f6r\u00fcn\u00fcz\u00fc sat\u0131n almak istiyorsan\u0131z, arad\u0131\u011f\u0131n\u0131z hisler, deneyiminiz ve cihaz\u0131n tasar\u0131m\u0131 dahil olmak \u00fczere g\u00f6z \u00f6n\u00fcnde bulundurman\u0131z gereken bir dizi fakt\u00f6r vard\u0131r.<\/p>\n\n\n\n<div id=\"ez-toc-container\" class=\"ez-toc-v2_0_82_2 counter-hierarchy ez-toc-counter ez-toc-custom ez-toc-container-direction\">\n<div class=\"ez-toc-title-container\">\n<p class=\"ez-toc-title\" style=\"cursor:inherit\">\u0130\u00e7indekiler <\/p>\n<span class=\"ez-toc-title-toggle\"><a href=\"#\" class=\"ez-toc-pull-right ez-toc-btn ez-toc-btn-xs ez-toc-btn-default ez-toc-toggle\" aria-label=\"\u0130\u00e7indekiler Tablosunu A\u00e7\/Kapat\"><span class=\"ez-toc-js-icon-con\"><span class=\"\"><span class=\"eztoc-hide\" style=\"display:none;\">Ge\u00e7i\u015f<\/span><span class=\"ez-toc-icon-toggle-span\"><svg style=\"fill: #999;color:#999\" xmlns=\"http:\/\/www.w3.org\/2000\/svg\" class=\"list-377408\" width=\"20px\" height=\"20px\" viewbox=\"0 0 24 24\" fill=\"none\"><path d=\"M6 6H4v2h2V6zm14 0H8v2h12V6zM4 11h2v2H4v-2zm16 0H8v2h12v-2zM4 16h2v2H4v-2zm16 0H8v2h12v-2z\" fill=\"currentColor\"><\/path><\/svg><svg style=\"fill: #999;color:#999\" class=\"arrow-unsorted-368013\" xmlns=\"http:\/\/www.w3.org\/2000\/svg\" width=\"10px\" height=\"10px\" viewbox=\"0 0 24 24\" version=\"1.2\" baseprofile=\"tiny\"><path d=\"M18.2 9.3l-6.2-6.3-6.2 6.3c-.2.2-.3.4-.3.7s.1.5.3.7c.2.2.4.3.7.3h11c.3 0 .5-.1.7-.3.2-.2.3-.5.3-.7s-.1-.5-.3-.7zM5.8 14.7l6.2 6.3 6.2-6.3c.2-.2.3-.5.3-.7s-.1-.5-.3-.7c-.2-.2-.4-.3-.7-.3h-11c-.3 0-.5.1-.7.3-.2.2-.3.5-.3.7s.1.5.3.7z\"\/><\/svg><\/span><\/span><\/span><\/a><\/span><\/div>\n<nav><ul class='ez-toc-list ez-toc-list-level-1 eztoc-toggle-hide-by-default' ><li class='ez-toc-page-1 ez-toc-heading-level-2'><a class=\"ez-toc-link ez-toc-heading-1\" href=\"https:\/\/god-vibro.com\/tr\/ilk-erkek-seks-oyuncaginizi-secme.html\/#Les_criteres_de_choix_dun_vibromasseur\" >Vibrat\u00f6r se\u00e7me kriterleri&nbsp;<\/a><ul class='ez-toc-list-level-3' ><li class='ez-toc-heading-level-3'><a class=\"ez-toc-link ez-toc-heading-2\" href=\"https:\/\/god-vibro.com\/tr\/ilk-erkek-seks-oyuncaginizi-secme.html\/#_Vos_preferences\" >&nbsp;&nbsp;&nbsp;&nbsp;&nbsp;Tercihleriniz<\/a><\/li><li class='ez-toc-page-1 ez-toc-heading-level-3'><a class=\"ez-toc-link ez-toc-heading-3\" href=\"https:\/\/god-vibro.com\/tr\/ilk-erkek-seks-oyuncaginizi-secme.html\/#_Votre_experience\" >&nbsp;&nbsp;&nbsp;&nbsp;Sizin deneyiminiz<\/a><\/li><li class='ez-toc-page-1 ez-toc-heading-level-3'><a class=\"ez-toc-link ez-toc-heading-4\" href=\"https:\/\/god-vibro.com\/tr\/ilk-erkek-seks-oyuncaginizi-secme.html\/#_Les_materiaux_et_la_texture\" >&nbsp;&nbsp;Malzemeler ve doku<\/a><\/li><li class='ez-toc-page-1 ez-toc-heading-level-3'><a class=\"ez-toc-link ez-toc-heading-5\" href=\"https:\/\/god-vibro.com\/tr\/ilk-erkek-seks-oyuncaginizi-secme.html\/#_Le_design\" >&nbsp;&nbsp;Tasar\u0131m&nbsp;<\/a><\/li><li class='ez-toc-page-1 ez-toc-heading-level-3'><a class=\"ez-toc-link ez-toc-heading-6\" href=\"https:\/\/god-vibro.com\/tr\/ilk-erkek-seks-oyuncaginizi-secme.html\/#_Lintensite_des_vibrations\" >&nbsp;&nbsp;Titre\u015fimlerin yo\u011funlu\u011fu<\/a><\/li><li class='ez-toc-page-1 ez-toc-heading-level-3'><a class=\"ez-toc-link ez-toc-heading-7\" href=\"https:\/\/god-vibro.com\/tr\/ilk-erkek-seks-oyuncaginizi-secme.html\/#_Le_prix\" >&nbsp;&nbsp;&nbsp;Fiyat<\/a><\/li><\/ul><\/li><li class='ez-toc-page-1 ez-toc-heading-level-2'><a class=\"ez-toc-link ez-toc-heading-8\" href=\"https:\/\/god-vibro.com\/tr\/ilk-erkek-seks-oyuncaginizi-secme.html\/#Les_avantages_de_lutilisation_dun_vibromasseur\" >Vibrat\u00f6r kullanman\u0131n faydalar\u0131&nbsp;<\/a><ul class='ez-toc-list-level-3' ><li class='ez-toc-heading-level-3'><a class=\"ez-toc-link ez-toc-heading-9\" href=\"https:\/\/god-vibro.com\/tr\/ilk-erkek-seks-oyuncaginizi-secme.html\/#_Se_procurer_du_plaisir_soi_meme\" >&nbsp;&nbsp;Kendiniz i\u00e7in zevk almak&nbsp;<\/a><\/li><li class='ez-toc-page-1 ez-toc-heading-level-3'><a class=\"ez-toc-link ez-toc-heading-10\" href=\"https:\/\/god-vibro.com\/tr\/ilk-erkek-seks-oyuncaginizi-secme.html\/#_Allez_a_la_decouverte_de_nouvelles_sensations\" >&nbsp;&nbsp;Yeni hisleri ke\u015ffedin&nbsp;<\/a><\/li><\/ul><\/li><li class='ez-toc-page-1 ez-toc-heading-level-2'><a class=\"ez-toc-link ez-toc-heading-11\" href=\"https:\/\/god-vibro.com\/tr\/ilk-erkek-seks-oyuncaginizi-secme.html\/#Quelques_meilleurs_vibromasseurs_pour_homme\" >Erkekler i\u00e7in en iyi vibrat\u00f6rlerden baz\u0131lar\u0131<\/a><ul class='ez-toc-list-level-3' ><li class='ez-toc-heading-level-3'><a class=\"ez-toc-link ez-toc-heading-12\" href=\"https:\/\/god-vibro.com\/tr\/ilk-erkek-seks-oyuncaginizi-secme.html\/#Legg_tenga\" >Yumurta tengas\u0131&nbsp;<\/a><\/li><li class='ez-toc-page-1 ez-toc-heading-level-3'><a class=\"ez-toc-link ez-toc-heading-13\" href=\"https:\/\/god-vibro.com\/tr\/ilk-erkek-seks-oyuncaginizi-secme.html\/#Le_double_anneau_vibrant\" >\u00c7ift titre\u015fimli halka&nbsp;<\/a><\/li><li class='ez-toc-page-1 ez-toc-heading-level-3'><a class=\"ez-toc-link ez-toc-heading-14\" href=\"https:\/\/god-vibro.com\/tr\/ilk-erkek-seks-oyuncaginizi-secme.html\/#Les_anneaux_ou_cockrings\" >Halkalar veya horoz halkalar\u0131<\/a><\/li><li class='ez-toc-page-1 ez-toc-heading-level-3'><a class=\"ez-toc-link ez-toc-heading-15\" href=\"https:\/\/god-vibro.com\/tr\/ilk-erkek-seks-oyuncaginizi-secme.html\/#Les_vibromasseurs_plugs_et_chapelets\" >Vibrat\u00f6r t\u0131ka\u00e7lar\u0131 ve tespihler&nbsp;<\/a><\/li><li class='ez-toc-page-1 ez-toc-heading-level-3'><a class=\"ez-toc-link ez-toc-heading-16\" href=\"https:\/\/god-vibro.com\/tr\/ilk-erkek-seks-oyuncaginizi-secme.html\/#Les_gaines_ou_masturbateurs\" >K\u0131l\u0131flar veya mast\u00fcrbat\u00f6rler&nbsp;<\/a><\/li><li class='ez-toc-page-1 ez-toc-heading-level-3'><a class=\"ez-toc-link ez-toc-heading-17\" href=\"https:\/\/god-vibro.com\/tr\/ilk-erkek-seks-oyuncaginizi-secme.html\/#Le_masturbateur_play_Tr_myhixel\" >Oyun Tr myhixel mast\u00fcrbat\u00f6r&nbsp;<\/a><\/li><\/ul><\/li><\/ul><\/nav><\/div>\n<h2 class=\"wp-block-heading\"><span class=\"ez-toc-section\" id=\"Les_criteres_de_choix_dun_vibromasseur\"><\/span>Vibrat\u00f6r se\u00e7me kriterleri&nbsp;<span class=\"ez-toc-section-end\"><\/span><\/h2>\n\n\n\n<p>Kaliteli bir vibrat\u00f6r se\u00e7mek i\u00e7in birka\u00e7 kriter vard\u0131r. \u00d6zellikle bu sizin ilk seks oyunca\u011f\u0131n\u0131zsa, g\u00f6z \u00f6n\u00fcnde bulundurman\u0131z gerekir:<\/p>\n\n\n\n<ul class=\"wp-block-list\"><li>cinsel tercihleriniz ;<\/li><li>seks oyunca\u011f\u0131 kullanma deneyiminiz; ;<\/li><li>nesnenin malzemesi ve dokusu; ;<\/li><li>titre\u015fimlerin yo\u011funlu\u011fu; ;<\/li><li>tasar\u0131m\u0131 ;<\/li><li>fiyat\u0131.<\/li><\/ul>\n\n\n\n<p>Denemek istiyorsan\u0131z ucuz bir seks oyunca\u011f\u0131 sat\u0131n almak caziptir, ancak kalite yoksa arad\u0131\u011f\u0131n\u0131z hisleri elde edemezsiniz.<\/p>\n\n\n\n<h3 class=\"wp-block-heading\"><span class=\"ez-toc-section\" id=\"_Vos_preferences\"><\/span>&nbsp;&nbsp;&nbsp;&nbsp;&nbsp;Tercihleriniz<span class=\"ez-toc-section-end\"><\/span><\/h3>\n\n\n\n<p>Kukunuzu dar m\u0131 yoksa derin mi seviyorsunuz? Bir mast\u00fcrbat\u00f6r m\u00fc ar\u0131yorsunuz? Yoksa anal penetrasyonu mu tercih edersiniz? Farkl\u0131 \u015fekil ve hislere sahip bir\u00e7ok farkl\u0131 vibrat\u00f6r t\u00fcr\u00fc vard\u0131r. Do\u011fru se\u00e7imi yapmak i\u00e7in arzular\u0131n\u0131z\u0131 dikkate alman\u0131z gerekir. Fallusunuza masaj yapmak sizi \u00e7\u0131ld\u0131rt\u0131yorsa, bir masaj vibrat\u00f6r\u00fc tercih edin. \u00d6te yandan, penetrasyon orgazma ula\u015fman\u0131z\u0131 sa\u011fl\u0131yorsa, bir anal t\u0131ka\u00e7 tercih edin. Hala karar vermekte zorlan\u0131yorsan\u0131z, \u00e7ok ama\u00e7l\u0131 bir oyuncak se\u00e7in.<\/p>\n\n\n\n<h3 class=\"wp-block-heading\"><span class=\"ez-toc-section\" id=\"_Votre_experience\"><\/span>&nbsp;&nbsp;&nbsp;&nbsp;Sizin deneyiminiz<span class=\"ez-toc-section-end\"><\/span><\/h3>\n\n\n\n<p>Bir vibrat\u00f6r\u00fc do\u011fru kullanmak deneyim gerektirir. Hem v\u00fccudunuzu tan\u0131mak hem de cihazda ustala\u015fmak a\u00e7\u0131s\u0131ndan. Baz\u0131 vibrat\u00f6rlerin temel i\u015flevleri vard\u0131r, bu nedenle kavramalar\u0131 kolayd\u0131r, ancak olduk\u00e7a s\u0131n\u0131rl\u0131d\u0131rlar. Daha deneyimliyseniz, geli\u015fmi\u015f \u00f6zelliklere sahip bir vibrat\u00f6r tercih etmekten \u00e7ekinmeyin. Birka\u00e7 deneme seans\u0131ndan sonra, arad\u0131\u011f\u0131n\u0131z zevki alacaks\u0131n\u0131z.<\/p>\n\n\n\n<figure class=\"wp-block-image\"><img decoding=\"async\" src=\"https:\/\/lh4.googleusercontent.com\/izLYUsA_ztxcEcdpY8CgcnzhTR0LLP3tlVfcro2235LDDiUQKKgf996YcEhV7OrLvlu6ADdWAAyPlGD6jj-j__sDBu1QG4OKna-ABF-WQqKcia2l_3M9OjFPqg1ATE4Evnd9HBuU\" alt=\"\"\/><\/figure>\n\n\n\n<h3 class=\"wp-block-heading\"><span class=\"ez-toc-section\" id=\"_Les_materiaux_et_la_texture\"><\/span>&nbsp;&nbsp;Malzemeler ve doku<span class=\"ez-toc-section-end\"><\/span><\/h3>\n\n\n\n<p>\u00d6nce neyden yap\u0131ld\u0131\u011f\u0131n\u0131 bilmeden bir nesne sat\u0131n alamazs\u0131n\u0131z. Bu nedenle, bir seks oyunca\u011f\u0131 yapmak i\u00e7in kullan\u0131lan farkl\u0131 malzemeler hakk\u0131nda biraz bilgi sahibi olmak \u00f6nemlidir. Seks oyuncaklar\u0131 :&nbsp;<\/p>\n\n\n\n<ul class=\"wp-block-list\"><li>Silikon;<\/li><li>sert plastik;<\/li><li>paslanmaz \u00e7elik;<\/li><li>biolaine ;<\/li><li>Metal; ;<\/li><li>vs.<\/li><\/ul>\n\n\n\n<p>Mevzuata uygun malzemeler se\u00e7in. Silikon bir sextoy tercih edebilirsiniz. Bu \u00e7ok iyi bir malzemedir. Ayr\u0131ca g\u00f6zeneksizdir ve bak\u0131m\u0131 \u00e7ok kolayd\u0131r.<\/p>\n\n\n\n<p>Ftalat i\u00e7eren seks oyuncaklar\u0131ndan ka\u00e7\u0131n\u0131n. Bu madde sa\u011fl\u0131\u011f\u0131n\u0131z i\u00e7in tehlikelidir.&nbsp;<\/p>\n\n\n\n<p>Biyolamin veya paslanmaz \u00e7elikten yap\u0131lm\u0131\u015f vibrat\u00f6rleri de tercih edebilirsiniz. So\u011fuk bir his i\u00e7in metal bir sextoy se\u00e7ebilirsiniz.&nbsp;<\/p>\n\n\n\n<p>Plastik seks oyuncaklar\u0131 da tavsiye edilir. Se\u00e7iminizi tercihlerinize g\u00f6re yap\u0131n. Orgazma ula\u015fmak i\u00e7in \u00e7\u0131k\u0131nt\u0131l\u0131 veya t\u00fcmsekli bir seks oyunca\u011f\u0131 se\u00e7in.&nbsp;<\/p>\n\n\n\n<h3 class=\"wp-block-heading\"><span class=\"ez-toc-section\" id=\"_Le_design\"><\/span>&nbsp;&nbsp;Tasar\u0131m&nbsp;<span class=\"ez-toc-section-end\"><\/span><\/h3>\n\n\n\n<p>Sadece bakarak bile size hitap eden bir oyuncak se\u00e7ece\u011finiz a\u015fikar. Elbette bu \u00f6nemlidir, ancak i\u015flevselli\u011fi hakk\u0131nda endi\u015felenmeden her \u015feyi se\u00e7menizin nedeni kesinlikle bu de\u011fildir. Performans\u0131n yan\u0131 s\u0131ra esteti\u011fe de odaklan\u0131n.&nbsp;<\/p>\n\n\n\n<h3 class=\"wp-block-heading\"><span class=\"ez-toc-section\" id=\"_Lintensite_des_vibrations\"><\/span>&nbsp;&nbsp;Titre\u015fimlerin yo\u011funlu\u011fu<span class=\"ez-toc-section-end\"><\/span><\/h3>\n\n\n\n<p>Bir seks oyunca\u011f\u0131 sat\u0131n al\u0131rken do\u011fru titre\u015fim seviyesini se\u00e7mek karma\u015f\u0131k olabilir. Ama o kadar da zor de\u011fil. Sadece nas\u0131l sevi\u015fmekten ho\u015fland\u0131\u011f\u0131n\u0131z\u0131 d\u00fc\u015f\u00fcnmeniz gerekir. Bununla birlikte, farkl\u0131 yo\u011funluklara sahip \u00e7e\u015fitli vibrat\u00f6r t\u00fcrleri vard\u0131r. \u00c7ok fonksiyonlu seks oyuncaklar\u0131n\u0131 tercih etmek en iyisidir. Bu \u015fekilde, titre\u015fimlerin yo\u011funlu\u011funu istedi\u011finiz gibi ayarlayabilirsiniz.&nbsp;<\/p>\n\n\n\n<h3 class=\"wp-block-heading\"><span class=\"ez-toc-section\" id=\"_Le_prix\"><\/span>&nbsp;&nbsp;&nbsp;Fiyat<span class=\"ez-toc-section-end\"><\/span><\/h3>\n\n\n\n<p>Kaliteli bir vibrat\u00f6r\u00fcn fiyat\u0131 de\u011fi\u015fir. Standart bir fiyat yoktur. Vibrat\u00f6rleri 20 \u20ac gibi d\u00fc\u015f\u00fck bir fiyata da 200 \u20ac gibi y\u00fcksek bir fiyata da bulabilirsiniz. \u00d6rne\u011fin Lelo Fs1'i sat\u0131n almak i\u00e7in 169 \u20ac harcaman\u0131z gerekir. Bu y\u00fczden buna g\u00f6re b\u00fct\u00e7e ay\u0131rman\u0131z gerekir.&nbsp;<\/p>\n\n\n\n<figure class=\"wp-block-image\"><img decoding=\"async\" src=\"https:\/\/lh5.googleusercontent.com\/FaZ00KZSlf4PJIN0elpH22iPY1qhrFRdoRkzIO1-2mUaXoqA4OHUpSsFYYlBNQVurTSY2UbFvDm1kaLOxomfxQh_c6DJvl-pZJ6uWB-SHYPMwFT8gfzFIe58Bwv9iTrCRILz7HsL\" alt=\"\"\/><\/figure>\n\n\n\n<h2 class=\"wp-block-heading\"><span class=\"ez-toc-section\" id=\"Les_avantages_de_lutilisation_dun_vibromasseur\"><\/span>Vibrat\u00f6r kullanman\u0131n faydalar\u0131&nbsp;<span class=\"ez-toc-section-end\"><\/span><\/h2>\n\n\n\n<p>\u00c7o\u011fu insan\u0131n bir vibrat\u00f6r sat\u0131n almas\u0131n\u0131n iki ana nedeni vard\u0131r: kendilerine zevk vermek ve yeni hisler ke\u015ffetmek.<\/p>\n\n\n\n<h3 class=\"wp-block-heading\"><span class=\"ez-toc-section\" id=\"_Se_procurer_du_plaisir_soi_meme\"><\/span>&nbsp;&nbsp;Kendiniz i\u00e7in zevk almak&nbsp;<span class=\"ez-toc-section-end\"><\/span><\/h3>\n\n\n\n<p>Bekarsan\u0131z veya kad\u0131nlara yakla\u015fmakta zorlan\u0131yorsan\u0131z, muhtemelen kendinizi yaln\u0131z tatmin edeceksiniz. \u0130\u015fte bu y\u00fczden bir vibrat\u00f6re ihtiyac\u0131n\u0131z var.&nbsp;<\/p>\n\n\n\n<p>Vibrat\u00f6r, cinsel bir partner olmadan mast\u00fcrbasyon yapman\u0131z\u0131 ve orgazma ula\u015fman\u0131z\u0131 sa\u011flar. Her t\u00fcrl\u00fc pozisyonda kullanabilirsiniz. \u015eansl\u0131ysan\u0131z, kendinizi bir seks bebe\u011fi ile de \u00f6d\u00fcllendirebilirsiniz. Arzular\u0131n\u0131z emirleriniz olacak ve o anda kendinizi d\u00fcnyan\u0131n kral\u0131 gibi hissedeceksiniz.<\/p>\n\n\n\n<h3 class=\"wp-block-heading\"><span class=\"ez-toc-section\" id=\"_Allez_a_la_decouverte_de_nouvelles_sensations\"><\/span>&nbsp;&nbsp;Yeni hisleri ke\u015ffedin&nbsp;<span class=\"ez-toc-section-end\"><\/span><\/h3>\n\n\n\n<p>Vibrat\u00f6rler uyar\u0131lma seviyenizi art\u0131rma avantaj\u0131na sahiptir. Ayr\u0131ca prostatik bir orgazm elde etmenizi sa\u011flarlar. Hepsinden iyisi, seksinizin boyutunu artt\u0131r\u0131rlar.&nbsp;<\/p>\n\n\n\n<p>Penetrasyonun yo\u011funlu\u011funu art\u0131rmak i\u00e7in titre\u015fimli bir halka da kullan\u0131labilir. E\u011fer bir sadomazo\u015fistseniz, ba\u015fka bir heyecan seviyesine ula\u015fmak i\u00e7in kendinizi ba\u011flayabilirsiniz. Seks bebe\u011finizle istedi\u011finiz kadar sevi\u015febilirsiniz. Cockring sayesinde bo\u015falma geciktirilebilir.<\/p>\n\n\n\n<h2 class=\"wp-block-heading\"><span class=\"ez-toc-section\" id=\"Quelques_meilleurs_vibromasseurs_pour_homme\"><\/span>Erkekler i\u00e7in en iyi vibrat\u00f6rlerden baz\u0131lar\u0131<span class=\"ez-toc-section-end\"><\/span><\/h2>\n\n\n\n<p>Erkekler i\u00e7in \u00e7e\u015fitli vibrat\u00f6r t\u00fcrleri vard\u0131r. Aralar\u0131ndan se\u00e7im yapabilece\u011finiz birka\u00e7 t\u00fcr vard\u0131r:<\/p>\n\n\n\n<ul class=\"wp-block-list\"><li>Korseler veya mast\u00fcrbat\u00f6rler ;<\/li><li>y\u00fcz\u00fckler ya da horozlar ;<\/li><li>vibrat\u00f6r t\u0131ka\u00e7lar\u0131 ve tespihler ;<\/li><li>esaret oyunlar\u0131 ;&nbsp;<\/li><li>prostat uyar\u0131c\u0131s\u0131;<\/li><li>vs.<\/li><\/ul>\n\n\n\n<h3 class=\"wp-block-heading\"><span class=\"ez-toc-section\" id=\"Legg_tenga\"><\/span>Yumurta tengas\u0131&nbsp;<span class=\"ez-toc-section-end\"><\/span><\/h3>\n\n\n\n<p>Bu, erkekler aras\u0131nda en pop\u00fcler seks oyunca\u011f\u0131d\u0131r. Yumurta \u015feklindedir. Bu \u015fekli sayesinde yo\u011fun zevk sa\u011flar. Ayr\u0131ca penisinizin boyutuna da uyum sa\u011flar. Dokusu ger\u00e7ek bir vajina ile kar\u015f\u0131la\u015ft\u0131r\u0131labilir. Fiyat\u0131 9,95 \u20ac'dur.\u00a0<\/p>\n\n\n\n<h3 class=\"wp-block-heading\"><span class=\"ez-toc-section\" id=\"Le_double_anneau_vibrant\"><\/span>\u00c7ift titre\u015fimli halka&nbsp;<span class=\"ez-toc-section-end\"><\/span><\/h3>\n\n\n\n<p>Bu unisex bir vibrat\u00f6rd\u00fcr. Tek ba\u015f\u0131n\u0131za veya partnerinizle birlikte kullanabilirsiniz.  Takmas\u0131 \u00e7ok kolayd\u0131r ve pille \u00e7al\u0131\u015f\u0131r. Size yo\u011fun bir his verir. Bir deneyin ve memnun kalaca\u011f\u0131n\u0131zdan emin olun.&nbsp;<\/p>\n\n\n\n<h3 class=\"wp-block-heading\"><span class=\"ez-toc-section\" id=\"Les_anneaux_ou_cockrings\"><\/span>Halkalar veya horoz halkalar\u0131<span class=\"ez-toc-section-end\"><\/span><\/h3>\n\n\n\n<p>\u0130ki t\u00fcr horoz halkas\u0131 vard\u0131r. \u00c7ift veya tek halkalar bulabilirsiniz. Tek halka penisin etraf\u0131na yerle\u015ftirilir. Titre\u015firler ve size peniste g\u00fc\u00e7l\u00fc bir his verirler. Ereksiyonunuz \u00e7ok s\u0131k\u0131 ve serttir. \u00c7ift halkay\u0131 tercih ederseniz, ikinci halka her iki testisinizin etraf\u0131na sar\u0131lacakt\u0131r. Duygu daha da yo\u011fundur.&nbsp;<\/p>\n\n\n\n<h3 class=\"wp-block-heading\"><span class=\"ez-toc-section\" id=\"Les_vibromasseurs_plugs_et_chapelets\"><\/span>Vibrat\u00f6r t\u0131ka\u00e7lar\u0131 ve tespihler&nbsp;<span class=\"ez-toc-section-end\"><\/span><\/h3>\n\n\n\n<p>Bu seks oyunca\u011f\u0131 P noktas\u0131n\u0131 uyar\u0131r. \u00c7o\u011fu insan\u0131n d\u00fc\u015f\u00fcnd\u00fc\u011f\u00fcn\u00fcn aksine, bu vibrat\u00f6r sadece e\u015fcinseller i\u00e7in de\u011fildir. Heteroseks\u00fcel olsan\u0131z bile deneyebilirsiniz. Sodomi i\u00e7in \u00f6nerilen bu anal t\u0131ka\u00e7 m\u00fckemmel bir seks oyunca\u011f\u0131d\u0131r. Do\u011fru kullan\u0131rsan\u0131z prostat\u0131n\u0131z\u0131 da uyar\u0131r. Uygun bir fiyata mevcuttur.&nbsp;<\/p>\n\n\n\n<h3 class=\"wp-block-heading\"><span class=\"ez-toc-section\" id=\"Les_gaines_ou_masturbateurs\"><\/span>K\u0131l\u0131flar veya mast\u00fcrbat\u00f6rler&nbsp;<span class=\"ez-toc-section-end\"><\/span><\/h3>\n\n\n\n<p>Bu sextoy modeli erkekler i\u00e7in en iyi vibrat\u00f6rlerden biridir. K\u0131l\u0131flar\u0131n \u00e7e\u015fitli modelleri ve t\u00fcrleri vard\u0131r. K\u0131l\u0131flar var&nbsp;<\/p>\n\n\n\n<ul class=\"wp-block-list\"><li>El kitab\u0131;<\/li><li>Otomatik;<\/li><li>Is\u0131t\u0131c\u0131lar;<\/li><li>Canl\u0131.<\/li><\/ul>\n\n\n\n<p>Dokusu sayesinde kendinizi seks yap\u0131yormu\u015f gibi hissedeceksiniz. Manuel k\u0131l\u0131flar otomatik olanlardan daha ucuzdur. Otomatik olanlar sizi yedinci y\u00fczy\u0131la g\u00f6t\u00fcr\u00fcr.<\/p>\n\n\n\n<figure class=\"wp-block-image\"><img decoding=\"async\" src=\"https:\/\/lh4.googleusercontent.com\/yYnDE_BkrsudZm358Uwv-UKkKixdmRUvC_JHf7PGAcw0HVRaUkIj1wxwDeGkQrME3n0bzduaE_JcQ8oQDBQmTBzuws5_hgZ9x1se8u9q0mr_jp2h20PADMFIUuNmXqEXj8uPu-BP\" alt=\"\"\/><\/figure>\n\n\n\n<h3 class=\"wp-block-heading\"><span class=\"ez-toc-section\" id=\"Le_masturbateur_play_Tr_myhixel\"><\/span>Oyun Tr myhixel mast\u00fcrbat\u00f6r&nbsp;<span class=\"ez-toc-section-end\"><\/span><\/h3>\n\n\n\n<p>Bu seks oyunca\u011f\u0131 tek ba\u015f\u0131na veya bir partnerle birlikte kullan\u0131labilir. Bo\u015falmay\u0131 m\u00fcmk\u00fcn oldu\u011funca uzun s\u00fcre geciktirmeye yard\u0131mc\u0131 olur. Is\u0131tma fonksiyonu sayesinde yumu\u015fakl\u0131k ve zevk hissi sa\u011flar. USB kablosu ile \u015farj edilebilen bir pile sahiptir.&nbsp;<\/p>","protected":false},"excerpt":{"rendered":"<p>A L\u2019instar des vibromasseurs pour femmes, les vibromasseurs pour hommes rec\u00e8lent \u00e9galement des sp\u00e9cificit\u00e9s qui conditionnent le choix de tout acheteur. Si vous d\u00e9sirez acqu\u00e9rir votre premier vibromasseur, vous devez tenir compte de certains \u00e9l\u00e9ments.Il s\u2019agit entre autres des sensations recherch\u00e9es, de votre exp\u00e9rience ou encore du design de l\u2019objet. Les crit\u00e8res de choix d\u2019un [&hellip;]<\/p>\n","protected":false},"author":1,"featured_media":0,"parent":0,"menu_order":0,"comment_status":"closed","ping_status":"closed","template":"","meta":{"_acf_changed":false,"_seopress_robots_primary_cat":"","_seopress_titles_title":"","_seopress_titles_desc":"","_seopress_robots_index":"","_uag_custom_page_level_css":"","site-sidebar-layout":"default","site-content-layout":"","ast-site-content-layout":"default","site-content-style":"default","site-sidebar-style":"default","ast-global-header-display":"","ast-banner-title-visibility":"","ast-main-header-display":"","ast-hfb-above-header-display":"","ast-hfb-below-header-display":"","ast-hfb-mobile-header-display":"","site-post-title":"","ast-breadcrumbs-content":"","ast-featured-img":"","footer-sml-layout":"","theme-transparent-header-meta":"","adv-header-id-meta":"","stick-header-meta":"","header-above-stick-meta":"","header-main-stick-meta":"","header-below-stick-meta":"","astra-migrate-meta-layouts":"default","ast-page-background-enabled":"default","ast-page-background-meta":{"desktop":{"background-color":"var(--ast-global-color-4)","background-image":"","background-repeat":"repeat","background-position":"center center","background-size":"auto","background-attachment":"scroll","background-type":"","background-media":"","overlay-type":"","overlay-color":"","overlay-opacity":"","overlay-gradient":""},"tablet":{"background-color":"","background-image":"","background-repeat":"repeat","background-position":"center center","background-size":"auto","background-attachment":"scroll","background-type":"","background-media":"","overlay-type":"","overlay-color":"","overlay-opacity":"","overlay-gradient":""},"mobile":{"background-color":"","background-image":"","background-repeat":"repeat","background-position":"center center","background-size":"auto","background-attachment":"scroll","background-type":"","background-media":"","overlay-type":"","overlay-color":"","overlay-opacity":"","overlay-gradient":""}},"ast-content-background-meta":{"desktop":{"background-color":"var(--ast-global-color-5)","background-image":"","background-repeat":"repeat","background-position":"center center","background-size":"auto","background-attachment":"scroll","background-type":"","background-media":"","overlay-type":"","overlay-color":"","overlay-opacity":"","overlay-gradient":""},"tablet":{"background-color":"var(--ast-global-color-5)","background-image":"","background-repeat":"repeat","background-position":"center center","background-size":"auto","background-attachment":"scroll","background-type":"","background-media":"","overlay-type":"","overlay-color":"","overlay-opacity":"","overlay-gradient":""},"mobile":{"background-color":"var(--ast-global-color-5)","background-image":"","background-repeat":"repeat","background-position":"center center","background-size":"auto","background-attachment":"scroll","background-type":"","background-media":"","overlay-type":"","overlay-color":"","overlay-opacity":"","overlay-gradient":""}},"footnotes":""},"class_list":["post-843","page","type-page","status-publish","hentry"],"acf":[],"uagb_featured_image_src":{"full":false,"thumbnail":false,"medium":false,"medium_large":false,"large":false,"1536x1536":false,"2048x2048":false,"trp-custom-language-flag":false,"ultp_layout_landscape_large":false,"ultp_layout_landscape":false,"ultp_layout_portrait":false,"ultp_layout_square":false},"uagb_author_info":{"display_name":"brigitte","author_link":"https:\/\/god-vibro.com\/tr\/author\/brigitte"},"uagb_comment_info":0,"uagb_excerpt":"A L\u2019instar des vibromasseurs pour femmes, les vibromasseurs pour hommes rec\u00e8lent \u00e9galement des sp\u00e9cificit\u00e9s qui conditionnent le choix de tout acheteur. Si vous d\u00e9sirez acqu\u00e9rir votre premier vibromasseur, vous devez tenir compte de certains \u00e9l\u00e9ments.Il s\u2019agit entre autres des sensations recherch\u00e9es, de votre exp\u00e9rience ou encore du design de l\u2019objet. Les crit\u00e8res de choix d\u2019un&hellip;","_links":{"self":[{"href":"https:\/\/god-vibro.com\/tr\/wp-json\/wp\/v2\/pages\/843","targetHints":{"allow":["GET"]}}],"collection":[{"href":"https:\/\/god-vibro.com\/tr\/wp-json\/wp\/v2\/pages"}],"about":[{"href":"https:\/\/god-vibro.com\/tr\/wp-json\/wp\/v2\/types\/page"}],"author":[{"embeddable":true,"href":"https:\/\/god-vibro.com\/tr\/wp-json\/wp\/v2\/users\/1"}],"replies":[{"embeddable":true,"href":"https:\/\/god-vibro.com\/tr\/wp-json\/wp\/v2\/comments?post=843"}],"version-history":[{"count":0,"href":"https:\/\/god-vibro.com\/tr\/wp-json\/wp\/v2\/pages\/843\/revisions"}],"wp:attachment":[{"href":"https:\/\/god-vibro.com\/tr\/wp-json\/wp\/v2\/media?parent=843"}],"curies":[{"name":"wp","href":"https:\/\/api.w.org\/{rel}","templated":true}]}}