{"id":904,"date":"2022-01-05T11:26:48","date_gmt":"2022-01-05T11:26:48","guid":{"rendered":"https:\/\/god-vibro.com\/?page_id=904"},"modified":"2022-01-05T11:26:50","modified_gmt":"2022-01-05T11:26:50","slug":"les-meilleurs-vibromasseurs-a-la-distance","status":"publish","type":"page","link":"https:\/\/god-vibro.com\/sv\/de-basta-vibromassorerna-pa-distans.html","title":{"rendered":"De b\u00e4sta vibratorerna p\u00e5 distans"},"content":{"rendered":"<p>Vibratorn \u00e4r ett popul\u00e4rt verktyg i jakten p\u00e5 njutning. I och med vetenskapens utveckling har den f\u00f6rb\u00e4ttrats enormt. Under de senaste \u00e5ren har dessa sm\u00e5 sexleksaker kunnat anv\u00e4ndas p\u00e5 distans med en Internet- eller Bluetooth-anslutning och kan styras av din partner \u00e4ven p\u00e5 andra sidan jordklotet.<\/p>\n\n\n\n<div id=\"ez-toc-container\" class=\"ez-toc-v2_0_82_2 counter-hierarchy ez-toc-counter ez-toc-custom ez-toc-container-direction\">\n<div class=\"ez-toc-title-container\">\n<p class=\"ez-toc-title\" style=\"cursor:inherit\">Inneh\u00e5ll <\/p>\n<span class=\"ez-toc-title-toggle\"><a href=\"#\" class=\"ez-toc-pull-right ez-toc-btn ez-toc-btn-xs ez-toc-btn-default ez-toc-toggle\" aria-label=\"V\u00e4xla till inneh\u00e5llsf\u00f6rteckning\"><span class=\"ez-toc-js-icon-con\"><span class=\"\"><span class=\"eztoc-hide\" style=\"display:none;\">V\u00e4xel<\/span><span class=\"ez-toc-icon-toggle-span\"><svg style=\"fill: #999;color:#999\" xmlns=\"http:\/\/www.w3.org\/2000\/svg\" class=\"list-377408\" width=\"20px\" height=\"20px\" viewbox=\"0 0 24 24\" fill=\"none\"><path d=\"M6 6H4v2h2V6zm14 0H8v2h12V6zM4 11h2v2H4v-2zm16 0H8v2h12v-2zM4 16h2v2H4v-2zm16 0H8v2h12v-2z\" fill=\"currentColor\"><\/path><\/svg><svg style=\"fill: #999;color:#999\" class=\"arrow-unsorted-368013\" xmlns=\"http:\/\/www.w3.org\/2000\/svg\" width=\"10px\" height=\"10px\" viewbox=\"0 0 24 24\" version=\"1.2\" baseprofile=\"tiny\"><path d=\"M18.2 9.3l-6.2-6.3-6.2 6.3c-.2.2-.3.4-.3.7s.1.5.3.7c.2.2.4.3.7.3h11c.3 0 .5-.1.7-.3.2-.2.3-.5.3-.7s-.1-.5-.3-.7zM5.8 14.7l6.2 6.3 6.2-6.3c.2-.2.3-.5.3-.7s-.1-.5-.3-.7c-.2-.2-.4-.3-.7-.3h-11c-.3 0-.5.1-.7.3-.2.2-.3.5-.3.7s.1.5.3.7z\"\/><\/svg><\/span><\/span><\/span><\/a><\/span><\/div>\n<nav><ul class='ez-toc-list ez-toc-list-level-1 eztoc-toggle-hide-by-default' ><li class='ez-toc-page-1 ez-toc-heading-level-2'><a class=\"ez-toc-link ez-toc-heading-1\" href=\"https:\/\/god-vibro.com\/sv\/de-basta-vibromassorerna-pa-distans.html\/#Max_et_Nora_de_Lovense\" >Max och Nora de Lovense<\/a><\/li><li class='ez-toc-page-1 ez-toc-heading-level-2'><a class=\"ez-toc-link ez-toc-heading-2\" href=\"https:\/\/god-vibro.com\/sv\/de-basta-vibromassorerna-pa-distans.html\/#Onyx_2_et_Pearl_2_de_Kiiroo\" >Onyx 2 och Pearl 2 fr\u00e5n Kiiroo&nbsp;<\/a><\/li><li class='ez-toc-page-1 ez-toc-heading-level-2'><a class=\"ez-toc-link ez-toc-heading-3\" href=\"https:\/\/god-vibro.com\/sv\/de-basta-vibromassorerna-pa-distans.html\/#Lush_2_de_Lovense\" >Lush 2 av Lovense<\/a><\/li><li class='ez-toc-page-1 ez-toc-heading-level-2'><a class=\"ez-toc-link ez-toc-heading-4\" href=\"https:\/\/god-vibro.com\/sv\/de-basta-vibromassorerna-pa-distans.html\/#Vibease\" >Vibease<\/a><\/li><li class='ez-toc-page-1 ez-toc-heading-level-2'><a class=\"ez-toc-link ez-toc-heading-5\" href=\"https:\/\/god-vibro.com\/sv\/de-basta-vibromassorerna-pa-distans.html\/#Esca\" >Esca<\/a><\/li><li class='ez-toc-page-1 ez-toc-heading-level-2'><a class=\"ez-toc-link ez-toc-heading-6\" href=\"https:\/\/god-vibro.com\/sv\/de-basta-vibromassorerna-pa-distans.html\/#Hush_de_Lovense\" >Hush fr\u00e5n Lovense<\/a><\/li><li class='ez-toc-page-1 ez-toc-heading-level-2'><a class=\"ez-toc-link ez-toc-heading-7\" href=\"https:\/\/god-vibro.com\/sv\/de-basta-vibromassorerna-pa-distans.html\/#OhMiBod_Fuse_Fleshlight_Launch\" >Lansering av OhMiBod Fuse + Fleshlight&nbsp;<\/a><\/li><li class='ez-toc-page-1 ez-toc-heading-level-2'><a class=\"ez-toc-link ez-toc-heading-8\" href=\"https:\/\/god-vibro.com\/sv\/de-basta-vibromassorerna-pa-distans.html\/#Osci_2\" >Osci 2<\/a><\/li><\/ul><\/nav><\/div>\n<h2 class=\"wp-block-heading\"><span class=\"ez-toc-section\" id=\"Max_et_Nora_de_Lovense\"><\/span>Max och Nora de Lovense<span class=\"ez-toc-section-end\"><\/span><\/h2>\n\n\n\n<p>Max och Nora vibratorer fr\u00e5n f\u00f6retaget Lovense. Den 25 februari 2022 offentliggjorde Lovense sin <a href=\"https:\/\/god-vibro.com\/lovense-sex-machine.html\">Sexmaskin<\/a> \u00e4r verkliga tekniska p\u00e4rlor. <a href=\"https:\/\/god-vibro.com\/lovense-max-2.html\">Max \u00e4r avsedd f\u00f6r m\u00e4n<\/a> och Nora f\u00f6r kvinnor. Det \u00e4r tack vare en applikation som heter Body Chat som denna sexmagi \u00e4r m\u00f6jlig. Body Chat \u00e4r kompatibel med smartphones, PC och Mac.&nbsp;<\/p>\n\n\n\n<p>Den revolutionerande tekniken kopplar ihop enheterna via Bluetooth-systemet. Tack vare det h\u00e4r systemet f\u00e5r partner i sexuell extas samma k\u00e4nsla av njutning i realtid. Allt de beh\u00f6ver g\u00f6ra \u00e4r att blunda och leva sig in i alla sina erotiska fantasier.<\/p>\n\n\n\n<p>Tekniken g\u00e5r \u00e4nnu l\u00e4ngre genom att l\u00e5ta endera partnern kontrollera den andras sexleksak och ta den andra till den sjunde himlen. Dessutom har programmet m\u00f6jlighet att vara i videol\u00e4ge. Detta g\u00f6r det m\u00f6jligt f\u00f6r parterna att g\u00f6ra sina k\u00e4nslor \u00e4nnu mer verkliga.<\/p>\n\n\n\n<figure class=\"wp-block-image\"><img decoding=\"async\" src=\"https:\/\/lh6.googleusercontent.com\/I0008raFtwxzDu-TuFGXm9gfKT6dre1wh7G5C-6fcdQvPNgIAG0-QOImDr8nIOOkoTZ87jMNec4n17CQKXog8SS6oa_mvdmccdleSdEFwAJUrzrhILafr7xdw52iXbIrcIx5H0jq\" alt=\"\"\/><\/figure>\n\n\n\n<h2 class=\"wp-block-heading\"><span class=\"ez-toc-section\" id=\"Onyx_2_et_Pearl_2_de_Kiiroo\"><\/span>Onyx 2 och Pearl 2 fr\u00e5n Kiiroo&nbsp;<span class=\"ez-toc-section-end\"><\/span><\/h2>\n\n\n\n<p>Kiiroo \u00e4r ett nederl\u00e4ndskt f\u00f6retag som g\u00f6r sig ett namn inom sexomr\u00e5det. De legendariska Vibratorerna Onyx 2 och Pearl 2 \u00e4r tekniska m\u00e4sterverk. De \u00e4r efterf\u00f6ljare till de f\u00f6rsta prototyperna Onyx 1 och Pearl 1 som inte l\u00e4ngre uppfyller marknadens krav. Onyx 2 \u00e4r avsedd f\u00f6r m\u00e4n och Pearl 2 f\u00f6r kvinnor.&nbsp;<\/p>\n\n\n\n<p>Det \u00e4r uppladdningsbara verktyg som ocks\u00e5 fungerar med ett Bluetooth-system. Designern har skapat en nedladdningsbar smartphone-applikation f\u00f6r att g\u00f6ra det m\u00f6jligt att anv\u00e4nda den. Den heter Feel Connect. Pearl 2:s teknik bygger p\u00e5 nio vibrationsinst\u00e4llningar som g\u00e5r upp och ner. Niv\u00e5 9 ger dig en o\u00e4ndlig njutning. Den \u00e4r kompatibel med alla slidor eftersom den har en l\u00e4ngd p\u00e5 cirka 20 centimeter.<\/p>\n\n\n\n<p>Onyx 2:s teknik \u00e4r d\u00e4remot baserad p\u00e5 tre l\u00e4gen och har en Fleshlight SuperSkin. Tack vare dessa element kan Onyx 2 utf\u00f6ra h\u00f6gst 140 r\u00f6relser per minut. Den kan anv\u00e4ndas oavbrutet i en timme tack vare de tio ringarna som den best\u00e5r av. De tre l\u00e4gena i Onyx 2 \u00e4r :<\/p>\n\n\n\n<ul class=\"wp-block-list\"><li>l\u00e5ngsam pump ;<\/li><li>snabb pump ;<\/li><li>manuellt.<\/li><\/ul>\n\n\n\n<h2 class=\"wp-block-heading\"><span class=\"ez-toc-section\" id=\"Lush_2_de_Lovense\"><\/span>Lush 2 av Lovense<span class=\"ez-toc-section-end\"><\/span><\/h2>\n\n\n\n<p>Lovense har inte slutat imponera med sin tekniska f\u00f6rm\u00e5ga. Lush 2 \u00e4r s\u00e4rskilt utformad f\u00f6r personligt bruk men kan \u00e4ven anv\u00e4ndas av ett par. Den \u00e4r legendarisk f\u00f6r sin l\u00e5ga profil, men \u00e4nd\u00e5 levande anv\u00e4ndning. Det \u00e4r ett litet \u00e4gg som kan anslutas via Bluetooth som de flesta andra sexleksaker.&nbsp;<\/p>\n\n\n\n<p>Il l&rsquo;est \u00e9galement en mode Wifi avec une port\u00e9e de 13 m\u00e8tres. L\u2019utilisation avec le Wifi n\u00e9cessite n\u00e9anmoins le t\u00e9l\u00e9chargement sur iOS ou Android de Lovense Remote.<\/p>\n\n\n\n<p>Den kan spela din favoritmusik f\u00f6r att stimulera din orgasm. Tack vare mobilapplikationen och s\u00e4rskilt alternativet i appen kan du videochatta eller skicka foton till din partner.&nbsp;<\/p>\n\n\n\n<p>Den \u00e4r uppladdningsbar och har en batteritid p\u00e5 3 timmar non-stop. Det b\u00e4sta med tekniken \u00e4r att den har en motor som \u00e4r fyra g\u00e5nger starkare \u00e4n normalt f\u00f6r att stimulera G-punkten. Den har ocks\u00e5 sju driftl\u00e4gen:<\/p>\n\n\n\n<ul class=\"wp-block-list\"><li>mjuk ;<\/li><li>betyder ;<\/li><li>stark ;<\/li><li>pulser ;<\/li><li>v\u00e5gor ;<\/li><li>fyrverkerier ;<\/li><li>jordb\u00e4vning.<\/li><\/ul>\n\n\n\n<h2 class=\"wp-block-heading\"><span class=\"ez-toc-section\" id=\"Vibease\"><\/span>Vibease<span class=\"ez-toc-section-end\"><\/span><\/h2>\n\n\n\n<p>Vibease-vibratorn \u00e4r inte en av de mest avancerade teknikerna som n\u00e4mns ovan. Den \u00e4r i f\u00f6rsta hand avsedd f\u00f6r kvinnor. S\u00e5 de kan \u00f6verl\u00e5ta \u00e5t sin partner att f\u00e5 dem att komma fr\u00e5n var som helst i v\u00e4rlden. Allt de beh\u00f6ver \u00e4r en internetuppkoppling, Bluetooth aktiverat och Vibease-mobilappen. Allt med denna tekniska p\u00e4rla har f\u00f6renklats f\u00f6r att g\u00f6ra den bekv\u00e4mare och framf\u00f6r allt diskret.&nbsp;<\/p>\n\n\n\n<p>Denna sextoy \u00e4r en mycket sofistikerad eller intelligent ljudfunktion som svarar p\u00e5 anv\u00e4ndarens kommandon.  I samma veva kan den, precis som den tidigare vibratorn, spela upp den musik du vill ha och till och med l\u00e4sa erotiska b\u00f6cker f\u00f6r dig i ljudform.&nbsp;<\/p>\n\n\n\n<p>Dess skyddsh\u00f6lje \u00e4r tillverkat av silikon av h\u00f6g kvalitet och \u00e4r d\u00e4rf\u00f6r vattent\u00e4tt. Du kan d\u00e4rf\u00f6r l\u00e4tt anv\u00e4nda den i duschen. Det \u00e4r ocks\u00e5 v\u00e4rt att notera att batteritiden \u00e4r tre timmar.<\/p>\n\n\n\n<figure class=\"wp-block-image\"><img decoding=\"async\" src=\"https:\/\/lh4.googleusercontent.com\/hTDcfFrt3J7EmYXXA_xKGPsBa8rHmbAXw0MzzCzMVPUYwMhyJ50872JQqQPjlxN4sWUcFHCYV0gqTk8aG3S_Mc67V5sE7UFvYyGaEVxcCMlOfGm_QIMihijJicxI775W0OAXCEm8\" alt=\"\"\/><\/figure>\n\n\n\n<h2 class=\"wp-block-heading\"><span class=\"ez-toc-section\" id=\"Esca\"><\/span>Esca<span class=\"ez-toc-section-end\"><\/span><\/h2>\n\n\n\n<p>Esca \u00e4r ett litet \u00e4gg fr\u00e5n Sex Tech. Den finns med p\u00e5 listan \u00f6ver de b\u00e4sta sexleksakerna som n\u00e5gonsin tillverkats. Med tr\u00e5dl\u00f6s anslutningsteknik som de andra \u00e4r det mycket l\u00e4ttare att ta p\u00e5 sig underkl\u00e4derna.&nbsp;<\/p>\n\n\n\n<p>Den \u00e4r utformad f\u00f6r kvinnor och tillgodoser kroppens h\u00e4lsobehov med sitt skyddande silikonh\u00f6lje. Med mobilappen OhMiBod Remote, som kan laddas ner till smartphones och surfplattor, minskar avst\u00e5ndet mellan partnerna.<\/p>\n\n\n\n<p>Den kan v\u00e4cka dig tills du n\u00e5r din G-punkt. S\u00e5 du ser, f\u00f6r en kvinna \u00e4r detta en j\u00e4kla handfull som tekniken erbjuder. Den v\u00e4ger endast 56 gram. Den erbjuder ocks\u00e5 en ljusshow som f\u00f6ljer vibrationernas rytm. Detta g\u00f6r den sexuella njutningen \u00e4nnu mer levande.&nbsp;<\/p>\n\n\n\n<p>OhMiBod Remote, som \u00e4r den grundl\u00e4ggande applikationen, har samma funktionalitet som ett socialt n\u00e4tverk. S\u00e5 du kan uppleva de intima stunderna med din partner via videosamtal.<\/p>\n\n\n\n<h2 class=\"wp-block-heading\"><span class=\"ez-toc-section\" id=\"Hush_de_Lovense\"><\/span>Hush fr\u00e5n Lovense<span class=\"ez-toc-section-end\"><\/span><\/h2>\n\n\n\n<p>Lovense erbjuder alltid mer teknik utifr\u00e5n kundernas \u00e5sikter. Det var h\u00e4r som Hush-vibratorn f\u00f6ddes. Den \u00e4r multifunktionell men s\u00e4rskilt utformad f\u00f6r anal njutning.&nbsp;<\/p>\n\n\n\n<p>Den \u00e4r utformad f\u00f6r kvinnor och best\u00e5r huvudsakligen av buttplugs med unika vibrationer. Den kr\u00e4ver en internetuppkoppling och har en maximal r\u00e4ckvidd p\u00e5 nio meter inom en 360 graders radie.&nbsp;<\/p>\n\n\n\n<p>Liksom sina f\u00f6reg\u00e5ngare styrs den av en applikation som har alla de funktioner som n\u00e4mns ovan: auditiv och visuell teknik och vibrationskraft. Den \u00e4r USB-anslutningsbar och uppladdningsbar och har en batteritid p\u00e5 tv\u00e5 timmar. Den finns i tv\u00e5 storlekar. F\u00f6r nyb\u00f6rjare \u00e4r det tillr\u00e5dligt att b\u00f6rja med Hush 3,81 cm, medan f\u00f6r erfarna spelare \u00e4r den medelstora storleken 4,45 cm perfekt.&nbsp;<\/p>\n\n\n\n<figure class=\"wp-block-image\"><img decoding=\"async\" src=\"https:\/\/lh5.googleusercontent.com\/3HZXcJ2B5DO1kSp65iT8wWvyd8edv-y4FzPg8SB2-hJeU0Lp0SA1qKL9mP5q2vD_yNnuVtHtzzWuf7byl851jWWKp9TwKcWVy59JS42_Ve691H8xOyoa-WhPBThLqQH5lXc0YTuq\" alt=\"\"\/><\/figure>\n\n\n\n<h2 class=\"wp-block-heading\"><span class=\"ez-toc-section\" id=\"OhMiBod_Fuse_Fleshlight_Launch\"><\/span>Lansering av OhMiBod Fuse + Fleshlight&nbsp;<span class=\"ez-toc-section-end\"><\/span><\/h2>\n\n\n\n<p>Ce couple de vibromasseurs est l&rsquo;un des plus rares sur le march\u00e9. OhMiBod Fuse est mieux adapt\u00e9 aux femmes tandis que le Fleshlight Launch est le masturbateur des hommes.<\/p>\n\n\n\n<p>OhMiBod \u00e4r en vibrator med en avg\u00f6rande f\u00f6rdel. F\u00f6rdelen \u00e4r att den kan stimulera dina k\u00f6nsorgan tv\u00e5 g\u00e5nger. Den \u00e4r kompatibel med alla andra vibratorer som n\u00e4mns ovan. Tack vare sin flexibilitet och dubbla stimuleringskapacitet kan du uppfylla din partners fantasier p\u00e5 rekordtid. Den anv\u00e4nder ocks\u00e5 en tr\u00e5dl\u00f6s anslutning (Bluetooth, Internet eller Wifi).<\/p>\n\n\n\n<p>Fleshlight Launch \u00e4r d\u00e4remot utformad f\u00f6r m\u00e4n. Den \u00e4r tekniskt avancerad och kompatibel med alla andra operativsystem f\u00f6r vibratorer. Den \u00e4r helt t\u00e4ckt av silikon och \u00e4r f\u00f6r n\u00e4rvarande den mest s\u00e5lda produkten i Launch-shoppen. Den \u00e4r USB-uppladdningsbar och kan \u00e4ven anv\u00e4ndas i duschen tack vare det vattent\u00e4ta systemet. Den v\u00e4ger 4,24 kg och kan anv\u00e4ndas kontinuerligt i en och en halv timme.&nbsp;<\/p>\n\n\n\n<h2 class=\"wp-block-heading\"><span class=\"ez-toc-section\" id=\"Osci_2\"><\/span>Osci 2<span class=\"ez-toc-section-end\"><\/span><\/h2>\n\n\n\n<p>Den senaste p\u00e5 listan \u00e4r Osci 2. Det h\u00e4r \u00e4r en lika viktig vibrator eftersom dess s\u00e4rdrag ligger i att vibrationerna \u00e4r interna. De upplevs d\u00e4rf\u00f6r inte utanf\u00f6r det skyddande h\u00f6ljet. Dess morfologi, som best\u00e5r av ett litet ovalt huvud, \u00e4r fr\u00e4mst avsedd att stimulera G-punkten hos kvinnor som aldrig f\u00f6rr. Denna stimulering \u00e4r ov\u00e4ntad och behaglig.&nbsp;<\/p>\n\n\n\n<p>Tack vare kundomd\u00f6men om Osci 1 har denna nya modell en mycket mer tillfredsst\u00e4llande drifttid. Det \u00e4r v\u00e4rt att notera att ett Bluetooth-chip har lagts till och att laddningsfunktionen har magnetiserats f\u00f6r \u00f6kad bekv\u00e4mlighet.<\/p>","protected":false},"excerpt":{"rendered":"<p>Le vibromasseur est un outil tr\u00e8s appr\u00e9ci\u00e9 dans la qu\u00eate du plaisir. Avec l\u2019\u00e9volution de la science, il s\u2019est \u00e9norm\u00e9ment am\u00e9lior\u00e9. Depuis quelques ann\u00e9es, ces petits jouets sexuels sont utilisables \u00e0 distance avec une connexion Internet ou Bluetooth et contr\u00f4lables par votre partenaire m\u00eame \u00e0 l\u2019autre bout du monde. Max et Nora de Lovense Les [&hellip;]<\/p>\n","protected":false},"author":1,"featured_media":0,"parent":0,"menu_order":0,"comment_status":"closed","ping_status":"closed","template":"","meta":{"_acf_changed":false,"_seopress_robots_primary_cat":"","_seopress_titles_title":"","_seopress_titles_desc":"","_seopress_robots_index":"","_uag_custom_page_level_css":"","site-sidebar-layout":"default","site-content-layout":"","ast-site-content-layout":"default","site-content-style":"default","site-sidebar-style":"default","ast-global-header-display":"","ast-banner-title-visibility":"","ast-main-header-display":"","ast-hfb-above-header-display":"","ast-hfb-below-header-display":"","ast-hfb-mobile-header-display":"","site-post-title":"","ast-breadcrumbs-content":"","ast-featured-img":"","footer-sml-layout":"","theme-transparent-header-meta":"","adv-header-id-meta":"","stick-header-meta":"","header-above-stick-meta":"","header-main-stick-meta":"","header-below-stick-meta":"","astra-migrate-meta-layouts":"default","ast-page-background-enabled":"default","ast-page-background-meta":{"desktop":{"background-color":"var(--ast-global-color-4)","background-image":"","background-repeat":"repeat","background-position":"center center","background-size":"auto","background-attachment":"scroll","background-type":"","background-media":"","overlay-type":"","overlay-color":"","overlay-opacity":"","overlay-gradient":""},"tablet":{"background-color":"","background-image":"","background-repeat":"repeat","background-position":"center center","background-size":"auto","background-attachment":"scroll","background-type":"","background-media":"","overlay-type":"","overlay-color":"","overlay-opacity":"","overlay-gradient":""},"mobile":{"background-color":"","background-image":"","background-repeat":"repeat","background-position":"center center","background-size":"auto","background-attachment":"scroll","background-type":"","background-media":"","overlay-type":"","overlay-color":"","overlay-opacity":"","overlay-gradient":""}},"ast-content-background-meta":{"desktop":{"background-color":"var(--ast-global-color-5)","background-image":"","background-repeat":"repeat","background-position":"center center","background-size":"auto","background-attachment":"scroll","background-type":"","background-media":"","overlay-type":"","overlay-color":"","overlay-opacity":"","overlay-gradient":""},"tablet":{"background-color":"var(--ast-global-color-5)","background-image":"","background-repeat":"repeat","background-position":"center center","background-size":"auto","background-attachment":"scroll","background-type":"","background-media":"","overlay-type":"","overlay-color":"","overlay-opacity":"","overlay-gradient":""},"mobile":{"background-color":"var(--ast-global-color-5)","background-image":"","background-repeat":"repeat","background-position":"center center","background-size":"auto","background-attachment":"scroll","background-type":"","background-media":"","overlay-type":"","overlay-color":"","overlay-opacity":"","overlay-gradient":""}},"footnotes":""},"class_list":["post-904","page","type-page","status-publish","hentry"],"acf":[],"uagb_featured_image_src":{"full":false,"thumbnail":false,"medium":false,"medium_large":false,"large":false,"1536x1536":false,"2048x2048":false,"trp-custom-language-flag":false,"ultp_layout_landscape_large":false,"ultp_layout_landscape":false,"ultp_layout_portrait":false,"ultp_layout_square":false},"uagb_author_info":{"display_name":"brigitte","author_link":"https:\/\/god-vibro.com\/sv\/author\/brigitte"},"uagb_comment_info":0,"uagb_excerpt":"Le vibromasseur est un outil tr\u00e8s appr\u00e9ci\u00e9 dans la qu\u00eate du plaisir. Avec l\u2019\u00e9volution de la science, il s\u2019est \u00e9norm\u00e9ment am\u00e9lior\u00e9. Depuis quelques ann\u00e9es, ces petits jouets sexuels sont utilisables \u00e0 distance avec une connexion Internet ou Bluetooth et contr\u00f4lables par votre partenaire m\u00eame \u00e0 l\u2019autre bout du monde. Max et Nora de Lovense Les&hellip;","_links":{"self":[{"href":"https:\/\/god-vibro.com\/sv\/wp-json\/wp\/v2\/pages\/904","targetHints":{"allow":["GET"]}}],"collection":[{"href":"https:\/\/god-vibro.com\/sv\/wp-json\/wp\/v2\/pages"}],"about":[{"href":"https:\/\/god-vibro.com\/sv\/wp-json\/wp\/v2\/types\/page"}],"author":[{"embeddable":true,"href":"https:\/\/god-vibro.com\/sv\/wp-json\/wp\/v2\/users\/1"}],"replies":[{"embeddable":true,"href":"https:\/\/god-vibro.com\/sv\/wp-json\/wp\/v2\/comments?post=904"}],"version-history":[{"count":3,"href":"https:\/\/god-vibro.com\/sv\/wp-json\/wp\/v2\/pages\/904\/revisions"}],"predecessor-version":[{"id":1346,"href":"https:\/\/god-vibro.com\/sv\/wp-json\/wp\/v2\/pages\/904\/revisions\/1346"}],"wp:attachment":[{"href":"https:\/\/god-vibro.com\/sv\/wp-json\/wp\/v2\/media?parent=904"}],"curies":[{"name":"wp","href":"https:\/\/api.w.org\/{rel}","templated":true}]}}