{"id":843,"date":"2021-12-08T00:30:31","date_gmt":"2021-12-08T00:30:31","guid":{"rendered":"https:\/\/god-vibro.com\/?page_id=843"},"modified":"2021-12-08T01:50:43","modified_gmt":"2021-12-08T01:50:43","slug":"choisir-son-premier-sextoy-homme","status":"publish","type":"page","link":"https:\/\/god-vibro.com\/sv\/valj-din-forsta-man-sexleksak.html","title":{"rendered":"Att v\u00e4lja din f\u00f6rsta manliga vibrator"},"content":{"rendered":"<p>Precis som vibratorer f\u00f6r kvinnor har \u00e4ven vibratorer f\u00f6r m\u00e4n sina egna speciella egenskaper som p\u00e5verkar k\u00f6parens val. Om du vill k\u00f6pa din f\u00f6rsta vibrator finns det ett antal saker du b\u00f6r t\u00e4nka p\u00e5, bland annat vilka k\u00e4nslor du vill ha, din erfarenhet och apparatens utformning.<\/p>\n\n\n\n<div id=\"ez-toc-container\" class=\"ez-toc-v2_0_83 counter-hierarchy ez-toc-counter ez-toc-custom ez-toc-container-direction\">\n<div class=\"ez-toc-title-container\">\n<p class=\"ez-toc-title\" style=\"cursor:inherit\">Inneh\u00e5ll <\/p>\n<span class=\"ez-toc-title-toggle\"><a href=\"#\" class=\"ez-toc-pull-right ez-toc-btn ez-toc-btn-xs ez-toc-btn-default ez-toc-toggle\" aria-label=\"V\u00e4xla till inneh\u00e5llsf\u00f6rteckning\"><span class=\"ez-toc-js-icon-con\"><span class=\"\"><span class=\"eztoc-hide\" style=\"display:none;\">V\u00e4xel<\/span><span class=\"ez-toc-icon-toggle-span\"><svg style=\"fill: #999;color:#999\" xmlns=\"http:\/\/www.w3.org\/2000\/svg\" class=\"list-377408\" width=\"20px\" height=\"20px\" viewbox=\"0 0 24 24\" fill=\"none\"><path d=\"M6 6H4v2h2V6zm14 0H8v2h12V6zM4 11h2v2H4v-2zm16 0H8v2h12v-2zM4 16h2v2H4v-2zm16 0H8v2h12v-2z\" fill=\"currentColor\"><\/path><\/svg><svg style=\"fill: #999;color:#999\" class=\"arrow-unsorted-368013\" xmlns=\"http:\/\/www.w3.org\/2000\/svg\" width=\"10px\" height=\"10px\" viewbox=\"0 0 24 24\" version=\"1.2\" baseprofile=\"tiny\"><path d=\"M18.2 9.3l-6.2-6.3-6.2 6.3c-.2.2-.3.4-.3.7s.1.5.3.7c.2.2.4.3.7.3h11c.3 0 .5-.1.7-.3.2-.2.3-.5.3-.7s-.1-.5-.3-.7zM5.8 14.7l6.2 6.3 6.2-6.3c.2-.2.3-.5.3-.7s-.1-.5-.3-.7c-.2-.2-.4-.3-.7-.3h-11c-.3 0-.5.1-.7.3-.2.2-.3.5-.3.7s.1.5.3.7z\"\/><\/svg><\/span><\/span><\/span><\/a><\/span><\/div>\n<nav><ul class='ez-toc-list ez-toc-list-level-1 eztoc-toggle-hide-by-default' ><li class='ez-toc-page-1 ez-toc-heading-level-2'><a class=\"ez-toc-link ez-toc-heading-1\" href=\"https:\/\/god-vibro.com\/sv\/valj-din-forsta-man-sexleksak.html\/#Les_criteres_de_choix_dun_vibromasseur\" >Kriterier f\u00f6r att v\u00e4lja en vibrator\u00a0<\/a><ul class='ez-toc-list-level-3' ><li class='ez-toc-heading-level-3'><a class=\"ez-toc-link ez-toc-heading-2\" href=\"https:\/\/god-vibro.com\/sv\/valj-din-forsta-man-sexleksak.html\/#_Vos_preferences\" >\u00a0\u00a0\u00a0\u00a0\u00a0Dina \u00f6nskem\u00e5l<\/a><\/li><li class='ez-toc-page-1 ez-toc-heading-level-3'><a class=\"ez-toc-link ez-toc-heading-3\" href=\"https:\/\/god-vibro.com\/sv\/valj-din-forsta-man-sexleksak.html\/#_Votre_experience\" >\u00a0\u00a0\u00a0\u00a0Din erfarenhet<\/a><\/li><li class='ez-toc-page-1 ez-toc-heading-level-3'><a class=\"ez-toc-link ez-toc-heading-4\" href=\"https:\/\/god-vibro.com\/sv\/valj-din-forsta-man-sexleksak.html\/#_Les_materiaux_et_la_texture\" >\u00a0\u00a0Material och textur<\/a><\/li><li class='ez-toc-page-1 ez-toc-heading-level-3'><a class=\"ez-toc-link ez-toc-heading-5\" href=\"https:\/\/god-vibro.com\/sv\/valj-din-forsta-man-sexleksak.html\/#_Le_design\" >\u00a0\u00a0Utformning\u00a0<\/a><\/li><li class='ez-toc-page-1 ez-toc-heading-level-3'><a class=\"ez-toc-link ez-toc-heading-6\" href=\"https:\/\/god-vibro.com\/sv\/valj-din-forsta-man-sexleksak.html\/#_Lintensite_des_vibrations\" >\u00a0\u00a0L'intensit\u00e9 des vibrations<\/a><\/li><li class='ez-toc-page-1 ez-toc-heading-level-3'><a class=\"ez-toc-link ez-toc-heading-7\" href=\"https:\/\/god-vibro.com\/sv\/valj-din-forsta-man-sexleksak.html\/#_Le_prix\" >\u00a0\u00a0\u00a0Priset<\/a><\/li><\/ul><\/li><li class='ez-toc-page-1 ez-toc-heading-level-2'><a class=\"ez-toc-link ez-toc-heading-8\" href=\"https:\/\/god-vibro.com\/sv\/valj-din-forsta-man-sexleksak.html\/#Les_avantages_de_lutilisation_dun_vibromasseur\" >F\u00f6rdelarna med att anv\u00e4nda en vibrator\u00a0<\/a><ul class='ez-toc-list-level-3' ><li class='ez-toc-heading-level-3'><a class=\"ez-toc-link ez-toc-heading-9\" href=\"https:\/\/god-vibro.com\/sv\/valj-din-forsta-man-sexleksak.html\/#_Se_procurer_du_plaisir_soi_meme\" >\u00a0\u00a0Att f\u00e5 n\u00f6je f\u00f6r dig sj\u00e4lv\u00a0<\/a><\/li><li class='ez-toc-page-1 ez-toc-heading-level-3'><a class=\"ez-toc-link ez-toc-heading-10\" href=\"https:\/\/god-vibro.com\/sv\/valj-din-forsta-man-sexleksak.html\/#_Allez_a_la_decouverte_de_nouvelles_sensations\" >\u00a0\u00a0Uppt\u00e4ck nya k\u00e4nslor\u00a0<\/a><\/li><\/ul><\/li><li class='ez-toc-page-1 ez-toc-heading-level-2'><a class=\"ez-toc-link ez-toc-heading-11\" href=\"https:\/\/god-vibro.com\/sv\/valj-din-forsta-man-sexleksak.html\/#Quelques_meilleurs_vibromasseurs_pour_homme\" >N\u00e5gra av de b\u00e4sta vibratorer f\u00f6r m\u00e4n<\/a><ul class='ez-toc-list-level-3' ><li class='ez-toc-heading-level-3'><a class=\"ez-toc-link ez-toc-heading-12\" href=\"https:\/\/god-vibro.com\/sv\/valj-din-forsta-man-sexleksak.html\/#Legg_tenga\" >\u00c4gget tenga\u00a0<\/a><\/li><li class='ez-toc-page-1 ez-toc-heading-level-3'><a class=\"ez-toc-link ez-toc-heading-13\" href=\"https:\/\/god-vibro.com\/sv\/valj-din-forsta-man-sexleksak.html\/#Le_double_anneau_vibrant\" >Den dubbla vibrerande ringen\u00a0<\/a><\/li><li class='ez-toc-page-1 ez-toc-heading-level-3'><a class=\"ez-toc-link ez-toc-heading-14\" href=\"https:\/\/god-vibro.com\/sv\/valj-din-forsta-man-sexleksak.html\/#Les_anneaux_ou_cockrings\" >Ringar eller kukringar<\/a><\/li><li class='ez-toc-page-1 ez-toc-heading-level-3'><a class=\"ez-toc-link ez-toc-heading-15\" href=\"https:\/\/god-vibro.com\/sv\/valj-din-forsta-man-sexleksak.html\/#Les_vibromasseurs_plugs_et_chapelets\" >Vibratorpluggar och rosenkransar\u00a0<\/a><\/li><li class='ez-toc-page-1 ez-toc-heading-level-3'><a class=\"ez-toc-link ez-toc-heading-16\" href=\"https:\/\/god-vibro.com\/sv\/valj-din-forsta-man-sexleksak.html\/#Les_gaines_ou_masturbateurs\" >Slidor eller masturbatorer\u00a0<\/a><\/li><li class='ez-toc-page-1 ez-toc-heading-level-3'><a class=\"ez-toc-link ez-toc-heading-17\" href=\"https:\/\/god-vibro.com\/sv\/valj-din-forsta-man-sexleksak.html\/#Le_masturbateur_play_Tr_myhixel\" >Spelet Tr myhixel masturbator\u00a0<\/a><\/li><\/ul><\/li><\/ul><\/nav><\/div>\n<h2 class=\"wp-block-heading\"><span class=\"ez-toc-section\" id=\"Les_criteres_de_choix_dun_vibromasseur\"><\/span>Kriterier f\u00f6r att v\u00e4lja en vibrator\u00a0<span class=\"ez-toc-section-end\"><\/span><\/h2>\n\n\n\n<p>Det finns flera kriterier f\u00f6r att v\u00e4lja en kvalitetsvibrator. S\u00e4rskilt om det \u00e4r din f\u00f6rsta sexleksak m\u00e5ste du ta h\u00e4nsyn till :<\/p>\n\n\n\n<ul class=\"wp-block-list\"><li>dina sexuella preferenser ;<\/li><li>din erfarenhet av anv\u00e4ndning av sexleksaker;<\/li><li>objektets material och textur;<\/li><li>vibrationernas intensitet ;<\/li><li>dess utformning ;<\/li><li>dess pris.<\/li><\/ul>\n\n\n\n<p>Det \u00e4r frestande att k\u00f6pa en billig sexleksak, men du kommer inte att f\u00e5 de k\u00e4nslor du vill ha om kvaliteten inte \u00e4r tillr\u00e4cklig.<\/p>\n\n\n\n<h3 class=\"wp-block-heading\"><span class=\"ez-toc-section\" id=\"_Vos_preferences\"><\/span>\u00a0\u00a0\u00a0\u00a0\u00a0Dina \u00f6nskem\u00e5l<span class=\"ez-toc-section-end\"><\/span><\/h3>\n\n\n\n<p>Tycker du om en stram fitta eller en djup fitta? Letar du efter en onani? Eller f\u00f6redrar du anal penetration? Det finns flera olika typer av vibratorer med olika former och k\u00e4nslor. F\u00f6r att g\u00f6ra r\u00e4tt val m\u00e5ste du ta h\u00e4nsyn till dina \u00f6nskem\u00e5l. Om du blir galen av att massera din penis kan du v\u00e4lja en massagevibrator. Om det d\u00e4remot \u00e4r penetration som g\u00f6r det m\u00f6jligt f\u00f6r dig att f\u00e5 orgasm, v\u00e4lj en analplugg. Om du fortfarande har sv\u00e5rt att best\u00e4mma dig kan du v\u00e4lja en m\u00e5ngsidig leksak.<\/p>\n\n\n\n<h3 class=\"wp-block-heading\"><span class=\"ez-toc-section\" id=\"_Votre_experience\"><\/span>\u00a0\u00a0\u00a0\u00a0Din erfarenhet<span class=\"ez-toc-section-end\"><\/span><\/h3>\n\n\n\n<p>Att anv\u00e4nda en vibrator p\u00e5 r\u00e4tt s\u00e4tt kr\u00e4ver erfarenhet. B\u00e5de n\u00e4r det g\u00e4ller att k\u00e4nna sin kropp och att beh\u00e4rska apparaten. Vissa vibratorer har enkla funktioner, s\u00e5 de \u00e4r l\u00e4tta att anv\u00e4nda men ganska begr\u00e4nsade. Om du \u00e4r mer erfaren kan du \u00f6verv\u00e4ga en vibrator med avancerade funktioner. Efter n\u00e5gra testtillf\u00e4llen kommer du att f\u00e5 det f\u00f6rv\u00e4ntade n\u00f6jet.<\/p>\n\n\n\n<figure class=\"wp-block-image\"><img decoding=\"async\" src=\"https:\/\/lh4.googleusercontent.com\/izLYUsA_ztxcEcdpY8CgcnzhTR0LLP3tlVfcro2235LDDiUQKKgf996YcEhV7OrLvlu6ADdWAAyPlGD6jj-j__sDBu1QG4OKna-ABF-WQqKcia2l_3M9OjFPqg1ATE4Evnd9HBuU\" alt=\"\"\/><\/figure>\n\n\n\n<h3 class=\"wp-block-heading\"><span class=\"ez-toc-section\" id=\"_Les_materiaux_et_la_texture\"><\/span>\u00a0\u00a0Material och textur<span class=\"ez-toc-section-end\"><\/span><\/h3>\n\n\n\n<p>Du kan inte k\u00f6pa ett f\u00f6rem\u00e5l utan att f\u00f6rst veta vilket material det \u00e4r tillverkat av. D\u00e4rf\u00f6r \u00e4r det viktigt att ha kunskap om de olika material som anv\u00e4nds f\u00f6r att tillverka en sextoy. Det finns sexleksaker gjorda av :\u00a0<\/p>\n\n\n\n<ul class=\"wp-block-list\"><li>silikon ;<\/li><li>h\u00e5rdplast ;<\/li><li>rostfritt st\u00e5l ;<\/li><li>biolain ;<\/li><li>metall ;<\/li><li>osv.<\/li><\/ul>\n\n\n\n<p>V\u00e4lj material som uppfyller kraven i lagstiftningen. Du kan v\u00e4lja en sexleksak i silikon. Detta \u00e4r ett mycket bra material. Det \u00e4r ocks\u00e5 icke-por\u00f6st och mycket l\u00e4tt att underh\u00e5lla.<\/p>\n\n\n\n<p>Undvik sexleksaker som inneh\u00e5ller ftalat. Detta material \u00e4r farligt f\u00f6r din h\u00e4lsa.\u00a0<\/p>\n\n\n\n<p>Du kan ocks\u00e5 v\u00e4lja vibratorer tillverkade av biosheath, rostfritt st\u00e5l. F\u00f6r en kall k\u00e4nsla kan du v\u00e4lja en sextoy i metall.\u00a0<\/p>\n\n\n\n<p>Det finns ocks\u00e5 sexleksaker i plast som rekommenderas. V\u00e4lj enligt dina \u00f6nskem\u00e5l. F\u00f6r att n\u00e5 orgasm ska du v\u00e4lja en r\u00e5gad eller bumpig sexleksak.\u00a0<\/p>\n\n\n\n<h3 class=\"wp-block-heading\"><span class=\"ez-toc-section\" id=\"_Le_design\"><\/span>\u00a0\u00a0Utformning\u00a0<span class=\"ez-toc-section-end\"><\/span><\/h3>\n\n\n\n<p>Det \u00e4r sj\u00e4lvklart att v\u00e4lja en leksak som tilltalar dig bara genom att titta p\u00e5 den. Detta \u00e4r naturligtvis viktigt, men det \u00e4r absolut inte d\u00e4rf\u00f6r du v\u00e4ljer allt utan att t\u00e4nka p\u00e5 hur det fungerar. Fokus p\u00e5 estetik och prestanda.\u00a0<\/p>\n\n\n\n<h3 class=\"wp-block-heading\">\u00a0\u00a0Vibrationernas intensitet<\/h3>\n\n\n\n<p>Det \u00e4r komplicerat att v\u00e4lja vibrationsintensitet n\u00e4r man k\u00f6per en sexleksak. Det \u00e4r dock inte s\u00e5 sv\u00e5rt. Du beh\u00f6ver bara t\u00e4nka p\u00e5 hur du vill \u00e4lska. Det finns dock flera typer av vibratorer med olika intensitet. V\u00e4lj multifunktionella sexleksaker. P\u00e5 s\u00e5 s\u00e4tt kan du justera intensiteten p\u00e5 vibrationerna n\u00e4r du vill.\u00a0<\/p>\n\n\n\n<h3 class=\"wp-block-heading\"><span class=\"ez-toc-section\" id=\"_Le_prix\"><\/span>\u00a0\u00a0\u00a0Priset<span class=\"ez-toc-section-end\"><\/span><\/h3>\n\n\n\n<p>Le prix d\u2019un vibromasseur de qualit\u00e9 varie. Il n\u2019a pas de prix standard. Vous pourrez trouver des vibromasseurs \u00e0 20 euros, comme \u00e0 200 euros. Pour vous procurer par exemple le Lelo Fs1, vous devrez d\u00e9bourser 169 euros. C\u2019est pourquoi vous devez pr\u00e9voir un budget en cons\u00e9quence.\u00a0<\/p>\n\n\n\n<figure class=\"wp-block-image\"><img decoding=\"async\" src=\"https:\/\/lh5.googleusercontent.com\/FaZ00KZSlf4PJIN0elpH22iPY1qhrFRdoRkzIO1-2mUaXoqA4OHUpSsFYYlBNQVurTSY2UbFvDm1kaLOxomfxQh_c6DJvl-pZJ6uWB-SHYPMwFT8gfzFIe58Bwv9iTrCRILz7HsL\" alt=\"\"\/><\/figure>\n\n\n\n<h2 class=\"wp-block-heading\"><span class=\"ez-toc-section\" id=\"Les_avantages_de_lutilisation_dun_vibromasseur\"><\/span>F\u00f6rdelarna med att anv\u00e4nda en vibrator\u00a0<span class=\"ez-toc-section-end\"><\/span><\/h2>\n\n\n\n<p>Det finns tv\u00e5 huvudsk\u00e4l till varf\u00f6r de flesta m\u00e4nniskor k\u00f6per en vibrator: f\u00f6r att ge sig sj\u00e4lva njutning och f\u00f6r att uppt\u00e4cka nya k\u00e4nslor.<\/p>\n\n\n\n<h3 class=\"wp-block-heading\"><span class=\"ez-toc-section\" id=\"_Se_procurer_du_plaisir_soi_meme\"><\/span>\u00a0\u00a0Att f\u00e5 n\u00f6je f\u00f6r dig sj\u00e4lv\u00a0<span class=\"ez-toc-section-end\"><\/span><\/h3>\n\n\n\n<p>Om du \u00e4r singel eller har sv\u00e5rt att n\u00e4rma dig kvinnor kommer du f\u00f6rmodligen att njuta av dig sj\u00e4lv. D\u00e4rf\u00f6r \u00e4r det en f\u00f6rdel med en vibrator.\u00a0<\/p>\n\n\n\n<p>Vibratorn g\u00f6r det m\u00f6jligt att onanera och n\u00e5 orgasm utan sexpartner. Du kan anv\u00e4nda alla m\u00f6jliga positioner. Om du \u00e4r rik kan du ocks\u00e5 k\u00f6pa en sexdocka. Dina \u00f6nskningar kommer att vara best\u00e4llningar och du kommer att k\u00e4nna dig som v\u00e4rldens kung i det \u00f6gonblicket.<\/p>\n\n\n\n<h3 class=\"wp-block-heading\"><span class=\"ez-toc-section\" id=\"_Allez_a_la_decouverte_de_nouvelles_sensations\"><\/span>\u00a0\u00a0Uppt\u00e4ck nya k\u00e4nslor\u00a0<span class=\"ez-toc-section-end\"><\/span><\/h3>\n\n\n\n<p>Vibratorer har f\u00f6rdelen att de \u00f6kar din sp\u00e4nningsniv\u00e5. De g\u00f6r det ocks\u00e5 m\u00f6jligt att uppn\u00e5 en prostatagl\u00f6dning. Det b\u00e4sta av allt \u00e4r att de \u00f6kar storleken p\u00e5 ditt k\u00f6n.\u00a0<\/p>\n\n\n\n<p>Intensiteten i penetreringen kan ocks\u00e5 uppn\u00e5s med en vibrerande ring. Om du \u00e4r sado-masochist kan du ocks\u00e5 binda dig sj\u00e4lv f\u00f6r att n\u00e5 en annan niv\u00e5 av sp\u00e4nning. Du kan \u00e4lska med din sexdocka s\u00e5 m\u00e5nga g\u00e5nger du vill. Tack vare cockringen kan utl\u00f6sningen f\u00f6rdr\u00f6jas.<\/p>\n\n\n\n<h2 class=\"wp-block-heading\"><span class=\"ez-toc-section\" id=\"Quelques_meilleurs_vibromasseurs_pour_homme\"><\/span>N\u00e5gra av de b\u00e4sta vibratorer f\u00f6r m\u00e4n<span class=\"ez-toc-section-end\"><\/span><\/h2>\n\n\n\n<p>Det finns flera olika typer av vibratorer f\u00f6r m\u00e4n. Bland detta breda utbud finns det flera olika typer:<\/p>\n\n\n\n<ul class=\"wp-block-list\"><li>skidor eller masturbatorer ;<\/li><li>ringar eller kukringar ;<\/li><li>vibratorpluggar och rosenkransar ;<\/li><li>bondage spel ;\u00a0<\/li><li>prostatastimulator ;<\/li><li>osv.<\/li><\/ul>\n\n\n\n<h3 class=\"wp-block-heading\"><span class=\"ez-toc-section\" id=\"Legg_tenga\"><\/span>\u00c4gget tenga\u00a0<span class=\"ez-toc-section-end\"><\/span><\/h3>\n\n\n\n<p>Detta \u00e4r den mest popul\u00e4ra sexleksaken bland m\u00e4n. Den \u00e4r formad som ett \u00e4gg. Tack vare denna form ger den intensiv njutning. Den anpassar sig ocks\u00e5 till storleken p\u00e5 din penis. Dess konsistens \u00e4r j\u00e4mf\u00f6rbar med en riktig vagina. Den s\u00e4ljs f\u00f6r 9,95 euro.\u00a0<\/p>\n\n\n\n<h3 class=\"wp-block-heading\"><span class=\"ez-toc-section\" id=\"Le_double_anneau_vibrant\"><\/span>Den dubbla vibrerande ringen\u00a0<span class=\"ez-toc-section-end\"><\/span><\/h3>\n\n\n\n<p>C\u2019est un vibromasseur unisexe. Vous pouvez l\u2019utiliser seul comme avec votre partenaire.\u00a0 Il est tr\u00e8s facile \u00e0 mettre et fonctionne avec une pile. Il vous procure une sensation intense. Essayez-le et vous serez certainement satisfait.\u00a0<\/p>\n\n\n\n<h3 class=\"wp-block-heading\"><span class=\"ez-toc-section\" id=\"Les_anneaux_ou_cockrings\"><\/span>Ringar eller kukringar<span class=\"ez-toc-section-end\"><\/span><\/h3>\n\n\n\n<p>Det finns tv\u00e5 typer av kukringar. Du kan v\u00e4lja mellan dubbla och enkla ringar. Den enda ringen placeras runt penis. De vibrerar och ger dig en stark k\u00e4nsla i penis. Din erektion \u00e4r mycket fast och h\u00e5rd. Om du v\u00e4ljer den dubbla ringen, lindas den andra ringen runt b\u00e5da dina testiklar. K\u00e4nslan \u00e4r \u00e4nnu mer intensiv.\u00a0<\/p>\n\n\n\n<h3 class=\"wp-block-heading\"><span class=\"ez-toc-section\" id=\"Les_vibromasseurs_plugs_et_chapelets\"><\/span>Vibratorpluggar och rosenkransar\u00a0<span class=\"ez-toc-section-end\"><\/span><\/h3>\n\n\n\n<p>Med den h\u00e4r sexleksaken kan du stimulera P-punkten. I motsats till vad de flesta tror \u00e4r den h\u00e4r vibratorn inte bara f\u00f6r b\u00f6gar. Du kan prova det \u00e4ven om du \u00e4r heterosexuell. Den h\u00e4r analpluggen rekommenderas f\u00f6r sodomi och \u00e4r en utm\u00e4rkt sexleksak. Den stimulerar ocks\u00e5 din prostata om du anv\u00e4nder den p\u00e5 r\u00e4tt s\u00e4tt. Du kan f\u00e5 den till ett \u00f6verkomligt pris.\u00a0<\/p>\n\n\n\n<h3 class=\"wp-block-heading\"><span class=\"ez-toc-section\" id=\"Les_gaines_ou_masturbateurs\"><\/span>Slidor eller masturbatorer\u00a0<span class=\"ez-toc-section-end\"><\/span><\/h3>\n\n\n\n<p>Den h\u00e4r sexleksaken \u00e4r en av de b\u00e4sta vibratorerna f\u00f6r m\u00e4n. Du hittar skidor i flera olika modeller och typer. Det finns h\u00f6ljen\u00a0<\/p>\n\n\n\n<ul class=\"wp-block-list\"><li>manuell ;<\/li><li>automatisk ;<\/li><li>uppv\u00e4rmd ;<\/li><li>vibrerande.<\/li><\/ul>\n\n\n\n<p>Konsistensen g\u00f6r att det k\u00e4nns som om du har sex. Manuella mantlar \u00e4r billigare \u00e4n automatiska mantlar. De automatiska tar dig till det sjunde \u00e5rhundradet.<\/p>\n\n\n\n<figure class=\"wp-block-image\"><img decoding=\"async\" src=\"https:\/\/lh4.googleusercontent.com\/yYnDE_BkrsudZm358Uwv-UKkKixdmRUvC_JHf7PGAcw0HVRaUkIj1wxwDeGkQrME3n0bzduaE_JcQ8oQDBQmTBzuws5_hgZ9x1se8u9q0mr_jp2h20PADMFIUuNmXqEXj8uPu-BP\" alt=\"\"\/><\/figure>\n\n\n\n<h3 class=\"wp-block-heading\"><span class=\"ez-toc-section\" id=\"Le_masturbateur_play_Tr_myhixel\"><\/span>Spelet Tr myhixel masturbator\u00a0<span class=\"ez-toc-section-end\"><\/span><\/h3>\n\n\n\n<p>Ce sextoy peut \u00eatre utilis\u00e9 seul ou \u00e0 deux. Il permet de retenir l\u2019\u00e9jaculation le plus longtemps possible. Gr\u00e2ce \u00e0 sa fonction chauffante, il procure une sensation de douceur et de plaisir. Il est dot\u00e9 d\u2019une batterie rechargeable gr\u00e2ce \u00e0 un fil USB.\u00a0<\/p>","protected":false},"excerpt":{"rendered":"<p>A L\u2019instar des vibromasseurs pour femmes, les vibromasseurs pour hommes rec\u00e8lent \u00e9galement des sp\u00e9cificit\u00e9s qui conditionnent le choix de tout acheteur. Si vous d\u00e9sirez acqu\u00e9rir votre premier vibromasseur, vous devez tenir compte de certains \u00e9l\u00e9ments.Il s\u2019agit entre autres des sensations recherch\u00e9es, de votre exp\u00e9rience ou encore du design de l\u2019objet. Les crit\u00e8res de choix d\u2019un [&hellip;]<\/p>\n","protected":false},"author":1,"featured_media":0,"parent":0,"menu_order":0,"comment_status":"closed","ping_status":"closed","template":"","meta":{"_acf_changed":false,"_seopress_robots_primary_cat":"","_seopress_titles_title":"","_seopress_titles_desc":"","_seopress_robots_index":"","_seopress_analysis_target_kw":"","_uag_custom_page_level_css":"","site-sidebar-layout":"default","site-content-layout":"","ast-site-content-layout":"default","site-content-style":"default","site-sidebar-style":"default","ast-global-header-display":"","ast-banner-title-visibility":"","ast-main-header-display":"","ast-hfb-above-header-display":"","ast-hfb-below-header-display":"","ast-hfb-mobile-header-display":"","site-post-title":"","ast-breadcrumbs-content":"","ast-featured-img":"","footer-sml-layout":"","theme-transparent-header-meta":"","adv-header-id-meta":"","stick-header-meta":"","header-above-stick-meta":"","header-main-stick-meta":"","header-below-stick-meta":"","astra-migrate-meta-layouts":"default","ast-page-background-enabled":"default","ast-page-background-meta":{"desktop":{"background-color":"var(--ast-global-color-4)","background-image":"","background-repeat":"repeat","background-position":"center center","background-size":"auto","background-attachment":"scroll","background-type":"","background-media":"","overlay-type":"","overlay-color":"","overlay-opacity":"","overlay-gradient":""},"tablet":{"background-color":"","background-image":"","background-repeat":"repeat","background-position":"center center","background-size":"auto","background-attachment":"scroll","background-type":"","background-media":"","overlay-type":"","overlay-color":"","overlay-opacity":"","overlay-gradient":""},"mobile":{"background-color":"","background-image":"","background-repeat":"repeat","background-position":"center center","background-size":"auto","background-attachment":"scroll","background-type":"","background-media":"","overlay-type":"","overlay-color":"","overlay-opacity":"","overlay-gradient":""}},"ast-content-background-meta":{"desktop":{"background-color":"var(--ast-global-color-5)","background-image":"","background-repeat":"repeat","background-position":"center center","background-size":"auto","background-attachment":"scroll","background-type":"","background-media":"","overlay-type":"","overlay-color":"","overlay-opacity":"","overlay-gradient":""},"tablet":{"background-color":"var(--ast-global-color-5)","background-image":"","background-repeat":"repeat","background-position":"center center","background-size":"auto","background-attachment":"scroll","background-type":"","background-media":"","overlay-type":"","overlay-color":"","overlay-opacity":"","overlay-gradient":""},"mobile":{"background-color":"var(--ast-global-color-5)","background-image":"","background-repeat":"repeat","background-position":"center center","background-size":"auto","background-attachment":"scroll","background-type":"","background-media":"","overlay-type":"","overlay-color":"","overlay-opacity":"","overlay-gradient":""}},"footnotes":""},"class_list":["post-843","page","type-page","status-publish","hentry"],"acf":[],"uagb_featured_image_src":{"full":false,"thumbnail":false,"medium":false,"medium_large":false,"large":false,"1536x1536":false,"2048x2048":false,"trp-custom-language-flag":false,"ultp_layout_landscape_large":false,"ultp_layout_landscape":false,"ultp_layout_portrait":false,"ultp_layout_square":false},"uagb_author_info":{"display_name":"brigitte","author_link":"https:\/\/god-vibro.com\/sv\/author\/brigitte"},"uagb_comment_info":0,"uagb_excerpt":"A L\u2019instar des vibromasseurs pour femmes, les vibromasseurs pour hommes rec\u00e8lent \u00e9galement des sp\u00e9cificit\u00e9s qui conditionnent le choix de tout acheteur. Si vous d\u00e9sirez acqu\u00e9rir votre premier vibromasseur, vous devez tenir compte de certains \u00e9l\u00e9ments.Il s\u2019agit entre autres des sensations recherch\u00e9es, de votre exp\u00e9rience ou encore du design de l\u2019objet. Les crit\u00e8res de choix d\u2019un&hellip;","_links":{"self":[{"href":"https:\/\/god-vibro.com\/sv\/wp-json\/wp\/v2\/pages\/843","targetHints":{"allow":["GET"]}}],"collection":[{"href":"https:\/\/god-vibro.com\/sv\/wp-json\/wp\/v2\/pages"}],"about":[{"href":"https:\/\/god-vibro.com\/sv\/wp-json\/wp\/v2\/types\/page"}],"author":[{"embeddable":true,"href":"https:\/\/god-vibro.com\/sv\/wp-json\/wp\/v2\/users\/1"}],"replies":[{"embeddable":true,"href":"https:\/\/god-vibro.com\/sv\/wp-json\/wp\/v2\/comments?post=843"}],"version-history":[{"count":0,"href":"https:\/\/god-vibro.com\/sv\/wp-json\/wp\/v2\/pages\/843\/revisions"}],"wp:attachment":[{"href":"https:\/\/god-vibro.com\/sv\/wp-json\/wp\/v2\/media?parent=843"}],"curies":[{"name":"wp","href":"https:\/\/api.w.org\/{rel}","templated":true}]}}