{"id":278,"date":"2021-11-02T01:10:05","date_gmt":"2021-11-02T01:10:05","guid":{"rendered":"https:\/\/god-vibro.com\/les-7-jouets-lovense-les-plus-populaires-que-vous-devez-vous-procurer-maintenant\/"},"modified":"2021-12-08T01:50:43","modified_gmt":"2021-12-08T01:50:43","slug":"7-sextoys-lovense","status":"publish","type":"page","link":"https:\/\/god-vibro.com\/sl\/7-sextoys-lovense.html","title":{"rendered":"7 najbolj priljubljenih spolnih igra\u010d Lovense"},"content":{"rendered":"\n<p>Vous \u00eates \u00e0 la recherche de votre premier ou prochain jouet ? Vous souhaitez trouver un sextoy pour le plaisir clitorien, anal ? Les sextoys Lovense sont <strong>des appareils de plaisir \u00e0 la pointe de la technologie<\/strong>. Pour r\u00e9pondre \u00e0 cette question, voici, par ordre d\u00e9croissant de ventes selon nos recherches, les sept jouets Lovense les plus populaires. <\/p>\n\n\n\n<p>#1 : Lush 3 #2 : Max 2 #3 : Nora #4 : Edge 2 #5 : Hush #6 : Ferri #7 : Diamo.<\/p>\n\n\n\n<h2 class=\"wp-block-heading\">\ud83e\udd47Lush 3 \u2013 Le best-seller des produits Lovense<\/h2>\n\n\n\n<div class=\"wp-block-image\"><figure class=\"aligncenter\"><img decoding=\"async\" src=\"https:\/\/god-vibro.com\/wp-content\/uploads\/2021\/11\/best-bluetooth-sex-toys.jpg\" alt=\"les meilleurs jouets sexuels bluetooth\" class=\"wp-image-3711\"\/><\/figure><\/div>\n\n\n\n<p>En haut de notre liste se trouve le favori des fans de tous ceux qui aiment les\u2026 <strong>stimulation du point G<\/strong>. La nouvelle version fait suite \u00e0 une longue et respectable lign\u00e9e de vibrateurs, chacun parvenant \u00e0 faire un pas en avant significatif en mati\u00e8re d\u2019autonomie de la batterie, de puissance du moteur, de facilit\u00e9 et de coh\u00e9rence de la connectivit\u00e9 Bluetooth, et de conception globale. <strong>L<\/strong>\u2018antenne du jouet, avec une fermet\u00e9 exceptionnelle con\u00e7ue pour garder le composant de stimulation du point G du Lush 3 en place l\u00e0 o\u00f9 il est le plus n\u00e9cessaire et comment il accorde aux utilisateurs la possibilit\u00e9 de r\u00e9gler avec pr\u00e9cision o\u00f9 ses vibrations font leur indispensable vibration. Le logiciel Lovense Remote est disponible pour les ordinateurs PC et Apple, ainsi qu\u2019une application Android ou iPhone. Une fois le logiciel install\u00e9 sur votre mat\u00e9riel pr\u00e9f\u00e9r\u00e9, vous pouvez prendre le contr\u00f4le du Lush 3, qu\u2019il se trouve dans la m\u00eame pi\u00e8ce ou \u00e0 l\u2019autre bout du monde. C<strong>r\u00e9er des listes de lecture personnalis\u00e9es<\/strong>, Il a m\u00eame la capacit\u00e9 d\u2019\u00eatre un dispositif sexuel quelque peu cach\u00e9, car bien que son moteur soit puissant, il est aussi merveilleusement silencieux. Ainsi, personne ne saura qu\u2019il est utilis\u00e9, sauf vous-m\u00eame et les personnes que vous avez pu rencontrer. Avec son design unique mais sexuellement efficace, sa connectivit\u00e9 sans faille coupl\u00e9e \u00e0 toutes les excellentes options de r\u00e9glage et autres que l\u2019application Lovense Remote a \u00e0 offrir, et sa capacit\u00e9 \u00e0 s\u2019adapter \u00e0 toutes les situations. Le Lush 3 est la promesse de la technologie du sexe devenue r\u00e9alit\u00e9. V\u00e9rifier le prix<\/i><\/p>\n\n\n\n<div class=\"wp-block-buttons is-content-justification-center is-layout-flex wp-block-buttons-is-layout-flex\">\n<div class=\"wp-block-button\"><a class=\"wp-block-button__link\" href=\"https:\/\/god-vibro.com\/examen-du-lovense-lush-3-le-meilleur-vibrateur-telecommande\/\">Notre test complet ici<\/a><\/div>\n<\/div>\n\n\n\n<h2 class=\"wp-block-heading\">\ud83e\udd48Max 2 \u2013 Le masturbateur \u00e0 la finition exceptionnelle <\/h2>\n\n\n\n<div class=\"wp-block-image\"><figure class=\"aligncenter\"><img decoding=\"async\" src=\"https:\/\/god-vibro.com\/wp-content\/uploads\/2021\/11\/best-wireless-male-masturbator.jpg\" alt=\"meilleur masturbateur masculin sans fil\" class=\"wp-image-3713\"\/><\/figure><\/div>\n\n\n\n<p>Pour vous les hommes, Lovense vous fait d\u00e9couvrir avec son Max 2 : un masturbateur excitant et enti\u00e8rement interactif. Construit avec le confort et l\u2019excitation en t\u00eate, le Max 2 fait tout ce qu\u2019un <meta charset=\"utf-8\">masturbateur devrait faire et bien plus encore. Par exemple, il <strong>vibre tout en contractant doucement<\/strong> . Le Max 2 est aussi intelligent qu\u2019efficace, combinant tout ce mat\u00e9riel excitant avec un m\u00e9canisme intelligent n\u00e9cessaire pour fonctionner avec Lovense Remote et, mieux encore, avec Mirror Life, l\u2019impressionnant banc d\u2019essai de Lovense pour les jeux vid\u00e9o \u00e9rotiques, et leur Media Player, o\u00f9 vous pouvez mettre en place des jeux vid\u00e9o \u00e9rotiques.<strong> mod\u00e8les vibratoires personnalis\u00e9s<\/strong> pour accompagner l\u2019action de votre film porno pr\u00e9f\u00e9r\u00e9 ! Oui, vous avez bien lu avec des lunettes de r\u00e9alit\u00e9 virtuelle, il est possible d\u2019\u00eatre dans un film et le tout connect\u00e9 avec son Max 2.<\/p>\n\n\n\n<h2 class=\"wp-block-heading\">\ud83e\udd49Nora \u2013 Le vibromasseur \u00ablapin\u00bb 100% efficace<\/h2>\n\n\n\n<div class=\"wp-block-image\"><figure class=\"aligncenter\"><img decoding=\"async\" src=\"https:\/\/god-vibro.com\/wp-content\/uploads\/2021\/11\/sextoys-best-vibrators-women-couples.jpg\" alt=\"sextoys meilleurs vibrateurs femmes couples\" class=\"wp-image-3729\"\/><\/figure><\/div>\n\n\n\n<p>Ca a \u00e9t\u00e9 pour mon premier sextoy. <strong>Vibrateur style lapin<\/strong> un vibrateur fabriqu\u00e9 en silicone de tr\u00e8s haute qualit\u00e9, aliment\u00e9 par des moteurs aussi durables que puissants, et \u00e9quip\u00e9 de tout ce qu\u2019il faut pour que le jouet fonctionne avec Lovense Remote. Ainsi, si l\u2019un d\u2019eux ne fait pas ce qu\u2019il pourrait faire ou s\u2019il est un peu trop puissant, vous pouvez\u2026 fair du<strong>\u00ab r\u00e9glage fin<\/strong>\u00bb. Le nora c\u2019est la possibilt\u00e9 d\u2019avoir un orgasme clitorien et vaginal en m\u00eame temps. Le vibromasseur \u00e0 une t\u00eate qui pivote, on peut r\u00e9gler la vitesse de vibration ET la vitesse de rotation. c\u2019est assez incroyable !<\/p>\n\n\n\n<div class=\"wp-block-buttons is-content-justification-center is-layout-flex wp-block-buttons-is-layout-flex\">\n<div class=\"wp-block-button\"><a class=\"wp-block-button__link\" href=\"https:\/\/god-vibro.com\/lovense-nora-le-sex-toy-qui-procure-des-orgasmes-epoustouflants\/\">Notre avis sur le Nora<\/a><\/div>\n<\/div>\n\n\n\n<h2 class=\"wp-block-heading\">\ud83c\udfc5Edge 2 \u2013 Le jouet pour la d\u00e9couvert du plaisir anal<\/h2>\n\n\n\n<div class=\"wp-block-image\"><figure class=\"aligncenter\"><img decoding=\"async\" src=\"https:\/\/god-vibro.com\/wp-content\/uploads\/2021\/11\/the-best-sextoys-for-couples.jpg\" alt=\"les meilleurs sextoys pour les couples\" class=\"wp-image-3730\"\/><\/figure><\/div>\n\n\n\n<p>Avec le m\u00eame degr\u00e9 \u00e9lev\u00e9 de diligence et d\u2019enthousiasme, ils ont apport\u00e9 \u00e0 leur p\u00e9nis et les produits vaginaux, mais d\u00e9di\u00e9 \u00e0 la stimulation anale, Lovense\u2019s Edge 2 est devenu le end-all, be-all <strong>masseur de prostate<\/strong>Pour les amateurs de ce genre d\u2019activit\u00e9 sexuelle, c\u2019est une excellente nouvelle. Principalement parce que les concepteurs de Lovense ont fait leurs devoirs en mati\u00e8re de sexe anal et, plut\u00f4t que de copier ce que tout le monde a fait, ils sont partis de z\u00e9ro. Une pens\u00e9e innovante qui nous a donn\u00e9 un jouet puissant, flexible, durable, excitant et confortable. Construit pour le plaisir et la s\u00e9curit\u00e9, le Edge 2 coche toutes les cases n\u00e9cessaires \u00e0 un bon rapport sexuel.<strong> une exp\u00e9rience de sexe anal fantastique<\/strong> Le Lovense Remote permet de contr\u00f4ler le plaisir anal \u00e0 distance ou de le configurer pour qu\u2019il danse au rythme des vibrations que vous pr\u00e9f\u00e9rez.<\/i> V\u00e9rifier le prix<\/p>\n\n\n\n<h2 class=\"wp-block-heading\"><span class=\"ez-toc-section\" id=\"n%C2%B05_Hush\"><\/span>#n\u00b05 : Hush<span class=\"ez-toc-section-end\"><\/span><\/h2>\n\n\n\n<div class=\"wp-block-image\"><figure class=\"aligncenter\"><img decoding=\"async\" src=\"https:\/\/god-vibro.com\/wp-content\/uploads\/2021\/11\/sex-toy-lovense-adult-games.png\" alt=\"sex toy lovense jeux pour adultes\" class=\"wp-image-3731\"\/><\/figure><\/div>\n\n\n\n<p>Si vous aimez<strong> les jouets anal<\/strong> Mais si vous n\u2019aimez pas le massage de la prostate, Lovense a ce qu\u2019il vous faut pour combler vos\u2026 disons, besoins avec le Hush. Avec toute l\u2019intelligence et la puissance de son cousin stimulant la prostate, ce butt plug est excellent pour tous ceux qui aiment les jeux anaux. Et lorsque vous avez pass\u00e9 un bon moment avec lui, le design innovant en spirale du Hush permet de le retirer en quelques tours rapides. <strong>sextoy sans les mains<\/strong>Ce n\u2019est pas seulement la premi\u00e8re incursion de Lovense dans le domaine des bouchons de cul t\u00e9l\u00e9dildoniques, c\u2019est aussi le premier de son genre, point final, ce qui prouve qu\u2019il s\u2019agit d\u2019une entreprise qui a pris les devants dans le domaine de l\u2019innovation et de la technologie. <strong>m\u00e9langeant interactivit\u00e9 et plaisir anal<\/strong>.<\/i> V\u00e9rifier le prix<\/p>\n\n\n\n<h2 class=\"wp-block-heading\"><span class=\"ez-toc-section\" id=\"6_Ferri\"><\/span>#6 : Ferri<span class=\"ez-toc-section-end\"><\/span><\/h2>\n\n\n\n<div class=\"wp-block-image\"><figure class=\"aligncenter\"><img decoding=\"async\" src=\"https:\/\/god-vibro.com\/wp-content\/uploads\/2021\/11\/sex-toys-vibrators-internet-connected.jpg\" alt=\"sex toys vibrateurs internet connect\u00e9\" class=\"wp-image-3732\"\/><\/figure><\/div>\n\n\n\n<p>Le Ferri est plus qu\u2019une simple nuance de la m\u00eame couleur, Lovense a revu toute l\u2019id\u00e9e d\u2019un vibromasseur petit mais efficace en le construisant \u00e9quip\u00e9 d\u2019un syst\u00e8me magn\u00e9tique sp\u00e9cial pour qu\u2019il puisse \u00eatre utilis\u00e9 dans n\u2019importe quelle position. <strong>\u00eatre attach\u00e9 aux sous-v\u00eatements de la personne qui le porte.<\/strong>Apr\u00e8s l\u2019avoir fix\u00e9 en place, le Ferri est formidable pour une myriade d\u2019escapades sexuelles secr\u00e8tes. Comme il fonctionne parfaitement avec Lovense Remote, un partenaire peut faire tourner le moteur sexuel de son partenaire de n\u2019importe o\u00f9 dans la m\u00eame pi\u00e8ce ou m\u00eame d\u2019un continent \u00e0 l\u2019autre.<strong> un vibrateur \u00e0 balles r\u00e9imagin\u00e9 <\/strong>con\u00e7u pour \u00eatre port\u00e9 de pr\u00e8s et de mani\u00e8re tr\u00e8s personnelle, en toute s\u00e9curit\u00e9 \u00e0 la maison ou en ville : un sextoy d\u2019un tout nouveau genre que seuls les cerveaux sexy de Lovense ont pu imaginer.<\/p>\n\n\n\n<div class=\"wp-block-buttons is-content-justification-center is-layout-flex wp-block-buttons-is-layout-flex\">\n<div class=\"wp-block-button\"><a class=\"wp-block-button__link\" href=\"https:\/\/god-vibro.com\/revue-de-lovense-ferri-lultime-vibrateur-portable\/\">La revue du Ferri est ici<\/a><\/div>\n<\/div>\n\n\n\n<h2 class=\"wp-block-heading\"><span class=\"ez-toc-section\" id=\"7_Diamo\"><\/span>#7 : Diamo<span class=\"ez-toc-section-end\"><\/span><\/h2>\n\n\n\n<div class=\"wp-block-image\"><figure class=\"aligncenter\"><img decoding=\"async\" src=\"https:\/\/god-vibro.com\/wp-content\/uploads\/2021\/11\/the-best-sextoys-for-men.jpg\" alt=\"les meilleurs sextoys pour hommes\" class=\"wp-image-3734\"\/><\/figure><\/div>\n\n\n\n<p>La soci\u00e9t\u00e9 se pr\u00e9sente comme une entreprise qui ne laisse rien au hasard en mati\u00e8re de sexualit\u00e9, pour les personnes qui aiment le sexe. <strong>anneaux de bite<\/strong> Si vous cherchez quelque chose de plus, notre dernier jouet est le Diamo.Le dernier mais non le moindre, car Lovense a fait des pieds et des mains pour concevoir et fabriquer ce jouet vibrant et contraignant. <strong>bien ajust\u00e9<\/strong> en place derri\u00e8re la tige du p\u00e9nis et, comme d\u2019autres anneaux p\u00e9niens, \u00e9galement derri\u00e8re les testicules, le Diamo peut \u00eatre ajust\u00e9 pour r\u00e9pondre aux besoins sexuels de la personne qui le porte et \u00e0 ceux de son partenaire, ce qui en fait bien plus qu\u2019un anneau p\u00e9nien bourdonnant ordinaire. Lovense a contribu\u00e9 \u00e0 le rendre <strong>personnalisable par l\u2019utilisateur<\/strong> en fournissant un guide informatif sur leur site Web pour mettre en \u00e9vidence toutes ces possibilit\u00e9s. Cela ne veut pas dire que vous ne pouvez pas inventer le v\u00f4tre, bien s\u00fbr.Mais, attendez, il y a plus ! En plus de tous ces jouets Lovense, le Diamo fonctionne main dans la main avec leur Lovense Remote, de sorte que ses vibrations stimulantes peuvent \u00eatre r\u00e9gl\u00e9es avec pr\u00e9cision selon les d\u00e9sirs de votre c\u0153ur \u2013 ou de votre p\u00e9nis. <strong>le contr\u00f4le consensuel de vos organes g\u00e9nitaux<\/strong> \u00e0 une autre personne, vous pouvez lui permettre de vous offrir tous les plaisirs que votre Diamo a \u00e0 offrir \u2013 ou, si vous avez \u00e9t\u00e9 vilain, de ne pas l\u2019\u00eatre.<\/p>\n\n\n\n<h2 class=\"wp-block-heading\"><span class=\"ez-toc-section\" id=\"Le_tableau_comparatif_de_tous_les_produits_Lovense\"><\/span>Le tableau comparatif de tous les produits Lovense<span class=\"ez-toc-section-end\"><\/span><\/h2>\n\n\n\n[wptb id=239]\n\n\n\n<h2 class=\"wp-block-heading\"><span class=\"ez-toc-section\" id=\"En_conclusion\"><\/span>En conclusion<span class=\"ez-toc-section-end\"><\/span><\/h2>\n\n\n\n<p>En recherchant les besoins et les d\u00e9sirs sexuels, en concevant le fonctionnement de chaque produit, en trouvant comment assembler leurs produits et en s\u2019assurant que ce qui sort de la cha\u00eene de montage est de la plus haute qualit\u00e9, ils ont toujours les yeux riv\u00e9s sur le prix. <strong>satisfaction du client<\/strong>. Ce qui est le plus excitant, ce n\u2019est pas la r\u00e9ussite de Lovense ou la popularit\u00e9 de ses jouets, mais le fait qu\u2019il ne s\u2019agit pas d\u2019une entreprise qui va se reposer sur ses lauriers en mati\u00e8re de technologie sexuelle.<strong> des listes de best-sellers<\/strong>nous savons ce qu\u2019ils ont en t\u00eate pour leur prochain, ou le prochain, ou le prochain d\u00e9lice sextech qu\u2019ils nous proposent, et qui va nous \u00e9poustoufler \u2013 et faire exploser nos libidos.<\/p>\n","protected":false},"excerpt":{"rendered":"<p>Vous \u00eates \u00e0 la recherche de votre premier ou prochain jouet ? Vous souhaitez trouver un sextoy pour le plaisir clitorien, anal ? Les sextoys Lovense sont des appareils de plaisir \u00e0 la pointe de la technologie. Pour r\u00e9pondre \u00e0 cette question, voici, par ordre d\u00e9croissant de ventes selon nos recherches, les sept jouets Lovense [&hellip;]<\/p>\n","protected":false},"author":1,"featured_media":506,"parent":0,"menu_order":0,"comment_status":"open","ping_status":"open","template":"","meta":{"_acf_changed":false,"_seopress_robots_primary_cat":"none","_seopress_titles_title":"Les 7 sextoys Lovense les plus populaire - Tableau comparatif des produits Lovense","_seopress_titles_desc":"Cette page vous fait d\u00e9couvrir les 7 meilleurs ventes des produit Lovense. Nous avons aussi fait un tableau comparatif pour trouver votre premier ou prochain jouet.","_seopress_robots_index":"","_seopress_analysis_target_kw":"","_uag_custom_page_level_css":"","site-sidebar-layout":"default","site-content-layout":"","ast-site-content-layout":"default","site-content-style":"default","site-sidebar-style":"default","ast-global-header-display":"","ast-banner-title-visibility":"","ast-main-header-display":"","ast-hfb-above-header-display":"","ast-hfb-below-header-display":"","ast-hfb-mobile-header-display":"","site-post-title":"","ast-breadcrumbs-content":"","ast-featured-img":"","footer-sml-layout":"","theme-transparent-header-meta":"","adv-header-id-meta":"","stick-header-meta":"","header-above-stick-meta":"","header-main-stick-meta":"","header-below-stick-meta":"","astra-migrate-meta-layouts":"default","ast-page-background-enabled":"default","ast-page-background-meta":{"desktop":{"background-color":"var(--ast-global-color-4)","background-image":"","background-repeat":"repeat","background-position":"center center","background-size":"auto","background-attachment":"scroll","background-type":"","background-media":"","overlay-type":"","overlay-color":"","overlay-opacity":"","overlay-gradient":""},"tablet":{"background-color":"","background-image":"","background-repeat":"repeat","background-position":"center center","background-size":"auto","background-attachment":"scroll","background-type":"","background-media":"","overlay-type":"","overlay-color":"","overlay-opacity":"","overlay-gradient":""},"mobile":{"background-color":"","background-image":"","background-repeat":"repeat","background-position":"center center","background-size":"auto","background-attachment":"scroll","background-type":"","background-media":"","overlay-type":"","overlay-color":"","overlay-opacity":"","overlay-gradient":""}},"ast-content-background-meta":{"desktop":{"background-color":"var(--ast-global-color-5)","background-image":"","background-repeat":"repeat","background-position":"center center","background-size":"auto","background-attachment":"scroll","background-type":"","background-media":"","overlay-type":"","overlay-color":"","overlay-opacity":"","overlay-gradient":""},"tablet":{"background-color":"var(--ast-global-color-5)","background-image":"","background-repeat":"repeat","background-position":"center center","background-size":"auto","background-attachment":"scroll","background-type":"","background-media":"","overlay-type":"","overlay-color":"","overlay-opacity":"","overlay-gradient":""},"mobile":{"background-color":"var(--ast-global-color-5)","background-image":"","background-repeat":"repeat","background-position":"center center","background-size":"auto","background-attachment":"scroll","background-type":"","background-media":"","overlay-type":"","overlay-color":"","overlay-opacity":"","overlay-gradient":""}},"footnotes":""},"class_list":["post-278","page","type-page","status-publish","has-post-thumbnail","hentry"],"acf":[],"uagb_featured_image_src":{"full":["https:\/\/god-vibro.com\/wp-content\/uploads\/2021\/11\/sextoys-populaire-lovense.png",1229,500,false],"thumbnail":["https:\/\/god-vibro.com\/wp-content\/uploads\/2021\/11\/sextoys-populaire-lovense-150x150.png",150,150,true],"medium":["https:\/\/god-vibro.com\/wp-content\/uploads\/2021\/11\/sextoys-populaire-lovense-300x122.png",300,122,true],"medium_large":["https:\/\/god-vibro.com\/wp-content\/uploads\/2021\/11\/sextoys-populaire-lovense-768x312.png",768,312,true],"large":["https:\/\/god-vibro.com\/wp-content\/uploads\/2021\/11\/sextoys-populaire-lovense-1024x417.png",1024,417,true],"1536x1536":["https:\/\/god-vibro.com\/wp-content\/uploads\/2021\/11\/sextoys-populaire-lovense.png",1229,500,false],"2048x2048":["https:\/\/god-vibro.com\/wp-content\/uploads\/2021\/11\/sextoys-populaire-lovense.png",1229,500,false],"trp-custom-language-flag":["https:\/\/god-vibro.com\/wp-content\/uploads\/2021\/11\/sextoys-populaire-lovense.png",18,7,false],"ultp_layout_landscape_large":["https:\/\/god-vibro.com\/wp-content\/uploads\/2021\/11\/sextoys-populaire-lovense.png",1200,488,false],"ultp_layout_landscape":["https:\/\/god-vibro.com\/wp-content\/uploads\/2021\/11\/sextoys-populaire-lovense.png",870,354,false],"ultp_layout_portrait":["https:\/\/god-vibro.com\/wp-content\/uploads\/2021\/11\/sextoys-populaire-lovense.png",600,244,false],"ultp_layout_square":["https:\/\/god-vibro.com\/wp-content\/uploads\/2021\/11\/sextoys-populaire-lovense.png",600,244,false]},"uagb_author_info":{"display_name":"brigitte","author_link":"https:\/\/god-vibro.com\/sl\/author\/brigitte"},"uagb_comment_info":74,"uagb_excerpt":"Vous \u00eates \u00e0 la recherche de votre premier ou prochain jouet ? Vous souhaitez trouver un sextoy pour le plaisir clitorien, anal ? Les sextoys Lovense sont des appareils de plaisir \u00e0 la pointe de la technologie. Pour r\u00e9pondre \u00e0 cette question, voici, par ordre d\u00e9croissant de ventes selon nos recherches, les sept jouets Lovense&hellip;","_links":{"self":[{"href":"https:\/\/god-vibro.com\/sl\/wp-json\/wp\/v2\/pages\/278","targetHints":{"allow":["GET"]}}],"collection":[{"href":"https:\/\/god-vibro.com\/sl\/wp-json\/wp\/v2\/pages"}],"about":[{"href":"https:\/\/god-vibro.com\/sl\/wp-json\/wp\/v2\/types\/page"}],"author":[{"embeddable":true,"href":"https:\/\/god-vibro.com\/sl\/wp-json\/wp\/v2\/users\/1"}],"replies":[{"embeddable":true,"href":"https:\/\/god-vibro.com\/sl\/wp-json\/wp\/v2\/comments?post=278"}],"version-history":[{"count":1,"href":"https:\/\/god-vibro.com\/sl\/wp-json\/wp\/v2\/pages\/278\/revisions"}],"predecessor-version":[{"id":2416,"href":"https:\/\/god-vibro.com\/sl\/wp-json\/wp\/v2\/pages\/278\/revisions\/2416"}],"wp:featuredmedia":[{"embeddable":true,"href":"https:\/\/god-vibro.com\/sl\/wp-json\/wp\/v2\/media\/506"}],"wp:attachment":[{"href":"https:\/\/god-vibro.com\/sl\/wp-json\/wp\/v2\/media?parent=278"}],"curies":[{"name":"wp","href":"https:\/\/api.w.org\/{rel}","templated":true}]}}