{"id":805,"date":"2021-12-07T16:33:10","date_gmt":"2021-12-07T16:33:10","guid":{"rendered":"https:\/\/god-vibro.com\/?page_id=805"},"modified":"2021-12-08T01:50:43","modified_gmt":"2021-12-08T01:50:43","slug":"code-promotion-lelo","status":"publish","type":"page","link":"https:\/\/god-vibro.com\/sk\/code-promotion-lelo.html","title":{"rendered":"Lelo Propaga\u010dn\u00fd k\u00f3d: najlep\u0161ia ponuka je tu"},"content":{"rendered":"<p>V\u0161etci pozn\u00e1me spolo\u010dnos\u0165 Lelo, sl\u00e1vnu zna\u010dku <strong>sextoy<\/strong> pon\u00faka \u0161irok\u00fd sortiment pre mu\u017eov, \u017eeny a p\u00e1ry. Je to zna\u010dka, ktor\u00fa za\u010d\u00ednam objavova\u0165, aby som doplnila svoje \u00abvibrooble\u010denie\u00bb. Paulovi som daroval jeho druh\u00fd mas\u00e1\u017eny pr\u00edstroj na prostatu, t\u00fato hra\u010dku pre mu\u017eov s n\u00e1zvom : <strong><a href=\"https:\/\/god-vibro.com\/lelo-hugo.html\" data-type=\"post\" data-id=\"643\">Lelo Hugo<\/a><\/strong>. <\/p>\n\n\n\n<p>Podarilo sa mi vyu\u017ei\u0165 propaga\u010dn\u00fd k\u00f3d na <strong>Lovehoney<\/strong> k\u00fapi\u0165 tento dar\u010dek pre Paula. V\u00fdhodou n\u00e1kupu na Lovehoney je, \u017ee m\u00f4\u017eete vyu\u017ei\u0165 \u0161irok\u00fd v\u00fdber nemravn\u00fdch zna\u010diek. Spodn\u00e1 bielize\u0148, hra\u010dky, bondage... s\u00fa tu desiatky mo\u017enost\u00ed, ako pote\u0161i\u0165 seba alebo svojho partnera.<\/p>\n\n\n\n<div class=\"wp-block-image\"><figure class=\"aligncenter size-large\"><img fetchpriority=\"high\" decoding=\"async\" width=\"1024\" height=\"292\" src=\"https:\/\/god-vibro.com\/wp-content\/uploads\/2021\/12\/lovehoney-reduction-etudiante-1024x292.png\" alt=\"\" class=\"wp-image-812\" srcset=\"https:\/\/god-vibro.com\/wp-content\/uploads\/2021\/12\/lovehoney-reduction-etudiante-1024x292.png 1024w, https:\/\/god-vibro.com\/wp-content\/uploads\/2021\/12\/lovehoney-reduction-etudiante-600x171.png 600w, https:\/\/god-vibro.com\/wp-content\/uploads\/2021\/12\/lovehoney-reduction-etudiante-300x86.png 300w, https:\/\/god-vibro.com\/wp-content\/uploads\/2021\/12\/lovehoney-reduction-etudiante-768x219.png 768w, https:\/\/god-vibro.com\/wp-content\/uploads\/2021\/12\/lovehoney-reduction-etudiante.png 1502w\" sizes=\"(max-width: 1024px) 100vw, 1024px\" \/><figcaption>V\u010faka pripojeniu Uniday je \u013eahk\u00e9 z\u00edska\u0165 20% z polo\u017eiek Lelo (<a href=\"https:\/\/god-vibro.com\/lovense-60-de-reduction-pour-les-etudiants.html\">mus\u00edte by\u0165 \u0161tudentom<\/a> vyu\u017ei\u0165 t\u00fato ponuku)<\/em><\/figcaption><\/figure><\/div>\n\n\n\n<h2 class=\"wp-block-heading\">Ako m\u00f4\u017eem n\u00e1js\u0165 najlep\u0161iu ponuku pre Lelo?<\/h2>\n\n\n\n<p>Nemus\u00edte \u00eds\u0165 na ofici\u00e1lnu webov\u00fa str\u00e1nku spolo\u010dnosti Lelo, aby ste na\u0161li najlep\u0161iu ponuku, <strong>Lovehoney<\/strong> pon\u00faka akcie na v\u0161etky pr\u00edle\u017eitosti. Vianoce, Valent\u00edn, sl\u00e1vny \u010cierny piatok...<\/p>\n\n\n\n<p>Po\u0161tovn\u00e9 a baln\u00e9 v\u00e1m m\u00f4\u017eeme pon\u00faknu\u0165 aj pri k\u00fape hra\u010dky (&gt; 100 \u20ac). <\/p>\n\n\n\n<h2 class=\"wp-block-heading\">15% o hra\u010dk\u00e1ch Lovense, Lelo a Womanizer <\/h2>\n\n\n\n<p>Ak chcete \u013eahko z\u00edska\u0165 15%, sta\u010d\u00ed sa zaregistrova\u0165 do newslettera Lovehoney a pri \u010fal\u0161ej objedn\u00e1vke vyhr\u00e1te 15%. To mi pripom\u00edna, \u017ee som si chcela k\u00fapi\u0165 a otestova\u0165 tovar, aby som zistila. <strong>bondage<\/strong> \ud83d\ude1c \ud83d\ude4a<br>Prizn\u00e1m sa, \u017ee o tejto praxi ve\u013ea neviem, ale r\u00e1d by som sa to dozvedel.... je to vec, o ktorej by ste chceli, aby som v\u00e1m povedal na blogu God-vibro? Dajte mi vedie\u0165 v koment\u00e1roch.<\/p>\n\n\n\n<p><\/p>","protected":false},"excerpt":{"rendered":"<p>On connait bien Lelo, cette c\u00e9l\u00e9bre marque de sextoy offre une large gamme pour homme, femme et couple. C&rsquo;est une marque que je commence \u00e0 d\u00e9couvrir pour compl\u00e9ter mon \u00abvibro-dressing\u00bb. J&rsquo;ai offert \u00e0 Paul son second masseur prostatique, ce jouet pour Homme qui se pr\u00e9nomme : Lelo Hugo. J&rsquo;ai pu profiter d&rsquo;un code promo chez [&hellip;]<\/p>\n","protected":false},"author":1,"featured_media":0,"parent":0,"menu_order":0,"comment_status":"closed","ping_status":"closed","template":"","meta":{"_acf_changed":false,"_seopress_robots_primary_cat":"","_seopress_titles_title":"","_seopress_titles_desc":"","_seopress_robots_index":"","_uag_custom_page_level_css":"","site-sidebar-layout":"default","site-content-layout":"","ast-site-content-layout":"default","site-content-style":"default","site-sidebar-style":"default","ast-global-header-display":"","ast-banner-title-visibility":"","ast-main-header-display":"","ast-hfb-above-header-display":"","ast-hfb-below-header-display":"","ast-hfb-mobile-header-display":"","site-post-title":"","ast-breadcrumbs-content":"","ast-featured-img":"","footer-sml-layout":"","theme-transparent-header-meta":"","adv-header-id-meta":"","stick-header-meta":"","header-above-stick-meta":"","header-main-stick-meta":"","header-below-stick-meta":"","astra-migrate-meta-layouts":"default","ast-page-background-enabled":"default","ast-page-background-meta":{"desktop":{"background-color":"var(--ast-global-color-4)","background-image":"","background-repeat":"repeat","background-position":"center center","background-size":"auto","background-attachment":"scroll","background-type":"","background-media":"","overlay-type":"","overlay-color":"","overlay-opacity":"","overlay-gradient":""},"tablet":{"background-color":"","background-image":"","background-repeat":"repeat","background-position":"center center","background-size":"auto","background-attachment":"scroll","background-type":"","background-media":"","overlay-type":"","overlay-color":"","overlay-opacity":"","overlay-gradient":""},"mobile":{"background-color":"","background-image":"","background-repeat":"repeat","background-position":"center center","background-size":"auto","background-attachment":"scroll","background-type":"","background-media":"","overlay-type":"","overlay-color":"","overlay-opacity":"","overlay-gradient":""}},"ast-content-background-meta":{"desktop":{"background-color":"var(--ast-global-color-5)","background-image":"","background-repeat":"repeat","background-position":"center center","background-size":"auto","background-attachment":"scroll","background-type":"","background-media":"","overlay-type":"","overlay-color":"","overlay-opacity":"","overlay-gradient":""},"tablet":{"background-color":"var(--ast-global-color-5)","background-image":"","background-repeat":"repeat","background-position":"center center","background-size":"auto","background-attachment":"scroll","background-type":"","background-media":"","overlay-type":"","overlay-color":"","overlay-opacity":"","overlay-gradient":""},"mobile":{"background-color":"var(--ast-global-color-5)","background-image":"","background-repeat":"repeat","background-position":"center center","background-size":"auto","background-attachment":"scroll","background-type":"","background-media":"","overlay-type":"","overlay-color":"","overlay-opacity":"","overlay-gradient":""}},"footnotes":""},"class_list":["post-805","page","type-page","status-publish","hentry"],"acf":[],"uagb_featured_image_src":{"full":false,"thumbnail":false,"medium":false,"medium_large":false,"large":false,"1536x1536":false,"2048x2048":false,"trp-custom-language-flag":false,"ultp_layout_landscape_large":false,"ultp_layout_landscape":false,"ultp_layout_portrait":false,"ultp_layout_square":false},"uagb_author_info":{"display_name":"brigitte","author_link":"https:\/\/god-vibro.com\/sk\/author\/brigitte"},"uagb_comment_info":0,"uagb_excerpt":"On connait bien Lelo, cette c\u00e9l\u00e9bre marque de sextoy offre une large gamme pour homme, femme et couple. C&rsquo;est une marque que je commence \u00e0 d\u00e9couvrir pour compl\u00e9ter mon \u00abvibro-dressing\u00bb. J&rsquo;ai offert \u00e0 Paul son second masseur prostatique, ce jouet pour Homme qui se pr\u00e9nomme : Lelo Hugo. J&rsquo;ai pu profiter d&rsquo;un code promo chez&hellip;","_links":{"self":[{"href":"https:\/\/god-vibro.com\/sk\/wp-json\/wp\/v2\/pages\/805","targetHints":{"allow":["GET"]}}],"collection":[{"href":"https:\/\/god-vibro.com\/sk\/wp-json\/wp\/v2\/pages"}],"about":[{"href":"https:\/\/god-vibro.com\/sk\/wp-json\/wp\/v2\/types\/page"}],"author":[{"embeddable":true,"href":"https:\/\/god-vibro.com\/sk\/wp-json\/wp\/v2\/users\/1"}],"replies":[{"embeddable":true,"href":"https:\/\/god-vibro.com\/sk\/wp-json\/wp\/v2\/comments?post=805"}],"version-history":[{"count":1,"href":"https:\/\/god-vibro.com\/sk\/wp-json\/wp\/v2\/pages\/805\/revisions"}],"predecessor-version":[{"id":1876,"href":"https:\/\/god-vibro.com\/sk\/wp-json\/wp\/v2\/pages\/805\/revisions\/1876"}],"wp:attachment":[{"href":"https:\/\/god-vibro.com\/sk\/wp-json\/wp\/v2\/media?parent=805"}],"curies":[{"name":"wp","href":"https:\/\/api.w.org\/{rel}","templated":true}]}}