{"id":570,"date":"2021-11-23T00:29:56","date_gmt":"2021-11-23T00:29:56","guid":{"rendered":"https:\/\/god-vibro.com\/?page_id=570"},"modified":"2021-12-08T01:50:43","modified_gmt":"2021-12-08T01:50:43","slug":"comment-choisir-son-premier-vibromasseur-pour-femme","status":"publish","type":"page","link":"https:\/\/god-vibro.com\/sk\/ako-si-vybrat-svoju-prvu-zensku-vibromasaz.html","title":{"rendered":"Ako si vybra\u0165 svoj prv\u00fd \u017eensk\u00fd vibr\u00e1tor"},"content":{"rendered":"<p>Pred k\u00fapou ak\u00e9hoko\u013evek vibr\u00e1tora je d\u00f4le\u017eit\u00e9 skontrolova\u0165 ur\u010dit\u00e9 parametre, ktor\u00e9 m\u00f4\u017eu zaru\u010di\u0165 kvalitu zariadenia. Mu\u017esk\u00e9 aj \u017eensk\u00e9 vibr\u00e1tory maj\u00fa svoje \u0161pecifick\u00e9 vlastnosti.<\/p>\n\n\n\n<p>Pri v\u00fdbere vibr\u00e1tora pre \u017eeny je potrebn\u00e9 zv\u00e1\u017ei\u0165 aspekty, ako je dizajn, ve\u013ekos\u0165 a text\u00fara.<\/p>\n\n\n\n<div id=\"ez-toc-container\" class=\"ez-toc-v2_0_82_2 counter-hierarchy ez-toc-counter ez-toc-custom ez-toc-container-direction\">\n<div class=\"ez-toc-title-container\">\n<p class=\"ez-toc-title\" style=\"cursor:inherit\">Obsah <\/p>\n<span class=\"ez-toc-title-toggle\"><a href=\"#\" class=\"ez-toc-pull-right ez-toc-btn ez-toc-btn-xs ez-toc-btn-default ez-toc-toggle\" aria-label=\"Prep\u00ednanie tabu\u013eky obsahu\"><span class=\"ez-toc-js-icon-con\"><span class=\"\"><span class=\"eztoc-hide\" style=\"display:none;\">Prep\u00edna\u010d<\/span><span class=\"ez-toc-icon-toggle-span\"><svg style=\"fill: #999;color:#999\" xmlns=\"http:\/\/www.w3.org\/2000\/svg\" class=\"list-377408\" width=\"20px\" height=\"20px\" viewbox=\"0 0 24 24\" fill=\"none\"><path d=\"M6 6H4v2h2V6zm14 0H8v2h12V6zM4 11h2v2H4v-2zm16 0H8v2h12v-2zM4 16h2v2H4v-2zm16 0H8v2h12v-2z\" fill=\"currentColor\"><\/path><\/svg><svg style=\"fill: #999;color:#999\" class=\"arrow-unsorted-368013\" xmlns=\"http:\/\/www.w3.org\/2000\/svg\" width=\"10px\" height=\"10px\" viewbox=\"0 0 24 24\" version=\"1.2\" baseprofile=\"tiny\"><path d=\"M18.2 9.3l-6.2-6.3-6.2 6.3c-.2.2-.3.4-.3.7s.1.5.3.7c.2.2.4.3.7.3h11c.3 0 .5-.1.7-.3.2-.2.3-.5.3-.7s-.1-.5-.3-.7zM5.8 14.7l6.2 6.3 6.2-6.3c.2-.2.3-.5.3-.7s-.1-.5-.3-.7c-.2-.2-.4-.3-.7-.3h-11c-.3 0-.5.1-.7.3-.2.2-.3.5-.3.7s.1.5.3.7z\"\/><\/svg><\/span><\/span><\/span><\/a><\/span><\/div>\n<nav><ul class='ez-toc-list ez-toc-list-level-1 eztoc-toggle-hide-by-default' ><li class='ez-toc-page-1 ez-toc-heading-level-2'><a class=\"ez-toc-link ez-toc-heading-1\" href=\"https:\/\/god-vibro.com\/sk\/ako-si-vybrat-svoju-prvu-zensku-vibromasaz.html\/#Les_criteres_de_choix_dun_vibromasseur\" >Krit\u00e9ri\u00e1 v\u00fdberu vibr\u00e1tora&nbsp;<\/a><ul class='ez-toc-list-level-3' ><li class='ez-toc-heading-level-3'><a class=\"ez-toc-link ez-toc-heading-2\" href=\"https:\/\/god-vibro.com\/sk\/ako-si-vybrat-svoju-prvu-zensku-vibromasaz.html\/#La_taille\" >Ve\u013ekos\u0165<\/a><\/li><li class='ez-toc-page-1 ez-toc-heading-level-3'><a class=\"ez-toc-link ez-toc-heading-3\" href=\"https:\/\/god-vibro.com\/sk\/ako-si-vybrat-svoju-prvu-zensku-vibromasaz.html\/#La_forme_et_la_sensation\" >Forma a pocit<\/a><\/li><li class='ez-toc-page-1 ez-toc-heading-level-3'><a class=\"ez-toc-link ez-toc-heading-4\" href=\"https:\/\/god-vibro.com\/sk\/ako-si-vybrat-svoju-prvu-zensku-vibromasaz.html\/#Les_materiaux_et_la_texture\" >Materi\u00e1ly a text\u00fara<\/a><\/li><\/ul><\/li><li class='ez-toc-page-1 ez-toc-heading-level-2'><a class=\"ez-toc-link ez-toc-heading-5\" href=\"https:\/\/god-vibro.com\/sk\/ako-si-vybrat-svoju-prvu-zensku-vibromasaz.html\/#Quelques_exemples_de_premier_sextoy\" >Niektor\u00e9 pr\u00edklady prvej sextoy<\/a><ul class='ez-toc-list-level-3' ><li class='ez-toc-heading-level-3'><a class=\"ez-toc-link ez-toc-heading-6\" href=\"https:\/\/god-vibro.com\/sk\/ako-si-vybrat-svoju-prvu-zensku-vibromasaz.html\/#Le_design\" >Dizajn&nbsp;<\/a><\/li><li class='ez-toc-page-1 ez-toc-heading-level-3'><a class=\"ez-toc-link ez-toc-heading-7\" href=\"https:\/\/god-vibro.com\/sk\/ako-si-vybrat-svoju-prvu-zensku-vibromasaz.html\/#Lintensite_des_vibrations\" >Intenzita vibr\u00e1ci\u00ed&nbsp;<\/a><\/li><li class='ez-toc-page-1 ez-toc-heading-level-3'><a class=\"ez-toc-link ez-toc-heading-8\" href=\"https:\/\/god-vibro.com\/sk\/ako-si-vybrat-svoju-prvu-zensku-vibromasaz.html\/#Les_gadgets_et_accessoires\" >Gadgety a pr\u00edslu\u0161enstvo<\/a><\/li><li class='ez-toc-page-1 ez-toc-heading-level-3'><a class=\"ez-toc-link ez-toc-heading-9\" href=\"https:\/\/god-vibro.com\/sk\/ako-si-vybrat-svoju-prvu-zensku-vibromasaz.html\/#Le_prix\" >Cena<\/a><\/li><\/ul><\/li><li class='ez-toc-page-1 ez-toc-heading-level-2'><a class=\"ez-toc-link ez-toc-heading-10\" href=\"https:\/\/god-vibro.com\/sk\/ako-si-vybrat-svoju-prvu-zensku-vibromasaz.html\/#Les_avantages_de_lutilisation_dun_vibromasseur\" >V\u00fdhody pou\u017e\u00edvania vibr\u00e1tora&nbsp;<\/a><\/li><\/ul><\/nav><\/div>\n<h2 class=\"wp-block-heading\"><span class=\"ez-toc-section\" id=\"Les_criteres_de_choix_dun_vibromasseur\"><\/span>Krit\u00e9ri\u00e1 v\u00fdberu vibr\u00e1tora&nbsp;<span class=\"ez-toc-section-end\"><\/span><\/h2>\n\n\n\n<p>Pri k\u00fape prv\u00e9ho vibr\u00e1tora by ste mali ma\u0165 na pam\u00e4ti nieko\u013eko vec\u00ed. S\u00fa to :<\/p>\n\n\n\n<ul class=\"wp-block-list\"><li>ve\u013ekos\u0165 ;<\/li><li>forma a pocit;<\/li><li>materi\u00e1ly a text\u00fara ;<\/li><li>intenzita vibr\u00e1ci\u00ed;<\/li><li>dizajn.<\/li><\/ul>\n\n\n\n<p>Mus\u00edte tie\u017e zv\u00e1\u017ei\u0165 pom\u00f4cky a cenu vibr\u00e1tora.&nbsp;<\/p>\n\n\n\n<h3 class=\"wp-block-heading\"><span class=\"ez-toc-section\" id=\"La_taille\"><\/span>Ve\u013ekos\u0165<span class=\"ez-toc-section-end\"><\/span><\/h3>\n\n\n\n<p>Vibr\u00e1tory sa dod\u00e1vaj\u00fa v r\u00f4znych ve\u013ekostiach. Pri prvom n\u00e1kupe je \u013eahk\u00e9 urobi\u0165 nespr\u00e1vny v\u00fdber.<\/p>\n\n\n\n<p>Zv\u00e1\u017ete, \u010do sa v\u00e1m pri masturb\u00e1cii a milovan\u00ed p\u00e1\u010di najviac. Ak sa uspokojujete prstom, ve\u013ek\u00fd vibr\u00e1tor alebo vibr\u00e1tor podobn\u00fd penisu m\u00f4\u017ee by\u0165 pr\u00edli\u0161 siln\u00fd alebo stimulova\u0165 pr\u00edli\u0161 ve\u013ea oblast\u00ed naraz. Najv\u00e4\u010d\u0161\u00ed m\u00f4\u017eete dosta\u0165 aj vtedy, ak je v\u00e1\u0161 sexu\u00e1lny partner dobre obdaren\u00fd.&nbsp;<\/p>\n\n\n\n<h3 class=\"wp-block-heading\"><span class=\"ez-toc-section\" id=\"La_forme_et_la_sensation\"><\/span>Forma a pocit<span class=\"ez-toc-section-end\"><\/span><\/h3>\n\n\n\n<p>Ke\u010f ste sa rozhodli pre ve\u013ekos\u0165, mus\u00edte zv\u00e1\u017ei\u0165 aj pocit. Mus\u00edte sa s\u00fastredi\u0165 na to, ak\u00fd chcete ma\u0165 z vibr\u00e1tora pocit. A\u017e potom budete m\u00f4c\u0165 n\u00e1js\u0165 ten najlep\u0161\u00ed tvar pre v\u00e1s. \u013dudia maj\u00fa tendenciu h\u013eada\u0165 p\u00e4\u0165 typov pocitu. S\u00fa to&nbsp;<\/p>\n\n\n\n<ul class=\"wp-block-list\"><li>v dome ;<\/li><li>klitoris;<\/li><li>kombinovan\u00fd vn\u00fatorn\u00fd klitoris ;<\/li><li>an\u00e1lny a ;<\/li><li>dvojit\u00e1 penetr\u00e1cia (vagin\u00e1lna + an\u00e1lna).&nbsp;<\/li><\/ul>\n\n\n\n<p>Tvorcovia vibr\u00e1torov vedia, \u017ee rozko\u0161 prich\u00e1dza z mnoh\u00fdch miest, preto vytvorili mno\u017estvo jedine\u010dne tvarovan\u00fdch hra\u010diek, ktor\u00e9 sa dok\u00e1\u017eu prisp\u00f4sobi\u0165 va\u0161im potreb\u00e1m.<\/p>\n\n\n\n<p>Ak si nie ste ist\u00ed, \u010do v\u00e1m najviac vyhovuje, zamyslite sa nad t\u00fdm, ako sa spr\u00e1vate sami k sebe.&nbsp;<\/p>\n\n\n\n<p>M\u00e1te radi intenz\u00edvne, lok\u00e1lne pocity? M\u00e1te v\u017edy rovnak\u00e9 pote\u0161enie, alebo potrebujete nie\u010do, \u010do m\u00f4\u017ee fungova\u0165 r\u00f4znymi sp\u00f4sobmi?<\/p>\n\n\n\n<p>Pri h\u013eadan\u00ed sexu\u00e1lnej hra\u010dky mus\u00edte zv\u00e1\u017ei\u0165, \u010do v\u00e1s najviac stimuluje. Ak naozaj neviete, \u010do h\u013eada\u0165, odpor\u00fa\u010dame v\u00e1m vybra\u0165 si vn\u00fatorn\u00fa hra\u010dku.&nbsp;<\/p>\n\n\n\n<h3 class=\"wp-block-heading\"><span class=\"ez-toc-section\" id=\"Les_materiaux_et_la_texture\"><\/span>Materi\u00e1ly a text\u00fara<span class=\"ez-toc-section-end\"><\/span><\/h3>\n\n\n\n<p>Pred k\u00fapou sexu\u00e1lnej hra\u010dky je nevyhnutn\u00e9 skontrolova\u0165, z \u010doho je vyroben\u00e1. Silik\u00f3nov\u00e1 sexhra\u010dka je ob\u013e\u00faben\u00e1 a mnoh\u00e9 zn\u00e1me zna\u010dky pou\u017e\u00edvaj\u00fa iba lek\u00e1rsky silik\u00f3n. \u013dahko sa \u010dist\u00ed mydlom a vodou, tak\u017ee je zdrav\u00fd a bezpe\u010dn\u00fd pre telo.<\/p>\n\n\n\n<p>K dispoz\u00edcii s\u00fa aj \u010fal\u0161ie zauj\u00edmav\u00e9 mo\u017enosti. Patria medzi ne kovov\u00e9, nerezov\u00e9 a tvrd\u00e9 plastov\u00e9 erotick\u00e9 pom\u00f4cky. Vyberte si ten, ktor\u00fd v\u00e1m najviac vyhovuje.&nbsp;<\/p>\n\n\n\n<p>Mali by ste sa vyh\u00fdba\u0165 gumov\u00fdm sexu\u00e1lnym hra\u010dk\u00e1m. U\u017e ich nie je ve\u013ea, preto\u017ee sa zistilo, \u017ee obsahuj\u00fa \u0161kodliv\u00e9 ftal\u00e1ty, ktor\u00fdch pou\u017e\u00edvanie v detsk\u00fdch v\u00fdrobkoch je zak\u00e1zan\u00e9.<\/p>\n\n\n\n<p>Okrem zlo\u017eenia vibr\u00e1tora je tu aj pocit, ktor\u00fd poskytuje. Pre lep\u0161iu stimul\u00e1ciu odpor\u00fa\u010dame vybra\u0165 si pom\u00f4cku s v\u00fdstupkami alebo hrbol\u010dekmi. Ak d\u00e1vate prednos\u0165, m\u00f4\u017eete si zaobstara\u0165 kovov\u00fd vibr\u00e1tor.&nbsp;<\/p>\n\n\n\n<p>Kov v\u00e1m dod\u00e1 svie\u017ei pocit. Na druhej strane, ak v\u00e1m kov nevyhovuje, jednoducho pou\u017eite chladiaci alebo zahrievac\u00ed lubrikant na b\u00e1ze vody (pou\u017eitie lubrikantu na b\u00e1ze silik\u00f3nu na silik\u00f3nov\u00fd vibr\u00e1tor ho otup\u00ed).<\/p>\n\n\n\n<h2 class=\"wp-block-heading\"><span class=\"ez-toc-section\" id=\"Quelques_exemples_de_premier_sextoy\"><\/span>Niektor\u00e9 pr\u00edklady prvej sextoy<span class=\"ez-toc-section-end\"><\/span><\/h2>\n\n\n\n<figure class=\"wp-block-gallery columns-5 is-cropped wp-block-gallery-1 is-layout-flex wp-block-gallery-is-layout-flex\"><ul class=\"blocks-gallery-grid\"><li class=\"blocks-gallery-item\"><figure><img fetchpriority=\"high\" decoding=\"async\" width=\"400\" height=\"400\" src=\"https:\/\/god-vibro.com\/wp-content\/uploads\/2021\/11\/lovense-hyphy.png\" alt=\"\" data-id=\"573\" data-full-url=\"https:\/\/god-vibro.com\/wp-content\/uploads\/2021\/11\/lovense-hyphy.png\" data-link=\"https:\/\/god-vibro.com\/?attachment_id=573\" class=\"wp-image-573\" srcset=\"https:\/\/god-vibro.com\/wp-content\/uploads\/2021\/11\/lovense-hyphy.png 400w, https:\/\/god-vibro.com\/wp-content\/uploads\/2021\/11\/lovense-hyphy-300x300.png 300w, https:\/\/god-vibro.com\/wp-content\/uploads\/2021\/11\/lovense-hyphy-100x100.png 100w, https:\/\/god-vibro.com\/wp-content\/uploads\/2021\/11\/lovense-hyphy-150x150.png 150w\" sizes=\"(max-width: 400px) 100vw, 400px\" \/><figcaption class=\"blocks-gallery-item__caption\"><a href=\"https:\/\/god-vibro.com\/lovense-hyphy.html\" data-type=\"post\" data-id=\"134\">LOVENSE HYPHY<\/a><\/figcaption><\/figure><\/li><li class=\"blocks-gallery-item\"><figure><img decoding=\"async\" width=\"400\" height=\"400\" src=\"https:\/\/god-vibro.com\/wp-content\/uploads\/2021\/11\/lovense-lush-3.png\" alt=\"\" data-id=\"574\" data-full-url=\"https:\/\/god-vibro.com\/wp-content\/uploads\/2021\/11\/lovense-lush-3.png\" data-link=\"https:\/\/god-vibro.com\/?attachment_id=574\" class=\"wp-image-574\" srcset=\"https:\/\/god-vibro.com\/wp-content\/uploads\/2021\/11\/lovense-lush-3.png 400w, https:\/\/god-vibro.com\/wp-content\/uploads\/2021\/11\/lovense-lush-3-300x300.png 300w, https:\/\/god-vibro.com\/wp-content\/uploads\/2021\/11\/lovense-lush-3-100x100.png 100w, https:\/\/god-vibro.com\/wp-content\/uploads\/2021\/11\/lovense-lush-3-150x150.png 150w\" sizes=\"(max-width: 400px) 100vw, 400px\" \/><figcaption class=\"blocks-gallery-item__caption\"><a href=\"https:\/\/god-vibro.com\/lovense-lush-3.html\" data-type=\"post\" data-id=\"290\">LOVENSE LUSH 3<\/a><\/figcaption><\/figure><\/li><li class=\"blocks-gallery-item\"><figure><img decoding=\"async\" width=\"400\" height=\"400\" src=\"https:\/\/god-vibro.com\/wp-content\/uploads\/2021\/11\/lovense-mission.png\" alt=\"\" data-id=\"575\" data-full-url=\"https:\/\/god-vibro.com\/wp-content\/uploads\/2021\/11\/lovense-mission.png\" data-link=\"https:\/\/god-vibro.com\/?attachment_id=575\" class=\"wp-image-575\" srcset=\"https:\/\/god-vibro.com\/wp-content\/uploads\/2021\/11\/lovense-mission.png 400w, https:\/\/god-vibro.com\/wp-content\/uploads\/2021\/11\/lovense-mission-300x300.png 300w, https:\/\/god-vibro.com\/wp-content\/uploads\/2021\/11\/lovense-mission-100x100.png 100w, https:\/\/god-vibro.com\/wp-content\/uploads\/2021\/11\/lovense-mission-150x150.png 150w\" sizes=\"(max-width: 400px) 100vw, 400px\" \/><figcaption class=\"blocks-gallery-item__caption\"><a href=\"https:\/\/god-vibro.com\/lovense-mission.html\" data-type=\"post\" data-id=\"339\">MISIA LOVENSE<\/a><\/figcaption><\/figure><\/li><li class=\"blocks-gallery-item\"><figure><img loading=\"lazy\" decoding=\"async\" width=\"400\" height=\"400\" src=\"https:\/\/god-vibro.com\/wp-content\/uploads\/2021\/11\/lovense-osci-2.png\" alt=\"\" data-id=\"576\" data-full-url=\"https:\/\/god-vibro.com\/wp-content\/uploads\/2021\/11\/lovense-osci-2.png\" data-link=\"https:\/\/god-vibro.com\/?attachment_id=576\" class=\"wp-image-576\" srcset=\"https:\/\/god-vibro.com\/wp-content\/uploads\/2021\/11\/lovense-osci-2.png 400w, https:\/\/god-vibro.com\/wp-content\/uploads\/2021\/11\/lovense-osci-2-300x300.png 300w, https:\/\/god-vibro.com\/wp-content\/uploads\/2021\/11\/lovense-osci-2-100x100.png 100w, https:\/\/god-vibro.com\/wp-content\/uploads\/2021\/11\/lovense-osci-2-150x150.png 150w\" sizes=\"(max-width: 400px) 100vw, 400px\" \/><figcaption class=\"blocks-gallery-item__caption\">LOVENSE OSCI<\/figcaption><\/figure><\/li><li class=\"blocks-gallery-item\"><figure><img loading=\"lazy\" decoding=\"async\" width=\"400\" height=\"400\" src=\"https:\/\/god-vibro.com\/wp-content\/uploads\/2021\/11\/lovense-nora.png\" alt=\"\" data-id=\"577\" data-full-url=\"https:\/\/god-vibro.com\/wp-content\/uploads\/2021\/11\/lovense-nora.png\" data-link=\"https:\/\/god-vibro.com\/?attachment_id=577\" class=\"wp-image-577\" srcset=\"https:\/\/god-vibro.com\/wp-content\/uploads\/2021\/11\/lovense-nora.png 400w, https:\/\/god-vibro.com\/wp-content\/uploads\/2021\/11\/lovense-nora-300x300.png 300w, https:\/\/god-vibro.com\/wp-content\/uploads\/2021\/11\/lovense-nora-100x100.png 100w, https:\/\/god-vibro.com\/wp-content\/uploads\/2021\/11\/lovense-nora-150x150.png 150w\" sizes=\"(max-width: 400px) 100vw, 400px\" \/><figcaption class=\"blocks-gallery-item__caption\"><a href=\"https:\/\/god-vibro.com\/lovense-nora.html\" data-type=\"post\" data-id=\"149\">LOVENSE NORA<\/a><\/figcaption><\/figure><\/li><\/ul><\/figure>\n\n\n\n<h3 class=\"wp-block-heading\"><span class=\"ez-toc-section\" id=\"Le_design\"><\/span>Dizajn&nbsp;<span class=\"ez-toc-section-end\"><\/span><\/h3>\n\n\n\n<p>Pri prid\u00e1van\u00ed hra\u010dky do ko\u0161\u00edka neberte do \u00favahy len jej silu. Nekupujte nie\u010do, \u010do je :<\/p>\n\n\n\n<ul class=\"wp-block-list\"><li>desiv\u00e9;<\/li><li>criard alebo ;<\/li><li>esteticky nepr\u00ed\u0165a\u017eliv\u00e9.<\/li><\/ul>\n\n\n\n<p>Dizajn sexu\u00e1lnej hra\u010dky je tie\u017e nie\u010do, \u010do treba zv\u00e1\u017ei\u0165. Koniec koncov, je to nie\u010do, \u010do budete pou\u017e\u00edva\u0165 na to, aby ste sa vzru\u0161ili. Zabudnite teda na ten \u017eiarivo ru\u017eov\u00fd vibr\u00e1tor, pokia\u013e sa v\u00e1m absol\u00fatne nep\u00e1\u010di, ako sa leskne na no\u010dnom stol\u00edku. Namiesto toho si vyberte tak\u00fd, ktor\u00fd po\u0161tekl\u00ed t\u00fa sexi \u010das\u0165 va\u0161ej predstavivosti.<\/p>\n\n\n\n<p>T\u00fa\u017eba a preferencie s\u00fa dva \u010disto osobn\u00e9 pocity. Preto by ste si mali vybra\u0165 sexu\u00e1lne hra\u010dky, ktor\u00e9 v\u00e1s oslovuj\u00fa. Ak napr\u00edklad d\u00e1vate prednos\u0165 mal\u00fdm, elegantn\u00fdm hra\u010dk\u00e1m pred ve\u013ek\u00fdmi, objemn\u00fdmi, gu\u013e\u00f4\u010dkov\u00fd vibr\u00e1tor m\u00f4\u017ee by\u0165 tou spr\u00e1vnou vo\u013ebou.<\/p>\n\n\n\n<h3 class=\"wp-block-heading\"><span class=\"ez-toc-section\" id=\"Lintensite_des_vibrations\"><\/span>Intenzita vibr\u00e1ci\u00ed&nbsp;<span class=\"ez-toc-section-end\"><\/span><\/h3>\n\n\n\n<p>Vedeli ste, \u017ee v\u00e4\u010d\u0161ina sexu\u00e1lnych hra\u010diek m\u00e1 nastavenia? Umo\u017e\u0148uj\u00fa v\u00e1m zv\u00fd\u0161i\u0165 alebo zn\u00ed\u017ei\u0165 intenzitu pod\u013ea v\u00e1\u0161ho \u017eelania.&nbsp;<\/p>\n\n\n\n<p>Ak m\u00e1te tenk\u00e9 steny a ozvena rezonuje, vyberte si tich\u00fd vibr\u00e1tor. Niekedy bude \u00farove\u0148 hluku s\u00favisie\u0165 s intenzitou alebo v\u00fdkonom vibr\u00e1tora, ale pri \u0161pi\u010dkov\u00fdch v\u00fdrobkoch to nebude a\u017e tak\u00fd probl\u00e9m.<\/p>\n\n\n\n<p>V\u00e4\u010d\u0161ina z n\u00e1s uprednost\u0148uje tich\u00fd vibr\u00e1tor a vynalo\u017eenie trochu viac pe\u0148az\u00ed zabezpe\u010d\u00ed, \u017ee va\u0161a nov\u00e1 sexu\u00e1lna hra\u010dka bude vyroben\u00e1 z kvalitn\u00fdch materi\u00e1lov, ktor\u00e9 pom\u00e1haj\u00fa zni\u017eova\u0165 hluk. Ak h\u013ead\u00e1te tich\u00fa, ale vysoko intenz\u00edvnu erotick\u00fa hra\u010dku, silik\u00f3n je tou spr\u00e1vnou vo\u013ebou.&nbsp;<\/p>\n\n\n\n<p>Ak sa ob\u00e1vate, \u017ee tich\u00fd vibr\u00e1tor zn\u00ed\u017ei intenzitu pocitov, odpor\u00fa\u010dame vysk\u00fa\u0161a\u0165 vibr\u00e1tor na ruke. Ak si ho k\u00fapite v obchode, m\u00f4\u017eete ho vysk\u00fa\u0161a\u0165 aj na \u0161pi\u010dke nosa (preto\u017ee poko\u017eka je tam pomerne citliv\u00e1).<\/p>\n\n\n\n<h3 class=\"wp-block-heading\"><span class=\"ez-toc-section\" id=\"Les_gadgets_et_accessoires\"><\/span>Gadgety a pr\u00edslu\u0161enstvo<span class=\"ez-toc-section-end\"><\/span><\/h3>\n\n\n\n<p>Rozsah funkci\u00ed je nekone\u010dn\u00fd. Hovor\u00edme o vodotesn\u00fdch hra\u010dk\u00e1ch schopn\u00fdch vytv\u00e1ra\u0165 vibra\u010dn\u00e9 a sacie pocity, hra\u010dk\u00e1ch na dia\u013ekov\u00e9 ovl\u00e1danie a \u010fal\u0161\u00edch, ktor\u00e9 sa synchronizuj\u00fa s va\u0161\u00edm ob\u013e\u00faben\u00fdm zoznamom skladieb a vibruj\u00fa do rytmu.<\/p>\n\n\n\n<p>Najlep\u0161ie je vybra\u0165 si vibr\u00e1tor s viacer\u00fdmi funkciami. Takto si ho m\u00f4\u017eete \u013eah\u0161ie prisp\u00f4sobi\u0165 svojej n\u00e1lade a situ\u00e1cii. Niektor\u00e9 dni ho mo\u017eno budete chcie\u0165 pou\u017e\u00edva\u0165 len na predohru a in\u00e9 dni mo\u017eno budete chcie\u0165, aby v\u00e1s vzal tam, kam chcete. \u010c\u00edm \u0161ir\u0161\u00ed je rozsah, t\u00fdm \u013eah\u0161ie ho prisp\u00f4sob\u00edte svojmu sexu\u00e1lnemu \u017eivotu.<\/p>\n\n\n\n<p>Rozhodnutie o tom, ak\u00e9 \u0161peci\u00e1lne efekty chcete, je \u00faplne osobn\u00e9 a z\u00e1vis\u00ed od v\u00e1\u0161ho rozpo\u010dtu. V\u017edy v\u0161ak m\u00f4\u017eete za\u010da\u0165 s nie\u010d\u00edm ve\u013emi jednoduch\u00fdm a nesk\u00f4r to vylep\u0161i\u0165.<\/p>\n\n\n\n<h3 class=\"wp-block-heading\"><span class=\"ez-toc-section\" id=\"Le_prix\"><\/span>Cena<span class=\"ez-toc-section-end\"><\/span><\/h3>\n\n\n\n<p>Jednoduch\u00e9 a lacn\u00e9 vibr\u00e1tory n\u00e1jdete za pribli\u017ene 15 eur. N\u00e1jdete tu aj pr\u00edstroje, ktor\u00e9 stoja viac ako 80 eur. Najlep\u0161ie je zisti\u0165, ak\u00e9 s\u00fa ceny, a pod\u013ea toho si vytvori\u0165 rozpo\u010det. Ne\u0161etrite a doprajte si t\u00fa najlep\u0161iu erotick\u00fa pom\u00f4cku.&nbsp;<\/p>\n\n\n\n<figure class=\"wp-block-image\"><img decoding=\"async\" src=\"https:\/\/lh5.googleusercontent.com\/5srq4C6sRYhCA7kuZ9ABrlDWXyRrQ2xZOtvAsFLFSIf_P3phs_XLdd8cfjP6slg3iZtO0cVOF2rfYD6ajt772_NEiproZRcpyMwi8Azf_rR-otgLZOuTwKjCZfVUd-RFvPaoqdpT\" alt=\"\"\/><\/figure>\n\n\n\n<h2 class=\"wp-block-heading\"><span class=\"ez-toc-section\" id=\"Les_avantages_de_lutilisation_dun_vibromasseur\"><\/span>V\u00fdhody pou\u017e\u00edvania vibr\u00e1tora&nbsp;<span class=\"ez-toc-section-end\"><\/span><\/h2>\n\n\n\n<p>Pou\u017e\u00edvanie vibr\u00e1tora m\u00e1 nieko\u013eko v\u00fdhod. Umo\u017e\u0148uje :<\/p>\n\n\n\n<ul class=\"wp-block-list\"><li>\u013eahko dosiahnu\u0165 orgazmus;<\/li><li>spozn\u00e1vanie svojho tela;<\/li><li>zn\u00ed\u017eenie stresu.<\/li><\/ul>\n\n\n\n<p>Pou\u017e\u00edvanie vibr\u00e1tora v\u00e1m d\u00e1va pocit sexu\u00e1lneho naplnenia.<\/p>\n\n\n\n<p>Existuje ve\u013ea parametrov, ktor\u00e9 treba zv\u00e1\u017ei\u0165, vr\u00e1tane ve\u013ekosti, tvaru a pocitu z vibr\u00e1tora, jeho materi\u00e1lov a text\u00far, jeho dizajnu a intenzity vibr\u00e1ci\u00ed, ktor\u00e9 v\u00e1m pom\u00f4\u017eu pri prvotnom n\u00e1kupe, ktor\u00fd spln\u00ed va\u0161e o\u010dak\u00e1vania.<br><\/p>","protected":false},"excerpt":{"rendered":"<p>Avant tout achat de vibromasseur, il est important de v\u00e9rifier certains param\u00e8tres pouvant garantir la qualit\u00e9 de l\u2019\u00e9quipement. Aussi bien les vibromasseurs pour femmes que ceux pour hommes ont leurs caract\u00e9ristiques sp\u00e9cifiques. Pour choisir un vibromasseur pour femme il faut donc tenir compte des aspects comme le design, la taille ou encore la texture. Les [&hellip;]<\/p>\n","protected":false},"author":1,"featured_media":0,"parent":0,"menu_order":0,"comment_status":"closed","ping_status":"closed","template":"","meta":{"_acf_changed":false,"_seopress_robots_primary_cat":"","_seopress_titles_title":"","_seopress_titles_desc":"","_seopress_robots_index":"","_uag_custom_page_level_css":"","site-sidebar-layout":"default","site-content-layout":"","ast-site-content-layout":"default","site-content-style":"default","site-sidebar-style":"default","ast-global-header-display":"","ast-banner-title-visibility":"","ast-main-header-display":"","ast-hfb-above-header-display":"","ast-hfb-below-header-display":"","ast-hfb-mobile-header-display":"","site-post-title":"","ast-breadcrumbs-content":"","ast-featured-img":"","footer-sml-layout":"","theme-transparent-header-meta":"","adv-header-id-meta":"","stick-header-meta":"","header-above-stick-meta":"","header-main-stick-meta":"","header-below-stick-meta":"","astra-migrate-meta-layouts":"default","ast-page-background-enabled":"default","ast-page-background-meta":{"desktop":{"background-color":"var(--ast-global-color-4)","background-image":"","background-repeat":"repeat","background-position":"center center","background-size":"auto","background-attachment":"scroll","background-type":"","background-media":"","overlay-type":"","overlay-color":"","overlay-opacity":"","overlay-gradient":""},"tablet":{"background-color":"","background-image":"","background-repeat":"repeat","background-position":"center center","background-size":"auto","background-attachment":"scroll","background-type":"","background-media":"","overlay-type":"","overlay-color":"","overlay-opacity":"","overlay-gradient":""},"mobile":{"background-color":"","background-image":"","background-repeat":"repeat","background-position":"center center","background-size":"auto","background-attachment":"scroll","background-type":"","background-media":"","overlay-type":"","overlay-color":"","overlay-opacity":"","overlay-gradient":""}},"ast-content-background-meta":{"desktop":{"background-color":"var(--ast-global-color-5)","background-image":"","background-repeat":"repeat","background-position":"center center","background-size":"auto","background-attachment":"scroll","background-type":"","background-media":"","overlay-type":"","overlay-color":"","overlay-opacity":"","overlay-gradient":""},"tablet":{"background-color":"var(--ast-global-color-5)","background-image":"","background-repeat":"repeat","background-position":"center center","background-size":"auto","background-attachment":"scroll","background-type":"","background-media":"","overlay-type":"","overlay-color":"","overlay-opacity":"","overlay-gradient":""},"mobile":{"background-color":"var(--ast-global-color-5)","background-image":"","background-repeat":"repeat","background-position":"center center","background-size":"auto","background-attachment":"scroll","background-type":"","background-media":"","overlay-type":"","overlay-color":"","overlay-opacity":"","overlay-gradient":""}},"footnotes":""},"class_list":["post-570","page","type-page","status-publish","hentry"],"acf":[],"uagb_featured_image_src":{"full":false,"thumbnail":false,"medium":false,"medium_large":false,"large":false,"1536x1536":false,"2048x2048":false,"trp-custom-language-flag":false,"ultp_layout_landscape_large":false,"ultp_layout_landscape":false,"ultp_layout_portrait":false,"ultp_layout_square":false},"uagb_author_info":{"display_name":"brigitte","author_link":"https:\/\/god-vibro.com\/sk\/author\/brigitte"},"uagb_comment_info":0,"uagb_excerpt":"Avant tout achat de vibromasseur, il est important de v\u00e9rifier certains param\u00e8tres pouvant garantir la qualit\u00e9 de l\u2019\u00e9quipement. Aussi bien les vibromasseurs pour femmes que ceux pour hommes ont leurs caract\u00e9ristiques sp\u00e9cifiques. Pour choisir un vibromasseur pour femme il faut donc tenir compte des aspects comme le design, la taille ou encore la texture. Les&hellip;","_links":{"self":[{"href":"https:\/\/god-vibro.com\/sk\/wp-json\/wp\/v2\/pages\/570","targetHints":{"allow":["GET"]}}],"collection":[{"href":"https:\/\/god-vibro.com\/sk\/wp-json\/wp\/v2\/pages"}],"about":[{"href":"https:\/\/god-vibro.com\/sk\/wp-json\/wp\/v2\/types\/page"}],"author":[{"embeddable":true,"href":"https:\/\/god-vibro.com\/sk\/wp-json\/wp\/v2\/users\/1"}],"replies":[{"embeddable":true,"href":"https:\/\/god-vibro.com\/sk\/wp-json\/wp\/v2\/comments?post=570"}],"version-history":[{"count":0,"href":"https:\/\/god-vibro.com\/sk\/wp-json\/wp\/v2\/pages\/570\/revisions"}],"wp:attachment":[{"href":"https:\/\/god-vibro.com\/sk\/wp-json\/wp\/v2\/media?parent=570"}],"curies":[{"name":"wp","href":"https:\/\/api.w.org\/{rel}","templated":true}]}}