{"id":904,"date":"2022-01-05T11:26:48","date_gmt":"2022-01-05T11:26:48","guid":{"rendered":"https:\/\/god-vibro.com\/?page_id=904"},"modified":"2022-01-05T11:26:50","modified_gmt":"2022-01-05T11:26:50","slug":"les-meilleurs-vibromasseurs-a-la-distance","status":"publish","type":"page","link":"https:\/\/god-vibro.com\/pt_pt\/the-best-vibromassers-a-la-distance.html","title":{"rendered":"Os melhores vibradores \u00e0 dist\u00e2ncia"},"content":{"rendered":"<p>O vibrador \u00e9 uma ferramenta popular na busca do prazer. Com a evolu\u00e7\u00e3o da ci\u00eancia, ela melhorou enormemente. Nos \u00faltimos anos, estes pequenos brinquedos sexuais podem ser usados remotamente com uma liga\u00e7\u00e3o \u00e0 Internet ou Bluetooth e controlados pelo seu parceiro mesmo no outro lado do mundo.<\/p>\n\n\n\n<div id=\"ez-toc-container\" class=\"ez-toc-v2_0_82_2 counter-hierarchy ez-toc-counter ez-toc-custom ez-toc-container-direction\">\n<div class=\"ez-toc-title-container\">\n<p class=\"ez-toc-title\" style=\"cursor:inherit\">Conte\u00fados <\/p>\n<span class=\"ez-toc-title-toggle\"><a href=\"#\" class=\"ez-toc-pull-right ez-toc-btn ez-toc-btn-xs ez-toc-btn-default ez-toc-toggle\" aria-label=\"Alternar o \u00edndice\"><span class=\"ez-toc-js-icon-con\"><span class=\"\"><span class=\"eztoc-hide\" style=\"display:none;\">Alternar<\/span><span class=\"ez-toc-icon-toggle-span\"><svg style=\"fill: #999;color:#999\" xmlns=\"http:\/\/www.w3.org\/2000\/svg\" class=\"list-377408\" width=\"20px\" height=\"20px\" viewbox=\"0 0 24 24\" fill=\"none\"><path d=\"M6 6H4v2h2V6zm14 0H8v2h12V6zM4 11h2v2H4v-2zm16 0H8v2h12v-2zM4 16h2v2H4v-2zm16 0H8v2h12v-2z\" fill=\"currentColor\"><\/path><\/svg><svg style=\"fill: #999;color:#999\" class=\"arrow-unsorted-368013\" xmlns=\"http:\/\/www.w3.org\/2000\/svg\" width=\"10px\" height=\"10px\" viewbox=\"0 0 24 24\" version=\"1.2\" baseprofile=\"tiny\"><path d=\"M18.2 9.3l-6.2-6.3-6.2 6.3c-.2.2-.3.4-.3.7s.1.5.3.7c.2.2.4.3.7.3h11c.3 0 .5-.1.7-.3.2-.2.3-.5.3-.7s-.1-.5-.3-.7zM5.8 14.7l6.2 6.3 6.2-6.3c.2-.2.3-.5.3-.7s-.1-.5-.3-.7c-.2-.2-.4-.3-.7-.3h-11c-.3 0-.5.1-.7.3-.2.2-.3.5-.3.7s.1.5.3.7z\"\/><\/svg><\/span><\/span><\/span><\/a><\/span><\/div>\n<nav><ul class='ez-toc-list ez-toc-list-level-1 eztoc-toggle-hide-by-default' ><li class='ez-toc-page-1 ez-toc-heading-level-2'><a class=\"ez-toc-link ez-toc-heading-1\" href=\"https:\/\/god-vibro.com\/pt_pt\/the-best-vibromassers-a-la-distance.html\/#Max_et_Nora_de_Lovense\" >Max e Nora de Lovense<\/a><\/li><li class='ez-toc-page-1 ez-toc-heading-level-2'><a class=\"ez-toc-link ez-toc-heading-2\" href=\"https:\/\/god-vibro.com\/pt_pt\/the-best-vibromassers-a-la-distance.html\/#Onyx_2_et_Pearl_2_de_Kiiroo\" >Onyx 2 e Pearl 2 de Kiiroo&nbsp;<\/a><\/li><li class='ez-toc-page-1 ez-toc-heading-level-2'><a class=\"ez-toc-link ez-toc-heading-3\" href=\"https:\/\/god-vibro.com\/pt_pt\/the-best-vibromassers-a-la-distance.html\/#Lush_2_de_Lovense\" >Lush 2 por Lovense<\/a><\/li><li class='ez-toc-page-1 ez-toc-heading-level-2'><a class=\"ez-toc-link ez-toc-heading-4\" href=\"https:\/\/god-vibro.com\/pt_pt\/the-best-vibromassers-a-la-distance.html\/#Vibease\" >Vibease<\/a><\/li><li class='ez-toc-page-1 ez-toc-heading-level-2'><a class=\"ez-toc-link ez-toc-heading-5\" href=\"https:\/\/god-vibro.com\/pt_pt\/the-best-vibromassers-a-la-distance.html\/#Esca\" >Esca<\/a><\/li><li class='ez-toc-page-1 ez-toc-heading-level-2'><a class=\"ez-toc-link ez-toc-heading-6\" href=\"https:\/\/god-vibro.com\/pt_pt\/the-best-vibromassers-a-la-distance.html\/#Hush_de_Lovense\" >Sil\u00eancio do Lovense<\/a><\/li><li class='ez-toc-page-1 ez-toc-heading-level-2'><a class=\"ez-toc-link ez-toc-heading-7\" href=\"https:\/\/god-vibro.com\/pt_pt\/the-best-vibromassers-a-la-distance.html\/#OhMiBod_Fuse_Fleshlight_Launch\" >OhMiBod Fuse + Fleshlight Launch&nbsp;<\/a><\/li><li class='ez-toc-page-1 ez-toc-heading-level-2'><a class=\"ez-toc-link ez-toc-heading-8\" href=\"https:\/\/god-vibro.com\/pt_pt\/the-best-vibromassers-a-la-distance.html\/#Osci_2\" >Osci 2<\/a><\/li><\/ul><\/nav><\/div>\n<h2 class=\"wp-block-heading\"><span class=\"ez-toc-section\" id=\"Max_et_Nora_de_Lovense\"><\/span>Max e Nora de Lovense<span class=\"ez-toc-section-end\"><\/span><\/h2>\n\n\n\n<p>Vibradores Max e Nora da empresa Lovense. Em 25 de Fevereiro de 2022, o Lovense lan\u00e7ou o seu <a href=\"https:\/\/god-vibro.com\/lovense-sex-machine.html\">M\u00e1quina de sexo<\/a> s\u00e3o verdadeiras j\u00f3ias tecnol\u00f3gicas. <a href=\"https:\/\/god-vibro.com\/lovense-max-2.html\">Max foi concebido para homens<\/a> e Nora para as mulheres. \u00c9 gra\u00e7as a uma aplica\u00e7\u00e3o chamada Body Chat que esta magia sexual \u00e9 poss\u00edvel. O Body Chat \u00e9 compat\u00edvel com smartphones, PC e Mac.&nbsp;<\/p>\n\n\n\n<p>A sua tecnologia revolucion\u00e1ria liga os dispositivos entre si atrav\u00e9s do sistema Bluetooth. Gra\u00e7as a este sistema, os parceiros em \u00eaxtase sexual t\u00eam a mesma sensa\u00e7\u00e3o de prazer em tempo real. Tudo o que eles t\u00eam de fazer \u00e9 fechar os olhos e entregar-se a todas as suas fantasias er\u00f3ticas.<\/p>\n\n\n\n<p>A tecnologia vai ainda mais longe, permitindo a um dos parceiros controlar o sextoy do outro e lev\u00e1-los ao s\u00e9timo c\u00e9u. Al\u00e9m disso, a aplica\u00e7\u00e3o tem a capacidade de estar em modo v\u00eddeo. Isto permite que os parceiros tornem as suas sensa\u00e7\u00f5es ainda mais reais.<\/p>\n\n\n\n<figure class=\"wp-block-image\"><img decoding=\"async\" src=\"https:\/\/lh6.googleusercontent.com\/I0008raFtwxzDu-TuFGXm9gfKT6dre1wh7G5C-6fcdQvPNgIAG0-QOImDr8nIOOkoTZ87jMNec4n17CQKXog8SS6oa_mvdmccdleSdEFwAJUrzrhILafr7xdw52iXbIrcIx5H0jq\" alt=\"\"\/><\/figure>\n\n\n\n<h2 class=\"wp-block-heading\"><span class=\"ez-toc-section\" id=\"Onyx_2_et_Pearl_2_de_Kiiroo\"><\/span>Onyx 2 e Pearl 2 de Kiiroo&nbsp;<span class=\"ez-toc-section-end\"><\/span><\/h2>\n\n\n\n<p>Kiiroo \u00e9 uma empresa holandesa que se est\u00e1 a afirmar no campo do sexo. Os seus lend\u00e1rios vibradores Onyx 2 e Pearl 2 s\u00e3o obras-primas tecnol\u00f3gicas. S\u00e3o os sucessores dos primeiros prot\u00f3tipos de Onyx 1 e Pearl 1 que j\u00e1 n\u00e3o satisfazem a procura do mercado. Onyx 2 \u00e9 destinado a homens e Pearl 2 a mulheres.&nbsp;<\/p>\n\n\n\n<p>Estas s\u00e3o ferramentas recarreg\u00e1veis que tamb\u00e9m funcionam com um sistema Bluetooth. O designer criou uma aplica\u00e7\u00e3o para smartphone descarreg\u00e1vel para permitir a sua utiliza\u00e7\u00e3o. Chama-se \"Feel Connect\". A tecnologia do Pearl 2 \u00e9 baseada em nove defini\u00e7\u00f5es de vibra\u00e7\u00e3o que sobem e descem. O n\u00edvel 9 mergulha-o no prazer infinito. \u00c9 compat\u00edvel com qualquer vagina, uma vez que tem um comprimento de cerca de 20 cent\u00edmetros.<\/p>\n\n\n\n<p>A tecnologia do Onyx 2, por outro lado, baseia-se em tr\u00eas modos e apresenta um Fleshlight SuperSkin. Gra\u00e7as a estes elementos, o Onyx 2 pode realizar um m\u00e1ximo de 140 movimentos por minuto. Pode ser utilizado continuamente durante uma hora, gra\u00e7as aos dez an\u00e9is que o comp\u00f5em. Os tr\u00eas modos do Onyx 2 s\u00e3o :<\/p>\n\n\n\n<ul class=\"wp-block-list\"><li>bomba lenta ;<\/li><li>bomba r\u00e1pida ;<\/li><li>manual.<\/li><\/ul>\n\n\n\n<h2 class=\"wp-block-heading\"><span class=\"ez-toc-section\" id=\"Lush_2_de_Lovense\"><\/span>Lush 2 por Lovense<span class=\"ez-toc-section-end\"><\/span><\/h2>\n\n\n\n<p>Lovense n\u00e3o terminou de impressionar com a sua proeza tecnol\u00f3gica. Lush 2 foi concebido especificamente para uso pessoal mas pode ser usado como um casal. \u00c9 lend\u00e1ria pelo seu baixo perfil, mas vibrante uso. \u00c9 um pequeno ovo que pode ser ligado via Bluetooth como a maioria dos outros brinquedos sexuais.&nbsp;<\/p>\n\n\n\n<p>Il l&rsquo;est \u00e9galement en mode Wifi avec une port\u00e9e de 13 m\u00e8tres. L\u2019utilisation avec le Wifi n\u00e9cessite n\u00e9anmoins le t\u00e9l\u00e9chargement sur iOS ou Android de Lovense Remote.<\/p>\n\n\n\n<p>Tem a capacidade de tocar a sua m\u00fasica favorita para estimular o seu orgasmo. Gra\u00e7as \u00e0 sua aplica\u00e7\u00e3o m\u00f3vel e especialmente \u00e0 op\u00e7\u00e3o in-app, pode conversar em v\u00eddeo ou enviar fotografias ao seu parceiro.&nbsp;<\/p>\n\n\n\n<p>\u00c9 recarreg\u00e1vel e tem uma dura\u00e7\u00e3o da bateria de 3 horas sem parar. A melhor parte da sua tecnologia \u00e9 que tem um motor que \u00e9 quatro vezes mais potente do que o normal para estimular o ponto G. Tem tamb\u00e9m sete modos de funcionamento:<\/p>\n\n\n\n<ul class=\"wp-block-list\"><li>suave ;<\/li><li>significa ;<\/li><li>forte ;<\/li><li>pulsos ;<\/li><li>ondas ;<\/li><li>fogos de artif\u00edcio ;<\/li><li>terramoto.<\/li><\/ul>\n\n\n\n<h2 class=\"wp-block-heading\"><span class=\"ez-toc-section\" id=\"Vibease\"><\/span>Vibease<span class=\"ez-toc-section-end\"><\/span><\/h2>\n\n\n\n<p>O vibrador Vibease n\u00e3o est\u00e1 \u00e0 margem de todas as proezas tecnol\u00f3gicas acima mencionadas. Destina-se principalmente \u00e0s mulheres. Assim, podem deixar ao seu parceiro a possibilidade de os fazer vir de qualquer parte do mundo. Tudo o que precisam \u00e9 de uma liga\u00e7\u00e3o \u00e0 Internet, Bluetooth ligado e a aplica\u00e7\u00e3o m\u00f3vel Vibease. Tudo sobre esta j\u00f3ia tecnol\u00f3gica foi simplificado para a tornar mais conveniente e, acima de tudo, discreta.&nbsp;<\/p>\n\n\n\n<p>Este sextoy \u00e9 uma fun\u00e7\u00e3o de \u00e1udio muito sofisticada ou inteligente que responde a comandos dados pelo utilizador.  Neste mesmo vel\u00f3rio, pode gostar do vibrador anterior tocar a m\u00fasica da sua escolha e at\u00e9 ler livros er\u00f3ticos para si em \u00e1udio.&nbsp;<\/p>\n\n\n\n<p>A sua cobertura protectora \u00e9 feita de silicone de alta qualidade e por isso \u00e9 \u00e0 prova de \u00e1gua. Por conseguinte, pode ser facilmente utilizado no chuveiro. Vale a pena notar tamb\u00e9m que a sua dura\u00e7\u00e3o de bateria \u00e9 de tr\u00eas horas.<\/p>\n\n\n\n<figure class=\"wp-block-image\"><img decoding=\"async\" src=\"https:\/\/lh4.googleusercontent.com\/hTDcfFrt3J7EmYXXA_xKGPsBa8rHmbAXw0MzzCzMVPUYwMhyJ50872JQqQPjlxN4sWUcFHCYV0gqTk8aG3S_Mc67V5sE7UFvYyGaEVxcCMlOfGm_QIMihijJicxI775W0OAXCEm8\" alt=\"\"\/><\/figure>\n\n\n\n<h2 class=\"wp-block-heading\"><span class=\"ez-toc-section\" id=\"Esca\"><\/span>Esca<span class=\"ez-toc-section-end\"><\/span><\/h2>\n\n\n\n<p>Esca \u00e9 um pequeno ovo da Sex Tech. Est\u00e1 na lista dos melhores brinquedos sexuais alguma vez fabricados. Com tecnologia de liga\u00e7\u00e3o sem fios como as outras, \u00e9 muito mais f\u00e1cil de vestir a sua roupa interior.&nbsp;<\/p>\n\n\n\n<p>Concebido para mulheres, responde \u00e0s necessidades de sa\u00fade corporal com a sua cobertura protectora de silicone. Com a aplica\u00e7\u00e3o m\u00f3vel OhMiBod Remote, descarreg\u00e1vel para smartphones e tablets, reduz a dist\u00e2ncia entre parceiros.<\/p>\n\n\n\n<p>\u00c9 capaz de o excitar at\u00e9 chegar ao seu ponto G. Como pode ver, para uma mulher, esta \u00e9 uma m\u00e3o-cheia do inferno que a tecnologia oferece. Pesa apenas 56 gramas. Oferece tamb\u00e9m um espect\u00e1culo de luz que segue o ritmo das vibra\u00e7\u00f5es. Isto torna o prazer sexual ainda mais v\u00edvido.&nbsp;<\/p>\n\n\n\n<p>OhMiBod Remote que \u00e9 a sua aplica\u00e7\u00e3o b\u00e1sica tem a mesma funcionalidade que uma rede social. Para que possa experimentar esses momentos \u00edntimos com o seu parceiro atrav\u00e9s de videochamada.<\/p>\n\n\n\n<h2 class=\"wp-block-heading\"><span class=\"ez-toc-section\" id=\"Hush_de_Lovense\"><\/span>Sil\u00eancio do Lovense<span class=\"ez-toc-section-end\"><\/span><\/h2>\n\n\n\n<p>A Lovense, com base nas opini\u00f5es dos seus clientes, est\u00e1 sempre a oferecer-lhes mais tecnologia. Foi aqui que nasceu o vibrador Hush. \u00c9 polivalente mas especificamente concebido para o prazer anal.&nbsp;<\/p>\n\n\n\n<p>Concebido para mulheres, \u00e9 composto principalmente de tamp\u00f5es de bumbum com vibra\u00e7\u00f5es \u00fanicas. Requer uma liga\u00e7\u00e3o \u00e0 Internet e tem um alcance m\u00e1ximo de nove metros num raio de 360 graus.&nbsp;<\/p>\n\n\n\n<p>\u00c9, tal como os seus predecessores, controlado por uma aplica\u00e7\u00e3o que tem todas as caracter\u00edsticas acima mencionadas: tecnologias auditivas e visuais e poder de vibra\u00e7\u00e3o. \u00c9 conect\u00e1vel e recarreg\u00e1vel por USB e tem uma dura\u00e7\u00e3o de duas horas da bateria. Est\u00e1 dispon\u00edvel em dois tamanhos. Para principiantes \u00e9 aconselh\u00e1vel come\u00e7ar com o Hush de 3,81 cm, enquanto para os experientes o tamanho m\u00e9dio de 4,45 cm \u00e9 perfeito.&nbsp;<\/p>\n\n\n\n<figure class=\"wp-block-image\"><img decoding=\"async\" src=\"https:\/\/lh5.googleusercontent.com\/3HZXcJ2B5DO1kSp65iT8wWvyd8edv-y4FzPg8SB2-hJeU0Lp0SA1qKL9mP5q2vD_yNnuVtHtzzWuf7byl851jWWKp9TwKcWVy59JS42_Ve691H8xOyoa-WhPBThLqQH5lXc0YTuq\" alt=\"\"\/><\/figure>\n\n\n\n<h2 class=\"wp-block-heading\"><span class=\"ez-toc-section\" id=\"OhMiBod_Fuse_Fleshlight_Launch\"><\/span>OhMiBod Fuse + Fleshlight Launch&nbsp;<span class=\"ez-toc-section-end\"><\/span><\/h2>\n\n\n\n<p>Ce couple de vibromasseurs est l&rsquo;un des plus rares sur le march\u00e9. OhMiBod Fuse est mieux adapt\u00e9 aux femmes tandis que le Fleshlight Launch est le masturbateur des hommes.<\/p>\n\n\n\n<p>OhMiBod \u00e9 um vibrador com uma vantagem decisiva. Esta vantagem \u00e9 a sua capacidade de estimular os seus \u00f3rg\u00e3os genitais duas vezes. \u00c9 compat\u00edvel com todos os outros vibradores acima mencionados. Gra\u00e7as \u00e0 sua flexibilidade e capacidade de duplo est\u00edmulo, permite-lhe realizar as fantasias do seu parceiro em tempo recorde. Utiliza tamb\u00e9m uma liga\u00e7\u00e3o sem fios (Bluetooth, Internet ou Wifi).<\/p>\n\n\n\n<p>A lanterna Fleshlight Launch, por outro lado, foi concebida para homens. \u00c9 tecnologicamente avan\u00e7ado e compat\u00edvel com todos os outros sistemas de funcionamento de vibradores. Est\u00e1 completamente coberto de silicone e \u00e9 actualmente o produto mais vendido na loja de lan\u00e7amento. \u00c9 recarreg\u00e1vel USB e pode mesmo ser utilizado no chuveiro gra\u00e7as ao seu sistema \u00e0 prova de \u00e1gua. Pesa 4,24kg e pode ser usado continuamente durante uma hora e meia.&nbsp;<\/p>\n\n\n\n<h2 class=\"wp-block-heading\"><span class=\"ez-toc-section\" id=\"Osci_2\"><\/span>Osci 2<span class=\"ez-toc-section-end\"><\/span><\/h2>\n\n\n\n<p>O mais recente da lista \u00e9 o Osci 2. Este \u00e9 um vibrador n\u00e3o menos importante porque a sua especificidade reside no facto de que as suas vibra\u00e7\u00f5es s\u00e3o internas. N\u00e3o se sentem, portanto, fora do envelope de protec\u00e7\u00e3o. A sua morfologia, constitu\u00edda por uma pequena cabe\u00e7a oval, destina-se principalmente a estimular o ponto G nas mulheres como nunca antes. Esta estimula\u00e7\u00e3o \u00e9 inaudita e confort\u00e1vel.&nbsp;<\/p>\n\n\n\n<p>Gra\u00e7as \u00e0s revis\u00f5es dos clientes do Osci 1, este novo modelo tem um tempo de execu\u00e7\u00e3o muito mais satisfat\u00f3rio. Vale a pena notar que foi adicionado um chip Bluetooth e que a fun\u00e7\u00e3o de carregamento foi magnetizada para maior comodidade.<\/p>","protected":false},"excerpt":{"rendered":"<p>Le vibromasseur est un outil tr\u00e8s appr\u00e9ci\u00e9 dans la qu\u00eate du plaisir. Avec l\u2019\u00e9volution de la science, il s\u2019est \u00e9norm\u00e9ment am\u00e9lior\u00e9. Depuis quelques ann\u00e9es, ces petits jouets sexuels sont utilisables \u00e0 distance avec une connexion Internet ou Bluetooth et contr\u00f4lables par votre partenaire m\u00eame \u00e0 l\u2019autre bout du monde. Max et Nora de Lovense Les [&hellip;]<\/p>\n","protected":false},"author":1,"featured_media":0,"parent":0,"menu_order":0,"comment_status":"closed","ping_status":"closed","template":"","meta":{"_acf_changed":false,"_seopress_robots_primary_cat":"","_seopress_titles_title":"","_seopress_titles_desc":"","_seopress_robots_index":"","_uag_custom_page_level_css":"","site-sidebar-layout":"default","site-content-layout":"","ast-site-content-layout":"default","site-content-style":"default","site-sidebar-style":"default","ast-global-header-display":"","ast-banner-title-visibility":"","ast-main-header-display":"","ast-hfb-above-header-display":"","ast-hfb-below-header-display":"","ast-hfb-mobile-header-display":"","site-post-title":"","ast-breadcrumbs-content":"","ast-featured-img":"","footer-sml-layout":"","theme-transparent-header-meta":"","adv-header-id-meta":"","stick-header-meta":"","header-above-stick-meta":"","header-main-stick-meta":"","header-below-stick-meta":"","astra-migrate-meta-layouts":"default","ast-page-background-enabled":"default","ast-page-background-meta":{"desktop":{"background-color":"var(--ast-global-color-4)","background-image":"","background-repeat":"repeat","background-position":"center center","background-size":"auto","background-attachment":"scroll","background-type":"","background-media":"","overlay-type":"","overlay-color":"","overlay-opacity":"","overlay-gradient":""},"tablet":{"background-color":"","background-image":"","background-repeat":"repeat","background-position":"center center","background-size":"auto","background-attachment":"scroll","background-type":"","background-media":"","overlay-type":"","overlay-color":"","overlay-opacity":"","overlay-gradient":""},"mobile":{"background-color":"","background-image":"","background-repeat":"repeat","background-position":"center center","background-size":"auto","background-attachment":"scroll","background-type":"","background-media":"","overlay-type":"","overlay-color":"","overlay-opacity":"","overlay-gradient":""}},"ast-content-background-meta":{"desktop":{"background-color":"var(--ast-global-color-5)","background-image":"","background-repeat":"repeat","background-position":"center center","background-size":"auto","background-attachment":"scroll","background-type":"","background-media":"","overlay-type":"","overlay-color":"","overlay-opacity":"","overlay-gradient":""},"tablet":{"background-color":"var(--ast-global-color-5)","background-image":"","background-repeat":"repeat","background-position":"center center","background-size":"auto","background-attachment":"scroll","background-type":"","background-media":"","overlay-type":"","overlay-color":"","overlay-opacity":"","overlay-gradient":""},"mobile":{"background-color":"var(--ast-global-color-5)","background-image":"","background-repeat":"repeat","background-position":"center center","background-size":"auto","background-attachment":"scroll","background-type":"","background-media":"","overlay-type":"","overlay-color":"","overlay-opacity":"","overlay-gradient":""}},"footnotes":""},"class_list":["post-904","page","type-page","status-publish","hentry"],"acf":[],"uagb_featured_image_src":{"full":false,"thumbnail":false,"medium":false,"medium_large":false,"large":false,"1536x1536":false,"2048x2048":false,"trp-custom-language-flag":false,"ultp_layout_landscape_large":false,"ultp_layout_landscape":false,"ultp_layout_portrait":false,"ultp_layout_square":false},"uagb_author_info":{"display_name":"brigitte","author_link":"https:\/\/god-vibro.com\/pt_pt\/author\/brigitte"},"uagb_comment_info":0,"uagb_excerpt":"Le vibromasseur est un outil tr\u00e8s appr\u00e9ci\u00e9 dans la qu\u00eate du plaisir. Avec l\u2019\u00e9volution de la science, il s\u2019est \u00e9norm\u00e9ment am\u00e9lior\u00e9. Depuis quelques ann\u00e9es, ces petits jouets sexuels sont utilisables \u00e0 distance avec une connexion Internet ou Bluetooth et contr\u00f4lables par votre partenaire m\u00eame \u00e0 l\u2019autre bout du monde. Max et Nora de Lovense Les&hellip;","_links":{"self":[{"href":"https:\/\/god-vibro.com\/pt_pt\/wp-json\/wp\/v2\/pages\/904","targetHints":{"allow":["GET"]}}],"collection":[{"href":"https:\/\/god-vibro.com\/pt_pt\/wp-json\/wp\/v2\/pages"}],"about":[{"href":"https:\/\/god-vibro.com\/pt_pt\/wp-json\/wp\/v2\/types\/page"}],"author":[{"embeddable":true,"href":"https:\/\/god-vibro.com\/pt_pt\/wp-json\/wp\/v2\/users\/1"}],"replies":[{"embeddable":true,"href":"https:\/\/god-vibro.com\/pt_pt\/wp-json\/wp\/v2\/comments?post=904"}],"version-history":[{"count":3,"href":"https:\/\/god-vibro.com\/pt_pt\/wp-json\/wp\/v2\/pages\/904\/revisions"}],"predecessor-version":[{"id":1346,"href":"https:\/\/god-vibro.com\/pt_pt\/wp-json\/wp\/v2\/pages\/904\/revisions\/1346"}],"wp:attachment":[{"href":"https:\/\/god-vibro.com\/pt_pt\/wp-json\/wp\/v2\/media?parent=904"}],"curies":[{"name":"wp","href":"https:\/\/api.w.org\/{rel}","templated":true}]}}