{"id":843,"date":"2021-12-08T00:30:31","date_gmt":"2021-12-08T00:30:31","guid":{"rendered":"https:\/\/god-vibro.com\/?page_id=843"},"modified":"2021-12-08T01:50:43","modified_gmt":"2021-12-08T01:50:43","slug":"choisir-son-premier-sextoy-homme","status":"publish","type":"page","link":"https:\/\/god-vibro.com\/pt_pt\/escolha-o-seu-primeiro-homem-sextoy.html","title":{"rendered":"Escolhendo o seu primeiro vibrador masculino"},"content":{"rendered":"<p>Tal como os vibradores para mulheres, os vibradores para homens tamb\u00e9m t\u00eam as suas pr\u00f3prias caracter\u00edsticas especiais que afectam a escolha de qualquer comprador. Se quiser comprar o seu primeiro vibrador, h\u00e1 uma s\u00e9rie de coisas que deve considerar, incluindo as sensa\u00e7\u00f5es que deseja, a sua experi\u00eancia e o design do dispositivo.<\/p>\n\n\n\n<div id=\"ez-toc-container\" class=\"ez-toc-v2_0_82_2 counter-hierarchy ez-toc-counter ez-toc-custom ez-toc-container-direction\">\n<div class=\"ez-toc-title-container\">\n<p class=\"ez-toc-title\" style=\"cursor:inherit\">Conte\u00fados <\/p>\n<span class=\"ez-toc-title-toggle\"><a href=\"#\" class=\"ez-toc-pull-right ez-toc-btn ez-toc-btn-xs ez-toc-btn-default ez-toc-toggle\" aria-label=\"Alternar o \u00edndice\"><span class=\"ez-toc-js-icon-con\"><span class=\"\"><span class=\"eztoc-hide\" style=\"display:none;\">Alternar<\/span><span class=\"ez-toc-icon-toggle-span\"><svg style=\"fill: #999;color:#999\" xmlns=\"http:\/\/www.w3.org\/2000\/svg\" class=\"list-377408\" width=\"20px\" height=\"20px\" viewbox=\"0 0 24 24\" fill=\"none\"><path d=\"M6 6H4v2h2V6zm14 0H8v2h12V6zM4 11h2v2H4v-2zm16 0H8v2h12v-2zM4 16h2v2H4v-2zm16 0H8v2h12v-2z\" fill=\"currentColor\"><\/path><\/svg><svg style=\"fill: #999;color:#999\" class=\"arrow-unsorted-368013\" xmlns=\"http:\/\/www.w3.org\/2000\/svg\" width=\"10px\" height=\"10px\" viewbox=\"0 0 24 24\" version=\"1.2\" baseprofile=\"tiny\"><path d=\"M18.2 9.3l-6.2-6.3-6.2 6.3c-.2.2-.3.4-.3.7s.1.5.3.7c.2.2.4.3.7.3h11c.3 0 .5-.1.7-.3.2-.2.3-.5.3-.7s-.1-.5-.3-.7zM5.8 14.7l6.2 6.3 6.2-6.3c.2-.2.3-.5.3-.7s-.1-.5-.3-.7c-.2-.2-.4-.3-.7-.3h-11c-.3 0-.5.1-.7.3-.2.2-.3.5-.3.7s.1.5.3.7z\"\/><\/svg><\/span><\/span><\/span><\/a><\/span><\/div>\n<nav><ul class='ez-toc-list ez-toc-list-level-1 eztoc-toggle-hide-by-default' ><li class='ez-toc-page-1 ez-toc-heading-level-2'><a class=\"ez-toc-link ez-toc-heading-1\" href=\"https:\/\/god-vibro.com\/pt_pt\/escolha-o-seu-primeiro-homem-sextoy.html\/#Les_criteres_de_choix_dun_vibromasseur\" >Crit\u00e9rios para a escolha de um vibrador&nbsp;<\/a><ul class='ez-toc-list-level-3' ><li class='ez-toc-heading-level-3'><a class=\"ez-toc-link ez-toc-heading-2\" href=\"https:\/\/god-vibro.com\/pt_pt\/escolha-o-seu-primeiro-homem-sextoy.html\/#_Vos_preferences\" >&nbsp;&nbsp;&nbsp;&nbsp;&nbsp;As suas prefer\u00eancias<\/a><\/li><li class='ez-toc-page-1 ez-toc-heading-level-3'><a class=\"ez-toc-link ez-toc-heading-3\" href=\"https:\/\/god-vibro.com\/pt_pt\/escolha-o-seu-primeiro-homem-sextoy.html\/#_Votre_experience\" >&nbsp;&nbsp;&nbsp;&nbsp;A sua experi\u00eancia<\/a><\/li><li class='ez-toc-page-1 ez-toc-heading-level-3'><a class=\"ez-toc-link ez-toc-heading-4\" href=\"https:\/\/god-vibro.com\/pt_pt\/escolha-o-seu-primeiro-homem-sextoy.html\/#_Les_materiaux_et_la_texture\" >&nbsp;&nbsp;Materiais e textura<\/a><\/li><li class='ez-toc-page-1 ez-toc-heading-level-3'><a class=\"ez-toc-link ez-toc-heading-5\" href=\"https:\/\/god-vibro.com\/pt_pt\/escolha-o-seu-primeiro-homem-sextoy.html\/#_Le_design\" >&nbsp;&nbsp;O desenho&nbsp;<\/a><\/li><li class='ez-toc-page-1 ez-toc-heading-level-3'><a class=\"ez-toc-link ez-toc-heading-6\" href=\"https:\/\/god-vibro.com\/pt_pt\/escolha-o-seu-primeiro-homem-sextoy.html\/#_Lintensite_des_vibrations\" >&nbsp;&nbsp;L&rsquo;intensit\u00e9 des vibrations<\/a><\/li><li class='ez-toc-page-1 ez-toc-heading-level-3'><a class=\"ez-toc-link ez-toc-heading-7\" href=\"https:\/\/god-vibro.com\/pt_pt\/escolha-o-seu-primeiro-homem-sextoy.html\/#_Le_prix\" >&nbsp;&nbsp;&nbsp;O pre\u00e7o<\/a><\/li><\/ul><\/li><li class='ez-toc-page-1 ez-toc-heading-level-2'><a class=\"ez-toc-link ez-toc-heading-8\" href=\"https:\/\/god-vibro.com\/pt_pt\/escolha-o-seu-primeiro-homem-sextoy.html\/#Les_avantages_de_lutilisation_dun_vibromasseur\" >Os benef\u00edcios da utiliza\u00e7\u00e3o de um vibrador&nbsp;<\/a><ul class='ez-toc-list-level-3' ><li class='ez-toc-heading-level-3'><a class=\"ez-toc-link ez-toc-heading-9\" href=\"https:\/\/god-vibro.com\/pt_pt\/escolha-o-seu-primeiro-homem-sextoy.html\/#_Se_procurer_du_plaisir_soi_meme\" >&nbsp;&nbsp;Ter prazer para si&nbsp;<\/a><\/li><li class='ez-toc-page-1 ez-toc-heading-level-3'><a class=\"ez-toc-link ez-toc-heading-10\" href=\"https:\/\/god-vibro.com\/pt_pt\/escolha-o-seu-primeiro-homem-sextoy.html\/#_Allez_a_la_decouverte_de_nouvelles_sensations\" >&nbsp;&nbsp;Descobrir novas sensa\u00e7\u00f5es&nbsp;<\/a><\/li><\/ul><\/li><li class='ez-toc-page-1 ez-toc-heading-level-2'><a class=\"ez-toc-link ez-toc-heading-11\" href=\"https:\/\/god-vibro.com\/pt_pt\/escolha-o-seu-primeiro-homem-sextoy.html\/#Quelques_meilleurs_vibromasseurs_pour_homme\" >Alguns dos melhores vibradores para homens<\/a><ul class='ez-toc-list-level-3' ><li class='ez-toc-heading-level-3'><a class=\"ez-toc-link ez-toc-heading-12\" href=\"https:\/\/god-vibro.com\/pt_pt\/escolha-o-seu-primeiro-homem-sextoy.html\/#Legg_tenga\" >A tenga do ovo&nbsp;<\/a><\/li><li class='ez-toc-page-1 ez-toc-heading-level-3'><a class=\"ez-toc-link ez-toc-heading-13\" href=\"https:\/\/god-vibro.com\/pt_pt\/escolha-o-seu-primeiro-homem-sextoy.html\/#Le_double_anneau_vibrant\" >O anel vibrat\u00f3rio duplo&nbsp;<\/a><\/li><li class='ez-toc-page-1 ez-toc-heading-level-3'><a class=\"ez-toc-link ez-toc-heading-14\" href=\"https:\/\/god-vibro.com\/pt_pt\/escolha-o-seu-primeiro-homem-sextoy.html\/#Les_anneaux_ou_cockrings\" >An\u00e9is ou an\u00e9is de p\u00e9nis<\/a><\/li><li class='ez-toc-page-1 ez-toc-heading-level-3'><a class=\"ez-toc-link ez-toc-heading-15\" href=\"https:\/\/god-vibro.com\/pt_pt\/escolha-o-seu-primeiro-homem-sextoy.html\/#Les_vibromasseurs_plugs_et_chapelets\" >Buj\u00f5es vibradores e ros\u00e1rios&nbsp;<\/a><\/li><li class='ez-toc-page-1 ez-toc-heading-level-3'><a class=\"ez-toc-link ez-toc-heading-16\" href=\"https:\/\/god-vibro.com\/pt_pt\/escolha-o-seu-primeiro-homem-sextoy.html\/#Les_gaines_ou_masturbateurs\" >Bainhas ou masturbadores&nbsp;<\/a><\/li><li class='ez-toc-page-1 ez-toc-heading-level-3'><a class=\"ez-toc-link ez-toc-heading-17\" href=\"https:\/\/god-vibro.com\/pt_pt\/escolha-o-seu-primeiro-homem-sextoy.html\/#Le_masturbateur_play_Tr_myhixel\" >A pe\u00e7a Tr myhixel masturbador&nbsp;<\/a><\/li><\/ul><\/li><\/ul><\/nav><\/div>\n<h2 class=\"wp-block-heading\"><span class=\"ez-toc-section\" id=\"Les_criteres_de_choix_dun_vibromasseur\"><\/span>Crit\u00e9rios para a escolha de um vibrador&nbsp;<span class=\"ez-toc-section-end\"><\/span><\/h2>\n\n\n\n<p>H\u00e1 v\u00e1rios crit\u00e9rios para a escolha de um vibrador de qualidade. Especialmente se for o seu primeiro sextoy, deve ter em conta :<\/p>\n\n\n\n<ul class=\"wp-block-list\"><li>as suas prefer\u00eancias sexuais ;<\/li><li>a sua experi\u00eancia em termos de uso sextoy;<\/li><li>o material e a textura do objecto;<\/li><li>a intensidade das vibra\u00e7\u00f5es ;<\/li><li>a sua concep\u00e7\u00e3o ;<\/li><li>o seu pre\u00e7o.<\/li><\/ul>\n\n\n\n<p>Comprar um sextoy barato \u00e9 tentador, mas n\u00e3o ter\u00e1 as sensa\u00e7\u00f5es que procura se a qualidade n\u00e3o estiver presente.<\/p>\n\n\n\n<h3 class=\"wp-block-heading\"><span class=\"ez-toc-section\" id=\"_Vos_preferences\"><\/span>&nbsp;&nbsp;&nbsp;&nbsp;&nbsp;As suas prefer\u00eancias<span class=\"ez-toc-section-end\"><\/span><\/h3>\n\n\n\n<p>Gosta de uma rata apertada ou de uma rata profunda? Est\u00e1 \u00e0 procura de um masturbador? Ou prefere a penetra\u00e7\u00e3o anal? Existem v\u00e1rios tipos de vibradores com diferentes formas e sensa\u00e7\u00f5es. A fim de fazer a escolha certa, \u00e9 necess\u00e1rio ter em conta os seus desejos. Se a massagem do seu falo o deixa louco, escolha um vibrador de massagem. Se, por outro lado, a penetra\u00e7\u00e3o lhe permite alcan\u00e7ar o orgasmo, opte por uma ficha anal. Se ainda tiver dificuldade em decidir, escolha um brinquedo vers\u00e1til.<\/p>\n\n\n\n<h3 class=\"wp-block-heading\"><span class=\"ez-toc-section\" id=\"_Votre_experience\"><\/span>&nbsp;&nbsp;&nbsp;&nbsp;A sua experi\u00eancia<span class=\"ez-toc-section-end\"><\/span><\/h3>\n\n\n\n<p>A utiliza\u00e7\u00e3o correcta de um vibrador requer experi\u00eancia. Tanto em termos de conhecer o seu corpo como de dominar o dispositivo. Alguns vibradores t\u00eam caracter\u00edsticas b\u00e1sicas, por isso s\u00e3o f\u00e1ceis de usar mas bastante limitados. Se for mais experiente, pode querer considerar um vibrador com caracter\u00edsticas avan\u00e7adas. Ap\u00f3s algumas sess\u00f5es de testes, conseguir\u00e1 o prazer esperado.<\/p>\n\n\n\n<figure class=\"wp-block-image\"><img decoding=\"async\" src=\"https:\/\/lh4.googleusercontent.com\/izLYUsA_ztxcEcdpY8CgcnzhTR0LLP3tlVfcro2235LDDiUQKKgf996YcEhV7OrLvlu6ADdWAAyPlGD6jj-j__sDBu1QG4OKna-ABF-WQqKcia2l_3M9OjFPqg1ATE4Evnd9HBuU\" alt=\"\"\/><\/figure>\n\n\n\n<h3 class=\"wp-block-heading\"><span class=\"ez-toc-section\" id=\"_Les_materiaux_et_la_texture\"><\/span>&nbsp;&nbsp;Materiais e textura<span class=\"ez-toc-section-end\"><\/span><\/h3>\n\n\n\n<p>N\u00e3o se pode comprar um objecto sem primeiro conhecer o material de que \u00e9 feito. \u00c9 por isso que \u00e9 importante ter algum conhecimento dos diferentes materiais utilizados para fazer um sextoy. Existem sextoys feitos de :&nbsp;<\/p>\n\n\n\n<ul class=\"wp-block-list\"><li>silicone ;<\/li><li>pl\u00e1stico duro ;<\/li><li>a\u00e7o inoxid\u00e1vel ;<\/li><li>biolaina ;<\/li><li>metal ;<\/li><li>etc.<\/li><\/ul>\n\n\n\n<p>Escolher materiais que cumpram a legisla\u00e7\u00e3o. Pode optar por um sextoy de silicone. Este \u00e9 um material muito bom. \u00c9 tamb\u00e9m n\u00e3o poroso e muito f\u00e1cil de manter.<\/p>\n\n\n\n<p>Evitar os brinquedos sexuais que contenham ftalato. Este material \u00e9 perigoso para a sua sa\u00fade.&nbsp;<\/p>\n\n\n\n<p>Tamb\u00e9m pode escolher vibradores feitos de biosheath, a\u00e7o inoxid\u00e1vel. Para uma sensa\u00e7\u00e3o de frio, pode escolher um sextoy met\u00e1lico.&nbsp;<\/p>\n\n\n\n<p>H\u00e1 tamb\u00e9m brinquedos sexuais de pl\u00e1stico que s\u00e3o recomendados. Escolha de acordo com as suas prefer\u00eancias. Para atingir o orgasmo, escolha um brinquedo de sexo com cordas ou acidentado.&nbsp;<\/p>\n\n\n\n<h3 class=\"wp-block-heading\"><span class=\"ez-toc-section\" id=\"_Le_design\"><\/span>&nbsp;&nbsp;O desenho&nbsp;<span class=\"ez-toc-section-end\"><\/span><\/h3>\n\n\n\n<p>\u00c9 \u00f3bvio escolher um brinquedo que lhe agrade s\u00f3 de olhar para ele. Claro que isto \u00e9 importante, mas n\u00e3o \u00e9 certamente por esta raz\u00e3o que escolher\u00e1 tudo sem se preocupar com a sua funcionalidade. Foco na est\u00e9tica e tamb\u00e9m no desempenho.&nbsp;<\/p>\n\n\n\n<h3 class=\"wp-block-heading\"><span class=\"ez-toc-section\" id=\"_Lintensite_des_vibrations\"><\/span>&nbsp;&nbsp;L&rsquo;intensit\u00e9 des vibrations<span class=\"ez-toc-section-end\"><\/span><\/h3>\n\n\n\n<p>Escolher uma intensidade de vibra\u00e7\u00e3o ao comprar um sextoy \u00e9 complicado. No entanto, n\u00e3o \u00e9 assim t\u00e3o dif\u00edcil. S\u00f3 precisa de considerar como gosta de fazer amor. No entanto, existem v\u00e1rios tipos de vibradores com intensidades diferentes. Escolher brinquedos sexuais multi-funcionais. Desta forma, \u00e9 poss\u00edvel ajustar a intensidade das vibra\u00e7\u00f5es \u00e0 vontade.&nbsp;<\/p>\n\n\n\n<h3 class=\"wp-block-heading\"><span class=\"ez-toc-section\" id=\"_Le_prix\"><\/span>&nbsp;&nbsp;&nbsp;O pre\u00e7o<span class=\"ez-toc-section-end\"><\/span><\/h3>\n\n\n\n<p>Le prix d\u2019un vibromasseur de qualit\u00e9 varie. Il n&rsquo;a pas de prix standard. Vous pourrez trouver des vibromasseurs \u00e0 20 euros, comme \u00e0 200 euros. Pour vous procurer par exemple le Lelo Fs1, vous devrez d\u00e9bourser 169 euros. C\u2019est pourquoi vous devez pr\u00e9voir un budget en cons\u00e9quence.&nbsp;<\/p>\n\n\n\n<figure class=\"wp-block-image\"><img decoding=\"async\" src=\"https:\/\/lh5.googleusercontent.com\/FaZ00KZSlf4PJIN0elpH22iPY1qhrFRdoRkzIO1-2mUaXoqA4OHUpSsFYYlBNQVurTSY2UbFvDm1kaLOxomfxQh_c6DJvl-pZJ6uWB-SHYPMwFT8gfzFIe58Bwv9iTrCRILz7HsL\" alt=\"\"\/><\/figure>\n\n\n\n<h2 class=\"wp-block-heading\"><span class=\"ez-toc-section\" id=\"Les_avantages_de_lutilisation_dun_vibromasseur\"><\/span>Os benef\u00edcios da utiliza\u00e7\u00e3o de um vibrador&nbsp;<span class=\"ez-toc-section-end\"><\/span><\/h2>\n\n\n\n<p>H\u00e1 duas raz\u00f5es principais pelas quais a maioria das pessoas compra um vibrador: para se dar prazer e descobrir novas sensa\u00e7\u00f5es.<\/p>\n\n\n\n<h3 class=\"wp-block-heading\"><span class=\"ez-toc-section\" id=\"_Se_procurer_du_plaisir_soi_meme\"><\/span>&nbsp;&nbsp;Ter prazer para si&nbsp;<span class=\"ez-toc-section-end\"><\/span><\/h3>\n\n\n\n<p>Se for solteiro ou tiver dificuldades em aproximar-se de mulheres, provavelmente vai ter prazer em faz\u00ea-lo. Da\u00ed a vantagem de um vibrador.&nbsp;<\/p>\n\n\n\n<p>O vibrador permite-lhe masturbar-se e alcan\u00e7ar o orgasmo sem parceiro sexual. Pode usar todos os tipos de posi\u00e7\u00f5es. Se for rico, tamb\u00e9m pode comprar uma boneca sexual. Os vossos desejos ser\u00e3o ordens e sentir-vos-eis como o rei do mundo nesse momento.<\/p>\n\n\n\n<h3 class=\"wp-block-heading\"><span class=\"ez-toc-section\" id=\"_Allez_a_la_decouverte_de_nouvelles_sensations\"><\/span>&nbsp;&nbsp;Descobrir novas sensa\u00e7\u00f5es&nbsp;<span class=\"ez-toc-section-end\"><\/span><\/h3>\n\n\n\n<p>Os vibradores t\u00eam a vantagem de aumentar o seu n\u00edvel de excita\u00e7\u00e3o. Tamb\u00e9m lhe permitem alcan\u00e7ar um orgasmo da pr\u00f3stata. O melhor de tudo \u00e9 que aumentam o tamanho do seu sexo.&nbsp;<\/p>\n\n\n\n<p>A intensidade da penetra\u00e7\u00e3o \u00e9 tamb\u00e9m conseguida com um anel vibrat\u00f3rio. Se for um sado-masoquista, pode tamb\u00e9m amarrar-se para atingir outro n\u00edvel de excita\u00e7\u00e3o. Pode fazer amor com a sua boneca sexual as vezes que quiser. Gra\u00e7as ao anel do galo, a ejacula\u00e7\u00e3o pode ser atrasada.<\/p>\n\n\n\n<h2 class=\"wp-block-heading\"><span class=\"ez-toc-section\" id=\"Quelques_meilleurs_vibromasseurs_pour_homme\"><\/span>Alguns dos melhores vibradores para homens<span class=\"ez-toc-section-end\"><\/span><\/h2>\n\n\n\n<p>Existem v\u00e1rios tipos de vibradores para homens. Entre esta vasta gama, existem v\u00e1rios tipos:<\/p>\n\n\n\n<ul class=\"wp-block-list\"><li>bainhas ou masturbadores ;<\/li><li>an\u00e9is ou an\u00e9is de p\u00e9nis ;<\/li><li>tampas vibradoras e ros\u00e1rios ;<\/li><li>jogos de escravid\u00e3o ;&nbsp;<\/li><li>estimulador da pr\u00f3stata ;<\/li><li>etc.<\/li><\/ul>\n\n\n\n<h3 class=\"wp-block-heading\"><span class=\"ez-toc-section\" id=\"Legg_tenga\"><\/span>A tenga do ovo&nbsp;<span class=\"ez-toc-section-end\"><\/span><\/h3>\n\n\n\n<p>Este \u00e9 o sextoy mais popular entre os homens. Tem a forma de um ovo. Gra\u00e7as a esta forma, proporciona um prazer intenso. Tamb\u00e9m se adapta ao tamanho do seu p\u00e9nis. A sua textura \u00e9 compar\u00e1vel \u00e0 de uma vagina real. \u00c9 vendido a 9,95 euros.\u00a0<\/p>\n\n\n\n<h3 class=\"wp-block-heading\"><span class=\"ez-toc-section\" id=\"Le_double_anneau_vibrant\"><\/span>O anel vibrat\u00f3rio duplo&nbsp;<span class=\"ez-toc-section-end\"><\/span><\/h3>\n\n\n\n<p>Este \u00e9 um vibrador unisexo. Pode utiliz\u00e1-lo sozinho ou com o seu parceiro.  \u00c9 muito f\u00e1cil de colocar e funciona com uma bateria. Proporciona-lhe uma sensa\u00e7\u00e3o intensa. Experimente-o e ficar\u00e1 certamente satisfeito.&nbsp;<\/p>\n\n\n\n<h3 class=\"wp-block-heading\"><span class=\"ez-toc-section\" id=\"Les_anneaux_ou_cockrings\"><\/span>An\u00e9is ou an\u00e9is de p\u00e9nis<span class=\"ez-toc-section-end\"><\/span><\/h3>\n\n\n\n<p>Existem dois tipos de an\u00e9is de p\u00e9nis. Pode encontrar an\u00e9is duplos ou simples. O anel \u00fanico \u00e9 colocado \u00e0 volta do p\u00e9nis. Vibram e d\u00e3o-lhe uma forte sensa\u00e7\u00e3o no p\u00e9nis. A sua erec\u00e7\u00e3o \u00e9 muito firme e dura. Se escolher o anel duplo, o segundo anel \u00e9 enrolado \u00e0 volta dos seus dois test\u00edculos. A sensa\u00e7\u00e3o \u00e9 ainda mais intensa.&nbsp;<\/p>\n\n\n\n<h3 class=\"wp-block-heading\"><span class=\"ez-toc-section\" id=\"Les_vibromasseurs_plugs_et_chapelets\"><\/span>Buj\u00f5es vibradores e ros\u00e1rios&nbsp;<span class=\"ez-toc-section-end\"><\/span><\/h3>\n\n\n\n<p>Este sextoy permite-lhe estimular o P-spot. Ao contr\u00e1rio do que a maioria das pessoas pensa, este vibrador n\u00e3o \u00e9 apenas para gays. Tamb\u00e9m se pode experimentar mesmo que se seja heterossexual. Recomendado para sodomia, este tamp\u00e3o anal \u00e9 um excelente brinquedo sexual. Tamb\u00e9m estimula a sua pr\u00f3stata se a usar correctamente. Pode obt\u00ea-lo a um pre\u00e7o acess\u00edvel.&nbsp;<\/p>\n\n\n\n<h3 class=\"wp-block-heading\"><span class=\"ez-toc-section\" id=\"Les_gaines_ou_masturbateurs\"><\/span>Bainhas ou masturbadores&nbsp;<span class=\"ez-toc-section-end\"><\/span><\/h3>\n\n\n\n<p>Este modelo de sextoy \u00e9 um dos melhores vibradores para os homens. Encontrar\u00e1 as bainhas em v\u00e1rios modelos e tipos. H\u00e1 bainhas&nbsp;<\/p>\n\n\n\n<ul class=\"wp-block-list\"><li>manual ;<\/li><li>autom\u00e1tico ;<\/li><li>aquecido ;<\/li><li>vibrante.<\/li><\/ul>\n\n\n\n<p>A textura faz com que se sinta como se estivesse a fazer sexo. As bainhas manuais s\u00e3o mais baratas do que as autom\u00e1ticas. As autom\u00e1ticas levam-no ao s\u00e9culo VII.<\/p>\n\n\n\n<figure class=\"wp-block-image\"><img decoding=\"async\" src=\"https:\/\/lh4.googleusercontent.com\/yYnDE_BkrsudZm358Uwv-UKkKixdmRUvC_JHf7PGAcw0HVRaUkIj1wxwDeGkQrME3n0bzduaE_JcQ8oQDBQmTBzuws5_hgZ9x1se8u9q0mr_jp2h20PADMFIUuNmXqEXj8uPu-BP\" alt=\"\"\/><\/figure>\n\n\n\n<h3 class=\"wp-block-heading\"><span class=\"ez-toc-section\" id=\"Le_masturbateur_play_Tr_myhixel\"><\/span>A pe\u00e7a Tr myhixel masturbador&nbsp;<span class=\"ez-toc-section-end\"><\/span><\/h3>\n\n\n\n<p>Ce sextoy peut \u00eatre utilis\u00e9 seul ou \u00e0 deux. Il permet de retenir l&rsquo;\u00e9jaculation le plus longtemps possible. Gr\u00e2ce \u00e0 sa fonction chauffante, il procure une sensation de douceur et de plaisir. Il est dot\u00e9 d\u2019une batterie rechargeable gr\u00e2ce \u00e0 un fil USB.&nbsp;<\/p>","protected":false},"excerpt":{"rendered":"<p>A L\u2019instar des vibromasseurs pour femmes, les vibromasseurs pour hommes rec\u00e8lent \u00e9galement des sp\u00e9cificit\u00e9s qui conditionnent le choix de tout acheteur. Si vous d\u00e9sirez acqu\u00e9rir votre premier vibromasseur, vous devez tenir compte de certains \u00e9l\u00e9ments.Il s\u2019agit entre autres des sensations recherch\u00e9es, de votre exp\u00e9rience ou encore du design de l\u2019objet. Les crit\u00e8res de choix d\u2019un [&hellip;]<\/p>\n","protected":false},"author":1,"featured_media":0,"parent":0,"menu_order":0,"comment_status":"closed","ping_status":"closed","template":"","meta":{"_acf_changed":false,"_seopress_robots_primary_cat":"","_seopress_titles_title":"","_seopress_titles_desc":"","_seopress_robots_index":"","_uag_custom_page_level_css":"","site-sidebar-layout":"default","site-content-layout":"","ast-site-content-layout":"default","site-content-style":"default","site-sidebar-style":"default","ast-global-header-display":"","ast-banner-title-visibility":"","ast-main-header-display":"","ast-hfb-above-header-display":"","ast-hfb-below-header-display":"","ast-hfb-mobile-header-display":"","site-post-title":"","ast-breadcrumbs-content":"","ast-featured-img":"","footer-sml-layout":"","theme-transparent-header-meta":"","adv-header-id-meta":"","stick-header-meta":"","header-above-stick-meta":"","header-main-stick-meta":"","header-below-stick-meta":"","astra-migrate-meta-layouts":"default","ast-page-background-enabled":"default","ast-page-background-meta":{"desktop":{"background-color":"var(--ast-global-color-4)","background-image":"","background-repeat":"repeat","background-position":"center center","background-size":"auto","background-attachment":"scroll","background-type":"","background-media":"","overlay-type":"","overlay-color":"","overlay-opacity":"","overlay-gradient":""},"tablet":{"background-color":"","background-image":"","background-repeat":"repeat","background-position":"center center","background-size":"auto","background-attachment":"scroll","background-type":"","background-media":"","overlay-type":"","overlay-color":"","overlay-opacity":"","overlay-gradient":""},"mobile":{"background-color":"","background-image":"","background-repeat":"repeat","background-position":"center center","background-size":"auto","background-attachment":"scroll","background-type":"","background-media":"","overlay-type":"","overlay-color":"","overlay-opacity":"","overlay-gradient":""}},"ast-content-background-meta":{"desktop":{"background-color":"var(--ast-global-color-5)","background-image":"","background-repeat":"repeat","background-position":"center center","background-size":"auto","background-attachment":"scroll","background-type":"","background-media":"","overlay-type":"","overlay-color":"","overlay-opacity":"","overlay-gradient":""},"tablet":{"background-color":"var(--ast-global-color-5)","background-image":"","background-repeat":"repeat","background-position":"center center","background-size":"auto","background-attachment":"scroll","background-type":"","background-media":"","overlay-type":"","overlay-color":"","overlay-opacity":"","overlay-gradient":""},"mobile":{"background-color":"var(--ast-global-color-5)","background-image":"","background-repeat":"repeat","background-position":"center center","background-size":"auto","background-attachment":"scroll","background-type":"","background-media":"","overlay-type":"","overlay-color":"","overlay-opacity":"","overlay-gradient":""}},"footnotes":""},"class_list":["post-843","page","type-page","status-publish","hentry"],"acf":[],"uagb_featured_image_src":{"full":false,"thumbnail":false,"medium":false,"medium_large":false,"large":false,"1536x1536":false,"2048x2048":false,"trp-custom-language-flag":false,"ultp_layout_landscape_large":false,"ultp_layout_landscape":false,"ultp_layout_portrait":false,"ultp_layout_square":false},"uagb_author_info":{"display_name":"brigitte","author_link":"https:\/\/god-vibro.com\/pt_pt\/author\/brigitte"},"uagb_comment_info":0,"uagb_excerpt":"A L\u2019instar des vibromasseurs pour femmes, les vibromasseurs pour hommes rec\u00e8lent \u00e9galement des sp\u00e9cificit\u00e9s qui conditionnent le choix de tout acheteur. Si vous d\u00e9sirez acqu\u00e9rir votre premier vibromasseur, vous devez tenir compte de certains \u00e9l\u00e9ments.Il s\u2019agit entre autres des sensations recherch\u00e9es, de votre exp\u00e9rience ou encore du design de l\u2019objet. Les crit\u00e8res de choix d\u2019un&hellip;","_links":{"self":[{"href":"https:\/\/god-vibro.com\/pt_pt\/wp-json\/wp\/v2\/pages\/843","targetHints":{"allow":["GET"]}}],"collection":[{"href":"https:\/\/god-vibro.com\/pt_pt\/wp-json\/wp\/v2\/pages"}],"about":[{"href":"https:\/\/god-vibro.com\/pt_pt\/wp-json\/wp\/v2\/types\/page"}],"author":[{"embeddable":true,"href":"https:\/\/god-vibro.com\/pt_pt\/wp-json\/wp\/v2\/users\/1"}],"replies":[{"embeddable":true,"href":"https:\/\/god-vibro.com\/pt_pt\/wp-json\/wp\/v2\/comments?post=843"}],"version-history":[{"count":0,"href":"https:\/\/god-vibro.com\/pt_pt\/wp-json\/wp\/v2\/pages\/843\/revisions"}],"wp:attachment":[{"href":"https:\/\/god-vibro.com\/pt_pt\/wp-json\/wp\/v2\/media?parent=843"}],"curies":[{"name":"wp","href":"https:\/\/api.w.org\/{rel}","templated":true}]}}