{"id":610,"date":"2021-11-25T19:34:15","date_gmt":"2021-11-25T19:34:15","guid":{"rendered":"https:\/\/god-vibro.com\/?page_id=610"},"modified":"2021-12-08T01:50:43","modified_gmt":"2021-12-08T01:50:43","slug":"sextoys-connectes-vibromasseur-bluetooth","status":"publish","type":"page","link":"https:\/\/god-vibro.com\/pt_pt\/sextoys-connected-vibromassage-bluetooth.html","title":{"rendered":"Sextoys Connected e Vibradores Bluetooth: Como funciona"},"content":{"rendered":"<p>A manuten\u00e7\u00e3o de uma rela\u00e7\u00e3o de longa dist\u00e2ncia \u00e9 geralmente dif\u00edcil. O contacto f\u00edsico \u00e9 essencial para qualquer rela\u00e7\u00e3o. Felizmente, a tecnologia tornou poss\u00edvel a cria\u00e7\u00e3o de brinquedos sexuais especificamente concebidos para aventuras de longa dist\u00e2ncia.&nbsp;<\/p>\n\n\n\n<p>Ces sextoys, connect\u00e9s \u00e0 distance via une application, permettent aux couples de continuer \u00e0 s\u2019exciter mutuellement m\u00eame s&rsquo; ils sont physiquement \u00e9loign\u00e9s.<\/p>\n\n\n\n<div id=\"ez-toc-container\" class=\"ez-toc-v2_0_82_2 counter-hierarchy ez-toc-counter ez-toc-custom ez-toc-container-direction\">\n<div class=\"ez-toc-title-container\">\n<p class=\"ez-toc-title\" style=\"cursor:inherit\">Conte\u00fados <\/p>\n<span class=\"ez-toc-title-toggle\"><a href=\"#\" class=\"ez-toc-pull-right ez-toc-btn ez-toc-btn-xs ez-toc-btn-default ez-toc-toggle\" aria-label=\"Alternar o \u00edndice\"><span class=\"ez-toc-js-icon-con\"><span class=\"\"><span class=\"eztoc-hide\" style=\"display:none;\">Alternar<\/span><span class=\"ez-toc-icon-toggle-span\"><svg style=\"fill: #999;color:#999\" xmlns=\"http:\/\/www.w3.org\/2000\/svg\" class=\"list-377408\" width=\"20px\" height=\"20px\" viewbox=\"0 0 24 24\" fill=\"none\"><path d=\"M6 6H4v2h2V6zm14 0H8v2h12V6zM4 11h2v2H4v-2zm16 0H8v2h12v-2zM4 16h2v2H4v-2zm16 0H8v2h12v-2z\" fill=\"currentColor\"><\/path><\/svg><svg style=\"fill: #999;color:#999\" class=\"arrow-unsorted-368013\" xmlns=\"http:\/\/www.w3.org\/2000\/svg\" width=\"10px\" height=\"10px\" viewbox=\"0 0 24 24\" version=\"1.2\" baseprofile=\"tiny\"><path d=\"M18.2 9.3l-6.2-6.3-6.2 6.3c-.2.2-.3.4-.3.7s.1.5.3.7c.2.2.4.3.7.3h11c.3 0 .5-.1.7-.3.2-.2.3-.5.3-.7s-.1-.5-.3-.7zM5.8 14.7l6.2 6.3 6.2-6.3c.2-.2.3-.5.3-.7s-.1-.5-.3-.7c-.2-.2-.4-.3-.7-.3h-11c-.3 0-.5.1-.7.3-.2.2-.3.5-.3.7s.1.5.3.7z\"\/><\/svg><\/span><\/span><\/span><\/a><\/span><\/div>\n<nav><ul class='ez-toc-list ez-toc-list-level-1 eztoc-toggle-hide-by-default' ><li class='ez-toc-page-1 ez-toc-heading-level-2'><a class=\"ez-toc-link ez-toc-heading-1\" href=\"https:\/\/god-vibro.com\/pt_pt\/sextoys-connected-vibromassage-bluetooth.html\/#Fonctionnement_du_sextoy_connecte\" >Como funciona o sextoy ligado&nbsp;<\/a><\/li><li class='ez-toc-page-1 ez-toc-heading-level-2'><a class=\"ez-toc-link ez-toc-heading-2\" href=\"https:\/\/god-vibro.com\/pt_pt\/sextoys-connected-vibromassage-bluetooth.html\/#Utilisation_dun_sextoy_connecte\" >Usando um sextoy ligado&nbsp;<\/a><\/li><li class='ez-toc-page-1 ez-toc-heading-level-2'><a class=\"ez-toc-link ez-toc-heading-3\" href=\"https:\/\/god-vibro.com\/pt_pt\/sextoys-connected-vibromassage-bluetooth.html\/#Avantage_de_lutilisation_des_sextoys_connectes\" >Vantagens da utiliza\u00e7\u00e3o de brinquedos sexuais conectados&nbsp;<\/a><\/li><li class='ez-toc-page-1 ez-toc-heading-level-2'><a class=\"ez-toc-link ez-toc-heading-4\" href=\"https:\/\/god-vibro.com\/pt_pt\/sextoys-connected-vibromassage-bluetooth.html\/#Differents_types_de_sextoy_connecte\" >Diferentes tipos de sextoy ligados<\/a><ul class='ez-toc-list-level-3' ><li class='ez-toc-heading-level-3'><a class=\"ez-toc-link ez-toc-heading-5\" href=\"https:\/\/god-vibro.com\/pt_pt\/sextoys-connected-vibromassage-bluetooth.html\/#Le_stimulateur_de_clitoris\" >O estimulador do cl\u00edtoris&nbsp;<\/a><\/li><li class='ez-toc-page-1 ez-toc-heading-level-3'><a class=\"ez-toc-link ez-toc-heading-6\" href=\"https:\/\/god-vibro.com\/pt_pt\/sextoys-connected-vibromassage-bluetooth.html\/#Le_stimulateur_anal\" >O estimulador anal&nbsp;<\/a><\/li><li class='ez-toc-page-1 ez-toc-heading-level-3'><a class=\"ez-toc-link ez-toc-heading-7\" href=\"https:\/\/god-vibro.com\/pt_pt\/sextoys-connected-vibromassage-bluetooth.html\/#Le_stimulateur_prostatique\" >O estimulador de pr\u00f3stata<\/a><\/li><\/ul><\/li><li class='ez-toc-page-1 ez-toc-heading-level-2'><a class=\"ez-toc-link ez-toc-heading-8\" href=\"https:\/\/god-vibro.com\/pt_pt\/sextoys-connected-vibromassage-bluetooth.html\/#Top_07_des_meilleurs_sextoys_connectes\" >Top 07 melhores brinquedos sexuais conectados<\/a><ul class='ez-toc-list-level-3' ><li class='ez-toc-heading-level-3'><a class=\"ez-toc-link ez-toc-heading-9\" href=\"https:\/\/god-vibro.com\/pt_pt\/sextoys-connected-vibromassage-bluetooth.html\/#We-Vibe_Chorus\" >Refr\u00e3o We-Vibe<\/a><\/li><li class='ez-toc-page-1 ez-toc-heading-level-3'><a class=\"ez-toc-link ez-toc-heading-10\" href=\"https:\/\/god-vibro.com\/pt_pt\/sextoys-connected-vibromassage-bluetooth.html\/#Vibrateur_pour_culotte_We-Vibe_Moxie\" >We-Vibe Moxie vibrador de calcinha<\/a><\/li><li class='ez-toc-page-1 ez-toc-heading-level-3'><a class=\"ez-toc-link ez-toc-heading-11\" href=\"https:\/\/god-vibro.com\/pt_pt\/sextoys-connected-vibromassage-bluetooth.html\/#Clion_par_KIIROO_Vibrateur_de_stimulation_du_clitoris\" >Clion by KIIROO Vibrador de estimula\u00e7\u00e3o do cl\u00edtoris<\/a><\/li><li class='ez-toc-page-1 ez-toc-heading-level-3'><a class=\"ez-toc-link ez-toc-heading-12\" href=\"https:\/\/god-vibro.com\/pt_pt\/sextoys-connected-vibromassage-bluetooth.html\/#Vibrateur_pour_culotte_de_luxe_controle_par_une_application\" >Vibrador de cueca de luxo controlado por uma aplica\u00e7\u00e3o<\/a><\/li><li class='ez-toc-page-1 ez-toc-heading-level-3'><a class=\"ez-toc-link ez-toc-heading-13\" href=\"https:\/\/god-vibro.com\/pt_pt\/sextoys-connected-vibromassage-bluetooth.html\/#Masturbateur_masculin_interactif_KIIROO_Onyx\" >KIIROO Onyx+ masturbador interactivo masculino<\/a><\/li><li class='ez-toc-page-1 ez-toc-heading-level-3'><a class=\"ez-toc-link ez-toc-heading-14\" href=\"https:\/\/god-vibro.com\/pt_pt\/sextoys-connected-vibromassage-bluetooth.html\/#We-Vibe_Pivot_Anneau_de_bite_vibrant_controle_par_une_application\" >We-Vibe Pivot Vibrating dick ring controlado por uma aplica\u00e7\u00e3o<\/a><\/li><li class='ez-toc-page-1 ez-toc-heading-level-3'><a class=\"ez-toc-link ez-toc-heading-15\" href=\"https:\/\/god-vibro.com\/pt_pt\/sextoys-connected-vibromassage-bluetooth.html\/#Vibrateur_pour_culotte_Vibease\" >Vibease vibrador de calcinha<\/a><\/li><\/ul><\/li><\/ul><\/nav><\/div>\n<h2 class=\"wp-block-heading\"><span class=\"ez-toc-section\" id=\"Fonctionnement_du_sextoy_connecte\"><\/span>Como funciona o sextoy ligado&nbsp;<span class=\"ez-toc-section-end\"><\/span><\/h2>\n\n\n\n<p>O funcionamento de um sextoy ligado \u00e9 simples. Um parceiro tem o sextoy, o outro controla-o atrav\u00e9s de uma aplica\u00e7\u00e3o.<\/p>\n\n\n\n<p>Instalada no Android ou IOS, esta aplica\u00e7\u00e3o vem com o sextoy e pode ser utilizada a partir de qualquer lugar ligado \u00e0 Internet.<\/p>\n\n\n\n<p>Sente-se e relaxe ou junte-se via Skype, por exemplo, e desfrute de um momento especial juntos.<\/p>\n\n\n\n<p>Este tipo de sextoy tamb\u00e9m pode ser usado cara a cara durante um jantar num restaurante para aumentar a press\u00e3o, ou sozinho para solteiros.<\/p>\n\n\n\n<h2 class=\"wp-block-heading\"><span class=\"ez-toc-section\" id=\"Utilisation_dun_sextoy_connecte\"><\/span>Usando um sextoy ligado&nbsp;<span class=\"ez-toc-section-end\"><\/span><\/h2>\n\n\n\n<p>Consulte o guia do utilizador do seu sextoy ligado para saber o nome da aplica\u00e7\u00e3o a descarregar ou o Qr Code para digitalizar, a fim de ligar o seu sextoy a um telefone. &nbsp;<\/p>\n\n\n\n<p>Se for um vibrador de calcinha, coloque-o em roupa interior e brinque com os modos de intensidade. Tamb\u00e9m pode deixar esta fun\u00e7\u00e3o para o seu parceiro. Ele ou ela estar\u00e1 ent\u00e3o no controlo do objecto e ser\u00e1 respons\u00e1vel por lhe dar prazer.&nbsp;<\/p>\n\n\n\n<p>A we-vibe \u00e9 uma tecnologia muito poderosa. Gadgets com este sistema funcionam a milhares de quil\u00f3metros de dist\u00e2ncia. Para as utilizar, \u00e9 necess\u00e1rio registar as suas defini\u00e7\u00f5es na aplica\u00e7\u00e3o que descarregou. Depois tem de enviar um convite ao seu parceiro. A aplica\u00e7\u00e3o tem controlo de v\u00eddeo e voz. Emparelhe-o com o seu telefone e deixe a imagina\u00e7\u00e3o fazer o resto.<\/p>\n\n\n\n<figure class=\"wp-block-image\"><img decoding=\"async\" src=\"https:\/\/lh3.googleusercontent.com\/JbQ74IPjPN47ZOc668J_ZHHX9DPZj02nQ7m4n1xgg43KFSeOZ5L5R4cRqXhJvdvIgrtWr4ktn0q3KaUVgQJfPVwLsRAj6iNiWosXkLN-uaQKZaerhFUOTWbLhsXzjQTYejO6eFH6\" alt=\"\"\/><\/figure>\n\n\n\n<h2 class=\"wp-block-heading\"><span class=\"ez-toc-section\" id=\"Avantage_de_lutilisation_des_sextoys_connectes\"><\/span>Vantagens da utiliza\u00e7\u00e3o de brinquedos sexuais conectados&nbsp;<span class=\"ez-toc-section-end\"><\/span><\/h2>\n\n\n\n<p>Gr\u00e2ce aux sextoys connect\u00e9s, vous pouvez vous masturber, donner du plaisir \u00e0 votre partenaire ou en recevoir vous-m\u00eame. Avec l&rsquo;aide de certains des meilleurs jouets sexuels pour couples du march\u00e9, votre amour aura l&rsquo;impression de faire partie de l&rsquo;action, lui aussi. Nous ne pouvons pas promettre qu&rsquo;ils sauveront une relation \u00e0 distance, mais ils aideront quand m\u00eame \u00e0 garder les choses en bon \u00e9tat et \u00e0 att\u00e9nuer la frustration sexuelle.<\/p>\n\n\n\n<p>N\u2019oubliez pas d&rsquo;utiliser du lubrifiant et de bien nettoyer les objets apr\u00e8s utilisation.&nbsp;<\/p>\n\n\n\n<h2 class=\"wp-block-heading\"><span class=\"ez-toc-section\" id=\"Differents_types_de_sextoy_connecte\"><\/span>Diferentes tipos de sextoy ligados<span class=\"ez-toc-section-end\"><\/span><\/h2>\n\n\n\n<p>Existem v\u00e1rios tipos de brinquedos sexuais conectados, incluindo :&nbsp;<\/p>\n\n\n\n<ul class=\"wp-block-list\"><li>estimulador do cl\u00edtoris ;<\/li><li>estimulador anal ;<\/li><li>estimulador da pr\u00f3stata ;<\/li><li>vibrador ;<\/li><li>ovo vibrat\u00f3rio ;<\/li><li>etc.<\/li><\/ul>\n\n\n\n<h3 class=\"wp-block-heading\"><span class=\"ez-toc-section\" id=\"Le_stimulateur_de_clitoris\"><\/span>O estimulador do cl\u00edtoris&nbsp;<span class=\"ez-toc-section-end\"><\/span><\/h3>\n\n\n\n<p>Excelente brinquedo para estimular o ponto G do seu parceiro. Podem ser utilizados sozinhos ou como casal. Para mais prazer, deixe a fun\u00e7\u00e3o de intensidade ao seu parceiro. N\u00e3o se vai arrepender.&nbsp;<\/p>\n\n\n\n<p>Este tipo de estimulador pode ser usado para preliminares, e pode mesmo fazer com que o seu parceiro atinja o orgasmo.<\/p>\n\n\n\n<h3 class=\"wp-block-heading\"><span class=\"ez-toc-section\" id=\"Le_stimulateur_anal\"><\/span>O estimulador anal&nbsp;<span class=\"ez-toc-section-end\"><\/span><\/h3>\n\n\n\n<p>O estimulador anal \u00e9 um sextoy ligado que lhe d\u00e1 uma sensa\u00e7\u00e3o no \u00e2nus. Um grande brinquedo para qualquer pessoa que queira experimentar novas sensa\u00e7\u00f5es, v\u00eam em diferentes tamanhos, formas e texturas. Escolha o que lhe conv\u00e9m e emparelhe-o com o seu smartphone.&nbsp;<\/p>\n\n\n\n<h3 class=\"wp-block-heading\"><span class=\"ez-toc-section\" id=\"Le_stimulateur_prostatique\"><\/span>O estimulador de pr\u00f3stata<span class=\"ez-toc-section-end\"><\/span><\/h3>\n\n\n\n<p>\u00c9 um excelente masturbador para os homens.  Permite-lhe descobrir melhor o seu corpo e divertir-se sozinho ou como casal. Para apimentar o acto, deixe o seu parceiro decidir sobre a pot\u00eancia e intensidade das vibra\u00e7\u00f5es.&nbsp;<\/p>\n\n\n\n<figure class=\"wp-block-image\"><img decoding=\"async\" src=\"https:\/\/lh5.googleusercontent.com\/V5NQNT04Tt6GfMKDtJG15rYJaEMlMMVXT1_bSeNC7wSS7duzKuzEb4uiTnAFLAseS0jZEP5GsqrgXFX1YH0QmH_xYsSDoT93onGLlTJG78hC0uoJKAdR4X4Peibgxp5JdF0aMfdw\" alt=\"\"\/><\/figure>\n\n\n\n<h2 class=\"wp-block-heading\"><span class=\"ez-toc-section\" id=\"Top_07_des_meilleurs_sextoys_connectes\"><\/span>Top 07 melhores brinquedos sexuais conectados<span class=\"ez-toc-section-end\"><\/span><\/h2>\n\n\n\n<p>H\u00e1 muitos brinquedos sexuais ligados entre si. Entre esta vasta gama, podemos mencionar :&nbsp;<\/p>\n\n\n\n<ul class=\"wp-block-list\"><li>coral we-vibe ;<\/li><li>We-Vibe Moxie vibrador de calcinha;<\/li><li>clion by KIIROO Vibrador de estimula\u00e7\u00e3o do cl\u00edtoris ;<\/li><li>Vibrador de cal\u00e7as de luxo controlado por uma aplica\u00e7\u00e3o ;<\/li><li>KIIROO Onyx+ mastubarator interactivo masculino;<\/li><li>anel de pi\u00e7a vibrat\u00f3rio we-vibe Pivot Vibrating, controlado por uma aplica\u00e7\u00e3o.<\/li><\/ul>\n\n\n\n<p>Estes brinquedos sexuais ligados foram por n\u00f3s seleccionados com base na sua qualidade, materiais de fabrico, pre\u00e7o e opini\u00f5es de clientes.&nbsp;<\/p>\n\n\n\n<h3 class=\"wp-block-heading\"><span class=\"ez-toc-section\" id=\"We-Vibe_Chorus\"><\/span>Refr\u00e3o We-Vibe<span class=\"ez-toc-section-end\"><\/span><\/h3>\n\n\n\n<p>Ce jouet de We-Vibe est cens\u00e9 s&rsquo;adapter \u00e0 la forme de la personne qui le porte, offrant ainsi un plaisir mains libres \u00e0 l&rsquo;int\u00e9rieur comme \u00e0 l&rsquo;ext\u00e9rieur. \u00c9tanche et rechargeable, il offre 3 vitesses, 7 modes de vibration et une t\u00e9l\u00e9commande de haute technologie qui adapte l&rsquo;intensit\u00e9 des vibrations \u00e0 votre guise.&nbsp;<\/p>\n\n\n\n<p>Il s&rsquo;associe \u00e0 une application pour t\u00e9l\u00e9phone afin que votre partenaire puisse jouer avec vous o\u00f9 qu&rsquo;il soit. Il est assez polyvalent pour \u00eatre utilis\u00e9 pendant les rapports sexuels lorsque vous vous retrouvez enfin en personne.<\/p>\n\n\n\n<h3 class=\"wp-block-heading\"><span class=\"ez-toc-section\" id=\"Vibrateur_pour_culotte_We-Vibe_Moxie\"><\/span>We-Vibe Moxie vibrador de calcinha<span class=\"ez-toc-section-end\"><\/span><\/h3>\n\n\n\n<p>Les fans de Moxie adorent ce vibromasseur de culotte portable populaire pour sa taille discr\u00e8te. Il poss\u00e8de un aimant plat de la taille d&rsquo;un galet qui permet de le fixer \u00e0 n&rsquo;importe quels sous-v\u00eatements. Il dispose de 10 modes de vibration, ce qui permet de varier les plaisirs. Il est livr\u00e9 avec une t\u00e9l\u00e9commande simple d\u2019utilisation et fonctionne avec l&rsquo;application We-Connect.<\/p>\n\n\n\n<h3 class=\"wp-block-heading\"><span class=\"ez-toc-section\" id=\"Clion_par_KIIROO_Vibrateur_de_stimulation_du_clitoris\"><\/span>Clion by KIIROO Vibrador de estimula\u00e7\u00e3o do cl\u00edtoris<span class=\"ez-toc-section-end\"><\/span><\/h3>\n\n\n\n<p>Les jouets technologiques de KIIROO, bas\u00e9 \u00e0 Amsterdam, sont faits \u00a0\u00bb pour l&rsquo;amour en ligne \u00ab\u00a0, et ce joli stimulateur clitoridien \u00e9tanche est compatible pour se connecter avec le reste de leurs produits.&nbsp;<\/p>\n\n\n\n<p>Como os seus muffs para parceiros com p\u00e9nis, ou a sua linha OhMiBod atrav\u00e9s da sua aplica\u00e7\u00e3o FeelConnect para IOS e Android, eles t\u00eam v\u00e1rios gadgets para os parceiros se estimularem mutuamente.&nbsp;<\/p>\n\n\n\n<p>Com um headset de realidade virtual (VR), por exemplo, as pessoas podem tamb\u00e9m usar o seu brinquedo com conte\u00fado adulto interactivo.<\/p>\n\n\n\n<h3 class=\"wp-block-heading\"><span class=\"ez-toc-section\" id=\"Vibrateur_pour_culotte_de_luxe_controle_par_une_application\"><\/span>Vibrador de cueca de luxo controlado por uma aplica\u00e7\u00e3o<span class=\"ez-toc-section-end\"><\/span><\/h3>\n\n\n\n<p>L&rsquo;entr\u00e9e de Lovehoney dans le monde des vibromasseurs de culotte contr\u00f4l\u00e9s par une application a fait l&rsquo;objet de nombreuses critiques. Ce gadget offre douze vitesses et huit motifs. Il est \u00e9galement livr\u00e9 avec de la lingerie en dentelle noire nou\u00e9e par un ruban pour y loger le sextoy.&nbsp;<\/p>\n\n\n\n<p>Il est \u00e9tanche et vous pouvez utiliser les commandes de l&rsquo;application Desire pour vous amuser en toute libert\u00e9 ou laisser votre partenaire le faire.<\/p>\n\n\n\n<h3 class=\"wp-block-heading\"><span class=\"ez-toc-section\" id=\"Masturbateur_masculin_interactif_KIIROO_Onyx\"><\/span>KIIROO Onyx+ masturbador interactivo masculino<span class=\"ez-toc-section-end\"><\/span><\/h3>\n\n\n\n<p>Pour les couples qui veulent reproduire l&rsquo;exp\u00e9rience du sexe en personne (dans la mesure o\u00f9 la r\u00e9alit\u00e9 peut \u00eatre simul\u00e9e par la technologie), le Kiiroo Onyx+ est un masturbateur bien \u00e9valu\u00e9.&nbsp;<\/p>\n\n\n\n<p>Il se connecte au Cliona et aux autres jouets Bluetooth de la marque pour des sessions de chat vid\u00e9o mutuellement agr\u00e9ables. Avec 10 anneaux contractants \u00e0 l&rsquo;int\u00e9rieur, il dispose de trois modes (dont \u00ab\u00a0interactif\u00a0\u00bb). Vous pouvez \u00e9galement acheter Onyx et Cliona par paire.&nbsp;<\/p>\n\n\n\n<h3 class=\"wp-block-heading\"><span class=\"ez-toc-section\" id=\"We-Vibe_Pivot_Anneau_de_bite_vibrant_controle_par_une_application\"><\/span>We-Vibe Pivot Vibrating dick ring controlado por uma aplica\u00e7\u00e3o<span class=\"ez-toc-section-end\"><\/span><\/h3>\n\n\n\n<p>Le Pivot est id\u00e9al pour une utilisation en solo ou lors de rapports sexuels en personne, car il offre plus de 10 options de vibration. Vous pouvez \u00e9galement utiliser l&rsquo;application We-Connect pour contr\u00f4ler \u00e0 distance les vibrations de l&rsquo;anneau et personnaliser vos param\u00e8tres en m\u00e9morisant les mod\u00e8les de vibrations que vous aimez pour la prochaine fois.<\/p>\n\n\n\n<figure class=\"wp-block-image\"><img decoding=\"async\" src=\"https:\/\/lh6.googleusercontent.com\/1PJPWsqFksXUa8CZiikB6HvhtmgPcfr_RYLMa7pwZJyxLsrxSaDJbFovTA-rW1Km-YCj8CCWQSiIZMxTd712Ut64qxu22GaqlzQ7BEXGh9_U85hIuFy2ieGNDypi12zdvmvOcGHc\" alt=\"\"\/><\/figure>\n\n\n\n<h3 class=\"wp-block-heading\"><span class=\"ez-toc-section\" id=\"Vibrateur_pour_culotte_Vibease\"><\/span>Vibease vibrador de calcinha<span class=\"ez-toc-section-end\"><\/span><\/h3>\n\n\n\n<p>Le Vibease est un vibromasseur pour culotte avec une touche litt\u00e9raire. Il se synchronise avec une s\u00e9rie de livres audio sexy gr\u00e2ce \u00e0 une application. Ce qui est une excellente nouvelle pour les amateurs d&rsquo;\u00e9rotisme. Vous pouvez l&rsquo;utiliser seul ou avec un partenaire gr\u00e2ce \u00e0 l&rsquo;application fournie. Sa forme pointue est id\u00e9ale pour de nombreux utilisateurs. Le Vibease offre en outre 5 modes de vibrations, ce qui permet de varier les plaisirs et de contenter tout un chacun.<\/p>\n\n\n\n<p><\/p>\n\n\n\n<p><\/p>","protected":false},"excerpt":{"rendered":"<p>Entretenir une relation \u00e0 distance est g\u00e9n\u00e9ralement difficile. Les rapports physiques sont en effet primordiaux pour toute relation de couple. Heureusement,&nbsp; la technologie a permis de cr\u00e9er des jouets sexuels sp\u00e9cialement con\u00e7us pour les aventures \u00e0 distance.&nbsp; Ces sextoys, connect\u00e9s \u00e0 distance via une application, permettent aux couples de continuer \u00e0 s\u2019exciter mutuellement m\u00eame s&rsquo; [&hellip;]<\/p>\n","protected":false},"author":1,"featured_media":612,"parent":0,"menu_order":0,"comment_status":"closed","ping_status":"closed","template":"","meta":{"_acf_changed":false,"_seopress_robots_primary_cat":"","_seopress_titles_title":"","_seopress_titles_desc":"","_seopress_robots_index":"","_uag_custom_page_level_css":"","site-sidebar-layout":"default","site-content-layout":"","ast-site-content-layout":"default","site-content-style":"default","site-sidebar-style":"default","ast-global-header-display":"","ast-banner-title-visibility":"","ast-main-header-display":"","ast-hfb-above-header-display":"","ast-hfb-below-header-display":"","ast-hfb-mobile-header-display":"","site-post-title":"","ast-breadcrumbs-content":"","ast-featured-img":"","footer-sml-layout":"","theme-transparent-header-meta":"","adv-header-id-meta":"","stick-header-meta":"","header-above-stick-meta":"","header-main-stick-meta":"","header-below-stick-meta":"","astra-migrate-meta-layouts":"default","ast-page-background-enabled":"default","ast-page-background-meta":{"desktop":{"background-color":"var(--ast-global-color-4)","background-image":"","background-repeat":"repeat","background-position":"center center","background-size":"auto","background-attachment":"scroll","background-type":"","background-media":"","overlay-type":"","overlay-color":"","overlay-opacity":"","overlay-gradient":""},"tablet":{"background-color":"","background-image":"","background-repeat":"repeat","background-position":"center center","background-size":"auto","background-attachment":"scroll","background-type":"","background-media":"","overlay-type":"","overlay-color":"","overlay-opacity":"","overlay-gradient":""},"mobile":{"background-color":"","background-image":"","background-repeat":"repeat","background-position":"center center","background-size":"auto","background-attachment":"scroll","background-type":"","background-media":"","overlay-type":"","overlay-color":"","overlay-opacity":"","overlay-gradient":""}},"ast-content-background-meta":{"desktop":{"background-color":"var(--ast-global-color-5)","background-image":"","background-repeat":"repeat","background-position":"center center","background-size":"auto","background-attachment":"scroll","background-type":"","background-media":"","overlay-type":"","overlay-color":"","overlay-opacity":"","overlay-gradient":""},"tablet":{"background-color":"var(--ast-global-color-5)","background-image":"","background-repeat":"repeat","background-position":"center center","background-size":"auto","background-attachment":"scroll","background-type":"","background-media":"","overlay-type":"","overlay-color":"","overlay-opacity":"","overlay-gradient":""},"mobile":{"background-color":"var(--ast-global-color-5)","background-image":"","background-repeat":"repeat","background-position":"center center","background-size":"auto","background-attachment":"scroll","background-type":"","background-media":"","overlay-type":"","overlay-color":"","overlay-opacity":"","overlay-gradient":""}},"footnotes":""},"class_list":["post-610","page","type-page","status-publish","has-post-thumbnail","hentry"],"acf":[],"uagb_featured_image_src":{"full":["https:\/\/god-vibro.com\/wp-content\/uploads\/2021\/11\/sextoy-connecte.jpg",850,494,false],"thumbnail":["https:\/\/god-vibro.com\/wp-content\/uploads\/2021\/11\/sextoy-connecte-150x150.jpg",150,150,true],"medium":["https:\/\/god-vibro.com\/wp-content\/uploads\/2021\/11\/sextoy-connecte-300x174.jpg",300,174,true],"medium_large":["https:\/\/god-vibro.com\/wp-content\/uploads\/2021\/11\/sextoy-connecte-768x446.jpg",768,446,true],"large":["https:\/\/god-vibro.com\/wp-content\/uploads\/2021\/11\/sextoy-connecte.jpg",850,494,false],"1536x1536":["https:\/\/god-vibro.com\/wp-content\/uploads\/2021\/11\/sextoy-connecte.jpg",850,494,false],"2048x2048":["https:\/\/god-vibro.com\/wp-content\/uploads\/2021\/11\/sextoy-connecte.jpg",850,494,false],"trp-custom-language-flag":["https:\/\/god-vibro.com\/wp-content\/uploads\/2021\/11\/sextoy-connecte.jpg",18,10,false],"ultp_layout_landscape_large":["https:\/\/god-vibro.com\/wp-content\/uploads\/2021\/11\/sextoy-connecte.jpg",850,494,false],"ultp_layout_landscape":["https:\/\/god-vibro.com\/wp-content\/uploads\/2021\/11\/sextoy-connecte.jpg",850,494,false],"ultp_layout_portrait":["https:\/\/god-vibro.com\/wp-content\/uploads\/2021\/11\/sextoy-connecte.jpg",600,349,false],"ultp_layout_square":["https:\/\/god-vibro.com\/wp-content\/uploads\/2021\/11\/sextoy-connecte.jpg",600,349,false]},"uagb_author_info":{"display_name":"brigitte","author_link":"https:\/\/god-vibro.com\/pt_pt\/author\/brigitte"},"uagb_comment_info":0,"uagb_excerpt":"Entretenir une relation \u00e0 distance est g\u00e9n\u00e9ralement difficile. Les rapports physiques sont en effet primordiaux pour toute relation de couple. Heureusement,&nbsp; la technologie a permis de cr\u00e9er des jouets sexuels sp\u00e9cialement con\u00e7us pour les aventures \u00e0 distance.&nbsp; Ces sextoys, connect\u00e9s \u00e0 distance via une application, permettent aux couples de continuer \u00e0 s\u2019exciter mutuellement m\u00eame s&rsquo;&hellip;","_links":{"self":[{"href":"https:\/\/god-vibro.com\/pt_pt\/wp-json\/wp\/v2\/pages\/610","targetHints":{"allow":["GET"]}}],"collection":[{"href":"https:\/\/god-vibro.com\/pt_pt\/wp-json\/wp\/v2\/pages"}],"about":[{"href":"https:\/\/god-vibro.com\/pt_pt\/wp-json\/wp\/v2\/types\/page"}],"author":[{"embeddable":true,"href":"https:\/\/god-vibro.com\/pt_pt\/wp-json\/wp\/v2\/users\/1"}],"replies":[{"embeddable":true,"href":"https:\/\/god-vibro.com\/pt_pt\/wp-json\/wp\/v2\/comments?post=610"}],"version-history":[{"count":0,"href":"https:\/\/god-vibro.com\/pt_pt\/wp-json\/wp\/v2\/pages\/610\/revisions"}],"wp:featuredmedia":[{"embeddable":true,"href":"https:\/\/god-vibro.com\/pt_pt\/wp-json\/wp\/v2\/media\/612"}],"wp:attachment":[{"href":"https:\/\/god-vibro.com\/pt_pt\/wp-json\/wp\/v2\/media?parent=610"}],"curies":[{"name":"wp","href":"https:\/\/api.w.org\/{rel}","templated":true}]}}