{"id":839,"date":"2021-12-08T00:40:49","date_gmt":"2021-12-08T00:40:49","guid":{"rendered":"https:\/\/god-vibro.com\/?page_id=839"},"modified":"2022-01-19T18:43:28","modified_gmt":"2022-01-19T18:43:28","slug":"promotions-guides-et-astuces-pour-bien-choisir-votre-jouet","status":"publish","type":"page","link":"https:\/\/god-vibro.com\/pt\/promocoes-guias-e-guias-por-escolha-o-seu-eu-eu-eu.html","title":{"rendered":"Promo\u00e7\u00f5es, guias e dicas para a escolha de seu brinquedo"},"content":{"rendered":"<p>Voc\u00ea pode encontrar todas as nossas p\u00e1ginas de informa\u00e7\u00e3o, nossos guias e, especialmente, como encontrar as melhores ofertas <strong>Lovense<\/strong>, <strong>Lelo<\/strong>, <strong>Lovehoney<\/strong> para comprar seu sextoy ao melhor pre\u00e7o.<\/p>\n\n\n\n<div class=\"wp-block-image\"><figure class=\"aligncenter size-full is-resized\"><img fetchpriority=\"high\" decoding=\"async\" src=\"https:\/\/god-vibro.com\/wp-content\/uploads\/2021\/11\/offres-promo-lovense.png\" alt=\"\" class=\"wp-image-434\" width=\"465\" height=\"184\" srcset=\"https:\/\/god-vibro.com\/wp-content\/uploads\/2021\/11\/offres-promo-lovense.png 804w, https:\/\/god-vibro.com\/wp-content\/uploads\/2021\/11\/offres-promo-lovense-600x237.png 600w, https:\/\/god-vibro.com\/wp-content\/uploads\/2021\/11\/offres-promo-lovense-300x119.png 300w, https:\/\/god-vibro.com\/wp-content\/uploads\/2021\/11\/offres-promo-lovense-768x304.png 768w\" sizes=\"(max-width: 465px) 100vw, 465px\" \/><\/figure><\/div>\n\n\n\n<div id=\"ez-toc-container\" class=\"ez-toc-v2_0_82_2 counter-hierarchy ez-toc-counter ez-toc-custom ez-toc-container-direction\">\n<div class=\"ez-toc-title-container\">\n<p class=\"ez-toc-title\" style=\"cursor:inherit\">Conte\u00fado <\/p>\n<span class=\"ez-toc-title-toggle\"><a href=\"#\" class=\"ez-toc-pull-right ez-toc-btn ez-toc-btn-xs ez-toc-btn-default ez-toc-toggle\" aria-label=\"Alternar tabela de conte\u00fado\"><span class=\"ez-toc-js-icon-con\"><span class=\"\"><span class=\"eztoc-hide\" style=\"display:none;\">Alternar<\/span><span class=\"ez-toc-icon-toggle-span\"><svg style=\"fill: #999;color:#999\" xmlns=\"http:\/\/www.w3.org\/2000\/svg\" class=\"list-377408\" width=\"20px\" height=\"20px\" viewbox=\"0 0 24 24\" fill=\"none\"><path d=\"M6 6H4v2h2V6zm14 0H8v2h12V6zM4 11h2v2H4v-2zm16 0H8v2h12v-2zM4 16h2v2H4v-2zm16 0H8v2h12v-2z\" fill=\"currentColor\"><\/path><\/svg><svg style=\"fill: #999;color:#999\" class=\"arrow-unsorted-368013\" xmlns=\"http:\/\/www.w3.org\/2000\/svg\" width=\"10px\" height=\"10px\" viewbox=\"0 0 24 24\" version=\"1.2\" baseprofile=\"tiny\"><path d=\"M18.2 9.3l-6.2-6.3-6.2 6.3c-.2.2-.3.4-.3.7s.1.5.3.7c.2.2.4.3.7.3h11c.3 0 .5-.1.7-.3.2-.2.3-.5.3-.7s-.1-.5-.3-.7zM5.8 14.7l6.2 6.3 6.2-6.3c.2-.2.3-.5.3-.7s-.1-.5-.3-.7c-.2-.2-.4-.3-.7-.3h-11c-.3 0-.5.1-.7.3-.2.2-.3.5-.3.7s.1.5.3.7z\"\/><\/svg><\/span><\/span><\/span><\/a><\/span><\/div>\n<nav><ul class='ez-toc-list ez-toc-list-level-1 eztoc-toggle-hide-by-default' ><li class='ez-toc-page-1 ez-toc-heading-level-2'><a class=\"ez-toc-link ez-toc-heading-1\" href=\"https:\/\/god-vibro.com\/pt\/promocoes-guias-e-guias-por-escolha-o-seu-eu-eu-eu.html\/#Les_codes_promotions\" >C\u00f3digos promocionais<\/a><\/li><li class='ez-toc-page-1 ez-toc-heading-level-2'><a class=\"ez-toc-link ez-toc-heading-2\" href=\"https:\/\/god-vibro.com\/pt\/promocoes-guias-e-guias-por-escolha-o-seu-eu-eu-eu.html\/#Les_guides_pour_bien_choisir_son_jouet\" >Guias para a escolha de um brinquedo<\/a><ul class='ez-toc-list-level-3' ><li class='ez-toc-heading-level-3'><a class=\"ez-toc-link ez-toc-heading-3\" href=\"https:\/\/god-vibro.com\/pt\/promocoes-guias-e-guias-por-escolha-o-seu-eu-eu-eu.html\/#Choisir_votre_sextoy_pour_homme_ou_femme\" >Escolha seu sextoy para homens ou mulheres<\/a><\/li><\/ul><\/li><li class='ez-toc-page-1 ez-toc-heading-level-2'><a class=\"ez-toc-link ez-toc-heading-4\" href=\"https:\/\/god-vibro.com\/pt\/promocoes-guias-e-guias-por-escolha-o-seu-eu-eu-eu.html\/#La_connexion_a_distance\" >A conex\u00e3o remota<\/a><\/li><\/ul><\/nav><\/div>\n<h2 class=\"wp-block-heading\"><span class=\"ez-toc-section\" id=\"Les_codes_promotions\"><\/span>C\u00f3digos promocionais<span class=\"ez-toc-section-end\"><\/span><\/h2>\n\n\n\n<p>J&rsquo;ai \u00e9crit 2 pages pour comprendre comment fonctionnent les promos et les offres faites par Lovense et Lelo par le biais de la boutique Lovehoney.<\/p>\n\n\n\n<div class=\"wp-block-columns is-layout-flex wp-container-core-columns-is-layout-28f84493 wp-block-columns-is-layout-flex\">\n<div class=\"wp-block-column is-layout-flow wp-block-column-is-layout-flow\">\n<div class=\"wp-block-buttons is-layout-flex wp-block-buttons-is-layout-flex\">\n<div class=\"wp-block-button has-custom-width wp-block-button__width-100\"><a class=\"wp-block-button__link\" href=\"https:\/\/god-vibro.com\/lovense-code-promo.html\">C\u00f3digo promocional Lovense<\/a><\/div>\n<\/div>\n<\/div>\n\n\n\n<div class=\"wp-block-column is-layout-flow wp-block-column-is-layout-flow\">\n<div class=\"wp-block-buttons is-layout-flex wp-block-buttons-is-layout-flex\">\n<div class=\"wp-block-button has-custom-width wp-block-button__width-100\"><a class=\"wp-block-button__link\" href=\"https:\/\/god-vibro.com\/code-promotion-lelo.html\">C\u00f3digo promocional Lelo<\/a><\/div>\n<\/div>\n<\/div>\n<\/div>\n\n\n\n<h2 class=\"wp-block-heading\"><span class=\"ez-toc-section\" id=\"Les_guides_pour_bien_choisir_son_jouet\"><\/span>Guias para a escolha de um brinquedo<span class=\"ez-toc-section-end\"><\/span><\/h2>\n\n\n\n<p>Je vais aussi r\u00e9diger le plus possible des guides pour vous accompagner \u00e0 choisir le meilleur sextoy. Paul lui va essayer d&rsquo;\u00e9crire les guides pour les hommes (enfin c&rsquo;est souvent moi qui les \u00e9crits pendant qu&rsquo;il me parle ^^<\/p>\n\n\n\n<h3 class=\"wp-block-heading\"><span class=\"ez-toc-section\" id=\"Choisir_votre_sextoy_pour_homme_ou_femme\"><\/span>Escolha seu sextoy para homens ou mulheres<span class=\"ez-toc-section-end\"><\/span><\/h3>\n\n\n\n<div class=\"wp-block-columns is-layout-flex wp-container-core-columns-is-layout-28f84493 wp-block-columns-is-layout-flex\">\n<div class=\"wp-block-column is-layout-flow wp-block-column-is-layout-flow\">\n<div class=\"wp-block-buttons is-layout-flex wp-block-buttons-is-layout-flex\">\n<div class=\"wp-block-button has-custom-width wp-block-button__width-100\"><a class=\"wp-block-button__link\" href=\"https:\/\/god-vibro.com\/comment-choisir-son-premier-vibromasseur-pour-femme.html\">Sextoy para mulheres<\/a><\/div>\n<\/div>\n<\/div>\n\n\n\n<div class=\"wp-block-column is-layout-flow wp-block-column-is-layout-flow\">\n<div class=\"wp-block-buttons is-layout-flex wp-block-buttons-is-layout-flex\">\n<div class=\"wp-block-button has-custom-width wp-block-button__width-100\"><a class=\"wp-block-button__link\" href=\"https:\/\/god-vibro.com\/choisir-son-premier-sextoy-homme.html\">Sextoy para homens<\/a><\/div>\n<\/div>\n<\/div>\n<\/div>\n\n\n\n<div class=\"wp-block-columns is-layout-flex wp-container-core-columns-is-layout-28f84493 wp-block-columns-is-layout-flex\">\n<div class=\"wp-block-column is-layout-flow wp-block-column-is-layout-flow\">\n<div class=\"wp-block-buttons is-layout-flex wp-block-buttons-is-layout-flex\">\n<div class=\"wp-block-button has-custom-width wp-block-button__width-100\"><a class=\"wp-block-button__link\" href=\"https:\/\/god-vibro.com\/faut-il-acheter-une-copie-dun-sextoy-avis-copie-lush-3.html\">Aconselhamento na compra de uma c\u00f3pia<\/a><\/div>\n<\/div>\n<\/div>\n\n\n\n<div class=\"wp-block-column is-layout-flow wp-block-column-is-layout-flow\">\n<div class=\"wp-block-buttons is-layout-flex wp-block-buttons-is-layout-flex\">\n<div class=\"wp-block-button has-custom-width wp-block-button__width-100\"><a class=\"wp-block-button__link\" href=\"https:\/\/god-vibro.com\/7-sextoys-lovense.html\">Lovense: 7 brinquedos sexuais populares<\/a><\/div>\n<\/div>\n<\/div>\n<\/div>\n\n\n\n<div class=\"wp-block-columns is-layout-flex wp-container-core-columns-is-layout-28f84493 wp-block-columns-is-layout-flex\">\n<div class=\"wp-block-column is-layout-flow wp-block-column-is-layout-flow\">\n<div class=\"wp-block-buttons is-layout-flex wp-block-buttons-is-layout-flex\">\n<div class=\"wp-block-button has-custom-width wp-block-button__width-100\"><a class=\"wp-block-button__link\" href=\"https:\/\/god-vibro.com\/sextoys-connectes-vibromasseur-bluetooth.html\">Sexo ligado<\/a><\/div>\n<\/div>\n<\/div>\n\n\n\n<div class=\"wp-block-column is-layout-flow wp-block-column-is-layout-flow\"><\/div>\n<\/div>\n\n\n\n<div class=\"wp-block-image\"><figure class=\"aligncenter size-full is-resized\"><img decoding=\"async\" src=\"https:\/\/god-vibro.com\/wp-content\/uploads\/2021\/11\/Examen-du-Lovense-Lush-2-ce-que-vous-devez-savoir.jpg\" alt=\"como usar o lovense lushense\" class=\"wp-image-359\" width=\"381\" height=\"286\" srcset=\"https:\/\/god-vibro.com\/wp-content\/uploads\/2021\/11\/Examen-du-Lovense-Lush-2-ce-que-vous-devez-savoir.jpg 750w, https:\/\/god-vibro.com\/wp-content\/uploads\/2021\/11\/Examen-du-Lovense-Lush-2-ce-que-vous-devez-savoir-600x450.jpg 600w, https:\/\/god-vibro.com\/wp-content\/uploads\/2021\/11\/Examen-du-Lovense-Lush-2-ce-que-vous-devez-savoir-300x225.jpg 300w\" sizes=\"(max-width: 381px) 100vw, 381px\" \/><\/figure><\/div>\n\n\n\n<h2 class=\"wp-block-heading\"><span class=\"ez-toc-section\" id=\"La_connexion_a_distance\"><\/span>A conex\u00e3o remota<span class=\"ez-toc-section-end\"><\/span><\/h2>\n\n\n\n<p>Une des principales innovations de ces derni\u00e8res ann\u00e9es dans le monde des sextoys, c&rsquo;est la possibilit\u00e9 de contr\u00f4ler les jouets \u00e0 distance et \u00e7a il faut se l&rsquo;avouer c&rsquo;est une vraie r\u00e9volution. Avec le covid, on s&rsquo;est retrouv\u00e9 s\u00e9par\u00e9 avec Paul&#8230; Il pouvait pas revenir au Qu\u00e9bec avec son permis de travail. Il s&rsquo;est command\u00e9 le Max 2 et moi j&rsquo;avais d\u00e9j\u00e0 le Lush 3. On a param\u00e9tr\u00e9 l&rsquo;application \u00ab<strong>Lovense Remote<\/strong>\u00bb sur nos smartphones (on a tous les deux des iPhones mais je sais de source sure que \u00e7a fonctionne tr\u00e9s bien sur Android) et c&rsquo;\u00e9tait parti ^^<\/p>\n\n\n\n<div class=\"wp-block-columns is-layout-flex wp-container-core-columns-is-layout-28f84493 wp-block-columns-is-layout-flex\">\n<div class=\"wp-block-column is-layout-flow wp-block-column-is-layout-flow\">\n<div class=\"wp-block-buttons is-layout-flex wp-block-buttons-is-layout-flex\">\n<div class=\"wp-block-button has-custom-width wp-block-button__width-100\"><a class=\"wp-block-button__link\" href=\"https:\/\/god-vibro.com\/application-lovense-remote-le-guide-ultime-dutilisation.html\">Aplica\u00e7\u00e3o remota Lovense<\/a><\/div>\n<\/div>\n<\/div>\n\n\n\n<div class=\"wp-block-column is-layout-flow wp-block-column-is-layout-flow\">\n<div class=\"wp-block-buttons is-layout-flex wp-block-buttons-is-layout-flex\">\n<div class=\"wp-block-button has-custom-width wp-block-button__width-100\"><a class=\"wp-block-button__link\" href=\"https:\/\/god-vibro.com\/lovense.html\">Conex\u00e3o solo ou remota<\/a><\/div>\n<\/div>\n<\/div>\n<\/div>","protected":false},"excerpt":{"rendered":"<p>Vous pouvez retrouver toutes nos pages d&rsquo;informations, nos guides et surtout comment trouver les meilleurs offres Lovense, Lelo, Lovehoney pour acheter votre sextoy au meilleur prix. Les codes promotions J&rsquo;ai \u00e9crit 2 pages pour comprendre comment fonctionnent les promos et les offres faites par Lovense et Lelo par le biais de la boutique Lovehoney. Les [&hellip;]<\/p>\n","protected":false},"author":1,"featured_media":0,"parent":0,"menu_order":0,"comment_status":"closed","ping_status":"closed","template":"","meta":{"_acf_changed":false,"_seopress_robots_primary_cat":"","_seopress_titles_title":"","_seopress_titles_desc":"","_seopress_robots_index":"","_uag_custom_page_level_css":"","site-sidebar-layout":"default","site-content-layout":"","ast-site-content-layout":"default","site-content-style":"default","site-sidebar-style":"default","ast-global-header-display":"","ast-banner-title-visibility":"","ast-main-header-display":"","ast-hfb-above-header-display":"","ast-hfb-below-header-display":"","ast-hfb-mobile-header-display":"","site-post-title":"","ast-breadcrumbs-content":"","ast-featured-img":"","footer-sml-layout":"","theme-transparent-header-meta":"","adv-header-id-meta":"","stick-header-meta":"","header-above-stick-meta":"","header-main-stick-meta":"","header-below-stick-meta":"","astra-migrate-meta-layouts":"default","ast-page-background-enabled":"default","ast-page-background-meta":{"desktop":{"background-color":"var(--ast-global-color-4)","background-image":"","background-repeat":"repeat","background-position":"center center","background-size":"auto","background-attachment":"scroll","background-type":"","background-media":"","overlay-type":"","overlay-color":"","overlay-opacity":"","overlay-gradient":""},"tablet":{"background-color":"","background-image":"","background-repeat":"repeat","background-position":"center center","background-size":"auto","background-attachment":"scroll","background-type":"","background-media":"","overlay-type":"","overlay-color":"","overlay-opacity":"","overlay-gradient":""},"mobile":{"background-color":"","background-image":"","background-repeat":"repeat","background-position":"center center","background-size":"auto","background-attachment":"scroll","background-type":"","background-media":"","overlay-type":"","overlay-color":"","overlay-opacity":"","overlay-gradient":""}},"ast-content-background-meta":{"desktop":{"background-color":"var(--ast-global-color-5)","background-image":"","background-repeat":"repeat","background-position":"center center","background-size":"auto","background-attachment":"scroll","background-type":"","background-media":"","overlay-type":"","overlay-color":"","overlay-opacity":"","overlay-gradient":""},"tablet":{"background-color":"var(--ast-global-color-5)","background-image":"","background-repeat":"repeat","background-position":"center center","background-size":"auto","background-attachment":"scroll","background-type":"","background-media":"","overlay-type":"","overlay-color":"","overlay-opacity":"","overlay-gradient":""},"mobile":{"background-color":"var(--ast-global-color-5)","background-image":"","background-repeat":"repeat","background-position":"center center","background-size":"auto","background-attachment":"scroll","background-type":"","background-media":"","overlay-type":"","overlay-color":"","overlay-opacity":"","overlay-gradient":""}},"footnotes":""},"class_list":["post-839","page","type-page","status-publish","hentry"],"acf":[],"uagb_featured_image_src":{"full":false,"thumbnail":false,"medium":false,"medium_large":false,"large":false,"1536x1536":false,"2048x2048":false,"trp-custom-language-flag":false,"ultp_layout_landscape_large":false,"ultp_layout_landscape":false,"ultp_layout_portrait":false,"ultp_layout_square":false},"uagb_author_info":{"display_name":"brigitte","author_link":"https:\/\/god-vibro.com\/pt\/author\/brigitte"},"uagb_comment_info":0,"uagb_excerpt":"Vous pouvez retrouver toutes nos pages d&rsquo;informations, nos guides et surtout comment trouver les meilleurs offres Lovense, Lelo, Lovehoney pour acheter votre sextoy au meilleur prix. Les codes promotions J&rsquo;ai \u00e9crit 2 pages pour comprendre comment fonctionnent les promos et les offres faites par Lovense et Lelo par le biais de la boutique Lovehoney. Les&hellip;","_links":{"self":[{"href":"https:\/\/god-vibro.com\/pt\/wp-json\/wp\/v2\/pages\/839","targetHints":{"allow":["GET"]}}],"collection":[{"href":"https:\/\/god-vibro.com\/pt\/wp-json\/wp\/v2\/pages"}],"about":[{"href":"https:\/\/god-vibro.com\/pt\/wp-json\/wp\/v2\/types\/page"}],"author":[{"embeddable":true,"href":"https:\/\/god-vibro.com\/pt\/wp-json\/wp\/v2\/users\/1"}],"replies":[{"embeddable":true,"href":"https:\/\/god-vibro.com\/pt\/wp-json\/wp\/v2\/comments?post=839"}],"version-history":[{"count":1,"href":"https:\/\/god-vibro.com\/pt\/wp-json\/wp\/v2\/pages\/839\/revisions"}],"predecessor-version":[{"id":1188,"href":"https:\/\/god-vibro.com\/pt\/wp-json\/wp\/v2\/pages\/839\/revisions\/1188"}],"wp:attachment":[{"href":"https:\/\/god-vibro.com\/pt\/wp-json\/wp\/v2\/media?parent=839"}],"curies":[{"name":"wp","href":"https:\/\/api.w.org\/{rel}","templated":true}]}}