{"id":904,"date":"2022-01-05T11:26:48","date_gmt":"2022-01-05T11:26:48","guid":{"rendered":"https:\/\/god-vibro.com\/?page_id=904"},"modified":"2022-01-05T11:26:50","modified_gmt":"2022-01-05T11:26:50","slug":"les-meilleurs-vibromasseurs-a-la-distance","status":"publish","type":"page","link":"https:\/\/god-vibro.com\/pl\/the-best-vibromassers-a-la-distance.html","title":{"rendered":"Najlepsze wibratory na odleg\u0142o\u015b\u0107"},"content":{"rendered":"<p>Wibrator to popularne narz\u0119dzie w d\u0105\u017ceniu do przyjemno\u015bci. Wraz z rozwojem nauki uleg\u0142a ona ogromnej poprawie. W ostatnich latach te ma\u0142e sex zabawki mog\u0105 by\u0107 u\u017cywane zdalnie za pomoc\u0105 po\u0142\u0105czenia internetowego lub Bluetooth i kontrolowane przez partnera nawet na drugim ko\u0144cu \u015bwiata.<\/p>\n\n\n\n<div id=\"ez-toc-container\" class=\"ez-toc-v2_0_82_2 counter-hierarchy ez-toc-counter ez-toc-custom ez-toc-container-direction\">\n<div class=\"ez-toc-title-container\">\n<p class=\"ez-toc-title\" style=\"cursor:inherit\">Spis tre\u015bci <\/p>\n<span class=\"ez-toc-title-toggle\"><a href=\"#\" class=\"ez-toc-pull-right ez-toc-btn ez-toc-btn-xs ez-toc-btn-default ez-toc-toggle\" aria-label=\"Prze\u0142\u0105cznik Spisu Tre\u015bci\"><span class=\"ez-toc-js-icon-con\"><span class=\"\"><span class=\"eztoc-hide\" style=\"display:none;\">Toggle<\/span><span class=\"ez-toc-icon-toggle-span\"><svg style=\"fill: #999;color:#999\" xmlns=\"http:\/\/www.w3.org\/2000\/svg\" class=\"list-377408\" width=\"20px\" height=\"20px\" viewbox=\"0 0 24 24\" fill=\"none\"><path d=\"M6 6H4v2h2V6zm14 0H8v2h12V6zM4 11h2v2H4v-2zm16 0H8v2h12v-2zM4 16h2v2H4v-2zm16 0H8v2h12v-2z\" fill=\"currentColor\"><\/path><\/svg><svg style=\"fill: #999;color:#999\" class=\"arrow-unsorted-368013\" xmlns=\"http:\/\/www.w3.org\/2000\/svg\" width=\"10px\" height=\"10px\" viewbox=\"0 0 24 24\" version=\"1.2\" baseprofile=\"tiny\"><path d=\"M18.2 9.3l-6.2-6.3-6.2 6.3c-.2.2-.3.4-.3.7s.1.5.3.7c.2.2.4.3.7.3h11c.3 0 .5-.1.7-.3.2-.2.3-.5.3-.7s-.1-.5-.3-.7zM5.8 14.7l6.2 6.3 6.2-6.3c.2-.2.3-.5.3-.7s-.1-.5-.3-.7c-.2-.2-.4-.3-.7-.3h-11c-.3 0-.5.1-.7.3-.2.2-.3.5-.3.7s.1.5.3.7z\"\/><\/svg><\/span><\/span><\/span><\/a><\/span><\/div>\n<nav><ul class='ez-toc-list ez-toc-list-level-1 eztoc-toggle-hide-by-default' ><li class='ez-toc-page-1 ez-toc-heading-level-2'><a class=\"ez-toc-link ez-toc-heading-1\" href=\"https:\/\/god-vibro.com\/pl\/the-best-vibromassers-a-la-distance.html\/#Max_et_Nora_de_Lovense\" >Max i Nora de Lovense<\/a><\/li><li class='ez-toc-page-1 ez-toc-heading-level-2'><a class=\"ez-toc-link ez-toc-heading-2\" href=\"https:\/\/god-vibro.com\/pl\/the-best-vibromassers-a-la-distance.html\/#Onyx_2_et_Pearl_2_de_Kiiroo\" >Onyx 2 i Pearl 2 od Kiiroo&nbsp;<\/a><\/li><li class='ez-toc-page-1 ez-toc-heading-level-2'><a class=\"ez-toc-link ez-toc-heading-3\" href=\"https:\/\/god-vibro.com\/pl\/the-best-vibromassers-a-la-distance.html\/#Lush_2_de_Lovense\" >Lush 2 firmy Lovense<\/a><\/li><li class='ez-toc-page-1 ez-toc-heading-level-2'><a class=\"ez-toc-link ez-toc-heading-4\" href=\"https:\/\/god-vibro.com\/pl\/the-best-vibromassers-a-la-distance.html\/#Vibease\" >Vibease<\/a><\/li><li class='ez-toc-page-1 ez-toc-heading-level-2'><a class=\"ez-toc-link ez-toc-heading-5\" href=\"https:\/\/god-vibro.com\/pl\/the-best-vibromassers-a-la-distance.html\/#Esca\" >Esca<\/a><\/li><li class='ez-toc-page-1 ez-toc-heading-level-2'><a class=\"ez-toc-link ez-toc-heading-6\" href=\"https:\/\/god-vibro.com\/pl\/the-best-vibromassers-a-la-distance.html\/#Hush_de_Lovense\" >Hush z Lovense<\/a><\/li><li class='ez-toc-page-1 ez-toc-heading-level-2'><a class=\"ez-toc-link ez-toc-heading-7\" href=\"https:\/\/god-vibro.com\/pl\/the-best-vibromassers-a-la-distance.html\/#OhMiBod_Fuse_Fleshlight_Launch\" >OhMiBod Fuse + Fleshlight Premiera&nbsp;<\/a><\/li><li class='ez-toc-page-1 ez-toc-heading-level-2'><a class=\"ez-toc-link ez-toc-heading-8\" href=\"https:\/\/god-vibro.com\/pl\/the-best-vibromassers-a-la-distance.html\/#Osci_2\" >Osci 2<\/a><\/li><\/ul><\/nav><\/div>\n<h2 class=\"wp-block-heading\"><span class=\"ez-toc-section\" id=\"Max_et_Nora_de_Lovense\"><\/span>Max i Nora de Lovense<span class=\"ez-toc-section-end\"><\/span><\/h2>\n\n\n\n<p>Wibratory Max i Nora z firmy Lovense. W dniu 25 lutego 2022 roku Lovense wyda\u0142o. <a href=\"https:\/\/god-vibro.com\/lovense-sex-machine.html\">Sex Machine<\/a> to prawdziwe technologiczne pere\u0142ki. <a href=\"https:\/\/god-vibro.com\/lovense-max-2.html\">Max zosta\u0142 zaprojektowany dla m\u0119\u017cczyzn<\/a> i Nora dla kobiet. To w\u0142a\u015bnie dzi\u0119ki aplikacji o nazwie Body Chat ta magia seksu jest mo\u017cliwa. Body Chat jest kompatybilny ze smartfonami, komputerami PC i Mac.&nbsp;<\/p>\n\n\n\n<p>Jego rewolucyjna technologia \u0142\u0105czy urz\u0105dzenia ze sob\u0105 poprzez system Bluetooth. Dzi\u0119ki temu systemowi partnerzy w seksualnej ekstazie maj\u0105 to samo uczucie przyjemno\u015bci w czasie rzeczywistym. Wystarczy, \u017ce zamkn\u0105 oczy i oddadz\u0105 si\u0119 wszystkim swoim erotycznym fantazjom.<\/p>\n\n\n\n<p>Technologia idzie jeszcze dalej, pozwalaj\u0105c ka\u017cdemu z partner\u00f3w kontrolowa\u0107 sextoy drugiej osoby i zabra\u0107 j\u0105 do si\u00f3dmego nieba. Dodatkowo aplikacja ma mo\u017cliwo\u015b\u0107 przebywania w trybie wideo. Dzi\u0119ki temu partnerzy mog\u0105 jeszcze bardziej urealni\u0107 swoje doznania.<\/p>\n\n\n\n<figure class=\"wp-block-image\"><img decoding=\"async\" src=\"https:\/\/lh6.googleusercontent.com\/I0008raFtwxzDu-TuFGXm9gfKT6dre1wh7G5C-6fcdQvPNgIAG0-QOImDr8nIOOkoTZ87jMNec4n17CQKXog8SS6oa_mvdmccdleSdEFwAJUrzrhILafr7xdw52iXbIrcIx5H0jq\" alt=\"\"\/><\/figure>\n\n\n\n<h2 class=\"wp-block-heading\"><span class=\"ez-toc-section\" id=\"Onyx_2_et_Pearl_2_de_Kiiroo\"><\/span>Onyx 2 i Pearl 2 od Kiiroo&nbsp;<span class=\"ez-toc-section-end\"><\/span><\/h2>\n\n\n\n<p>Kiiroo to holenderska firma, kt\u00f3ra zdobywa s\u0142aw\u0119 w dziedzinie seksu. Jej legendarne wibratory Onyx 2 i Pearl 2 to technologiczne arcydzie\u0142a. S\u0105 one nast\u0119pcami pierwszych prototyp\u00f3w Onyx 1 i Pearl 1, kt\u00f3re przesta\u0142y spe\u0142nia\u0107 wymagania rynku. Onyx 2 przeznaczony jest dla m\u0119\u017cczyzn, a Pearl 2 dla kobiet.&nbsp;<\/p>\n\n\n\n<p>S\u0105 to narz\u0119dzia akumulatorowe, kt\u00f3re wsp\u00f3\u0142pracuj\u0105 r\u00f3wnie\u017c z systemem Bluetooth. Projektant stworzy\u0142 aplikacj\u0119 do pobrania na smartfony, kt\u00f3ra umo\u017cliwia jej wykorzystanie. Nazywa si\u0119 ona Feel Connect. Technologia Pearl 2 opiera si\u0119 na dziewi\u0119ciu ustawieniach wibracji, kt\u00f3re przechodz\u0105 w g\u00f3r\u0119 i w d\u00f3\u0142. Poziom 9 zanurza Ci\u0119 w niesko\u0144czonej przyjemno\u015bci. Jest kompatybilny z ka\u017cd\u0105 pochw\u0105, poniewa\u017c jego d\u0142ugo\u015b\u0107 wynosi oko\u0142o 20 centymetr\u00f3w.<\/p>\n\n\n\n<p>Z kolei technologia Onyx 2 opiera si\u0119 na trzech trybach i posiada Fleshlight SuperSkin. Dzi\u0119ki tym elementom Onyx 2 mo\u017ce wykona\u0107 maksymalnie 140 ruch\u00f3w na minut\u0119. Mo\u017cna go u\u017cywa\u0107 bez przerwy przez godzin\u0119 dzi\u0119ki dziesi\u0119ciu pier\u015bcieniom, kt\u00f3re go tworz\u0105. Trzy tryby pracy Onyx 2 to :<\/p>\n\n\n\n<ul class=\"wp-block-list\"><li>wolna pompa ;<\/li><li>szybka pompa ;<\/li><li>instrukcja.<\/li><\/ul>\n\n\n\n<h2 class=\"wp-block-heading\"><span class=\"ez-toc-section\" id=\"Lush_2_de_Lovense\"><\/span>Lush 2 firmy Lovense<span class=\"ez-toc-section-end\"><\/span><\/h2>\n\n\n\n<p>Lovense nie sko\u0144czy\u0142o imponowa\u0107 swoj\u0105 technologiczn\u0105 sprawno\u015bci\u0105. Lush 2 jest zaprojektowany specjalnie do u\u017cytku osobistego, ale mo\u017ce by\u0107 u\u017cywany jako para. Jest legendarny ze wzgl\u0119du na sw\u00f3j niski profil, a jednocze\u015bnie energiczne u\u017cycie. Jest to ma\u0142e jajko, kt\u00f3re jak wi\u0119kszo\u015b\u0107 innych zabawek erotycznych mo\u017cna pod\u0142\u0105czy\u0107 przez Bluetooth.&nbsp;<\/p>\n\n\n\n<p>Il l&rsquo;est \u00e9galement en mode Wifi avec une port\u00e9e de 13 m\u00e8tres. L\u2019utilisation avec le Wifi n\u00e9cessite n\u00e9anmoins le t\u00e9l\u00e9chargement sur iOS ou Android de Lovense Remote.<\/p>\n\n\n\n<p>Posiada mo\u017cliwo\u015b\u0107 odtwarzania ulubionej muzyki w celu pobudzenia orgazmu. Dzi\u0119ki swojej aplikacji mobilnej, a zw\u0142aszcza opcji in-app, mo\u017cesz prowadzi\u0107 wideorozmowy lub wysy\u0142a\u0107 zdj\u0119cia do swojego partnera.&nbsp;<\/p>\n\n\n\n<p>Mo\u017cna go \u0142adowa\u0107, a \u017cywotno\u015b\u0107 baterii wynosi 3 godziny non stop. Najlepsz\u0105 cz\u0119\u015bci\u0105 jego technologii jest to, \u017ce ma silnik, kt\u00f3ry jest cztery razy mocniejszy ni\u017c normalny, aby stymulowa\u0107 punkt G. Posiada r\u00f3wnie\u017c siedem tryb\u00f3w pracy:<\/p>\n\n\n\n<ul class=\"wp-block-list\"><li>mi\u0119kkie ;<\/li><li>oznacza ;<\/li><li>silny ;<\/li><li>impulsy ;<\/li><li>fale ;<\/li><li>fajerwerki ;<\/li><li>trz\u0119sienie ziemi.<\/li><\/ul>\n\n\n\n<h2 class=\"wp-block-heading\"><span class=\"ez-toc-section\" id=\"Vibease\"><\/span>Vibease<span class=\"ez-toc-section-end\"><\/span><\/h2>\n\n\n\n<p>Wibrator Vibease nie znajduje si\u0119 na obrze\u017cach wszystkich wymienionych wy\u017cej technologicznych wyczyn\u00f3w. Jest on przeznaczony przede wszystkim dla kobiet. Mog\u0105 wi\u0119c zostawi\u0107 swojemu partnerowi, aby sk\u0142oni\u0107 go do przyjazdu z dowolnego miejsca na \u015bwiecie. Wystarczy im po\u0142\u0105czenie z internetem, w\u0142\u0105czony Bluetooth i aplikacja mobilna Vibease. Wszystko w tej technologicznej pere\u0142ce zosta\u0142o uproszczone, aby by\u0142o wygodniejsze i przede wszystkim dyskretne.&nbsp;<\/p>\n\n\n\n<p>To sextoy jest bardzo wyrafinowan\u0105 lub inteligentn\u0105 funkcj\u0105 audio, kt\u00f3ra reaguje na polecenia wydawane przez u\u017cytkownika.  W tej samej pobudce mo\u017ce on tak jak poprzedni wibrator odtwarza\u0107 wybran\u0105 przez Ciebie muzyk\u0119, a nawet czyta\u0107 Ci ksi\u0105\u017cki erotyczne w wersji audio.&nbsp;<\/p>\n\n\n\n<p>Jego ochronna pokrywa zosta\u0142a wykonana z wysokiej jako\u015bci silikonu, dzi\u0119ki czemu jest wodoodporna. Mo\u017cna wi\u0119c bez problemu u\u017cywa\u0107 go pod prysznicem. Warto te\u017c zaznaczy\u0107, \u017ce jego czas pracy na baterii wynosi trzy godziny.<\/p>\n\n\n\n<figure class=\"wp-block-image\"><img decoding=\"async\" src=\"https:\/\/lh4.googleusercontent.com\/hTDcfFrt3J7EmYXXA_xKGPsBa8rHmbAXw0MzzCzMVPUYwMhyJ50872JQqQPjlxN4sWUcFHCYV0gqTk8aG3S_Mc67V5sE7UFvYyGaEVxcCMlOfGm_QIMihijJicxI775W0OAXCEm8\" alt=\"\"\/><\/figure>\n\n\n\n<h2 class=\"wp-block-heading\"><span class=\"ez-toc-section\" id=\"Esca\"><\/span>Esca<span class=\"ez-toc-section-end\"><\/span><\/h2>\n\n\n\n<p>Esca to ma\u0142e jajko od Sex Tech. Jest na li\u015bcie najlepszych zabawek seksualnych, jakie kiedykolwiek powsta\u0142y. Dzi\u0119ki technologii po\u0142\u0105czenia bezprzewodowego, jak inne, znacznie \u0142atwiej jest wsun\u0105\u0107 si\u0119 w bielizn\u0119.&nbsp;<\/p>\n\n\n\n<p>Zaprojektowany dla kobiet, odpowiada na potrzeby zdrowotne cia\u0142a dzi\u0119ki ochronnej silikonowej os\u0142onie. Dzi\u0119ki aplikacji mobilnej OhMiBod Remote, do pobrania na smartfony i tablety, zmniejsza dystans mi\u0119dzy partnerami.<\/p>\n\n\n\n<p>Jest w stanie pobudzi\u0107 Ci\u0119 a\u017c do momentu, gdy dotrzesz do swojego punktu G. Jak wida\u0107, dla kobiety jest to jedna piekielna gar\u015b\u0107, kt\u00f3r\u0105 oferuje technologia. Wa\u017cy zaledwie 56 gram\u00f3w. Oferuje r\u00f3wnie\u017c pokaz \u015bwietlny, kt\u00f3ry pod\u0105\u017ca za rytmem wibracji. Dzi\u0119ki temu przyjemno\u015b\u0107 seksualna jest jeszcze bardziej \u017cywa.&nbsp;<\/p>\n\n\n\n<p>OhMiBod Remote, kt\u00f3ry jest jego podstawow\u0105 aplikacj\u0105 ma tak\u0105 sam\u0105 funkcjonalno\u015b\u0107 jak portal spo\u0142eczno\u015bciowy. Mo\u017cesz wi\u0119c prze\u017cy\u0107 te intymne chwile ze swoim partnerem za po\u015brednictwem po\u0142\u0105czenia wideo.<\/p>\n\n\n\n<h2 class=\"wp-block-heading\"><span class=\"ez-toc-section\" id=\"Hush_de_Lovense\"><\/span>Hush z Lovense<span class=\"ez-toc-section-end\"><\/span><\/h2>\n\n\n\n<p>Lovense, bazuj\u0105c na opiniach swoich klient\u00f3w, stale oferuje im kolejne technologie. To w\u0142a\u015bnie tam narodzi\u0142 si\u0119 wibrator Hush. Jest wielofunkcyjny, ale specjalnie zaprojektowany do przyjemno\u015bci analnej.&nbsp;<\/p>\n\n\n\n<p>Przeznaczony dla kobiet, sk\u0142ada si\u0119 g\u0142\u00f3wnie z butt plug\u00f3w o unikalnych wibracjach. Wymaga po\u0142\u0105czenia z internetem i ma maksymalny zasi\u0119g dziewi\u0119ciu metr\u00f3w w promieniu 360 stopni.&nbsp;<\/p>\n\n\n\n<p>Jest on, podobnie jak jego poprzednicy, sterowany przez aplikacj\u0119, kt\u00f3ra posiada wszystkie wymienione wy\u017cej cechy: technologie d\u017awi\u0119kowe i wizualne oraz moc wibracji. Mo\u017cna go pod\u0142\u0105czy\u0107 przez USB i na\u0142adowa\u0107, a czas pracy baterii wynosi dwie godziny. Dost\u0119pny jest w dw\u00f3ch rozmiarach. Dla pocz\u0105tkuj\u0105cych warto zacz\u0105\u0107 od modelu Hush 3,81 cm, natomiast dla do\u015bwiadczonych idealny b\u0119dzie \u015bredni rozmiar 4,45 cm.&nbsp;<\/p>\n\n\n\n<figure class=\"wp-block-image\"><img decoding=\"async\" src=\"https:\/\/lh5.googleusercontent.com\/3HZXcJ2B5DO1kSp65iT8wWvyd8edv-y4FzPg8SB2-hJeU0Lp0SA1qKL9mP5q2vD_yNnuVtHtzzWuf7byl851jWWKp9TwKcWVy59JS42_Ve691H8xOyoa-WhPBThLqQH5lXc0YTuq\" alt=\"\"\/><\/figure>\n\n\n\n<h2 class=\"wp-block-heading\"><span class=\"ez-toc-section\" id=\"OhMiBod_Fuse_Fleshlight_Launch\"><\/span>OhMiBod Fuse + Fleshlight Premiera&nbsp;<span class=\"ez-toc-section-end\"><\/span><\/h2>\n\n\n\n<p>Ce couple de vibromasseurs est l&rsquo;un des plus rares sur le march\u00e9. OhMiBod Fuse est mieux adapt\u00e9 aux femmes tandis que le Fleshlight Launch est le masturbateur des hommes.<\/p>\n\n\n\n<p>OhMiBod to wibrator ze zdecydowan\u0105 przewag\u0105. T\u0105 zalet\u0105 jest jego zdolno\u015b\u0107 do podw\u00f3jnej stymulacji Twoich narz\u0105d\u00f3w p\u0142ciowych. Jest kompatybilny ze wszystkimi innymi wibratorami wymienionymi powy\u017cej. Dzi\u0119ki swojej elastyczno\u015bci i mo\u017cliwo\u015bci podw\u00f3jnej stymulacji pozwala na spe\u0142nienie fantazji partnera w rekordowym czasie. Wykorzystuje r\u00f3wnie\u017c po\u0142\u0105czenie bezprzewodowe (Bluetooth, Internet lub Wifi).<\/p>\n\n\n\n<p>Fleshlight Launch z drugiej strony jest przeznaczony dla m\u0119\u017cczyzn. Jest zaawansowany technologicznie i kompatybilny ze wszystkimi innymi systemami operacyjnymi wibrator\u00f3w. Jest on ca\u0142kowicie pokryty silikonem i jest obecnie najlepiej sprzedaj\u0105cym si\u0119 produktem w sklepie Launch. Jest \u0142adowany przez USB, a dzi\u0119ki wodoodpornemu systemowi mo\u017ce by\u0107 u\u017cywany nawet pod prysznicem. Wa\u017cy 4,24 kg i mo\u017ce by\u0107 u\u017cywany bez przerwy przez p\u00f3\u0142torej godziny.&nbsp;<\/p>\n\n\n\n<h2 class=\"wp-block-heading\"><span class=\"ez-toc-section\" id=\"Osci_2\"><\/span>Osci 2<span class=\"ez-toc-section-end\"><\/span><\/h2>\n\n\n\n<p>Najnowszym na li\u015bcie jest Osci 2. Jest to nie mniej wa\u017cny wibrator, poniewa\u017c jego specyfika polega na tym, \u017ce jego wibracje s\u0105 wewn\u0119trzne. Nie s\u0105 wi\u0119c odczuwalne poza kopert\u0105 ochronn\u0105. Jego morfologia, sk\u0142adaj\u0105ca si\u0119 z ma\u0142ej owalnej g\u0142\u00f3wki, ma na celu przede wszystkim stymulacj\u0119 punktu G u kobiet jak nigdy dot\u0105d. Ta stymulacja jest niespotykana i komfortowa.&nbsp;<\/p>\n\n\n\n<p>Dzi\u0119ki opiniom klient\u00f3w o Osci 1, nowy model ma znacznie bardziej zadowalaj\u0105cy czas dzia\u0142ania. Warto zauwa\u017cy\u0107, \u017ce dodano chip Bluetooth, a funkcja \u0142adowania zosta\u0142a namagnesowana dla wi\u0119kszej wygody.<\/p>","protected":false},"excerpt":{"rendered":"<p>Le vibromasseur est un outil tr\u00e8s appr\u00e9ci\u00e9 dans la qu\u00eate du plaisir. Avec l\u2019\u00e9volution de la science, il s\u2019est \u00e9norm\u00e9ment am\u00e9lior\u00e9. Depuis quelques ann\u00e9es, ces petits jouets sexuels sont utilisables \u00e0 distance avec une connexion Internet ou Bluetooth et contr\u00f4lables par votre partenaire m\u00eame \u00e0 l\u2019autre bout du monde. Max et Nora de Lovense Les [&hellip;]<\/p>\n","protected":false},"author":1,"featured_media":0,"parent":0,"menu_order":0,"comment_status":"closed","ping_status":"closed","template":"","meta":{"_acf_changed":false,"_seopress_robots_primary_cat":"","_seopress_titles_title":"","_seopress_titles_desc":"","_seopress_robots_index":"","_uag_custom_page_level_css":"","site-sidebar-layout":"default","site-content-layout":"","ast-site-content-layout":"default","site-content-style":"default","site-sidebar-style":"default","ast-global-header-display":"","ast-banner-title-visibility":"","ast-main-header-display":"","ast-hfb-above-header-display":"","ast-hfb-below-header-display":"","ast-hfb-mobile-header-display":"","site-post-title":"","ast-breadcrumbs-content":"","ast-featured-img":"","footer-sml-layout":"","theme-transparent-header-meta":"","adv-header-id-meta":"","stick-header-meta":"","header-above-stick-meta":"","header-main-stick-meta":"","header-below-stick-meta":"","astra-migrate-meta-layouts":"default","ast-page-background-enabled":"default","ast-page-background-meta":{"desktop":{"background-color":"var(--ast-global-color-4)","background-image":"","background-repeat":"repeat","background-position":"center center","background-size":"auto","background-attachment":"scroll","background-type":"","background-media":"","overlay-type":"","overlay-color":"","overlay-opacity":"","overlay-gradient":""},"tablet":{"background-color":"","background-image":"","background-repeat":"repeat","background-position":"center center","background-size":"auto","background-attachment":"scroll","background-type":"","background-media":"","overlay-type":"","overlay-color":"","overlay-opacity":"","overlay-gradient":""},"mobile":{"background-color":"","background-image":"","background-repeat":"repeat","background-position":"center center","background-size":"auto","background-attachment":"scroll","background-type":"","background-media":"","overlay-type":"","overlay-color":"","overlay-opacity":"","overlay-gradient":""}},"ast-content-background-meta":{"desktop":{"background-color":"var(--ast-global-color-5)","background-image":"","background-repeat":"repeat","background-position":"center center","background-size":"auto","background-attachment":"scroll","background-type":"","background-media":"","overlay-type":"","overlay-color":"","overlay-opacity":"","overlay-gradient":""},"tablet":{"background-color":"var(--ast-global-color-5)","background-image":"","background-repeat":"repeat","background-position":"center center","background-size":"auto","background-attachment":"scroll","background-type":"","background-media":"","overlay-type":"","overlay-color":"","overlay-opacity":"","overlay-gradient":""},"mobile":{"background-color":"var(--ast-global-color-5)","background-image":"","background-repeat":"repeat","background-position":"center center","background-size":"auto","background-attachment":"scroll","background-type":"","background-media":"","overlay-type":"","overlay-color":"","overlay-opacity":"","overlay-gradient":""}},"footnotes":""},"class_list":["post-904","page","type-page","status-publish","hentry"],"acf":[],"uagb_featured_image_src":{"full":false,"thumbnail":false,"medium":false,"medium_large":false,"large":false,"1536x1536":false,"2048x2048":false,"trp-custom-language-flag":false,"ultp_layout_landscape_large":false,"ultp_layout_landscape":false,"ultp_layout_portrait":false,"ultp_layout_square":false},"uagb_author_info":{"display_name":"brigitte","author_link":"https:\/\/god-vibro.com\/pl\/author\/brigitte"},"uagb_comment_info":0,"uagb_excerpt":"Le vibromasseur est un outil tr\u00e8s appr\u00e9ci\u00e9 dans la qu\u00eate du plaisir. Avec l\u2019\u00e9volution de la science, il s\u2019est \u00e9norm\u00e9ment am\u00e9lior\u00e9. Depuis quelques ann\u00e9es, ces petits jouets sexuels sont utilisables \u00e0 distance avec une connexion Internet ou Bluetooth et contr\u00f4lables par votre partenaire m\u00eame \u00e0 l\u2019autre bout du monde. Max et Nora de Lovense Les&hellip;","_links":{"self":[{"href":"https:\/\/god-vibro.com\/pl\/wp-json\/wp\/v2\/pages\/904","targetHints":{"allow":["GET"]}}],"collection":[{"href":"https:\/\/god-vibro.com\/pl\/wp-json\/wp\/v2\/pages"}],"about":[{"href":"https:\/\/god-vibro.com\/pl\/wp-json\/wp\/v2\/types\/page"}],"author":[{"embeddable":true,"href":"https:\/\/god-vibro.com\/pl\/wp-json\/wp\/v2\/users\/1"}],"replies":[{"embeddable":true,"href":"https:\/\/god-vibro.com\/pl\/wp-json\/wp\/v2\/comments?post=904"}],"version-history":[{"count":3,"href":"https:\/\/god-vibro.com\/pl\/wp-json\/wp\/v2\/pages\/904\/revisions"}],"predecessor-version":[{"id":1346,"href":"https:\/\/god-vibro.com\/pl\/wp-json\/wp\/v2\/pages\/904\/revisions\/1346"}],"wp:attachment":[{"href":"https:\/\/god-vibro.com\/pl\/wp-json\/wp\/v2\/media?parent=904"}],"curies":[{"name":"wp","href":"https:\/\/api.w.org\/{rel}","templated":true}]}}