{"id":843,"date":"2021-12-08T00:30:31","date_gmt":"2021-12-08T00:30:31","guid":{"rendered":"https:\/\/god-vibro.com\/?page_id=843"},"modified":"2021-12-08T01:50:43","modified_gmt":"2021-12-08T01:50:43","slug":"choisir-son-premier-sextoy-homme","status":"publish","type":"page","link":"https:\/\/god-vibro.com\/pl\/choose-your-first-man-sextoy.html","title":{"rendered":"Wyb\u00f3r pierwszego wibratora dla m\u0119\u017cczyzn"},"content":{"rendered":"<p>Podobnie jak wibratory dla kobiet, wibratory dla m\u0119\u017cczyzn r\u00f3wnie\u017c maj\u0105 swoje cechy szczeg\u00f3lne, kt\u00f3re wp\u0142ywaj\u0105 na wyb\u00f3r ka\u017cdego kupuj\u0105cego. Je\u015bli chcesz kupi\u0107 sw\u00f3j pierwszy wibrator, jest kilka rzeczy, kt\u00f3re powiniene\u015b wzi\u0105\u0107 pod uwag\u0119, w tym doznania, kt\u00f3rych chcesz, twoje do\u015bwiadczenie i projekt urz\u0105dzenia.<\/p>\n\n\n\n<div id=\"ez-toc-container\" class=\"ez-toc-v2_0_82_2 counter-hierarchy ez-toc-counter ez-toc-custom ez-toc-container-direction\">\n<div class=\"ez-toc-title-container\">\n<p class=\"ez-toc-title\" style=\"cursor:inherit\">Spis tre\u015bci <\/p>\n<span class=\"ez-toc-title-toggle\"><a href=\"#\" class=\"ez-toc-pull-right ez-toc-btn ez-toc-btn-xs ez-toc-btn-default ez-toc-toggle\" aria-label=\"Prze\u0142\u0105cznik Spisu Tre\u015bci\"><span class=\"ez-toc-js-icon-con\"><span class=\"\"><span class=\"eztoc-hide\" style=\"display:none;\">Toggle<\/span><span class=\"ez-toc-icon-toggle-span\"><svg style=\"fill: #999;color:#999\" xmlns=\"http:\/\/www.w3.org\/2000\/svg\" class=\"list-377408\" width=\"20px\" height=\"20px\" viewbox=\"0 0 24 24\" fill=\"none\"><path d=\"M6 6H4v2h2V6zm14 0H8v2h12V6zM4 11h2v2H4v-2zm16 0H8v2h12v-2zM4 16h2v2H4v-2zm16 0H8v2h12v-2z\" fill=\"currentColor\"><\/path><\/svg><svg style=\"fill: #999;color:#999\" class=\"arrow-unsorted-368013\" xmlns=\"http:\/\/www.w3.org\/2000\/svg\" width=\"10px\" height=\"10px\" viewbox=\"0 0 24 24\" version=\"1.2\" baseprofile=\"tiny\"><path d=\"M18.2 9.3l-6.2-6.3-6.2 6.3c-.2.2-.3.4-.3.7s.1.5.3.7c.2.2.4.3.7.3h11c.3 0 .5-.1.7-.3.2-.2.3-.5.3-.7s-.1-.5-.3-.7zM5.8 14.7l6.2 6.3 6.2-6.3c.2-.2.3-.5.3-.7s-.1-.5-.3-.7c-.2-.2-.4-.3-.7-.3h-11c-.3 0-.5.1-.7.3-.2.2-.3.5-.3.7s.1.5.3.7z\"\/><\/svg><\/span><\/span><\/span><\/a><\/span><\/div>\n<nav><ul class='ez-toc-list ez-toc-list-level-1 eztoc-toggle-hide-by-default' ><li class='ez-toc-page-1 ez-toc-heading-level-2'><a class=\"ez-toc-link ez-toc-heading-1\" href=\"https:\/\/god-vibro.com\/pl\/choose-your-first-man-sextoy.html\/#Les_criteres_de_choix_dun_vibromasseur\" >Kryteria wyboru wibratora&nbsp;<\/a><ul class='ez-toc-list-level-3' ><li class='ez-toc-heading-level-3'><a class=\"ez-toc-link ez-toc-heading-2\" href=\"https:\/\/god-vibro.com\/pl\/choose-your-first-man-sextoy.html\/#_Vos_preferences\" >&nbsp;&nbsp;&nbsp;&nbsp;&nbsp;Twoje preferencje<\/a><\/li><li class='ez-toc-page-1 ez-toc-heading-level-3'><a class=\"ez-toc-link ez-toc-heading-3\" href=\"https:\/\/god-vibro.com\/pl\/choose-your-first-man-sextoy.html\/#_Votre_experience\" >&nbsp;&nbsp;&nbsp;&nbsp;Twoje do\u015bwiadczenie<\/a><\/li><li class='ez-toc-page-1 ez-toc-heading-level-3'><a class=\"ez-toc-link ez-toc-heading-4\" href=\"https:\/\/god-vibro.com\/pl\/choose-your-first-man-sextoy.html\/#_Les_materiaux_et_la_texture\" >&nbsp;&nbsp;Materia\u0142y i faktura<\/a><\/li><li class='ez-toc-page-1 ez-toc-heading-level-3'><a class=\"ez-toc-link ez-toc-heading-5\" href=\"https:\/\/god-vibro.com\/pl\/choose-your-first-man-sextoy.html\/#_Le_design\" >&nbsp;&nbsp;Projekt&nbsp;<\/a><\/li><li class='ez-toc-page-1 ez-toc-heading-level-3'><a class=\"ez-toc-link ez-toc-heading-6\" href=\"https:\/\/god-vibro.com\/pl\/choose-your-first-man-sextoy.html\/#_Lintensite_des_vibrations\" >&nbsp;&nbsp;L&rsquo;intensit\u00e9 des vibrations<\/a><\/li><li class='ez-toc-page-1 ez-toc-heading-level-3'><a class=\"ez-toc-link ez-toc-heading-7\" href=\"https:\/\/god-vibro.com\/pl\/choose-your-first-man-sextoy.html\/#_Le_prix\" >&nbsp;&nbsp;&nbsp;Cena<\/a><\/li><\/ul><\/li><li class='ez-toc-page-1 ez-toc-heading-level-2'><a class=\"ez-toc-link ez-toc-heading-8\" href=\"https:\/\/god-vibro.com\/pl\/choose-your-first-man-sextoy.html\/#Les_avantages_de_lutilisation_dun_vibromasseur\" >Korzy\u015bci wynikaj\u0105ce z u\u017cywania wibratora&nbsp;<\/a><ul class='ez-toc-list-level-3' ><li class='ez-toc-heading-level-3'><a class=\"ez-toc-link ez-toc-heading-9\" href=\"https:\/\/god-vibro.com\/pl\/choose-your-first-man-sextoy.html\/#_Se_procurer_du_plaisir_soi_meme\" >&nbsp;&nbsp;Sprawianie sobie przyjemno\u015bci&nbsp;<\/a><\/li><li class='ez-toc-page-1 ez-toc-heading-level-3'><a class=\"ez-toc-link ez-toc-heading-10\" href=\"https:\/\/god-vibro.com\/pl\/choose-your-first-man-sextoy.html\/#_Allez_a_la_decouverte_de_nouvelles_sensations\" >&nbsp;&nbsp;Odkryj nowe doznania&nbsp;<\/a><\/li><\/ul><\/li><li class='ez-toc-page-1 ez-toc-heading-level-2'><a class=\"ez-toc-link ez-toc-heading-11\" href=\"https:\/\/god-vibro.com\/pl\/choose-your-first-man-sextoy.html\/#Quelques_meilleurs_vibromasseurs_pour_homme\" >Niekt\u00f3re z najlepszych wibrator\u00f3w dla m\u0119\u017cczyzn<\/a><ul class='ez-toc-list-level-3' ><li class='ez-toc-heading-level-3'><a class=\"ez-toc-link ez-toc-heading-12\" href=\"https:\/\/god-vibro.com\/pl\/choose-your-first-man-sextoy.html\/#Legg_tenga\" >Jajo tenga&nbsp;<\/a><\/li><li class='ez-toc-page-1 ez-toc-heading-level-3'><a class=\"ez-toc-link ez-toc-heading-13\" href=\"https:\/\/god-vibro.com\/pl\/choose-your-first-man-sextoy.html\/#Le_double_anneau_vibrant\" >Podw\u00f3jny pier\u015bcie\u0144 wibracyjny&nbsp;<\/a><\/li><li class='ez-toc-page-1 ez-toc-heading-level-3'><a class=\"ez-toc-link ez-toc-heading-14\" href=\"https:\/\/god-vibro.com\/pl\/choose-your-first-man-sextoy.html\/#Les_anneaux_ou_cockrings\" >Pier\u015bcienie lub obr\u0105czki do kogut\u00f3w<\/a><\/li><li class='ez-toc-page-1 ez-toc-heading-level-3'><a class=\"ez-toc-link ez-toc-heading-15\" href=\"https:\/\/god-vibro.com\/pl\/choose-your-first-man-sextoy.html\/#Les_vibromasseurs_plugs_et_chapelets\" >Zatyczki do wibrator\u00f3w i r\u00f3\u017ca\u0144ce&nbsp;<\/a><\/li><li class='ez-toc-page-1 ez-toc-heading-level-3'><a class=\"ez-toc-link ez-toc-heading-16\" href=\"https:\/\/god-vibro.com\/pl\/choose-your-first-man-sextoy.html\/#Les_gaines_ou_masturbateurs\" >\u0141upiny lub masturbatory&nbsp;<\/a><\/li><li class='ez-toc-page-1 ez-toc-heading-level-3'><a class=\"ez-toc-link ez-toc-heading-17\" href=\"https:\/\/god-vibro.com\/pl\/choose-your-first-man-sextoy.html\/#Le_masturbateur_play_Tr_myhixel\" >Play Tr myhixel masturbator&nbsp;<\/a><\/li><\/ul><\/li><\/ul><\/nav><\/div>\n<h2 class=\"wp-block-heading\"><span class=\"ez-toc-section\" id=\"Les_criteres_de_choix_dun_vibromasseur\"><\/span>Kryteria wyboru wibratora&nbsp;<span class=\"ez-toc-section-end\"><\/span><\/h2>\n\n\n\n<p>Istnieje kilka kryteri\u00f3w wyboru wysokiej jako\u015bci wibratora. Szczeg\u00f3lnie je\u015bli jest to Twoje pierwsze sextoy, musisz wzi\u0105\u0107 pod uwag\u0119 :<\/p>\n\n\n\n<ul class=\"wp-block-list\"><li>swoje preferencje seksualne ;<\/li><li>swoje do\u015bwiadczenia w zakresie korzystania z sextoya;<\/li><li>materia\u0142 i tekstur\u0119 obiektu;<\/li><li>intensywno\u015b\u0107 drga\u0144 ;<\/li><li>jego projekt ;<\/li><li>jego cen\u0119.<\/li><\/ul>\n\n\n\n<p>Kupowanie taniego sextoya jest kusz\u0105ce, aby spr\u00f3bowa\u0107, ale nie dostaniesz wra\u017ce\u0144, kt\u00f3rych szukasz, je\u015bli jako\u015b\u0107 nie jest tam.<\/p>\n\n\n\n<h3 class=\"wp-block-heading\"><span class=\"ez-toc-section\" id=\"_Vos_preferences\"><\/span>&nbsp;&nbsp;&nbsp;&nbsp;&nbsp;Twoje preferencje<span class=\"ez-toc-section-end\"><\/span><\/h3>\n\n\n\n<p>Lubisz ciasn\u0105 cipk\u0119 czy g\u0142\u0119bok\u0105? Czy szukasz masturbatora? A mo\u017ce wolisz penetracj\u0119 analn\u0105? Istnieje kilka rodzaj\u00f3w wibrator\u00f3w o r\u00f3\u017cnych kszta\u0142tach i odczuciach. Aby dokona\u0107 w\u0142a\u015bciwego wyboru, trzeba wzi\u0105\u0107 pod uwag\u0119 swoje pragnienia. Je\u015bli masowanie fallusa doprowadza Ci\u0119 do sza\u0142u, wybierz wibrator do masa\u017cu. Je\u015bli natomiast penetracja pozwala ci osi\u0105gn\u0105\u0107 orgazm, zdecyduj si\u0119 na korek analny. Je\u015bli nadal masz problem z podj\u0119ciem decyzji, wybierz zabawk\u0119 uniwersaln\u0105.<\/p>\n\n\n\n<h3 class=\"wp-block-heading\"><span class=\"ez-toc-section\" id=\"_Votre_experience\"><\/span>&nbsp;&nbsp;&nbsp;&nbsp;Twoje do\u015bwiadczenie<span class=\"ez-toc-section-end\"><\/span><\/h3>\n\n\n\n<p>Prawid\u0142owe u\u017cywanie wibratora wymaga do\u015bwiadczenia. Zar\u00f3wno pod wzgl\u0119dem znajomo\u015bci swojego cia\u0142a, jak i opanowania urz\u0105dzenia. Niekt\u00f3re wibratory maj\u0105 podstawowe funkcje, wi\u0119c s\u0105 \u0142atwe w u\u017cyciu, ale do\u015b\u0107 ograniczone. Je\u015bli jeste\u015b bardziej do\u015bwiadczona, powinna\u015b rozwa\u017cy\u0107 wibrator z zaawansowanymi funkcjami. Po kilku sesjach testowania osi\u0105gniesz oczekiwan\u0105 przyjemno\u015b\u0107.<\/p>\n\n\n\n<figure class=\"wp-block-image\"><img decoding=\"async\" src=\"https:\/\/lh4.googleusercontent.com\/izLYUsA_ztxcEcdpY8CgcnzhTR0LLP3tlVfcro2235LDDiUQKKgf996YcEhV7OrLvlu6ADdWAAyPlGD6jj-j__sDBu1QG4OKna-ABF-WQqKcia2l_3M9OjFPqg1ATE4Evnd9HBuU\" alt=\"\"\/><\/figure>\n\n\n\n<h3 class=\"wp-block-heading\"><span class=\"ez-toc-section\" id=\"_Les_materiaux_et_la_texture\"><\/span>&nbsp;&nbsp;Materia\u0142y i faktura<span class=\"ez-toc-section-end\"><\/span><\/h3>\n\n\n\n<p>Nie mo\u017cna kupi\u0107 przedmiotu nie znaj\u0105c najpierw materia\u0142u, z kt\u00f3rego jest wykonany. Dlatego tak wa\u017cne jest, aby mie\u0107 pewn\u0105 wiedz\u0119 na temat r\u00f3\u017cnych materia\u0142\u00f3w, z kt\u00f3rych wykonuje si\u0119 sextoy. Istniej\u0105 sextoys wykonane z :&nbsp;<\/p>\n\n\n\n<ul class=\"wp-block-list\"><li>silikon ;<\/li><li>tworzywo sztuczne twarde ;<\/li><li>stal nierdzewna ;<\/li><li>biolaina ;<\/li><li>metal ;<\/li><li>itp.<\/li><\/ul>\n\n\n\n<p>Wybieraj materia\u0142y, kt\u00f3re s\u0105 zgodne z przepisami. Mo\u017cesz zdecydowa\u0107 si\u0119 na silikonowe sextoy. Jest to bardzo dobry materia\u0142. Jest r\u00f3wnie\u017c nieporowata i bardzo \u0142atwa w utrzymaniu.<\/p>\n\n\n\n<p>Unikaj zabawek seksualnych, kt\u00f3re zawieraj\u0105 ftalany. Ten materia\u0142 jest niebezpieczny dla Twojego zdrowia.&nbsp;<\/p>\n\n\n\n<p>Mo\u017cna r\u00f3wnie\u017c wybra\u0107 wibratory wykonane z biosu, stali nierdzewnej. Dla zimnych dozna\u0144 mo\u017cna wybra\u0107 metalowe sextoy.&nbsp;<\/p>\n\n\n\n<p>Polecane s\u0105 r\u00f3wnie\u017c plastikowe zabawki seksualne. Wybierz w zale\u017cno\u015bci od swoich preferencji. Aby osi\u0105gn\u0105\u0107 orgazm, wybierz zabawk\u0119 seksualn\u0105 o grzbietach lub wypustkach.&nbsp;<\/p>\n\n\n\n<h3 class=\"wp-block-heading\"><span class=\"ez-toc-section\" id=\"_Le_design\"><\/span>&nbsp;&nbsp;Projekt&nbsp;<span class=\"ez-toc-section-end\"><\/span><\/h3>\n\n\n\n<p>Oczywiste jest wybranie zabawki, kt\u00f3ra przypadnie nam do gustu ju\u017c po samym spojrzeniu na ni\u0105. Oczywi\u015bcie jest to wa\u017cne, ale z pewno\u015bci\u0105 nie z tego powodu wybierze si\u0119 wszystko, nie martwi\u0105c si\u0119 o jego funkcjonalno\u015b\u0107. Skup si\u0119 na estetyce, a tak\u017ce na wykonaniu.&nbsp;<\/p>\n\n\n\n<h3 class=\"wp-block-heading\"><span class=\"ez-toc-section\" id=\"_Lintensite_des_vibrations\"><\/span>&nbsp;&nbsp;L&rsquo;intensit\u00e9 des vibrations<span class=\"ez-toc-section-end\"><\/span><\/h3>\n\n\n\n<p>Wyb\u00f3r intensywno\u015bci wibracji przy zakupie sextoya jest skomplikowany. Jednak nie jest to a\u017c tak trudne. Musisz tylko zastanowi\u0107 si\u0119, jak lubisz si\u0119 kocha\u0107. Istnieje jednak kilka rodzaj\u00f3w wibrator\u00f3w o r\u00f3\u017cnej intensywno\u015bci. Wybieraj wielofunkcyjne zabawki seksualne. Dzi\u0119ki temu mo\u017cna dowolnie regulowa\u0107 intensywno\u015b\u0107 wibracji.&nbsp;<\/p>\n\n\n\n<h3 class=\"wp-block-heading\"><span class=\"ez-toc-section\" id=\"_Le_prix\"><\/span>&nbsp;&nbsp;&nbsp;Cena<span class=\"ez-toc-section-end\"><\/span><\/h3>\n\n\n\n<p>Le prix d\u2019un vibromasseur de qualit\u00e9 varie. Il n&rsquo;a pas de prix standard. Vous pourrez trouver des vibromasseurs \u00e0 20 euros, comme \u00e0 200 euros. Pour vous procurer par exemple le Lelo Fs1, vous devrez d\u00e9bourser 169 euros. C\u2019est pourquoi vous devez pr\u00e9voir un budget en cons\u00e9quence.&nbsp;<\/p>\n\n\n\n<figure class=\"wp-block-image\"><img decoding=\"async\" src=\"https:\/\/lh5.googleusercontent.com\/FaZ00KZSlf4PJIN0elpH22iPY1qhrFRdoRkzIO1-2mUaXoqA4OHUpSsFYYlBNQVurTSY2UbFvDm1kaLOxomfxQh_c6DJvl-pZJ6uWB-SHYPMwFT8gfzFIe58Bwv9iTrCRILz7HsL\" alt=\"\"\/><\/figure>\n\n\n\n<h2 class=\"wp-block-heading\"><span class=\"ez-toc-section\" id=\"Les_avantages_de_lutilisation_dun_vibromasseur\"><\/span>Korzy\u015bci wynikaj\u0105ce z u\u017cywania wibratora&nbsp;<span class=\"ez-toc-section-end\"><\/span><\/h2>\n\n\n\n<p>Istniej\u0105 dwa g\u0142\u00f3wne powody, dla kt\u00f3rych wi\u0119kszo\u015b\u0107 ludzi kupuje wibrator: aby da\u0107 sobie przyjemno\u015b\u0107 i odkry\u0107 nowe doznania.<\/p>\n\n\n\n<h3 class=\"wp-block-heading\"><span class=\"ez-toc-section\" id=\"_Se_procurer_du_plaisir_soi_meme\"><\/span>&nbsp;&nbsp;Sprawianie sobie przyjemno\u015bci&nbsp;<span class=\"ez-toc-section-end\"><\/span><\/h3>\n\n\n\n<p>Je\u015bli jeste\u015b singlem lub masz problemy z podchodzeniem do kobiet, to prawdopodobnie b\u0119dziesz robi\u0142 sobie przyjemno\u015b\u0107. St\u0105d przewaga wibratora.&nbsp;<\/p>\n\n\n\n<p>Wibrator pozwala na masturbacj\u0119 i osi\u0105gni\u0119cie orgazmu bez partnera seksualnego. Mo\u017cesz wykorzysta\u0107 wszystkie rodzaje pozycji. Je\u015bli jeste\u015b zamo\u017cny, mo\u017cesz te\u017c kupi\u0107 seks-lalk\u0119. Twoje pragnienia zostan\u0105 zam\u00f3wione i poczujesz si\u0119 w tym momencie jak kr\u00f3l \u015bwiata.<\/p>\n\n\n\n<h3 class=\"wp-block-heading\"><span class=\"ez-toc-section\" id=\"_Allez_a_la_decouverte_de_nouvelles_sensations\"><\/span>&nbsp;&nbsp;Odkryj nowe doznania&nbsp;<span class=\"ez-toc-section-end\"><\/span><\/h3>\n\n\n\n<p>Wibratory maj\u0105 t\u0119 zalet\u0119, \u017ce zwi\u0119kszaj\u0105 poziom podniecenia. Pozwalaj\u0105 one r\u00f3wnie\u017c na osi\u0105gni\u0119cie orgazmu prostaty. Co najlepsze, zwi\u0119kszaj\u0105 one rozmiar twojego seksu.&nbsp;<\/p>\n\n\n\n<p>Intensywno\u015b\u0107 penetracji uzyskuje si\u0119 r\u00f3wnie\u017c dzi\u0119ki wibruj\u0105cemu pier\u015bcieniowi. Je\u015bli jeste\u015b sado-masochist\u0105, mo\u017cesz r\u00f3wnie\u017c da\u0107 si\u0119 zwi\u0105za\u0107, aby osi\u0105gn\u0105\u0107 kolejny poziom podniecenia. Mo\u017cesz kocha\u0107 si\u0119 ze swoj\u0105 sex lalk\u0105 tyle razy ile chcesz. Dzi\u0119ki cockringowi wytrysk mo\u017ce by\u0107 op\u00f3\u017aniony.<\/p>\n\n\n\n<h2 class=\"wp-block-heading\"><span class=\"ez-toc-section\" id=\"Quelques_meilleurs_vibromasseurs_pour_homme\"><\/span>Niekt\u00f3re z najlepszych wibrator\u00f3w dla m\u0119\u017cczyzn<span class=\"ez-toc-section-end\"><\/span><\/h2>\n\n\n\n<p>Istnieje kilka rodzaj\u00f3w wibrator\u00f3w dla m\u0119\u017cczyzn. W\u015br\u00f3d tej szerokiej gamy mo\u017cna wyr\u00f3\u017cni\u0107 kilka rodzaj\u00f3w:<\/p>\n\n\n\n<ul class=\"wp-block-list\"><li>szaty lub masturbatory ;<\/li><li>pier\u015bcienie lub pier\u015bcienie koguta ;<\/li><li>korki wibratora i r\u00f3\u017ca\u0144ce ;<\/li><li>zabawy w niewol\u0119 ;&nbsp;<\/li><li>stymulator prostaty ;<\/li><li>itp.<\/li><\/ul>\n\n\n\n<h3 class=\"wp-block-heading\"><span class=\"ez-toc-section\" id=\"Legg_tenga\"><\/span>Jajo tenga&nbsp;<span class=\"ez-toc-section-end\"><\/span><\/h3>\n\n\n\n<p>Jest to najpopularniejsze sextoy w\u015br\u00f3d m\u0119\u017cczyzn. Ma kszta\u0142t jajka. Dzi\u0119ki takiemu kszta\u0142towi zapewnia intensywn\u0105 przyjemno\u015b\u0107. Dostosowuje si\u0119 r\u00f3wnie\u017c do wielko\u015bci penisa. Jego tekstura jest por\u00f3wnywalna z tekstur\u0105 prawdziwej waginy. Sprzedawany jest w cenie 9,95 euro.\u00a0<\/p>\n\n\n\n<h3 class=\"wp-block-heading\"><span class=\"ez-toc-section\" id=\"Le_double_anneau_vibrant\"><\/span>Podw\u00f3jny pier\u015bcie\u0144 wibracyjny&nbsp;<span class=\"ez-toc-section-end\"><\/span><\/h3>\n\n\n\n<p>Jest to wibrator typu unisex. Mo\u017cesz go u\u017cywa\u0107 sama lub z partnerem.  Jest bardzo \u0142atwy do za\u0142o\u017cenia i dzia\u0142a na bateri\u0119. Daje to intensywne doznania. Spr\u00f3buj, a z pewno\u015bci\u0105 b\u0119dziesz zadowolony.&nbsp;<\/p>\n\n\n\n<h3 class=\"wp-block-heading\"><span class=\"ez-toc-section\" id=\"Les_anneaux_ou_cockrings\"><\/span>Pier\u015bcienie lub obr\u0105czki do kogut\u00f3w<span class=\"ez-toc-section-end\"><\/span><\/h3>\n\n\n\n<p>Istniej\u0105 dwa rodzaje cock ring\u00f3w. Mo\u017cna znale\u017a\u0107 pier\u015bcienie podw\u00f3jne lub pojedyncze. Pojedynczy pier\u015bcie\u0144 umieszcza si\u0119 wok\u00f3\u0142 penisa. Wibruj\u0105 i daj\u0105 mocne odczucia w penisie. Twoja erekcja jest bardzo j\u0119drna i twarda. Je\u015bli wybierzesz podw\u00f3jny pier\u015bcie\u0144, drugi pier\u015bcie\u0144 jest owini\u0119ty wok\u00f3\u0142 obu j\u0105der. Odczucie jest jeszcze bardziej intensywne.&nbsp;<\/p>\n\n\n\n<h3 class=\"wp-block-heading\"><span class=\"ez-toc-section\" id=\"Les_vibromasseurs_plugs_et_chapelets\"><\/span>Zatyczki do wibrator\u00f3w i r\u00f3\u017ca\u0144ce&nbsp;<span class=\"ez-toc-section-end\"><\/span><\/h3>\n\n\n\n<p>To sextoy pozwala na stymulacj\u0119 punktu P. Wbrew temu, co my\u015bli wi\u0119kszo\u015b\u0107 ludzi, ten wibrator nie jest tylko dla gej\u00f3w. Mo\u017cesz te\u017c spr\u00f3bowa\u0107 nawet je\u015bli jeste\u015b heteroseksualny. Polecany do sodomii, ten korek analny to doskona\u0142a zabawka seksualna. Stymuluje r\u00f3wnie\u017c Twoj\u0105 prostat\u0119, je\u015bli u\u017cywasz go odpowiednio. Mo\u017cna go dosta\u0107 w przyst\u0119pnej cenie.&nbsp;<\/p>\n\n\n\n<h3 class=\"wp-block-heading\"><span class=\"ez-toc-section\" id=\"Les_gaines_ou_masturbateurs\"><\/span>\u0141upiny lub masturbatory&nbsp;<span class=\"ez-toc-section-end\"><\/span><\/h3>\n\n\n\n<p>Ten model sextoya to jeden z najlepszych wibrator\u00f3w dla m\u0119\u017cczyzn. Poszetki znajdziesz w kilku modelach i rodzajach. S\u0105 os\u0142ony&nbsp;<\/p>\n\n\n\n<ul class=\"wp-block-list\"><li>instrukcja obs\u0142ugi ;<\/li><li>automatyczny ;<\/li><li>podgrzewane ;<\/li><li>wibruj\u0105ce.<\/li><\/ul>\n\n\n\n<p>Tekstura sprawia, \u017ce ma si\u0119 wra\u017cenie, \u017ce uprawia si\u0119 seks. R\u0119czne szpejarki s\u0105 ta\u0144sze od automatycznych. Te automatyczne przenosz\u0105 ci\u0119 do si\u00f3dmego wieku.<\/p>\n\n\n\n<figure class=\"wp-block-image\"><img decoding=\"async\" src=\"https:\/\/lh4.googleusercontent.com\/yYnDE_BkrsudZm358Uwv-UKkKixdmRUvC_JHf7PGAcw0HVRaUkIj1wxwDeGkQrME3n0bzduaE_JcQ8oQDBQmTBzuws5_hgZ9x1se8u9q0mr_jp2h20PADMFIUuNmXqEXj8uPu-BP\" alt=\"\"\/><\/figure>\n\n\n\n<h3 class=\"wp-block-heading\"><span class=\"ez-toc-section\" id=\"Le_masturbateur_play_Tr_myhixel\"><\/span>Play Tr myhixel masturbator&nbsp;<span class=\"ez-toc-section-end\"><\/span><\/h3>\n\n\n\n<p>Ce sextoy peut \u00eatre utilis\u00e9 seul ou \u00e0 deux. Il permet de retenir l&rsquo;\u00e9jaculation le plus longtemps possible. Gr\u00e2ce \u00e0 sa fonction chauffante, il procure une sensation de douceur et de plaisir. Il est dot\u00e9 d\u2019une batterie rechargeable gr\u00e2ce \u00e0 un fil USB.&nbsp;<\/p>","protected":false},"excerpt":{"rendered":"<p>A L\u2019instar des vibromasseurs pour femmes, les vibromasseurs pour hommes rec\u00e8lent \u00e9galement des sp\u00e9cificit\u00e9s qui conditionnent le choix de tout acheteur. Si vous d\u00e9sirez acqu\u00e9rir votre premier vibromasseur, vous devez tenir compte de certains \u00e9l\u00e9ments.Il s\u2019agit entre autres des sensations recherch\u00e9es, de votre exp\u00e9rience ou encore du design de l\u2019objet. Les crit\u00e8res de choix d\u2019un [&hellip;]<\/p>\n","protected":false},"author":1,"featured_media":0,"parent":0,"menu_order":0,"comment_status":"closed","ping_status":"closed","template":"","meta":{"_acf_changed":false,"_seopress_robots_primary_cat":"","_seopress_titles_title":"","_seopress_titles_desc":"","_seopress_robots_index":"","_uag_custom_page_level_css":"","site-sidebar-layout":"default","site-content-layout":"","ast-site-content-layout":"default","site-content-style":"default","site-sidebar-style":"default","ast-global-header-display":"","ast-banner-title-visibility":"","ast-main-header-display":"","ast-hfb-above-header-display":"","ast-hfb-below-header-display":"","ast-hfb-mobile-header-display":"","site-post-title":"","ast-breadcrumbs-content":"","ast-featured-img":"","footer-sml-layout":"","theme-transparent-header-meta":"","adv-header-id-meta":"","stick-header-meta":"","header-above-stick-meta":"","header-main-stick-meta":"","header-below-stick-meta":"","astra-migrate-meta-layouts":"default","ast-page-background-enabled":"default","ast-page-background-meta":{"desktop":{"background-color":"var(--ast-global-color-4)","background-image":"","background-repeat":"repeat","background-position":"center center","background-size":"auto","background-attachment":"scroll","background-type":"","background-media":"","overlay-type":"","overlay-color":"","overlay-opacity":"","overlay-gradient":""},"tablet":{"background-color":"","background-image":"","background-repeat":"repeat","background-position":"center center","background-size":"auto","background-attachment":"scroll","background-type":"","background-media":"","overlay-type":"","overlay-color":"","overlay-opacity":"","overlay-gradient":""},"mobile":{"background-color":"","background-image":"","background-repeat":"repeat","background-position":"center center","background-size":"auto","background-attachment":"scroll","background-type":"","background-media":"","overlay-type":"","overlay-color":"","overlay-opacity":"","overlay-gradient":""}},"ast-content-background-meta":{"desktop":{"background-color":"var(--ast-global-color-5)","background-image":"","background-repeat":"repeat","background-position":"center center","background-size":"auto","background-attachment":"scroll","background-type":"","background-media":"","overlay-type":"","overlay-color":"","overlay-opacity":"","overlay-gradient":""},"tablet":{"background-color":"var(--ast-global-color-5)","background-image":"","background-repeat":"repeat","background-position":"center center","background-size":"auto","background-attachment":"scroll","background-type":"","background-media":"","overlay-type":"","overlay-color":"","overlay-opacity":"","overlay-gradient":""},"mobile":{"background-color":"var(--ast-global-color-5)","background-image":"","background-repeat":"repeat","background-position":"center center","background-size":"auto","background-attachment":"scroll","background-type":"","background-media":"","overlay-type":"","overlay-color":"","overlay-opacity":"","overlay-gradient":""}},"footnotes":""},"class_list":["post-843","page","type-page","status-publish","hentry"],"acf":[],"uagb_featured_image_src":{"full":false,"thumbnail":false,"medium":false,"medium_large":false,"large":false,"1536x1536":false,"2048x2048":false,"trp-custom-language-flag":false,"ultp_layout_landscape_large":false,"ultp_layout_landscape":false,"ultp_layout_portrait":false,"ultp_layout_square":false},"uagb_author_info":{"display_name":"brigitte","author_link":"https:\/\/god-vibro.com\/pl\/author\/brigitte"},"uagb_comment_info":0,"uagb_excerpt":"A L\u2019instar des vibromasseurs pour femmes, les vibromasseurs pour hommes rec\u00e8lent \u00e9galement des sp\u00e9cificit\u00e9s qui conditionnent le choix de tout acheteur. Si vous d\u00e9sirez acqu\u00e9rir votre premier vibromasseur, vous devez tenir compte de certains \u00e9l\u00e9ments.Il s\u2019agit entre autres des sensations recherch\u00e9es, de votre exp\u00e9rience ou encore du design de l\u2019objet. Les crit\u00e8res de choix d\u2019un&hellip;","_links":{"self":[{"href":"https:\/\/god-vibro.com\/pl\/wp-json\/wp\/v2\/pages\/843","targetHints":{"allow":["GET"]}}],"collection":[{"href":"https:\/\/god-vibro.com\/pl\/wp-json\/wp\/v2\/pages"}],"about":[{"href":"https:\/\/god-vibro.com\/pl\/wp-json\/wp\/v2\/types\/page"}],"author":[{"embeddable":true,"href":"https:\/\/god-vibro.com\/pl\/wp-json\/wp\/v2\/users\/1"}],"replies":[{"embeddable":true,"href":"https:\/\/god-vibro.com\/pl\/wp-json\/wp\/v2\/comments?post=843"}],"version-history":[{"count":0,"href":"https:\/\/god-vibro.com\/pl\/wp-json\/wp\/v2\/pages\/843\/revisions"}],"wp:attachment":[{"href":"https:\/\/god-vibro.com\/pl\/wp-json\/wp\/v2\/media?parent=843"}],"curies":[{"name":"wp","href":"https:\/\/api.w.org\/{rel}","templated":true}]}}