{"id":610,"date":"2021-11-25T19:34:15","date_gmt":"2021-11-25T19:34:15","guid":{"rendered":"https:\/\/god-vibro.com\/?page_id=610"},"modified":"2021-12-08T01:50:43","modified_gmt":"2021-12-08T01:50:43","slug":"sextoys-connectes-vibromasseur-bluetooth","status":"publish","type":"page","link":"https:\/\/god-vibro.com\/pl\/sextoys-podlaczony-wibromasaz-bluetooth.html","title":{"rendered":"Pod\u0142\u0105czone Sextoys i Wibratory Bluetooth: Jak to dzia\u0142a"},"content":{"rendered":"<p>Utrzymanie zwi\u0105zku na odleg\u0142o\u015b\u0107 jest zazwyczaj trudne. Kontakt fizyczny jest niezb\u0119dny w ka\u017cdym zwi\u0105zku. Na szcz\u0119\u015bcie technologia umo\u017cliwi\u0142a stworzenie seks-zabawek zaprojektowanych specjalnie z my\u015bl\u0105 o d\u0142ugodystansowych przygodach.&nbsp;<\/p>\n\n\n\n<p>Ces sextoys, connect\u00e9s \u00e0 distance via une application, permettent aux couples de continuer \u00e0 s\u2019exciter mutuellement m\u00eame s&rsquo; ils sont physiquement \u00e9loign\u00e9s.<\/p>\n\n\n\n<div id=\"ez-toc-container\" class=\"ez-toc-v2_0_82_2 counter-hierarchy ez-toc-counter ez-toc-custom ez-toc-container-direction\">\n<div class=\"ez-toc-title-container\">\n<p class=\"ez-toc-title\" style=\"cursor:inherit\">Spis tre\u015bci <\/p>\n<span class=\"ez-toc-title-toggle\"><a href=\"#\" class=\"ez-toc-pull-right ez-toc-btn ez-toc-btn-xs ez-toc-btn-default ez-toc-toggle\" aria-label=\"Prze\u0142\u0105cznik Spisu Tre\u015bci\"><span class=\"ez-toc-js-icon-con\"><span class=\"\"><span class=\"eztoc-hide\" style=\"display:none;\">Toggle<\/span><span class=\"ez-toc-icon-toggle-span\"><svg style=\"fill: #999;color:#999\" xmlns=\"http:\/\/www.w3.org\/2000\/svg\" class=\"list-377408\" width=\"20px\" height=\"20px\" viewbox=\"0 0 24 24\" fill=\"none\"><path d=\"M6 6H4v2h2V6zm14 0H8v2h12V6zM4 11h2v2H4v-2zm16 0H8v2h12v-2zM4 16h2v2H4v-2zm16 0H8v2h12v-2z\" fill=\"currentColor\"><\/path><\/svg><svg style=\"fill: #999;color:#999\" class=\"arrow-unsorted-368013\" xmlns=\"http:\/\/www.w3.org\/2000\/svg\" width=\"10px\" height=\"10px\" viewbox=\"0 0 24 24\" version=\"1.2\" baseprofile=\"tiny\"><path d=\"M18.2 9.3l-6.2-6.3-6.2 6.3c-.2.2-.3.4-.3.7s.1.5.3.7c.2.2.4.3.7.3h11c.3 0 .5-.1.7-.3.2-.2.3-.5.3-.7s-.1-.5-.3-.7zM5.8 14.7l6.2 6.3 6.2-6.3c.2-.2.3-.5.3-.7s-.1-.5-.3-.7c-.2-.2-.4-.3-.7-.3h-11c-.3 0-.5.1-.7.3-.2.2-.3.5-.3.7s.1.5.3.7z\"\/><\/svg><\/span><\/span><\/span><\/a><\/span><\/div>\n<nav><ul class='ez-toc-list ez-toc-list-level-1 eztoc-toggle-hide-by-default' ><li class='ez-toc-page-1 ez-toc-heading-level-2'><a class=\"ez-toc-link ez-toc-heading-1\" href=\"https:\/\/god-vibro.com\/pl\/sextoys-podlaczony-wibromasaz-bluetooth.html\/#Fonctionnement_du_sextoy_connecte\" >Jak dzia\u0142a pod\u0142\u0105czona sextoy&nbsp;<\/a><\/li><li class='ez-toc-page-1 ez-toc-heading-level-2'><a class=\"ez-toc-link ez-toc-heading-2\" href=\"https:\/\/god-vibro.com\/pl\/sextoys-podlaczony-wibromasaz-bluetooth.html\/#Utilisation_dun_sextoy_connecte\" >U\u017cywanie pod\u0142\u0105czonej sextoy&nbsp;<\/a><\/li><li class='ez-toc-page-1 ez-toc-heading-level-2'><a class=\"ez-toc-link ez-toc-heading-3\" href=\"https:\/\/god-vibro.com\/pl\/sextoys-podlaczony-wibromasaz-bluetooth.html\/#Avantage_de_lutilisation_des_sextoys_connectes\" >Korzy\u015bci z u\u017cywania po\u0142\u0105czonych zabawek seksualnych&nbsp;<\/a><\/li><li class='ez-toc-page-1 ez-toc-heading-level-2'><a class=\"ez-toc-link ez-toc-heading-4\" href=\"https:\/\/god-vibro.com\/pl\/sextoys-podlaczony-wibromasaz-bluetooth.html\/#Differents_types_de_sextoy_connecte\" >R\u00f3\u017cne rodzaje pod\u0142\u0105czonych sextoy<\/a><ul class='ez-toc-list-level-3' ><li class='ez-toc-heading-level-3'><a class=\"ez-toc-link ez-toc-heading-5\" href=\"https:\/\/god-vibro.com\/pl\/sextoys-podlaczony-wibromasaz-bluetooth.html\/#Le_stimulateur_de_clitoris\" >Stymulator \u0142echtaczki&nbsp;<\/a><\/li><li class='ez-toc-page-1 ez-toc-heading-level-3'><a class=\"ez-toc-link ez-toc-heading-6\" href=\"https:\/\/god-vibro.com\/pl\/sextoys-podlaczony-wibromasaz-bluetooth.html\/#Le_stimulateur_anal\" >Stymulator analny&nbsp;<\/a><\/li><li class='ez-toc-page-1 ez-toc-heading-level-3'><a class=\"ez-toc-link ez-toc-heading-7\" href=\"https:\/\/god-vibro.com\/pl\/sextoys-podlaczony-wibromasaz-bluetooth.html\/#Le_stimulateur_prostatique\" >Stymulator prostaty<\/a><\/li><\/ul><\/li><li class='ez-toc-page-1 ez-toc-heading-level-2'><a class=\"ez-toc-link ez-toc-heading-8\" href=\"https:\/\/god-vibro.com\/pl\/sextoys-podlaczony-wibromasaz-bluetooth.html\/#Top_07_des_meilleurs_sextoys_connectes\" >Top 07 najlepszych po\u0142\u0105czonych zabawek seksualnych<\/a><ul class='ez-toc-list-level-3' ><li class='ez-toc-heading-level-3'><a class=\"ez-toc-link ez-toc-heading-9\" href=\"https:\/\/god-vibro.com\/pl\/sextoys-podlaczony-wibromasaz-bluetooth.html\/#We-Vibe_Chorus\" >We-Vibe Chorus<\/a><\/li><li class='ez-toc-page-1 ez-toc-heading-level-3'><a class=\"ez-toc-link ez-toc-heading-10\" href=\"https:\/\/god-vibro.com\/pl\/sextoys-podlaczony-wibromasaz-bluetooth.html\/#Vibrateur_pour_culotte_We-Vibe_Moxie\" >We-Vibe Moxie wibrator do majtek<\/a><\/li><li class='ez-toc-page-1 ez-toc-heading-level-3'><a class=\"ez-toc-link ez-toc-heading-11\" href=\"https:\/\/god-vibro.com\/pl\/sextoys-podlaczony-wibromasaz-bluetooth.html\/#Clion_par_KIIROO_Vibrateur_de_stimulation_du_clitoris\" >Clion by KIIROO Wibrator do stymulacji \u0142echtaczki<\/a><\/li><li class='ez-toc-page-1 ez-toc-heading-level-3'><a class=\"ez-toc-link ez-toc-heading-12\" href=\"https:\/\/god-vibro.com\/pl\/sextoys-podlaczony-wibromasaz-bluetooth.html\/#Vibrateur_pour_culotte_de_luxe_controle_par_une_application\" >Luksusowy wibrator do majtek sterowany za pomoc\u0105 aplikacji<\/a><\/li><li class='ez-toc-page-1 ez-toc-heading-level-3'><a class=\"ez-toc-link ez-toc-heading-13\" href=\"https:\/\/god-vibro.com\/pl\/sextoys-podlaczony-wibromasaz-bluetooth.html\/#Masturbateur_masculin_interactif_KIIROO_Onyx\" >KIIROO Onyx+ interaktywny masturbator dla m\u0119\u017cczyzn<\/a><\/li><li class='ez-toc-page-1 ez-toc-heading-level-3'><a class=\"ez-toc-link ez-toc-heading-14\" href=\"https:\/\/god-vibro.com\/pl\/sextoys-podlaczony-wibromasaz-bluetooth.html\/#We-Vibe_Pivot_Anneau_de_bite_vibrant_controle_par_une_application\" >We-Vibe Pivot Wibruj\u0105cy pier\u015bcie\u0144 na kutasa sterowany przez aplikacj\u0119<\/a><\/li><li class='ez-toc-page-1 ez-toc-heading-level-3'><a class=\"ez-toc-link ez-toc-heading-15\" href=\"https:\/\/god-vibro.com\/pl\/sextoys-podlaczony-wibromasaz-bluetooth.html\/#Vibrateur_pour_culotte_Vibease\" >Wibrator do majtek Vibease<\/a><\/li><\/ul><\/li><\/ul><\/nav><\/div>\n<h2 class=\"wp-block-heading\"><span class=\"ez-toc-section\" id=\"Fonctionnement_du_sextoy_connecte\"><\/span>Jak dzia\u0142a pod\u0142\u0105czona sextoy&nbsp;<span class=\"ez-toc-section-end\"><\/span><\/h2>\n\n\n\n<p>Dzia\u0142anie pod\u0142\u0105czonego sextoya jest proste. Jeden partner ma sextoya, drugi steruje nim za pomoc\u0105 aplikacji.<\/p>\n\n\n\n<p>Zainstalowana na Androidzie lub IOS aplikacja dostarczana jest wraz z sextoy i mo\u017ce by\u0107 u\u017cywana z ka\u017cdego miejsca pod\u0142\u0105czonego do internetu.<\/p>\n\n\n\n<p>Usi\u0105d\u017a wygodnie i zrelaksuj si\u0119 lub spotkaj si\u0119 na przyk\u0142ad przez Skype i ciesz si\u0119 wyj\u0105tkow\u0105 chwil\u0105 razem.<\/p>\n\n\n\n<p>Ten rodzaj sextoy mo\u017ce by\u0107 r\u00f3wnie\u017c u\u017cywany twarz\u0105 w twarz podczas kolacji w restauracji, aby zwi\u0119kszy\u0107 ci\u015bnienie, lub sam dla singli.<\/p>\n\n\n\n<h2 class=\"wp-block-heading\"><span class=\"ez-toc-section\" id=\"Utilisation_dun_sextoy_connecte\"><\/span>U\u017cywanie pod\u0142\u0105czonej sextoy&nbsp;<span class=\"ez-toc-section-end\"><\/span><\/h2>\n\n\n\n<p>Zapoznaj si\u0119 z instrukcj\u0105 obs\u0142ugi pod\u0142\u0105czonego sextoya, aby pozna\u0107 nazw\u0119 aplikacji, kt\u00f3r\u0105 nale\u017cy pobra\u0107 lub kod Qr, kt\u00f3ry nale\u017cy zeskanowa\u0107, aby po\u0142\u0105czy\u0107 sextoya z telefonem. &nbsp;<\/p>\n\n\n\n<p>Je\u015bli jest to wibrator do majtek, umie\u015b\u0107 go w bieli\u017anie i baw si\u0119 trybami intensywno\u015bci. Mo\u017cesz r\u00f3wnie\u017c pozostawi\u0107 t\u0119 funkcj\u0119 swojemu partnerowi. B\u0119dzie wtedy sprawowa\u0142 kontrol\u0119 nad przedmiotem i b\u0119dzie odpowiedzialny za dawanie ci przyjemno\u015bci.&nbsp;<\/p>\n\n\n\n<p>We-vibe to bardzo silna technologia. Gad\u017cety z tym systemem dzia\u0142aj\u0105 na odleg\u0142o\u015b\u0107 tysi\u0119cy kilometr\u00f3w. Aby z nich skorzysta\u0107, nale\u017cy zarejestrowa\u0107 swoje ustawienia w pobranej aplikacji. Nast\u0119pnie nale\u017cy wys\u0142a\u0107 zaproszenie do swojego partnera. Aplikacja ma mo\u017cliwo\u015b\u0107 sterowania wideo i g\u0142osem. Sparuj go ze swoim telefonem i pozw\u00f3l wyobra\u017ani zrobi\u0107 reszt\u0119.<\/p>\n\n\n\n<figure class=\"wp-block-image\"><img decoding=\"async\" src=\"https:\/\/lh3.googleusercontent.com\/JbQ74IPjPN47ZOc668J_ZHHX9DPZj02nQ7m4n1xgg43KFSeOZ5L5R4cRqXhJvdvIgrtWr4ktn0q3KaUVgQJfPVwLsRAj6iNiWosXkLN-uaQKZaerhFUOTWbLhsXzjQTYejO6eFH6\" alt=\"\"\/><\/figure>\n\n\n\n<h2 class=\"wp-block-heading\"><span class=\"ez-toc-section\" id=\"Avantage_de_lutilisation_des_sextoys_connectes\"><\/span>Korzy\u015bci z u\u017cywania po\u0142\u0105czonych zabawek seksualnych&nbsp;<span class=\"ez-toc-section-end\"><\/span><\/h2>\n\n\n\n<p>Gr\u00e2ce aux sextoys connect\u00e9s, vous pouvez vous masturber, donner du plaisir \u00e0 votre partenaire ou en recevoir vous-m\u00eame. Avec l&rsquo;aide de certains des meilleurs jouets sexuels pour couples du march\u00e9, votre amour aura l&rsquo;impression de faire partie de l&rsquo;action, lui aussi. Nous ne pouvons pas promettre qu&rsquo;ils sauveront une relation \u00e0 distance, mais ils aideront quand m\u00eame \u00e0 garder les choses en bon \u00e9tat et \u00e0 att\u00e9nuer la frustration sexuelle.<\/p>\n\n\n\n<p>N\u2019oubliez pas d&rsquo;utiliser du lubrifiant et de bien nettoyer les objets apr\u00e8s utilisation.&nbsp;<\/p>\n\n\n\n<h2 class=\"wp-block-heading\"><span class=\"ez-toc-section\" id=\"Differents_types_de_sextoy_connecte\"><\/span>R\u00f3\u017cne rodzaje pod\u0142\u0105czonych sextoy<span class=\"ez-toc-section-end\"><\/span><\/h2>\n\n\n\n<p>Istnieje kilka rodzaj\u00f3w pod\u0142\u0105czonych zabawek seksualnych, w tym :&nbsp;<\/p>\n\n\n\n<ul class=\"wp-block-list\"><li>stymulator \u0142echtaczki ;<\/li><li>stymulator analny ;<\/li><li>stymulator prostaty ;<\/li><li>wibrator ;<\/li><li>wibruj\u0105ce jajko ;<\/li><li>itp.<\/li><\/ul>\n\n\n\n<h3 class=\"wp-block-heading\"><span class=\"ez-toc-section\" id=\"Le_stimulateur_de_clitoris\"><\/span>Stymulator \u0142echtaczki&nbsp;<span class=\"ez-toc-section-end\"><\/span><\/h3>\n\n\n\n<p>Doskona\u0142a zabawka do stymulacji punktu G partnera. Mog\u0105 by\u0107 stosowane samodzielnie lub jako para. Dla wi\u0119kszej przyjemno\u015bci pozostaw funkcj\u0119 intensywno\u015bci swojemu partnerowi. Nie b\u0119dziesz \u017ca\u0142owa\u0142.&nbsp;<\/p>\n\n\n\n<p>Tego typu stymulator mo\u017ce by\u0107 u\u017cywany do gry wst\u0119pnej, a nawet mo\u017ce sprawi\u0107, \u017ce partnerka osi\u0105gnie orgazm.<\/p>\n\n\n\n<h3 class=\"wp-block-heading\"><span class=\"ez-toc-section\" id=\"Le_stimulateur_anal\"><\/span>Stymulator analny&nbsp;<span class=\"ez-toc-section-end\"><\/span><\/h3>\n\n\n\n<p>Stymulator analny to po\u0142\u0105czone sextoy, kt\u00f3re daje odczucia w odbycie. \u015awietna zabawka dla ka\u017cdego, kto chce wypr\u00f3bowa\u0107 nowe doznania, wyst\u0119puj\u0105 w r\u00f3\u017cnych rozmiarach, kszta\u0142tach i teksturach. Wybierz ten, kt\u00f3ry Ci odpowiada i sparuj go ze swoim smartfonem.&nbsp;<\/p>\n\n\n\n<h3 class=\"wp-block-heading\"><span class=\"ez-toc-section\" id=\"Le_stimulateur_prostatique\"><\/span>Stymulator prostaty<span class=\"ez-toc-section-end\"><\/span><\/h3>\n\n\n\n<p>Jest to doskona\u0142y masturbator dla m\u0119\u017cczyzn.  Pozwala lepiej odkry\u0107 swoje cia\u0142o i cieszy\u0107 si\u0119 sob\u0105 w pojedynk\u0119 lub w parze. Aby urozmaici\u0107 akt, pozw\u00f3l partnerowi zdecydowa\u0107 o mocy i intensywno\u015bci wibracji.&nbsp;<\/p>\n\n\n\n<figure class=\"wp-block-image\"><img decoding=\"async\" src=\"https:\/\/lh5.googleusercontent.com\/V5NQNT04Tt6GfMKDtJG15rYJaEMlMMVXT1_bSeNC7wSS7duzKuzEb4uiTnAFLAseS0jZEP5GsqrgXFX1YH0QmH_xYsSDoT93onGLlTJG78hC0uoJKAdR4X4Peibgxp5JdF0aMfdw\" alt=\"\"\/><\/figure>\n\n\n\n<h2 class=\"wp-block-heading\"><span class=\"ez-toc-section\" id=\"Top_07_des_meilleurs_sextoys_connectes\"><\/span>Top 07 najlepszych po\u0142\u0105czonych zabawek seksualnych<span class=\"ez-toc-section-end\"><\/span><\/h2>\n\n\n\n<p>Istnieje wiele po\u0142\u0105czonych ze sob\u0105 zabawek seksualnych. W\u015br\u00f3d tej szerokiej gamy mo\u017cemy wymieni\u0107 :&nbsp;<\/p>\n\n\n\n<ul class=\"wp-block-list\"><li>ch\u00f3r we-vibe ;<\/li><li>We-Vibe Moxie - wibrator w kszta\u0142cie majtek;<\/li><li>clion by KIIROO Wibrator do stymulacji \u0142echtaczki ;<\/li><li>luksusowy wibrator do majtek sterowany przez aplikacj\u0119 ;<\/li><li>KIIROO Onyx+ interaktywny mastubarator dla m\u0119\u017cczyzn;<\/li><li>we-vibe Pivot Wibruj\u0105cy pier\u015bcie\u0144 na kutasa sterowany za pomoc\u0105 aplikacji.<\/li><\/ul>\n\n\n\n<p>Te po\u0142\u0105czone zabawki seksualne zosta\u0142y przez nas wybrane na podstawie ich jako\u015bci, materia\u0142\u00f3w wykonania, ceny i opinii klient\u00f3w.&nbsp;<\/p>\n\n\n\n<h3 class=\"wp-block-heading\"><span class=\"ez-toc-section\" id=\"We-Vibe_Chorus\"><\/span>We-Vibe Chorus<span class=\"ez-toc-section-end\"><\/span><\/h3>\n\n\n\n<p>Ce jouet de We-Vibe est cens\u00e9 s&rsquo;adapter \u00e0 la forme de la personne qui le porte, offrant ainsi un plaisir mains libres \u00e0 l&rsquo;int\u00e9rieur comme \u00e0 l&rsquo;ext\u00e9rieur. \u00c9tanche et rechargeable, il offre 3 vitesses, 7 modes de vibration et une t\u00e9l\u00e9commande de haute technologie qui adapte l&rsquo;intensit\u00e9 des vibrations \u00e0 votre guise.&nbsp;<\/p>\n\n\n\n<p>Il s&rsquo;associe \u00e0 une application pour t\u00e9l\u00e9phone afin que votre partenaire puisse jouer avec vous o\u00f9 qu&rsquo;il soit. Il est assez polyvalent pour \u00eatre utilis\u00e9 pendant les rapports sexuels lorsque vous vous retrouvez enfin en personne.<\/p>\n\n\n\n<h3 class=\"wp-block-heading\"><span class=\"ez-toc-section\" id=\"Vibrateur_pour_culotte_We-Vibe_Moxie\"><\/span>We-Vibe Moxie wibrator do majtek<span class=\"ez-toc-section-end\"><\/span><\/h3>\n\n\n\n<p>Les fans de Moxie adorent ce vibromasseur de culotte portable populaire pour sa taille discr\u00e8te. Il poss\u00e8de un aimant plat de la taille d&rsquo;un galet qui permet de le fixer \u00e0 n&rsquo;importe quels sous-v\u00eatements. Il dispose de 10 modes de vibration, ce qui permet de varier les plaisirs. Il est livr\u00e9 avec une t\u00e9l\u00e9commande simple d\u2019utilisation et fonctionne avec l&rsquo;application We-Connect.<\/p>\n\n\n\n<h3 class=\"wp-block-heading\"><span class=\"ez-toc-section\" id=\"Clion_par_KIIROO_Vibrateur_de_stimulation_du_clitoris\"><\/span>Clion by KIIROO Wibrator do stymulacji \u0142echtaczki<span class=\"ez-toc-section-end\"><\/span><\/h3>\n\n\n\n<p>Les jouets technologiques de KIIROO, bas\u00e9 \u00e0 Amsterdam, sont faits \u00a0\u00bb pour l&rsquo;amour en ligne \u00ab\u00a0, et ce joli stimulateur clitoridien \u00e9tanche est compatible pour se connecter avec le reste de leurs produits.&nbsp;<\/p>\n\n\n\n<p>Podobnie jak ich mufki dla partner\u00f3w z penisami, czy ich linia OhMiBod poprzez swoj\u0105 aplikacj\u0119 FeelConnect na IOS i Android, maj\u0105 kilka gad\u017cet\u00f3w dla partner\u00f3w do wzajemnej stymulacji.&nbsp;<\/p>\n\n\n\n<p>Dzi\u0119ki zestawowi s\u0142uchawkowemu do wirtualnej rzeczywisto\u015bci (VR), na przyk\u0142ad, ludzie mog\u0105 r\u00f3wnie\u017c u\u017cywa\u0107 swojej zabawki z interaktywnymi tre\u015bciami dla doros\u0142ych.<\/p>\n\n\n\n<h3 class=\"wp-block-heading\"><span class=\"ez-toc-section\" id=\"Vibrateur_pour_culotte_de_luxe_controle_par_une_application\"><\/span>Luksusowy wibrator do majtek sterowany za pomoc\u0105 aplikacji<span class=\"ez-toc-section-end\"><\/span><\/h3>\n\n\n\n<p>L&rsquo;entr\u00e9e de Lovehoney dans le monde des vibromasseurs de culotte contr\u00f4l\u00e9s par une application a fait l&rsquo;objet de nombreuses critiques. Ce gadget offre douze vitesses et huit motifs. Il est \u00e9galement livr\u00e9 avec de la lingerie en dentelle noire nou\u00e9e par un ruban pour y loger le sextoy.&nbsp;<\/p>\n\n\n\n<p>Il est \u00e9tanche et vous pouvez utiliser les commandes de l&rsquo;application Desire pour vous amuser en toute libert\u00e9 ou laisser votre partenaire le faire.<\/p>\n\n\n\n<h3 class=\"wp-block-heading\"><span class=\"ez-toc-section\" id=\"Masturbateur_masculin_interactif_KIIROO_Onyx\"><\/span>KIIROO Onyx+ interaktywny masturbator dla m\u0119\u017cczyzn<span class=\"ez-toc-section-end\"><\/span><\/h3>\n\n\n\n<p>Pour les couples qui veulent reproduire l&rsquo;exp\u00e9rience du sexe en personne (dans la mesure o\u00f9 la r\u00e9alit\u00e9 peut \u00eatre simul\u00e9e par la technologie), le Kiiroo Onyx+ est un masturbateur bien \u00e9valu\u00e9.&nbsp;<\/p>\n\n\n\n<p>Il se connecte au Cliona et aux autres jouets Bluetooth de la marque pour des sessions de chat vid\u00e9o mutuellement agr\u00e9ables. Avec 10 anneaux contractants \u00e0 l&rsquo;int\u00e9rieur, il dispose de trois modes (dont \u00ab\u00a0interactif\u00a0\u00bb). Vous pouvez \u00e9galement acheter Onyx et Cliona par paire.&nbsp;<\/p>\n\n\n\n<h3 class=\"wp-block-heading\"><span class=\"ez-toc-section\" id=\"We-Vibe_Pivot_Anneau_de_bite_vibrant_controle_par_une_application\"><\/span>We-Vibe Pivot Wibruj\u0105cy pier\u015bcie\u0144 na kutasa sterowany przez aplikacj\u0119<span class=\"ez-toc-section-end\"><\/span><\/h3>\n\n\n\n<p>Le Pivot est id\u00e9al pour une utilisation en solo ou lors de rapports sexuels en personne, car il offre plus de 10 options de vibration. Vous pouvez \u00e9galement utiliser l&rsquo;application We-Connect pour contr\u00f4ler \u00e0 distance les vibrations de l&rsquo;anneau et personnaliser vos param\u00e8tres en m\u00e9morisant les mod\u00e8les de vibrations que vous aimez pour la prochaine fois.<\/p>\n\n\n\n<figure class=\"wp-block-image\"><img decoding=\"async\" src=\"https:\/\/lh6.googleusercontent.com\/1PJPWsqFksXUa8CZiikB6HvhtmgPcfr_RYLMa7pwZJyxLsrxSaDJbFovTA-rW1Km-YCj8CCWQSiIZMxTd712Ut64qxu22GaqlzQ7BEXGh9_U85hIuFy2ieGNDypi12zdvmvOcGHc\" alt=\"\"\/><\/figure>\n\n\n\n<h3 class=\"wp-block-heading\"><span class=\"ez-toc-section\" id=\"Vibrateur_pour_culotte_Vibease\"><\/span>Wibrator do majtek Vibease<span class=\"ez-toc-section-end\"><\/span><\/h3>\n\n\n\n<p>Le Vibease est un vibromasseur pour culotte avec une touche litt\u00e9raire. Il se synchronise avec une s\u00e9rie de livres audio sexy gr\u00e2ce \u00e0 une application. Ce qui est une excellente nouvelle pour les amateurs d&rsquo;\u00e9rotisme. Vous pouvez l&rsquo;utiliser seul ou avec un partenaire gr\u00e2ce \u00e0 l&rsquo;application fournie. Sa forme pointue est id\u00e9ale pour de nombreux utilisateurs. Le Vibease offre en outre 5 modes de vibrations, ce qui permet de varier les plaisirs et de contenter tout un chacun.<\/p>\n\n\n\n<p><\/p>\n\n\n\n<p><\/p>","protected":false},"excerpt":{"rendered":"<p>Entretenir une relation \u00e0 distance est g\u00e9n\u00e9ralement difficile. Les rapports physiques sont en effet primordiaux pour toute relation de couple. Heureusement,&nbsp; la technologie a permis de cr\u00e9er des jouets sexuels sp\u00e9cialement con\u00e7us pour les aventures \u00e0 distance.&nbsp; Ces sextoys, connect\u00e9s \u00e0 distance via une application, permettent aux couples de continuer \u00e0 s\u2019exciter mutuellement m\u00eame s&rsquo; [&hellip;]<\/p>\n","protected":false},"author":1,"featured_media":612,"parent":0,"menu_order":0,"comment_status":"closed","ping_status":"closed","template":"","meta":{"_acf_changed":false,"_seopress_robots_primary_cat":"","_seopress_titles_title":"","_seopress_titles_desc":"","_seopress_robots_index":"","_uag_custom_page_level_css":"","site-sidebar-layout":"default","site-content-layout":"","ast-site-content-layout":"default","site-content-style":"default","site-sidebar-style":"default","ast-global-header-display":"","ast-banner-title-visibility":"","ast-main-header-display":"","ast-hfb-above-header-display":"","ast-hfb-below-header-display":"","ast-hfb-mobile-header-display":"","site-post-title":"","ast-breadcrumbs-content":"","ast-featured-img":"","footer-sml-layout":"","theme-transparent-header-meta":"","adv-header-id-meta":"","stick-header-meta":"","header-above-stick-meta":"","header-main-stick-meta":"","header-below-stick-meta":"","astra-migrate-meta-layouts":"default","ast-page-background-enabled":"default","ast-page-background-meta":{"desktop":{"background-color":"var(--ast-global-color-4)","background-image":"","background-repeat":"repeat","background-position":"center center","background-size":"auto","background-attachment":"scroll","background-type":"","background-media":"","overlay-type":"","overlay-color":"","overlay-opacity":"","overlay-gradient":""},"tablet":{"background-color":"","background-image":"","background-repeat":"repeat","background-position":"center center","background-size":"auto","background-attachment":"scroll","background-type":"","background-media":"","overlay-type":"","overlay-color":"","overlay-opacity":"","overlay-gradient":""},"mobile":{"background-color":"","background-image":"","background-repeat":"repeat","background-position":"center center","background-size":"auto","background-attachment":"scroll","background-type":"","background-media":"","overlay-type":"","overlay-color":"","overlay-opacity":"","overlay-gradient":""}},"ast-content-background-meta":{"desktop":{"background-color":"var(--ast-global-color-5)","background-image":"","background-repeat":"repeat","background-position":"center center","background-size":"auto","background-attachment":"scroll","background-type":"","background-media":"","overlay-type":"","overlay-color":"","overlay-opacity":"","overlay-gradient":""},"tablet":{"background-color":"var(--ast-global-color-5)","background-image":"","background-repeat":"repeat","background-position":"center center","background-size":"auto","background-attachment":"scroll","background-type":"","background-media":"","overlay-type":"","overlay-color":"","overlay-opacity":"","overlay-gradient":""},"mobile":{"background-color":"var(--ast-global-color-5)","background-image":"","background-repeat":"repeat","background-position":"center center","background-size":"auto","background-attachment":"scroll","background-type":"","background-media":"","overlay-type":"","overlay-color":"","overlay-opacity":"","overlay-gradient":""}},"footnotes":""},"class_list":["post-610","page","type-page","status-publish","has-post-thumbnail","hentry"],"acf":[],"uagb_featured_image_src":{"full":["https:\/\/god-vibro.com\/wp-content\/uploads\/2021\/11\/sextoy-connecte.jpg",850,494,false],"thumbnail":["https:\/\/god-vibro.com\/wp-content\/uploads\/2021\/11\/sextoy-connecte-150x150.jpg",150,150,true],"medium":["https:\/\/god-vibro.com\/wp-content\/uploads\/2021\/11\/sextoy-connecte-300x174.jpg",300,174,true],"medium_large":["https:\/\/god-vibro.com\/wp-content\/uploads\/2021\/11\/sextoy-connecte-768x446.jpg",768,446,true],"large":["https:\/\/god-vibro.com\/wp-content\/uploads\/2021\/11\/sextoy-connecte.jpg",850,494,false],"1536x1536":["https:\/\/god-vibro.com\/wp-content\/uploads\/2021\/11\/sextoy-connecte.jpg",850,494,false],"2048x2048":["https:\/\/god-vibro.com\/wp-content\/uploads\/2021\/11\/sextoy-connecte.jpg",850,494,false],"trp-custom-language-flag":["https:\/\/god-vibro.com\/wp-content\/uploads\/2021\/11\/sextoy-connecte.jpg",18,10,false],"ultp_layout_landscape_large":["https:\/\/god-vibro.com\/wp-content\/uploads\/2021\/11\/sextoy-connecte.jpg",850,494,false],"ultp_layout_landscape":["https:\/\/god-vibro.com\/wp-content\/uploads\/2021\/11\/sextoy-connecte.jpg",850,494,false],"ultp_layout_portrait":["https:\/\/god-vibro.com\/wp-content\/uploads\/2021\/11\/sextoy-connecte.jpg",600,349,false],"ultp_layout_square":["https:\/\/god-vibro.com\/wp-content\/uploads\/2021\/11\/sextoy-connecte.jpg",600,349,false]},"uagb_author_info":{"display_name":"brigitte","author_link":"https:\/\/god-vibro.com\/pl\/author\/brigitte"},"uagb_comment_info":0,"uagb_excerpt":"Entretenir une relation \u00e0 distance est g\u00e9n\u00e9ralement difficile. Les rapports physiques sont en effet primordiaux pour toute relation de couple. Heureusement,&nbsp; la technologie a permis de cr\u00e9er des jouets sexuels sp\u00e9cialement con\u00e7us pour les aventures \u00e0 distance.&nbsp; Ces sextoys, connect\u00e9s \u00e0 distance via une application, permettent aux couples de continuer \u00e0 s\u2019exciter mutuellement m\u00eame s&rsquo;&hellip;","_links":{"self":[{"href":"https:\/\/god-vibro.com\/pl\/wp-json\/wp\/v2\/pages\/610","targetHints":{"allow":["GET"]}}],"collection":[{"href":"https:\/\/god-vibro.com\/pl\/wp-json\/wp\/v2\/pages"}],"about":[{"href":"https:\/\/god-vibro.com\/pl\/wp-json\/wp\/v2\/types\/page"}],"author":[{"embeddable":true,"href":"https:\/\/god-vibro.com\/pl\/wp-json\/wp\/v2\/users\/1"}],"replies":[{"embeddable":true,"href":"https:\/\/god-vibro.com\/pl\/wp-json\/wp\/v2\/comments?post=610"}],"version-history":[{"count":0,"href":"https:\/\/god-vibro.com\/pl\/wp-json\/wp\/v2\/pages\/610\/revisions"}],"wp:featuredmedia":[{"embeddable":true,"href":"https:\/\/god-vibro.com\/pl\/wp-json\/wp\/v2\/media\/612"}],"wp:attachment":[{"href":"https:\/\/god-vibro.com\/pl\/wp-json\/wp\/v2\/media?parent=610"}],"curies":[{"name":"wp","href":"https:\/\/api.w.org\/{rel}","templated":true}]}}