{"id":843,"date":"2021-12-08T00:30:31","date_gmt":"2021-12-08T00:30:31","guid":{"rendered":"https:\/\/god-vibro.com\/?page_id=843"},"modified":"2021-12-08T01:50:43","modified_gmt":"2021-12-08T01:50:43","slug":"choisir-son-premier-sextoy-homme","status":"publish","type":"page","link":"https:\/\/god-vibro.com\/ko\/%ec%b2%ab-%eb%82%a8%ec%9e%90-%ec%84%b9%ec%8a%a4%ed%86%a0%ec%9d%b4-%ec%84%a0%ed%83%9d%ed%95%98%ea%b8%b0.html","title":{"rendered":"\uccab \ub0a8\uc131\uc6a9 \ubc14\uc774\ube0c\ub808\uc774\ud130 \uc120\ud0dd\ud558\uae30"},"content":{"rendered":"<p>A L\u2019instar des vibromasseurs pour femmes, les vibromasseurs pour hommes rec\u00e8lent \u00e9galement des sp\u00e9cificit\u00e9s qui conditionnent le choix de tout acheteur. Si vous d\u00e9sirez acqu\u00e9rir votre premier vibromasseur, vous devez tenir compte de certains \u00e9l\u00e9ments.Il s\u2019agit entre autres des sensations recherch\u00e9es, de votre exp\u00e9rience ou encore du design de l\u2019objet.<\/p>\n\n\n\n<div id=\"ez-toc-container\" class=\"ez-toc-v2_0_82_2 counter-hierarchy ez-toc-counter ez-toc-custom ez-toc-container-direction\">\n<div class=\"ez-toc-title-container\">\n<p class=\"ez-toc-title\" style=\"cursor:inherit\">\ucf58\ud150\uce20 <\/p>\n<span class=\"ez-toc-title-toggle\"><a href=\"#\" class=\"ez-toc-pull-right ez-toc-btn ez-toc-btn-xs ez-toc-btn-default ez-toc-toggle\" aria-label=\"\ubaa9\ucc28 \ud1a0\uae00\"><span class=\"ez-toc-js-icon-con\"><span class=\"\"><span class=\"eztoc-hide\" style=\"display:none;\">\ud1a0\uae00<\/span><span class=\"ez-toc-icon-toggle-span\"><svg style=\"fill: #999;color:#999\" xmlns=\"http:\/\/www.w3.org\/2000\/svg\" class=\"list-377408\" width=\"20px\" height=\"20px\" viewbox=\"0 0 24 24\" fill=\"none\"><path d=\"M6 6H4v2h2V6zm14 0H8v2h12V6zM4 11h2v2H4v-2zm16 0H8v2h12v-2zM4 16h2v2H4v-2zm16 0H8v2h12v-2z\" fill=\"currentColor\"><\/path><\/svg><svg style=\"fill: #999;color:#999\" class=\"arrow-unsorted-368013\" xmlns=\"http:\/\/www.w3.org\/2000\/svg\" width=\"10px\" height=\"10px\" viewbox=\"0 0 24 24\" version=\"1.2\" baseprofile=\"tiny\"><path d=\"M18.2 9.3l-6.2-6.3-6.2 6.3c-.2.2-.3.4-.3.7s.1.5.3.7c.2.2.4.3.7.3h11c.3 0 .5-.1.7-.3.2-.2.3-.5.3-.7s-.1-.5-.3-.7zM5.8 14.7l6.2 6.3 6.2-6.3c.2-.2.3-.5.3-.7s-.1-.5-.3-.7c-.2-.2-.4-.3-.7-.3h-11c-.3 0-.5.1-.7.3-.2.2-.3.5-.3.7s.1.5.3.7z\"\/><\/svg><\/span><\/span><\/span><\/a><\/span><\/div>\n<nav><ul class='ez-toc-list ez-toc-list-level-1 eztoc-toggle-hide-by-default' ><li class='ez-toc-page-1 ez-toc-heading-level-2'><a class=\"ez-toc-link ez-toc-heading-1\" href=\"https:\/\/god-vibro.com\/ko\/%ec%b2%ab-%eb%82%a8%ec%9e%90-%ec%84%b9%ec%8a%a4%ed%86%a0%ec%9d%b4-%ec%84%a0%ed%83%9d%ed%95%98%ea%b8%b0.html\/#Les_criteres_de_choix_dun_vibromasseur\" >Les crit\u00e8res de choix d\u2019un vibromasseur&nbsp;<\/a><ul class='ez-toc-list-level-3' ><li class='ez-toc-heading-level-3'><a class=\"ez-toc-link ez-toc-heading-2\" href=\"https:\/\/god-vibro.com\/ko\/%ec%b2%ab-%eb%82%a8%ec%9e%90-%ec%84%b9%ec%8a%a4%ed%86%a0%ec%9d%b4-%ec%84%a0%ed%83%9d%ed%95%98%ea%b8%b0.html\/#_Vos_preferences\" >&nbsp;&nbsp;&nbsp;&nbsp;&nbsp;\uae30\ubcf8 \uc124\uc815<\/a><\/li><li class='ez-toc-page-1 ez-toc-heading-level-3'><a class=\"ez-toc-link ez-toc-heading-3\" href=\"https:\/\/god-vibro.com\/ko\/%ec%b2%ab-%eb%82%a8%ec%9e%90-%ec%84%b9%ec%8a%a4%ed%86%a0%ec%9d%b4-%ec%84%a0%ed%83%9d%ed%95%98%ea%b8%b0.html\/#_Votre_experience\" >&nbsp;&nbsp;&nbsp;&nbsp;\uc0ac\uc6a9\uc790 \uacbd\ud5d8<\/a><\/li><li class='ez-toc-page-1 ez-toc-heading-level-3'><a class=\"ez-toc-link ez-toc-heading-4\" href=\"https:\/\/god-vibro.com\/ko\/%ec%b2%ab-%eb%82%a8%ec%9e%90-%ec%84%b9%ec%8a%a4%ed%86%a0%ec%9d%b4-%ec%84%a0%ed%83%9d%ed%95%98%ea%b8%b0.html\/#_Les_materiaux_et_la_texture\" >&nbsp;&nbsp;\uc7ac\uc9c8 \ubc0f \ud14d\uc2a4\ucc98<\/a><\/li><li class='ez-toc-page-1 ez-toc-heading-level-3'><a class=\"ez-toc-link ez-toc-heading-5\" href=\"https:\/\/god-vibro.com\/ko\/%ec%b2%ab-%eb%82%a8%ec%9e%90-%ec%84%b9%ec%8a%a4%ed%86%a0%ec%9d%b4-%ec%84%a0%ed%83%9d%ed%95%98%ea%b8%b0.html\/#_Le_design\" >&nbsp;&nbsp;\ub514\uc790\uc778&nbsp;<\/a><\/li><li class='ez-toc-page-1 ez-toc-heading-level-3'><a class=\"ez-toc-link ez-toc-heading-6\" href=\"https:\/\/god-vibro.com\/ko\/%ec%b2%ab-%eb%82%a8%ec%9e%90-%ec%84%b9%ec%8a%a4%ed%86%a0%ec%9d%b4-%ec%84%a0%ed%83%9d%ed%95%98%ea%b8%b0.html\/#_Lintensite_des_vibrations\" >&nbsp;&nbsp;L&rsquo;intensit\u00e9 des vibrations<\/a><\/li><li class='ez-toc-page-1 ez-toc-heading-level-3'><a class=\"ez-toc-link ez-toc-heading-7\" href=\"https:\/\/god-vibro.com\/ko\/%ec%b2%ab-%eb%82%a8%ec%9e%90-%ec%84%b9%ec%8a%a4%ed%86%a0%ec%9d%b4-%ec%84%a0%ed%83%9d%ed%95%98%ea%b8%b0.html\/#_Le_prix\" >&nbsp;&nbsp;&nbsp;\uac00\uaca9<\/a><\/li><\/ul><\/li><li class='ez-toc-page-1 ez-toc-heading-level-2'><a class=\"ez-toc-link ez-toc-heading-8\" href=\"https:\/\/god-vibro.com\/ko\/%ec%b2%ab-%eb%82%a8%ec%9e%90-%ec%84%b9%ec%8a%a4%ed%86%a0%ec%9d%b4-%ec%84%a0%ed%83%9d%ed%95%98%ea%b8%b0.html\/#Les_avantages_de_lutilisation_dun_vibromasseur\" >Les avantages de l\u2019utilisation d\u2019un vibromasseur&nbsp;<\/a><ul class='ez-toc-list-level-3' ><li class='ez-toc-heading-level-3'><a class=\"ez-toc-link ez-toc-heading-9\" href=\"https:\/\/god-vibro.com\/ko\/%ec%b2%ab-%eb%82%a8%ec%9e%90-%ec%84%b9%ec%8a%a4%ed%86%a0%ec%9d%b4-%ec%84%a0%ed%83%9d%ed%95%98%ea%b8%b0.html\/#_Se_procurer_du_plaisir_soi_meme\" >&nbsp;&nbsp;\uc790\uc2e0\uc744 \uc704\ud55c \uc990\uac70\uc6c0 \uc5bb\uae30&nbsp;<\/a><\/li><li class='ez-toc-page-1 ez-toc-heading-level-3'><a class=\"ez-toc-link ez-toc-heading-10\" href=\"https:\/\/god-vibro.com\/ko\/%ec%b2%ab-%eb%82%a8%ec%9e%90-%ec%84%b9%ec%8a%a4%ed%86%a0%ec%9d%b4-%ec%84%a0%ed%83%9d%ed%95%98%ea%b8%b0.html\/#_Allez_a_la_decouverte_de_nouvelles_sensations\" >&nbsp;&nbsp;\uc0c8\ub85c\uc6b4 \uac10\uac01\uc744 \ubc1c\uacac\ud558\uc138\uc694&nbsp;<\/a><\/li><\/ul><\/li><li class='ez-toc-page-1 ez-toc-heading-level-2'><a class=\"ez-toc-link ez-toc-heading-11\" href=\"https:\/\/god-vibro.com\/ko\/%ec%b2%ab-%eb%82%a8%ec%9e%90-%ec%84%b9%ec%8a%a4%ed%86%a0%ec%9d%b4-%ec%84%a0%ed%83%9d%ed%95%98%ea%b8%b0.html\/#Quelques_meilleurs_vibromasseurs_pour_homme\" >\ub0a8\uc131\uc6a9 \ucd5c\uace0\uc758 \uc9c4\ub3d9\uae30<\/a><ul class='ez-toc-list-level-3' ><li class='ez-toc-heading-level-3'><a class=\"ez-toc-link ez-toc-heading-12\" href=\"https:\/\/god-vibro.com\/ko\/%ec%b2%ab-%eb%82%a8%ec%9e%90-%ec%84%b9%ec%8a%a4%ed%86%a0%ec%9d%b4-%ec%84%a0%ed%83%9d%ed%95%98%ea%b8%b0.html\/#Legg_tenga\" >L\u2019egg tenga&nbsp;<\/a><\/li><li class='ez-toc-page-1 ez-toc-heading-level-3'><a class=\"ez-toc-link ez-toc-heading-13\" href=\"https:\/\/god-vibro.com\/ko\/%ec%b2%ab-%eb%82%a8%ec%9e%90-%ec%84%b9%ec%8a%a4%ed%86%a0%ec%9d%b4-%ec%84%a0%ed%83%9d%ed%95%98%ea%b8%b0.html\/#Le_double_anneau_vibrant\" >\uc774\uc911 \uc9c4\ub3d9 \ub9c1&nbsp;<\/a><\/li><li class='ez-toc-page-1 ez-toc-heading-level-3'><a class=\"ez-toc-link ez-toc-heading-14\" href=\"https:\/\/god-vibro.com\/ko\/%ec%b2%ab-%eb%82%a8%ec%9e%90-%ec%84%b9%ec%8a%a4%ed%86%a0%ec%9d%b4-%ec%84%a0%ed%83%9d%ed%95%98%ea%b8%b0.html\/#Les_anneaux_ou_cockrings\" >\ubc18\uc9c0 \ub610\ub294 \ucf55 \ub9c1<\/a><\/li><li class='ez-toc-page-1 ez-toc-heading-level-3'><a class=\"ez-toc-link ez-toc-heading-15\" href=\"https:\/\/god-vibro.com\/ko\/%ec%b2%ab-%eb%82%a8%ec%9e%90-%ec%84%b9%ec%8a%a4%ed%86%a0%ec%9d%b4-%ec%84%a0%ed%83%9d%ed%95%98%ea%b8%b0.html\/#Les_vibromasseurs_plugs_et_chapelets\" >\uc9c4\ub3d9 \ud50c\ub7ec\uadf8 \ubc0f \ubb35\uc8fc&nbsp;<\/a><\/li><li class='ez-toc-page-1 ez-toc-heading-level-3'><a class=\"ez-toc-link ez-toc-heading-16\" href=\"https:\/\/god-vibro.com\/ko\/%ec%b2%ab-%eb%82%a8%ec%9e%90-%ec%84%b9%ec%8a%a4%ed%86%a0%ec%9d%b4-%ec%84%a0%ed%83%9d%ed%95%98%ea%b8%b0.html\/#Les_gaines_ou_masturbateurs\" >\uce7c\uc9d1 \ub610\ub294 \uc790\uc704\uae30&nbsp;<\/a><\/li><li class='ez-toc-page-1 ez-toc-heading-level-3'><a class=\"ez-toc-link ez-toc-heading-17\" href=\"https:\/\/god-vibro.com\/ko\/%ec%b2%ab-%eb%82%a8%ec%9e%90-%ec%84%b9%ec%8a%a4%ed%86%a0%ec%9d%b4-%ec%84%a0%ed%83%9d%ed%95%98%ea%b8%b0.html\/#Le_masturbateur_play_Tr_myhixel\" >\uc5f0\uadf9 \ud2b8\u3139 \ub9c8\uc774\ud789\uc140 \uc790\uc704&nbsp;<\/a><\/li><\/ul><\/li><\/ul><\/nav><\/div>\n<h2 class=\"wp-block-heading\"><span class=\"ez-toc-section\" id=\"Les_criteres_de_choix_dun_vibromasseur\"><\/span>Les crit\u00e8res de choix d\u2019un vibromasseur&nbsp;<span class=\"ez-toc-section-end\"><\/span><\/h2>\n\n\n\n<p>Plusieurs crit\u00e8res favorisent le choix d\u2019un vibromasseur de qualit\u00e9. Surtout s\u2019il s\u2019agit de votre tout premier sextoy, vous devez tenir compte de :<\/p>\n\n\n\n<ul class=\"wp-block-list\"><li>vos pr\u00e9f\u00e9rences en mati\u00e8re sexuelle ;<\/li><li>votre exp\u00e9rience en termes d\u2019utilisation de sextoy ;<\/li><li>la mati\u00e8re et la texture de l\u2019objet ;<\/li><li>l\u2019intensit\u00e9 des vibrations ;<\/li><li>\uadf8 \ub514\uc790\uc778 ;<\/li><li>\uac00\uaca9.<\/li><\/ul>\n\n\n\n<p>Achetez un sextoy \u00e0 bas prix est tentant pour essayer, mais vous n\u2019aurez pas les sensations recherch\u00e9es si la qualit\u00e9 n\u2019est pas au rendez-vous.<\/p>\n\n\n\n<h3 class=\"wp-block-heading\"><span class=\"ez-toc-section\" id=\"_Vos_preferences\"><\/span>&nbsp;&nbsp;&nbsp;&nbsp;&nbsp;\uae30\ubcf8 \uc124\uc815<span class=\"ez-toc-section-end\"><\/span><\/h3>\n\n\n\n<p>Aimez-vous une chatte bien serr\u00e9e ou une chatte profonde ? Cherchez-vous un masturbateur ? Ou alors pr\u00e9f\u00e9rez-vous la p\u00e9n\u00e9tration anale ?\u00a0Il existe plusieurs types de vibromasseurs de forme et de sensations diff\u00e9rentes. Pour r\u00e9ussir \u00e0 faire le bon choix, vous devez tenir compte de vos envies.\u00a0Si le massage de votre phallus vous rend dingue, optez pour un vibromasseur massage. Si par contre la p\u00e9n\u00e9tration vous permet d\u2019atteindre l\u2019orgasme, privil\u00e9giez un plug anal. Si vous avez toujours du mal \u00e0 vous d\u00e9cider, choisissez un jouet polyvalent.<\/p>\n\n\n\n<h3 class=\"wp-block-heading\"><span class=\"ez-toc-section\" id=\"_Votre_experience\"><\/span>&nbsp;&nbsp;&nbsp;&nbsp;\uc0ac\uc6a9\uc790 \uacbd\ud5d8<span class=\"ez-toc-section-end\"><\/span><\/h3>\n\n\n\n<p>Utiliser un vibromasseur correctement demande de l\u2019exp\u00e9rience. Aussi bien en ce qui concerne la connaissance de votre corps, que la ma\u00eetrise de l\u2019objet. Certains vibromasseurs disposent de fonctionnalit\u00e9s basiques, ils sont alors faciles \u00e0 prendre en main mais plut\u00f4t limit\u00e9. Si vous \u00eates plut\u00f4t exp\u00e9riment\u00e9, n\u2019h\u00e9sitez pas \u00e0 vous tourner vers un vibromasseur aux fonctionnalit\u00e9s avanc\u00e9es. Apr\u00e8s quelques s\u00e9ances d\u2019essais, vous atteindrez le plaisir attendu.<\/p>\n\n\n\n<figure class=\"wp-block-image\"><img decoding=\"async\" src=\"https:\/\/lh4.googleusercontent.com\/izLYUsA_ztxcEcdpY8CgcnzhTR0LLP3tlVfcro2235LDDiUQKKgf996YcEhV7OrLvlu6ADdWAAyPlGD6jj-j__sDBu1QG4OKna-ABF-WQqKcia2l_3M9OjFPqg1ATE4Evnd9HBuU\" alt=\"\"\/><\/figure>\n\n\n\n<h3 class=\"wp-block-heading\"><span class=\"ez-toc-section\" id=\"_Les_materiaux_et_la_texture\"><\/span>&nbsp;&nbsp;\uc7ac\uc9c8 \ubc0f \ud14d\uc2a4\ucc98<span class=\"ez-toc-section-end\"><\/span><\/h3>\n\n\n\n<p>Vous ne pouvez pas acheter un objet sans conna\u00eetre auparavant la mati\u00e8re dans laquelle il est fait. C\u2019est pourquoi avoir une certaine connaissance sur les diff\u00e9rents mat\u00e9riaux de fabrication d\u2019un sextoy est important. Il existe des sextoys en :&nbsp;<\/p>\n\n\n\n<ul class=\"wp-block-list\"><li>\uc2e4\ub9ac\ucf58 ;<\/li><li>\ub2e8\ub2e8\ud55c \ud50c\ub77c\uc2a4\ud2f1 ;<\/li><li>\uc2a4\ud14c\uc778\ub9ac\uc2a4 \uc2a4\ud2f8 ;<\/li><li>\ube44\uc624\ub808\uc778 ;<\/li><li>m\u00e9tal ;<\/li><li>\ub4f1<\/li><\/ul>\n\n\n\n<p>Privil\u00e9giez les mati\u00e8res qui respectent la l\u00e9gislation. Vous pouvez optez pour un sextoy en silicone. C\u2019est une tr\u00e8s bonne mati\u00e8re. Elle est \u00e9galement non poreuse et tr\u00e8s facile \u00e0 entretenir.<\/p>\n\n\n\n<p>\u00c9vitez les sextoys qui contiennent du phtalate. Cette mati\u00e8re est dangereuse pour la sant\u00e9.&nbsp;<\/p>\n\n\n\n<p>Vous pouvez \u00e9galement opter pour des vibromasseurs en biolaine, en acier inoxydable. Pour une sensation de froid, vous pouvez choisir un sextoy en m\u00e9tal.&nbsp;<\/p>\n\n\n\n<p>Il existe \u00e9galement des sextoys en plastique qui sont recommand\u00e9s. Faites le choix en fonction de vos pr\u00e9f\u00e9rences. Pour atteindre l\u2019orgasme, choisissez un jouet sexuel stri\u00e9 ou bossel\u00e9.&nbsp;<\/p>\n\n\n\n<h3 class=\"wp-block-heading\"><span class=\"ez-toc-section\" id=\"_Le_design\"><\/span>&nbsp;&nbsp;\ub514\uc790\uc778&nbsp;<span class=\"ez-toc-section-end\"><\/span><\/h3>\n\n\n\n<p>Il est \u00e9vident de choisir un jouet qui vous s\u00e9duit juste au regard. Certes c\u2019est important, mais ce n\u2019est certainement pas pour cette raison que vous allez tout choisir sans vous soucier de ses fonctionnalit\u00e9s. Misez sur l\u2019esth\u00e9tique et \u00e9galement sur la performance.&nbsp;<\/p>\n\n\n\n<h3 class=\"wp-block-heading\"><span class=\"ez-toc-section\" id=\"_Lintensite_des_vibrations\"><\/span>&nbsp;&nbsp;L&rsquo;intensit\u00e9 des vibrations<span class=\"ez-toc-section-end\"><\/span><\/h3>\n\n\n\n<p>Choisir une intensit\u00e9 de vibrations lors de l\u2019achat d\u2019un sextoy est compliqu\u00e9. Pourtant, ce n\u2019est pas si difficile que \u00e7a. Il suffit juste de tenir compte de comment vous aimez faire l\u2019amour. Il existe cependant plusieurs types de vibromasseurs d\u2019intensit\u00e9 diff\u00e9rente. Privil\u00e9giez les sextoys \u00e0 plusieurs fonctions. Vous aurez ainsi l\u2019opportunit\u00e9 de r\u00e9gler l\u2019intensit\u00e9 des vibrations \u00e0 volont\u00e9.&nbsp;<\/p>\n\n\n\n<h3 class=\"wp-block-heading\"><span class=\"ez-toc-section\" id=\"_Le_prix\"><\/span>&nbsp;&nbsp;&nbsp;\uac00\uaca9<span class=\"ez-toc-section-end\"><\/span><\/h3>\n\n\n\n<p>Le prix d\u2019un vibromasseur de qualit\u00e9 varie. Il n&rsquo;a pas de prix standard. Vous pourrez trouver des vibromasseurs \u00e0 20 euros, comme \u00e0 200 euros. Pour vous procurer par exemple le Lelo Fs1, vous devrez d\u00e9bourser 169 euros. C\u2019est pourquoi vous devez pr\u00e9voir un budget en cons\u00e9quence.&nbsp;<\/p>\n\n\n\n<figure class=\"wp-block-image\"><img decoding=\"async\" src=\"https:\/\/lh5.googleusercontent.com\/FaZ00KZSlf4PJIN0elpH22iPY1qhrFRdoRkzIO1-2mUaXoqA4OHUpSsFYYlBNQVurTSY2UbFvDm1kaLOxomfxQh_c6DJvl-pZJ6uWB-SHYPMwFT8gfzFIe58Bwv9iTrCRILz7HsL\" alt=\"\"\/><\/figure>\n\n\n\n<h2 class=\"wp-block-heading\"><span class=\"ez-toc-section\" id=\"Les_avantages_de_lutilisation_dun_vibromasseur\"><\/span>Les avantages de l\u2019utilisation d\u2019un vibromasseur&nbsp;<span class=\"ez-toc-section-end\"><\/span><\/h2>\n\n\n\n<p>Deux grandes raisons poussent la majorit\u00e9 des gens \u00e0 se procurer un vibromasseur : se procurer soi-m\u00eame du plaisir et d\u00e9couvrir de nouvelles sensations.<\/p>\n\n\n\n<h3 class=\"wp-block-heading\"><span class=\"ez-toc-section\" id=\"_Se_procurer_du_plaisir_soi_meme\"><\/span>&nbsp;&nbsp;\uc790\uc2e0\uc744 \uc704\ud55c \uc990\uac70\uc6c0 \uc5bb\uae30&nbsp;<span class=\"ez-toc-section-end\"><\/span><\/h3>\n\n\n\n<p>Si vous \u00eates c\u00e9libataire ou vous avez du mal \u00e0 aborder les femmes, vous allez s\u00fbrement vous faire plaisir tout seul. D\u2019o\u00f9 l\u2019avantage d\u2019un vibromasseur.&nbsp;<\/p>\n\n\n\n<p>Le vibromasseur permet de vous masturber et d\u2019atteindre l\u2019orgasme sans partenaire sexuel. Vous pourrez utiliser toutes sortes de positions. Si vous \u00eates fortun\u00e9, vous pouvez \u00e9galement vous offrir une poup\u00e9e sexuelle. Vos d\u00e9sirs seront des ordres et vous aurez l\u2019impression d\u2019\u00eatre le roi du monde \u00e0 cet instant t.<\/p>\n\n\n\n<h3 class=\"wp-block-heading\"><span class=\"ez-toc-section\" id=\"_Allez_a_la_decouverte_de_nouvelles_sensations\"><\/span>&nbsp;&nbsp;\uc0c8\ub85c\uc6b4 \uac10\uac01\uc744 \ubc1c\uacac\ud558\uc138\uc694&nbsp;<span class=\"ez-toc-section-end\"><\/span><\/h3>\n\n\n\n<p>Les vibromasseurs ont l\u2019avantage d\u2019augmenter votre niveau d\u2019excitation. Ils vous permettent \u00e9galement d\u2019obtenir un orgasme prostatique. Mieux encore, ils augmentent la taille de votre sexe.&nbsp;<\/p>\n\n\n\n<p>L\u2019intensit\u00e9 de la p\u00e9n\u00e9tration est \u00e9galement obtenue gr\u00e2ce \u00e0 un anneau vibrant. Si vous \u00eates sadomasochiste, vous pouvez \u00e9galement vous faire attacher pour atteindre un autre niveau d\u2019excitation. Vous pourrez faire l\u2019amour \u00e0 votre poup\u00e9e sexuelle autant de fois que vous le souhaitez. Gr\u00e2ce au cockring, l\u2019\u00e9jaculation peut \u00eatre retard\u00e9e.<\/p>\n\n\n\n<h2 class=\"wp-block-heading\"><span class=\"ez-toc-section\" id=\"Quelques_meilleurs_vibromasseurs_pour_homme\"><\/span>\ub0a8\uc131\uc6a9 \ucd5c\uace0\uc758 \uc9c4\ub3d9\uae30<span class=\"ez-toc-section-end\"><\/span><\/h2>\n\n\n\n<p>Il existe plusieurs types de vibromasseurs pour homme. Parmi ce large \u00e9ventail, il existe plusieurs types :<\/p>\n\n\n\n<ul class=\"wp-block-list\"><li>\uac70\ub4e4 \ub610\ub294 \uc790\uc704\uae30 ;<\/li><li>\ub9c1 \ub610\ub294 \ucf54\ud06c\ub9c1 ;<\/li><li>\uc9c4\ub3d9 \ud50c\ub7ec\uadf8 \ubc0f \ubb35\uc8fc ;<\/li><li>\ubcf8\ub514\uc9c0 \uac8c\uc784 ;&nbsp;<\/li><li>\uc804\ub9bd\uc120 \uc790\uadf9\uae30 ;<\/li><li>\ub4f1<\/li><\/ul>\n\n\n\n<h3 class=\"wp-block-heading\"><span class=\"ez-toc-section\" id=\"Legg_tenga\"><\/span>L\u2019egg tenga&nbsp;<span class=\"ez-toc-section-end\"><\/span><\/h3>\n\n\n\n<p>C\u2019est le sextoy le plus appr\u00e9ci\u00e9 de la gente masculine. Il est en forme d\u2019\u0153uf. Gr\u00e2ce \u00e0 cette forme, il procure un plaisir intense. Il s\u2019adapte \u00e9galement \u00e0 la taille de votre p\u00e9nis.\u00a0Sa texture est comparable \u00e0 celle d\u2019un vrai vagin. Il est vendu \u00e0 9,95 \u20ac.\u00a0<\/p>\n\n\n\n<h3 class=\"wp-block-heading\"><span class=\"ez-toc-section\" id=\"Le_double_anneau_vibrant\"><\/span>\uc774\uc911 \uc9c4\ub3d9 \ub9c1&nbsp;<span class=\"ez-toc-section-end\"><\/span><\/h3>\n\n\n\n<p>C\u2019est un vibromasseur unisexe. Vous pouvez l\u2019utiliser seul comme avec votre partenaire.&nbsp; Il est tr\u00e8s facile \u00e0 mettre et fonctionne avec une pile. Il vous procure une sensation intense. Essayez-le et vous serez certainement satisfait.&nbsp;<\/p>\n\n\n\n<h3 class=\"wp-block-heading\"><span class=\"ez-toc-section\" id=\"Les_anneaux_ou_cockrings\"><\/span>\ubc18\uc9c0 \ub610\ub294 \ucf55 \ub9c1<span class=\"ez-toc-section-end\"><\/span><\/h3>\n\n\n\n<p>Il existe deux types de cockrings. Vous pouvez trouver des anneaux double ou unique. L\u2019anneau unique se place autour du p\u00e9nis. Ils vibrent et vous procure une forte sensation au niveau du p\u00e9nis. Votre \u00e9rection est tr\u00e8s ferme et dure. Si vous optez pour l\u2019anneau double, le second anneau sera enroul\u00e9 autour de vos deux testicules. La sensation est encore plus intense.&nbsp;<\/p>\n\n\n\n<h3 class=\"wp-block-heading\"><span class=\"ez-toc-section\" id=\"Les_vibromasseurs_plugs_et_chapelets\"><\/span>\uc9c4\ub3d9 \ud50c\ub7ec\uadf8 \ubc0f \ubb35\uc8fc&nbsp;<span class=\"ez-toc-section-end\"><\/span><\/h3>\n\n\n\n<p>Ce sextoy permet de stimuler le point P. Contrairement \u00e0 ce que pense la plupart des gens, ce vibromasseur n\u2019est pas uniquement que pour les gays. Vous pouvez \u00e9galement l\u2019essayer m\u00eame si vous \u00eates h\u00e9t\u00e9rosexuel. Recommand\u00e9 pour la sodomie, ce plug anal est un excellent jouet sexuel. Il stimule \u00e9galement votre prostate si vous en faites un bon usage. Vous pouvez l\u2019avoir \u00e0 un prix abordable.&nbsp;<\/p>\n\n\n\n<h3 class=\"wp-block-heading\"><span class=\"ez-toc-section\" id=\"Les_gaines_ou_masturbateurs\"><\/span>\uce7c\uc9d1 \ub610\ub294 \uc790\uc704\uae30&nbsp;<span class=\"ez-toc-section-end\"><\/span><\/h3>\n\n\n\n<p>Ce mod\u00e8le de sextoy fait partie des meilleurs vibromasseurs pour homme. Vous trouverez les gaines en plusieurs mod\u00e8les et types. Il existe des gaines&nbsp;<\/p>\n\n\n\n<ul class=\"wp-block-list\"><li>\ub9e4\ub274\uc5bc ;<\/li><li>\uc790\ub3d9 ;<\/li><li>\ud788\ud130 ;<\/li><li>\ud65c\uae30\ucc2c.<\/li><\/ul>\n\n\n\n<p>Gr\u00e2ce \u00e0 sa texture, vous aurez l\u2019impression d\u2019\u00eatre en plein \u00e9bats sexuel. Les gaines manuelles co\u00fbtent moins ch\u00e8res que celles automatiques. Celles automatiques vous emportent au septi\u00e8me si\u00e8cle.<\/p>\n\n\n\n<figure class=\"wp-block-image\"><img decoding=\"async\" src=\"https:\/\/lh4.googleusercontent.com\/yYnDE_BkrsudZm358Uwv-UKkKixdmRUvC_JHf7PGAcw0HVRaUkIj1wxwDeGkQrME3n0bzduaE_JcQ8oQDBQmTBzuws5_hgZ9x1se8u9q0mr_jp2h20PADMFIUuNmXqEXj8uPu-BP\" alt=\"\"\/><\/figure>\n\n\n\n<h3 class=\"wp-block-heading\"><span class=\"ez-toc-section\" id=\"Le_masturbateur_play_Tr_myhixel\"><\/span>\uc5f0\uadf9 \ud2b8\u3139 \ub9c8\uc774\ud789\uc140 \uc790\uc704&nbsp;<span class=\"ez-toc-section-end\"><\/span><\/h3>\n\n\n\n<p>Ce sextoy peut \u00eatre utilis\u00e9 seul ou \u00e0 deux. Il permet de retenir l&rsquo;\u00e9jaculation le plus longtemps possible. Gr\u00e2ce \u00e0 sa fonction chauffante, il procure une sensation de douceur et de plaisir. Il est dot\u00e9 d\u2019une batterie rechargeable gr\u00e2ce \u00e0 un fil USB.&nbsp;<\/p>","protected":false},"excerpt":{"rendered":"<p>A L\u2019instar des vibromasseurs pour femmes, les vibromasseurs pour hommes rec\u00e8lent \u00e9galement des sp\u00e9cificit\u00e9s qui conditionnent le choix de tout acheteur. Si vous d\u00e9sirez acqu\u00e9rir votre premier vibromasseur, vous devez tenir compte de certains \u00e9l\u00e9ments.Il s\u2019agit entre autres des sensations recherch\u00e9es, de votre exp\u00e9rience ou encore du design de l\u2019objet. Les crit\u00e8res de choix d\u2019un [&hellip;]<\/p>\n","protected":false},"author":1,"featured_media":0,"parent":0,"menu_order":0,"comment_status":"closed","ping_status":"closed","template":"","meta":{"_acf_changed":false,"_seopress_robots_primary_cat":"","_seopress_titles_title":"","_seopress_titles_desc":"","_seopress_robots_index":"","_uag_custom_page_level_css":"","site-sidebar-layout":"default","site-content-layout":"","ast-site-content-layout":"default","site-content-style":"default","site-sidebar-style":"default","ast-global-header-display":"","ast-banner-title-visibility":"","ast-main-header-display":"","ast-hfb-above-header-display":"","ast-hfb-below-header-display":"","ast-hfb-mobile-header-display":"","site-post-title":"","ast-breadcrumbs-content":"","ast-featured-img":"","footer-sml-layout":"","theme-transparent-header-meta":"","adv-header-id-meta":"","stick-header-meta":"","header-above-stick-meta":"","header-main-stick-meta":"","header-below-stick-meta":"","astra-migrate-meta-layouts":"default","ast-page-background-enabled":"default","ast-page-background-meta":{"desktop":{"background-color":"var(--ast-global-color-4)","background-image":"","background-repeat":"repeat","background-position":"center center","background-size":"auto","background-attachment":"scroll","background-type":"","background-media":"","overlay-type":"","overlay-color":"","overlay-opacity":"","overlay-gradient":""},"tablet":{"background-color":"","background-image":"","background-repeat":"repeat","background-position":"center center","background-size":"auto","background-attachment":"scroll","background-type":"","background-media":"","overlay-type":"","overlay-color":"","overlay-opacity":"","overlay-gradient":""},"mobile":{"background-color":"","background-image":"","background-repeat":"repeat","background-position":"center center","background-size":"auto","background-attachment":"scroll","background-type":"","background-media":"","overlay-type":"","overlay-color":"","overlay-opacity":"","overlay-gradient":""}},"ast-content-background-meta":{"desktop":{"background-color":"var(--ast-global-color-5)","background-image":"","background-repeat":"repeat","background-position":"center center","background-size":"auto","background-attachment":"scroll","background-type":"","background-media":"","overlay-type":"","overlay-color":"","overlay-opacity":"","overlay-gradient":""},"tablet":{"background-color":"var(--ast-global-color-5)","background-image":"","background-repeat":"repeat","background-position":"center center","background-size":"auto","background-attachment":"scroll","background-type":"","background-media":"","overlay-type":"","overlay-color":"","overlay-opacity":"","overlay-gradient":""},"mobile":{"background-color":"var(--ast-global-color-5)","background-image":"","background-repeat":"repeat","background-position":"center center","background-size":"auto","background-attachment":"scroll","background-type":"","background-media":"","overlay-type":"","overlay-color":"","overlay-opacity":"","overlay-gradient":""}},"footnotes":""},"class_list":["post-843","page","type-page","status-publish","hentry"],"acf":[],"uagb_featured_image_src":{"full":false,"thumbnail":false,"medium":false,"medium_large":false,"large":false,"1536x1536":false,"2048x2048":false,"trp-custom-language-flag":false,"ultp_layout_landscape_large":false,"ultp_layout_landscape":false,"ultp_layout_portrait":false,"ultp_layout_square":false},"uagb_author_info":{"display_name":"brigitte","author_link":"https:\/\/god-vibro.com\/ko\/author\/brigitte"},"uagb_comment_info":0,"uagb_excerpt":"A L\u2019instar des vibromasseurs pour femmes, les vibromasseurs pour hommes rec\u00e8lent \u00e9galement des sp\u00e9cificit\u00e9s qui conditionnent le choix de tout acheteur. Si vous d\u00e9sirez acqu\u00e9rir votre premier vibromasseur, vous devez tenir compte de certains \u00e9l\u00e9ments.Il s\u2019agit entre autres des sensations recherch\u00e9es, de votre exp\u00e9rience ou encore du design de l\u2019objet. Les crit\u00e8res de choix d\u2019un&hellip;","_links":{"self":[{"href":"https:\/\/god-vibro.com\/ko\/wp-json\/wp\/v2\/pages\/843","targetHints":{"allow":["GET"]}}],"collection":[{"href":"https:\/\/god-vibro.com\/ko\/wp-json\/wp\/v2\/pages"}],"about":[{"href":"https:\/\/god-vibro.com\/ko\/wp-json\/wp\/v2\/types\/page"}],"author":[{"embeddable":true,"href":"https:\/\/god-vibro.com\/ko\/wp-json\/wp\/v2\/users\/1"}],"replies":[{"embeddable":true,"href":"https:\/\/god-vibro.com\/ko\/wp-json\/wp\/v2\/comments?post=843"}],"version-history":[{"count":0,"href":"https:\/\/god-vibro.com\/ko\/wp-json\/wp\/v2\/pages\/843\/revisions"}],"wp:attachment":[{"href":"https:\/\/god-vibro.com\/ko\/wp-json\/wp\/v2\/media?parent=843"}],"curies":[{"name":"wp","href":"https:\/\/api.w.org\/{rel}","templated":true}]}}