{"id":805,"date":"2021-12-07T16:33:10","date_gmt":"2021-12-07T16:33:10","guid":{"rendered":"https:\/\/god-vibro.com\/?page_id=805"},"modified":"2021-12-08T01:50:43","modified_gmt":"2021-12-08T01:50:43","slug":"code-promotion-lelo","status":"publish","type":"page","link":"https:\/\/god-vibro.com\/ko\/%ec%bd%94%eb%93%9c-%ed%94%84%eb%a1%9c%eb%aa%a8%ec%85%98-%eb%a6%b4%eb%a1%9c.html","title":{"rendered":"Lelo \ud504\ub85c\ubaa8\uc158 \ucf54\ub4dc: \ucd5c\uace0\uc758 \ud61c\ud0dd\uc774 \uc5ec\uae30 \uc788\uc2b5\ub2c8\ub2e4."},"content":{"rendered":"<p>\uc6b0\ub9ac\ub294 \ubaa8\ub450 \uc720\uba85\ud55c \ube0c\ub79c\ub4dc\uc778 Lelo\ub97c \uc798 \uc54c\uace0 \uc788\uc2b5\ub2c8\ub2e4. <strong>\uc139\uc2a4\ud1a0\uc774<\/strong> \ub294 \ub0a8\uc131, \uc5ec\uc131, \ucee4\ud50c\uc744 \uc704\ud55c \ub2e4\uc591\ud55c \uc81c\ud488\uc744 \uc81c\uacf5\ud569\ub2c8\ub2e4. \uc81c \u00ab\ubc14\uc774\ube0c\ub85c \ub4dc\ub808\uc2f1'\uc744 \uc644\uc131\ud558\uae30 \uc704\ud574 \uc0c8\ub86d\uac8c \ubc1c\uacac\ud558\uae30 \uc2dc\uc791\ud55c \ube0c\ub79c\ub4dc\uc785\ub2c8\ub2e4. \uc800\ub294 \ud3f4\uc5d0\uac8c \ub450 \ubc88\uc9f8 \uc804\ub9bd\uc120 \ub9c8\uc0ac\uc9c0\uae30\uc778 \ub0a8\uc131\uc6a9 \uc7a5\ub09c\uac10 \uc744 \uc120\ubb3c\ud588\uc2b5\ub2c8\ub2e4: <strong><a href=\"https:\/\/god-vibro.com\/lelo-hugo.html\" data-type=\"post\" data-id=\"643\">Lelo Hugo<\/a><\/strong>. <\/p>\n\n\n\n<p>\ub2e4\uc74c \uc0ac\uc774\ud2b8\uc5d0\uc11c \ud504\ub85c\ubaa8\uc158 \ucf54\ub4dc\ub97c \uc0ac\uc6a9\ud560 \uc218 \uc788\uc5c8\uc2b5\ub2c8\ub2e4. <strong>\ub7ec\ube0c\ud5c8\ub2c8<\/strong> \ub97c \ud074\ub9ad\ud574 \ud3f4\uc744 \uc704\ud55c \uc120\ubb3c\uc744 \uad6c\uc785\ud558\uc138\uc694. \ub7ec\ube0c\ud5c8\ub2c8\uc5d0\uc11c \uad6c\ub9e4\ud560 \ub54c\uc758 \uc7a5\uc810\uc740 \ub2e4\uc591\ud55c \uc57c\ud55c \ube0c\ub79c\ub4dc\ub97c \uc120\ud0dd\ud560 \uc218 \uc788\ub2e4\ub294 \uac83\uc785\ub2c8\ub2e4. \ub780\uc81c\ub9ac, \uc7a5\ub09c\uac10, \ubcf8\ub514\uc9c0... \uc790\uc2e0\uc774\ub098 \ud30c\ud2b8\ub108\ub97c \ub9cc\uc871\uc2dc\ud0ac \uc218 \uc788\ub294 \uc218\uc2ed \uac00\uc9c0\uc758 \uc120\ud0dd\uc9c0\uac00 \uc788\uc2b5\ub2c8\ub2e4.<\/p>\n\n\n\n<div class=\"wp-block-image\"><figure class=\"aligncenter size-large\"><img fetchpriority=\"high\" decoding=\"async\" width=\"1024\" height=\"292\" src=\"https:\/\/god-vibro.com\/wp-content\/uploads\/2021\/12\/lovehoney-reduction-etudiante-1024x292.png\" alt=\"\" class=\"wp-image-812\" srcset=\"https:\/\/god-vibro.com\/wp-content\/uploads\/2021\/12\/lovehoney-reduction-etudiante-1024x292.png 1024w, https:\/\/god-vibro.com\/wp-content\/uploads\/2021\/12\/lovehoney-reduction-etudiante-600x171.png 600w, https:\/\/god-vibro.com\/wp-content\/uploads\/2021\/12\/lovehoney-reduction-etudiante-300x86.png 300w, https:\/\/god-vibro.com\/wp-content\/uploads\/2021\/12\/lovehoney-reduction-etudiante-768x219.png 768w, https:\/\/god-vibro.com\/wp-content\/uploads\/2021\/12\/lovehoney-reduction-etudiante.png 1502w\" sizes=\"(max-width: 1024px) 100vw, 1024px\" \/><figcaption>\uc720\ub2c8\ub370\uc774 \uc5f0\uacb0 \ub355\ubd84\uc5d0 Lelo \uc544\uc774\ud15c\uc5d0\uc11c 20%\ub97c \uc27d\uac8c \ud560\uc778\ubc1b\uc744 \uc218 \uc788\uc2b5\ub2c8\ub2e4(<a href=\"https:\/\/god-vibro.com\/lovense-60-de-reduction-pour-les-etudiants.html\">\ud559\uc0dd\uc774\uc5b4\uc57c \ud569\ub2c8\ub2e4.<\/a> \ub97c \ud074\ub9ad\ud574 \uc774 \ud61c\ud0dd\uc744 \uc774\uc6a9\ud558\uc138\uc694)<\/em><\/figcaption><\/figure><\/div>\n\n\n\n<h2 class=\"wp-block-heading\">Lelo\uc5d0 \uac00\uc7a5 \uc801\ud569\ud55c \uc0c1\ud488\uc744 \uc5b4\ub5bb\uac8c \ucc3e\uc744 \uc218 \uc788\ub098\uc694?<\/h2>\n\n\n\n<p>\ucd5c\uace0\uc758 \uac70\ub798\ub97c \ucc3e\uae30 \uc704\ud574 \uacf5\uc2dd Lelo \uc6f9\uc0ac\uc774\ud2b8\ub85c \uc774\ub3d9\ud560 \ud544\uc694\uac00 \uc5c6\uc2b5\ub2c8\ub2e4, <strong>\ub7ec\ube0c\ud5c8\ub2c8<\/strong> \ub294 \ubaa8\ub4e0 \uc885\ub958\uc758 \uae30\ub150\uc77c\uc744 \uc704\ud55c \ud504\ub85c\ubaa8\uc158\uc744 \uc81c\uacf5\ud569\ub2c8\ub2e4. \ud06c\ub9ac\uc2a4\ub9c8\uc2a4, \ubc1c\ub80c\ud0c0\uc778\ub370\uc774, \uc720\uba85\ud55c \ube14\ub799 \ud504\ub77c\uc774\ub370\uc774...<\/p>\n\n\n\n<p>\uc7a5\ub09c\uac10(100\uc720\ub85c \uc774\uc0c1) \uad6c\ub9e4 \uc2dc \uc6b0\ud3b8 \uc694\uae08 \ubc0f \ud3ec\uc7a5\ub3c4 \uc81c\uacf5\ub429\ub2c8\ub2e4. <\/p>\n\n\n\n<h2 class=\"wp-block-heading\">15%, \ub85c\ubca4\uc2a4, \uc5d8\ub85c, \uc6b0\uba3c\ub77c\uc774\uc800 \uc644\uad6c <\/h2>\n\n\n\n<p>15%\ub97c \uc27d\uac8c \ubc1b\uc73c\ub824\uba74 \ub7ec\ube0c\ud5c8\ub2c8 \ub274\uc2a4\ub808\ud130\uc5d0 \uac00\uc785\ud558\uace0 \ub2e4\uc74c\uc5d0 \uc8fc\ubb38\ud560 \ub54c 15%\ub97c \ubc1b\uae30\ub9cc \ud558\uba74 \ub429\ub2c8\ub2e4. \uc0dd\uac01\ud574\ubcf4\ub2c8 \uc81c\ud488\uc744 \uad6c\ub9e4\ud558\uace0 \ud14c\uc2a4\ud2b8\ud574\ubcf4\uace0 \uc2f6\ub2e4\ub294 \uc0dd\uac01\uc774 \ub4e4\uc5c8\uc2b5\ub2c8\ub2e4. <strong>\uc18d\ubc15<\/strong> \ud83d\ude1c \ud83d\ude4a<br>\uc774 \uad00\ud589\uc5d0 \ub300\ud574 \uc798 \ubaa8\ub974\uc9c0\ub9cc \uc54c\uc544\ubcf4\uace0 \uc2f6\uc5b4\uc694.... \uc774\uac83\uc774 \uac13\ubc14\uc774\ube0c\ub85c \ube14\ub85c\uadf8\uc5d0\uc11c \uc54c\ub824\ub4dc\ub9ac\uace0 \uc2f6\uc740 \ub0b4\uc6a9\uc778\uac00\uc694? \ub313\uae00\ub85c \uc54c\ub824\uc8fc\uc138\uc694.<\/p>\n\n\n\n<p><\/p>","protected":false},"excerpt":{"rendered":"<p>On connait bien Lelo, cette c\u00e9l\u00e9bre marque de sextoy offre une large gamme pour homme, femme et couple. C&rsquo;est une marque que je commence \u00e0 d\u00e9couvrir pour compl\u00e9ter mon \u00abvibro-dressing\u00bb. J&rsquo;ai offert \u00e0 Paul son second masseur prostatique, ce jouet pour Homme qui se pr\u00e9nomme : Lelo Hugo. J&rsquo;ai pu profiter d&rsquo;un code promo chez [&hellip;]<\/p>\n","protected":false},"author":1,"featured_media":0,"parent":0,"menu_order":0,"comment_status":"closed","ping_status":"closed","template":"","meta":{"_acf_changed":false,"_seopress_robots_primary_cat":"","_seopress_titles_title":"","_seopress_titles_desc":"","_seopress_robots_index":"","_uag_custom_page_level_css":"","site-sidebar-layout":"default","site-content-layout":"","ast-site-content-layout":"default","site-content-style":"default","site-sidebar-style":"default","ast-global-header-display":"","ast-banner-title-visibility":"","ast-main-header-display":"","ast-hfb-above-header-display":"","ast-hfb-below-header-display":"","ast-hfb-mobile-header-display":"","site-post-title":"","ast-breadcrumbs-content":"","ast-featured-img":"","footer-sml-layout":"","theme-transparent-header-meta":"","adv-header-id-meta":"","stick-header-meta":"","header-above-stick-meta":"","header-main-stick-meta":"","header-below-stick-meta":"","astra-migrate-meta-layouts":"default","ast-page-background-enabled":"default","ast-page-background-meta":{"desktop":{"background-color":"var(--ast-global-color-4)","background-image":"","background-repeat":"repeat","background-position":"center center","background-size":"auto","background-attachment":"scroll","background-type":"","background-media":"","overlay-type":"","overlay-color":"","overlay-opacity":"","overlay-gradient":""},"tablet":{"background-color":"","background-image":"","background-repeat":"repeat","background-position":"center center","background-size":"auto","background-attachment":"scroll","background-type":"","background-media":"","overlay-type":"","overlay-color":"","overlay-opacity":"","overlay-gradient":""},"mobile":{"background-color":"","background-image":"","background-repeat":"repeat","background-position":"center center","background-size":"auto","background-attachment":"scroll","background-type":"","background-media":"","overlay-type":"","overlay-color":"","overlay-opacity":"","overlay-gradient":""}},"ast-content-background-meta":{"desktop":{"background-color":"var(--ast-global-color-5)","background-image":"","background-repeat":"repeat","background-position":"center center","background-size":"auto","background-attachment":"scroll","background-type":"","background-media":"","overlay-type":"","overlay-color":"","overlay-opacity":"","overlay-gradient":""},"tablet":{"background-color":"var(--ast-global-color-5)","background-image":"","background-repeat":"repeat","background-position":"center center","background-size":"auto","background-attachment":"scroll","background-type":"","background-media":"","overlay-type":"","overlay-color":"","overlay-opacity":"","overlay-gradient":""},"mobile":{"background-color":"var(--ast-global-color-5)","background-image":"","background-repeat":"repeat","background-position":"center center","background-size":"auto","background-attachment":"scroll","background-type":"","background-media":"","overlay-type":"","overlay-color":"","overlay-opacity":"","overlay-gradient":""}},"footnotes":""},"class_list":["post-805","page","type-page","status-publish","hentry"],"acf":[],"uagb_featured_image_src":{"full":false,"thumbnail":false,"medium":false,"medium_large":false,"large":false,"1536x1536":false,"2048x2048":false,"trp-custom-language-flag":false,"ultp_layout_landscape_large":false,"ultp_layout_landscape":false,"ultp_layout_portrait":false,"ultp_layout_square":false},"uagb_author_info":{"display_name":"brigitte","author_link":"https:\/\/god-vibro.com\/ko\/author\/brigitte"},"uagb_comment_info":0,"uagb_excerpt":"On connait bien Lelo, cette c\u00e9l\u00e9bre marque de sextoy offre une large gamme pour homme, femme et couple. C&rsquo;est une marque que je commence \u00e0 d\u00e9couvrir pour compl\u00e9ter mon \u00abvibro-dressing\u00bb. J&rsquo;ai offert \u00e0 Paul son second masseur prostatique, ce jouet pour Homme qui se pr\u00e9nomme : Lelo Hugo. J&rsquo;ai pu profiter d&rsquo;un code promo chez&hellip;","_links":{"self":[{"href":"https:\/\/god-vibro.com\/ko\/wp-json\/wp\/v2\/pages\/805","targetHints":{"allow":["GET"]}}],"collection":[{"href":"https:\/\/god-vibro.com\/ko\/wp-json\/wp\/v2\/pages"}],"about":[{"href":"https:\/\/god-vibro.com\/ko\/wp-json\/wp\/v2\/types\/page"}],"author":[{"embeddable":true,"href":"https:\/\/god-vibro.com\/ko\/wp-json\/wp\/v2\/users\/1"}],"replies":[{"embeddable":true,"href":"https:\/\/god-vibro.com\/ko\/wp-json\/wp\/v2\/comments?post=805"}],"version-history":[{"count":1,"href":"https:\/\/god-vibro.com\/ko\/wp-json\/wp\/v2\/pages\/805\/revisions"}],"predecessor-version":[{"id":1876,"href":"https:\/\/god-vibro.com\/ko\/wp-json\/wp\/v2\/pages\/805\/revisions\/1876"}],"wp:attachment":[{"href":"https:\/\/god-vibro.com\/ko\/wp-json\/wp\/v2\/media?parent=805"}],"curies":[{"name":"wp","href":"https:\/\/api.w.org\/{rel}","templated":true}]}}