{"id":839,"date":"2021-12-08T00:40:49","date_gmt":"2021-12-08T00:40:49","guid":{"rendered":"https:\/\/god-vibro.com\/?page_id=839"},"modified":"2022-01-19T18:43:28","modified_gmt":"2022-01-19T18:43:28","slug":"promotions-guides-et-astuces-pour-bien-choisir-votre-jouet","status":"publish","type":"page","link":"https:\/\/god-vibro.com\/ja\/%e7%8e%a9%e5%85%b7%e9%81%b8%e3%81%b3%e3%81%ae%e3%82%ac%e3%82%a4%e3%83%89%e3%81%a8%e3%82%b3%e3%83%84.html","title":{"rendered":"\u30d7\u30ed\u30e2\u30fc\u30b7\u30e7\u30f3\u3001\u30ac\u30a4\u30c9\u3001\u304a\u3082\u3061\u3083\u9078\u3073\u306e\u30d2\u30f3\u30c8"},"content":{"rendered":"<p>\u3059\u3079\u3066\u306e\u60c5\u5831\u30da\u30fc\u30b8\u3001\u30ac\u30a4\u30c9\u3001\u7279\u306b\u30d9\u30b9\u30c8\u30fb\u30aa\u30d5\u30a1\u30fc\u306e\u898b\u3064\u3051\u65b9\u306f\u3053\u3061\u3089\u3067\u3054\u89a7\u3044\u305f\u3060\u3051\u307e\u3059\u3002 <strong>\u30ed\u30fc\u30d6\u30f3\u30b9<\/strong>, <strong>\u30ec\u30ed<\/strong>, <strong>\u30e9\u30d6\u30cf\u30cb\u30fc<\/strong> \u3092\u8cfc\u5165\u3059\u308b\u3068\u3001\u30d9\u30b9\u30c8\u30d7\u30e9\u30a4\u30b9\u3067\u30bb\u30c3\u30af\u30b9\u30c8\u30fc\u30a4\u3092\u8cfc\u5165\u3059\u308b\u3053\u3068\u304c\u3067\u304d\u307e\u3059\u3002<\/p>\n\n\n\n<div class=\"wp-block-image\"><figure class=\"aligncenter size-full is-resized\"><img fetchpriority=\"high\" decoding=\"async\" src=\"https:\/\/god-vibro.com\/wp-content\/uploads\/2021\/11\/offres-promo-lovense.png\" alt=\"\" class=\"wp-image-434\" width=\"465\" height=\"184\" srcset=\"https:\/\/god-vibro.com\/wp-content\/uploads\/2021\/11\/offres-promo-lovense.png 804w, https:\/\/god-vibro.com\/wp-content\/uploads\/2021\/11\/offres-promo-lovense-600x237.png 600w, https:\/\/god-vibro.com\/wp-content\/uploads\/2021\/11\/offres-promo-lovense-300x119.png 300w, https:\/\/god-vibro.com\/wp-content\/uploads\/2021\/11\/offres-promo-lovense-768x304.png 768w\" sizes=\"(max-width: 465px) 100vw, 465px\" \/><\/figure><\/div>\n\n\n\n<div id=\"ez-toc-container\" class=\"ez-toc-v2_0_82_2 counter-hierarchy ez-toc-counter ez-toc-custom ez-toc-container-direction\">\n<div class=\"ez-toc-title-container\">\n<p class=\"ez-toc-title\" style=\"cursor:inherit\">\u76ee\u6b21 <\/p>\n<span class=\"ez-toc-title-toggle\"><a href=\"#\" class=\"ez-toc-pull-right ez-toc-btn ez-toc-btn-xs ez-toc-btn-default ez-toc-toggle\" aria-label=\"\u30c8\u30b0\u30eb\u30fb\u30c6\u30fc\u30d6\u30eb\u30fb\u30aa\u30d6\u30fb\u30b3\u30f3\u30c6\u30f3\u30c4\"><span class=\"ez-toc-js-icon-con\"><span class=\"\"><span class=\"eztoc-hide\" style=\"display:none;\">\u30c8\u30b0\u30eb<\/span><span class=\"ez-toc-icon-toggle-span\"><svg style=\"fill: #999;color:#999\" xmlns=\"http:\/\/www.w3.org\/2000\/svg\" class=\"list-377408\" width=\"20px\" height=\"20px\" viewbox=\"0 0 24 24\" fill=\"none\"><path d=\"M6 6H4v2h2V6zm14 0H8v2h12V6zM4 11h2v2H4v-2zm16 0H8v2h12v-2zM4 16h2v2H4v-2zm16 0H8v2h12v-2z\" fill=\"currentColor\"><\/path><\/svg><svg style=\"fill: #999;color:#999\" class=\"arrow-unsorted-368013\" xmlns=\"http:\/\/www.w3.org\/2000\/svg\" width=\"10px\" height=\"10px\" viewbox=\"0 0 24 24\" version=\"1.2\" baseprofile=\"tiny\"><path d=\"M18.2 9.3l-6.2-6.3-6.2 6.3c-.2.2-.3.4-.3.7s.1.5.3.7c.2.2.4.3.7.3h11c.3 0 .5-.1.7-.3.2-.2.3-.5.3-.7s-.1-.5-.3-.7zM5.8 14.7l6.2 6.3 6.2-6.3c.2-.2.3-.5.3-.7s-.1-.5-.3-.7c-.2-.2-.4-.3-.7-.3h-11c-.3 0-.5.1-.7.3-.2.2-.3.5-.3.7s.1.5.3.7z\"\/><\/svg><\/span><\/span><\/span><\/a><\/span><\/div>\n<nav><ul class='ez-toc-list ez-toc-list-level-1 eztoc-toggle-hide-by-default' ><li class='ez-toc-page-1 ez-toc-heading-level-2'><a class=\"ez-toc-link ez-toc-heading-1\" href=\"https:\/\/god-vibro.com\/ja\/%e7%8e%a9%e5%85%b7%e9%81%b8%e3%81%b3%e3%81%ae%e3%82%ac%e3%82%a4%e3%83%89%e3%81%a8%e3%82%b3%e3%83%84.html\/#Les_codes_promotions\" >\u30d7\u30ed\u30e2\u30fc\u30b7\u30e7\u30f3\u30b3\u30fc\u30c9<\/a><\/li><li class='ez-toc-page-1 ez-toc-heading-level-2'><a class=\"ez-toc-link ez-toc-heading-2\" href=\"https:\/\/god-vibro.com\/ja\/%e7%8e%a9%e5%85%b7%e9%81%b8%e3%81%b3%e3%81%ae%e3%82%ac%e3%82%a4%e3%83%89%e3%81%a8%e3%82%b3%e3%83%84.html\/#Les_guides_pour_bien_choisir_son_jouet\" >\u304a\u3082\u3061\u3083\u306e\u9078\u3073\u65b9\u30ac\u30a4\u30c9<\/a><ul class='ez-toc-list-level-3' ><li class='ez-toc-heading-level-3'><a class=\"ez-toc-link ez-toc-heading-3\" href=\"https:\/\/god-vibro.com\/ja\/%e7%8e%a9%e5%85%b7%e9%81%b8%e3%81%b3%e3%81%ae%e3%82%ac%e3%82%a4%e3%83%89%e3%81%a8%e3%82%b3%e3%83%84.html\/#Choisir_votre_sextoy_pour_homme_ou_femme\" >\u7537\u6027\u7528\u3001\u5973\u6027\u7528\u306e\u30bb\u30af\u30b9\u30c8\u30a4\u3092\u304a\u9078\u3073\u304f\u3060\u3055\u3044<\/a><\/li><\/ul><\/li><li class='ez-toc-page-1 ez-toc-heading-level-2'><a class=\"ez-toc-link ez-toc-heading-4\" href=\"https:\/\/god-vibro.com\/ja\/%e7%8e%a9%e5%85%b7%e9%81%b8%e3%81%b3%e3%81%ae%e3%82%ac%e3%82%a4%e3%83%89%e3%81%a8%e3%82%b3%e3%83%84.html\/#La_connexion_a_distance\" >\u30ea\u30e2\u30fc\u30c8\u63a5\u7d9a\u306e\u69d8\u5b50<\/a><\/li><\/ul><\/nav><\/div>\n<h2 class=\"wp-block-heading\"><span class=\"ez-toc-section\" id=\"Les_codes_promotions\"><\/span>\u30d7\u30ed\u30e2\u30fc\u30b7\u30e7\u30f3\u30b3\u30fc\u30c9<span class=\"ez-toc-section-end\"><\/span><\/h2>\n\n\n\n<p>J&rsquo;ai \u00e9crit 2 pages pour comprendre comment fonctionnent les promos et les offres faites par Lovense et Lelo par le biais de la boutique Lovehoney.<\/p>\n\n\n\n<div class=\"wp-block-columns is-layout-flex wp-container-core-columns-is-layout-28f84493 wp-block-columns-is-layout-flex\">\n<div class=\"wp-block-column is-layout-flow wp-block-column-is-layout-flow\">\n<div class=\"wp-block-buttons is-layout-flex wp-block-buttons-is-layout-flex\">\n<div class=\"wp-block-button has-custom-width wp-block-button__width-100\"><a class=\"wp-block-button__link\" href=\"https:\/\/god-vibro.com\/lovense-code-promo.html\">\u30d7\u30ed\u30e2\u30b3\u30fc\u30c9 Lovense<\/a><\/div>\n<\/div>\n<\/div>\n\n\n\n<div class=\"wp-block-column is-layout-flow wp-block-column-is-layout-flow\">\n<div class=\"wp-block-buttons is-layout-flex wp-block-buttons-is-layout-flex\">\n<div class=\"wp-block-button has-custom-width wp-block-button__width-100\"><a class=\"wp-block-button__link\" href=\"https:\/\/god-vibro.com\/code-promotion-lelo.html\">Lelo \u30d7\u30ed\u30e2\u30b3\u30fc\u30c9<\/a><\/div>\n<\/div>\n<\/div>\n<\/div>\n\n\n\n<h2 class=\"wp-block-heading\"><span class=\"ez-toc-section\" id=\"Les_guides_pour_bien_choisir_son_jouet\"><\/span>\u304a\u3082\u3061\u3083\u306e\u9078\u3073\u65b9\u30ac\u30a4\u30c9<span class=\"ez-toc-section-end\"><\/span><\/h2>\n\n\n\n<p>Je vais aussi r\u00e9diger le plus possible des guides pour vous accompagner \u00e0 choisir le meilleur sextoy. Paul lui va essayer d&rsquo;\u00e9crire les guides pour les hommes (enfin c&rsquo;est souvent moi qui les \u00e9crits pendant qu&rsquo;il me parle ^^<\/p>\n\n\n\n<h3 class=\"wp-block-heading\"><span class=\"ez-toc-section\" id=\"Choisir_votre_sextoy_pour_homme_ou_femme\"><\/span>\u7537\u6027\u7528\u3001\u5973\u6027\u7528\u306e\u30bb\u30af\u30b9\u30c8\u30a4\u3092\u304a\u9078\u3073\u304f\u3060\u3055\u3044<span class=\"ez-toc-section-end\"><\/span><\/h3>\n\n\n\n<div class=\"wp-block-columns is-layout-flex wp-container-core-columns-is-layout-28f84493 wp-block-columns-is-layout-flex\">\n<div class=\"wp-block-column is-layout-flow wp-block-column-is-layout-flow\">\n<div class=\"wp-block-buttons is-layout-flex wp-block-buttons-is-layout-flex\">\n<div class=\"wp-block-button has-custom-width wp-block-button__width-100\"><a class=\"wp-block-button__link\" href=\"https:\/\/god-vibro.com\/comment-choisir-son-premier-vibromasseur-pour-femme.html\">\u5973\u6027\u7528\u30bb\u30af\u30b9\u30a3\u30fc<\/a><\/div>\n<\/div>\n<\/div>\n\n\n\n<div class=\"wp-block-column is-layout-flow wp-block-column-is-layout-flow\">\n<div class=\"wp-block-buttons is-layout-flex wp-block-buttons-is-layout-flex\">\n<div class=\"wp-block-button has-custom-width wp-block-button__width-100\"><a class=\"wp-block-button__link\" href=\"https:\/\/god-vibro.com\/choisir-son-premier-sextoy-homme.html\">\u7537\u6027\u7528\u30bb\u30af\u30b9\u30a3\u30fc<\/a><\/div>\n<\/div>\n<\/div>\n<\/div>\n\n\n\n<div class=\"wp-block-columns is-layout-flex wp-container-core-columns-is-layout-28f84493 wp-block-columns-is-layout-flex\">\n<div class=\"wp-block-column is-layout-flow wp-block-column-is-layout-flow\">\n<div class=\"wp-block-buttons is-layout-flex wp-block-buttons-is-layout-flex\">\n<div class=\"wp-block-button has-custom-width wp-block-button__width-100\"><a class=\"wp-block-button__link\" href=\"https:\/\/god-vibro.com\/faut-il-acheter-une-copie-dun-sextoy-avis-copie-lush-3.html\">\u8cfc\u5165\u6642\u306e\u30a2\u30c9\u30d0\u30a4\u30b9<\/a><\/div>\n<\/div>\n<\/div>\n\n\n\n<div class=\"wp-block-column is-layout-flow wp-block-column-is-layout-flow\">\n<div class=\"wp-block-buttons is-layout-flex wp-block-buttons-is-layout-flex\">\n<div class=\"wp-block-button has-custom-width wp-block-button__width-100\"><a class=\"wp-block-button__link\" href=\"https:\/\/god-vibro.com\/7-sextoys-lovense.html\">Lovense\uff1a\u4eba\u6c17\u306e\u30bb\u30c3\u30af\u30b9\u30b0\u30c3\u30ba7\u9078<\/a><\/div>\n<\/div>\n<\/div>\n<\/div>\n\n\n\n<div class=\"wp-block-columns is-layout-flex wp-container-core-columns-is-layout-28f84493 wp-block-columns-is-layout-flex\">\n<div class=\"wp-block-column is-layout-flow wp-block-column-is-layout-flow\">\n<div class=\"wp-block-buttons is-layout-flex wp-block-buttons-is-layout-flex\">\n<div class=\"wp-block-button has-custom-width wp-block-button__width-100\"><a class=\"wp-block-button__link\" href=\"https:\/\/god-vibro.com\/sextoys-connectes-vibromasseur-bluetooth.html\">Sextoy connect\u00e9s<\/a><\/div>\n<\/div>\n<\/div>\n\n\n\n<div class=\"wp-block-column is-layout-flow wp-block-column-is-layout-flow\"><\/div>\n<\/div>\n\n\n\n<div class=\"wp-block-image\"><figure class=\"aligncenter size-full is-resized\"><img decoding=\"async\" src=\"https:\/\/god-vibro.com\/wp-content\/uploads\/2021\/11\/Examen-du-Lovense-Lush-2-ce-que-vous-devez-savoir.jpg\" alt=\"lovense lush\u306e\u4f7f\u7528\u65b9\u6cd5\" class=\"wp-image-359\" width=\"381\" height=\"286\" srcset=\"https:\/\/god-vibro.com\/wp-content\/uploads\/2021\/11\/Examen-du-Lovense-Lush-2-ce-que-vous-devez-savoir.jpg 750w, https:\/\/god-vibro.com\/wp-content\/uploads\/2021\/11\/Examen-du-Lovense-Lush-2-ce-que-vous-devez-savoir-600x450.jpg 600w, https:\/\/god-vibro.com\/wp-content\/uploads\/2021\/11\/Examen-du-Lovense-Lush-2-ce-que-vous-devez-savoir-300x225.jpg 300w\" sizes=\"(max-width: 381px) 100vw, 381px\" \/><\/figure><\/div>\n\n\n\n<h2 class=\"wp-block-heading\"><span class=\"ez-toc-section\" id=\"La_connexion_a_distance\"><\/span>\u30ea\u30e2\u30fc\u30c8\u63a5\u7d9a\u306e\u69d8\u5b50<span class=\"ez-toc-section-end\"><\/span><\/h2>\n\n\n\n<p>Une des principales innovations de ces derni\u00e8res ann\u00e9es dans le monde des sextoys, c&rsquo;est la possibilit\u00e9 de contr\u00f4ler les jouets \u00e0 distance et \u00e7a il faut se l&rsquo;avouer c&rsquo;est une vraie r\u00e9volution. Avec le covid, on s&rsquo;est retrouv\u00e9 s\u00e9par\u00e9 avec Paul&#8230; Il pouvait pas revenir au Qu\u00e9bec avec son permis de travail. Il s&rsquo;est command\u00e9 le Max 2 et moi j&rsquo;avais d\u00e9j\u00e0 le Lush 3. On a param\u00e9tr\u00e9 l&rsquo;application \u00ab<strong>Lovense Remote<\/strong>\u00bb sur nos smartphones (on a tous les deux des iPhones mais je sais de source sure que \u00e7a fonctionne tr\u00e9s bien sur Android) et c&rsquo;\u00e9tait parti ^^<\/p>\n\n\n\n<div class=\"wp-block-columns is-layout-flex wp-container-core-columns-is-layout-28f84493 wp-block-columns-is-layout-flex\">\n<div class=\"wp-block-column is-layout-flow wp-block-column-is-layout-flow\">\n<div class=\"wp-block-buttons is-layout-flex wp-block-buttons-is-layout-flex\">\n<div class=\"wp-block-button has-custom-width wp-block-button__width-100\"><a class=\"wp-block-button__link\" href=\"https:\/\/god-vibro.com\/application-lovense-remote-le-guide-ultime-dutilisation.html\">Lovense Remote\u30a2\u30d7\u30ea\u30b1\u30fc\u30b7\u30e7\u30f3<\/a><\/div>\n<\/div>\n<\/div>\n\n\n\n<div class=\"wp-block-column is-layout-flow wp-block-column-is-layout-flow\">\n<div class=\"wp-block-buttons is-layout-flex wp-block-buttons-is-layout-flex\">\n<div class=\"wp-block-button has-custom-width wp-block-button__width-100\"><a class=\"wp-block-button__link\" href=\"https:\/\/god-vibro.com\/lovense.html\">Connexion solo ou \u00e0 distance<\/a><\/div>\n<\/div>\n<\/div>\n<\/div>","protected":false},"excerpt":{"rendered":"<p>Vous pouvez retrouver toutes nos pages d&rsquo;informations, nos guides et surtout comment trouver les meilleurs offres Lovense, Lelo, Lovehoney pour acheter votre sextoy au meilleur prix. Les codes promotions J&rsquo;ai \u00e9crit 2 pages pour comprendre comment fonctionnent les promos et les offres faites par Lovense et Lelo par le biais de la boutique Lovehoney. Les [&hellip;]<\/p>\n","protected":false},"author":1,"featured_media":0,"parent":0,"menu_order":0,"comment_status":"closed","ping_status":"closed","template":"","meta":{"_acf_changed":false,"_seopress_robots_primary_cat":"","_seopress_titles_title":"","_seopress_titles_desc":"","_seopress_robots_index":"","_uag_custom_page_level_css":"","site-sidebar-layout":"default","site-content-layout":"","ast-site-content-layout":"default","site-content-style":"default","site-sidebar-style":"default","ast-global-header-display":"","ast-banner-title-visibility":"","ast-main-header-display":"","ast-hfb-above-header-display":"","ast-hfb-below-header-display":"","ast-hfb-mobile-header-display":"","site-post-title":"","ast-breadcrumbs-content":"","ast-featured-img":"","footer-sml-layout":"","theme-transparent-header-meta":"","adv-header-id-meta":"","stick-header-meta":"","header-above-stick-meta":"","header-main-stick-meta":"","header-below-stick-meta":"","astra-migrate-meta-layouts":"default","ast-page-background-enabled":"default","ast-page-background-meta":{"desktop":{"background-color":"var(--ast-global-color-4)","background-image":"","background-repeat":"repeat","background-position":"center center","background-size":"auto","background-attachment":"scroll","background-type":"","background-media":"","overlay-type":"","overlay-color":"","overlay-opacity":"","overlay-gradient":""},"tablet":{"background-color":"","background-image":"","background-repeat":"repeat","background-position":"center center","background-size":"auto","background-attachment":"scroll","background-type":"","background-media":"","overlay-type":"","overlay-color":"","overlay-opacity":"","overlay-gradient":""},"mobile":{"background-color":"","background-image":"","background-repeat":"repeat","background-position":"center center","background-size":"auto","background-attachment":"scroll","background-type":"","background-media":"","overlay-type":"","overlay-color":"","overlay-opacity":"","overlay-gradient":""}},"ast-content-background-meta":{"desktop":{"background-color":"var(--ast-global-color-5)","background-image":"","background-repeat":"repeat","background-position":"center center","background-size":"auto","background-attachment":"scroll","background-type":"","background-media":"","overlay-type":"","overlay-color":"","overlay-opacity":"","overlay-gradient":""},"tablet":{"background-color":"var(--ast-global-color-5)","background-image":"","background-repeat":"repeat","background-position":"center center","background-size":"auto","background-attachment":"scroll","background-type":"","background-media":"","overlay-type":"","overlay-color":"","overlay-opacity":"","overlay-gradient":""},"mobile":{"background-color":"var(--ast-global-color-5)","background-image":"","background-repeat":"repeat","background-position":"center center","background-size":"auto","background-attachment":"scroll","background-type":"","background-media":"","overlay-type":"","overlay-color":"","overlay-opacity":"","overlay-gradient":""}},"footnotes":""},"class_list":["post-839","page","type-page","status-publish","hentry"],"acf":[],"uagb_featured_image_src":{"full":false,"thumbnail":false,"medium":false,"medium_large":false,"large":false,"1536x1536":false,"2048x2048":false,"trp-custom-language-flag":false,"ultp_layout_landscape_large":false,"ultp_layout_landscape":false,"ultp_layout_portrait":false,"ultp_layout_square":false},"uagb_author_info":{"display_name":"brigitte","author_link":"https:\/\/god-vibro.com\/ja\/author\/brigitte"},"uagb_comment_info":0,"uagb_excerpt":"Vous pouvez retrouver toutes nos pages d&rsquo;informations, nos guides et surtout comment trouver les meilleurs offres Lovense, Lelo, Lovehoney pour acheter votre sextoy au meilleur prix. Les codes promotions J&rsquo;ai \u00e9crit 2 pages pour comprendre comment fonctionnent les promos et les offres faites par Lovense et Lelo par le biais de la boutique Lovehoney. Les&hellip;","_links":{"self":[{"href":"https:\/\/god-vibro.com\/ja\/wp-json\/wp\/v2\/pages\/839","targetHints":{"allow":["GET"]}}],"collection":[{"href":"https:\/\/god-vibro.com\/ja\/wp-json\/wp\/v2\/pages"}],"about":[{"href":"https:\/\/god-vibro.com\/ja\/wp-json\/wp\/v2\/types\/page"}],"author":[{"embeddable":true,"href":"https:\/\/god-vibro.com\/ja\/wp-json\/wp\/v2\/users\/1"}],"replies":[{"embeddable":true,"href":"https:\/\/god-vibro.com\/ja\/wp-json\/wp\/v2\/comments?post=839"}],"version-history":[{"count":1,"href":"https:\/\/god-vibro.com\/ja\/wp-json\/wp\/v2\/pages\/839\/revisions"}],"predecessor-version":[{"id":1188,"href":"https:\/\/god-vibro.com\/ja\/wp-json\/wp\/v2\/pages\/839\/revisions\/1188"}],"wp:attachment":[{"href":"https:\/\/god-vibro.com\/ja\/wp-json\/wp\/v2\/media?parent=839"}],"curies":[{"name":"wp","href":"https:\/\/api.w.org\/{rel}","templated":true}]}}