{"id":904,"date":"2022-01-05T11:26:48","date_gmt":"2022-01-05T11:26:48","guid":{"rendered":"https:\/\/god-vibro.com\/?page_id=904"},"modified":"2022-01-05T11:26:50","modified_gmt":"2022-01-05T11:26:50","slug":"les-meilleurs-vibromasseurs-a-la-distance","status":"publish","type":"page","link":"https:\/\/god-vibro.com\/it\/i-migliori-vibromassaggiatori-a-distanza.html","title":{"rendered":"I migliori vibratori a distanza"},"content":{"rendered":"<p>Il vibratore \u00e8 uno strumento molto diffuso nella ricerca del piacere. Con l'evoluzione della scienza, \u00e8 migliorata enormemente. Negli ultimi anni, questi piccoli sex toys possono essere utilizzati a distanza con una connessione Internet o Bluetooth e controllati dal partner anche dall'altra parte del mondo.<\/p>\n\n\n\n<div id=\"ez-toc-container\" class=\"ez-toc-v2_0_82_2 counter-hierarchy ez-toc-counter ez-toc-custom ez-toc-container-direction\">\n<div class=\"ez-toc-title-container\">\n<p class=\"ez-toc-title\" style=\"cursor:inherit\">Contenuti <\/p>\n<span class=\"ez-toc-title-toggle\"><a href=\"#\" class=\"ez-toc-pull-right ez-toc-btn ez-toc-btn-xs ez-toc-btn-default ez-toc-toggle\" aria-label=\"Allinea la tabella dei contenuti\"><span class=\"ez-toc-js-icon-con\"><span class=\"\"><span class=\"eztoc-hide\" style=\"display:none;\">Toggle<\/span><span class=\"ez-toc-icon-toggle-span\"><svg style=\"fill: #999;color:#999\" xmlns=\"http:\/\/www.w3.org\/2000\/svg\" class=\"list-377408\" width=\"20px\" height=\"20px\" viewbox=\"0 0 24 24\" fill=\"none\"><path d=\"M6 6H4v2h2V6zm14 0H8v2h12V6zM4 11h2v2H4v-2zm16 0H8v2h12v-2zM4 16h2v2H4v-2zm16 0H8v2h12v-2z\" fill=\"currentColor\"><\/path><\/svg><svg style=\"fill: #999;color:#999\" class=\"arrow-unsorted-368013\" xmlns=\"http:\/\/www.w3.org\/2000\/svg\" width=\"10px\" height=\"10px\" viewbox=\"0 0 24 24\" version=\"1.2\" baseprofile=\"tiny\"><path d=\"M18.2 9.3l-6.2-6.3-6.2 6.3c-.2.2-.3.4-.3.7s.1.5.3.7c.2.2.4.3.7.3h11c.3 0 .5-.1.7-.3.2-.2.3-.5.3-.7s-.1-.5-.3-.7zM5.8 14.7l6.2 6.3 6.2-6.3c.2-.2.3-.5.3-.7s-.1-.5-.3-.7c-.2-.2-.4-.3-.7-.3h-11c-.3 0-.5.1-.7.3-.2.2-.3.5-.3.7s.1.5.3.7z\"\/><\/svg><\/span><\/span><\/span><\/a><\/span><\/div>\n<nav><ul class='ez-toc-list ez-toc-list-level-1 eztoc-toggle-hide-by-default' ><li class='ez-toc-page-1 ez-toc-heading-level-2'><a class=\"ez-toc-link ez-toc-heading-1\" href=\"https:\/\/god-vibro.com\/it\/i-migliori-vibromassaggiatori-a-distanza.html\/#Max_et_Nora_de_Lovense\" >Max e Nora de Lovense<\/a><\/li><li class='ez-toc-page-1 ez-toc-heading-level-2'><a class=\"ez-toc-link ez-toc-heading-2\" href=\"https:\/\/god-vibro.com\/it\/i-migliori-vibromassaggiatori-a-distanza.html\/#Onyx_2_et_Pearl_2_de_Kiiroo\" >Onyx 2 e Pearl 2 di Kiiroo&nbsp;<\/a><\/li><li class='ez-toc-page-1 ez-toc-heading-level-2'><a class=\"ez-toc-link ez-toc-heading-3\" href=\"https:\/\/god-vibro.com\/it\/i-migliori-vibromassaggiatori-a-distanza.html\/#Lush_2_de_Lovense\" >Lush 2 di Lovense<\/a><\/li><li class='ez-toc-page-1 ez-toc-heading-level-2'><a class=\"ez-toc-link ez-toc-heading-4\" href=\"https:\/\/god-vibro.com\/it\/i-migliori-vibromassaggiatori-a-distanza.html\/#Vibease\" >Vibease<\/a><\/li><li class='ez-toc-page-1 ez-toc-heading-level-2'><a class=\"ez-toc-link ez-toc-heading-5\" href=\"https:\/\/god-vibro.com\/it\/i-migliori-vibromassaggiatori-a-distanza.html\/#Esca\" >Esca<\/a><\/li><li class='ez-toc-page-1 ez-toc-heading-level-2'><a class=\"ez-toc-link ez-toc-heading-6\" href=\"https:\/\/god-vibro.com\/it\/i-migliori-vibromassaggiatori-a-distanza.html\/#Hush_de_Lovense\" >Silenzio dalla Lovense<\/a><\/li><li class='ez-toc-page-1 ez-toc-heading-level-2'><a class=\"ez-toc-link ez-toc-heading-7\" href=\"https:\/\/god-vibro.com\/it\/i-migliori-vibromassaggiatori-a-distanza.html\/#OhMiBod_Fuse_Fleshlight_Launch\" >Lancio di OhMiBod Fuse + Fleshlight&nbsp;<\/a><\/li><li class='ez-toc-page-1 ez-toc-heading-level-2'><a class=\"ez-toc-link ez-toc-heading-8\" href=\"https:\/\/god-vibro.com\/it\/i-migliori-vibromassaggiatori-a-distanza.html\/#Osci_2\" >Osci 2<\/a><\/li><\/ul><\/nav><\/div>\n<h2 class=\"wp-block-heading\"><span class=\"ez-toc-section\" id=\"Max_et_Nora_de_Lovense\"><\/span>Max e Nora de Lovense<span class=\"ez-toc-section-end\"><\/span><\/h2>\n\n\n\n<p>Vibratori Max e Nora dell'azienda Lovense. Il 25 febbraio 2022, la Lovense ha reso noto il suo <a href=\"https:\/\/god-vibro.com\/lovense-sex-machine.html\">Macchina del sesso<\/a> sono veri e propri gioielli tecnologici. <a href=\"https:\/\/god-vibro.com\/lovense-max-2.html\">Max \u00e8 stato progettato per gli uomini<\/a> e Nora per le donne. \u00c8 grazie a un'applicazione chiamata Body Chat che questa magia del sesso \u00e8 possibile. Body Chat \u00e8 compatibile con smartphone, PC e Mac.&nbsp;<\/p>\n\n\n\n<p>La sua tecnologia rivoluzionaria collega i dispositivi tra loro attraverso il sistema Bluetooth. Grazie a questo sistema, i partner in estasi sessuale provano la stessa sensazione di piacere in tempo reale. Tutto ci\u00f2 che devono fare \u00e8 chiudere gli occhi e abbandonarsi a tutte le loro fantasie erotiche.<\/p>\n\n\n\n<p>La tecnologia si spinge oltre, consentendo a uno dei due partner di controllare il sextoy dell'altro e di portarlo al settimo cielo. Inoltre, l'applicazione ha la possibilit\u00e0 di essere in modalit\u00e0 video. Questo permette ai partner di rendere le loro sensazioni ancora pi\u00f9 reali.<\/p>\n\n\n\n<figure class=\"wp-block-image\"><img decoding=\"async\" src=\"https:\/\/lh6.googleusercontent.com\/I0008raFtwxzDu-TuFGXm9gfKT6dre1wh7G5C-6fcdQvPNgIAG0-QOImDr8nIOOkoTZ87jMNec4n17CQKXog8SS6oa_mvdmccdleSdEFwAJUrzrhILafr7xdw52iXbIrcIx5H0jq\" alt=\"\"\/><\/figure>\n\n\n\n<h2 class=\"wp-block-heading\"><span class=\"ez-toc-section\" id=\"Onyx_2_et_Pearl_2_de_Kiiroo\"><\/span>Onyx 2 e Pearl 2 di Kiiroo&nbsp;<span class=\"ez-toc-section-end\"><\/span><\/h2>\n\n\n\n<p>Kiiroo \u00e8 un'azienda olandese che si sta facendo un nome nel campo del sesso. I suoi leggendari vibratori Onyx 2 e Pearl 2 sono capolavori tecnologici. Sono i successori dei primi prototipi Onyx 1 e Pearl 1, che non soddisfano pi\u00f9 la domanda del mercato. Onyx 2 \u00e8 destinato agli uomini e Pearl 2 alle donne.&nbsp;<\/p>\n\n\n\n<p>Si tratta di strumenti ricaricabili che funzionano anche con un sistema Bluetooth. Il progettista ha creato un'applicazione per smartphone scaricabile per consentirne l'utilizzo. Si chiama Feel Connect. La tecnologia del Pearl 2 si basa su nove impostazioni di vibrazione che salgono e scendono. Il livello 9 vi immerge in un divertimento infinito. \u00c8 compatibile con qualsiasi vagina, poich\u00e9 ha una lunghezza di circa 20 centimetri.<\/p>\n\n\n\n<p>La tecnologia di Onyx 2, invece, si basa su tre modalit\u00e0 e presenta un Fleshlight SuperSkin. Grazie a questi elementi, Onyx 2 pu\u00f2 eseguire un massimo di 140 movimenti al minuto. Pu\u00f2 essere utilizzato ininterrottamente per un'ora grazie ai dieci anelli che lo compongono. Le tre modalit\u00e0 di Onyx 2 sono :<\/p>\n\n\n\n<ul class=\"wp-block-list\"><li>pompa lenta ;<\/li><li>pompa veloce ;<\/li><li>manuale.<\/li><\/ul>\n\n\n\n<h2 class=\"wp-block-heading\"><span class=\"ez-toc-section\" id=\"Lush_2_de_Lovense\"><\/span>Lush 2 di Lovense<span class=\"ez-toc-section-end\"><\/span><\/h2>\n\n\n\n<p>La Lovense non ha finito di stupire con la sua abilit\u00e0 tecnologica. Lush 2 \u00e8 stato progettato specificamente per uso personale, ma pu\u00f2 essere utilizzato in coppia. \u00c8 leggendario per il suo basso profilo, ma per l'uso vivace. Si tratta di un piccolo uovo che pu\u00f2 essere collegato via Bluetooth come la maggior parte degli altri sex toys.&nbsp;<\/p>\n\n\n\n<p>Il l&rsquo;est \u00e9galement en mode Wifi avec une port\u00e9e de 13 m\u00e8tres. L\u2019utilisation avec le Wifi n\u00e9cessite n\u00e9anmoins le t\u00e9l\u00e9chargement sur iOS ou Android de Lovense Remote.<\/p>\n\n\n\n<p>\u00c8 in grado di riprodurre la musica preferita per stimolare l'orgasmo. Grazie alla sua applicazione mobile e soprattutto all'opzione in-app, \u00e8 possibile videochiamare o inviare foto al proprio partner.&nbsp;<\/p>\n\n\n\n<p>\u00c8 ricaricabile e ha un'autonomia di 3 ore ininterrotte. La parte migliore della sua tecnologia \u00e8 che il motore \u00e8 quattro volte pi\u00f9 potente del normale per stimolare il punto G. Dispone inoltre di sette modalit\u00e0 di funzionamento:<\/p>\n\n\n\n<ul class=\"wp-block-list\"><li>morbido ;<\/li><li>significa ;<\/li><li>forte ;<\/li><li>impulsi ;<\/li><li>onde ;<\/li><li>fuochi d'artificio ;<\/li><li>terremoto.<\/li><\/ul>\n\n\n\n<h2 class=\"wp-block-heading\"><span class=\"ez-toc-section\" id=\"Vibease\"><\/span>Vibease<span class=\"ez-toc-section-end\"><\/span><\/h2>\n\n\n\n<p>Il vibratore Vibease non \u00e8 ai margini di tutte le prodezze tecnologiche sopra menzionate. \u00c8 destinato principalmente alle donne. Quindi possono lasciare al partner il compito di farli venire da qualsiasi parte del mondo. Tutto ci\u00f2 che serve \u00e8 una connessione a Internet, il Bluetooth attivato e l'applicazione mobile Vibease. Tutto ci\u00f2 che riguarda questo gioiello tecnologico \u00e8 stato semplificato per renderlo pi\u00f9 comodo e soprattutto discreto.&nbsp;<\/p>\n\n\n\n<p>Questo sextoy \u00e8 una funzione audio molto sofisticata o intelligente che risponde ai comandi impartiti dall'utente.  Su questa stessa scia, pu\u00f2, come il vibratore precedente, riprodurre la musica di vostra scelta e persino leggervi libri erotici in audio.&nbsp;<\/p>\n\n\n\n<p>La sua copertura protettiva \u00e8 realizzata in silicone di alta qualit\u00e0 ed \u00e8 quindi impermeabile. \u00c8 quindi possibile utilizzarlo facilmente sotto la doccia. Vale la pena di notare che la durata della batteria \u00e8 di tre ore.<\/p>\n\n\n\n<figure class=\"wp-block-image\"><img decoding=\"async\" src=\"https:\/\/lh4.googleusercontent.com\/hTDcfFrt3J7EmYXXA_xKGPsBa8rHmbAXw0MzzCzMVPUYwMhyJ50872JQqQPjlxN4sWUcFHCYV0gqTk8aG3S_Mc67V5sE7UFvYyGaEVxcCMlOfGm_QIMihijJicxI775W0OAXCEm8\" alt=\"\"\/><\/figure>\n\n\n\n<h2 class=\"wp-block-heading\"><span class=\"ez-toc-section\" id=\"Esca\"><\/span>Esca<span class=\"ez-toc-section-end\"><\/span><\/h2>\n\n\n\n<p>Esca \u00e8 un piccolo uovo di Sex Tech. \u00c8 nella lista dei migliori giocattoli sessuali mai realizzati. Con una tecnologia di connessione wireless come le altre, \u00e8 molto pi\u00f9 facile infilarsi nella biancheria intima.&nbsp;<\/p>\n\n\n\n<p>Progettato per le donne, risponde alle esigenze di salute del corpo grazie alla sua copertura protettiva in silicone. Con l'applicazione mobile OhMiBod Remote, scaricabile su smartphone e tablet, si riduce la distanza tra i partner.<\/p>\n\n\n\n<p>\u00c8 in grado di eccitarti fino a raggiungere il punto G. Quindi, come vedete, per una donna la tecnologia \u00e8 una vera e propria manciata di cose da fare. Pesa solo 56 grammi. Offre anche uno spettacolo di luci che segue il ritmo delle vibrazioni. Questo rende il piacere sessuale ancora pi\u00f9 vivo.&nbsp;<\/p>\n\n\n\n<p>OhMiBod Remote, che \u00e8 la sua applicazione di base, ha le stesse funzionalit\u00e0 di un social network. Cos\u00ec potrete vivere i momenti di intimit\u00e0 con il vostro partner tramite videochiamata.<\/p>\n\n\n\n<h2 class=\"wp-block-heading\"><span class=\"ez-toc-section\" id=\"Hush_de_Lovense\"><\/span>Silenzio dalla Lovense<span class=\"ez-toc-section-end\"><\/span><\/h2>\n\n\n\n<p>Lovense, sulla base delle opinioni dei suoi clienti, offre loro sempre pi\u00f9 tecnologia. \u00c8 qui che \u00e8 nato il vibratore Hush. \u00c8 multiuso, ma specificamente progettato per il piacere anale.&nbsp;<\/p>\n\n\n\n<p>Progettato per le donne, \u00e8 composto principalmente da butt plug con vibrazioni uniche. Richiede una connessione a Internet e ha una portata massima di nove metri in un raggio di 360 gradi.&nbsp;<\/p>\n\n\n\n<p>Come i suoi predecessori, \u00e8 controllato da un'applicazione che possiede tutte le caratteristiche sopra menzionate: tecnologie uditive e visive e potenza di vibrazione. \u00c8 collegabile e ricaricabile via USB e ha un'autonomia di due ore. \u00c8 disponibile in due dimensioni. Per i principianti \u00e8 consigliabile iniziare con l'Hush da 3,81 cm, mentre per i pi\u00f9 esperti \u00e8 perfetta la misura media di 4,45 cm.&nbsp;<\/p>\n\n\n\n<figure class=\"wp-block-image\"><img decoding=\"async\" src=\"https:\/\/lh5.googleusercontent.com\/3HZXcJ2B5DO1kSp65iT8wWvyd8edv-y4FzPg8SB2-hJeU0Lp0SA1qKL9mP5q2vD_yNnuVtHtzzWuf7byl851jWWKp9TwKcWVy59JS42_Ve691H8xOyoa-WhPBThLqQH5lXc0YTuq\" alt=\"\"\/><\/figure>\n\n\n\n<h2 class=\"wp-block-heading\"><span class=\"ez-toc-section\" id=\"OhMiBod_Fuse_Fleshlight_Launch\"><\/span>Lancio di OhMiBod Fuse + Fleshlight&nbsp;<span class=\"ez-toc-section-end\"><\/span><\/h2>\n\n\n\n<p>Ce couple de vibromasseurs est l&rsquo;un des plus rares sur le march\u00e9. OhMiBod Fuse est mieux adapt\u00e9 aux femmes tandis que le Fleshlight Launch est le masturbateur des hommes.<\/p>\n\n\n\n<p>OhMiBod \u00e8 un vibratore con un vantaggio decisivo. Questo vantaggio \u00e8 la sua capacit\u00e0 di stimolare due volte i genitali. \u00c8 compatibile con tutti gli altri vibratori sopra citati. Grazie alla sua flessibilit\u00e0 e alla doppia capacit\u00e0 di stimolazione, consente di soddisfare le fantasie del partner in tempi record. Utilizza anche una connessione wireless (Bluetooth, Internet o Wifi).<\/p>\n\n\n\n<p>Il Fleshlight Launch, invece, \u00e8 progettato per gli uomini. \u00c8 tecnologicamente avanzato e compatibile con tutti gli altri sistemi operativi per vibratori. \u00c8 completamente ricoperto di silicone ed \u00e8 attualmente il prodotto pi\u00f9 venduto nel negozio Launch. \u00c8 ricaricabile via USB e pu\u00f2 essere utilizzato anche sotto la doccia grazie al suo sistema impermeabile. Pesa 4,24 kg e pu\u00f2 essere utilizzato ininterrottamente per un'ora e mezza.&nbsp;<\/p>\n\n\n\n<h2 class=\"wp-block-heading\"><span class=\"ez-toc-section\" id=\"Osci_2\"><\/span>Osci 2<span class=\"ez-toc-section-end\"><\/span><\/h2>\n\n\n\n<p>L'ultimo dell'elenco \u00e8 l'Osci 2. Si tratta di un vibratore non meno importante perch\u00e9 la sua specificit\u00e0 sta nel fatto che le sue vibrazioni sono interne. Non vengono quindi percepiti al di fuori dell'involucro protettivo. La sua morfologia, costituita da una piccola testa ovale, \u00e8 destinata principalmente a stimolare il punto G nelle donne come mai prima d'ora. Questa stimolazione \u00e8 inaudita e confortevole.&nbsp;<\/p>\n\n\n\n<p>Grazie alle recensioni dei clienti dell'Osci 1, questo nuovo modello ha un'autonomia molto pi\u00f9 soddisfacente. Vale la pena di notare che \u00e8 stato aggiunto un chip Bluetooth e che la funzione di ricarica \u00e8 stata magnetizzata per una maggiore comodit\u00e0.<\/p>","protected":false},"excerpt":{"rendered":"<p>Le vibromasseur est un outil tr\u00e8s appr\u00e9ci\u00e9 dans la qu\u00eate du plaisir. Avec l\u2019\u00e9volution de la science, il s\u2019est \u00e9norm\u00e9ment am\u00e9lior\u00e9. Depuis quelques ann\u00e9es, ces petits jouets sexuels sont utilisables \u00e0 distance avec une connexion Internet ou Bluetooth et contr\u00f4lables par votre partenaire m\u00eame \u00e0 l\u2019autre bout du monde. Max et Nora de Lovense Les [&hellip;]<\/p>\n","protected":false},"author":1,"featured_media":0,"parent":0,"menu_order":0,"comment_status":"closed","ping_status":"closed","template":"","meta":{"_acf_changed":false,"_seopress_robots_primary_cat":"","_seopress_titles_title":"","_seopress_titles_desc":"","_seopress_robots_index":"","_uag_custom_page_level_css":"","site-sidebar-layout":"default","site-content-layout":"","ast-site-content-layout":"default","site-content-style":"default","site-sidebar-style":"default","ast-global-header-display":"","ast-banner-title-visibility":"","ast-main-header-display":"","ast-hfb-above-header-display":"","ast-hfb-below-header-display":"","ast-hfb-mobile-header-display":"","site-post-title":"","ast-breadcrumbs-content":"","ast-featured-img":"","footer-sml-layout":"","theme-transparent-header-meta":"","adv-header-id-meta":"","stick-header-meta":"","header-above-stick-meta":"","header-main-stick-meta":"","header-below-stick-meta":"","astra-migrate-meta-layouts":"default","ast-page-background-enabled":"default","ast-page-background-meta":{"desktop":{"background-color":"var(--ast-global-color-4)","background-image":"","background-repeat":"repeat","background-position":"center center","background-size":"auto","background-attachment":"scroll","background-type":"","background-media":"","overlay-type":"","overlay-color":"","overlay-opacity":"","overlay-gradient":""},"tablet":{"background-color":"","background-image":"","background-repeat":"repeat","background-position":"center center","background-size":"auto","background-attachment":"scroll","background-type":"","background-media":"","overlay-type":"","overlay-color":"","overlay-opacity":"","overlay-gradient":""},"mobile":{"background-color":"","background-image":"","background-repeat":"repeat","background-position":"center center","background-size":"auto","background-attachment":"scroll","background-type":"","background-media":"","overlay-type":"","overlay-color":"","overlay-opacity":"","overlay-gradient":""}},"ast-content-background-meta":{"desktop":{"background-color":"var(--ast-global-color-5)","background-image":"","background-repeat":"repeat","background-position":"center center","background-size":"auto","background-attachment":"scroll","background-type":"","background-media":"","overlay-type":"","overlay-color":"","overlay-opacity":"","overlay-gradient":""},"tablet":{"background-color":"var(--ast-global-color-5)","background-image":"","background-repeat":"repeat","background-position":"center center","background-size":"auto","background-attachment":"scroll","background-type":"","background-media":"","overlay-type":"","overlay-color":"","overlay-opacity":"","overlay-gradient":""},"mobile":{"background-color":"var(--ast-global-color-5)","background-image":"","background-repeat":"repeat","background-position":"center center","background-size":"auto","background-attachment":"scroll","background-type":"","background-media":"","overlay-type":"","overlay-color":"","overlay-opacity":"","overlay-gradient":""}},"footnotes":""},"class_list":["post-904","page","type-page","status-publish","hentry"],"acf":[],"uagb_featured_image_src":{"full":false,"thumbnail":false,"medium":false,"medium_large":false,"large":false,"1536x1536":false,"2048x2048":false,"trp-custom-language-flag":false,"ultp_layout_landscape_large":false,"ultp_layout_landscape":false,"ultp_layout_portrait":false,"ultp_layout_square":false},"uagb_author_info":{"display_name":"brigitte","author_link":"https:\/\/god-vibro.com\/it\/author\/brigitte"},"uagb_comment_info":0,"uagb_excerpt":"Le vibromasseur est un outil tr\u00e8s appr\u00e9ci\u00e9 dans la qu\u00eate du plaisir. Avec l\u2019\u00e9volution de la science, il s\u2019est \u00e9norm\u00e9ment am\u00e9lior\u00e9. Depuis quelques ann\u00e9es, ces petits jouets sexuels sont utilisables \u00e0 distance avec une connexion Internet ou Bluetooth et contr\u00f4lables par votre partenaire m\u00eame \u00e0 l\u2019autre bout du monde. Max et Nora de Lovense Les&hellip;","_links":{"self":[{"href":"https:\/\/god-vibro.com\/it\/wp-json\/wp\/v2\/pages\/904","targetHints":{"allow":["GET"]}}],"collection":[{"href":"https:\/\/god-vibro.com\/it\/wp-json\/wp\/v2\/pages"}],"about":[{"href":"https:\/\/god-vibro.com\/it\/wp-json\/wp\/v2\/types\/page"}],"author":[{"embeddable":true,"href":"https:\/\/god-vibro.com\/it\/wp-json\/wp\/v2\/users\/1"}],"replies":[{"embeddable":true,"href":"https:\/\/god-vibro.com\/it\/wp-json\/wp\/v2\/comments?post=904"}],"version-history":[{"count":3,"href":"https:\/\/god-vibro.com\/it\/wp-json\/wp\/v2\/pages\/904\/revisions"}],"predecessor-version":[{"id":1346,"href":"https:\/\/god-vibro.com\/it\/wp-json\/wp\/v2\/pages\/904\/revisions\/1346"}],"wp:attachment":[{"href":"https:\/\/god-vibro.com\/it\/wp-json\/wp\/v2\/media?parent=904"}],"curies":[{"name":"wp","href":"https:\/\/api.w.org\/{rel}","templated":true}]}}