{"id":843,"date":"2021-12-08T00:30:31","date_gmt":"2021-12-08T00:30:31","guid":{"rendered":"https:\/\/god-vibro.com\/?page_id=843"},"modified":"2021-12-08T01:50:43","modified_gmt":"2021-12-08T01:50:43","slug":"choisir-son-premier-sextoy-homme","status":"publish","type":"page","link":"https:\/\/god-vibro.com\/it\/scegli-il-tuo-primo-uomo-giocattolo-del-sesso.html","title":{"rendered":"Scegliere il primo vibratore maschile"},"content":{"rendered":"<p>Proprio come i vibratori per donne, anche quelli per uomini hanno le loro caratteristiche speciali che influenzano la scelta di ogni acquirente. Se volete acquistare il vostro primo vibratore, ci sono diversi aspetti da considerare, tra cui le sensazioni che desiderate, la vostra esperienza e il design del dispositivo.<\/p>\n\n\n\n<div id=\"ez-toc-container\" class=\"ez-toc-v2_0_82_2 counter-hierarchy ez-toc-counter ez-toc-custom ez-toc-container-direction\">\n<div class=\"ez-toc-title-container\">\n<p class=\"ez-toc-title\" style=\"cursor:inherit\">Contenuti <\/p>\n<span class=\"ez-toc-title-toggle\"><a href=\"#\" class=\"ez-toc-pull-right ez-toc-btn ez-toc-btn-xs ez-toc-btn-default ez-toc-toggle\" aria-label=\"Allinea la tabella dei contenuti\"><span class=\"ez-toc-js-icon-con\"><span class=\"\"><span class=\"eztoc-hide\" style=\"display:none;\">Toggle<\/span><span class=\"ez-toc-icon-toggle-span\"><svg style=\"fill: #999;color:#999\" xmlns=\"http:\/\/www.w3.org\/2000\/svg\" class=\"list-377408\" width=\"20px\" height=\"20px\" viewbox=\"0 0 24 24\" fill=\"none\"><path d=\"M6 6H4v2h2V6zm14 0H8v2h12V6zM4 11h2v2H4v-2zm16 0H8v2h12v-2zM4 16h2v2H4v-2zm16 0H8v2h12v-2z\" fill=\"currentColor\"><\/path><\/svg><svg style=\"fill: #999;color:#999\" class=\"arrow-unsorted-368013\" xmlns=\"http:\/\/www.w3.org\/2000\/svg\" width=\"10px\" height=\"10px\" viewbox=\"0 0 24 24\" version=\"1.2\" baseprofile=\"tiny\"><path d=\"M18.2 9.3l-6.2-6.3-6.2 6.3c-.2.2-.3.4-.3.7s.1.5.3.7c.2.2.4.3.7.3h11c.3 0 .5-.1.7-.3.2-.2.3-.5.3-.7s-.1-.5-.3-.7zM5.8 14.7l6.2 6.3 6.2-6.3c.2-.2.3-.5.3-.7s-.1-.5-.3-.7c-.2-.2-.4-.3-.7-.3h-11c-.3 0-.5.1-.7.3-.2.2-.3.5-.3.7s.1.5.3.7z\"\/><\/svg><\/span><\/span><\/span><\/a><\/span><\/div>\n<nav><ul class='ez-toc-list ez-toc-list-level-1 eztoc-toggle-hide-by-default' ><li class='ez-toc-page-1 ez-toc-heading-level-2'><a class=\"ez-toc-link ez-toc-heading-1\" href=\"https:\/\/god-vibro.com\/it\/scegli-il-tuo-primo-uomo-giocattolo-del-sesso.html\/#Les_criteres_de_choix_dun_vibromasseur\" >Criteri di scelta di un vibratore&nbsp;<\/a><ul class='ez-toc-list-level-3' ><li class='ez-toc-heading-level-3'><a class=\"ez-toc-link ez-toc-heading-2\" href=\"https:\/\/god-vibro.com\/it\/scegli-il-tuo-primo-uomo-giocattolo-del-sesso.html\/#_Vos_preferences\" >&nbsp;&nbsp;&nbsp;&nbsp;&nbsp;Le vostre preferenze<\/a><\/li><li class='ez-toc-page-1 ez-toc-heading-level-3'><a class=\"ez-toc-link ez-toc-heading-3\" href=\"https:\/\/god-vibro.com\/it\/scegli-il-tuo-primo-uomo-giocattolo-del-sesso.html\/#_Votre_experience\" >&nbsp;&nbsp;&nbsp;&nbsp;La vostra esperienza<\/a><\/li><li class='ez-toc-page-1 ez-toc-heading-level-3'><a class=\"ez-toc-link ez-toc-heading-4\" href=\"https:\/\/god-vibro.com\/it\/scegli-il-tuo-primo-uomo-giocattolo-del-sesso.html\/#_Les_materiaux_et_la_texture\" >&nbsp;&nbsp;Materiali e texture<\/a><\/li><li class='ez-toc-page-1 ez-toc-heading-level-3'><a class=\"ez-toc-link ez-toc-heading-5\" href=\"https:\/\/god-vibro.com\/it\/scegli-il-tuo-primo-uomo-giocattolo-del-sesso.html\/#_Le_design\" >&nbsp;&nbsp;Il design&nbsp;<\/a><\/li><li class='ez-toc-page-1 ez-toc-heading-level-3'><a class=\"ez-toc-link ez-toc-heading-6\" href=\"https:\/\/god-vibro.com\/it\/scegli-il-tuo-primo-uomo-giocattolo-del-sesso.html\/#_Lintensite_des_vibrations\" >&nbsp;&nbsp;L'intensit\u00e0 delle vibrazioni<\/a><\/li><li class='ez-toc-page-1 ez-toc-heading-level-3'><a class=\"ez-toc-link ez-toc-heading-7\" href=\"https:\/\/god-vibro.com\/it\/scegli-il-tuo-primo-uomo-giocattolo-del-sesso.html\/#_Le_prix\" >&nbsp;&nbsp;&nbsp;Il prezzo<\/a><\/li><\/ul><\/li><li class='ez-toc-page-1 ez-toc-heading-level-2'><a class=\"ez-toc-link ez-toc-heading-8\" href=\"https:\/\/god-vibro.com\/it\/scegli-il-tuo-primo-uomo-giocattolo-del-sesso.html\/#Les_avantages_de_lutilisation_dun_vibromasseur\" >I vantaggi dell'uso di un vibratore&nbsp;<\/a><ul class='ez-toc-list-level-3' ><li class='ez-toc-heading-level-3'><a class=\"ez-toc-link ez-toc-heading-9\" href=\"https:\/\/god-vibro.com\/it\/scegli-il-tuo-primo-uomo-giocattolo-del-sesso.html\/#_Se_procurer_du_plaisir_soi_meme\" >&nbsp;&nbsp;Ottenere piacere per se stessi&nbsp;<\/a><\/li><li class='ez-toc-page-1 ez-toc-heading-level-3'><a class=\"ez-toc-link ez-toc-heading-10\" href=\"https:\/\/god-vibro.com\/it\/scegli-il-tuo-primo-uomo-giocattolo-del-sesso.html\/#_Allez_a_la_decouverte_de_nouvelles_sensations\" >&nbsp;&nbsp;Scoprite nuove sensazioni&nbsp;<\/a><\/li><\/ul><\/li><li class='ez-toc-page-1 ez-toc-heading-level-2'><a class=\"ez-toc-link ez-toc-heading-11\" href=\"https:\/\/god-vibro.com\/it\/scegli-il-tuo-primo-uomo-giocattolo-del-sesso.html\/#Quelques_meilleurs_vibromasseurs_pour_homme\" >Alcuni dei migliori vibratori per uomo<\/a><ul class='ez-toc-list-level-3' ><li class='ez-toc-heading-level-3'><a class=\"ez-toc-link ez-toc-heading-12\" href=\"https:\/\/god-vibro.com\/it\/scegli-il-tuo-primo-uomo-giocattolo-del-sesso.html\/#Legg_tenga\" >L'uovo tenga&nbsp;<\/a><\/li><li class='ez-toc-page-1 ez-toc-heading-level-3'><a class=\"ez-toc-link ez-toc-heading-13\" href=\"https:\/\/god-vibro.com\/it\/scegli-il-tuo-primo-uomo-giocattolo-del-sesso.html\/#Le_double_anneau_vibrant\" >Il doppio anello vibrante&nbsp;<\/a><\/li><li class='ez-toc-page-1 ez-toc-heading-level-3'><a class=\"ez-toc-link ez-toc-heading-14\" href=\"https:\/\/god-vibro.com\/it\/scegli-il-tuo-primo-uomo-giocattolo-del-sesso.html\/#Les_anneaux_ou_cockrings\" >Anelli o cock ring<\/a><\/li><li class='ez-toc-page-1 ez-toc-heading-level-3'><a class=\"ez-toc-link ez-toc-heading-15\" href=\"https:\/\/god-vibro.com\/it\/scegli-il-tuo-primo-uomo-giocattolo-del-sesso.html\/#Les_vibromasseurs_plugs_et_chapelets\" >Plug e rosari vibranti&nbsp;<\/a><\/li><li class='ez-toc-page-1 ez-toc-heading-level-3'><a class=\"ez-toc-link ez-toc-heading-16\" href=\"https:\/\/god-vibro.com\/it\/scegli-il-tuo-primo-uomo-giocattolo-del-sesso.html\/#Les_gaines_ou_masturbateurs\" >Guaine o masturbatori&nbsp;<\/a><\/li><li class='ez-toc-page-1 ez-toc-heading-level-3'><a class=\"ez-toc-link ez-toc-heading-17\" href=\"https:\/\/god-vibro.com\/it\/scegli-il-tuo-primo-uomo-giocattolo-del-sesso.html\/#Le_masturbateur_play_Tr_myhixel\" >Il gioco Tr myhixel masturbatore&nbsp;<\/a><\/li><\/ul><\/li><\/ul><\/nav><\/div>\n<h2 class=\"wp-block-heading\"><span class=\"ez-toc-section\" id=\"Les_criteres_de_choix_dun_vibromasseur\"><\/span>Criteri di scelta di un vibratore&nbsp;<span class=\"ez-toc-section-end\"><\/span><\/h2>\n\n\n\n<p>Esistono diversi criteri per scegliere un vibratore di qualit\u00e0. Soprattutto se si tratta del vostro primo sextoy, dovete tenere in considerazione :<\/p>\n\n\n\n<ul class=\"wp-block-list\"><li>le vostre preferenze sessuali ;<\/li><li>la vostra esperienza in termini di utilizzo di sextoy;<\/li><li>il materiale e la texture dell'oggetto;<\/li><li>l'intensit\u00e0 delle vibrazioni ;<\/li><li>il suo design ;<\/li><li>il suo prezzo.<\/li><\/ul>\n\n\n\n<p>L'acquisto di un sextoy a basso costo \u00e8 allettante, ma se la qualit\u00e0 non \u00e8 all'altezza non otterrete le sensazioni che cercate.<\/p>\n\n\n\n<h3 class=\"wp-block-heading\"><span class=\"ez-toc-section\" id=\"_Vos_preferences\"><\/span>&nbsp;&nbsp;&nbsp;&nbsp;&nbsp;Le vostre preferenze<span class=\"ez-toc-section-end\"><\/span><\/h3>\n\n\n\n<p>Ti piace una figa stretta o una figa profonda? Stai cercando un masturbatore? O preferisce la penetrazione anale? Esistono diversi tipi di vibratori con forme e sensazioni diverse. Per fare la scelta giusta, \u00e8 necessario tenere conto dei propri desideri. Se massaggiare il fallo vi fa impazzire, scegliete un vibratore da massaggio. Se invece la penetrazione vi permette di raggiungere l'orgasmo, optate per un plug anale. Se ancora non riuscite a decidere, scegliete un giocattolo versatile.<\/p>\n\n\n\n<h3 class=\"wp-block-heading\"><span class=\"ez-toc-section\" id=\"_Votre_experience\"><\/span>&nbsp;&nbsp;&nbsp;&nbsp;La vostra esperienza<span class=\"ez-toc-section-end\"><\/span><\/h3>\n\n\n\n<p>L'uso corretto di un vibratore richiede esperienza. Sia in termini di conoscenza del proprio corpo che di padronanza del dispositivo. Alcuni vibratori hanno funzioni di base, quindi sono facili da usare ma piuttosto limitati. Se siete pi\u00f9 esperte, potreste prendere in considerazione un vibratore con funzioni avanzate. Dopo alcune sessioni di prova, si otterr\u00e0 il piacere atteso.<\/p>\n\n\n\n<figure class=\"wp-block-image\"><img decoding=\"async\" src=\"https:\/\/lh4.googleusercontent.com\/izLYUsA_ztxcEcdpY8CgcnzhTR0LLP3tlVfcro2235LDDiUQKKgf996YcEhV7OrLvlu6ADdWAAyPlGD6jj-j__sDBu1QG4OKna-ABF-WQqKcia2l_3M9OjFPqg1ATE4Evnd9HBuU\" alt=\"\"\/><\/figure>\n\n\n\n<h3 class=\"wp-block-heading\"><span class=\"ez-toc-section\" id=\"_Les_materiaux_et_la_texture\"><\/span>&nbsp;&nbsp;Materiali e texture<span class=\"ez-toc-section-end\"><\/span><\/h3>\n\n\n\n<p>Non si pu\u00f2 acquistare un oggetto senza prima conoscere il materiale di cui \u00e8 fatto. Per questo motivo \u00e8 importante conoscere i diversi materiali utilizzati per la realizzazione di un sextoy. Ci sono sextoys fatti di :&nbsp;<\/p>\n\n\n\n<ul class=\"wp-block-list\"><li>silicone ;<\/li><li>plastica dura ;<\/li><li>acciaio inox ;<\/li><li>biolaina ;<\/li><li>metallo ;<\/li><li>ecc.<\/li><\/ul>\n\n\n\n<p>Scegliere materiali conformi alla normativa. Potete optare per un sextoy in silicone. Si tratta di un ottimo materiale. Inoltre, non \u00e8 poroso ed \u00e8 molto facile da mantenere.<\/p>\n\n\n\n<p>Evitate i giocattoli sessuali che contengono ftalati. Questo materiale \u00e8 pericoloso per la salute.&nbsp;<\/p>\n\n\n\n<p>\u00c8 inoltre possibile scegliere vibratori in bioschiuma, acciaio inossidabile. Per una sensazione di freddo, potete scegliere un sextoy in metallo.&nbsp;<\/p>\n\n\n\n<p>Sono consigliati anche giocattoli sessuali in plastica. Scegliete in base alle vostre preferenze. Per raggiungere l'orgasmo, scegliete un giocattolo sessuale con le punte o con le asperit\u00e0.&nbsp;<\/p>\n\n\n\n<h3 class=\"wp-block-heading\"><span class=\"ez-toc-section\" id=\"_Le_design\"><\/span>&nbsp;&nbsp;Il design&nbsp;<span class=\"ez-toc-section-end\"><\/span><\/h3>\n\n\n\n<p>\u00c8 ovvio che per scegliere un giocattolo che vi piace basta guardarlo. Naturalmente questo \u00e8 importante, ma non \u00e8 certo per questo motivo che sceglierete tutto senza preoccuparvi della sua funzionalit\u00e0. Concentrarsi sull'estetica e sulle prestazioni.&nbsp;<\/p>\n\n\n\n<h3 class=\"wp-block-heading\"><span class=\"ez-toc-section\" id=\"_Lintensite_des_vibrations\"><\/span>&nbsp;&nbsp;L'intensit\u00e0 delle vibrazioni<span class=\"ez-toc-section-end\"><\/span><\/h3>\n\n\n\n<p>La scelta dell'intensit\u00e0 di vibrazione quando si acquista un sextoy \u00e8 complicata. Tuttavia, non \u00e8 cos\u00ec difficile. Basta considerare come vi piace fare l'amore. Tuttavia, esistono diversi tipi di vibratori con intensit\u00e0 diverse. Scegliete giocattoli sessuali multifunzionali. In questo modo \u00e8 possibile regolare l'intensit\u00e0 delle vibrazioni a piacimento.&nbsp;<\/p>\n\n\n\n<h3 class=\"wp-block-heading\"><span class=\"ez-toc-section\" id=\"_Le_prix\"><\/span>&nbsp;&nbsp;&nbsp;Il prezzo<span class=\"ez-toc-section-end\"><\/span><\/h3>\n\n\n\n<p>Le prix d\u2019un vibromasseur de qualit\u00e9 varie. Il n&rsquo;a pas de prix standard. Vous pourrez trouver des vibromasseurs \u00e0 20 euros, comme \u00e0 200 euros. Pour vous procurer par exemple le Lelo Fs1, vous devrez d\u00e9bourser 169 euros. C\u2019est pourquoi vous devez pr\u00e9voir un budget en cons\u00e9quence.&nbsp;<\/p>\n\n\n\n<figure class=\"wp-block-image\"><img decoding=\"async\" src=\"https:\/\/lh5.googleusercontent.com\/FaZ00KZSlf4PJIN0elpH22iPY1qhrFRdoRkzIO1-2mUaXoqA4OHUpSsFYYlBNQVurTSY2UbFvDm1kaLOxomfxQh_c6DJvl-pZJ6uWB-SHYPMwFT8gfzFIe58Bwv9iTrCRILz7HsL\" alt=\"\"\/><\/figure>\n\n\n\n<h2 class=\"wp-block-heading\"><span class=\"ez-toc-section\" id=\"Les_avantages_de_lutilisation_dun_vibromasseur\"><\/span>I vantaggi dell'uso di un vibratore&nbsp;<span class=\"ez-toc-section-end\"><\/span><\/h2>\n\n\n\n<p>Le ragioni principali per cui la maggior parte delle persone acquista un vibratore sono due: darsi piacere e scoprire nuove sensazioni.<\/p>\n\n\n\n<h3 class=\"wp-block-heading\"><span class=\"ez-toc-section\" id=\"_Se_procurer_du_plaisir_soi_meme\"><\/span>&nbsp;&nbsp;Ottenere piacere per se stessi&nbsp;<span class=\"ez-toc-section-end\"><\/span><\/h3>\n\n\n\n<p>Se siete single o avete difficolt\u00e0 ad approcciare le donne, probabilmente vi darete piacere da soli. Da qui il vantaggio di un vibratore.&nbsp;<\/p>\n\n\n\n<p>Il vibratore consente di masturbarsi e raggiungere l'orgasmo senza un partner sessuale. \u00c8 possibile utilizzare tutti i tipi di posizioni. Se siete ricchi, potete anche acquistare una bambola gonfiabile. I vostri desideri saranno ordinati e in quel momento vi sentirete il re del mondo.<\/p>\n\n\n\n<h3 class=\"wp-block-heading\"><span class=\"ez-toc-section\" id=\"_Allez_a_la_decouverte_de_nouvelles_sensations\"><\/span>&nbsp;&nbsp;Scoprite nuove sensazioni&nbsp;<span class=\"ez-toc-section-end\"><\/span><\/h3>\n\n\n\n<p>I vibratori hanno il vantaggio di aumentare il livello di eccitazione. Permettono inoltre di raggiungere l'orgasmo prostatico. Soprattutto, aumentano le dimensioni del vostro sesso.&nbsp;<\/p>\n\n\n\n<p>L'intensit\u00e0 della penetrazione si ottiene anche con un anello vibrante. Se siete sado-masochisti, potete anche farvi legare per raggiungere un altro livello di eccitazione. Potete fare l'amore con la vostra bambola del sesso tutte le volte che volete. Grazie al cockring, l'eiaculazione pu\u00f2 essere ritardata.<\/p>\n\n\n\n<h2 class=\"wp-block-heading\"><span class=\"ez-toc-section\" id=\"Quelques_meilleurs_vibromasseurs_pour_homme\"><\/span>Alcuni dei migliori vibratori per uomo<span class=\"ez-toc-section-end\"><\/span><\/h2>\n\n\n\n<p>Esistono diversi tipi di vibratori per uomo. Tra questa vasta gamma, esistono diversi tipi:<\/p>\n\n\n\n<ul class=\"wp-block-list\"><li>guaine o masturbatori ;<\/li><li>anelli o anelli per il cazzo ;<\/li><li>plug e rosari vibranti ;<\/li><li>giochi bondage ;&nbsp;<\/li><li>stimolatore della prostata ;<\/li><li>ecc.<\/li><\/ul>\n\n\n\n<h3 class=\"wp-block-heading\"><span class=\"ez-toc-section\" id=\"Legg_tenga\"><\/span>L'uovo tenga&nbsp;<span class=\"ez-toc-section-end\"><\/span><\/h3>\n\n\n\n<p>\u00c8 il sextoy pi\u00f9 popolare tra gli uomini. Ha la forma di un uovo. Grazie a questa forma, offre un piacere intenso. Inoltre, si adatta alle dimensioni del pene. La sua consistenza \u00e8 paragonabile a quella di una vera vagina. Viene venduto a 9,95 euro.\u00a0<\/p>\n\n\n\n<h3 class=\"wp-block-heading\"><span class=\"ez-toc-section\" id=\"Le_double_anneau_vibrant\"><\/span>Il doppio anello vibrante&nbsp;<span class=\"ez-toc-section-end\"><\/span><\/h3>\n\n\n\n<p>Questo \u00e8 un vibratore unisex. Si pu\u00f2 usare da soli o con il partner.  \u00c8 molto facile da indossare e funziona con una batteria. D\u00e0 una sensazione intensa. Provatelo e rimarrete sicuramente soddisfatti.&nbsp;<\/p>\n\n\n\n<h3 class=\"wp-block-heading\"><span class=\"ez-toc-section\" id=\"Les_anneaux_ou_cockrings\"><\/span>Anelli o cock ring<span class=\"ez-toc-section-end\"><\/span><\/h3>\n\n\n\n<p>Esistono due tipi di cock ring. \u00c8 possibile trovare anelli doppi o singoli. L'anello singolo viene posizionato intorno al pene. Vibrano e danno una forte sensazione al pene. L'erezione \u00e8 molto solida e dura. Se si sceglie il doppio anello, il secondo anello viene avvolto intorno a entrambi i testicoli. La sensazione \u00e8 ancora pi\u00f9 intensa.&nbsp;<\/p>\n\n\n\n<h3 class=\"wp-block-heading\"><span class=\"ez-toc-section\" id=\"Les_vibromasseurs_plugs_et_chapelets\"><\/span>Plug e rosari vibranti&nbsp;<span class=\"ez-toc-section-end\"><\/span><\/h3>\n\n\n\n<p>Questo sextoy consente di stimolare il punto P. Contrariamente a quanto si pensa, questo vibratore non \u00e8 solo per i gay. Si pu\u00f2 provare anche se si \u00e8 eterosessuali. Consigliato per la sodomia, questo plug anale \u00e8 un eccellente sex toy. Se usato correttamente, stimola anche la prostata. \u00c8 possibile ottenerlo a un prezzo accessibile.&nbsp;<\/p>\n\n\n\n<h3 class=\"wp-block-heading\"><span class=\"ez-toc-section\" id=\"Les_gaines_ou_masturbateurs\"><\/span>Guaine o masturbatori&nbsp;<span class=\"ez-toc-section-end\"><\/span><\/h3>\n\n\n\n<p>Questo modello di sextoy \u00e8 uno dei migliori vibratori per uomo. I foderi sono disponibili in diversi modelli e tipi. Ci sono guaine&nbsp;<\/p>\n\n\n\n<ul class=\"wp-block-list\"><li>manuale ;<\/li><li>automatico ;<\/li><li>riscaldato ;<\/li><li>vibrante.<\/li><\/ul>\n\n\n\n<p>La consistenza d\u00e0 la sensazione di fare sesso. Le guaine manuali sono pi\u00f9 economiche di quelle automatiche. Quelli automatici portano al settimo secolo.<\/p>\n\n\n\n<figure class=\"wp-block-image\"><img decoding=\"async\" src=\"https:\/\/lh4.googleusercontent.com\/yYnDE_BkrsudZm358Uwv-UKkKixdmRUvC_JHf7PGAcw0HVRaUkIj1wxwDeGkQrME3n0bzduaE_JcQ8oQDBQmTBzuws5_hgZ9x1se8u9q0mr_jp2h20PADMFIUuNmXqEXj8uPu-BP\" alt=\"\"\/><\/figure>\n\n\n\n<h3 class=\"wp-block-heading\"><span class=\"ez-toc-section\" id=\"Le_masturbateur_play_Tr_myhixel\"><\/span>Il gioco Tr myhixel masturbatore&nbsp;<span class=\"ez-toc-section-end\"><\/span><\/h3>\n\n\n\n<p>Ce sextoy peut \u00eatre utilis\u00e9 seul ou \u00e0 deux. Il permet de retenir l&rsquo;\u00e9jaculation le plus longtemps possible. Gr\u00e2ce \u00e0 sa fonction chauffante, il procure une sensation de douceur et de plaisir. Il est dot\u00e9 d\u2019une batterie rechargeable gr\u00e2ce \u00e0 un fil USB.&nbsp;<\/p>","protected":false},"excerpt":{"rendered":"<p>A L\u2019instar des vibromasseurs pour femmes, les vibromasseurs pour hommes rec\u00e8lent \u00e9galement des sp\u00e9cificit\u00e9s qui conditionnent le choix de tout acheteur. Si vous d\u00e9sirez acqu\u00e9rir votre premier vibromasseur, vous devez tenir compte de certains \u00e9l\u00e9ments.Il s\u2019agit entre autres des sensations recherch\u00e9es, de votre exp\u00e9rience ou encore du design de l\u2019objet. Les crit\u00e8res de choix d\u2019un [&hellip;]<\/p>\n","protected":false},"author":1,"featured_media":0,"parent":0,"menu_order":0,"comment_status":"closed","ping_status":"closed","template":"","meta":{"_acf_changed":false,"_seopress_robots_primary_cat":"","_seopress_titles_title":"","_seopress_titles_desc":"","_seopress_robots_index":"","_uag_custom_page_level_css":"","site-sidebar-layout":"default","site-content-layout":"","ast-site-content-layout":"default","site-content-style":"default","site-sidebar-style":"default","ast-global-header-display":"","ast-banner-title-visibility":"","ast-main-header-display":"","ast-hfb-above-header-display":"","ast-hfb-below-header-display":"","ast-hfb-mobile-header-display":"","site-post-title":"","ast-breadcrumbs-content":"","ast-featured-img":"","footer-sml-layout":"","theme-transparent-header-meta":"","adv-header-id-meta":"","stick-header-meta":"","header-above-stick-meta":"","header-main-stick-meta":"","header-below-stick-meta":"","astra-migrate-meta-layouts":"default","ast-page-background-enabled":"default","ast-page-background-meta":{"desktop":{"background-color":"var(--ast-global-color-4)","background-image":"","background-repeat":"repeat","background-position":"center center","background-size":"auto","background-attachment":"scroll","background-type":"","background-media":"","overlay-type":"","overlay-color":"","overlay-opacity":"","overlay-gradient":""},"tablet":{"background-color":"","background-image":"","background-repeat":"repeat","background-position":"center center","background-size":"auto","background-attachment":"scroll","background-type":"","background-media":"","overlay-type":"","overlay-color":"","overlay-opacity":"","overlay-gradient":""},"mobile":{"background-color":"","background-image":"","background-repeat":"repeat","background-position":"center center","background-size":"auto","background-attachment":"scroll","background-type":"","background-media":"","overlay-type":"","overlay-color":"","overlay-opacity":"","overlay-gradient":""}},"ast-content-background-meta":{"desktop":{"background-color":"var(--ast-global-color-5)","background-image":"","background-repeat":"repeat","background-position":"center center","background-size":"auto","background-attachment":"scroll","background-type":"","background-media":"","overlay-type":"","overlay-color":"","overlay-opacity":"","overlay-gradient":""},"tablet":{"background-color":"var(--ast-global-color-5)","background-image":"","background-repeat":"repeat","background-position":"center center","background-size":"auto","background-attachment":"scroll","background-type":"","background-media":"","overlay-type":"","overlay-color":"","overlay-opacity":"","overlay-gradient":""},"mobile":{"background-color":"var(--ast-global-color-5)","background-image":"","background-repeat":"repeat","background-position":"center center","background-size":"auto","background-attachment":"scroll","background-type":"","background-media":"","overlay-type":"","overlay-color":"","overlay-opacity":"","overlay-gradient":""}},"footnotes":""},"class_list":["post-843","page","type-page","status-publish","hentry"],"acf":[],"uagb_featured_image_src":{"full":false,"thumbnail":false,"medium":false,"medium_large":false,"large":false,"1536x1536":false,"2048x2048":false,"trp-custom-language-flag":false,"ultp_layout_landscape_large":false,"ultp_layout_landscape":false,"ultp_layout_portrait":false,"ultp_layout_square":false},"uagb_author_info":{"display_name":"brigitte","author_link":"https:\/\/god-vibro.com\/it\/author\/brigitte"},"uagb_comment_info":0,"uagb_excerpt":"A L\u2019instar des vibromasseurs pour femmes, les vibromasseurs pour hommes rec\u00e8lent \u00e9galement des sp\u00e9cificit\u00e9s qui conditionnent le choix de tout acheteur. Si vous d\u00e9sirez acqu\u00e9rir votre premier vibromasseur, vous devez tenir compte de certains \u00e9l\u00e9ments.Il s\u2019agit entre autres des sensations recherch\u00e9es, de votre exp\u00e9rience ou encore du design de l\u2019objet. Les crit\u00e8res de choix d\u2019un&hellip;","_links":{"self":[{"href":"https:\/\/god-vibro.com\/it\/wp-json\/wp\/v2\/pages\/843","targetHints":{"allow":["GET"]}}],"collection":[{"href":"https:\/\/god-vibro.com\/it\/wp-json\/wp\/v2\/pages"}],"about":[{"href":"https:\/\/god-vibro.com\/it\/wp-json\/wp\/v2\/types\/page"}],"author":[{"embeddable":true,"href":"https:\/\/god-vibro.com\/it\/wp-json\/wp\/v2\/users\/1"}],"replies":[{"embeddable":true,"href":"https:\/\/god-vibro.com\/it\/wp-json\/wp\/v2\/comments?post=843"}],"version-history":[{"count":0,"href":"https:\/\/god-vibro.com\/it\/wp-json\/wp\/v2\/pages\/843\/revisions"}],"wp:attachment":[{"href":"https:\/\/god-vibro.com\/it\/wp-json\/wp\/v2\/media?parent=843"}],"curies":[{"name":"wp","href":"https:\/\/api.w.org\/{rel}","templated":true}]}}