{"id":610,"date":"2021-11-25T19:34:15","date_gmt":"2021-11-25T19:34:15","guid":{"rendered":"https:\/\/god-vibro.com\/?page_id=610"},"modified":"2021-12-08T01:50:43","modified_gmt":"2021-12-08T01:50:43","slug":"sextoys-connectes-vibromasseur-bluetooth","status":"publish","type":"page","link":"https:\/\/god-vibro.com\/id\/sextoys-terhubung-vibromassage-bluetooth.html","title":{"rendered":"Mainan seks terkoneksi dan vibrator Bluetooth: Cara kerjanya"},"content":{"rendered":"<p>Mempertahankan hubungan jarak jauh pada umumnya sulit. Kontak fisik sangat penting untuk hubungan apa pun. Untungnya, teknologi telah memungkinkan untuk menciptakan mainan seks yang dirancang khusus untuk petualangan jarak jauh.&nbsp;<\/p>\n\n\n\n<p>Mainan seks ini, yang terhubung dari jarak jauh melalui aplikasi, memungkinkan pasangan untuk terus membangkitkan gairah satu sama lain meskipun secara fisik berjauhan.<\/p>\n\n\n\n<div id=\"ez-toc-container\" class=\"ez-toc-v2_0_82_2 counter-hierarchy ez-toc-counter ez-toc-custom ez-toc-container-direction\">\n<div class=\"ez-toc-title-container\">\n<p class=\"ez-toc-title\" style=\"cursor:inherit\">Isi <\/p>\n<span class=\"ez-toc-title-toggle\"><a href=\"#\" class=\"ez-toc-pull-right ez-toc-btn ez-toc-btn-xs ez-toc-btn-default ez-toc-toggle\" aria-label=\"Beralih Daftar Isi\"><span class=\"ez-toc-js-icon-con\"><span class=\"\"><span class=\"eztoc-hide\" style=\"display:none;\">Beralih<\/span><span class=\"ez-toc-icon-toggle-span\"><svg style=\"fill: #999;color:#999\" xmlns=\"http:\/\/www.w3.org\/2000\/svg\" class=\"list-377408\" width=\"20px\" height=\"20px\" viewbox=\"0 0 24 24\" fill=\"none\"><path d=\"M6 6H4v2h2V6zm14 0H8v2h12V6zM4 11h2v2H4v-2zm16 0H8v2h12v-2zM4 16h2v2H4v-2zm16 0H8v2h12v-2z\" fill=\"currentColor\"><\/path><\/svg><svg style=\"fill: #999;color:#999\" class=\"arrow-unsorted-368013\" xmlns=\"http:\/\/www.w3.org\/2000\/svg\" width=\"10px\" height=\"10px\" viewbox=\"0 0 24 24\" version=\"1.2\" baseprofile=\"tiny\"><path d=\"M18.2 9.3l-6.2-6.3-6.2 6.3c-.2.2-.3.4-.3.7s.1.5.3.7c.2.2.4.3.7.3h11c.3 0 .5-.1.7-.3.2-.2.3-.5.3-.7s-.1-.5-.3-.7zM5.8 14.7l6.2 6.3 6.2-6.3c.2-.2.3-.5.3-.7s-.1-.5-.3-.7c-.2-.2-.4-.3-.7-.3h-11c-.3 0-.5.1-.7.3-.2.2-.3.5-.3.7s.1.5.3.7z\"\/><\/svg><\/span><\/span><\/span><\/a><\/span><\/div>\n<nav><ul class='ez-toc-list ez-toc-list-level-1 eztoc-toggle-hide-by-default' ><li class='ez-toc-page-1 ez-toc-heading-level-2'><a class=\"ez-toc-link ez-toc-heading-1\" href=\"https:\/\/god-vibro.com\/id\/sextoys-terhubung-vibromassage-bluetooth.html\/#Fonctionnement_du_sextoy_connecte\" >Cara kerja sextoy yang terhubung&nbsp;<\/a><\/li><li class='ez-toc-page-1 ez-toc-heading-level-2'><a class=\"ez-toc-link ez-toc-heading-2\" href=\"https:\/\/god-vibro.com\/id\/sextoys-terhubung-vibromassage-bluetooth.html\/#Utilisation_dun_sextoy_connecte\" >Menggunakan sextoy yang terhubung&nbsp;<\/a><\/li><li class='ez-toc-page-1 ez-toc-heading-level-2'><a class=\"ez-toc-link ez-toc-heading-3\" href=\"https:\/\/god-vibro.com\/id\/sextoys-terhubung-vibromassage-bluetooth.html\/#Avantage_de_lutilisation_des_sextoys_connectes\" >Keuntungan menggunakan mainan seks yang terhubung&nbsp;<\/a><\/li><li class='ez-toc-page-1 ez-toc-heading-level-2'><a class=\"ez-toc-link ez-toc-heading-4\" href=\"https:\/\/god-vibro.com\/id\/sextoys-terhubung-vibromassage-bluetooth.html\/#Differents_types_de_sextoy_connecte\" >Berbagai jenis sextoy yang terhubung<\/a><ul class='ez-toc-list-level-3' ><li class='ez-toc-heading-level-3'><a class=\"ez-toc-link ez-toc-heading-5\" href=\"https:\/\/god-vibro.com\/id\/sextoys-terhubung-vibromassage-bluetooth.html\/#Le_stimulateur_de_clitoris\" >Stimulator klitoris&nbsp;<\/a><\/li><li class='ez-toc-page-1 ez-toc-heading-level-3'><a class=\"ez-toc-link ez-toc-heading-6\" href=\"https:\/\/god-vibro.com\/id\/sextoys-terhubung-vibromassage-bluetooth.html\/#Le_stimulateur_anal\" >Stimulator anal&nbsp;<\/a><\/li><li class='ez-toc-page-1 ez-toc-heading-level-3'><a class=\"ez-toc-link ez-toc-heading-7\" href=\"https:\/\/god-vibro.com\/id\/sextoys-terhubung-vibromassage-bluetooth.html\/#Le_stimulateur_prostatique\" >Stimulator prostat<\/a><\/li><\/ul><\/li><li class='ez-toc-page-1 ez-toc-heading-level-2'><a class=\"ez-toc-link ez-toc-heading-8\" href=\"https:\/\/god-vibro.com\/id\/sextoys-terhubung-vibromassage-bluetooth.html\/#Top_07_des_meilleurs_sextoys_connectes\" >07 mainan seks terkoneksi terbaik teratas<\/a><ul class='ez-toc-list-level-3' ><li class='ez-toc-heading-level-3'><a class=\"ez-toc-link ez-toc-heading-9\" href=\"https:\/\/god-vibro.com\/id\/sextoys-terhubung-vibromassage-bluetooth.html\/#We-Vibe_Chorus\" >Paduan Suara We-Vibe<\/a><\/li><li class='ez-toc-page-1 ez-toc-heading-level-3'><a class=\"ez-toc-link ez-toc-heading-10\" href=\"https:\/\/god-vibro.com\/id\/sextoys-terhubung-vibromassage-bluetooth.html\/#Vibrateur_pour_culotte_We-Vibe_Moxie\" >Vibrator celana dalam We-Vibe Moxie<\/a><\/li><li class='ez-toc-page-1 ez-toc-heading-level-3'><a class=\"ez-toc-link ez-toc-heading-11\" href=\"https:\/\/god-vibro.com\/id\/sextoys-terhubung-vibromassage-bluetooth.html\/#Clion_par_KIIROO_Vibrateur_de_stimulation_du_clitoris\" >Clion oleh KIIROO Vibrator stimulasi klitoris<\/a><\/li><li class='ez-toc-page-1 ez-toc-heading-level-3'><a class=\"ez-toc-link ez-toc-heading-12\" href=\"https:\/\/god-vibro.com\/id\/sextoys-terhubung-vibromassage-bluetooth.html\/#Vibrateur_pour_culotte_de_luxe_controle_par_une_application\" >Vibrator celana dalam mewah yang dikendalikan aplikasi<\/a><\/li><li class='ez-toc-page-1 ez-toc-heading-level-3'><a class=\"ez-toc-link ez-toc-heading-13\" href=\"https:\/\/god-vibro.com\/id\/sextoys-terhubung-vibromassage-bluetooth.html\/#Masturbateur_masculin_interactif_KIIROO_Onyx\" >KIIROO Onyx + masturbator pria interaktif<\/a><\/li><li class='ez-toc-page-1 ez-toc-heading-level-3'><a class=\"ez-toc-link ez-toc-heading-14\" href=\"https:\/\/god-vibro.com\/id\/sextoys-terhubung-vibromassage-bluetooth.html\/#We-Vibe_Pivot_Anneau_de_bite_vibrant_controle_par_une_application\" >Cincin penis bergetar We-Vibe Pivot yang dikendalikan oleh aplikasi<\/a><\/li><li class='ez-toc-page-1 ez-toc-heading-level-3'><a class=\"ez-toc-link ez-toc-heading-15\" href=\"https:\/\/god-vibro.com\/id\/sextoys-terhubung-vibromassage-bluetooth.html\/#Vibrateur_pour_culotte_Vibease\" >Vibrator untuk celana dalam Vibease<\/a><\/li><\/ul><\/li><\/ul><\/nav><\/div>\n<h2 class=\"wp-block-heading\"><span class=\"ez-toc-section\" id=\"Fonctionnement_du_sextoy_connecte\"><\/span>Cara kerja sextoy yang terhubung&nbsp;<span class=\"ez-toc-section-end\"><\/span><\/h2>\n\n\n\n<p>Pengoperasian sextoy yang terhubung itu sederhana. Satu pasangan memegang sextoy dan pasangan lainnya mengontrolnya melalui aplikasi.<\/p>\n\n\n\n<p>Diinstal di Android atau iOS, aplikasi ini disertakan dengan sextoy dan dapat digunakan dari mana saja yang terhubung ke internet.<\/p>\n\n\n\n<p>Duduk, bersantai, atau berkumpul melalui Skype, misalnya, dan nikmati momen spesial bersama.<\/p>\n\n\n\n<p>Jenis sextoy ini juga dapat digunakan secara langsung di pesta makan malam untuk meningkatkan gairah, atau sendirian untuk para lajang.<\/p>\n\n\n\n<h2 class=\"wp-block-heading\"><span class=\"ez-toc-section\" id=\"Utilisation_dun_sextoy_connecte\"><\/span>Menggunakan sextoy yang terhubung&nbsp;<span class=\"ez-toc-section-end\"><\/span><\/h2>\n\n\n\n<p>Bacalah panduan pengguna untuk sextoy Anda yang terhubung untuk mengetahui nama aplikasi yang harus diunduh atau Kode QR yang harus dipindai untuk menghubungkan sextoy Anda ke ponsel. &nbsp;<\/p>\n\n\n\n<p>Jika ini adalah vibrator untuk celana dalam, letakkan di celana dalam Anda dan mainkan dengan mode intensitas. Anda juga dapat menyerahkan fungsi ini kepada pasangan Anda. Dia akan memegang kendali atas perangkat dan bertanggung jawab untuk memberikan Anda kenikmatan.&nbsp;<\/p>\n\n\n\n<p>We-vibe adalah teknologi yang sangat kuat. Gadget dengan sistem ini dapat beroperasi hingga ribuan kilometer jauhnya. Untuk menggunakannya, Anda perlu menyimpan pengaturan pada aplikasi yang telah Anda unduh. Kemudian Anda mengirim undangan ke pasangan Anda. Aplikasi ini memiliki perintah video dan suara. Pasangkan dengan ponsel Anda dan biarkan imajinasi Anda melakukan sisanya.<\/p>\n\n\n\n<figure class=\"wp-block-image\"><img decoding=\"async\" src=\"https:\/\/lh3.googleusercontent.com\/JbQ74IPjPN47ZOc668J_ZHHX9DPZj02nQ7m4n1xgg43KFSeOZ5L5R4cRqXhJvdvIgrtWr4ktn0q3KaUVgQJfPVwLsRAj6iNiWosXkLN-uaQKZaerhFUOTWbLhsXzjQTYejO6eFH6\" alt=\"\"\/><\/figure>\n\n\n\n<h2 class=\"wp-block-heading\"><span class=\"ez-toc-section\" id=\"Avantage_de_lutilisation_des_sextoys_connectes\"><\/span>Keuntungan menggunakan mainan seks yang terhubung&nbsp;<span class=\"ez-toc-section-end\"><\/span><\/h2>\n\n\n\n<p>Dengan mainan seks yang terhubung, Anda dapat bermasturbasi, memberikan kenikmatan pada pasangan Anda atau menerima kenikmatan sendiri. Dengan bantuan beberapa mainan seks terbaik untuk pasangan yang ada di pasaran, pasangan Anda akan merasa seperti menjadi bagian dari aksi tersebut. Kami tidak bisa menjanjikan bahwa mainan ini akan menyelamatkan hubungan jarak jauh, tetapi mainan ini akan tetap membantu menjaga hubungan tetap berjalan dan meringankan rasa frustrasi seksual.<\/p>\n\n\n\n<p>Jangan lupa untuk menggunakan pelumas dan membersihkan benda-benda secara menyeluruh setelah digunakan.&nbsp;<\/p>\n\n\n\n<h2 class=\"wp-block-heading\"><span class=\"ez-toc-section\" id=\"Differents_types_de_sextoy_connecte\"><\/span>Berbagai jenis sextoy yang terhubung<span class=\"ez-toc-section-end\"><\/span><\/h2>\n\n\n\n<p>Ada beberapa jenis mainan seks yang terhubung, termasuk :&nbsp;<\/p>\n\n\n\n<ul class=\"wp-block-list\"><li>stimulator klitoris ;<\/li><li>stimulator anal ;<\/li><li>stimulator prostat ;<\/li><li>vibrator;<\/li><li>telur bergetar ;<\/li><li>dll.<\/li><\/ul>\n\n\n\n<h3 class=\"wp-block-heading\"><span class=\"ez-toc-section\" id=\"Le_stimulateur_de_clitoris\"><\/span>Stimulator klitoris&nbsp;<span class=\"ez-toc-section-end\"><\/span><\/h3>\n\n\n\n<p>Mainan yang sangat baik untuk merangsang G-spot pasangan Anda. Dapat digunakan sendiri atau bersama pasangan. Untuk kenikmatan yang lebih, serahkan kontrol intensitasnya pada pasangan Anda. Anda tidak akan menyesalinya.&nbsp;<\/p>\n\n\n\n<p>Stimulator jenis ini dapat digunakan untuk pemanasan, dan bahkan dapat membantu pasangan Anda mencapai orgasme.<\/p>\n\n\n\n<h3 class=\"wp-block-heading\"><span class=\"ez-toc-section\" id=\"Le_stimulateur_anal\"><\/span>Stimulator anal&nbsp;<span class=\"ez-toc-section-end\"><\/span><\/h3>\n\n\n\n<p>Stimulator anal adalah mainan seks yang terhubung yang memberi Anda sensasi pada pembukaan anus. Mainan yang bagus untuk siapa saja yang ingin mencoba sensasi baru, mainan ini tersedia dalam berbagai ukuran, bentuk, dan tekstur. Pilihlah yang tepat untuk Anda dan hubungkan ke ponsel cerdas Anda.&nbsp;<\/p>\n\n\n\n<h3 class=\"wp-block-heading\"><span class=\"ez-toc-section\" id=\"Le_stimulateur_prostatique\"><\/span>Stimulator prostat<span class=\"ez-toc-section-end\"><\/span><\/h3>\n\n\n\n<p>Ini adalah alat masturbasi yang sangat baik untuk pria.  Alat ini memungkinkan Anda untuk mengenal tubuh Anda lebih baik dan menikmati diri Anda sendiri atau bersama pasangan. Untuk meningkatkan aksi, biarkan pasangan Anda menentukan kekuatan dan intensitas getaran.&nbsp;<\/p>\n\n\n\n<figure class=\"wp-block-image\"><img decoding=\"async\" src=\"https:\/\/lh5.googleusercontent.com\/V5NQNT04Tt6GfMKDtJG15rYJaEMlMMVXT1_bSeNC7wSS7duzKuzEb4uiTnAFLAseS0jZEP5GsqrgXFX1YH0QmH_xYsSDoT93onGLlTJG78hC0uoJKAdR4X4Peibgxp5JdF0aMfdw\" alt=\"\"\/><\/figure>\n\n\n\n<h2 class=\"wp-block-heading\"><span class=\"ez-toc-section\" id=\"Top_07_des_meilleurs_sextoys_connectes\"><\/span>07 mainan seks terkoneksi terbaik teratas<span class=\"ez-toc-section-end\"><\/span><\/h2>\n\n\n\n<p>Ada banyak mainan seks yang terhubung. Di antara berbagai macam ini, kami dapat menyebutkan :&nbsp;<\/p>\n\n\n\n<ul class=\"wp-block-list\"><li>paduan suara we-vibre ;<\/li><li>Vibrator celana dalam We-Vibe Moxie;<\/li><li>clion oleh KIIROO Vibrator stimulasi klitoris;<\/li><li>vibrator celana dalam mewah yang dikendalikan oleh aplikasi; ;<\/li><li>mastubarator pria interaktif KIIROO Onyx+;<\/li><li>we-vibe Pivot Cincin penis bergetar yang dikendalikan oleh aplikasi.<\/li><\/ul>\n\n\n\n<p>Mainan seks yang terhubung ini telah kami pilih berdasarkan kualitas, bahan pembuatan, harga, dan ulasan pelanggan.&nbsp;<\/p>\n\n\n\n<h3 class=\"wp-block-heading\"><span class=\"ez-toc-section\" id=\"We-Vibe_Chorus\"><\/span>Paduan Suara We-Vibe<span class=\"ez-toc-section-end\"><\/span><\/h3>\n\n\n\n<p>Mainan dari We-Vibe ini dirancang untuk beradaptasi dengan bentuk orang yang memakainya, memberikan kesenangan hands-free di dalam dan di luar ruangan. Tahan air dan dapat diisi ulang, alat ini menawarkan 3 kecepatan, 7 mode getaran, dan remote control berteknologi tinggi yang dapat menyesuaikan intensitas getaran sesuai keinginan Anda.&nbsp;<\/p>\n\n\n\n<p>Alat ini terhubung dengan aplikasi ponsel sehingga pasangan Anda dapat bermain dengan Anda di mana pun mereka berada. Cukup serbaguna untuk digunakan saat berhubungan seks ketika Anda akhirnya bertemu langsung.<\/p>\n\n\n\n<h3 class=\"wp-block-heading\"><span class=\"ez-toc-section\" id=\"Vibrateur_pour_culotte_We-Vibe_Moxie\"><\/span>Vibrator celana dalam We-Vibe Moxie<span class=\"ez-toc-section-end\"><\/span><\/h3>\n\n\n\n<p>Penggemar Moxie menyukai vibrator celana dalam yang dapat dikenakan ini karena ukurannya yang tidak mencolok. Alat ini memiliki magnet datar seukuran kerikil yang memungkinkannya dipasang ke pakaian dalam apa pun. Memiliki 10 mode getaran, jadi ada banyak variasi. Dilengkapi dengan remote control yang mudah digunakan dan bekerja dengan aplikasi We-Connect.<\/p>\n\n\n\n<h3 class=\"wp-block-heading\"><span class=\"ez-toc-section\" id=\"Clion_par_KIIROO_Vibrateur_de_stimulation_du_clitoris\"><\/span>Clion oleh KIIROO Vibrator stimulasi klitoris<span class=\"ez-toc-section-end\"><\/span><\/h3>\n\n\n\n<p>Mainan teknologi KIIROO yang berbasis di Amsterdam dibuat \u00bbuntuk cinta online\u00ab, dan stimulator klitoris tahan air yang cantik ini kompatibel untuk dihubungkan dengan produk mereka yang lain.&nbsp;<\/p>\n\n\n\n<p>Seperti sarung tangan untuk pasangan yang memiliki penis, atau lini OhMiBod melalui aplikasi FeelConnect untuk iOS dan Android, mereka memiliki sejumlah gadget yang memungkinkan pasangan untuk saling menstimulasi satu sama lain.&nbsp;<\/p>\n\n\n\n<p>Dengan headset virtual reality (VR), misalnya, orang juga dapat menggunakan mainan mereka dengan konten dewasa yang interaktif.<\/p>\n\n\n\n<h3 class=\"wp-block-heading\"><span class=\"ez-toc-section\" id=\"Vibrateur_pour_culotte_de_luxe_controle_par_une_application\"><\/span>Vibrator celana dalam mewah yang dikendalikan aplikasi<span class=\"ez-toc-section-end\"><\/span><\/h3>\n\n\n\n<p>Masuknya Lovehoney ke dunia vibrator celana dalam yang dikendalikan oleh aplikasi telah menjadi bahan kritikan. Gadget ini menawarkan dua belas kecepatan dan delapan pola. Alat ini juga dilengkapi dengan pakaian dalam berenda hitam yang diikat dengan pita untuk menampung sextoy tersebut.&nbsp;<\/p>\n\n\n\n<p>Kamera ini tahan air dan Anda dapat menggunakan kontrol di aplikasi Desire untuk bersenang-senang dengan bebas, atau membiarkan pasangan Anda melakukannya untuk Anda.<\/p>\n\n\n\n<h3 class=\"wp-block-heading\"><span class=\"ez-toc-section\" id=\"Masturbateur_masculin_interactif_KIIROO_Onyx\"><\/span>KIIROO Onyx + masturbator pria interaktif<span class=\"ez-toc-section-end\"><\/span><\/h3>\n\n\n\n<p>Untuk pasangan yang ingin meniru pengalaman seks secara langsung (sejauh realitas dapat disimulasikan oleh teknologi), Kiiroo Onyx+ adalah masturbator yang diulas dengan baik.&nbsp;<\/p>\n\n\n\n<p>Alat ini terhubung ke Cliona dan mainan Bluetooth lainnya dari merek tersebut untuk sesi obrolan video yang menyenangkan. Dengan 10 cincin kontrak di dalamnya, ia memiliki tiga mode (termasuk \u00abinteraktif\u00bb). Anda juga bisa membeli Onyx dan Cliona sebagai sepasang.&nbsp;<\/p>\n\n\n\n<h3 class=\"wp-block-heading\"><span class=\"ez-toc-section\" id=\"We-Vibe_Pivot_Anneau_de_bite_vibrant_controle_par_une_application\"><\/span>Cincin penis bergetar We-Vibe Pivot yang dikendalikan oleh aplikasi<span class=\"ez-toc-section-end\"><\/span><\/h3>\n\n\n\n<p>Pivot sangat ideal untuk penggunaan solo atau saat berhubungan seks tatap muka, karena menawarkan lebih dari 10 pilihan getaran. Anda juga dapat menggunakan aplikasi We-Connect untuk mengontrol getaran cincin dari jarak jauh dan mempersonalisasi pengaturan dengan mengingat pola getaran yang Anda sukai untuk digunakan di lain waktu.<\/p>\n\n\n\n<figure class=\"wp-block-image\"><img decoding=\"async\" src=\"https:\/\/lh6.googleusercontent.com\/1PJPWsqFksXUa8CZiikB6HvhtmgPcfr_RYLMa7pwZJyxLsrxSaDJbFovTA-rW1Km-YCj8CCWQSiIZMxTd712Ut64qxu22GaqlzQ7BEXGh9_U85hIuFy2ieGNDypi12zdvmvOcGHc\" alt=\"\"\/><\/figure>\n\n\n\n<h3 class=\"wp-block-heading\"><span class=\"ez-toc-section\" id=\"Vibrateur_pour_culotte_Vibease\"><\/span>Vibrator untuk celana dalam Vibease<span class=\"ez-toc-section-end\"><\/span><\/h3>\n\n\n\n<p>Vibease adalah vibrator celana dalam dengan sentuhan sastra. Alat ini tersinkronisasi dengan serangkaian buku audio seksi melalui aplikasi. Ini adalah kabar baik bagi para penggemar erotika. Anda bisa menggunakannya sendiri atau dengan pasangan berkat aplikasi yang disediakan. Bentuknya yang runcing sangat ideal untuk berbagai macam pengguna. Vibease juga memiliki 5 mode getaran, jadi selalu ada sesuatu untuk semua orang.<\/p>\n\n\n\n<p><\/p>\n\n\n\n<p><\/p>","protected":false},"excerpt":{"rendered":"<p>Entretenir une relation \u00e0 distance est g\u00e9n\u00e9ralement difficile. Les rapports physiques sont en effet primordiaux pour toute relation de couple. Heureusement,&nbsp; la technologie a permis de cr\u00e9er des jouets sexuels sp\u00e9cialement con\u00e7us pour les aventures \u00e0 distance.&nbsp; Ces sextoys, connect\u00e9s \u00e0 distance via une application, permettent aux couples de continuer \u00e0 s\u2019exciter mutuellement m\u00eame s&rsquo; [&hellip;]<\/p>\n","protected":false},"author":1,"featured_media":612,"parent":0,"menu_order":0,"comment_status":"closed","ping_status":"closed","template":"","meta":{"_acf_changed":false,"_seopress_robots_primary_cat":"","_seopress_titles_title":"","_seopress_titles_desc":"","_seopress_robots_index":"","_uag_custom_page_level_css":"","site-sidebar-layout":"default","site-content-layout":"","ast-site-content-layout":"default","site-content-style":"default","site-sidebar-style":"default","ast-global-header-display":"","ast-banner-title-visibility":"","ast-main-header-display":"","ast-hfb-above-header-display":"","ast-hfb-below-header-display":"","ast-hfb-mobile-header-display":"","site-post-title":"","ast-breadcrumbs-content":"","ast-featured-img":"","footer-sml-layout":"","theme-transparent-header-meta":"","adv-header-id-meta":"","stick-header-meta":"","header-above-stick-meta":"","header-main-stick-meta":"","header-below-stick-meta":"","astra-migrate-meta-layouts":"default","ast-page-background-enabled":"default","ast-page-background-meta":{"desktop":{"background-color":"var(--ast-global-color-4)","background-image":"","background-repeat":"repeat","background-position":"center center","background-size":"auto","background-attachment":"scroll","background-type":"","background-media":"","overlay-type":"","overlay-color":"","overlay-opacity":"","overlay-gradient":""},"tablet":{"background-color":"","background-image":"","background-repeat":"repeat","background-position":"center center","background-size":"auto","background-attachment":"scroll","background-type":"","background-media":"","overlay-type":"","overlay-color":"","overlay-opacity":"","overlay-gradient":""},"mobile":{"background-color":"","background-image":"","background-repeat":"repeat","background-position":"center center","background-size":"auto","background-attachment":"scroll","background-type":"","background-media":"","overlay-type":"","overlay-color":"","overlay-opacity":"","overlay-gradient":""}},"ast-content-background-meta":{"desktop":{"background-color":"var(--ast-global-color-5)","background-image":"","background-repeat":"repeat","background-position":"center center","background-size":"auto","background-attachment":"scroll","background-type":"","background-media":"","overlay-type":"","overlay-color":"","overlay-opacity":"","overlay-gradient":""},"tablet":{"background-color":"var(--ast-global-color-5)","background-image":"","background-repeat":"repeat","background-position":"center center","background-size":"auto","background-attachment":"scroll","background-type":"","background-media":"","overlay-type":"","overlay-color":"","overlay-opacity":"","overlay-gradient":""},"mobile":{"background-color":"var(--ast-global-color-5)","background-image":"","background-repeat":"repeat","background-position":"center center","background-size":"auto","background-attachment":"scroll","background-type":"","background-media":"","overlay-type":"","overlay-color":"","overlay-opacity":"","overlay-gradient":""}},"footnotes":""},"class_list":["post-610","page","type-page","status-publish","has-post-thumbnail","hentry"],"acf":[],"uagb_featured_image_src":{"full":["https:\/\/god-vibro.com\/wp-content\/uploads\/2021\/11\/sextoy-connecte.jpg",850,494,false],"thumbnail":["https:\/\/god-vibro.com\/wp-content\/uploads\/2021\/11\/sextoy-connecte-150x150.jpg",150,150,true],"medium":["https:\/\/god-vibro.com\/wp-content\/uploads\/2021\/11\/sextoy-connecte-300x174.jpg",300,174,true],"medium_large":["https:\/\/god-vibro.com\/wp-content\/uploads\/2021\/11\/sextoy-connecte-768x446.jpg",768,446,true],"large":["https:\/\/god-vibro.com\/wp-content\/uploads\/2021\/11\/sextoy-connecte.jpg",850,494,false],"1536x1536":["https:\/\/god-vibro.com\/wp-content\/uploads\/2021\/11\/sextoy-connecte.jpg",850,494,false],"2048x2048":["https:\/\/god-vibro.com\/wp-content\/uploads\/2021\/11\/sextoy-connecte.jpg",850,494,false],"trp-custom-language-flag":["https:\/\/god-vibro.com\/wp-content\/uploads\/2021\/11\/sextoy-connecte.jpg",18,10,false],"ultp_layout_landscape_large":["https:\/\/god-vibro.com\/wp-content\/uploads\/2021\/11\/sextoy-connecte.jpg",850,494,false],"ultp_layout_landscape":["https:\/\/god-vibro.com\/wp-content\/uploads\/2021\/11\/sextoy-connecte.jpg",850,494,false],"ultp_layout_portrait":["https:\/\/god-vibro.com\/wp-content\/uploads\/2021\/11\/sextoy-connecte.jpg",600,349,false],"ultp_layout_square":["https:\/\/god-vibro.com\/wp-content\/uploads\/2021\/11\/sextoy-connecte.jpg",600,349,false]},"uagb_author_info":{"display_name":"brigitte","author_link":"https:\/\/god-vibro.com\/id\/author\/brigitte"},"uagb_comment_info":0,"uagb_excerpt":"Entretenir une relation \u00e0 distance est g\u00e9n\u00e9ralement difficile. Les rapports physiques sont en effet primordiaux pour toute relation de couple. Heureusement,&nbsp; la technologie a permis de cr\u00e9er des jouets sexuels sp\u00e9cialement con\u00e7us pour les aventures \u00e0 distance.&nbsp; Ces sextoys, connect\u00e9s \u00e0 distance via une application, permettent aux couples de continuer \u00e0 s\u2019exciter mutuellement m\u00eame s&rsquo;&hellip;","_links":{"self":[{"href":"https:\/\/god-vibro.com\/id\/wp-json\/wp\/v2\/pages\/610","targetHints":{"allow":["GET"]}}],"collection":[{"href":"https:\/\/god-vibro.com\/id\/wp-json\/wp\/v2\/pages"}],"about":[{"href":"https:\/\/god-vibro.com\/id\/wp-json\/wp\/v2\/types\/page"}],"author":[{"embeddable":true,"href":"https:\/\/god-vibro.com\/id\/wp-json\/wp\/v2\/users\/1"}],"replies":[{"embeddable":true,"href":"https:\/\/god-vibro.com\/id\/wp-json\/wp\/v2\/comments?post=610"}],"version-history":[{"count":0,"href":"https:\/\/god-vibro.com\/id\/wp-json\/wp\/v2\/pages\/610\/revisions"}],"wp:featuredmedia":[{"embeddable":true,"href":"https:\/\/god-vibro.com\/id\/wp-json\/wp\/v2\/media\/612"}],"wp:attachment":[{"href":"https:\/\/god-vibro.com\/id\/wp-json\/wp\/v2\/media?parent=610"}],"curies":[{"name":"wp","href":"https:\/\/api.w.org\/{rel}","templated":true}]}}