{"id":843,"date":"2021-12-08T00:30:31","date_gmt":"2021-12-08T00:30:31","guid":{"rendered":"https:\/\/god-vibro.com\/?page_id=843"},"modified":"2021-12-08T01:50:43","modified_gmt":"2021-12-08T01:50:43","slug":"choisir-son-premier-sextoy-homme","status":"publish","type":"page","link":"https:\/\/god-vibro.com\/hu\/az-elso-ferfiszexualis-jatekszer-kivalasztasa.html","title":{"rendered":"Az els\u0151 f\u00e9rfi vibr\u00e1tor kiv\u00e1laszt\u00e1sa"},"content":{"rendered":"<p>A n\u0151knek sz\u00e1nt vibr\u00e1torokhoz hasonl\u00f3an a f\u00e9rfiaknak sz\u00e1nt vibr\u00e1toroknak is megvannak a maguk k\u00fcl\u00f6nleges jellemz\u0151i, amelyek meghat\u00e1rozz\u00e1k b\u00e1rmely v\u00e1s\u00e1rl\u00f3 v\u00e1laszt\u00e1s\u00e1t. Ha az els\u0151 vibr\u00e1tor\u00e1t szeretn\u00e9 megv\u00e1s\u00e1rolni, sz\u00e1mos t\u00e9nyez\u0151t kell figyelembe vennie, t\u00f6bbek k\u00f6z\u00f6tt az \u00e9rz\u00e9seket, amelyeket keres, a tapasztalatait \u00e9s az eszk\u00f6z kialak\u00edt\u00e1s\u00e1t.<\/p>\n\n\n\n<div id=\"ez-toc-container\" class=\"ez-toc-v2_0_82_2 counter-hierarchy ez-toc-counter ez-toc-custom ez-toc-container-direction\">\n<div class=\"ez-toc-title-container\">\n<p class=\"ez-toc-title\" style=\"cursor:inherit\">Tartalomjegyz\u00e9k <\/p>\n<span class=\"ez-toc-title-toggle\"><a href=\"#\" class=\"ez-toc-pull-right ez-toc-btn ez-toc-btn-xs ez-toc-btn-default ez-toc-toggle\" aria-label=\"Toggle Tartalomjegyz\u00e9k\"><span class=\"ez-toc-js-icon-con\"><span class=\"\"><span class=\"eztoc-hide\" style=\"display:none;\">Toggle<\/span><span class=\"ez-toc-icon-toggle-span\"><svg style=\"fill: #999;color:#999\" xmlns=\"http:\/\/www.w3.org\/2000\/svg\" class=\"list-377408\" width=\"20px\" height=\"20px\" viewbox=\"0 0 24 24\" fill=\"none\"><path d=\"M6 6H4v2h2V6zm14 0H8v2h12V6zM4 11h2v2H4v-2zm16 0H8v2h12v-2zM4 16h2v2H4v-2zm16 0H8v2h12v-2z\" fill=\"currentColor\"><\/path><\/svg><svg style=\"fill: #999;color:#999\" class=\"arrow-unsorted-368013\" xmlns=\"http:\/\/www.w3.org\/2000\/svg\" width=\"10px\" height=\"10px\" viewbox=\"0 0 24 24\" version=\"1.2\" baseprofile=\"tiny\"><path d=\"M18.2 9.3l-6.2-6.3-6.2 6.3c-.2.2-.3.4-.3.7s.1.5.3.7c.2.2.4.3.7.3h11c.3 0 .5-.1.7-.3.2-.2.3-.5.3-.7s-.1-.5-.3-.7zM5.8 14.7l6.2 6.3 6.2-6.3c.2-.2.3-.5.3-.7s-.1-.5-.3-.7c-.2-.2-.4-.3-.7-.3h-11c-.3 0-.5.1-.7.3-.2.2-.3.5-.3.7s.1.5.3.7z\"\/><\/svg><\/span><\/span><\/span><\/a><\/span><\/div>\n<nav><ul class='ez-toc-list ez-toc-list-level-1 eztoc-toggle-hide-by-default' ><li class='ez-toc-page-1 ez-toc-heading-level-2'><a class=\"ez-toc-link ez-toc-heading-1\" href=\"https:\/\/god-vibro.com\/hu\/az-elso-ferfiszexualis-jatekszer-kivalasztasa.html\/#Les_criteres_de_choix_dun_vibromasseur\" >A vibr\u00e1tor kiv\u00e1laszt\u00e1s\u00e1nak krit\u00e9riumai&nbsp;<\/a><ul class='ez-toc-list-level-3' ><li class='ez-toc-heading-level-3'><a class=\"ez-toc-link ez-toc-heading-2\" href=\"https:\/\/god-vibro.com\/hu\/az-elso-ferfiszexualis-jatekszer-kivalasztasa.html\/#_Vos_preferences\" >&nbsp;&nbsp;&nbsp;&nbsp;&nbsp;Az \u00d6n preferenci\u00e1i<\/a><\/li><li class='ez-toc-page-1 ez-toc-heading-level-3'><a class=\"ez-toc-link ez-toc-heading-3\" href=\"https:\/\/god-vibro.com\/hu\/az-elso-ferfiszexualis-jatekszer-kivalasztasa.html\/#_Votre_experience\" >&nbsp;&nbsp;&nbsp;&nbsp;Az \u00d6n tapasztalata<\/a><\/li><li class='ez-toc-page-1 ez-toc-heading-level-3'><a class=\"ez-toc-link ez-toc-heading-4\" href=\"https:\/\/god-vibro.com\/hu\/az-elso-ferfiszexualis-jatekszer-kivalasztasa.html\/#_Les_materiaux_et_la_texture\" >&nbsp;&nbsp;Anyagok \u00e9s text\u00fara<\/a><\/li><li class='ez-toc-page-1 ez-toc-heading-level-3'><a class=\"ez-toc-link ez-toc-heading-5\" href=\"https:\/\/god-vibro.com\/hu\/az-elso-ferfiszexualis-jatekszer-kivalasztasa.html\/#_Le_design\" >&nbsp;&nbsp;A tervez\u00e9s&nbsp;<\/a><\/li><li class='ez-toc-page-1 ez-toc-heading-level-3'><a class=\"ez-toc-link ez-toc-heading-6\" href=\"https:\/\/god-vibro.com\/hu\/az-elso-ferfiszexualis-jatekszer-kivalasztasa.html\/#_Lintensite_des_vibrations\" >&nbsp;&nbsp;A rezg\u00e9sek intenzit\u00e1sa<\/a><\/li><li class='ez-toc-page-1 ez-toc-heading-level-3'><a class=\"ez-toc-link ez-toc-heading-7\" href=\"https:\/\/god-vibro.com\/hu\/az-elso-ferfiszexualis-jatekszer-kivalasztasa.html\/#_Le_prix\" >&nbsp;&nbsp;&nbsp;Az \u00e1r<\/a><\/li><\/ul><\/li><li class='ez-toc-page-1 ez-toc-heading-level-2'><a class=\"ez-toc-link ez-toc-heading-8\" href=\"https:\/\/god-vibro.com\/hu\/az-elso-ferfiszexualis-jatekszer-kivalasztasa.html\/#Les_avantages_de_lutilisation_dun_vibromasseur\" >A vibr\u00e1tor haszn\u00e1lat\u00e1nak el\u0151nyei&nbsp;<\/a><ul class='ez-toc-list-level-3' ><li class='ez-toc-heading-level-3'><a class=\"ez-toc-link ez-toc-heading-9\" href=\"https:\/\/god-vibro.com\/hu\/az-elso-ferfiszexualis-jatekszer-kivalasztasa.html\/#_Se_procurer_du_plaisir_soi_meme\" >&nbsp;&nbsp;\u00d6r\u00f6mszerz\u00e9s magadnak&nbsp;<\/a><\/li><li class='ez-toc-page-1 ez-toc-heading-level-3'><a class=\"ez-toc-link ez-toc-heading-10\" href=\"https:\/\/god-vibro.com\/hu\/az-elso-ferfiszexualis-jatekszer-kivalasztasa.html\/#_Allez_a_la_decouverte_de_nouvelles_sensations\" >&nbsp;&nbsp;Fedezzen fel \u00faj \u00e9rz\u00e9seket&nbsp;<\/a><\/li><\/ul><\/li><li class='ez-toc-page-1 ez-toc-heading-level-2'><a class=\"ez-toc-link ez-toc-heading-11\" href=\"https:\/\/god-vibro.com\/hu\/az-elso-ferfiszexualis-jatekszer-kivalasztasa.html\/#Quelques_meilleurs_vibromasseurs_pour_homme\" >N\u00e9h\u00e1ny a legjobb vibr\u00e1torok f\u00e9rfiak sz\u00e1m\u00e1ra<\/a><ul class='ez-toc-list-level-3' ><li class='ez-toc-heading-level-3'><a class=\"ez-toc-link ez-toc-heading-12\" href=\"https:\/\/god-vibro.com\/hu\/az-elso-ferfiszexualis-jatekszer-kivalasztasa.html\/#Legg_tenga\" >A toj\u00e1s tenga&nbsp;<\/a><\/li><li class='ez-toc-page-1 ez-toc-heading-level-3'><a class=\"ez-toc-link ez-toc-heading-13\" href=\"https:\/\/god-vibro.com\/hu\/az-elso-ferfiszexualis-jatekszer-kivalasztasa.html\/#Le_double_anneau_vibrant\" >A kett\u0151s rezg\u0151gy\u0171r\u0171&nbsp;<\/a><\/li><li class='ez-toc-page-1 ez-toc-heading-level-3'><a class=\"ez-toc-link ez-toc-heading-14\" href=\"https:\/\/god-vibro.com\/hu\/az-elso-ferfiszexualis-jatekszer-kivalasztasa.html\/#Les_anneaux_ou_cockrings\" >Gy\u0171r\u0171k vagy kakasgy\u0171r\u0171k<\/a><\/li><li class='ez-toc-page-1 ez-toc-heading-level-3'><a class=\"ez-toc-link ez-toc-heading-15\" href=\"https:\/\/god-vibro.com\/hu\/az-elso-ferfiszexualis-jatekszer-kivalasztasa.html\/#Les_vibromasseurs_plugs_et_chapelets\" >Vibr\u00e1tor dug\u00f3k \u00e9s r\u00f3zsaf\u00fcz\u00e9rek&nbsp;<\/a><\/li><li class='ez-toc-page-1 ez-toc-heading-level-3'><a class=\"ez-toc-link ez-toc-heading-16\" href=\"https:\/\/god-vibro.com\/hu\/az-elso-ferfiszexualis-jatekszer-kivalasztasa.html\/#Les_gaines_ou_masturbateurs\" >H\u00fcvelyek vagy maszturb\u00e1torok&nbsp;<\/a><\/li><li class='ez-toc-page-1 ez-toc-heading-level-3'><a class=\"ez-toc-link ez-toc-heading-17\" href=\"https:\/\/god-vibro.com\/hu\/az-elso-ferfiszexualis-jatekszer-kivalasztasa.html\/#Le_masturbateur_play_Tr_myhixel\" >A j\u00e1t\u00e9k Tr myhixel maszturb\u00e1tor&nbsp;<\/a><\/li><\/ul><\/li><\/ul><\/nav><\/div>\n<h2 class=\"wp-block-heading\"><span class=\"ez-toc-section\" id=\"Les_criteres_de_choix_dun_vibromasseur\"><\/span>A vibr\u00e1tor kiv\u00e1laszt\u00e1s\u00e1nak krit\u00e9riumai&nbsp;<span class=\"ez-toc-section-end\"><\/span><\/h2>\n\n\n\n<p>A min\u0151s\u00e9gi vibr\u00e1tor kiv\u00e1laszt\u00e1s\u00e1nak sz\u00e1mos krit\u00e9riuma van. K\u00fcl\u00f6n\u00f6sen, ha ez a legels\u0151 szextoy, meg kell fontolnia :<\/p>\n\n\n\n<ul class=\"wp-block-list\"><li>a szexu\u00e1lis preferenci\u00e1k ;<\/li><li>a szextoy haszn\u00e1lat\u00e1val kapcsolatos tapasztalataid ;<\/li><li>a t\u00e1rgy anyaga \u00e9s text\u00far\u00e1ja ;<\/li><li>a rezg\u00e9sek intenzit\u00e1sa ;<\/li><li>annak kialak\u00edt\u00e1sa ;<\/li><li>az \u00e1ra.<\/li><\/ul>\n\n\n\n<p>Egy olcs\u00f3 szextoy megv\u00e1s\u00e1rl\u00e1sa cs\u00e1b\u00edt\u00f3, ha ki akarja pr\u00f3b\u00e1lni, de nem fogja megkapni a keresett \u00e9rz\u00e9seket, ha a min\u0151s\u00e9g nem felel meg a karcol\u00e1soknak.<\/p>\n\n\n\n<h3 class=\"wp-block-heading\"><span class=\"ez-toc-section\" id=\"_Vos_preferences\"><\/span>&nbsp;&nbsp;&nbsp;&nbsp;&nbsp;Az \u00d6n preferenci\u00e1i<span class=\"ez-toc-section-end\"><\/span><\/h3>\n\n\n\n<p>Szorosan vagy m\u00e9lyen szereted a puncidat? Maszturb\u00e1l\u00f3t keresel? Vagy ink\u00e1bb az an\u00e1lis behatol\u00e1st kedveled? Sokf\u00e9le vibr\u00e1tor l\u00e9tezik, k\u00fcl\u00f6nb\u00f6z\u0151 form\u00e1kkal \u00e9s \u00e9rzetekkel. A helyes v\u00e1laszt\u00e1shoz figyelembe kell vennie a v\u00e1gyait. Ha a fallosz massz\u00edroz\u00e1sa meg\u0151rj\u00edti, v\u00e1lasszon egy massz\u00e1zsvibr\u00e1tort. Ha viszont a behatol\u00e1ssal \u00e9rheti el az orgazmust, v\u00e1lasszon an\u00e1lis dug\u00f3t. Ha m\u00e9g mindig nem tudsz d\u00f6nteni, v\u00e1lassz egy t\u00f6bbc\u00e9l\u00fa j\u00e1t\u00e9kot.<\/p>\n\n\n\n<h3 class=\"wp-block-heading\"><span class=\"ez-toc-section\" id=\"_Votre_experience\"><\/span>&nbsp;&nbsp;&nbsp;&nbsp;Az \u00d6n tapasztalata<span class=\"ez-toc-section-end\"><\/span><\/h3>\n\n\n\n<p>A vibr\u00e1tor helyes haszn\u00e1lata tapasztalatot ig\u00e9nyel. Mind a test megismer\u00e9se, mind az eszk\u00f6z elsaj\u00e1t\u00edt\u00e1sa szempontj\u00e1b\u00f3l. Egyes vibr\u00e1torok alapfunkci\u00f3kkal rendelkeznek, \u00edgy k\u00f6nnyen elsaj\u00e1t\u00edthat\u00f3ak, de meglehet\u0151sen korl\u00e1tozottak. Ha tapasztaltabb vagy, ne habozz, \u00e9s v\u00e1lassz egy fejlett funkci\u00f3kkal rendelkez\u0151 vibr\u00e1tort. N\u00e9h\u00e1ny pr\u00f3b\u00e1lgat\u00e1s ut\u00e1n el fogja \u00e9rni a k\u00edv\u00e1nt \u00e9lvezetet.<\/p>\n\n\n\n<figure class=\"wp-block-image\"><img decoding=\"async\" src=\"https:\/\/lh4.googleusercontent.com\/izLYUsA_ztxcEcdpY8CgcnzhTR0LLP3tlVfcro2235LDDiUQKKgf996YcEhV7OrLvlu6ADdWAAyPlGD6jj-j__sDBu1QG4OKna-ABF-WQqKcia2l_3M9OjFPqg1ATE4Evnd9HBuU\" alt=\"\"\/><\/figure>\n\n\n\n<h3 class=\"wp-block-heading\"><span class=\"ez-toc-section\" id=\"_Les_materiaux_et_la_texture\"><\/span>&nbsp;&nbsp;Anyagok \u00e9s text\u00fara<span class=\"ez-toc-section-end\"><\/span><\/h3>\n\n\n\n<p>Nem v\u00e1s\u00e1rolhatsz meg egy t\u00e1rgyat an\u00e9lk\u00fcl, hogy ne ismern\u00e9d az anyagot, amelyb\u0151l k\u00e9sz\u00fclt. Ez\u00e9rt fontos, hogy ismerj\u00fck a k\u00fcl\u00f6nb\u00f6z\u0151 anyagokat, amelyekb\u0151l egy szextoy k\u00e9sz\u00fcl. A szext\u00e1rgyak kaphat\u00f3k :&nbsp;<\/p>\n\n\n\n<ul class=\"wp-block-list\"><li>szilikon ;<\/li><li>kem\u00e9ny m\u0171anyag ;<\/li><li>rozsdamentes ac\u00e9l ;<\/li><li>biolaine ;<\/li><li>f\u00e9m ;<\/li><li>stb.<\/li><\/ul>\n\n\n\n<p>V\u00e1lassza a jogszab\u00e1lyoknak megfelel\u0151 anyagokat. V\u00e1laszthatsz szilikonb\u00f3l k\u00e9sz\u00fclt szextoy-t is. Ez egy nagyon j\u00f3 anyag. Emellett nem por\u00f3zus \u00e9s nagyon k\u00f6nnyen karbantarthat\u00f3.<\/p>\n\n\n\n<p>Ker\u00fclje a ftal\u00e1tot tartalmaz\u00f3 szexu\u00e1lis j\u00e1t\u00e9kokat. Ez az anyag vesz\u00e9lyes az eg\u00e9szs\u00e9gre.&nbsp;<\/p>\n\n\n\n<p>V\u00e1laszthatja a biolainb\u00f3l vagy rozsdamentes ac\u00e9lb\u00f3l k\u00e9sz\u00fclt vibr\u00e1torokat is. A hideg \u00e9rz\u00e9shez v\u00e1laszthat f\u00e9m szextoy-t.&nbsp;<\/p>\n\n\n\n<p>A m\u0171anyag szexu\u00e1lis j\u00e1t\u00e9kok szint\u00e9n aj\u00e1nlottak. V\u00e1lasszon a preferenci\u00e1inak megfelel\u0151en. Az orgazmus el\u00e9r\u00e9s\u00e9hez v\u00e1lasszon bord\u00e1zott vagy dudoros szexj\u00e1t\u00e9kszert.&nbsp;<\/p>\n\n\n\n<h3 class=\"wp-block-heading\"><span class=\"ez-toc-section\" id=\"_Le_design\"><\/span>&nbsp;&nbsp;A tervez\u00e9s&nbsp;<span class=\"ez-toc-section-end\"><\/span><\/h3>\n\n\n\n<p>Nyilv\u00e1nval\u00f3, hogy m\u00e1r r\u00e1n\u00e9z\u00e9sre is olyan j\u00e1t\u00e9kot v\u00e1lasztasz, amelyik tetszik neked. Persze ez fontos, de biztosan nem ez\u00e9rt v\u00e1lasztasz ki mindent an\u00e9lk\u00fcl, hogy a funkcionalit\u00e1ssal foglalkozn\u00e1l. A teljes\u00edtm\u00e9ny mellett az eszt\u00e9tik\u00e1ra is \u00f6sszpontos\u00edtson.&nbsp;<\/p>\n\n\n\n<h3 class=\"wp-block-heading\"><span class=\"ez-toc-section\" id=\"_Lintensite_des_vibrations\"><\/span>&nbsp;&nbsp;A rezg\u00e9sek intenzit\u00e1sa<span class=\"ez-toc-section-end\"><\/span><\/h3>\n\n\n\n<p>A megfelel\u0151 rezg\u00e9sszint kiv\u00e1laszt\u00e1sa egy szextoy v\u00e1s\u00e1rl\u00e1sakor bonyolult lehet. De nem is olyan bonyolult. Csak azt kell figyelembe vennie, hogyan szeret szeretkezni. Azonban t\u00f6bbf\u00e9le vibr\u00e1tor l\u00e9tezik k\u00fcl\u00f6nb\u00f6z\u0151 intenzit\u00e1ssal. A legjobb, ha t\u00f6bbfunkci\u00f3s szexj\u00e1t\u00e9kokat v\u00e1lasztasz. \u00cdgy tetsz\u00e9s szerint \u00e1ll\u00edthatod a rezg\u00e9sek intenzit\u00e1s\u00e1t.&nbsp;<\/p>\n\n\n\n<h3 class=\"wp-block-heading\"><span class=\"ez-toc-section\" id=\"_Le_prix\"><\/span>&nbsp;&nbsp;&nbsp;Az \u00e1r<span class=\"ez-toc-section-end\"><\/span><\/h3>\n\n\n\n<p>A min\u0151s\u00e9gi vibr\u00e1torok \u00e1ra v\u00e1ltoz\u00f3. Nincs egys\u00e9ges \u00e1r. Ak\u00e1r 20 eur\u00f3\u00e9rt is tal\u00e1lhat vibr\u00e1torokat, de ak\u00e1r 200 eur\u00f3\u00e9rt is. A Lelo Fs1 megv\u00e1s\u00e1rl\u00e1s\u00e1hoz p\u00e9ld\u00e1ul 169 eur\u00f3t kell k\u00f6ltenie. Ez\u00e9rt ennek megfelel\u0151en kell k\u00f6lts\u00e9gvet\u00e9st k\u00e9sz\u00edtenie.&nbsp;<\/p>\n\n\n\n<figure class=\"wp-block-image\"><img decoding=\"async\" src=\"https:\/\/lh5.googleusercontent.com\/FaZ00KZSlf4PJIN0elpH22iPY1qhrFRdoRkzIO1-2mUaXoqA4OHUpSsFYYlBNQVurTSY2UbFvDm1kaLOxomfxQh_c6DJvl-pZJ6uWB-SHYPMwFT8gfzFIe58Bwv9iTrCRILz7HsL\" alt=\"\"\/><\/figure>\n\n\n\n<h2 class=\"wp-block-heading\"><span class=\"ez-toc-section\" id=\"Les_avantages_de_lutilisation_dun_vibromasseur\"><\/span>A vibr\u00e1tor haszn\u00e1lat\u00e1nak el\u0151nyei&nbsp;<span class=\"ez-toc-section-end\"><\/span><\/h2>\n\n\n\n<p>K\u00e9t f\u0151 oka van annak, hogy a legt\u00f6bb ember vibr\u00e1tort v\u00e1s\u00e1rol: hogy \u00f6r\u00f6met szerezzen mag\u00e1nak, \u00e9s hogy \u00faj \u00e9rz\u00e9seket fedezzen fel.<\/p>\n\n\n\n<h3 class=\"wp-block-heading\"><span class=\"ez-toc-section\" id=\"_Se_procurer_du_plaisir_soi_meme\"><\/span>&nbsp;&nbsp;\u00d6r\u00f6mszerz\u00e9s magadnak&nbsp;<span class=\"ez-toc-section-end\"><\/span><\/h3>\n\n\n\n<p>Ha egyed\u00fcl\u00e1ll\u00f3 vagy, vagy nehezen k\u00f6zel\u00edted meg a n\u0151ket, val\u00f3sz\u00edn\u0171leg egyed\u00fcl fogod magad k\u00e9nyeztetni. Ez\u00e9rt van sz\u00fcks\u00e9ged vibr\u00e1torra.&nbsp;<\/p>\n\n\n\n<p>A vibr\u00e1tor lehet\u0151v\u00e9 teszi, hogy szexu\u00e1lis partner n\u00e9lk\u00fcl maszturb\u00e1ljon \u00e9s el\u00e9rje az orgazmust. Mindenf\u00e9le p\u00f3zban haszn\u00e1lhatja. Ha szerencs\u00e9s vagy, egy szexbab\u00e1val is k\u00e9nyeztetheted magad. V\u00e1gyaid parancsot fognak adni neked, \u00e9s abban a pillanatban a vil\u00e1g kir\u00e1ly\u00e1nak \u00e9rezheted magad.<\/p>\n\n\n\n<h3 class=\"wp-block-heading\"><span class=\"ez-toc-section\" id=\"_Allez_a_la_decouverte_de_nouvelles_sensations\"><\/span>&nbsp;&nbsp;Fedezzen fel \u00faj \u00e9rz\u00e9seket&nbsp;<span class=\"ez-toc-section-end\"><\/span><\/h3>\n\n\n\n<p>A vibr\u00e1torok el\u0151nye, hogy n\u00f6velik az izgalmi szintet. Azt is lehet\u0151v\u00e9 teszik, hogy prosztatikus orgazmust \u00e9rjen el. A legjobb az eg\u00e9szben, hogy n\u00f6velik a szex m\u00e9ret\u00e9t.&nbsp;<\/p>\n\n\n\n<p>A vibr\u00e1l\u00f3 gy\u0171r\u0171 is haszn\u00e1lhat\u00f3 a behatol\u00e1s intenzit\u00e1s\u00e1nak n\u00f6vel\u00e9s\u00e9re. Ha szadomazochista vagy, az izgalom egy \u00fajabb szintj\u00e9nek el\u00e9r\u00e9se \u00e9rdek\u00e9ben megk\u00f6t\u00f6zheted magad is. Annyiszor szeretkezhetsz a szexbab\u00e1ddal, ah\u00e1nyszor csak akarsz. A cockringnek k\u00f6sz\u00f6nhet\u0151en az ejakul\u00e1ci\u00f3 k\u00e9sleltethet\u0151.<\/p>\n\n\n\n<h2 class=\"wp-block-heading\"><span class=\"ez-toc-section\" id=\"Quelques_meilleurs_vibromasseurs_pour_homme\"><\/span>N\u00e9h\u00e1ny a legjobb vibr\u00e1torok f\u00e9rfiak sz\u00e1m\u00e1ra<span class=\"ez-toc-section-end\"><\/span><\/h2>\n\n\n\n<p>A f\u00e9rfiak sz\u00e1m\u00e1ra t\u00f6bbf\u00e9le vibr\u00e1tor l\u00e9tezik. Sz\u00e1mos t\u00edpus k\u00f6z\u00fcl lehet v\u00e1lasztani:<\/p>\n\n\n\n<ul class=\"wp-block-list\"><li>f\u0171z\u0151k vagy maszturb\u00e1torok ;<\/li><li>gy\u0171r\u0171k vagy kokringok ;<\/li><li>vibr\u00e1tor dug\u00f3k \u00e9s r\u00f3zsaf\u00fcz\u00e9rek ;<\/li><li>bondage j\u00e1t\u00e9kok ;&nbsp;<\/li><li>prosztata stimul\u00e1tor ;<\/li><li>stb.<\/li><\/ul>\n\n\n\n<h3 class=\"wp-block-heading\"><span class=\"ez-toc-section\" id=\"Legg_tenga\"><\/span>A toj\u00e1s tenga&nbsp;<span class=\"ez-toc-section-end\"><\/span><\/h3>\n\n\n\n<p>Ez a legn\u00e9pszer\u0171bb szexu\u00e1lis j\u00e1t\u00e9kszer a f\u00e9rfiak k\u00f6r\u00e9ben. Toj\u00e1s alak\u00fa. Ennek az alaknak k\u00f6sz\u00f6nhet\u0151en intenz\u00edv \u00e9lvezetet ny\u00fajt. Emellett alkalmazkodik a p\u00e9niszed m\u00e9ret\u00e9hez. Text\u00far\u00e1ja a val\u00f3di vagin\u00e1\u00e9hoz hasonl\u00edthat\u00f3. Az \u00e1ra 9,95 eur\u00f3.\u00a0<\/p>\n\n\n\n<h3 class=\"wp-block-heading\"><span class=\"ez-toc-section\" id=\"Le_double_anneau_vibrant\"><\/span>A kett\u0151s rezg\u0151gy\u0171r\u0171&nbsp;<span class=\"ez-toc-section-end\"><\/span><\/h3>\n\n\n\n<p>Ez egy uniszex vibr\u00e1tor. Haszn\u00e1lhatja egyed\u00fcl vagy a partner\u00e9vel egy\u00fctt.  Nagyon k\u00f6nnyen felhelyezhet\u0151 \u00e9s elemmel m\u0171k\u00f6dik. Intenz\u00edv \u00e9rz\u00e9st ny\u00fajt. Pr\u00f3b\u00e1lja ki, \u00e9s biztos, hogy el\u00e9gedett lesz.&nbsp;<\/p>\n\n\n\n<h3 class=\"wp-block-heading\"><span class=\"ez-toc-section\" id=\"Les_anneaux_ou_cockrings\"><\/span>Gy\u0171r\u0171k vagy kakasgy\u0171r\u0171k<span class=\"ez-toc-section-end\"><\/span><\/h3>\n\n\n\n<p>K\u00e9tf\u00e9le kakasgy\u0171r\u0171 l\u00e9tezik. Tal\u00e1lhat dupla vagy szimpla gy\u0171r\u0171ket. Az egyszer\u0171 gy\u0171r\u0171t a p\u00e9nisz k\u00f6r\u00e9 helyezik. Ezek rezegnek \u00e9s er\u0151s \u00e9rz\u00e9st adnak a p\u00e9niszben. Az erekci\u00f3ja nagyon szil\u00e1rd \u00e9s kem\u00e9ny. Ha a dupla gy\u0171r\u0171t v\u00e1lasztja, a m\u00e1sodik gy\u0171r\u0171 mindk\u00e9t her\u00e9je k\u00f6r\u00e9 tekeredik. Az \u00e9rz\u00e9s m\u00e9g intenz\u00edvebb.&nbsp;<\/p>\n\n\n\n<h3 class=\"wp-block-heading\"><span class=\"ez-toc-section\" id=\"Les_vibromasseurs_plugs_et_chapelets\"><\/span>Vibr\u00e1tor dug\u00f3k \u00e9s r\u00f3zsaf\u00fcz\u00e9rek&nbsp;<span class=\"ez-toc-section-end\"><\/span><\/h3>\n\n\n\n<p>Ez a szexj\u00e1t\u00e9k stimul\u00e1lja a P-pontot. Ellent\u00e9tben azzal, amit a legt\u00f6bben gondolnak, ez a vibr\u00e1tor nem csak melegeknek val\u00f3. Akkor is kipr\u00f3b\u00e1lhatod, ha heteroszexu\u00e1lis vagy. Szod\u00f3mi\u00e1hoz aj\u00e1nlott, ez az an\u00e1lis dug\u00f3 kiv\u00e1l\u00f3 szexj\u00e1t\u00e9k. A prosztat\u00e1t is stimul\u00e1lja, ha megfelel\u0151en haszn\u00e1lja. Megfizethet\u0151 \u00e1ron kaphat\u00f3.&nbsp;<\/p>\n\n\n\n<h3 class=\"wp-block-heading\"><span class=\"ez-toc-section\" id=\"Les_gaines_ou_masturbateurs\"><\/span>H\u00fcvelyek vagy maszturb\u00e1torok&nbsp;<span class=\"ez-toc-section-end\"><\/span><\/h3>\n\n\n\n<p>Ez a szextoy modell az egyik legjobb vibr\u00e1tor a f\u00e9rfiak sz\u00e1m\u00e1ra. A h\u00fcvelyek t\u00f6bbf\u00e9le modellben \u00e9s t\u00edpusban kaphat\u00f3k. Vannak h\u00fcvelyek&nbsp;<\/p>\n\n\n\n<ul class=\"wp-block-list\"><li>k\u00e9zik\u00f6nyv ;<\/li><li>automata ;<\/li><li>f\u0171t\u0151testek ;<\/li><li>vibr\u00e1l\u00f3.<\/li><\/ul>\n\n\n\n<p>A text\u00far\u00e1j\u00e1nak k\u00f6sz\u00f6nhet\u0151en olyan \u00e9rz\u00e9sed lesz, mintha szexeln\u00e9l. A k\u00e9zi h\u00fcvelyek olcs\u00f3bbak, mint az automata h\u00fcvelyek. Az automatikusak a hetedik sz\u00e1zadba visznek.<\/p>\n\n\n\n<figure class=\"wp-block-image\"><img decoding=\"async\" src=\"https:\/\/lh4.googleusercontent.com\/yYnDE_BkrsudZm358Uwv-UKkKixdmRUvC_JHf7PGAcw0HVRaUkIj1wxwDeGkQrME3n0bzduaE_JcQ8oQDBQmTBzuws5_hgZ9x1se8u9q0mr_jp2h20PADMFIUuNmXqEXj8uPu-BP\" alt=\"\"\/><\/figure>\n\n\n\n<h3 class=\"wp-block-heading\"><span class=\"ez-toc-section\" id=\"Le_masturbateur_play_Tr_myhixel\"><\/span>A j\u00e1t\u00e9k Tr myhixel maszturb\u00e1tor&nbsp;<span class=\"ez-toc-section-end\"><\/span><\/h3>\n\n\n\n<p>Ez a szexj\u00e1t\u00e9k egyed\u00fcl vagy partnerrel egy\u00fctt is haszn\u00e1lhat\u00f3. Seg\u00edt a lehet\u0151 leghosszabb ideig visszatartani az ejakul\u00e1ci\u00f3t. Meleg\u00edt\u0151 funkci\u00f3j\u00e1nak k\u00f6sz\u00f6nhet\u0151en l\u00e1gys\u00e1g\u00e9rzetet \u00e9s \u00e9lvezetet biztos\u00edt. USB-k\u00e1belen kereszt\u00fcl \u00fajrat\u00f6lthet\u0151 akkumul\u00e1torral rendelkezik.&nbsp;<\/p>","protected":false},"excerpt":{"rendered":"<p>A L\u2019instar des vibromasseurs pour femmes, les vibromasseurs pour hommes rec\u00e8lent \u00e9galement des sp\u00e9cificit\u00e9s qui conditionnent le choix de tout acheteur. Si vous d\u00e9sirez acqu\u00e9rir votre premier vibromasseur, vous devez tenir compte de certains \u00e9l\u00e9ments.Il s\u2019agit entre autres des sensations recherch\u00e9es, de votre exp\u00e9rience ou encore du design de l\u2019objet. Les crit\u00e8res de choix d\u2019un [&hellip;]<\/p>\n","protected":false},"author":1,"featured_media":0,"parent":0,"menu_order":0,"comment_status":"closed","ping_status":"closed","template":"","meta":{"_acf_changed":false,"_seopress_robots_primary_cat":"","_seopress_titles_title":"","_seopress_titles_desc":"","_seopress_robots_index":"","_uag_custom_page_level_css":"","site-sidebar-layout":"default","site-content-layout":"","ast-site-content-layout":"default","site-content-style":"default","site-sidebar-style":"default","ast-global-header-display":"","ast-banner-title-visibility":"","ast-main-header-display":"","ast-hfb-above-header-display":"","ast-hfb-below-header-display":"","ast-hfb-mobile-header-display":"","site-post-title":"","ast-breadcrumbs-content":"","ast-featured-img":"","footer-sml-layout":"","theme-transparent-header-meta":"","adv-header-id-meta":"","stick-header-meta":"","header-above-stick-meta":"","header-main-stick-meta":"","header-below-stick-meta":"","astra-migrate-meta-layouts":"default","ast-page-background-enabled":"default","ast-page-background-meta":{"desktop":{"background-color":"var(--ast-global-color-4)","background-image":"","background-repeat":"repeat","background-position":"center center","background-size":"auto","background-attachment":"scroll","background-type":"","background-media":"","overlay-type":"","overlay-color":"","overlay-opacity":"","overlay-gradient":""},"tablet":{"background-color":"","background-image":"","background-repeat":"repeat","background-position":"center center","background-size":"auto","background-attachment":"scroll","background-type":"","background-media":"","overlay-type":"","overlay-color":"","overlay-opacity":"","overlay-gradient":""},"mobile":{"background-color":"","background-image":"","background-repeat":"repeat","background-position":"center center","background-size":"auto","background-attachment":"scroll","background-type":"","background-media":"","overlay-type":"","overlay-color":"","overlay-opacity":"","overlay-gradient":""}},"ast-content-background-meta":{"desktop":{"background-color":"var(--ast-global-color-5)","background-image":"","background-repeat":"repeat","background-position":"center center","background-size":"auto","background-attachment":"scroll","background-type":"","background-media":"","overlay-type":"","overlay-color":"","overlay-opacity":"","overlay-gradient":""},"tablet":{"background-color":"var(--ast-global-color-5)","background-image":"","background-repeat":"repeat","background-position":"center center","background-size":"auto","background-attachment":"scroll","background-type":"","background-media":"","overlay-type":"","overlay-color":"","overlay-opacity":"","overlay-gradient":""},"mobile":{"background-color":"var(--ast-global-color-5)","background-image":"","background-repeat":"repeat","background-position":"center center","background-size":"auto","background-attachment":"scroll","background-type":"","background-media":"","overlay-type":"","overlay-color":"","overlay-opacity":"","overlay-gradient":""}},"footnotes":""},"class_list":["post-843","page","type-page","status-publish","hentry"],"acf":[],"uagb_featured_image_src":{"full":false,"thumbnail":false,"medium":false,"medium_large":false,"large":false,"1536x1536":false,"2048x2048":false,"trp-custom-language-flag":false,"ultp_layout_landscape_large":false,"ultp_layout_landscape":false,"ultp_layout_portrait":false,"ultp_layout_square":false},"uagb_author_info":{"display_name":"brigitte","author_link":"https:\/\/god-vibro.com\/hu\/author\/brigitte"},"uagb_comment_info":0,"uagb_excerpt":"A L\u2019instar des vibromasseurs pour femmes, les vibromasseurs pour hommes rec\u00e8lent \u00e9galement des sp\u00e9cificit\u00e9s qui conditionnent le choix de tout acheteur. Si vous d\u00e9sirez acqu\u00e9rir votre premier vibromasseur, vous devez tenir compte de certains \u00e9l\u00e9ments.Il s\u2019agit entre autres des sensations recherch\u00e9es, de votre exp\u00e9rience ou encore du design de l\u2019objet. Les crit\u00e8res de choix d\u2019un&hellip;","_links":{"self":[{"href":"https:\/\/god-vibro.com\/hu\/wp-json\/wp\/v2\/pages\/843","targetHints":{"allow":["GET"]}}],"collection":[{"href":"https:\/\/god-vibro.com\/hu\/wp-json\/wp\/v2\/pages"}],"about":[{"href":"https:\/\/god-vibro.com\/hu\/wp-json\/wp\/v2\/types\/page"}],"author":[{"embeddable":true,"href":"https:\/\/god-vibro.com\/hu\/wp-json\/wp\/v2\/users\/1"}],"replies":[{"embeddable":true,"href":"https:\/\/god-vibro.com\/hu\/wp-json\/wp\/v2\/comments?post=843"}],"version-history":[{"count":0,"href":"https:\/\/god-vibro.com\/hu\/wp-json\/wp\/v2\/pages\/843\/revisions"}],"wp:attachment":[{"href":"https:\/\/god-vibro.com\/hu\/wp-json\/wp\/v2\/media?parent=843"}],"curies":[{"name":"wp","href":"https:\/\/api.w.org\/{rel}","templated":true}]}}