{"id":570,"date":"2021-11-23T00:29:56","date_gmt":"2021-11-23T00:29:56","guid":{"rendered":"https:\/\/god-vibro.com\/?page_id=570"},"modified":"2021-12-08T01:50:43","modified_gmt":"2021-12-08T01:50:43","slug":"comment-choisir-son-premier-vibromasseur-pour-femme","status":"publish","type":"page","link":"https:\/\/god-vibro.com\/hr\/comment-choisir-son-premier-vibromasseur-pour-femme.html","title":{"rendered":"Kako odabrati svoj prvi vibrator za \u017eene"},"content":{"rendered":"<p>Avant tout achat de vibromasseur, il est important de v\u00e9rifier certains param\u00e8tres pouvant garantir la qualit\u00e9 de l\u2019\u00e9quipement. Aussi bien les vibromasseurs pour femmes que ceux pour hommes ont leurs caract\u00e9ristiques sp\u00e9cifiques.<\/p>\n\n\n\n<p>Pour choisir un vibromasseur pour femme il faut donc tenir compte des aspects comme le design, la taille ou encore la texture.<\/p>\n\n\n\n<div id=\"ez-toc-container\" class=\"ez-toc-v2_0_82_2 counter-hierarchy ez-toc-counter ez-toc-custom ez-toc-container-direction\">\n<div class=\"ez-toc-title-container\">\n<p class=\"ez-toc-title\" style=\"cursor:inherit\">Sadr\u017eaj <\/p>\n<span class=\"ez-toc-title-toggle\"><a href=\"#\" class=\"ez-toc-pull-right ez-toc-btn ez-toc-btn-xs ez-toc-btn-default ez-toc-toggle\" aria-label=\"Toggle Table of Content\"><span class=\"ez-toc-js-icon-con\"><span class=\"\"><span class=\"eztoc-hide\" style=\"display:none;\">Prekida\u010d<\/span><span class=\"ez-toc-icon-toggle-span\"><svg style=\"fill: #999;color:#999\" xmlns=\"http:\/\/www.w3.org\/2000\/svg\" class=\"list-377408\" width=\"20px\" height=\"20px\" viewbox=\"0 0 24 24\" fill=\"none\"><path d=\"M6 6H4v2h2V6zm14 0H8v2h12V6zM4 11h2v2H4v-2zm16 0H8v2h12v-2zM4 16h2v2H4v-2zm16 0H8v2h12v-2z\" fill=\"currentColor\"><\/path><\/svg><svg style=\"fill: #999;color:#999\" class=\"arrow-unsorted-368013\" xmlns=\"http:\/\/www.w3.org\/2000\/svg\" width=\"10px\" height=\"10px\" viewbox=\"0 0 24 24\" version=\"1.2\" baseprofile=\"tiny\"><path d=\"M18.2 9.3l-6.2-6.3-6.2 6.3c-.2.2-.3.4-.3.7s.1.5.3.7c.2.2.4.3.7.3h11c.3 0 .5-.1.7-.3.2-.2.3-.5.3-.7s-.1-.5-.3-.7zM5.8 14.7l6.2 6.3 6.2-6.3c.2-.2.3-.5.3-.7s-.1-.5-.3-.7c-.2-.2-.4-.3-.7-.3h-11c-.3 0-.5.1-.7.3-.2.2-.3.5-.3.7s.1.5.3.7z\"\/><\/svg><\/span><\/span><\/span><\/a><\/span><\/div>\n<nav><ul class='ez-toc-list ez-toc-list-level-1 eztoc-toggle-hide-by-default' ><li class='ez-toc-page-1 ez-toc-heading-level-2'><a class=\"ez-toc-link ez-toc-heading-1\" href=\"https:\/\/god-vibro.com\/hr\/comment-choisir-son-premier-vibromasseur-pour-femme.html\/#Les_criteres_de_choix_dun_vibromasseur\" >Les crit\u00e8res de choix d\u2019un vibromasseur&nbsp;<\/a><ul class='ez-toc-list-level-3' ><li class='ez-toc-heading-level-3'><a class=\"ez-toc-link ez-toc-heading-2\" href=\"https:\/\/god-vibro.com\/hr\/comment-choisir-son-premier-vibromasseur-pour-femme.html\/#La_taille\" >La taille<\/a><\/li><li class='ez-toc-page-1 ez-toc-heading-level-3'><a class=\"ez-toc-link ez-toc-heading-3\" href=\"https:\/\/god-vibro.com\/hr\/comment-choisir-son-premier-vibromasseur-pour-femme.html\/#La_forme_et_la_sensation\" >La forme et la sensation<\/a><\/li><li class='ez-toc-page-1 ez-toc-heading-level-3'><a class=\"ez-toc-link ez-toc-heading-4\" href=\"https:\/\/god-vibro.com\/hr\/comment-choisir-son-premier-vibromasseur-pour-femme.html\/#Les_materiaux_et_la_texture\" >Les mat\u00e9riaux et la texture<\/a><\/li><\/ul><\/li><li class='ez-toc-page-1 ez-toc-heading-level-2'><a class=\"ez-toc-link ez-toc-heading-5\" href=\"https:\/\/god-vibro.com\/hr\/comment-choisir-son-premier-vibromasseur-pour-femme.html\/#Quelques_exemples_de_premier_sextoy\" >Quelques exemples de premier sextoy<\/a><ul class='ez-toc-list-level-3' ><li class='ez-toc-heading-level-3'><a class=\"ez-toc-link ez-toc-heading-6\" href=\"https:\/\/god-vibro.com\/hr\/comment-choisir-son-premier-vibromasseur-pour-femme.html\/#Le_design\" >Dizajn&nbsp;<\/a><\/li><li class='ez-toc-page-1 ez-toc-heading-level-3'><a class=\"ez-toc-link ez-toc-heading-7\" href=\"https:\/\/god-vibro.com\/hr\/comment-choisir-son-premier-vibromasseur-pour-femme.html\/#Lintensite_des_vibrations\" >L&rsquo;intensit\u00e9 des vibrations&nbsp;<\/a><\/li><li class='ez-toc-page-1 ez-toc-heading-level-3'><a class=\"ez-toc-link ez-toc-heading-8\" href=\"https:\/\/god-vibro.com\/hr\/comment-choisir-son-premier-vibromasseur-pour-femme.html\/#Les_gadgets_et_accessoires\" >Les gadgets et accessoires<\/a><\/li><li class='ez-toc-page-1 ez-toc-heading-level-3'><a class=\"ez-toc-link ez-toc-heading-9\" href=\"https:\/\/god-vibro.com\/hr\/comment-choisir-son-premier-vibromasseur-pour-femme.html\/#Le_prix\" >Le prix<\/a><\/li><\/ul><\/li><li class='ez-toc-page-1 ez-toc-heading-level-2'><a class=\"ez-toc-link ez-toc-heading-10\" href=\"https:\/\/god-vibro.com\/hr\/comment-choisir-son-premier-vibromasseur-pour-femme.html\/#Les_avantages_de_lutilisation_dun_vibromasseur\" >Les avantages de l\u2019utilisation d\u2019un vibromasseur&nbsp;<\/a><\/li><\/ul><\/nav><\/div>\n<h2 class=\"wp-block-heading\"><span class=\"ez-toc-section\" id=\"Les_criteres_de_choix_dun_vibromasseur\"><\/span>Les crit\u00e8res de choix d\u2019un vibromasseur&nbsp;<span class=\"ez-toc-section-end\"><\/span><\/h2>\n\n\n\n<p>Pour l\u2019achat de votre premier vibromasseur, vous devez tenir compte de certains crit\u00e8res. Il s\u2019agit&nbsp;de :<\/p>\n\n\n\n<ul class=\"wp-block-list\"><li>la taille ;<\/li><li>la forme et la sensation ;<\/li><li>les mat\u00e9riaux et la texture&nbsp;;<\/li><li>l\u2019intensit\u00e9 des vibrations&nbsp;;<\/li><li>le design.<\/li><\/ul>\n\n\n\n<p>Vous devez \u00e9galement tenir compte des gadgets et du prix du vibromasseur.&nbsp;<\/p>\n\n\n\n<h3 class=\"wp-block-heading\"><span class=\"ez-toc-section\" id=\"La_taille\"><\/span>La taille<span class=\"ez-toc-section-end\"><\/span><\/h3>\n\n\n\n<p>Les vibromasseurs sont de diff\u00e9rentes tailles. Vous pouvez tr\u00e8s facilement faire un mauvais choix, lors de votre premier achat.<\/p>\n\n\n\n<p>Consid\u00e9rez ce que vous appr\u00e9ciez le plus lorsque vous vous masturbez et faites l&rsquo;amour. Si vous vous faites plaisir avec un doigt, un vibromasseur de grande taille ou ressemblant \u00e0 un p\u00e9nis risque d&rsquo;avoir un peu trop de punch ou de stimuler trop de zones \u00e0 la fois. Vous pouvez \u00e9galement vous procurer le plus gros si votre partenaire sexuel est bien dot\u00e9.&nbsp;<\/p>\n\n\n\n<h3 class=\"wp-block-heading\"><span class=\"ez-toc-section\" id=\"La_forme_et_la_sensation\"><\/span>La forme et la sensation<span class=\"ez-toc-section-end\"><\/span><\/h3>\n\n\n\n<p>Une fois que vous avez d\u00e9termin\u00e9 la taille, il faut \u00e9galement tenir compte de la sensation. Vous devez vous concentrer sur la sensation que vous souhaitez avoir avec un vibromasseur. C\u2019est seulement ainsi que vous pourrez d\u00e9nicher la meilleure forme de vibromasseur. Les gens ont tendance \u00e0 rechercher cinq types de sensations . Il s\u2019agit de la sensation&nbsp;<\/p>\n\n\n\n<ul class=\"wp-block-list\"><li>interne ;<\/li><li>clitoridienne ;<\/li><li>combin\u00e9e interne-clitoridienne ;<\/li><li>anale et ;<\/li><li>double p\u00e9n\u00e9tration (vaginale + anale).&nbsp;<\/li><\/ul>\n\n\n\n<p>Les cerveaux derri\u00e8re les vibrateurs savent que le plaisir vient de bien des endroits, ils ont cr\u00e9\u00e9 des tonnes de jouets aux formes uniques qui peuvent s&rsquo;adapter \u00e0 vos besoins.<\/p>\n\n\n\n<p>Si vous n&rsquo;\u00eates pas s\u00fbre de savoir ce qui vous convient le mieux, prenez une minute pour r\u00e9fl\u00e9chir \u00e0 la fa\u00e7on dont vous vous faites plaisir.&nbsp;<\/p>\n\n\n\n<p>Appr\u00e9ciez-vous les sensations intenses et localis\u00e9es ? Prenez-vous du plaisir de la m\u00eame mani\u00e8re \u00e0 chaque fois, ou avez-vous besoin d&rsquo;un objet qui puisse fonctionner de diff\u00e9rentes mani\u00e8res ?<\/p>\n\n\n\n<p>Vous devez tenir compte de ce qui vous stimule le plus pour chercher votre sextoy. Si vous ne savez pas vraiment vers quoi vous tourner, le choix d\u2019un jouet interne est conseill\u00e9.&nbsp;<\/p>\n\n\n\n<h3 class=\"wp-block-heading\"><span class=\"ez-toc-section\" id=\"Les_materiaux_et_la_texture\"><\/span>Les mat\u00e9riaux et la texture<span class=\"ez-toc-section-end\"><\/span><\/h3>\n\n\n\n<p>Il est essentiel de v\u00e9rifier en quoi est fait un jouet sexuel avant de l&rsquo;acheter. Le sextoy en silicone est un favori, et de nombreuses marques connues n&rsquo;utilisent que du silicone de qualit\u00e9 m\u00e9dicale. Il est facile \u00e0 nettoyer avec du savon et de l&rsquo;eau, ce qui le rend sain et s\u00fbr pour le corps.<\/p>\n\n\n\n<p>D&rsquo;autres options int\u00e9ressantes s&rsquo;offrent \u00e9galement \u00e0 vous. Il s\u2019agit des sextoy en m\u00e9tal, en acier inoxydable et en plastique dur. Choisissez ce qui vous conviendra le mieux.&nbsp;<\/p>\n\n\n\n<p>Vous devez \u00e9viter les sextoy en caoutchouc. Il n&rsquo;en existe plus beaucoup, car il s&rsquo;est av\u00e9r\u00e9 qu&rsquo;ils contenaient des phtalates nocifs, dont l&rsquo;utilisation est interdite dans les produits pour enfants.<\/p>\n\n\n\n<p>En plus de la composition de votre vibrateur, il y a la sensation qu&rsquo;il procure. Pour une meilleure&nbsp; stimulation, nous vous recommandons de choisir un gadget stri\u00e9 ou bossel\u00e9. Si vous le souhaitez, vous pouvez vous procurer un vibromasseur en m\u00e9tal.&nbsp;<\/p>\n\n\n\n<p>Le m\u00e9tal vous donnera une sensation de fra\u00eecheur. Si par contre le m\u00e9tal n&rsquo;est pas votre truc, appliquez simplement un lubrifiant \u00e0 base d&rsquo;eau rafra\u00eechissant ou chauffant (l&rsquo;utilisation d&rsquo;un lubrifiant \u00e0 base de silicone sur un vibrateur en silicone le ternira).<\/p>\n\n\n\n<h2 class=\"wp-block-heading\"><span class=\"ez-toc-section\" id=\"Quelques_exemples_de_premier_sextoy\"><\/span>Quelques exemples de premier sextoy<span class=\"ez-toc-section-end\"><\/span><\/h2>\n\n\n\n<figure class=\"wp-block-gallery columns-5 is-cropped wp-block-gallery-1 is-layout-flex wp-block-gallery-is-layout-flex\"><ul class=\"blocks-gallery-grid\"><li class=\"blocks-gallery-item\"><figure><img fetchpriority=\"high\" decoding=\"async\" width=\"400\" height=\"400\" src=\"https:\/\/god-vibro.com\/wp-content\/uploads\/2021\/11\/lovense-hyphy.png\" alt=\"\" data-id=\"573\" data-full-url=\"https:\/\/god-vibro.com\/wp-content\/uploads\/2021\/11\/lovense-hyphy.png\" data-link=\"https:\/\/god-vibro.com\/?attachment_id=573\" class=\"wp-image-573\" srcset=\"https:\/\/god-vibro.com\/wp-content\/uploads\/2021\/11\/lovense-hyphy.png 400w, https:\/\/god-vibro.com\/wp-content\/uploads\/2021\/11\/lovense-hyphy-300x300.png 300w, https:\/\/god-vibro.com\/wp-content\/uploads\/2021\/11\/lovense-hyphy-100x100.png 100w, https:\/\/god-vibro.com\/wp-content\/uploads\/2021\/11\/lovense-hyphy-150x150.png 150w\" sizes=\"(max-width: 400px) 100vw, 400px\" \/><figcaption class=\"blocks-gallery-item__caption\"><a href=\"https:\/\/god-vibro.com\/lovense-hyphy.html\" data-type=\"post\" data-id=\"134\">LOVENSE HYPHY<\/a><\/figcaption><\/figure><\/li><li class=\"blocks-gallery-item\"><figure><img decoding=\"async\" width=\"400\" height=\"400\" src=\"https:\/\/god-vibro.com\/wp-content\/uploads\/2021\/11\/lovense-lush-3.png\" alt=\"\" data-id=\"574\" data-full-url=\"https:\/\/god-vibro.com\/wp-content\/uploads\/2021\/11\/lovense-lush-3.png\" data-link=\"https:\/\/god-vibro.com\/?attachment_id=574\" class=\"wp-image-574\" srcset=\"https:\/\/god-vibro.com\/wp-content\/uploads\/2021\/11\/lovense-lush-3.png 400w, https:\/\/god-vibro.com\/wp-content\/uploads\/2021\/11\/lovense-lush-3-300x300.png 300w, https:\/\/god-vibro.com\/wp-content\/uploads\/2021\/11\/lovense-lush-3-100x100.png 100w, https:\/\/god-vibro.com\/wp-content\/uploads\/2021\/11\/lovense-lush-3-150x150.png 150w\" sizes=\"(max-width: 400px) 100vw, 400px\" \/><figcaption class=\"blocks-gallery-item__caption\"><a href=\"https:\/\/god-vibro.com\/lovense-lush-3.html\" data-type=\"post\" data-id=\"290\">LOVENSE LUSH 3<\/a><\/figcaption><\/figure><\/li><li class=\"blocks-gallery-item\"><figure><img decoding=\"async\" width=\"400\" height=\"400\" src=\"https:\/\/god-vibro.com\/wp-content\/uploads\/2021\/11\/lovense-mission.png\" alt=\"\" data-id=\"575\" data-full-url=\"https:\/\/god-vibro.com\/wp-content\/uploads\/2021\/11\/lovense-mission.png\" data-link=\"https:\/\/god-vibro.com\/?attachment_id=575\" class=\"wp-image-575\" srcset=\"https:\/\/god-vibro.com\/wp-content\/uploads\/2021\/11\/lovense-mission.png 400w, https:\/\/god-vibro.com\/wp-content\/uploads\/2021\/11\/lovense-mission-300x300.png 300w, https:\/\/god-vibro.com\/wp-content\/uploads\/2021\/11\/lovense-mission-100x100.png 100w, https:\/\/god-vibro.com\/wp-content\/uploads\/2021\/11\/lovense-mission-150x150.png 150w\" sizes=\"(max-width: 400px) 100vw, 400px\" \/><figcaption class=\"blocks-gallery-item__caption\"><a href=\"https:\/\/god-vibro.com\/lovense-mission.html\" data-type=\"post\" data-id=\"339\">LOVENSE MISSION<\/a><\/figcaption><\/figure><\/li><li class=\"blocks-gallery-item\"><figure><img loading=\"lazy\" decoding=\"async\" width=\"400\" height=\"400\" src=\"https:\/\/god-vibro.com\/wp-content\/uploads\/2021\/11\/lovense-osci-2.png\" alt=\"\" data-id=\"576\" data-full-url=\"https:\/\/god-vibro.com\/wp-content\/uploads\/2021\/11\/lovense-osci-2.png\" data-link=\"https:\/\/god-vibro.com\/?attachment_id=576\" class=\"wp-image-576\" srcset=\"https:\/\/god-vibro.com\/wp-content\/uploads\/2021\/11\/lovense-osci-2.png 400w, https:\/\/god-vibro.com\/wp-content\/uploads\/2021\/11\/lovense-osci-2-300x300.png 300w, https:\/\/god-vibro.com\/wp-content\/uploads\/2021\/11\/lovense-osci-2-100x100.png 100w, https:\/\/god-vibro.com\/wp-content\/uploads\/2021\/11\/lovense-osci-2-150x150.png 150w\" sizes=\"(max-width: 400px) 100vw, 400px\" \/><figcaption class=\"blocks-gallery-item__caption\">LOVENSE OSCI<\/figcaption><\/figure><\/li><li class=\"blocks-gallery-item\"><figure><img loading=\"lazy\" decoding=\"async\" width=\"400\" height=\"400\" src=\"https:\/\/god-vibro.com\/wp-content\/uploads\/2021\/11\/lovense-nora.png\" alt=\"\" data-id=\"577\" data-full-url=\"https:\/\/god-vibro.com\/wp-content\/uploads\/2021\/11\/lovense-nora.png\" data-link=\"https:\/\/god-vibro.com\/?attachment_id=577\" class=\"wp-image-577\" srcset=\"https:\/\/god-vibro.com\/wp-content\/uploads\/2021\/11\/lovense-nora.png 400w, https:\/\/god-vibro.com\/wp-content\/uploads\/2021\/11\/lovense-nora-300x300.png 300w, https:\/\/god-vibro.com\/wp-content\/uploads\/2021\/11\/lovense-nora-100x100.png 100w, https:\/\/god-vibro.com\/wp-content\/uploads\/2021\/11\/lovense-nora-150x150.png 150w\" sizes=\"(max-width: 400px) 100vw, 400px\" \/><figcaption class=\"blocks-gallery-item__caption\"><a href=\"https:\/\/god-vibro.com\/lovense-nora.html\" data-type=\"post\" data-id=\"149\">LOVENSE NORA<\/a><\/figcaption><\/figure><\/li><\/ul><\/figure>\n\n\n\n<h3 class=\"wp-block-heading\"><span class=\"ez-toc-section\" id=\"Le_design\"><\/span>Dizajn&nbsp;<span class=\"ez-toc-section-end\"><\/span><\/h3>\n\n\n\n<p>Ne tenez pas uniquement compte de la puissance du sextoy pour l\u2019ajouter \u00e0 votre panier. Ne vous procurez pas un objet qui est&nbsp;:<\/p>\n\n\n\n<ul class=\"wp-block-list\"><li>effrayant ;<\/li><li>criard ou ;<\/li><li>esth\u00e9tiquement peu attrayant.<\/li><\/ul>\n\n\n\n<p>Le design d&rsquo;un jouet sexuel est \u00e9galement un crit\u00e8re \u00e0 prendre en compte. Apr\u00e8s tout, c&rsquo;est un objet que vous utiliserez pour vous exciter. Oubliez donc ce vibromasseur rose vif, \u00e0 moins que vous aimiez absolument la fa\u00e7on dont il brille sur votre table de nuit. Choisissez plut\u00f4t celui qui chatouille la partie sexy de votre imagination.<\/p>\n\n\n\n<p>Le d\u00e9sir et les pr\u00e9f\u00e9rences sont deux sensations purement personnelles. De ce fait, optez pour les sextoys qui vous branchent. Par exemple, si vous pr\u00e9f\u00e9rez les petits et les \u00e9l\u00e9gants en lieu et place des gros et des encombrants, un vibrateur bullet pourrait \u00eatre la voie \u00e0 suivre.<\/p>\n\n\n\n<h3 class=\"wp-block-heading\"><span class=\"ez-toc-section\" id=\"Lintensite_des_vibrations\"><\/span>L&rsquo;intensit\u00e9 des vibrations&nbsp;<span class=\"ez-toc-section-end\"><\/span><\/h3>\n\n\n\n<p>Saviez vous que la plupart des sextoys poss\u00e8dent des r\u00e9glages ? Ils vous permettent d\u2019augmenter ou de diminuer l\u2019intensit\u00e9 comme bon vous semble.&nbsp;<\/p>\n\n\n\n<p>Si vous avez des murs fins et que l\u2019\u00e9cho r\u00e9sonne, privil\u00e9giez un vibromasseur silencieux. Parfois, le niveau sonore sera corr\u00e9l\u00e9 \u00e0 l&rsquo;intensit\u00e9 ou \u00e0 la puissance du vibrateur, mais avec les produits haut de gamme, cela ne sera pas aussi probl\u00e9matique.<\/p>\n\n\n\n<p>La plupart d&rsquo;entre nous pr\u00e9f\u00e8re un vibromasseur silencieux, et d\u00e9penser un peu plus d&rsquo;argent vous permettra de vous assurer que votre nouveau jouet sexuel est fabriqu\u00e9 avec des mat\u00e9riaux de qualit\u00e9 qui contribuent \u00e0 att\u00e9nuer le bruit. Si vous souhaitez prendre un sextoy silencieux mais de forte intensit\u00e9, privil\u00e9giez le silicone.&nbsp;<\/p>\n\n\n\n<p>Si vous craignez qu&rsquo;un vibromasseur silencieux compromette l&rsquo;intensit\u00e9 des sensations, nous vous recommandons&nbsp; de tester le vibromasseur sur votre main. Vous pouvez \u00e9galement le tester sur le bout de votre nez (car la peau y est assez sensible) si vous l&rsquo;achetez en magasin.<\/p>\n\n\n\n<h3 class=\"wp-block-heading\"><span class=\"ez-toc-section\" id=\"Les_gadgets_et_accessoires\"><\/span>Les gadgets et accessoires<span class=\"ez-toc-section-end\"><\/span><\/h3>\n\n\n\n<p>L&rsquo;\u00e9ventail des fonctionnalit\u00e9s est infini. Nous parlons de jouets \u00e9tanches, capables de produire des sensations de vibration et de succion, de jouets t\u00e9l\u00e9command\u00e9s et d&rsquo;autres qui se synchronisent avec votre liste de lecture pr\u00e9f\u00e9r\u00e9e et vibrent en rythme.<\/p>\n\n\n\n<p>Le mieux est de choisir un vibrateur dot\u00e9 de plusieurs fonctions. De cette fa\u00e7on, vous pourrez plus facilement le personnaliser en fonction de votre humeur et de la situation. Certains jours, vous voudrez peut-\u00eatre l&rsquo;utiliser uniquement pour les pr\u00e9liminaires, et d&rsquo;autres jours, vous voudrez peut-\u00eatre qu&rsquo;il vous emm\u00e8ne l\u00e0 o\u00f9 vous le souhaitez. Plus la gamme est \u00e9tendue, plus il est facile de l&rsquo;adapter \u00e0 votre vie sexuelle.<\/p>\n\n\n\n<p>D\u00e9cider des effets sp\u00e9ciaux que vous voulez est totalement personnel et d\u00e9pend de votre budget. Toutefois, vous pouvez toujours commencer par quelque chose de tr\u00e8s simple et l&rsquo;am\u00e9liorer plus tard.<\/p>\n\n\n\n<h3 class=\"wp-block-heading\"><span class=\"ez-toc-section\" id=\"Le_prix\"><\/span>Le prix<span class=\"ez-toc-section-end\"><\/span><\/h3>\n\n\n\n<p>Vous pouvez trouver des vibromasseurs simples et bon march\u00e9 pour environ 15 euros. Vous pouvez \u00e9galement trouver des gadgets \u00e0 plus de 80 euros. Le mieux \u00e0 faire est de vous renseigner sur les prix et d\u2019\u00e9tablir un budget en cons\u00e9quence. Ne l\u00e9sinez pas sur les moyens et offrez vous le meilleur des sextoy.&nbsp;<\/p>\n\n\n\n<figure class=\"wp-block-image\"><img decoding=\"async\" src=\"https:\/\/lh5.googleusercontent.com\/5srq4C6sRYhCA7kuZ9ABrlDWXyRrQ2xZOtvAsFLFSIf_P3phs_XLdd8cfjP6slg3iZtO0cVOF2rfYD6ajt772_NEiproZRcpyMwi8Azf_rR-otgLZOuTwKjCZfVUd-RFvPaoqdpT\" alt=\"\"\/><\/figure>\n\n\n\n<h2 class=\"wp-block-heading\"><span class=\"ez-toc-section\" id=\"Les_avantages_de_lutilisation_dun_vibromasseur\"><\/span>Les avantages de l\u2019utilisation d\u2019un vibromasseur&nbsp;<span class=\"ez-toc-section-end\"><\/span><\/h2>\n\n\n\n<p>L\u2019utilisation d\u2019un vibromasseur procure plusieurs avantages. Il permet&nbsp;:<\/p>\n\n\n\n<ul class=\"wp-block-list\"><li>d\u2019atteindre l\u2019orgasme avec facilit\u00e9&nbsp;;<\/li><li>d\u2019apprendre \u00e0 conna\u00eetre son corps&nbsp;;<\/li><li>la diminution des tensions.<\/li><\/ul>\n\n\n\n<p>Gr\u00e2ce \u00e0 l\u2019utilisation d\u2019un vibromasseur, vous vous sentez sexuellement \u00e9panouie.<\/p>\n\n\n\n<p>Autant de param\u00e8tres dont la taille, la forme et la sensation, les mat\u00e9riaux de fabrication et textures, le design ainsi que l\u2019intensit\u00e9 de vibration du vibromasseur sont \u00e0 prendre en compte rigoureusement pour effectuer un premier achat qui r\u00e9pond \u00e0 vos attentes.<br><\/p>","protected":false},"excerpt":{"rendered":"<p>Avant tout achat de vibromasseur, il est important de v\u00e9rifier certains param\u00e8tres pouvant garantir la qualit\u00e9 de l\u2019\u00e9quipement. Aussi bien les vibromasseurs pour femmes que ceux pour hommes ont leurs caract\u00e9ristiques sp\u00e9cifiques. Pour choisir un vibromasseur pour femme il faut donc tenir compte des aspects comme le design, la taille ou encore la texture. Les [&hellip;]<\/p>\n","protected":false},"author":1,"featured_media":0,"parent":0,"menu_order":0,"comment_status":"closed","ping_status":"closed","template":"","meta":{"_acf_changed":false,"_seopress_robots_primary_cat":"","_seopress_titles_title":"","_seopress_titles_desc":"","_seopress_robots_index":"","_uag_custom_page_level_css":"","site-sidebar-layout":"default","site-content-layout":"","ast-site-content-layout":"default","site-content-style":"default","site-sidebar-style":"default","ast-global-header-display":"","ast-banner-title-visibility":"","ast-main-header-display":"","ast-hfb-above-header-display":"","ast-hfb-below-header-display":"","ast-hfb-mobile-header-display":"","site-post-title":"","ast-breadcrumbs-content":"","ast-featured-img":"","footer-sml-layout":"","theme-transparent-header-meta":"","adv-header-id-meta":"","stick-header-meta":"","header-above-stick-meta":"","header-main-stick-meta":"","header-below-stick-meta":"","astra-migrate-meta-layouts":"default","ast-page-background-enabled":"default","ast-page-background-meta":{"desktop":{"background-color":"var(--ast-global-color-4)","background-image":"","background-repeat":"repeat","background-position":"center center","background-size":"auto","background-attachment":"scroll","background-type":"","background-media":"","overlay-type":"","overlay-color":"","overlay-opacity":"","overlay-gradient":""},"tablet":{"background-color":"","background-image":"","background-repeat":"repeat","background-position":"center center","background-size":"auto","background-attachment":"scroll","background-type":"","background-media":"","overlay-type":"","overlay-color":"","overlay-opacity":"","overlay-gradient":""},"mobile":{"background-color":"","background-image":"","background-repeat":"repeat","background-position":"center center","background-size":"auto","background-attachment":"scroll","background-type":"","background-media":"","overlay-type":"","overlay-color":"","overlay-opacity":"","overlay-gradient":""}},"ast-content-background-meta":{"desktop":{"background-color":"var(--ast-global-color-5)","background-image":"","background-repeat":"repeat","background-position":"center center","background-size":"auto","background-attachment":"scroll","background-type":"","background-media":"","overlay-type":"","overlay-color":"","overlay-opacity":"","overlay-gradient":""},"tablet":{"background-color":"var(--ast-global-color-5)","background-image":"","background-repeat":"repeat","background-position":"center center","background-size":"auto","background-attachment":"scroll","background-type":"","background-media":"","overlay-type":"","overlay-color":"","overlay-opacity":"","overlay-gradient":""},"mobile":{"background-color":"var(--ast-global-color-5)","background-image":"","background-repeat":"repeat","background-position":"center center","background-size":"auto","background-attachment":"scroll","background-type":"","background-media":"","overlay-type":"","overlay-color":"","overlay-opacity":"","overlay-gradient":""}},"footnotes":""},"class_list":["post-570","page","type-page","status-publish","hentry"],"acf":[],"uagb_featured_image_src":{"full":false,"thumbnail":false,"medium":false,"medium_large":false,"large":false,"1536x1536":false,"2048x2048":false,"trp-custom-language-flag":false,"ultp_layout_landscape_large":false,"ultp_layout_landscape":false,"ultp_layout_portrait":false,"ultp_layout_square":false},"uagb_author_info":{"display_name":"brigitte","author_link":"https:\/\/god-vibro.com\/hr\/author\/brigitte"},"uagb_comment_info":0,"uagb_excerpt":"Avant tout achat de vibromasseur, il est important de v\u00e9rifier certains param\u00e8tres pouvant garantir la qualit\u00e9 de l\u2019\u00e9quipement. Aussi bien les vibromasseurs pour femmes que ceux pour hommes ont leurs caract\u00e9ristiques sp\u00e9cifiques. Pour choisir un vibromasseur pour femme il faut donc tenir compte des aspects comme le design, la taille ou encore la texture. Les&hellip;","_links":{"self":[{"href":"https:\/\/god-vibro.com\/hr\/wp-json\/wp\/v2\/pages\/570","targetHints":{"allow":["GET"]}}],"collection":[{"href":"https:\/\/god-vibro.com\/hr\/wp-json\/wp\/v2\/pages"}],"about":[{"href":"https:\/\/god-vibro.com\/hr\/wp-json\/wp\/v2\/types\/page"}],"author":[{"embeddable":true,"href":"https:\/\/god-vibro.com\/hr\/wp-json\/wp\/v2\/users\/1"}],"replies":[{"embeddable":true,"href":"https:\/\/god-vibro.com\/hr\/wp-json\/wp\/v2\/comments?post=570"}],"version-history":[{"count":0,"href":"https:\/\/god-vibro.com\/hr\/wp-json\/wp\/v2\/pages\/570\/revisions"}],"wp:attachment":[{"href":"https:\/\/god-vibro.com\/hr\/wp-json\/wp\/v2\/media?parent=570"}],"curies":[{"name":"radni list","href":"https:\/\/api.w.org\/{rel}","templated":true}]}}