{"id":966,"date":"2022-01-12T17:46:04","date_gmt":"2022-01-12T17:46:04","guid":{"rendered":"https:\/\/god-vibro.com\/?page_id=966"},"modified":"2022-02-06T22:54:35","modified_gmt":"2022-02-06T22:54:35","slug":"concours-de-la-st-valentin","status":"publish","type":"page","link":"https:\/\/god-vibro.com\/fr_ca\/concours-de-la-st-valentin.html","title":{"rendered":"Gagnez votre jouet pour f\u00eater la St-Valentin"},"content":{"rendered":"<style>\n.rafflepress-giveaway-iframe-wrapper iframe {\n\twidth: 1px;\n\tmin-width: 100%;\n\t*width: 100%;\n\theight: 1000px;\n}\n\n.rafflepress_iframe_loading {\n\tbackground-image: url('data:image\/gif;base64,R0lGODlhEAAQAPIAAP\/\/\/wAAAMLCwkJCQgAAAGJiYoKCgpKSkiH\/C05FVFNDQVBFMi4wAwEAAAAh\/hpDcmVhdGVkIHdpdGggYWpheGxvYWQuaW5mbwAh+QQJCgAAACwAAAAAEAAQAAADMwi63P4wyklrE2MIOggZnAdOmGYJRbExwroUmcG2LmDEwnHQLVsYOd2mBzkYDAdKa+dIAAAh+QQJCgAAACwAAAAAEAAQAAADNAi63P5OjCEgG4QMu7DmikRxQlFUYDEZIGBMRVsaqHwctXXf7WEYB4Ag1xjihkMZsiUkKhIAIfkECQoAAAAsAAAAABAAEAAAAzYIujIjK8pByJDMlFYvBoVjHA70GU7xSUJhmKtwHPAKzLO9HMaoKwJZ7Rf8AYPDDzKpZBqfvwQAIfkECQoAAAAsAAAAABAAEAAAAzMIumIlK8oyhpHsnFZfhYumCYUhDAQxRIdhHBGqRoKw0R8DYlJd8z0fMDgsGo\/IpHI5TAAAIfkECQoAAAAsAAAAABAAEAAAAzIIunInK0rnZBTwGPNMgQwmdsNgXGJUlIWEuR5oWUIpz8pAEAMe6TwfwyYsGo\/IpFKSAAAh+QQJCgAAACwAAAAAEAAQAAADMwi6IMKQORfjdOe82p4wGccc4CEuQradylesojEMBgsUc2G7sDX3lQGBMLAJibufbSlKAAAh+QQJCgAAACwAAAAAEAAQAAADMgi63P7wCRHZnFVdmgHu2nFwlWCI3WGc3TSWhUFGxTAUkGCbtgENBMJAEJsxgMLWzpEAACH5BAkKAAAALAAAAAAQABAAAAMyCLrc\/jDKSatlQtScKdceCAjDII7HcQ4EMTCpyrCuUBjCYRgHVtqlAiB1YhiCnlsRkAAAOwAAAAAAAAAAAA==') !important;\n\tbackground-repeat: no-repeat !important;\n\tbackground-position: center 100px !important;\n\theight: 100%;\n}\n<\/style>\n\n\t<div id=\"rafflepress-giveaway-iframe-wrapper-24499444\" class=\"rafflepress-giveaway-iframe-wrapper rafflepress_iframe_loading\">\n\n\t\n<\/div>\n\n\n<script>\nfunction insertIframe( ID, src, minHeight) {\n\tvar wrapperID = 'rafflepress-giveaway-iframe-wrapper-'+ID;\n\tvar iframe = document.createElement('iframe');\n\n\tiframe.setAttribute('id', 'rafflepress-'+ID);\n\tiframe.setAttribute('class', 'rafflepress-iframe');\n\tiframe.setAttribute('src', src);\n\tiframe.setAttribute('frameborder', '0');\n\tiframe.setAttribute('scrolling', 'no');\n\tiframe.setAttribute('allowtransparency', 'true');\n\tif (minHeight) {\n\t\tiframe.setAttribute('style', 'min-height:'+minHeight);\n\t}\n\tiframe.setAttribute('onload', 'rafflepress_resize_iframe_'+ID+'(this)');\n\n\tdocument.getElementById(wrapperID).appendChild(iframe);\n}\n\n\/\/ phpcs:disable\ninsertIframe( '24499444','https:\/\/god-vibro.com\/fr_ca\/?rafflepress_page=rafflepress_render&rafflepress_id=1&iframe=1&giframe=true&rpr=&parent_url=https%3A%2F%2Fgod-vibro.com%2Ffr_ca%2Fwp-json%2Fwp%2Fv2%2Fpages%2F966&68253','200px' );\n\/\/ phpcs:enable\n<\/script>\n\n<script>\nfunction rafflepress_resize_iframe_24499444(){\n\tiFrameResize({\n\t\tlog: false,\n\t\tonMessage: function(messageData) {\n\t\t\tif (messageData.message == 'rafflepress_loaded') {\n\t\t\t\tvar el = document.getElementById('rafflepress-giveaway-iframe-wrapper-24499444');\n\t\t\t\tvar className = \"rafflepress_iframe_loading\";\n\t\t\t\tif (el.classList)\n\t\t\t\t\tel.classList.remove(className);\n\t\t\t\telse\n\t\t\t\t\tel.className = el.className.replace(new RegExp('(^|\\\\b)' + className.split(' ').join('|') +\n\t\t\t\t\t\t'(\\\\b|$)', 'gi'), ' ');\n\t\t\t}\n\t\t}\n\t}, '#rafflepress-24499444');\n};\n\n<\/script>\n\n\n\t\n\n\n<div style=\"height:100px\" aria-hidden=\"true\" class=\"wp-block-spacer\"><\/div>\n\n\n\n<div class=\"wp-block-image\"><figure class=\"aligncenter size-full is-resized\"><img fetchpriority=\"high\" decoding=\"async\" src=\"https:\/\/god-vibro.com\/wp-content\/uploads\/2021\/11\/lovense-header.jpeg\" alt=\"\" class=\"wp-image-608\" width=\"946\" height=\"117\" srcset=\"https:\/\/god-vibro.com\/wp-content\/uploads\/2021\/11\/lovense-header.jpeg 728w, https:\/\/god-vibro.com\/wp-content\/uploads\/2021\/11\/lovense-header-600x74.jpeg 600w, https:\/\/god-vibro.com\/wp-content\/uploads\/2021\/11\/lovense-header-300x37.jpeg 300w\" sizes=\"(max-width: 946px) 100vw, 946px\" \/><\/figure><\/div>\n\n\n\n<p>God-Vibro est heureux de vous faire participer \u00e0 un jeu concours. Tentez de remporter le jouet de votre choix pour vous amusez \u00e0 2, solo ou plusieurs pour la st-valentin 2022. Que ce soit Le <a href=\"https:\/\/god-vibro.com\/lovense-lush-3-3.html\" data-type=\"post\" data-id=\"103\">Lush 3<\/a>, Le nouveau Hush 2, Le Gush ou n&rsquo;importe quel autre jouet&#8230; vous n&rsquo;avez plus qu&rsquo;a choisir avant de vous faire plaisir.<\/p>\n\n\n\n<h3 class=\"wp-block-heading\" id=\"le-concours-est-termine\">Le concours est termin\u00e9 :<\/h3>\n\n\n\n<p>Nous avons fait le tirage au sort ce soir \u00e0 17h \u00e0 Montr\u00e9al. Le gagnant va \u00eatre contact\u00e9 par courriel et on esp\u00e8re qu&rsquo;il fera une video ou quelques photos de son cadeau \ud83d\ude09<\/p>\n\n\n\n<div class=\"wp-block-image\"><figure class=\"aligncenter size-full is-resized\"><img decoding=\"async\" src=\"https:\/\/god-vibro.com\/wp-content\/uploads\/2022\/02\/Capture-de\u0301cran-2022-02-06-a\u0300-17.43.54.png\" alt=\"Gagnant concours\" class=\"wp-image-1325\" width=\"786\" height=\"236\" srcset=\"https:\/\/god-vibro.com\/wp-content\/uploads\/2022\/02\/Capture-de\u0301cran-2022-02-06-a\u0300-17.43.54.png 786w, https:\/\/god-vibro.com\/wp-content\/uploads\/2022\/02\/Capture-de\u0301cran-2022-02-06-a\u0300-17.43.54-600x180.png 600w, https:\/\/god-vibro.com\/wp-content\/uploads\/2022\/02\/Capture-de\u0301cran-2022-02-06-a\u0300-17.43.54-300x90.png 300w, https:\/\/god-vibro.com\/wp-content\/uploads\/2022\/02\/Capture-de\u0301cran-2022-02-06-a\u0300-17.43.54-768x231.png 768w, https:\/\/god-vibro.com\/wp-content\/uploads\/2022\/02\/Capture-de\u0301cran-2022-02-06-a\u0300-17.43.54-18x5.png 18w\" sizes=\"(max-width: 786px) 100vw, 786px\" \/><figcaption>Notre grand gagnant.<\/figcaption><\/figure><\/div>\n\n\n\n<h3 class=\"wp-block-heading\" id=\"rejoindre-la-communaute-god-vibro-sur-facebook\">Rejoindre la communaut\u00e9 God-Vibro sur Facebook<\/h3>\n\n\n\n<p><a href=\"https:\/\/www.facebook.com\/godvibro\">https:\/\/www.facebook.com\/godvibro<\/a><\/p>\n\n\n\n<p>Le concours dure 3 semaines, il s&rsquo;arr\u00eate le 06 f\u00e9vrier. Je ferais le tirage \u00e0 17h et le 07 f\u00e9vrier j&rsquo;annoncerai ici la ou le gagnant. Je contacterai l&rsquo;heureux \u00e9lu et je ferai la commande directement sur le site de <strong>Lovense<\/strong> apr\u00e8s avoir re\u00e7u les informations de contact du gagnant.. <\/p>","protected":false},"excerpt":{"rendered":"<p>God-Vibro est heureux de vous faire participer \u00e0 un jeu concours. Tentez de remporter le jouet de votre choix pour vous amusez \u00e0 2, solo ou plusieurs pour la st-valentin 2022. Que ce soit Le Lush 3, Le nouveau Hush 2, Le Gush ou n&rsquo;importe quel autre jouet&#8230; vous n&rsquo;avez plus qu&rsquo;a choisir avant de [&hellip;]<\/p>\n","protected":false},"author":1,"featured_media":0,"parent":0,"menu_order":0,"comment_status":"closed","ping_status":"closed","template":"","meta":{"_acf_changed":false,"_seopress_robots_primary_cat":"","_seopress_titles_title":"","_seopress_titles_desc":"","_seopress_robots_index":"","_uag_custom_page_level_css":"","site-sidebar-layout":"default","site-content-layout":"","ast-site-content-layout":"default","site-content-style":"default","site-sidebar-style":"default","ast-global-header-display":"","ast-banner-title-visibility":"","ast-main-header-display":"","ast-hfb-above-header-display":"","ast-hfb-below-header-display":"","ast-hfb-mobile-header-display":"","site-post-title":"","ast-breadcrumbs-content":"","ast-featured-img":"","footer-sml-layout":"","theme-transparent-header-meta":"","adv-header-id-meta":"","stick-header-meta":"","header-above-stick-meta":"","header-main-stick-meta":"","header-below-stick-meta":"","astra-migrate-meta-layouts":"default","ast-page-background-enabled":"default","ast-page-background-meta":{"desktop":{"background-color":"var(--ast-global-color-4)","background-image":"","background-repeat":"repeat","background-position":"center center","background-size":"auto","background-attachment":"scroll","background-type":"","background-media":"","overlay-type":"","overlay-color":"","overlay-opacity":"","overlay-gradient":""},"tablet":{"background-color":"","background-image":"","background-repeat":"repeat","background-position":"center center","background-size":"auto","background-attachment":"scroll","background-type":"","background-media":"","overlay-type":"","overlay-color":"","overlay-opacity":"","overlay-gradient":""},"mobile":{"background-color":"","background-image":"","background-repeat":"repeat","background-position":"center center","background-size":"auto","background-attachment":"scroll","background-type":"","background-media":"","overlay-type":"","overlay-color":"","overlay-opacity":"","overlay-gradient":""}},"ast-content-background-meta":{"desktop":{"background-color":"var(--ast-global-color-5)","background-image":"","background-repeat":"repeat","background-position":"center center","background-size":"auto","background-attachment":"scroll","background-type":"","background-media":"","overlay-type":"","overlay-color":"","overlay-opacity":"","overlay-gradient":""},"tablet":{"background-color":"var(--ast-global-color-5)","background-image":"","background-repeat":"repeat","background-position":"center center","background-size":"auto","background-attachment":"scroll","background-type":"","background-media":"","overlay-type":"","overlay-color":"","overlay-opacity":"","overlay-gradient":""},"mobile":{"background-color":"var(--ast-global-color-5)","background-image":"","background-repeat":"repeat","background-position":"center center","background-size":"auto","background-attachment":"scroll","background-type":"","background-media":"","overlay-type":"","overlay-color":"","overlay-opacity":"","overlay-gradient":""}},"footnotes":""},"class_list":["post-966","page","type-page","status-publish","hentry"],"acf":[],"uagb_featured_image_src":{"full":false,"thumbnail":false,"medium":false,"medium_large":false,"large":false,"1536x1536":false,"2048x2048":false,"trp-custom-language-flag":false,"ultp_layout_landscape_large":false,"ultp_layout_landscape":false,"ultp_layout_portrait":false,"ultp_layout_square":false},"uagb_author_info":{"display_name":"brigitte","author_link":"https:\/\/god-vibro.com\/fr_ca\/author\/brigitte"},"uagb_comment_info":0,"uagb_excerpt":"God-Vibro est heureux de vous faire participer \u00e0 un jeu concours. Tentez de remporter le jouet de votre choix pour vous amusez \u00e0 2, solo ou plusieurs pour la st-valentin 2022. Que ce soit Le Lush 3, Le nouveau Hush 2, Le Gush ou n&rsquo;importe quel autre jouet&#8230; vous n&rsquo;avez plus qu&rsquo;a choisir avant de&hellip;","_links":{"self":[{"href":"https:\/\/god-vibro.com\/fr_ca\/wp-json\/wp\/v2\/pages\/966","targetHints":{"allow":["GET"]}}],"collection":[{"href":"https:\/\/god-vibro.com\/fr_ca\/wp-json\/wp\/v2\/pages"}],"about":[{"href":"https:\/\/god-vibro.com\/fr_ca\/wp-json\/wp\/v2\/types\/page"}],"author":[{"embeddable":true,"href":"https:\/\/god-vibro.com\/fr_ca\/wp-json\/wp\/v2\/users\/1"}],"replies":[{"embeddable":true,"href":"https:\/\/god-vibro.com\/fr_ca\/wp-json\/wp\/v2\/comments?post=966"}],"version-history":[{"count":7,"href":"https:\/\/god-vibro.com\/fr_ca\/wp-json\/wp\/v2\/pages\/966\/revisions"}],"predecessor-version":[{"id":1327,"href":"https:\/\/god-vibro.com\/fr_ca\/wp-json\/wp\/v2\/pages\/966\/revisions\/1327"}],"wp:attachment":[{"href":"https:\/\/god-vibro.com\/fr_ca\/wp-json\/wp\/v2\/media?parent=966"}],"curies":[{"name":"wp","href":"https:\/\/api.w.org\/{rel}","templated":true}]}}