{"id":904,"date":"2022-01-05T11:26:48","date_gmt":"2022-01-05T11:26:48","guid":{"rendered":"https:\/\/god-vibro.com\/?page_id=904"},"modified":"2022-01-05T11:26:50","modified_gmt":"2022-01-05T11:26:50","slug":"les-meilleurs-vibromasseurs-a-la-distance","status":"publish","type":"page","link":"https:\/\/god-vibro.com\/fr_ca\/les-meilleurs-vibromasseurs-a-la-distance.html","title":{"rendered":"Les meilleurs vibromasseurs \u00e0 la distance"},"content":{"rendered":"<p>Le vibromasseur est un outil tr\u00e8s appr\u00e9ci\u00e9 dans la qu\u00eate du plaisir. Avec l\u2019\u00e9volution de la science, il s\u2019est \u00e9norm\u00e9ment am\u00e9lior\u00e9. Depuis quelques ann\u00e9es, ces petits jouets sexuels sont utilisables \u00e0 distance avec une connexion Internet ou Bluetooth et contr\u00f4lables par votre partenaire m\u00eame \u00e0 l\u2019autre bout du monde.<\/p>\n\n\n\n<div id=\"ez-toc-container\" class=\"ez-toc-v2_0_82_2 counter-hierarchy ez-toc-counter ez-toc-custom ez-toc-container-direction\">\n<div class=\"ez-toc-title-container\">\n<p class=\"ez-toc-title\" style=\"cursor:inherit\">Contenus <\/p>\n<span class=\"ez-toc-title-toggle\"><a href=\"#\" class=\"ez-toc-pull-right ez-toc-btn ez-toc-btn-xs ez-toc-btn-default ez-toc-toggle\" aria-label=\"Toggle Table of Content\"><span class=\"ez-toc-js-icon-con\"><span class=\"\"><span class=\"eztoc-hide\" style=\"display:none;\">Toggle<\/span><span class=\"ez-toc-icon-toggle-span\"><svg style=\"fill: #999;color:#999\" xmlns=\"http:\/\/www.w3.org\/2000\/svg\" class=\"list-377408\" width=\"20px\" height=\"20px\" viewbox=\"0 0 24 24\" fill=\"none\"><path d=\"M6 6H4v2h2V6zm14 0H8v2h12V6zM4 11h2v2H4v-2zm16 0H8v2h12v-2zM4 16h2v2H4v-2zm16 0H8v2h12v-2z\" fill=\"currentColor\"><\/path><\/svg><svg style=\"fill: #999;color:#999\" class=\"arrow-unsorted-368013\" xmlns=\"http:\/\/www.w3.org\/2000\/svg\" width=\"10px\" height=\"10px\" viewbox=\"0 0 24 24\" version=\"1.2\" baseprofile=\"tiny\"><path d=\"M18.2 9.3l-6.2-6.3-6.2 6.3c-.2.2-.3.4-.3.7s.1.5.3.7c.2.2.4.3.7.3h11c.3 0 .5-.1.7-.3.2-.2.3-.5.3-.7s-.1-.5-.3-.7zM5.8 14.7l6.2 6.3 6.2-6.3c.2-.2.3-.5.3-.7s-.1-.5-.3-.7c-.2-.2-.4-.3-.7-.3h-11c-.3 0-.5.1-.7.3-.2.2-.3.5-.3.7s.1.5.3.7z\"\/><\/svg><\/span><\/span><\/span><\/a><\/span><\/div>\n<nav><ul class='ez-toc-list ez-toc-list-level-1 eztoc-toggle-hide-by-default' ><li class='ez-toc-page-1 ez-toc-heading-level-2'><a class=\"ez-toc-link ez-toc-heading-1\" href=\"https:\/\/god-vibro.com\/fr_ca\/les-meilleurs-vibromasseurs-a-la-distance.html\/#Max_et_Nora_de_Lovense\" >Max et Nora de Lovense<\/a><\/li><li class='ez-toc-page-1 ez-toc-heading-level-2'><a class=\"ez-toc-link ez-toc-heading-2\" href=\"https:\/\/god-vibro.com\/fr_ca\/les-meilleurs-vibromasseurs-a-la-distance.html\/#Onyx_2_et_Pearl_2_de_Kiiroo\" >Onyx 2 et Pearl 2 de Kiiroo&nbsp;<\/a><\/li><li class='ez-toc-page-1 ez-toc-heading-level-2'><a class=\"ez-toc-link ez-toc-heading-3\" href=\"https:\/\/god-vibro.com\/fr_ca\/les-meilleurs-vibromasseurs-a-la-distance.html\/#Lush_2_de_Lovense\" >Lush 2 de Lovense<\/a><\/li><li class='ez-toc-page-1 ez-toc-heading-level-2'><a class=\"ez-toc-link ez-toc-heading-4\" href=\"https:\/\/god-vibro.com\/fr_ca\/les-meilleurs-vibromasseurs-a-la-distance.html\/#Vibease\" >Vibease<\/a><\/li><li class='ez-toc-page-1 ez-toc-heading-level-2'><a class=\"ez-toc-link ez-toc-heading-5\" href=\"https:\/\/god-vibro.com\/fr_ca\/les-meilleurs-vibromasseurs-a-la-distance.html\/#Esca\" >Esca<\/a><\/li><li class='ez-toc-page-1 ez-toc-heading-level-2'><a class=\"ez-toc-link ez-toc-heading-6\" href=\"https:\/\/god-vibro.com\/fr_ca\/les-meilleurs-vibromasseurs-a-la-distance.html\/#Hush_de_Lovense\" >Hush de Lovense<\/a><\/li><li class='ez-toc-page-1 ez-toc-heading-level-2'><a class=\"ez-toc-link ez-toc-heading-7\" href=\"https:\/\/god-vibro.com\/fr_ca\/les-meilleurs-vibromasseurs-a-la-distance.html\/#OhMiBod_Fuse_Fleshlight_Launch\" >OhMiBod Fuse + Fleshlight Launch&nbsp;<\/a><\/li><li class='ez-toc-page-1 ez-toc-heading-level-2'><a class=\"ez-toc-link ez-toc-heading-8\" href=\"https:\/\/god-vibro.com\/fr_ca\/les-meilleurs-vibromasseurs-a-la-distance.html\/#Osci_2\" >Osci 2<\/a><\/li><\/ul><\/nav><\/div>\n<h2 class=\"wp-block-heading\"><span class=\"ez-toc-section\" id=\"Max_et_Nora_de_Lovense\"><\/span>Max et Nora de Lovense<span class=\"ez-toc-section-end\"><\/span><\/h2>\n\n\n\n<p>Les vibromasseurs Max et Nora de la soci\u00e9t\u00e9 de Lovense. Le 25 f\u00e9vrier 2022, Lovense \u00e0 sorti sa <a href=\"https:\/\/god-vibro.com\/lovense-sex-machine.html\">Sex Machine<\/a> sont de vrais bijoux technologiques. <a href=\"https:\/\/god-vibro.com\/lovense-max-2.html\">Max a \u00e9t\u00e9 con\u00e7u pour les hommes<\/a> et Nora pour les femmes. C\u2019est gr\u00e2ce \u00e0 une application nomm\u00e9e Body Chat que cette magie du sexe est r\u00e9alisable. Body Chat est compatible avec les smartphones, les PC et Mac.&nbsp;<\/p>\n\n\n\n<p>Sa technologie r\u00e9volutionnaire lie les appareils entre eux \u00e0 travers le syst\u00e8me Bluetooth. Gr\u00e2ce \u00e0 ce syst\u00e8me, les partenaires en extase sexuelle ont le m\u00eame sentiment de plaisir en temps r\u00e9el. Il leur suffit donc de fermer les yeux et de se livrer \u00e0 tous leurs fantasmes \u00e9rotiques.<\/p>\n\n\n\n<p>La technologie va encore plus loin en permettant \u00e0 l\u2019un et l\u2019autre des partenaires de contr\u00f4ler le sextoy du second et de l\u2019emmener ainsi au septi\u00e8me ciel. \u00c0 cela s\u2019ajoute dans l\u2019application, la capacit\u00e9 d\u2019\u00eatre en mode vid\u00e9o. Cela permet donc aux diff\u00e9rents conjoints de rendre encore plus r\u00e9elles leurs sensations.<\/p>\n\n\n\n<figure class=\"wp-block-image\"><img decoding=\"async\" src=\"https:\/\/lh6.googleusercontent.com\/I0008raFtwxzDu-TuFGXm9gfKT6dre1wh7G5C-6fcdQvPNgIAG0-QOImDr8nIOOkoTZ87jMNec4n17CQKXog8SS6oa_mvdmccdleSdEFwAJUrzrhILafr7xdw52iXbIrcIx5H0jq\" alt=\"\"\/><\/figure>\n\n\n\n<h2 class=\"wp-block-heading\"><span class=\"ez-toc-section\" id=\"Onyx_2_et_Pearl_2_de_Kiiroo\"><\/span>Onyx 2 et Pearl 2 de Kiiroo&nbsp;<span class=\"ez-toc-section-end\"><\/span><\/h2>\n\n\n\n<p>Kiiroo est une soci\u00e9t\u00e9 hollandaise qui fait parler d\u2019elle dans le domaine du sexe. Ses l\u00e9gendaires vibromasseurs Onyx 2 et Pearl 2 sont des chefs-d\u2019\u0153uvre technologiques. Ils ont succ\u00e9d\u00e9 aux premiers prototypes Onyx 1 et Pearl 1 qui ne r\u00e9pondaient plus \u00e0 la demande du march\u00e9. Onyx 2 est destin\u00e9 aux hommes et Pearl 2 aux femmes.&nbsp;<\/p>\n\n\n\n<p>Ce sont des outils rechargeables qui fonctionnent \u00e9galement avec un syst\u00e8me Bluetooth. Le concepteur a cr\u00e9\u00e9 une application t\u00e9l\u00e9chargeable sur smartphone pour permettre son usage. Il s\u2019agit de Feel Connect. La technologie de Pearl 2 est fond\u00e9e sur neuf r\u00e9glages de vibrations qui vont graduellement. Le niveau 9 vous plonge dans une jouissance infinie. Il est compatible avec n\u2019importe quel vagin car il poss\u00e8de une longueur d\u2019environ 20 centim\u00e8tres.<\/p>\n\n\n\n<p>La technologie de Onyx 2, par contre, est bas\u00e9e sur trois modes et dispose d\u2019une gaine de la marque Fleshlight SuperSkin. Gr\u00e2ce \u00e0 ces \u00e9l\u00e9ments, Onyx 2 permet de r\u00e9aliser un maximum de 140 mouvements par minute. Il peut \u00eatre utilis\u00e9 sans arr\u00eat pendant une heure gr\u00e2ce aux dix anneaux qui le composent. Les trois modes de Onyx 2 sont&nbsp;:<\/p>\n\n\n\n<ul class=\"wp-block-list\"><li>pompe lente&nbsp;;<\/li><li>pompe rapide&nbsp;;<\/li><li>manuel.<\/li><\/ul>\n\n\n\n<h2 class=\"wp-block-heading\"><span class=\"ez-toc-section\" id=\"Lush_2_de_Lovense\"><\/span>Lush 2 de Lovense<span class=\"ez-toc-section-end\"><\/span><\/h2>\n\n\n\n<p>Lovense n\u2019a pas fini d\u2019\u00e9pater avec ses prouesses technologiques. Lush 2 est con\u00e7u sp\u00e9cialement pour un usage personnel mais peut \u00eatre utilis\u00e9 en couple. Il fait preuve d\u2019une discr\u00e9tion l\u00e9gendaire pour un usage encore vibrant. C\u2019est un petit \u0153uf connectable par Bluetooth comme la plupart des autres sextoys.&nbsp;<\/p>\n\n\n\n<p>Il l&rsquo;est \u00e9galement en mode Wifi avec une port\u00e9e de 13 m\u00e8tres. L\u2019utilisation avec le Wifi n\u00e9cessite n\u00e9anmoins le t\u00e9l\u00e9chargement sur iOS ou Android de Lovense Remote.<\/p>\n\n\n\n<p>Il a la capacit\u00e9 de diffuser votre musique pr\u00e9f\u00e9r\u00e9e afin de stimuler votre jouissance. Gr\u00e2ce \u00e0 son application mobile et particuli\u00e8rement l\u2019option in-app, vous pouvez effectuer un chat vid\u00e9o ou envoyer des photos \u00e0 votre partenaire.&nbsp;<\/p>\n\n\n\n<p>Il est rechargeable et a une autonomie de 3 heures sans arr\u00eat. Le top de sa technologie r\u00e9side en ce qu\u2019il a un moteur quatre fois plus puissant que la normale pour stimuler le point G. Il poss\u00e8de \u00e9galement sept modes de fonctionnement&nbsp;:<\/p>\n\n\n\n<ul class=\"wp-block-list\"><li>doux&nbsp;;<\/li><li>moyen&nbsp;;<\/li><li>fort&nbsp;;<\/li><li>pulsations&nbsp;;<\/li><li>vagues&nbsp;;<\/li><li>feux d\u2019artifice&nbsp;;<\/li><li>tremblement de terre.<\/li><\/ul>\n\n\n\n<h2 class=\"wp-block-heading\"><span class=\"ez-toc-section\" id=\"Vibease\"><\/span>Vibease<span class=\"ez-toc-section-end\"><\/span><\/h2>\n\n\n\n<p>Le vibromasseur Vibease n\u2019est pas en marge de toutes les prouesses technologiques cit\u00e9es plus haut. Il est principalement destin\u00e9 aux femmes. Elles peuvent donc laisser \u00e0 leur partenaire le soin de les faire jouir \u00e0 partir de n\u2019importe quel endroit du globe. Il suffit juste d\u2019avoir une connexion Internet, le Bluetooth allum\u00e9 et l\u2019application mobile Vibease. Tout dans ce joyau technologique a \u00e9t\u00e9 simplifi\u00e9 pour le rendre plus pratique et surtout discret.&nbsp;<\/p>\n\n\n\n<p>Ce sextoy est une fonction audio tr\u00e8s sophistiqu\u00e9e ou intelligente qui r\u00e9pond aux ordres donn\u00e9s par l\u2019utilisateur.&nbsp; Dans ce m\u00eame sillage, il peut comme le vibromasseur pr\u00e9c\u00e9dent \u00e9mettre la musique de votre choix et m\u00eame vous lire des livres \u00e9rotiques en audio.&nbsp;<\/p>\n\n\n\n<p>Son enveloppe protectrice est faite en silicone de haute qualit\u00e9 et est donc imperm\u00e9able \u00e0 l\u2019eau. Vous pourrez donc facilement l\u2019utiliser sous la douche. Il convient aussi de noter l\u2019autonomie de sa batterie qui est de trois heures d\u2019horloge.<\/p>\n\n\n\n<figure class=\"wp-block-image\"><img decoding=\"async\" src=\"https:\/\/lh4.googleusercontent.com\/hTDcfFrt3J7EmYXXA_xKGPsBa8rHmbAXw0MzzCzMVPUYwMhyJ50872JQqQPjlxN4sWUcFHCYV0gqTk8aG3S_Mc67V5sE7UFvYyGaEVxcCMlOfGm_QIMihijJicxI775W0OAXCEm8\" alt=\"\"\/><\/figure>\n\n\n\n<h2 class=\"wp-block-heading\"><span class=\"ez-toc-section\" id=\"Esca\"><\/span>Esca<span class=\"ez-toc-section-end\"><\/span><\/h2>\n\n\n\n<p>Esca est un petit \u0153uf de la Sex Tech. Il entre dans la liste des meilleurs objets de sexe jamais con\u00e7us. Dot\u00e9 d\u2019une technologie de connexion sans fil comme les autres, il est beaucoup plus facile \u00e0 glisser dans votre sous-v\u00eatement.&nbsp;<\/p>\n\n\n\n<p>Con\u00e7u pour les femmes, il r\u00e9pond aux besoins de sant\u00e9 corporelle gr\u00e2ce \u00e0 son enveloppe protectrice qui est en silicone. Gr\u00e2ce \u00e0 l\u2019application mobile OhMiBod Remote, t\u00e9l\u00e9chargeable sur les smartphones et tablettes, il r\u00e9duit la distance entre les partenaires.<\/p>\n\n\n\n<p>Il est capable de vous exciter jusqu\u2019\u00e0 atteindre votre point G. Vous l\u2019aurez donc compris, pour une femme c\u2019est un sacr\u00e9 coup de main qu\u2019offre la technologie. Il ne p\u00e8se d\u2019ailleurs que 56 grammes. Il offre \u00e9galement un jeu de lumi\u00e8re qui suit le rythme des vibrations. Cela rend encore le plaisir sexuel plus vivant.&nbsp;<\/p>\n\n\n\n<p>OhMiBod Remote qui est son application de base a les m\u00eames fonctionnalit\u00e9s qu\u2019un r\u00e9seau social. Vous pouvez donc vivre ces moments intimes avec votre partenaire par appel vid\u00e9o.<\/p>\n\n\n\n<h2 class=\"wp-block-heading\"><span class=\"ez-toc-section\" id=\"Hush_de_Lovense\"><\/span>Hush de Lovense<span class=\"ez-toc-section-end\"><\/span><\/h2>\n\n\n\n<p>Lovense se basant sur les avis des clients leurs propose toujours plus de technologie. C\u2019est de l\u00e0 qu\u2019est n\u00e9 le vibromasseur Hush. Il est d\u2019un usage multiple mais sp\u00e9cifiquement con\u00e7u pour le plaisir anal.&nbsp;<\/p>\n\n\n\n<p>Destin\u00e9 aux femmes, il est principalement compos\u00e9 de butt plugs dont les vibrations sont uniques. Il n\u00e9cessite une connexion Internet et a un port\u00e9e maximale de neuf m\u00e8tres dans un rayon de 360 degr\u00e9s.&nbsp;<\/p>\n\n\n\n<p>Il est, tout comme les pr\u00e9c\u00e9dents, contr\u00f4l\u00e9 par une application qui poss\u00e8de toutes les caract\u00e9ristiques cit\u00e9es plus haut&nbsp;: technologies auditive et visuelle et puissance des vibrations. Il est connectable et rechargeable par USB et sa batterie poss\u00e8de une autonomie de deux heures. Il est disponible en double taille. Pour les d\u00e9butants, il est conseill\u00e9 de commencer avec le Hush de 3,81 cm tandis que pour les exp\u00e9riment\u00e9s la taille moyenne de 4,45 cm est parfaite.&nbsp;<\/p>\n\n\n\n<figure class=\"wp-block-image\"><img decoding=\"async\" src=\"https:\/\/lh5.googleusercontent.com\/3HZXcJ2B5DO1kSp65iT8wWvyd8edv-y4FzPg8SB2-hJeU0Lp0SA1qKL9mP5q2vD_yNnuVtHtzzWuf7byl851jWWKp9TwKcWVy59JS42_Ve691H8xOyoa-WhPBThLqQH5lXc0YTuq\" alt=\"\"\/><\/figure>\n\n\n\n<h2 class=\"wp-block-heading\"><span class=\"ez-toc-section\" id=\"OhMiBod_Fuse_Fleshlight_Launch\"><\/span>OhMiBod Fuse + Fleshlight Launch&nbsp;<span class=\"ez-toc-section-end\"><\/span><\/h2>\n\n\n\n<p>Ce couple de vibromasseurs est l&rsquo;un des plus rares sur le march\u00e9. OhMiBod Fuse est mieux adapt\u00e9 aux femmes tandis que le Fleshlight Launch est le masturbateur des hommes.<\/p>\n\n\n\n<p>OhMiBod est un vibromasseur poss\u00e9dant un atout d\u00e9cisif. Cet atout est sa capacit\u00e9 \u00e0 stimuler doublement votre appareil g\u00e9nital. Il est compatible avec tous les autres vibromasseurs cit\u00e9s un peu plus haut. Gr\u00e2ce \u00e0 sa souplesse et \u00e0 sa double capacit\u00e9 de stimulation, il vous permet de r\u00e9aliser les fantasmes de votre partenaire en un temps record. Il utilise aussi une connexion sans fil (Bluetooth, Internet ou Wifi).<\/p>\n\n\n\n<p>Le Fleshlight Launch par contre, est destin\u00e9 aux hommes. D\u2019une technologie tr\u00e8s avanc\u00e9e, il est compatible avec tous les autres syst\u00e8mes d\u2019exploitation de vibromasseurs. Il est enti\u00e8rement recouvert de silicone et est actuellement en t\u00eate de toutes les ventes du magasin Launch. Il est rechargeable par USB et utilisable m\u00eame sous la douche gr\u00e2ce \u00e0 son syst\u00e8me Waterproof. Il p\u00e8se 4,24 kg et est utilisable en continue sur une heure et demie.&nbsp;<\/p>\n\n\n\n<h2 class=\"wp-block-heading\"><span class=\"ez-toc-section\" id=\"Osci_2\"><\/span>Osci 2<span class=\"ez-toc-section-end\"><\/span><\/h2>\n\n\n\n<p>Le tout dernier de la liste est l\u2019Osci 2. C\u2019est un vibromasseur non moins important car sa sp\u00e9cificit\u00e9 r\u00e9side dans le fait que ses vibrations sont internes. Elles ne sont donc pas ressenties \u00e0 l\u2019ext\u00e9rieur de l\u2019enveloppe protectrice. Sa morphologie, constitu\u00e9e d\u2019une petite t\u00eate ovale est destin\u00e9e principalement \u00e0 stimuler comme jamais le point G chez la femme. Cette stimulation est inou\u00efe et confortable.&nbsp;<\/p>\n\n\n\n<p>Gr\u00e2ce aux avis des clients sur l\u2019Osci 1, ce nouveau mod\u00e8le pr\u00e9sente une dur\u00e9e d\u2019utilisation beaucoup plus satisfaisante. Il convient de noter d\u2019une part, qu\u2019une puce Bluetooth y a \u00e9t\u00e9 mise et d\u2019autre part que sa fonction de charge a \u00e9t\u00e9 magn\u00e9tis\u00e9e pour \u00eatre beaucoup plus pratique.<\/p>","protected":false},"excerpt":{"rendered":"<p>Le vibromasseur est un outil tr\u00e8s appr\u00e9ci\u00e9 dans la qu\u00eate du plaisir. Avec l\u2019\u00e9volution de la science, il s\u2019est \u00e9norm\u00e9ment am\u00e9lior\u00e9. Depuis quelques ann\u00e9es, ces petits jouets sexuels sont utilisables \u00e0 distance avec une connexion Internet ou Bluetooth et contr\u00f4lables par votre partenaire m\u00eame \u00e0 l\u2019autre bout du monde. Max et Nora de Lovense Les [&hellip;]<\/p>\n","protected":false},"author":1,"featured_media":0,"parent":0,"menu_order":0,"comment_status":"closed","ping_status":"closed","template":"","meta":{"_acf_changed":false,"_seopress_robots_primary_cat":"","_seopress_titles_title":"","_seopress_titles_desc":"","_seopress_robots_index":"","_uag_custom_page_level_css":"","site-sidebar-layout":"default","site-content-layout":"","ast-site-content-layout":"default","site-content-style":"default","site-sidebar-style":"default","ast-global-header-display":"","ast-banner-title-visibility":"","ast-main-header-display":"","ast-hfb-above-header-display":"","ast-hfb-below-header-display":"","ast-hfb-mobile-header-display":"","site-post-title":"","ast-breadcrumbs-content":"","ast-featured-img":"","footer-sml-layout":"","theme-transparent-header-meta":"","adv-header-id-meta":"","stick-header-meta":"","header-above-stick-meta":"","header-main-stick-meta":"","header-below-stick-meta":"","astra-migrate-meta-layouts":"default","ast-page-background-enabled":"default","ast-page-background-meta":{"desktop":{"background-color":"var(--ast-global-color-4)","background-image":"","background-repeat":"repeat","background-position":"center center","background-size":"auto","background-attachment":"scroll","background-type":"","background-media":"","overlay-type":"","overlay-color":"","overlay-opacity":"","overlay-gradient":""},"tablet":{"background-color":"","background-image":"","background-repeat":"repeat","background-position":"center center","background-size":"auto","background-attachment":"scroll","background-type":"","background-media":"","overlay-type":"","overlay-color":"","overlay-opacity":"","overlay-gradient":""},"mobile":{"background-color":"","background-image":"","background-repeat":"repeat","background-position":"center center","background-size":"auto","background-attachment":"scroll","background-type":"","background-media":"","overlay-type":"","overlay-color":"","overlay-opacity":"","overlay-gradient":""}},"ast-content-background-meta":{"desktop":{"background-color":"var(--ast-global-color-5)","background-image":"","background-repeat":"repeat","background-position":"center center","background-size":"auto","background-attachment":"scroll","background-type":"","background-media":"","overlay-type":"","overlay-color":"","overlay-opacity":"","overlay-gradient":""},"tablet":{"background-color":"var(--ast-global-color-5)","background-image":"","background-repeat":"repeat","background-position":"center center","background-size":"auto","background-attachment":"scroll","background-type":"","background-media":"","overlay-type":"","overlay-color":"","overlay-opacity":"","overlay-gradient":""},"mobile":{"background-color":"var(--ast-global-color-5)","background-image":"","background-repeat":"repeat","background-position":"center center","background-size":"auto","background-attachment":"scroll","background-type":"","background-media":"","overlay-type":"","overlay-color":"","overlay-opacity":"","overlay-gradient":""}},"footnotes":""},"class_list":["post-904","page","type-page","status-publish","hentry"],"acf":[],"uagb_featured_image_src":{"full":false,"thumbnail":false,"medium":false,"medium_large":false,"large":false,"1536x1536":false,"2048x2048":false,"trp-custom-language-flag":false,"ultp_layout_landscape_large":false,"ultp_layout_landscape":false,"ultp_layout_portrait":false,"ultp_layout_square":false},"uagb_author_info":{"display_name":"brigitte","author_link":"https:\/\/god-vibro.com\/fr_ca\/author\/brigitte"},"uagb_comment_info":0,"uagb_excerpt":"Le vibromasseur est un outil tr\u00e8s appr\u00e9ci\u00e9 dans la qu\u00eate du plaisir. Avec l\u2019\u00e9volution de la science, il s\u2019est \u00e9norm\u00e9ment am\u00e9lior\u00e9. Depuis quelques ann\u00e9es, ces petits jouets sexuels sont utilisables \u00e0 distance avec une connexion Internet ou Bluetooth et contr\u00f4lables par votre partenaire m\u00eame \u00e0 l\u2019autre bout du monde. Max et Nora de Lovense Les&hellip;","_links":{"self":[{"href":"https:\/\/god-vibro.com\/fr_ca\/wp-json\/wp\/v2\/pages\/904","targetHints":{"allow":["GET"]}}],"collection":[{"href":"https:\/\/god-vibro.com\/fr_ca\/wp-json\/wp\/v2\/pages"}],"about":[{"href":"https:\/\/god-vibro.com\/fr_ca\/wp-json\/wp\/v2\/types\/page"}],"author":[{"embeddable":true,"href":"https:\/\/god-vibro.com\/fr_ca\/wp-json\/wp\/v2\/users\/1"}],"replies":[{"embeddable":true,"href":"https:\/\/god-vibro.com\/fr_ca\/wp-json\/wp\/v2\/comments?post=904"}],"version-history":[{"count":3,"href":"https:\/\/god-vibro.com\/fr_ca\/wp-json\/wp\/v2\/pages\/904\/revisions"}],"predecessor-version":[{"id":1346,"href":"https:\/\/god-vibro.com\/fr_ca\/wp-json\/wp\/v2\/pages\/904\/revisions\/1346"}],"wp:attachment":[{"href":"https:\/\/god-vibro.com\/fr_ca\/wp-json\/wp\/v2\/media?parent=904"}],"curies":[{"name":"wp","href":"https:\/\/api.w.org\/{rel}","templated":true}]}}