{"id":904,"date":"2022-01-05T11:26:48","date_gmt":"2022-01-05T11:26:48","guid":{"rendered":"https:\/\/god-vibro.com\/?page_id=904"},"modified":"2022-01-05T11:26:50","modified_gmt":"2022-01-05T11:26:50","slug":"les-meilleurs-vibromasseurs-a-la-distance","status":"publish","type":"page","link":"https:\/\/god-vibro.com\/fi\/parhaat-vibromasserit-a-la-etaisyys.html","title":{"rendered":"Parhaat vibraattorit et\u00e4\u00e4lt\u00e4"},"content":{"rendered":"<p>Vibraattori on suosittu v\u00e4line nautinnon etsimisess\u00e4. Tieteen kehityksen my\u00f6t\u00e4 se on parantunut valtavasti. Viime vuosina n\u00e4it\u00e4 pieni\u00e4 seksileluja on voitu k\u00e4ytt\u00e4\u00e4 et\u00e4n\u00e4 Internet- tai Bluetooth-yhteyden avulla, ja kumppanisi voi ohjata niit\u00e4 jopa toisella puolella maailmaa.<\/p>\n\n\n\n<div id=\"ez-toc-container\" class=\"ez-toc-v2_0_82_2 counter-hierarchy ez-toc-counter ez-toc-custom ez-toc-container-direction\">\n<div class=\"ez-toc-title-container\">\n<p class=\"ez-toc-title\" style=\"cursor:inherit\">Sis\u00e4lt\u00f6 <\/p>\n<span class=\"ez-toc-title-toggle\"><a href=\"#\" class=\"ez-toc-pull-right ez-toc-btn ez-toc-btn-xs ez-toc-btn-default ez-toc-toggle\" aria-label=\"Sis\u00e4llysluettelon vaihtaminen\"><span class=\"ez-toc-js-icon-con\"><span class=\"\"><span class=\"eztoc-hide\" style=\"display:none;\">Toggle<\/span><span class=\"ez-toc-icon-toggle-span\"><svg style=\"fill: #999;color:#999\" xmlns=\"http:\/\/www.w3.org\/2000\/svg\" class=\"list-377408\" width=\"20px\" height=\"20px\" viewbox=\"0 0 24 24\" fill=\"none\"><path d=\"M6 6H4v2h2V6zm14 0H8v2h12V6zM4 11h2v2H4v-2zm16 0H8v2h12v-2zM4 16h2v2H4v-2zm16 0H8v2h12v-2z\" fill=\"currentColor\"><\/path><\/svg><svg style=\"fill: #999;color:#999\" class=\"arrow-unsorted-368013\" xmlns=\"http:\/\/www.w3.org\/2000\/svg\" width=\"10px\" height=\"10px\" viewbox=\"0 0 24 24\" version=\"1.2\" baseprofile=\"tiny\"><path d=\"M18.2 9.3l-6.2-6.3-6.2 6.3c-.2.2-.3.4-.3.7s.1.5.3.7c.2.2.4.3.7.3h11c.3 0 .5-.1.7-.3.2-.2.3-.5.3-.7s-.1-.5-.3-.7zM5.8 14.7l6.2 6.3 6.2-6.3c.2-.2.3-.5.3-.7s-.1-.5-.3-.7c-.2-.2-.4-.3-.7-.3h-11c-.3 0-.5.1-.7.3-.2.2-.3.5-.3.7s.1.5.3.7z\"\/><\/svg><\/span><\/span><\/span><\/a><\/span><\/div>\n<nav><ul class='ez-toc-list ez-toc-list-level-1 eztoc-toggle-hide-by-default' ><li class='ez-toc-page-1 ez-toc-heading-level-2'><a class=\"ez-toc-link ez-toc-heading-1\" href=\"https:\/\/god-vibro.com\/fi\/parhaat-vibromasserit-a-la-etaisyys.html\/#Max_et_Nora_de_Lovense\" >Max ja Nora de Lovense<\/a><\/li><li class='ez-toc-page-1 ez-toc-heading-level-2'><a class=\"ez-toc-link ez-toc-heading-2\" href=\"https:\/\/god-vibro.com\/fi\/parhaat-vibromasserit-a-la-etaisyys.html\/#Onyx_2_et_Pearl_2_de_Kiiroo\" >Onyx 2 ja Pearl 2 Kiiroosta&nbsp;<\/a><\/li><li class='ez-toc-page-1 ez-toc-heading-level-2'><a class=\"ez-toc-link ez-toc-heading-3\" href=\"https:\/\/god-vibro.com\/fi\/parhaat-vibromasserit-a-la-etaisyys.html\/#Lush_2_de_Lovense\" >Lovense Lush 2<\/a><\/li><li class='ez-toc-page-1 ez-toc-heading-level-2'><a class=\"ez-toc-link ez-toc-heading-4\" href=\"https:\/\/god-vibro.com\/fi\/parhaat-vibromasserit-a-la-etaisyys.html\/#Vibease\" >Vibease<\/a><\/li><li class='ez-toc-page-1 ez-toc-heading-level-2'><a class=\"ez-toc-link ez-toc-heading-5\" href=\"https:\/\/god-vibro.com\/fi\/parhaat-vibromasserit-a-la-etaisyys.html\/#Esca\" >Esca<\/a><\/li><li class='ez-toc-page-1 ez-toc-heading-level-2'><a class=\"ez-toc-link ez-toc-heading-6\" href=\"https:\/\/god-vibro.com\/fi\/parhaat-vibromasserit-a-la-etaisyys.html\/#Hush_de_Lovense\" >Hush alkaen Lovense<\/a><\/li><li class='ez-toc-page-1 ez-toc-heading-level-2'><a class=\"ez-toc-link ez-toc-heading-7\" href=\"https:\/\/god-vibro.com\/fi\/parhaat-vibromasserit-a-la-etaisyys.html\/#OhMiBod_Fuse_Fleshlight_Launch\" >OhMiBod Fuse + Fleshlight lanseeraus&nbsp;<\/a><\/li><li class='ez-toc-page-1 ez-toc-heading-level-2'><a class=\"ez-toc-link ez-toc-heading-8\" href=\"https:\/\/god-vibro.com\/fi\/parhaat-vibromasserit-a-la-etaisyys.html\/#Osci_2\" >Osci 2<\/a><\/li><\/ul><\/nav><\/div>\n<h2 class=\"wp-block-heading\"><span class=\"ez-toc-section\" id=\"Max_et_Nora_de_Lovense\"><\/span>Max ja Nora de Lovense<span class=\"ez-toc-section-end\"><\/span><\/h2>\n\n\n\n<p>Lovense-yhti\u00f6n Max- ja Nora-t\u00e4ryttimet. 25. helmikuuta 2022 Lovense julkaisi 25. helmikuuta 2022 <a href=\"https:\/\/god-vibro.com\/lovense-sex-machine.html\">Seksikone<\/a> ovat todellisia teknologisia helmi\u00e4. <a href=\"https:\/\/god-vibro.com\/lovense-max-2.html\">Max on suunniteltu miehille<\/a> ja Nora naisille. T\u00e4m\u00e4 seksin taika on mahdollista Body Chat -sovelluksen ansiosta. Body Chat on yhteensopiva \u00e4lypuhelinten, PC:n ja Macin kanssa.&nbsp;<\/p>\n\n\n\n<p>Sen vallankumouksellinen tekniikka yhdist\u00e4\u00e4 laitteet toisiinsa Bluetooth-j\u00e4rjestelm\u00e4n kautta. T\u00e4m\u00e4n j\u00e4rjestelm\u00e4n ansiosta seksuaalisessa ekstaasissa olevat kumppanit saavat saman nautinnon tunteen reaaliajassa. Heid\u00e4n tarvitsee vain sulkea silm\u00e4ns\u00e4 ja heitt\u00e4yty\u00e4 kaikkiin eroottisiin fantasioihinsa.<\/p>\n\n\n\n<p>Teknologia menee viel\u00e4 pidemm\u00e4lle, sill\u00e4 sen avulla kumpi tahansa kumppani voi hallita toisen seksilelua ja vied\u00e4 h\u00e4net seitsem\u00e4nteen taivaaseen. Lis\u00e4ksi sovellus voi olla videotilassa. N\u00e4in kumppanit voivat tehd\u00e4 tuntemuksistaan entist\u00e4kin todellisempia.<\/p>\n\n\n\n<figure class=\"wp-block-image\"><img decoding=\"async\" src=\"https:\/\/lh6.googleusercontent.com\/I0008raFtwxzDu-TuFGXm9gfKT6dre1wh7G5C-6fcdQvPNgIAG0-QOImDr8nIOOkoTZ87jMNec4n17CQKXog8SS6oa_mvdmccdleSdEFwAJUrzrhILafr7xdw52iXbIrcIx5H0jq\" alt=\"\"\/><\/figure>\n\n\n\n<h2 class=\"wp-block-heading\"><span class=\"ez-toc-section\" id=\"Onyx_2_et_Pearl_2_de_Kiiroo\"><\/span>Onyx 2 ja Pearl 2 Kiiroosta&nbsp;<span class=\"ez-toc-section-end\"><\/span><\/h2>\n\n\n\n<p>Kiiroo on alankomaalainen yritys, joka tekee nime\u00e4 itselleen seksin alalla. Sen legendaariset Onyx 2 ja Pearl 2 -vibraattorit ovat teknisi\u00e4 mestariteoksia. Ne ovat ensimm\u00e4isten Onyx 1 ja Pearl 1 -prototyyppien seuraajia, jotka eiv\u00e4t en\u00e4\u00e4 vastaa markkinoiden kysynt\u00e4\u00e4. Onyx 2 on tarkoitettu miehille ja Pearl 2 naisille.&nbsp;<\/p>\n\n\n\n<p>N\u00e4m\u00e4 ovat ladattavia ty\u00f6kaluja, jotka toimivat my\u00f6s Bluetooth-j\u00e4rjestelm\u00e4n kanssa. Suunnittelija on luonut ladattavan \u00e4lypuhelinsovelluksen, joka mahdollistaa sen k\u00e4yt\u00f6n. Sen nimi on Feel Connect. Pearl 2:n tekniikka perustuu yhdeks\u00e4\u00e4n yl\u00f6s- ja alasp\u00e4in nousevaan t\u00e4rin\u00e4asetukseen. Level 9 upottaa sinut \u00e4\u00e4rett\u00f6m\u00e4\u00e4n nautintoon. Se sopii mihin tahansa em\u00e4ttimeen, sill\u00e4 sen pituus on noin 20 senttimetri\u00e4.<\/p>\n\n\n\n<p>Onyx 2:n tekniikka perustuu puolestaan kolmeen tilaan ja siin\u00e4 on Fleshlight SuperSkin. N\u00e4iden elementtien ansiosta Onyx 2 pystyy suorittamaan enint\u00e4\u00e4n 140 liikett\u00e4 minuutissa. Sit\u00e4 voi k\u00e4ytt\u00e4\u00e4 yht\u00e4jaksoisesti tunnin ajan sen muodostavien kymmenen renkaan ansiosta. Onyx 2:n kolme toimintatilaa ovat :<\/p>\n\n\n\n<ul class=\"wp-block-list\"><li>hidas pumppu ;<\/li><li>nopea pumppu ;<\/li><li>k\u00e4sikirja.<\/li><\/ul>\n\n\n\n<h2 class=\"wp-block-heading\"><span class=\"ez-toc-section\" id=\"Lush_2_de_Lovense\"><\/span>Lovense Lush 2<span class=\"ez-toc-section-end\"><\/span><\/h2>\n\n\n\n<p>Lovense ei ole viel\u00e4 lopettanut teknisen osaamisensa n\u00e4ytt\u00e4mist\u00e4. Lush 2 on suunniteltu erityisesti henkil\u00f6kohtaiseen k\u00e4ytt\u00f6\u00f6n, mutta sit\u00e4 voi k\u00e4ytt\u00e4\u00e4 my\u00f6s pariskuntana. Se on legendaarinen matalasta profiilistaan, mutta elinvoimaisesta k\u00e4yt\u00f6st\u00e4\u00e4n. Se on pieni muna, joka voidaan liitt\u00e4\u00e4 Bluetoothin kautta, kuten useimmat muutkin seksilelut.&nbsp;<\/p>\n\n\n\n<p>Il l&rsquo;est \u00e9galement en mode Wifi avec une port\u00e9e de 13 m\u00e8tres. L\u2019utilisation avec le Wifi n\u00e9cessite n\u00e9anmoins le t\u00e9l\u00e9chargement sur iOS ou Android de Lovense Remote.<\/p>\n\n\n\n<p>Se pystyy toistamaan suosikkimusiikkiasi orgasmin stimuloimiseksi. Mobiilisovelluksen ja erityisesti sovelluksen sis\u00e4isen vaihtoehdon ansiosta voit k\u00e4yd\u00e4 videokeskustelua tai l\u00e4hett\u00e4\u00e4 kuvia kumppanillesi.&nbsp;<\/p>\n\n\n\n<p>Se on ladattava, ja sen akun kesto on 3 tuntia tauotta. Parasta sen tekniikassa on se, ett\u00e4 siin\u00e4 on moottori, joka on nelj\u00e4 kertaa normaalia tehokkaampi G-pisteen stimuloimiseksi. Siin\u00e4 on my\u00f6s seitsem\u00e4n toimintatilaa:<\/p>\n\n\n\n<ul class=\"wp-block-list\"><li>pehme\u00e4 ;<\/li><li>tarkoittaa ;<\/li><li>vahva ;<\/li><li>pulssit ;<\/li><li>aallot ;<\/li><li>ilotulitteet ;<\/li><li>maanj\u00e4ristys.<\/li><\/ul>\n\n\n\n<h2 class=\"wp-block-heading\"><span class=\"ez-toc-section\" id=\"Vibease\"><\/span>Vibease<span class=\"ez-toc-section-end\"><\/span><\/h2>\n\n\n\n<p>Vibease-v\u00e4r\u00e4htelij\u00e4 ei ole kaikkien edell\u00e4 mainittujen teknisten saavutusten marginaalissa. Se on tarkoitettu ensisijaisesti naisille. He voivat siis j\u00e4tt\u00e4\u00e4 kumppaninsa teht\u00e4v\u00e4ksi saada heid\u00e4t tulemaan mist\u00e4 p\u00e4in maailmaa tahansa. He tarvitsevat vain internetyhteyden, Bluetoothin p\u00e4\u00e4lle kytkettyn\u00e4 ja Vibease-mobiilisovelluksen. Kaikki t\u00e4h\u00e4n teknologiseen helmeen liittyv\u00e4 on yksinkertaistettu, jotta se olisi entist\u00e4 k\u00e4tev\u00e4mpi ja ennen kaikkea huomaamaton.&nbsp;<\/p>\n\n\n\n<p>T\u00e4m\u00e4 sextoy on eritt\u00e4in kehittynyt tai \u00e4lyk\u00e4s \u00e4\u00e4nitoiminto, joka vastaa k\u00e4ytt\u00e4j\u00e4n antamiin komentoihin.  Samassa vanavedess\u00e4 se voi edellisen vibraattorin tavoin soittaa valitsemaasi musiikkia ja jopa lukea sinulle eroottisia kirjoja \u00e4\u00e4nin\u00e4yt\u00f6ll\u00e4.&nbsp;<\/p>\n\n\n\n<p>Sen suojakuori on valmistettu korkealaatuisesta silikonista, joten se on vedenpit\u00e4v\u00e4. Voit siis k\u00e4ytt\u00e4\u00e4 sit\u00e4 helposti suihkussa. On my\u00f6s syyt\u00e4 huomata, ett\u00e4 sen akun kesto on kolme tuntia.<\/p>\n\n\n\n<figure class=\"wp-block-image\"><img decoding=\"async\" src=\"https:\/\/lh4.googleusercontent.com\/hTDcfFrt3J7EmYXXA_xKGPsBa8rHmbAXw0MzzCzMVPUYwMhyJ50872JQqQPjlxN4sWUcFHCYV0gqTk8aG3S_Mc67V5sE7UFvYyGaEVxcCMlOfGm_QIMihijJicxI775W0OAXCEm8\" alt=\"\"\/><\/figure>\n\n\n\n<h2 class=\"wp-block-heading\"><span class=\"ez-toc-section\" id=\"Esca\"><\/span>Esca<span class=\"ez-toc-section-end\"><\/span><\/h2>\n\n\n\n<p>Esca on Sex Techin pieni muna. Se on kaikkien aikojen parhaiden seksilelujen listalla. Langattoman liit\u00e4nt\u00e4tekniikan ansiosta se on paljon helpompi sujauttaa alusvaatteisiin.&nbsp;<\/p>\n\n\n\n<p>Se on suunniteltu naisille, ja se vastaa kehon terveystarpeisiin suojaavan silikonisuojuksen avulla. \u00c4lypuhelimiin ja tabletteihin ladattavan OhMiBod Remote -mobiilisovelluksen avulla kumppanien v\u00e4linen et\u00e4isyys v\u00e4henee.<\/p>\n\n\n\n<p>Se pystyy kiihottamaan sinua, kunnes saavutat G-pisteesi. Kuten huomaat, naiselle t\u00e4m\u00e4 on helvetinmoinen kourallinen, mit\u00e4 teknologia tarjoaa. Se painaa vain 56 grammaa. Se tarjoaa my\u00f6s valoshow'n, joka seuraa v\u00e4r\u00e4htelyjen rytmi\u00e4. T\u00e4m\u00e4 tekee seksuaalisesta nautinnosta entist\u00e4kin el\u00e4v\u00e4mp\u00e4\u00e4.&nbsp;<\/p>\n\n\n\n<p>OhMiBod Remote, joka on sen perussovellus, toimii samalla tavalla kuin sosiaalinen verkosto. Voit siis kokea intiimej\u00e4 hetki\u00e4 kumppanisi kanssa videopuhelun v\u00e4lityksell\u00e4.<\/p>\n\n\n\n<h2 class=\"wp-block-heading\"><span class=\"ez-toc-section\" id=\"Hush_de_Lovense\"><\/span>Hush alkaen Lovense<span class=\"ez-toc-section-end\"><\/span><\/h2>\n\n\n\n<p>Lovense tarjoaa asiakkaidensa mielipiteiden perusteella heille aina lis\u00e4\u00e4 teknologiaa. T\u00e4ll\u00f6in syntyi Hush-t\u00e4rin\u00e4n. Se on monik\u00e4ytt\u00f6inen, mutta se on suunniteltu erityisesti anaaliseen nautintoon.&nbsp;<\/p>\n\n\n\n<p>Se on suunniteltu naisille, ja se koostuu p\u00e4\u00e4asiassa pyllypistokkeista, joissa on ainutlaatuinen v\u00e4r\u00e4htely. Se vaatii internet-yhteyden, ja sen kantama on enint\u00e4\u00e4n yhdeks\u00e4n metri\u00e4 360 asteen s\u00e4teell\u00e4.&nbsp;<\/p>\n\n\n\n<p>Sit\u00e4 ohjataan edelt\u00e4jiens\u00e4 tavoin sovelluksella, jossa on kaikki edell\u00e4 mainitut ominaisuudet: \u00e4\u00e4ni- ja visuaaliset tekniikat sek\u00e4 t\u00e4rin\u00e4teho. Se on USB-liit\u00e4nt\u00e4inen ja ladattava, ja sen akun kesto on kaksi tuntia. Sit\u00e4 on saatavana kahdessa koossa. Aloittelijoiden kannattaa aloittaa 3,81 cm:n Hushilla, kun taas kokeneemmille keskikokoinen 4,45 cm on t\u00e4ydellinen.&nbsp;<\/p>\n\n\n\n<figure class=\"wp-block-image\"><img decoding=\"async\" src=\"https:\/\/lh5.googleusercontent.com\/3HZXcJ2B5DO1kSp65iT8wWvyd8edv-y4FzPg8SB2-hJeU0Lp0SA1qKL9mP5q2vD_yNnuVtHtzzWuf7byl851jWWKp9TwKcWVy59JS42_Ve691H8xOyoa-WhPBThLqQH5lXc0YTuq\" alt=\"\"\/><\/figure>\n\n\n\n<h2 class=\"wp-block-heading\"><span class=\"ez-toc-section\" id=\"OhMiBod_Fuse_Fleshlight_Launch\"><\/span>OhMiBod Fuse + Fleshlight lanseeraus&nbsp;<span class=\"ez-toc-section-end\"><\/span><\/h2>\n\n\n\n<p>Ce couple de vibromasseurs est l&rsquo;un des plus rares sur le march\u00e9. OhMiBod Fuse est mieux adapt\u00e9 aux femmes tandis que le Fleshlight Launch est le masturbateur des hommes.<\/p>\n\n\n\n<p>OhMiBod on vibraattori, jolla on ratkaiseva etu. T\u00e4m\u00e4 etu on sen kyky stimuloida sukupuolielimi\u00e4si kahdesti. Se on yhteensopiva kaikkien muiden edell\u00e4 mainittujen t\u00e4ryttimien kanssa. Joustavuutensa ja kaksinkertaisen stimulaatiokapasiteettinsa ansiosta voit toteuttaa kumppanisi fantasioita enn\u00e4tysajassa. Se k\u00e4ytt\u00e4\u00e4 my\u00f6s langatonta yhteytt\u00e4 (Bluetooth, Internet tai Wifi).<\/p>\n\n\n\n<p>Fleshlight Launch on toisaalta suunniteltu miehille. Se on teknisesti edistyksellinen ja yhteensopiva kaikkien muiden vibraattorin k\u00e4ytt\u00f6j\u00e4rjestelmien kanssa. Se on kokonaan silikonilla p\u00e4\u00e4llystetty, ja se on t\u00e4ll\u00e4 hetkell\u00e4 Launch-myym\u00e4l\u00e4n myydyin tuote. Se on USB-ladattava, ja sit\u00e4 voi k\u00e4ytt\u00e4\u00e4 jopa suihkussa sen vedenpit\u00e4v\u00e4n j\u00e4rjestelm\u00e4n ansiosta. Se painaa 4,24 kg, ja sit\u00e4 voidaan k\u00e4ytt\u00e4\u00e4 yht\u00e4jaksoisesti puolitoista tuntia.&nbsp;<\/p>\n\n\n\n<h2 class=\"wp-block-heading\"><span class=\"ez-toc-section\" id=\"Osci_2\"><\/span>Osci 2<span class=\"ez-toc-section-end\"><\/span><\/h2>\n\n\n\n<p>Uusin listalla on Osci 2. T\u00e4m\u00e4 on yht\u00e4 t\u00e4rke\u00e4 v\u00e4r\u00e4htelij\u00e4, koska sen erityispiirre on se, ett\u00e4 sen v\u00e4r\u00e4htelyt ovat sis\u00e4isi\u00e4. Ne eiv\u00e4t siis tunnu suojakuoren ulkopuolella. Sen morfologia, joka koostuu pienest\u00e4 soikeasta p\u00e4\u00e4st\u00e4, on tarkoitettu p\u00e4\u00e4asiassa stimuloimaan naisten G-pistett\u00e4 ennenn\u00e4kem\u00e4tt\u00f6m\u00e4ll\u00e4 tavalla. T\u00e4m\u00e4 stimulaatio on ennenkuulumatonta ja mukavaa.&nbsp;<\/p>\n\n\n\n<p>Osci 1 -mallia koskevien asiakasarvostelujen ansiosta t\u00e4m\u00e4n uuden mallin k\u00e4ytt\u00f6ik\u00e4 on paljon tyydytt\u00e4v\u00e4mpi. On syyt\u00e4 huomata, ett\u00e4 laitteeseen on lis\u00e4tty Bluetooth-siru ja ett\u00e4 lataustoiminto on magnetisoitu mukavuuden lis\u00e4\u00e4miseksi.<\/p>","protected":false},"excerpt":{"rendered":"<p>Le vibromasseur est un outil tr\u00e8s appr\u00e9ci\u00e9 dans la qu\u00eate du plaisir. Avec l\u2019\u00e9volution de la science, il s\u2019est \u00e9norm\u00e9ment am\u00e9lior\u00e9. Depuis quelques ann\u00e9es, ces petits jouets sexuels sont utilisables \u00e0 distance avec une connexion Internet ou Bluetooth et contr\u00f4lables par votre partenaire m\u00eame \u00e0 l\u2019autre bout du monde. Max et Nora de Lovense Les [&hellip;]<\/p>\n","protected":false},"author":1,"featured_media":0,"parent":0,"menu_order":0,"comment_status":"closed","ping_status":"closed","template":"","meta":{"_acf_changed":false,"_seopress_robots_primary_cat":"","_seopress_titles_title":"","_seopress_titles_desc":"","_seopress_robots_index":"","_uag_custom_page_level_css":"","site-sidebar-layout":"default","site-content-layout":"","ast-site-content-layout":"default","site-content-style":"default","site-sidebar-style":"default","ast-global-header-display":"","ast-banner-title-visibility":"","ast-main-header-display":"","ast-hfb-above-header-display":"","ast-hfb-below-header-display":"","ast-hfb-mobile-header-display":"","site-post-title":"","ast-breadcrumbs-content":"","ast-featured-img":"","footer-sml-layout":"","theme-transparent-header-meta":"","adv-header-id-meta":"","stick-header-meta":"","header-above-stick-meta":"","header-main-stick-meta":"","header-below-stick-meta":"","astra-migrate-meta-layouts":"default","ast-page-background-enabled":"default","ast-page-background-meta":{"desktop":{"background-color":"var(--ast-global-color-4)","background-image":"","background-repeat":"repeat","background-position":"center center","background-size":"auto","background-attachment":"scroll","background-type":"","background-media":"","overlay-type":"","overlay-color":"","overlay-opacity":"","overlay-gradient":""},"tablet":{"background-color":"","background-image":"","background-repeat":"repeat","background-position":"center center","background-size":"auto","background-attachment":"scroll","background-type":"","background-media":"","overlay-type":"","overlay-color":"","overlay-opacity":"","overlay-gradient":""},"mobile":{"background-color":"","background-image":"","background-repeat":"repeat","background-position":"center center","background-size":"auto","background-attachment":"scroll","background-type":"","background-media":"","overlay-type":"","overlay-color":"","overlay-opacity":"","overlay-gradient":""}},"ast-content-background-meta":{"desktop":{"background-color":"var(--ast-global-color-5)","background-image":"","background-repeat":"repeat","background-position":"center center","background-size":"auto","background-attachment":"scroll","background-type":"","background-media":"","overlay-type":"","overlay-color":"","overlay-opacity":"","overlay-gradient":""},"tablet":{"background-color":"var(--ast-global-color-5)","background-image":"","background-repeat":"repeat","background-position":"center center","background-size":"auto","background-attachment":"scroll","background-type":"","background-media":"","overlay-type":"","overlay-color":"","overlay-opacity":"","overlay-gradient":""},"mobile":{"background-color":"var(--ast-global-color-5)","background-image":"","background-repeat":"repeat","background-position":"center center","background-size":"auto","background-attachment":"scroll","background-type":"","background-media":"","overlay-type":"","overlay-color":"","overlay-opacity":"","overlay-gradient":""}},"footnotes":""},"class_list":["post-904","page","type-page","status-publish","hentry"],"acf":[],"uagb_featured_image_src":{"full":false,"thumbnail":false,"medium":false,"medium_large":false,"large":false,"1536x1536":false,"2048x2048":false,"trp-custom-language-flag":false,"ultp_layout_landscape_large":false,"ultp_layout_landscape":false,"ultp_layout_portrait":false,"ultp_layout_square":false},"uagb_author_info":{"display_name":"brigitte","author_link":"https:\/\/god-vibro.com\/fi\/author\/brigitte"},"uagb_comment_info":0,"uagb_excerpt":"Le vibromasseur est un outil tr\u00e8s appr\u00e9ci\u00e9 dans la qu\u00eate du plaisir. Avec l\u2019\u00e9volution de la science, il s\u2019est \u00e9norm\u00e9ment am\u00e9lior\u00e9. Depuis quelques ann\u00e9es, ces petits jouets sexuels sont utilisables \u00e0 distance avec une connexion Internet ou Bluetooth et contr\u00f4lables par votre partenaire m\u00eame \u00e0 l\u2019autre bout du monde. Max et Nora de Lovense Les&hellip;","_links":{"self":[{"href":"https:\/\/god-vibro.com\/fi\/wp-json\/wp\/v2\/pages\/904","targetHints":{"allow":["GET"]}}],"collection":[{"href":"https:\/\/god-vibro.com\/fi\/wp-json\/wp\/v2\/pages"}],"about":[{"href":"https:\/\/god-vibro.com\/fi\/wp-json\/wp\/v2\/types\/page"}],"author":[{"embeddable":true,"href":"https:\/\/god-vibro.com\/fi\/wp-json\/wp\/v2\/users\/1"}],"replies":[{"embeddable":true,"href":"https:\/\/god-vibro.com\/fi\/wp-json\/wp\/v2\/comments?post=904"}],"version-history":[{"count":3,"href":"https:\/\/god-vibro.com\/fi\/wp-json\/wp\/v2\/pages\/904\/revisions"}],"predecessor-version":[{"id":1346,"href":"https:\/\/god-vibro.com\/fi\/wp-json\/wp\/v2\/pages\/904\/revisions\/1346"}],"wp:attachment":[{"href":"https:\/\/god-vibro.com\/fi\/wp-json\/wp\/v2\/media?parent=904"}],"curies":[{"name":"wp","href":"https:\/\/api.w.org\/{rel}","templated":true}]}}