{"id":843,"date":"2021-12-08T00:30:31","date_gmt":"2021-12-08T00:30:31","guid":{"rendered":"https:\/\/god-vibro.com\/?page_id=843"},"modified":"2021-12-08T01:50:43","modified_gmt":"2021-12-08T01:50:43","slug":"choisir-son-premier-sextoy-homme","status":"publish","type":"page","link":"https:\/\/god-vibro.com\/fi\/valitse-ensimmainen-mies-seksilelu.html","title":{"rendered":"Ensimm\u00e4isen miesvibraattorin valitseminen"},"content":{"rendered":"<p>Aivan kuten naisille tarkoitetuilla vibraattoreilla, my\u00f6s miehille tarkoitetuilla vibraattoreilla on omat erityispiirteens\u00e4, jotka vaikuttavat jokaisen ostajan valintaan. Jos haluat ostaa ensimm\u00e4isen vibraattorisi, sinun on otettava huomioon useita asioita, kuten haluamasi tuntemukset, kokemuksesi ja laitteen muotoilu.<\/p>\n\n\n\n<div id=\"ez-toc-container\" class=\"ez-toc-v2_0_82_2 counter-hierarchy ez-toc-counter ez-toc-custom ez-toc-container-direction\">\n<div class=\"ez-toc-title-container\">\n<p class=\"ez-toc-title\" style=\"cursor:inherit\">Sis\u00e4lt\u00f6 <\/p>\n<span class=\"ez-toc-title-toggle\"><a href=\"#\" class=\"ez-toc-pull-right ez-toc-btn ez-toc-btn-xs ez-toc-btn-default ez-toc-toggle\" aria-label=\"Sis\u00e4llysluettelon vaihtaminen\"><span class=\"ez-toc-js-icon-con\"><span class=\"\"><span class=\"eztoc-hide\" style=\"display:none;\">Toggle<\/span><span class=\"ez-toc-icon-toggle-span\"><svg style=\"fill: #999;color:#999\" xmlns=\"http:\/\/www.w3.org\/2000\/svg\" class=\"list-377408\" width=\"20px\" height=\"20px\" viewbox=\"0 0 24 24\" fill=\"none\"><path d=\"M6 6H4v2h2V6zm14 0H8v2h12V6zM4 11h2v2H4v-2zm16 0H8v2h12v-2zM4 16h2v2H4v-2zm16 0H8v2h12v-2z\" fill=\"currentColor\"><\/path><\/svg><svg style=\"fill: #999;color:#999\" class=\"arrow-unsorted-368013\" xmlns=\"http:\/\/www.w3.org\/2000\/svg\" width=\"10px\" height=\"10px\" viewbox=\"0 0 24 24\" version=\"1.2\" baseprofile=\"tiny\"><path d=\"M18.2 9.3l-6.2-6.3-6.2 6.3c-.2.2-.3.4-.3.7s.1.5.3.7c.2.2.4.3.7.3h11c.3 0 .5-.1.7-.3.2-.2.3-.5.3-.7s-.1-.5-.3-.7zM5.8 14.7l6.2 6.3 6.2-6.3c.2-.2.3-.5.3-.7s-.1-.5-.3-.7c-.2-.2-.4-.3-.7-.3h-11c-.3 0-.5.1-.7.3-.2.2-.3.5-.3.7s.1.5.3.7z\"\/><\/svg><\/span><\/span><\/span><\/a><\/span><\/div>\n<nav><ul class='ez-toc-list ez-toc-list-level-1 eztoc-toggle-hide-by-default' ><li class='ez-toc-page-1 ez-toc-heading-level-2'><a class=\"ez-toc-link ez-toc-heading-1\" href=\"https:\/\/god-vibro.com\/fi\/valitse-ensimmainen-mies-seksilelu.html\/#Les_criteres_de_choix_dun_vibromasseur\" >V\u00e4r\u00e4htelij\u00e4n valintaperusteet&nbsp;<\/a><ul class='ez-toc-list-level-3' ><li class='ez-toc-heading-level-3'><a class=\"ez-toc-link ez-toc-heading-2\" href=\"https:\/\/god-vibro.com\/fi\/valitse-ensimmainen-mies-seksilelu.html\/#_Vos_preferences\" >&nbsp;&nbsp;&nbsp;&nbsp;&nbsp;Sinun mieltymyksesi<\/a><\/li><li class='ez-toc-page-1 ez-toc-heading-level-3'><a class=\"ez-toc-link ez-toc-heading-3\" href=\"https:\/\/god-vibro.com\/fi\/valitse-ensimmainen-mies-seksilelu.html\/#_Votre_experience\" >&nbsp;&nbsp;&nbsp;&nbsp;Kokemuksesi<\/a><\/li><li class='ez-toc-page-1 ez-toc-heading-level-3'><a class=\"ez-toc-link ez-toc-heading-4\" href=\"https:\/\/god-vibro.com\/fi\/valitse-ensimmainen-mies-seksilelu.html\/#_Les_materiaux_et_la_texture\" >&nbsp;&nbsp;Materiaalit ja rakenne<\/a><\/li><li class='ez-toc-page-1 ez-toc-heading-level-3'><a class=\"ez-toc-link ez-toc-heading-5\" href=\"https:\/\/god-vibro.com\/fi\/valitse-ensimmainen-mies-seksilelu.html\/#_Le_design\" >&nbsp;&nbsp;Suunnittelu&nbsp;<\/a><\/li><li class='ez-toc-page-1 ez-toc-heading-level-3'><a class=\"ez-toc-link ez-toc-heading-6\" href=\"https:\/\/god-vibro.com\/fi\/valitse-ensimmainen-mies-seksilelu.html\/#_Lintensite_des_vibrations\" >&nbsp;&nbsp;L&rsquo;intensit\u00e9 des vibrations<\/a><\/li><li class='ez-toc-page-1 ez-toc-heading-level-3'><a class=\"ez-toc-link ez-toc-heading-7\" href=\"https:\/\/god-vibro.com\/fi\/valitse-ensimmainen-mies-seksilelu.html\/#_Le_prix\" >&nbsp;&nbsp;&nbsp;Hinta<\/a><\/li><\/ul><\/li><li class='ez-toc-page-1 ez-toc-heading-level-2'><a class=\"ez-toc-link ez-toc-heading-8\" href=\"https:\/\/god-vibro.com\/fi\/valitse-ensimmainen-mies-seksilelu.html\/#Les_avantages_de_lutilisation_dun_vibromasseur\" >Vibraattorin k\u00e4yt\u00f6n edut&nbsp;<\/a><ul class='ez-toc-list-level-3' ><li class='ez-toc-heading-level-3'><a class=\"ez-toc-link ez-toc-heading-9\" href=\"https:\/\/god-vibro.com\/fi\/valitse-ensimmainen-mies-seksilelu.html\/#_Se_procurer_du_plaisir_soi_meme\" >&nbsp;&nbsp;Nautinnon saaminen itsellesi&nbsp;<\/a><\/li><li class='ez-toc-page-1 ez-toc-heading-level-3'><a class=\"ez-toc-link ez-toc-heading-10\" href=\"https:\/\/god-vibro.com\/fi\/valitse-ensimmainen-mies-seksilelu.html\/#_Allez_a_la_decouverte_de_nouvelles_sensations\" >&nbsp;&nbsp;L\u00f6yd\u00e4 uusia tuntemuksia&nbsp;<\/a><\/li><\/ul><\/li><li class='ez-toc-page-1 ez-toc-heading-level-2'><a class=\"ez-toc-link ez-toc-heading-11\" href=\"https:\/\/god-vibro.com\/fi\/valitse-ensimmainen-mies-seksilelu.html\/#Quelques_meilleurs_vibromasseurs_pour_homme\" >Joitakin parhaita vibraattoreita miehille<\/a><ul class='ez-toc-list-level-3' ><li class='ez-toc-heading-level-3'><a class=\"ez-toc-link ez-toc-heading-12\" href=\"https:\/\/god-vibro.com\/fi\/valitse-ensimmainen-mies-seksilelu.html\/#Legg_tenga\" >Muna tenga&nbsp;<\/a><\/li><li class='ez-toc-page-1 ez-toc-heading-level-3'><a class=\"ez-toc-link ez-toc-heading-13\" href=\"https:\/\/god-vibro.com\/fi\/valitse-ensimmainen-mies-seksilelu.html\/#Le_double_anneau_vibrant\" >Kaksinkertainen v\u00e4r\u00e4htelev\u00e4 rengas&nbsp;<\/a><\/li><li class='ez-toc-page-1 ez-toc-heading-level-3'><a class=\"ez-toc-link ez-toc-heading-14\" href=\"https:\/\/god-vibro.com\/fi\/valitse-ensimmainen-mies-seksilelu.html\/#Les_anneaux_ou_cockrings\" >Sormukset tai kalurirenkaat<\/a><\/li><li class='ez-toc-page-1 ez-toc-heading-level-3'><a class=\"ez-toc-link ez-toc-heading-15\" href=\"https:\/\/god-vibro.com\/fi\/valitse-ensimmainen-mies-seksilelu.html\/#Les_vibromasseurs_plugs_et_chapelets\" >Vibraattoritulpat ja ruusukkeet&nbsp;<\/a><\/li><li class='ez-toc-page-1 ez-toc-heading-level-3'><a class=\"ez-toc-link ez-toc-heading-16\" href=\"https:\/\/god-vibro.com\/fi\/valitse-ensimmainen-mies-seksilelu.html\/#Les_gaines_ou_masturbateurs\" >Tupet tai masturbaattorit&nbsp;<\/a><\/li><li class='ez-toc-page-1 ez-toc-heading-level-3'><a class=\"ez-toc-link ez-toc-heading-17\" href=\"https:\/\/god-vibro.com\/fi\/valitse-ensimmainen-mies-seksilelu.html\/#Le_masturbateur_play_Tr_myhixel\" >N\u00e4ytelm\u00e4 Tr myhixel masturbaattori&nbsp;<\/a><\/li><\/ul><\/li><\/ul><\/nav><\/div>\n<h2 class=\"wp-block-heading\"><span class=\"ez-toc-section\" id=\"Les_criteres_de_choix_dun_vibromasseur\"><\/span>V\u00e4r\u00e4htelij\u00e4n valintaperusteet&nbsp;<span class=\"ez-toc-section-end\"><\/span><\/h2>\n\n\n\n<p>Laadukkaan vibraattorin valintaan on useita kriteerej\u00e4. Varsinkin jos kyseess\u00e4 on ensimm\u00e4inen seksilelusi, sinun on otettava huomioon :<\/p>\n\n\n\n<ul class=\"wp-block-list\"><li>seksuaaliset mieltymyksesi ;<\/li><li>kokemuksesi seksilelujen k\u00e4yt\u00f6st\u00e4;<\/li><li>esineen materiaali ja tekstuuri;<\/li><li>v\u00e4r\u00e4htelyjen voimakkuus ;<\/li><li>sen suunnittelu ;<\/li><li>sen hinta.<\/li><\/ul>\n\n\n\n<p>Halvan seksilelun ostaminen houkuttelee kokeilemaan, mutta et saa etsimi\u00e4si tuntemuksia, jos laatu ei ole kohdallaan.<\/p>\n\n\n\n<h3 class=\"wp-block-heading\"><span class=\"ez-toc-section\" id=\"_Vos_preferences\"><\/span>&nbsp;&nbsp;&nbsp;&nbsp;&nbsp;Sinun mieltymyksesi<span class=\"ez-toc-section-end\"><\/span><\/h3>\n\n\n\n<p>Pid\u00e4tk\u00f6 tiukasta pillusta vai syv\u00e4st\u00e4 pillusta? Etsitk\u00f6 masturboijaa? Vai pid\u00e4tk\u00f6 enemm\u00e4n anaalipenetraatiosta? On olemassa useita erilaisia vibraattoreita, joissa on erilaisia muotoja ja tuntemuksia. Jotta voit tehd\u00e4 oikean valinnan, sinun on otettava huomioon toiveesi. Jos falloksen hierominen tekee sinut hulluksi, valitse hierova vibraattori. Jos taas penetraatio mahdollistaa orgasmin saavuttamisen, valitse anaalitulppa. Jos sinulla on edelleen vaikeuksia p\u00e4\u00e4tt\u00e4\u00e4, valitse monipuolinen lelu.<\/p>\n\n\n\n<h3 class=\"wp-block-heading\"><span class=\"ez-toc-section\" id=\"_Votre_experience\"><\/span>&nbsp;&nbsp;&nbsp;&nbsp;Kokemuksesi<span class=\"ez-toc-section-end\"><\/span><\/h3>\n\n\n\n<p>Vibraattorin k\u00e4ytt\u00e4minen oikein vaatii kokemusta. Sek\u00e4 kehon tuntemuksen ett\u00e4 laitteen hallinnan kannalta. Joissakin vibraattoreissa on perusominaisuudet, joten ne ovat helppok\u00e4ytt\u00f6isi\u00e4 mutta melko rajallisia. Jos olet kokeneempi, sinun kannattaa harkita vibraattoria, jossa on kehittyneit\u00e4 ominaisuuksia. Muutaman testauksen j\u00e4lkeen saavutat odotetun nautinnon.<\/p>\n\n\n\n<figure class=\"wp-block-image\"><img decoding=\"async\" src=\"https:\/\/lh4.googleusercontent.com\/izLYUsA_ztxcEcdpY8CgcnzhTR0LLP3tlVfcro2235LDDiUQKKgf996YcEhV7OrLvlu6ADdWAAyPlGD6jj-j__sDBu1QG4OKna-ABF-WQqKcia2l_3M9OjFPqg1ATE4Evnd9HBuU\" alt=\"\"\/><\/figure>\n\n\n\n<h3 class=\"wp-block-heading\"><span class=\"ez-toc-section\" id=\"_Les_materiaux_et_la_texture\"><\/span>&nbsp;&nbsp;Materiaalit ja rakenne<span class=\"ez-toc-section-end\"><\/span><\/h3>\n\n\n\n<p>Et voi ostaa esinett\u00e4 tiet\u00e4m\u00e4tt\u00e4 ensin, mist\u00e4 materiaalista se on tehty. Siksi on t\u00e4rke\u00e4\u00e4 tuntea eri materiaalit, joita k\u00e4ytet\u00e4\u00e4n seksilelujen valmistukseen. On olemassa seksileluja, jotka on tehty :&nbsp;<\/p>\n\n\n\n<ul class=\"wp-block-list\"><li>silikoni ;<\/li><li>kova muovi ;<\/li><li>ruostumaton ter\u00e4s ;<\/li><li>biolaine ;<\/li><li>metalli ;<\/li><li>jne.<\/li><\/ul>\n\n\n\n<p>Valitse lains\u00e4\u00e4d\u00e4nn\u00f6n mukaiset materiaalit. Voit valita silikonisen seksilelun. T\u00e4m\u00e4 on eritt\u00e4in hyv\u00e4 materiaali. Se on my\u00f6s huokoseton ja eritt\u00e4in helppohoitoinen.<\/p>\n\n\n\n<p>V\u00e4lt\u00e4 ftalaattia sis\u00e4lt\u00e4vi\u00e4 seksileluja. T\u00e4m\u00e4 materiaali on terveydelle vaarallista.&nbsp;<\/p>\n\n\n\n<p>Voit valita my\u00f6s biosheathista, ruostumattomasta ter\u00e4ksest\u00e4 valmistetut vibraattorit. Kylm\u00e4\u00e4 tunnetta varten voit valita metallisen seksilelun.&nbsp;<\/p>\n\n\n\n<p>On my\u00f6s muovisia seksileluja, joita suositellaan. Valitse mieltymystesi mukaan. Orgasmin saavuttamiseksi valitse harjattu tai kuoppainen seksilelu.&nbsp;<\/p>\n\n\n\n<h3 class=\"wp-block-heading\"><span class=\"ez-toc-section\" id=\"_Le_design\"><\/span>&nbsp;&nbsp;Suunnittelu&nbsp;<span class=\"ez-toc-section-end\"><\/span><\/h3>\n\n\n\n<p>On selv\u00e4\u00e4 valita lelu, joka miellytt\u00e4\u00e4 sinua vain katsomalla sit\u00e4. T\u00e4m\u00e4 on tietysti t\u00e4rke\u00e4\u00e4, mutta sen vuoksi et todellakaan valitse kaikkea huolehtimatta sen toimivuudesta. Keskity esteettisyyteen ja my\u00f6s suorituskykyyn.&nbsp;<\/p>\n\n\n\n<h3 class=\"wp-block-heading\"><span class=\"ez-toc-section\" id=\"_Lintensite_des_vibrations\"><\/span>&nbsp;&nbsp;L&rsquo;intensit\u00e9 des vibrations<span class=\"ez-toc-section-end\"><\/span><\/h3>\n\n\n\n<p>T\u00e4rin\u00e4n voimakkuuden valitseminen seksileluja ostaessasi on monimutkaista. Se ei kuitenkaan ole niin vaikeaa. Sinun tarvitsee vain mietti\u00e4, miten haluat rakastella. On kuitenkin olemassa useita erilaisia vibraattoreita, joissa on eri voimakkuudet. Valitse monik\u00e4ytt\u00f6isi\u00e4 seksileluja. N\u00e4in voit s\u00e4\u00e4t\u00e4\u00e4 t\u00e4rin\u00e4n voimakkuutta haluamallasi tavalla.&nbsp;<\/p>\n\n\n\n<h3 class=\"wp-block-heading\"><span class=\"ez-toc-section\" id=\"_Le_prix\"><\/span>&nbsp;&nbsp;&nbsp;Hinta<span class=\"ez-toc-section-end\"><\/span><\/h3>\n\n\n\n<p>Le prix d\u2019un vibromasseur de qualit\u00e9 varie. Il n&rsquo;a pas de prix standard. Vous pourrez trouver des vibromasseurs \u00e0 20 euros, comme \u00e0 200 euros. Pour vous procurer par exemple le Lelo Fs1, vous devrez d\u00e9bourser 169 euros. C\u2019est pourquoi vous devez pr\u00e9voir un budget en cons\u00e9quence.&nbsp;<\/p>\n\n\n\n<figure class=\"wp-block-image\"><img decoding=\"async\" src=\"https:\/\/lh5.googleusercontent.com\/FaZ00KZSlf4PJIN0elpH22iPY1qhrFRdoRkzIO1-2mUaXoqA4OHUpSsFYYlBNQVurTSY2UbFvDm1kaLOxomfxQh_c6DJvl-pZJ6uWB-SHYPMwFT8gfzFIe58Bwv9iTrCRILz7HsL\" alt=\"\"\/><\/figure>\n\n\n\n<h2 class=\"wp-block-heading\"><span class=\"ez-toc-section\" id=\"Les_avantages_de_lutilisation_dun_vibromasseur\"><\/span>Vibraattorin k\u00e4yt\u00f6n edut&nbsp;<span class=\"ez-toc-section-end\"><\/span><\/h2>\n\n\n\n<p>Useimmat ihmiset ostavat vibraattorin kahdesta syyst\u00e4: saadakseen itselleen mielihyv\u00e4\u00e4 ja l\u00f6yt\u00e4\u00e4kseen uusia tuntemuksia.<\/p>\n\n\n\n<h3 class=\"wp-block-heading\"><span class=\"ez-toc-section\" id=\"_Se_procurer_du_plaisir_soi_meme\"><\/span>&nbsp;&nbsp;Nautinnon saaminen itsellesi&nbsp;<span class=\"ez-toc-section-end\"><\/span><\/h3>\n\n\n\n<p>Jos olet sinkku tai sinulla on vaikeuksia l\u00e4hesty\u00e4 naisia, tulet luultavasti nauttimaan itsest\u00e4si. T\u00e4st\u00e4 syyst\u00e4 vibraattorin etu.&nbsp;<\/p>\n\n\n\n<p>Vibraattorin avulla voit masturboida ja saavuttaa orgasmin ilman seksikumppania. Voit k\u00e4ytt\u00e4\u00e4 kaikenlaisia asentoja. Jos olet varakas, voit my\u00f6s ostaa seksinuken. Toiveesi ovat tilauksia, ja tunnet itsesi maailman kuninkaaksi sill\u00e4 hetkell\u00e4.<\/p>\n\n\n\n<h3 class=\"wp-block-heading\"><span class=\"ez-toc-section\" id=\"_Allez_a_la_decouverte_de_nouvelles_sensations\"><\/span>&nbsp;&nbsp;L\u00f6yd\u00e4 uusia tuntemuksia&nbsp;<span class=\"ez-toc-section-end\"><\/span><\/h3>\n\n\n\n<p>Vibraattoreiden etuna on, ett\u00e4 ne lis\u00e4\u00e4v\u00e4t kiihottumistasoa. Niiden avulla voit my\u00f6s saavuttaa eturauhasen orgasmin. Mik\u00e4 parasta, ne lis\u00e4\u00e4v\u00e4t sukupuolesi kokoa.&nbsp;<\/p>\n\n\n\n<p>Tunkeutumisen voimakkuus saavutetaan my\u00f6s v\u00e4r\u00e4htelev\u00e4ll\u00e4 renkaalla. Jos olet sado-masokisti, voit my\u00f6s sitoa itsesi, jotta saavutat toisen j\u00e4nnityksen tason. Voit rakastella seksinukkeasi niin monta kertaa kuin haluat. Cockringin ansiosta siemensy\u00f6ksy voi viiv\u00e4sty\u00e4.<\/p>\n\n\n\n<h2 class=\"wp-block-heading\"><span class=\"ez-toc-section\" id=\"Quelques_meilleurs_vibromasseurs_pour_homme\"><\/span>Joitakin parhaita vibraattoreita miehille<span class=\"ez-toc-section-end\"><\/span><\/h2>\n\n\n\n<p>Miesten vibraattoreita on useita erilaisia. T\u00e4ss\u00e4 laajassa valikoimassa on useita eri tyyppej\u00e4:<\/p>\n\n\n\n<ul class=\"wp-block-list\"><li>tuppeja tai masturbaattoreita ;<\/li><li>renkaat tai kalurirenkaat ;<\/li><li>vibraattoritulpat ja ruusukkeet ;<\/li><li>bondage pelit ;&nbsp;<\/li><li>eturauhasen stimulaattori ;<\/li><li>jne.<\/li><\/ul>\n\n\n\n<h3 class=\"wp-block-heading\"><span class=\"ez-toc-section\" id=\"Legg_tenga\"><\/span>Muna tenga&nbsp;<span class=\"ez-toc-section-end\"><\/span><\/h3>\n\n\n\n<p>T\u00e4m\u00e4 on miesten suosituin seksilelu. Se on munan muotoinen. T\u00e4m\u00e4n muodon ansiosta se tarjoaa intensiivist\u00e4 nautintoa. Se mukautuu my\u00f6s peniksen kokoon. Sen rakenne on verrattavissa oikean em\u00e4ttimen rakenteeseen. Sit\u00e4 myyd\u00e4\u00e4n 9,95 eurolla.\u00a0<\/p>\n\n\n\n<h3 class=\"wp-block-heading\"><span class=\"ez-toc-section\" id=\"Le_double_anneau_vibrant\"><\/span>Kaksinkertainen v\u00e4r\u00e4htelev\u00e4 rengas&nbsp;<span class=\"ez-toc-section-end\"><\/span><\/h3>\n\n\n\n<p>T\u00e4m\u00e4 on unisex-v\u00e4r\u00e4htelij\u00e4. Voit k\u00e4ytt\u00e4\u00e4 sit\u00e4 yksin tai kumppanisi kanssa.  Se on eritt\u00e4in helppo laittaa p\u00e4\u00e4lle ja toimii paristolla. Se antaa voimakkaan tunteen. Kokeile sit\u00e4 ja olet varmasti tyytyv\u00e4inen.&nbsp;<\/p>\n\n\n\n<h3 class=\"wp-block-heading\"><span class=\"ez-toc-section\" id=\"Les_anneaux_ou_cockrings\"><\/span>Sormukset tai kalurirenkaat<span class=\"ez-toc-section-end\"><\/span><\/h3>\n\n\n\n<p>Kukkarenkaita on kahdenlaisia. Voit l\u00f6yt\u00e4\u00e4 kaksinkertaisia tai yksitt\u00e4isi\u00e4 renkaita. Yksitt\u00e4inen rengas asetetaan peniksen ymp\u00e4rille. Ne v\u00e4r\u00e4htelev\u00e4t ja antavat voimakkaan tunteen peniksess\u00e4. Erektiosi on hyvin luja ja kova. Jos valitset kaksoisrenkaan, toinen rengas kiedotaan molempien kiveksien ymp\u00e4rille. Tunne on viel\u00e4kin voimakkaampi.&nbsp;<\/p>\n\n\n\n<h3 class=\"wp-block-heading\"><span class=\"ez-toc-section\" id=\"Les_vibromasseurs_plugs_et_chapelets\"><\/span>Vibraattoritulpat ja ruusukkeet&nbsp;<span class=\"ez-toc-section-end\"><\/span><\/h3>\n\n\n\n<p>T\u00e4m\u00e4n seksilelun avulla voit stimuloida P-pistett\u00e4. Toisin kuin useimmat ihmiset luulevat, t\u00e4m\u00e4 vibraattori ei ole vain homoille. Voit my\u00f6s kokeilla sit\u00e4, vaikka olisit heteroseksuaali. Suositellaan sodomiaan, t\u00e4m\u00e4 anaalitulppa on erinomainen seksilelu. Se stimuloi my\u00f6s eturauhasta, jos k\u00e4yt\u00e4t sit\u00e4 oikein. Saat sen edulliseen hintaan.&nbsp;<\/p>\n\n\n\n<h3 class=\"wp-block-heading\"><span class=\"ez-toc-section\" id=\"Les_gaines_ou_masturbateurs\"><\/span>Tupet tai masturbaattorit&nbsp;<span class=\"ez-toc-section-end\"><\/span><\/h3>\n\n\n\n<p>T\u00e4m\u00e4 sextoy-malli on yksi parhaista vibraattoreista miehille. Tuppeja on useita eri malleja ja tyyppej\u00e4. On tuppeja&nbsp;<\/p>\n\n\n\n<ul class=\"wp-block-list\"><li>k\u00e4sikirja ;<\/li><li>automaattinen ;<\/li><li>l\u00e4mmitetty ;<\/li><li>t\u00e4risev\u00e4.<\/li><\/ul>\n\n\n\n<p>Koostumus saa sen tuntumaan silt\u00e4 kuin harrastaisit seksi\u00e4. K\u00e4sik\u00e4ytt\u00f6iset tupet ovat halvempia kuin automaattiset. Automaattiset viev\u00e4t sinut seitsem\u00e4nnelle vuosisadalle.<\/p>\n\n\n\n<figure class=\"wp-block-image\"><img decoding=\"async\" src=\"https:\/\/lh4.googleusercontent.com\/yYnDE_BkrsudZm358Uwv-UKkKixdmRUvC_JHf7PGAcw0HVRaUkIj1wxwDeGkQrME3n0bzduaE_JcQ8oQDBQmTBzuws5_hgZ9x1se8u9q0mr_jp2h20PADMFIUuNmXqEXj8uPu-BP\" alt=\"\"\/><\/figure>\n\n\n\n<h3 class=\"wp-block-heading\"><span class=\"ez-toc-section\" id=\"Le_masturbateur_play_Tr_myhixel\"><\/span>N\u00e4ytelm\u00e4 Tr myhixel masturbaattori&nbsp;<span class=\"ez-toc-section-end\"><\/span><\/h3>\n\n\n\n<p>Ce sextoy peut \u00eatre utilis\u00e9 seul ou \u00e0 deux. Il permet de retenir l&rsquo;\u00e9jaculation le plus longtemps possible. Gr\u00e2ce \u00e0 sa fonction chauffante, il procure une sensation de douceur et de plaisir. Il est dot\u00e9 d\u2019une batterie rechargeable gr\u00e2ce \u00e0 un fil USB.&nbsp;<\/p>","protected":false},"excerpt":{"rendered":"<p>A L\u2019instar des vibromasseurs pour femmes, les vibromasseurs pour hommes rec\u00e8lent \u00e9galement des sp\u00e9cificit\u00e9s qui conditionnent le choix de tout acheteur. Si vous d\u00e9sirez acqu\u00e9rir votre premier vibromasseur, vous devez tenir compte de certains \u00e9l\u00e9ments.Il s\u2019agit entre autres des sensations recherch\u00e9es, de votre exp\u00e9rience ou encore du design de l\u2019objet. Les crit\u00e8res de choix d\u2019un [&hellip;]<\/p>\n","protected":false},"author":1,"featured_media":0,"parent":0,"menu_order":0,"comment_status":"closed","ping_status":"closed","template":"","meta":{"_acf_changed":false,"_seopress_robots_primary_cat":"","_seopress_titles_title":"","_seopress_titles_desc":"","_seopress_robots_index":"","_uag_custom_page_level_css":"","site-sidebar-layout":"default","site-content-layout":"","ast-site-content-layout":"default","site-content-style":"default","site-sidebar-style":"default","ast-global-header-display":"","ast-banner-title-visibility":"","ast-main-header-display":"","ast-hfb-above-header-display":"","ast-hfb-below-header-display":"","ast-hfb-mobile-header-display":"","site-post-title":"","ast-breadcrumbs-content":"","ast-featured-img":"","footer-sml-layout":"","theme-transparent-header-meta":"","adv-header-id-meta":"","stick-header-meta":"","header-above-stick-meta":"","header-main-stick-meta":"","header-below-stick-meta":"","astra-migrate-meta-layouts":"default","ast-page-background-enabled":"default","ast-page-background-meta":{"desktop":{"background-color":"var(--ast-global-color-4)","background-image":"","background-repeat":"repeat","background-position":"center center","background-size":"auto","background-attachment":"scroll","background-type":"","background-media":"","overlay-type":"","overlay-color":"","overlay-opacity":"","overlay-gradient":""},"tablet":{"background-color":"","background-image":"","background-repeat":"repeat","background-position":"center center","background-size":"auto","background-attachment":"scroll","background-type":"","background-media":"","overlay-type":"","overlay-color":"","overlay-opacity":"","overlay-gradient":""},"mobile":{"background-color":"","background-image":"","background-repeat":"repeat","background-position":"center center","background-size":"auto","background-attachment":"scroll","background-type":"","background-media":"","overlay-type":"","overlay-color":"","overlay-opacity":"","overlay-gradient":""}},"ast-content-background-meta":{"desktop":{"background-color":"var(--ast-global-color-5)","background-image":"","background-repeat":"repeat","background-position":"center center","background-size":"auto","background-attachment":"scroll","background-type":"","background-media":"","overlay-type":"","overlay-color":"","overlay-opacity":"","overlay-gradient":""},"tablet":{"background-color":"var(--ast-global-color-5)","background-image":"","background-repeat":"repeat","background-position":"center center","background-size":"auto","background-attachment":"scroll","background-type":"","background-media":"","overlay-type":"","overlay-color":"","overlay-opacity":"","overlay-gradient":""},"mobile":{"background-color":"var(--ast-global-color-5)","background-image":"","background-repeat":"repeat","background-position":"center center","background-size":"auto","background-attachment":"scroll","background-type":"","background-media":"","overlay-type":"","overlay-color":"","overlay-opacity":"","overlay-gradient":""}},"footnotes":""},"class_list":["post-843","page","type-page","status-publish","hentry"],"acf":[],"uagb_featured_image_src":{"full":false,"thumbnail":false,"medium":false,"medium_large":false,"large":false,"1536x1536":false,"2048x2048":false,"trp-custom-language-flag":false,"ultp_layout_landscape_large":false,"ultp_layout_landscape":false,"ultp_layout_portrait":false,"ultp_layout_square":false},"uagb_author_info":{"display_name":"brigitte","author_link":"https:\/\/god-vibro.com\/fi\/author\/brigitte"},"uagb_comment_info":0,"uagb_excerpt":"A L\u2019instar des vibromasseurs pour femmes, les vibromasseurs pour hommes rec\u00e8lent \u00e9galement des sp\u00e9cificit\u00e9s qui conditionnent le choix de tout acheteur. Si vous d\u00e9sirez acqu\u00e9rir votre premier vibromasseur, vous devez tenir compte de certains \u00e9l\u00e9ments.Il s\u2019agit entre autres des sensations recherch\u00e9es, de votre exp\u00e9rience ou encore du design de l\u2019objet. Les crit\u00e8res de choix d\u2019un&hellip;","_links":{"self":[{"href":"https:\/\/god-vibro.com\/fi\/wp-json\/wp\/v2\/pages\/843","targetHints":{"allow":["GET"]}}],"collection":[{"href":"https:\/\/god-vibro.com\/fi\/wp-json\/wp\/v2\/pages"}],"about":[{"href":"https:\/\/god-vibro.com\/fi\/wp-json\/wp\/v2\/types\/page"}],"author":[{"embeddable":true,"href":"https:\/\/god-vibro.com\/fi\/wp-json\/wp\/v2\/users\/1"}],"replies":[{"embeddable":true,"href":"https:\/\/god-vibro.com\/fi\/wp-json\/wp\/v2\/comments?post=843"}],"version-history":[{"count":0,"href":"https:\/\/god-vibro.com\/fi\/wp-json\/wp\/v2\/pages\/843\/revisions"}],"wp:attachment":[{"href":"https:\/\/god-vibro.com\/fi\/wp-json\/wp\/v2\/media?parent=843"}],"curies":[{"name":"wp","href":"https:\/\/api.w.org\/{rel}","templated":true}]}}