{"id":318,"date":"2021-11-11T18:10:47","date_gmt":"2021-11-11T18:10:47","guid":{"rendered":"https:\/\/god-vibro.com\/?page_id=318"},"modified":"2021-12-08T01:50:43","modified_gmt":"2021-12-08T01:50:43","slug":"faut-il-acheter-une-copie-dun-sextoy-avis-copie-lush-3","status":"publish","type":"page","link":"https:\/\/god-vibro.com\/fi\/kannattaisiko-sinun-ostaa-kopio-seksitiedotteesta-kopio-lush-3.html","title":{"rendered":"Pit\u00e4isik\u00f6 minun ostaa kopio sextoy? Lush 3 kopioi arvostelut"},"content":{"rendered":"<p>J&rsquo;ai re\u00e7u beaucoup de question sur les risques li\u00e9s \u00e0 l&rsquo;achat de copie de sextoy ? Les risques principaux sont principalement la qualit\u00e9 des mati\u00e9res utilis\u00e9. Tout comme vous faites attention \u00e0 la nourriture que vous mettez dans votre corps et aux cosm\u00e9tiques que vous mettez sur votre peau, il est tout aussi important d&rsquo;\u00e9viter les compos\u00e9s potentiellement dangereux qui peuvent se trouver dans vos jouets sexuels. Voici comment savoir quels sont les mat\u00e9riaux des jouets sexuels et des godemich\u00e9s qui sont s\u00fbrs.<\/p>\n\n\n\n<div class=\"wp-block-image\"><figure class=\"aligncenter size-full\"><img fetchpriority=\"high\" decoding=\"async\" width=\"640\" height=\"212\" src=\"https:\/\/god-vibro.com\/wp-content\/uploads\/2021\/11\/banner-1165979_640.png\" alt=\"\" class=\"wp-image-320\" srcset=\"https:\/\/god-vibro.com\/wp-content\/uploads\/2021\/11\/banner-1165979_640.png 640w, https:\/\/god-vibro.com\/wp-content\/uploads\/2021\/11\/banner-1165979_640-600x199.png 600w, https:\/\/god-vibro.com\/wp-content\/uploads\/2021\/11\/banner-1165979_640-300x99.png 300w\" sizes=\"(max-width: 640px) 100vw, 640px\" \/><\/figure><\/div>\n\n\n\n<h2 class=\"has-text-align-center wp-block-heading\">Kemiallinen koostumus <\/h2>\n\n\n\n<p>Joissakin leluissa on kemikaaleja, jotka eiv\u00e4t ole turvallisia ihmiskeholle. N\u00e4m\u00e4 kemikaalit voivat aiheuttaa kutinaa, kirvely\u00e4, ihottumaa ja kudosvaurioita.<\/p>\n\n\n\n<p>The <strong>ftalaatit<\/strong> sont un produit chimique couramment utilis\u00e9 dans les jouets sexuels. Les phtalates sont des produits chimiques qui contribuent \u00e0 lier les objets entre eux et \u00e0 rendre le plastique plus souple. Les phtalates se trouvent g\u00e9n\u00e9ralement dans le caoutchouc des jouets sexuels bon march\u00e9. Au cours des deux derni\u00e8res d\u00e9cennies, les phtalates ont fait l&rsquo;objet d&rsquo;une pr\u00e9occupation majeure en mati\u00e8re de sant\u00e9 publique. L&rsquo;exposition aux phtalates a \u00e9t\u00e9 li\u00e9e \u00e0 des probl\u00e8mes de fertilit\u00e9 masculine, d&rsquo;ob\u00e9sit\u00e9, de diab\u00e8te de type 2, d&rsquo;asthme, de troubles du d\u00e9veloppement neurologique, etc.<\/p>\n\n\n\n<p>C&rsquo;est pourquoi Lovense s&rsquo;est fix\u00e9s de d\u00e9velopp\u00e9 ses produits sans <meta charset=\"utf-8\">phtalates, ce qui n&rsquo;est peut-\u00eatre pas le cas d&rsquo;une copie d&rsquo;un Lush 3 qu&rsquo;on peut trouver sur AliExpress ou sur Amazon.<\/p>\n\n\n\n<p>Olemme kirjoittaneet oppaan seksilelusi valintaan: <a href=\"https:\/\/god-vibro.com\/choisir-son-sextoy\/\" data-type=\"post\" data-id=\"187\">t\u00e4\u00e4ll\u00e4<\/a> T\u00e4ss\u00e4 oppaassa otetaan huomioon k\u00e4ytetty materiaali kriteerin\u00e4.<\/p>\n\n\n\n<p>Varo t\u00e4llaista tuotetta:<\/p>\n\n\n\n<ul class=\"wp-block-list\"><li>timetydiinikloridi<\/li><li>Fenoli<\/li><li>Hiilidisulfidi<\/li><li>Tolueeni<\/li><li>Admium<\/li><\/ul>\n\n\n\n<p>Une astuce pratique pour v\u00e9rifier les mat\u00e9riaux dangereux est le test de l&rsquo;odeur. Si un produit a une odeur forte, c&rsquo;est un bon indicateur que des mat\u00e9riaux bon march\u00e9 et dangereux ont \u00e9t\u00e9 utilis\u00e9s pour le fabriquer.<\/p>\n\n\n\n<h2 class=\"has-text-align-center wp-block-heading\">Materiaalit<\/h2>\n\n\n\n<p>Parhaat materiaalit seksileluihin:<br>Silikoni: Silikoni <strong>silikoni<\/strong> k\u00e4ytet\u00e4\u00e4n yleisesti tekem\u00e4\u00e4n seksileluista pehme\u00e4mpi\u00e4 ja realistisempia. Se on kalliimpaa kuin vaarallisilla kemikaaleilla valmistetut materiaalit, koska se on kest\u00e4v\u00e4mp\u00e4\u00e4.<br>Acier inoxydable : Ce mat\u00e9riau sexy est non seulement agr\u00e9able \u00e0 regarder mais aussi facile \u00e0 nettoyer car il n&rsquo;est pas poreux. Il suffit de le mettre au lave-vaisselle, dans de l&rsquo;eau de javel ou dans de l&rsquo;eau bouillante.<br>Verre borosilicate : Ce mat\u00e9riau est parfait pour les jouets sexuels car il n&rsquo;est ni poreux ni toxique, et il ne change pas de forme \u00e0 haute temp\u00e9rature. Pour le nettoyer, il suffit de le mettre dans le lave-vaisselle \u00e0 c\u00f4t\u00e9 de votre sex-toy en acier inoxydable.<br><strong>Lucite<\/strong> : Pour ceux qui essaient de renforcer les muscles de leur PC, un sex-toy en Lucite est le choix id\u00e9al. Sa texture ferme permet de pratiquer facilement les exercices de Kegel. Mettez-le au lave-vaisselle lorsque vous avez fini de l&rsquo;utiliser.<br>Seksilelujen materiaalit, joita tulisi v\u00e4ltt\u00e4\u00e4:<br>Hyytel\u00f6: Edullinen materiaali, jota k\u00e4ytet\u00e4\u00e4n antamaan seksileluille jokseenkin realistinen tuntuma. Hyytel\u00f6 sis\u00e4lt\u00e4\u00e4 ftalaatteja.<br>Caoutchouc : Ce mat\u00e9riau en latex est couramment utilis\u00e9 pour fabriquer des godes. Il a une odeur piquante et peut provoquer des r\u00e9actions allergiques. Si vous achetez un jouet sexuel en caoutchouc, veillez \u00e0 l&rsquo;utiliser avec un pr\u00e9servatif car il est poreux.<br>PVC ja vinyyli: N\u00e4m\u00e4 kaksi halpaa materiaalia sis\u00e4lt\u00e4v\u00e4t ftalaatteja. Niit\u00e4 k\u00e4ytet\u00e4\u00e4n yleisesti seksileluissa, jotta ne olisivat pehmeit\u00e4 ja edullisempia.<\/p>\n\n\n\n<p><\/p>","protected":false},"excerpt":{"rendered":"<p>J&rsquo;ai re\u00e7u beaucoup de question sur les risques li\u00e9s \u00e0 l&rsquo;achat de copie de sextoy ? Les risques principaux sont principalement la qualit\u00e9 des mati\u00e9res utilis\u00e9. Tout comme vous faites attention \u00e0 la nourriture que vous mettez dans votre corps et aux cosm\u00e9tiques que vous mettez sur votre peau, il est tout aussi important d&rsquo;\u00e9viter [&hellip;]<\/p>\n","protected":false},"author":1,"featured_media":0,"parent":0,"menu_order":0,"comment_status":"closed","ping_status":"closed","template":"","meta":{"_acf_changed":false,"_seopress_robots_primary_cat":"","_seopress_titles_title":"","_seopress_titles_desc":"","_seopress_robots_index":"","_uag_custom_page_level_css":"","site-sidebar-layout":"default","site-content-layout":"","ast-site-content-layout":"default","site-content-style":"default","site-sidebar-style":"default","ast-global-header-display":"","ast-banner-title-visibility":"","ast-main-header-display":"","ast-hfb-above-header-display":"","ast-hfb-below-header-display":"","ast-hfb-mobile-header-display":"","site-post-title":"","ast-breadcrumbs-content":"","ast-featured-img":"","footer-sml-layout":"","theme-transparent-header-meta":"","adv-header-id-meta":"","stick-header-meta":"","header-above-stick-meta":"","header-main-stick-meta":"","header-below-stick-meta":"","astra-migrate-meta-layouts":"default","ast-page-background-enabled":"default","ast-page-background-meta":{"desktop":{"background-color":"var(--ast-global-color-4)","background-image":"","background-repeat":"repeat","background-position":"center center","background-size":"auto","background-attachment":"scroll","background-type":"","background-media":"","overlay-type":"","overlay-color":"","overlay-opacity":"","overlay-gradient":""},"tablet":{"background-color":"","background-image":"","background-repeat":"repeat","background-position":"center center","background-size":"auto","background-attachment":"scroll","background-type":"","background-media":"","overlay-type":"","overlay-color":"","overlay-opacity":"","overlay-gradient":""},"mobile":{"background-color":"","background-image":"","background-repeat":"repeat","background-position":"center center","background-size":"auto","background-attachment":"scroll","background-type":"","background-media":"","overlay-type":"","overlay-color":"","overlay-opacity":"","overlay-gradient":""}},"ast-content-background-meta":{"desktop":{"background-color":"var(--ast-global-color-5)","background-image":"","background-repeat":"repeat","background-position":"center center","background-size":"auto","background-attachment":"scroll","background-type":"","background-media":"","overlay-type":"","overlay-color":"","overlay-opacity":"","overlay-gradient":""},"tablet":{"background-color":"var(--ast-global-color-5)","background-image":"","background-repeat":"repeat","background-position":"center center","background-size":"auto","background-attachment":"scroll","background-type":"","background-media":"","overlay-type":"","overlay-color":"","overlay-opacity":"","overlay-gradient":""},"mobile":{"background-color":"var(--ast-global-color-5)","background-image":"","background-repeat":"repeat","background-position":"center center","background-size":"auto","background-attachment":"scroll","background-type":"","background-media":"","overlay-type":"","overlay-color":"","overlay-opacity":"","overlay-gradient":""}},"footnotes":""},"class_list":["post-318","page","type-page","status-publish","hentry"],"acf":[],"uagb_featured_image_src":{"full":false,"thumbnail":false,"medium":false,"medium_large":false,"large":false,"1536x1536":false,"2048x2048":false,"trp-custom-language-flag":false,"ultp_layout_landscape_large":false,"ultp_layout_landscape":false,"ultp_layout_portrait":false,"ultp_layout_square":false},"uagb_author_info":{"display_name":"brigitte","author_link":"https:\/\/god-vibro.com\/fi\/author\/brigitte"},"uagb_comment_info":0,"uagb_excerpt":"J&rsquo;ai re\u00e7u beaucoup de question sur les risques li\u00e9s \u00e0 l&rsquo;achat de copie de sextoy ? Les risques principaux sont principalement la qualit\u00e9 des mati\u00e9res utilis\u00e9. Tout comme vous faites attention \u00e0 la nourriture que vous mettez dans votre corps et aux cosm\u00e9tiques que vous mettez sur votre peau, il est tout aussi important d&rsquo;\u00e9viter&hellip;","_links":{"self":[{"href":"https:\/\/god-vibro.com\/fi\/wp-json\/wp\/v2\/pages\/318","targetHints":{"allow":["GET"]}}],"collection":[{"href":"https:\/\/god-vibro.com\/fi\/wp-json\/wp\/v2\/pages"}],"about":[{"href":"https:\/\/god-vibro.com\/fi\/wp-json\/wp\/v2\/types\/page"}],"author":[{"embeddable":true,"href":"https:\/\/god-vibro.com\/fi\/wp-json\/wp\/v2\/users\/1"}],"replies":[{"embeddable":true,"href":"https:\/\/god-vibro.com\/fi\/wp-json\/wp\/v2\/comments?post=318"}],"version-history":[{"count":0,"href":"https:\/\/god-vibro.com\/fi\/wp-json\/wp\/v2\/pages\/318\/revisions"}],"wp:attachment":[{"href":"https:\/\/god-vibro.com\/fi\/wp-json\/wp\/v2\/media?parent=318"}],"curies":[{"name":"wp","href":"https:\/\/api.w.org\/{rel}","templated":true}]}}