{"id":904,"date":"2022-01-05T11:26:48","date_gmt":"2022-01-05T11:26:48","guid":{"rendered":"https:\/\/god-vibro.com\/?page_id=904"},"modified":"2022-01-05T11:26:50","modified_gmt":"2022-01-05T11:26:50","slug":"les-meilleurs-vibromasseurs-a-la-distance","status":"publish","type":"page","link":"https:\/\/god-vibro.com\/es_mx\/los-mejores-vibromantes-a-la-distancia.html","title":{"rendered":"Los mejores vibradores a distancia"},"content":{"rendered":"<p>El vibrador es una herramienta popular en la b\u00fasqueda del placer. Con la evoluci\u00f3n de la ciencia, ha mejorado enormemente. En los \u00faltimos a\u00f1os, estos peque\u00f1os juguetes sexuales pueden usarse a distancia con una conexi\u00f3n a Internet o Bluetooth y ser controlados por su pareja incluso al otro lado del mundo.<\/p>\n\n\n\n<div id=\"ez-toc-container\" class=\"ez-toc-v2_0_82_2 counter-hierarchy ez-toc-counter ez-toc-custom ez-toc-container-direction\">\n<div class=\"ez-toc-title-container\">\n<p class=\"ez-toc-title\" style=\"cursor:inherit\">Contenido <\/p>\n<span class=\"ez-toc-title-toggle\"><a href=\"#\" class=\"ez-toc-pull-right ez-toc-btn ez-toc-btn-xs ez-toc-btn-default ez-toc-toggle\" aria-label=\"Tabla de contenidos\"><span class=\"ez-toc-js-icon-con\"><span class=\"\"><span class=\"eztoc-hide\" style=\"display:none;\">Toggle<\/span><span class=\"ez-toc-icon-toggle-span\"><svg style=\"fill: #999;color:#999\" xmlns=\"http:\/\/www.w3.org\/2000\/svg\" class=\"list-377408\" width=\"20px\" height=\"20px\" viewbox=\"0 0 24 24\" fill=\"none\"><path d=\"M6 6H4v2h2V6zm14 0H8v2h12V6zM4 11h2v2H4v-2zm16 0H8v2h12v-2zM4 16h2v2H4v-2zm16 0H8v2h12v-2z\" fill=\"currentColor\"><\/path><\/svg><svg style=\"fill: #999;color:#999\" class=\"arrow-unsorted-368013\" xmlns=\"http:\/\/www.w3.org\/2000\/svg\" width=\"10px\" height=\"10px\" viewbox=\"0 0 24 24\" version=\"1.2\" baseprofile=\"tiny\"><path d=\"M18.2 9.3l-6.2-6.3-6.2 6.3c-.2.2-.3.4-.3.7s.1.5.3.7c.2.2.4.3.7.3h11c.3 0 .5-.1.7-.3.2-.2.3-.5.3-.7s-.1-.5-.3-.7zM5.8 14.7l6.2 6.3 6.2-6.3c.2-.2.3-.5.3-.7s-.1-.5-.3-.7c-.2-.2-.4-.3-.7-.3h-11c-.3 0-.5.1-.7.3-.2.2-.3.5-.3.7s.1.5.3.7z\"\/><\/svg><\/span><\/span><\/span><\/a><\/span><\/div>\n<nav><ul class='ez-toc-list ez-toc-list-level-1 eztoc-toggle-hide-by-default' ><li class='ez-toc-page-1 ez-toc-heading-level-2'><a class=\"ez-toc-link ez-toc-heading-1\" href=\"https:\/\/god-vibro.com\/es_mx\/los-mejores-vibromantes-a-la-distancia.html\/#Max_et_Nora_de_Lovense\" >Max y Nora de Lovense<\/a><\/li><li class='ez-toc-page-1 ez-toc-heading-level-2'><a class=\"ez-toc-link ez-toc-heading-2\" href=\"https:\/\/god-vibro.com\/es_mx\/los-mejores-vibromantes-a-la-distancia.html\/#Onyx_2_et_Pearl_2_de_Kiiroo\" >Onyx 2 y Pearl 2 de Kiiroo&nbsp;<\/a><\/li><li class='ez-toc-page-1 ez-toc-heading-level-2'><a class=\"ez-toc-link ez-toc-heading-3\" href=\"https:\/\/god-vibro.com\/es_mx\/los-mejores-vibromantes-a-la-distancia.html\/#Lush_2_de_Lovense\" >Lush 2 de Lovense<\/a><\/li><li class='ez-toc-page-1 ez-toc-heading-level-2'><a class=\"ez-toc-link ez-toc-heading-4\" href=\"https:\/\/god-vibro.com\/es_mx\/los-mejores-vibromantes-a-la-distancia.html\/#Vibease\" >Vibease<\/a><\/li><li class='ez-toc-page-1 ez-toc-heading-level-2'><a class=\"ez-toc-link ez-toc-heading-5\" href=\"https:\/\/god-vibro.com\/es_mx\/los-mejores-vibromantes-a-la-distancia.html\/#Esca\" >Esca<\/a><\/li><li class='ez-toc-page-1 ez-toc-heading-level-2'><a class=\"ez-toc-link ez-toc-heading-6\" href=\"https:\/\/god-vibro.com\/es_mx\/los-mejores-vibromantes-a-la-distancia.html\/#Hush_de_Lovense\" >Hush de Lovense<\/a><\/li><li class='ez-toc-page-1 ez-toc-heading-level-2'><a class=\"ez-toc-link ez-toc-heading-7\" href=\"https:\/\/god-vibro.com\/es_mx\/los-mejores-vibromantes-a-la-distancia.html\/#OhMiBod_Fuse_Fleshlight_Launch\" >Lanzamiento de OhMiBod Fuse + Fleshlight&nbsp;<\/a><\/li><li class='ez-toc-page-1 ez-toc-heading-level-2'><a class=\"ez-toc-link ez-toc-heading-8\" href=\"https:\/\/god-vibro.com\/es_mx\/los-mejores-vibromantes-a-la-distancia.html\/#Osci_2\" >Osci 2<\/a><\/li><\/ul><\/nav><\/div>\n<h2 class=\"wp-block-heading\"><span class=\"ez-toc-section\" id=\"Max_et_Nora_de_Lovense\"><\/span>Max y Nora de Lovense<span class=\"ez-toc-section-end\"><\/span><\/h2>\n\n\n\n<p>Vibradores Max y Nora de la empresa Lovense. El 25 de febrero de 2022, el Lovense public\u00f3 su <a href=\"https:\/\/god-vibro.com\/lovense-sex-machine.html\">M\u00e1quina del sexo<\/a> son verdaderas joyas tecnol\u00f3gicas. <a href=\"https:\/\/god-vibro.com\/lovense-max-2.html\">Max fue dise\u00f1ado para los hombres<\/a> y Nora para las mujeres. Es gracias a una aplicaci\u00f3n llamada Body Chat que esta magia sexual es posible. Body Chat es compatible con smartphones, PC y Mac.&nbsp;<\/p>\n\n\n\n<p>Su revolucionaria tecnolog\u00eda enlaza los dispositivos entre s\u00ed a trav\u00e9s del sistema Bluetooth. Gracias a este sistema, las parejas en \u00e9xtasis sexual tienen la misma sensaci\u00f3n de placer en tiempo real. S\u00f3lo tienen que cerrar los ojos y dar rienda suelta a todas sus fantas\u00edas er\u00f3ticas.<\/p>\n\n\n\n<p>La tecnolog\u00eda va m\u00e1s all\u00e1 al permitir a cualquiera de los dos miembros de la pareja controlar el sextoy del otro y llevarlo al s\u00e9ptimo cielo. Adem\u00e1s, la aplicaci\u00f3n tiene la capacidad de estar en modo v\u00eddeo. Esto permite a los socios hacer que sus sensaciones sean a\u00fan m\u00e1s reales.<\/p>\n\n\n\n<figure class=\"wp-block-image\"><img decoding=\"async\" src=\"https:\/\/lh6.googleusercontent.com\/I0008raFtwxzDu-TuFGXm9gfKT6dre1wh7G5C-6fcdQvPNgIAG0-QOImDr8nIOOkoTZ87jMNec4n17CQKXog8SS6oa_mvdmccdleSdEFwAJUrzrhILafr7xdw52iXbIrcIx5H0jq\" alt=\"\"\/><\/figure>\n\n\n\n<h2 class=\"wp-block-heading\"><span class=\"ez-toc-section\" id=\"Onyx_2_et_Pearl_2_de_Kiiroo\"><\/span>Onyx 2 y Pearl 2 de Kiiroo&nbsp;<span class=\"ez-toc-section-end\"><\/span><\/h2>\n\n\n\n<p>Kiiroo es una empresa holandesa que se est\u00e1 haciendo un hueco en el \u00e1mbito del sexo. Sus legendarios vibradores Onyx 2 y Pearl 2 son obras maestras de la tecnolog\u00eda. Son los sucesores de los primeros prototipos Onyx 1 y Pearl 1 que ya no satisfacen la demanda del mercado. Onyx 2 est\u00e1 destinado a los hombres y Pearl 2 a las mujeres.&nbsp;<\/p>\n\n\n\n<p>Se trata de herramientas recargables que tambi\u00e9n funcionan con un sistema Bluetooth. El dise\u00f1ador ha creado una aplicaci\u00f3n descargable para smartphones que permite su uso. Se llama Feel Connect. La tecnolog\u00eda de Pearl 2 se basa en nueve ajustes de vibraci\u00f3n que suben y bajan. El nivel 9 te sumerge en un disfrute infinito. Es compatible con cualquier vagina ya que tiene una longitud de unos 20 cent\u00edmetros.<\/p>\n\n\n\n<p>La tecnolog\u00eda de Onyx 2, en cambio, se basa en tres modos y cuenta con un Fleshlight SuperSkin. Gracias a estos elementos, Onyx 2 puede realizar un m\u00e1ximo de 140 movimientos por minuto. Puede utilizarse de forma continua durante una hora gracias a los diez anillos que lo componen. Los tres modos de Onyx 2 son :<\/p>\n\n\n\n<ul class=\"wp-block-list\"><li>bomba lenta ;<\/li><li>bomba r\u00e1pida ;<\/li><li>manual.<\/li><\/ul>\n\n\n\n<h2 class=\"wp-block-heading\"><span class=\"ez-toc-section\" id=\"Lush_2_de_Lovense\"><\/span>Lush 2 de Lovense<span class=\"ez-toc-section-end\"><\/span><\/h2>\n\n\n\n<p>El Lovense no ha terminado de impresionar con su destreza tecnol\u00f3gica. Lush 2 est\u00e1 dise\u00f1ado espec\u00edficamente para uso personal, pero puede utilizarse en pareja. Es legendaria por su bajo perfil, pero su uso vibrante. Se trata de un peque\u00f1o huevo que se puede conectar por Bluetooth como la mayor\u00eda de los juguetes sexuales.&nbsp;<\/p>\n\n\n\n<p>Il l&rsquo;est \u00e9galement en mode Wifi avec une port\u00e9e de 13 m\u00e8tres. L\u2019utilisation avec le Wifi n\u00e9cessite n\u00e9anmoins le t\u00e9l\u00e9chargement sur iOS ou Android de Lovense Remote.<\/p>\n\n\n\n<p>Tiene la capacidad de reproducir tu m\u00fasica favorita para estimular tu orgasmo. Gracias a su aplicaci\u00f3n m\u00f3vil y, sobre todo, a la opci\u00f3n in-app, puedes chatear por v\u00eddeo o enviar fotos a tu pareja.&nbsp;<\/p>\n\n\n\n<p>Es recargable y tiene una duraci\u00f3n de la bater\u00eda de 3 horas sin parar. Lo mejor de su tecnolog\u00eda es que tiene un motor cuatro veces m\u00e1s potente de lo normal para estimular el punto G. Tambi\u00e9n tiene siete modos de funcionamiento:<\/p>\n\n\n\n<ul class=\"wp-block-list\"><li>suave ;<\/li><li>significa ;<\/li><li>fuerte ;<\/li><li>pulsos ;<\/li><li>olas ;<\/li><li>fuegos artificiales ;<\/li><li>terremoto.<\/li><\/ul>\n\n\n\n<h2 class=\"wp-block-heading\"><span class=\"ez-toc-section\" id=\"Vibease\"><\/span>Vibease<span class=\"ez-toc-section-end\"><\/span><\/h2>\n\n\n\n<p>El vibrador Vibease no est\u00e1 al margen de todas las haza\u00f1as tecnol\u00f3gicas mencionadas anteriormente. Est\u00e1 destinado principalmente a las mujeres. As\u00ed que pueden dejar que su pareja los haga venir desde cualquier parte del mundo. Lo \u00fanico que necesitan es una conexi\u00f3n a Internet, el Bluetooth activado y la aplicaci\u00f3n m\u00f3vil Vibease. Todo en esta joya tecnol\u00f3gica se ha simplificado para hacerla m\u00e1s c\u00f3moda y, sobre todo, discreta.&nbsp;<\/p>\n\n\n\n<p>Este sextoy es una funci\u00f3n de audio muy sofisticada o inteligente que responde a las \u00f3rdenes dadas por el usuario.  En la misma estela, puede al igual que el anterior vibrador reproducir la m\u00fasica que elijas e incluso leerte libros er\u00f3ticos en audio.&nbsp;<\/p>\n\n\n\n<p>Su cubierta protectora est\u00e1 hecha de silicona de alta calidad y, por lo tanto, es resistente al agua. Por lo tanto, puede utilizarlo f\u00e1cilmente en la ducha. Tambi\u00e9n cabe destacar que la duraci\u00f3n de su bater\u00eda es de tres horas.<\/p>\n\n\n\n<figure class=\"wp-block-image\"><img decoding=\"async\" src=\"https:\/\/lh4.googleusercontent.com\/hTDcfFrt3J7EmYXXA_xKGPsBa8rHmbAXw0MzzCzMVPUYwMhyJ50872JQqQPjlxN4sWUcFHCYV0gqTk8aG3S_Mc67V5sE7UFvYyGaEVxcCMlOfGm_QIMihijJicxI775W0OAXCEm8\" alt=\"\"\/><\/figure>\n\n\n\n<h2 class=\"wp-block-heading\"><span class=\"ez-toc-section\" id=\"Esca\"><\/span>Esca<span class=\"ez-toc-section-end\"><\/span><\/h2>\n\n\n\n<p>Esca es un peque\u00f1o huevo de Sex Tech. Est\u00e1 en la lista de los mejores juguetes sexuales de la historia. Con una tecnolog\u00eda de conexi\u00f3n inal\u00e1mbrica como la de los otros, es mucho m\u00e1s f\u00e1cil meterse en la ropa interior.&nbsp;<\/p>\n\n\n\n<p>Dise\u00f1ado para las mujeres, responde a las necesidades de salud del cuerpo con su cubierta protectora de silicona. Con la aplicaci\u00f3n m\u00f3vil OhMiBod Remote, descargable en smartphones y tabletas, reduce la distancia entre la pareja.<\/p>\n\n\n\n<p>Es capaz de excitarte hasta llegar a tu punto G. Como puedes ver, para una mujer, esto es un pu\u00f1ado que ofrece la tecnolog\u00eda. S\u00f3lo pesa 56 gramos. Tambi\u00e9n ofrece un espect\u00e1culo de luces que sigue el ritmo de las vibraciones. Esto hace que el placer sexual sea a\u00fan m\u00e1s v\u00edvido.&nbsp;<\/p>\n\n\n\n<p>OhMiBod Remote, que es su aplicaci\u00f3n b\u00e1sica, tiene la misma funcionalidad que una red social. As\u00ed podr\u00e1s vivir esos momentos \u00edntimos con tu pareja a trav\u00e9s de una videollamada.<\/p>\n\n\n\n<h2 class=\"wp-block-heading\"><span class=\"ez-toc-section\" id=\"Hush_de_Lovense\"><\/span>Hush de Lovense<span class=\"ez-toc-section-end\"><\/span><\/h2>\n\n\n\n<p>Lovense, bas\u00e1ndose en las opiniones de sus clientes, siempre les ofrece m\u00e1s tecnolog\u00eda. Aqu\u00ed naci\u00f3 el vibrador Hush. Es polivalente, pero est\u00e1 dise\u00f1ado espec\u00edficamente para el placer anal.&nbsp;<\/p>\n\n\n\n<p>Dise\u00f1ado para las mujeres, se compone principalmente de tapones para el culo con vibraciones \u00fanicas. Requiere una conexi\u00f3n a Internet y tiene un alcance m\u00e1ximo de nueve metros en un radio de 360 grados.&nbsp;<\/p>\n\n\n\n<p>Al igual que sus predecesores, se controla mediante una aplicaci\u00f3n que cuenta con todas las caracter\u00edsticas mencionadas anteriormente: tecnolog\u00edas auditivas y visuales y potencia de vibraci\u00f3n. Es conectable por USB y recargable y tiene una duraci\u00f3n de la bater\u00eda de dos horas. Est\u00e1 disponible en dos tama\u00f1os. Para los principiantes es aconsejable empezar con el Hush de 3,81 cm, mientras que para los experimentados el tama\u00f1o medio de 4,45 cm es perfecto.&nbsp;<\/p>\n\n\n\n<figure class=\"wp-block-image\"><img decoding=\"async\" src=\"https:\/\/lh5.googleusercontent.com\/3HZXcJ2B5DO1kSp65iT8wWvyd8edv-y4FzPg8SB2-hJeU0Lp0SA1qKL9mP5q2vD_yNnuVtHtzzWuf7byl851jWWKp9TwKcWVy59JS42_Ve691H8xOyoa-WhPBThLqQH5lXc0YTuq\" alt=\"\"\/><\/figure>\n\n\n\n<h2 class=\"wp-block-heading\"><span class=\"ez-toc-section\" id=\"OhMiBod_Fuse_Fleshlight_Launch\"><\/span>Lanzamiento de OhMiBod Fuse + Fleshlight&nbsp;<span class=\"ez-toc-section-end\"><\/span><\/h2>\n\n\n\n<p>Ce couple de vibromasseurs est l&rsquo;un des plus rares sur le march\u00e9. OhMiBod Fuse est mieux adapt\u00e9 aux femmes tandis que le Fleshlight Launch est le masturbateur des hommes.<\/p>\n\n\n\n<p>OhMiBod es un vibrador con una ventaja decisiva. Esta ventaja es su capacidad para estimular sus genitales dos veces. Es compatible con todos los dem\u00e1s vibradores mencionados anteriormente. Gracias a su flexibilidad y a su doble capacidad de estimulaci\u00f3n, le permite satisfacer las fantas\u00edas de su pareja en un tiempo r\u00e9cord. Tambi\u00e9n utiliza una conexi\u00f3n inal\u00e1mbrica (Bluetooth, Internet o Wifi).<\/p>\n\n\n\n<p>El Fleshlight Launch, en cambio, est\u00e1 dise\u00f1ado para los hombres. Es tecnol\u00f3gicamente avanzado y compatible con todos los sistemas operativos de los vibradores. Est\u00e1 completamente recubierto de silicona y actualmente es el producto m\u00e1s vendido en la tienda Launch. Es recargable por USB y puede utilizarse incluso en la ducha gracias a su sistema de impermeabilidad. Pesa 4,24 kg y puede utilizarse de forma continua durante una hora y media.&nbsp;<\/p>\n\n\n\n<h2 class=\"wp-block-heading\"><span class=\"ez-toc-section\" id=\"Osci_2\"><\/span>Osci 2<span class=\"ez-toc-section-end\"><\/span><\/h2>\n\n\n\n<p>El \u00faltimo de la lista es el Osci 2. Este es un vibrador no menos importante porque su especificidad radica en que sus vibraciones son internas. Por lo tanto, no se sienten fuera de la envoltura protectora. Su morfolog\u00eda, consistente en una peque\u00f1a cabeza ovalada, est\u00e1 destinada principalmente a estimular el punto G de la mujer como nunca antes. Esta estimulaci\u00f3n es inaudita y c\u00f3moda.&nbsp;<\/p>\n\n\n\n<p>Gracias a las opiniones de los clientes del Osci 1, este nuevo modelo tiene una vida \u00fatil mucho m\u00e1s satisfactoria. Cabe destacar que se ha a\u00f1adido un chip Bluetooth y que la funci\u00f3n de carga se ha magnetizado para mayor comodidad.<\/p>","protected":false},"excerpt":{"rendered":"<p>Le vibromasseur est un outil tr\u00e8s appr\u00e9ci\u00e9 dans la qu\u00eate du plaisir. Avec l\u2019\u00e9volution de la science, il s\u2019est \u00e9norm\u00e9ment am\u00e9lior\u00e9. Depuis quelques ann\u00e9es, ces petits jouets sexuels sont utilisables \u00e0 distance avec une connexion Internet ou Bluetooth et contr\u00f4lables par votre partenaire m\u00eame \u00e0 l\u2019autre bout du monde. Max et Nora de Lovense Les [&hellip;]<\/p>\n","protected":false},"author":1,"featured_media":0,"parent":0,"menu_order":0,"comment_status":"closed","ping_status":"closed","template":"","meta":{"_acf_changed":false,"_seopress_robots_primary_cat":"","_seopress_titles_title":"","_seopress_titles_desc":"","_seopress_robots_index":"","_uag_custom_page_level_css":"","site-sidebar-layout":"default","site-content-layout":"","ast-site-content-layout":"default","site-content-style":"default","site-sidebar-style":"default","ast-global-header-display":"","ast-banner-title-visibility":"","ast-main-header-display":"","ast-hfb-above-header-display":"","ast-hfb-below-header-display":"","ast-hfb-mobile-header-display":"","site-post-title":"","ast-breadcrumbs-content":"","ast-featured-img":"","footer-sml-layout":"","theme-transparent-header-meta":"","adv-header-id-meta":"","stick-header-meta":"","header-above-stick-meta":"","header-main-stick-meta":"","header-below-stick-meta":"","astra-migrate-meta-layouts":"default","ast-page-background-enabled":"default","ast-page-background-meta":{"desktop":{"background-color":"var(--ast-global-color-4)","background-image":"","background-repeat":"repeat","background-position":"center center","background-size":"auto","background-attachment":"scroll","background-type":"","background-media":"","overlay-type":"","overlay-color":"","overlay-opacity":"","overlay-gradient":""},"tablet":{"background-color":"","background-image":"","background-repeat":"repeat","background-position":"center center","background-size":"auto","background-attachment":"scroll","background-type":"","background-media":"","overlay-type":"","overlay-color":"","overlay-opacity":"","overlay-gradient":""},"mobile":{"background-color":"","background-image":"","background-repeat":"repeat","background-position":"center center","background-size":"auto","background-attachment":"scroll","background-type":"","background-media":"","overlay-type":"","overlay-color":"","overlay-opacity":"","overlay-gradient":""}},"ast-content-background-meta":{"desktop":{"background-color":"var(--ast-global-color-5)","background-image":"","background-repeat":"repeat","background-position":"center center","background-size":"auto","background-attachment":"scroll","background-type":"","background-media":"","overlay-type":"","overlay-color":"","overlay-opacity":"","overlay-gradient":""},"tablet":{"background-color":"var(--ast-global-color-5)","background-image":"","background-repeat":"repeat","background-position":"center center","background-size":"auto","background-attachment":"scroll","background-type":"","background-media":"","overlay-type":"","overlay-color":"","overlay-opacity":"","overlay-gradient":""},"mobile":{"background-color":"var(--ast-global-color-5)","background-image":"","background-repeat":"repeat","background-position":"center center","background-size":"auto","background-attachment":"scroll","background-type":"","background-media":"","overlay-type":"","overlay-color":"","overlay-opacity":"","overlay-gradient":""}},"footnotes":""},"class_list":["post-904","page","type-page","status-publish","hentry"],"acf":[],"uagb_featured_image_src":{"full":false,"thumbnail":false,"medium":false,"medium_large":false,"large":false,"1536x1536":false,"2048x2048":false,"trp-custom-language-flag":false,"ultp_layout_landscape_large":false,"ultp_layout_landscape":false,"ultp_layout_portrait":false,"ultp_layout_square":false},"uagb_author_info":{"display_name":"brigitte","author_link":"https:\/\/god-vibro.com\/es_mx\/author\/brigitte"},"uagb_comment_info":0,"uagb_excerpt":"Le vibromasseur est un outil tr\u00e8s appr\u00e9ci\u00e9 dans la qu\u00eate du plaisir. Avec l\u2019\u00e9volution de la science, il s\u2019est \u00e9norm\u00e9ment am\u00e9lior\u00e9. Depuis quelques ann\u00e9es, ces petits jouets sexuels sont utilisables \u00e0 distance avec une connexion Internet ou Bluetooth et contr\u00f4lables par votre partenaire m\u00eame \u00e0 l\u2019autre bout du monde. Max et Nora de Lovense Les&hellip;","_links":{"self":[{"href":"https:\/\/god-vibro.com\/es_mx\/wp-json\/wp\/v2\/pages\/904","targetHints":{"allow":["GET"]}}],"collection":[{"href":"https:\/\/god-vibro.com\/es_mx\/wp-json\/wp\/v2\/pages"}],"about":[{"href":"https:\/\/god-vibro.com\/es_mx\/wp-json\/wp\/v2\/types\/page"}],"author":[{"embeddable":true,"href":"https:\/\/god-vibro.com\/es_mx\/wp-json\/wp\/v2\/users\/1"}],"replies":[{"embeddable":true,"href":"https:\/\/god-vibro.com\/es_mx\/wp-json\/wp\/v2\/comments?post=904"}],"version-history":[{"count":3,"href":"https:\/\/god-vibro.com\/es_mx\/wp-json\/wp\/v2\/pages\/904\/revisions"}],"predecessor-version":[{"id":1346,"href":"https:\/\/god-vibro.com\/es_mx\/wp-json\/wp\/v2\/pages\/904\/revisions\/1346"}],"wp:attachment":[{"href":"https:\/\/god-vibro.com\/es_mx\/wp-json\/wp\/v2\/media?parent=904"}],"curies":[{"name":"wp","href":"https:\/\/api.w.org\/{rel}","templated":true}]}}