{"id":610,"date":"2021-11-25T19:34:15","date_gmt":"2021-11-25T19:34:15","guid":{"rendered":"https:\/\/god-vibro.com\/?page_id=610"},"modified":"2021-12-08T01:50:43","modified_gmt":"2021-12-08T01:50:43","slug":"sextoys-connectes-vibromasseur-bluetooth","status":"publish","type":"page","link":"https:\/\/god-vibro.com\/es_mx\/sextoys-conectado-vibromasaje-bluetooth.html","title":{"rendered":"Sextoys conectados y vibradores Bluetooth: c\u00f3mo funcionan"},"content":{"rendered":"<p>Mantener una relaci\u00f3n a distancia suele ser dif\u00edcil. El contacto f\u00edsico es esencial en cualquier relaci\u00f3n. Afortunadamente, la tecnolog\u00eda ha hecho posible la creaci\u00f3n de juguetes sexuales espec\u00edficamente dise\u00f1ados para las aventuras a larga distancia.&nbsp;<\/p>\n\n\n\n<p>Estos juguetes sexuales, conectados a distancia a trav\u00e9s de una aplicaci\u00f3n, permiten a las parejas seguir excit\u00e1ndose mutuamente aunque est\u00e9n f\u00edsicamente separadas.<\/p>\n\n\n\n<div id=\"ez-toc-container\" class=\"ez-toc-v2_0_82_2 counter-hierarchy ez-toc-counter ez-toc-custom ez-toc-container-direction\">\n<div class=\"ez-toc-title-container\">\n<p class=\"ez-toc-title\" style=\"cursor:inherit\">Contenido <\/p>\n<span class=\"ez-toc-title-toggle\"><a href=\"#\" class=\"ez-toc-pull-right ez-toc-btn ez-toc-btn-xs ez-toc-btn-default ez-toc-toggle\" aria-label=\"Tabla de contenidos\"><span class=\"ez-toc-js-icon-con\"><span class=\"\"><span class=\"eztoc-hide\" style=\"display:none;\">Toggle<\/span><span class=\"ez-toc-icon-toggle-span\"><svg style=\"fill: #999;color:#999\" xmlns=\"http:\/\/www.w3.org\/2000\/svg\" class=\"list-377408\" width=\"20px\" height=\"20px\" viewbox=\"0 0 24 24\" fill=\"none\"><path d=\"M6 6H4v2h2V6zm14 0H8v2h12V6zM4 11h2v2H4v-2zm16 0H8v2h12v-2zM4 16h2v2H4v-2zm16 0H8v2h12v-2z\" fill=\"currentColor\"><\/path><\/svg><svg style=\"fill: #999;color:#999\" class=\"arrow-unsorted-368013\" xmlns=\"http:\/\/www.w3.org\/2000\/svg\" width=\"10px\" height=\"10px\" viewbox=\"0 0 24 24\" version=\"1.2\" baseprofile=\"tiny\"><path d=\"M18.2 9.3l-6.2-6.3-6.2 6.3c-.2.2-.3.4-.3.7s.1.5.3.7c.2.2.4.3.7.3h11c.3 0 .5-.1.7-.3.2-.2.3-.5.3-.7s-.1-.5-.3-.7zM5.8 14.7l6.2 6.3 6.2-6.3c.2-.2.3-.5.3-.7s-.1-.5-.3-.7c-.2-.2-.4-.3-.7-.3h-11c-.3 0-.5.1-.7.3-.2.2-.3.5-.3.7s.1.5.3.7z\"\/><\/svg><\/span><\/span><\/span><\/a><\/span><\/div>\n<nav><ul class='ez-toc-list ez-toc-list-level-1 eztoc-toggle-hide-by-default' ><li class='ez-toc-page-1 ez-toc-heading-level-2'><a class=\"ez-toc-link ez-toc-heading-1\" href=\"https:\/\/god-vibro.com\/es_mx\/sextoys-conectado-vibromasaje-bluetooth.html\/#Fonctionnement_du_sextoy_connecte\" >C\u00f3mo funciona el sextoy conectado&nbsp;<\/a><\/li><li class='ez-toc-page-1 ez-toc-heading-level-2'><a class=\"ez-toc-link ez-toc-heading-2\" href=\"https:\/\/god-vibro.com\/es_mx\/sextoys-conectado-vibromasaje-bluetooth.html\/#Utilisation_dun_sextoy_connecte\" >Utilizar un sextoy conectado&nbsp;<\/a><\/li><li class='ez-toc-page-1 ez-toc-heading-level-2'><a class=\"ez-toc-link ez-toc-heading-3\" href=\"https:\/\/god-vibro.com\/es_mx\/sextoys-conectado-vibromasaje-bluetooth.html\/#Avantage_de_lutilisation_des_sextoys_connectes\" >Beneficios del uso de juguetes sexuales conectados&nbsp;<\/a><\/li><li class='ez-toc-page-1 ez-toc-heading-level-2'><a class=\"ez-toc-link ez-toc-heading-4\" href=\"https:\/\/god-vibro.com\/es_mx\/sextoys-conectado-vibromasaje-bluetooth.html\/#Differents_types_de_sextoy_connecte\" >Diferentes tipos de sextoy conectados<\/a><ul class='ez-toc-list-level-3' ><li class='ez-toc-heading-level-3'><a class=\"ez-toc-link ez-toc-heading-5\" href=\"https:\/\/god-vibro.com\/es_mx\/sextoys-conectado-vibromasaje-bluetooth.html\/#Le_stimulateur_de_clitoris\" >El estimulador de cl\u00edtoris&nbsp;<\/a><\/li><li class='ez-toc-page-1 ez-toc-heading-level-3'><a class=\"ez-toc-link ez-toc-heading-6\" href=\"https:\/\/god-vibro.com\/es_mx\/sextoys-conectado-vibromasaje-bluetooth.html\/#Le_stimulateur_anal\" >El estimulador anal&nbsp;<\/a><\/li><li class='ez-toc-page-1 ez-toc-heading-level-3'><a class=\"ez-toc-link ez-toc-heading-7\" href=\"https:\/\/god-vibro.com\/es_mx\/sextoys-conectado-vibromasaje-bluetooth.html\/#Le_stimulateur_prostatique\" >El estimulador de pr\u00f3stata<\/a><\/li><\/ul><\/li><li class='ez-toc-page-1 ez-toc-heading-level-2'><a class=\"ez-toc-link ez-toc-heading-8\" href=\"https:\/\/god-vibro.com\/es_mx\/sextoys-conectado-vibromasaje-bluetooth.html\/#Top_07_des_meilleurs_sextoys_connectes\" >Top 07 de los mejores juguetes sexuales conectados<\/a><ul class='ez-toc-list-level-3' ><li class='ez-toc-heading-level-3'><a class=\"ez-toc-link ez-toc-heading-9\" href=\"https:\/\/god-vibro.com\/es_mx\/sextoys-conectado-vibromasaje-bluetooth.html\/#We-Vibe_Chorus\" >Coro We-Vibe<\/a><\/li><li class='ez-toc-page-1 ez-toc-heading-level-3'><a class=\"ez-toc-link ez-toc-heading-10\" href=\"https:\/\/god-vibro.com\/es_mx\/sextoys-conectado-vibromasaje-bluetooth.html\/#Vibrateur_pour_culotte_We-Vibe_Moxie\" >Vibrador de braga We-Vibe Moxie<\/a><\/li><li class='ez-toc-page-1 ez-toc-heading-level-3'><a class=\"ez-toc-link ez-toc-heading-11\" href=\"https:\/\/god-vibro.com\/es_mx\/sextoys-conectado-vibromasaje-bluetooth.html\/#Clion_par_KIIROO_Vibrateur_de_stimulation_du_clitoris\" >Clion by KIIROO Vibrador para la estimulaci\u00f3n del cl\u00edtoris<\/a><\/li><li class='ez-toc-page-1 ez-toc-heading-level-3'><a class=\"ez-toc-link ez-toc-heading-12\" href=\"https:\/\/god-vibro.com\/es_mx\/sextoys-conectado-vibromasaje-bluetooth.html\/#Vibrateur_pour_culotte_de_luxe_controle_par_une_application\" >Vibrador de lujo para bragas controlado por una aplicaci\u00f3n<\/a><\/li><li class='ez-toc-page-1 ez-toc-heading-level-3'><a class=\"ez-toc-link ez-toc-heading-13\" href=\"https:\/\/god-vibro.com\/es_mx\/sextoys-conectado-vibromasaje-bluetooth.html\/#Masturbateur_masculin_interactif_KIIROO_Onyx\" >Masturbador masculino interactivo KIIROO Onyx+<\/a><\/li><li class='ez-toc-page-1 ez-toc-heading-level-3'><a class=\"ez-toc-link ez-toc-heading-14\" href=\"https:\/\/god-vibro.com\/es_mx\/sextoys-conectado-vibromasaje-bluetooth.html\/#We-Vibe_Pivot_Anneau_de_bite_vibrant_controle_par_une_application\" >We-Vibe Pivot Anillo vibrador para el pene controlado por una aplicaci\u00f3n<\/a><\/li><li class='ez-toc-page-1 ez-toc-heading-level-3'><a class=\"ez-toc-link ez-toc-heading-15\" href=\"https:\/\/god-vibro.com\/es_mx\/sextoys-conectado-vibromasaje-bluetooth.html\/#Vibrateur_pour_culotte_Vibease\" >Vibease panty vibrador<\/a><\/li><\/ul><\/li><\/ul><\/nav><\/div>\n<h2 class=\"wp-block-heading\"><span class=\"ez-toc-section\" id=\"Fonctionnement_du_sextoy_connecte\"><\/span>C\u00f3mo funciona el sextoy conectado&nbsp;<span class=\"ez-toc-section-end\"><\/span><\/h2>\n\n\n\n<p>El funcionamiento de un sextoy conectado es sencillo. Un miembro de la pareja tiene el sextoy, el otro lo controla a trav\u00e9s de una aplicaci\u00f3n.<\/p>\n\n\n\n<p>Instalada en Android o IOS, esta aplicaci\u00f3n viene con el sextoy y se puede utilizar desde cualquier lugar conectado a internet.<\/p>\n\n\n\n<p>Si\u00e9ntese y rel\u00e1jese o re\u00fanase, por ejemplo, a trav\u00e9s de Skype y disfrute de un momento especial juntos.<\/p>\n\n\n\n<p>Este tipo de sextoy tambi\u00e9n puede utilizarse cara a cara durante una cena en un restaurante para aumentar la presi\u00f3n, o a solas para los solteros.<\/p>\n\n\n\n<h2 class=\"wp-block-heading\"><span class=\"ez-toc-section\" id=\"Utilisation_dun_sextoy_connecte\"><\/span>Utilizar un sextoy conectado&nbsp;<span class=\"ez-toc-section-end\"><\/span><\/h2>\n\n\n\n<p>Consulta la gu\u00eda del usuario de tu sextoy conectado para saber el nombre de la aplicaci\u00f3n que debes descargar o el c\u00f3digo Qr que debes escanear para conectar tu sextoy a un tel\u00e9fono. &nbsp;<\/p>\n\n\n\n<p>Si se trata de un vibrador para braguitas, col\u00f3calo en tu ropa interior y juega con los modos de intensidad. Tambi\u00e9n puedes dejar esta funci\u00f3n a tu pareja. Entonces, \u00e9l o ella tendr\u00e1 el control del objeto y se encargar\u00e1 de darle placer.&nbsp;<\/p>\n\n\n\n<p>El we-vibe es una tecnolog\u00eda muy potente. Los aparatos con este sistema funcionan a miles de kil\u00f3metros de distancia. Para utilizarlos, es necesario registrar su configuraci\u00f3n en la aplicaci\u00f3n que ha descargado. Luego tienes que enviar una invitaci\u00f3n a tu pareja. La aplicaci\u00f3n tiene control de v\u00eddeo y de voz. Empar\u00e9jalo con tu tel\u00e9fono y deja que la imaginaci\u00f3n haga el resto.<\/p>\n\n\n\n<figure class=\"wp-block-image\"><img decoding=\"async\" src=\"https:\/\/lh3.googleusercontent.com\/JbQ74IPjPN47ZOc668J_ZHHX9DPZj02nQ7m4n1xgg43KFSeOZ5L5R4cRqXhJvdvIgrtWr4ktn0q3KaUVgQJfPVwLsRAj6iNiWosXkLN-uaQKZaerhFUOTWbLhsXzjQTYejO6eFH6\" alt=\"\"\/><\/figure>\n\n\n\n<h2 class=\"wp-block-heading\"><span class=\"ez-toc-section\" id=\"Avantage_de_lutilisation_des_sextoys_connectes\"><\/span>Beneficios del uso de juguetes sexuales conectados&nbsp;<span class=\"ez-toc-section-end\"><\/span><\/h2>\n\n\n\n<p>Gracias a los juguetes sexuales conectados, puedes masturbarte, dar placer a tu pareja o recibirlo t\u00fa mismo. Con la ayuda de algunos de los mejores juguetes sexuales para parejas del mercado, tu pareja sentir\u00e1 que tambi\u00e9n forma parte de la acci\u00f3n. No podemos prometer que salvar\u00e1n una relaci\u00f3n a distancia, pero s\u00ed ayudar\u00e1n a mantener las cosas en buen estado y a aliviar la frustraci\u00f3n sexual.<\/p>\n\n\n\n<p>No olvides utilizar lubricante y limpiar bien los objetos despu\u00e9s de usarlos.&nbsp;<\/p>\n\n\n\n<h2 class=\"wp-block-heading\"><span class=\"ez-toc-section\" id=\"Differents_types_de_sextoy_connecte\"><\/span>Diferentes tipos de sextoy conectados<span class=\"ez-toc-section-end\"><\/span><\/h2>\n\n\n\n<p>Hay varios tipos de juguetes sexuales conectados, entre ellos :&nbsp;<\/p>\n\n\n\n<ul class=\"wp-block-list\"><li>estimulador de cl\u00edtoris ;<\/li><li>estimulador anal ;<\/li><li>estimulador de pr\u00f3stata ;<\/li><li>vibrador ;<\/li><li>huevo vibrador ;<\/li><li>etc.<\/li><\/ul>\n\n\n\n<h3 class=\"wp-block-heading\"><span class=\"ez-toc-section\" id=\"Le_stimulateur_de_clitoris\"><\/span>El estimulador de cl\u00edtoris&nbsp;<span class=\"ez-toc-section-end\"><\/span><\/h3>\n\n\n\n<p>Excelente juguete para estimular el punto G de tu pareja. Pueden utilizarse solos o en pareja. Para obtener m\u00e1s placer, deja la funci\u00f3n de intensidad a tu pareja. No te arrepentir\u00e1s.&nbsp;<\/p>\n\n\n\n<p>Este tipo de estimulador puede utilizarse para los juegos preliminares, e incluso puede hacer que su pareja llegue al orgasmo.<\/p>\n\n\n\n<h3 class=\"wp-block-heading\"><span class=\"ez-toc-section\" id=\"Le_stimulateur_anal\"><\/span>El estimulador anal&nbsp;<span class=\"ez-toc-section-end\"><\/span><\/h3>\n\n\n\n<p>El estimulador anal es un sextoy conectado que te proporciona una sensaci\u00f3n en el ano. Un juguete estupendo para quien quiera probar nuevas sensaciones, ya que est\u00e1n disponibles en diferentes tama\u00f1os, formas y texturas. Elige el que m\u00e1s te convenga y empar\u00e9jalo con tu smartphone.&nbsp;<\/p>\n\n\n\n<h3 class=\"wp-block-heading\"><span class=\"ez-toc-section\" id=\"Le_stimulateur_prostatique\"><\/span>El estimulador de pr\u00f3stata<span class=\"ez-toc-section-end\"><\/span><\/h3>\n\n\n\n<p>Es un excelente masturbador para hombres.  Te permite descubrir mejor tu cuerpo y disfrutar solo o en pareja. Para animar el acto, deja que tu pareja decida la potencia e intensidad de las vibraciones.&nbsp;<\/p>\n\n\n\n<figure class=\"wp-block-image\"><img decoding=\"async\" src=\"https:\/\/lh5.googleusercontent.com\/V5NQNT04Tt6GfMKDtJG15rYJaEMlMMVXT1_bSeNC7wSS7duzKuzEb4uiTnAFLAseS0jZEP5GsqrgXFX1YH0QmH_xYsSDoT93onGLlTJG78hC0uoJKAdR4X4Peibgxp5JdF0aMfdw\" alt=\"\"\/><\/figure>\n\n\n\n<h2 class=\"wp-block-heading\"><span class=\"ez-toc-section\" id=\"Top_07_des_meilleurs_sextoys_connectes\"><\/span>Top 07 de los mejores juguetes sexuales conectados<span class=\"ez-toc-section-end\"><\/span><\/h2>\n\n\n\n<p>Hay muchos juguetes sexuales conectados. Entre esta amplia gama, podemos mencionar :&nbsp;<\/p>\n\n\n\n<ul class=\"wp-block-list\"><li>coro de we-vibe ;<\/li><li>Vibrador de braga We-Vibe Moxie;<\/li><li>clion by KIIROO Vibrador de estimulaci\u00f3n del cl\u00edtoris ;<\/li><li>vibrador de lujo para braguitas controlado por una app ;<\/li><li>Mastubador masculino interactivo KIIROO Onyx+;<\/li><li>we-vibe Pivot Anillo vibrador para el pene controlado por una aplicaci\u00f3n.<\/li><\/ul>\n\n\n\n<p>Estos juguetes sexuales conectados han sido seleccionados por nosotros en base a su calidad, materiales de fabricaci\u00f3n, precio y opiniones de los clientes.&nbsp;<\/p>\n\n\n\n<h3 class=\"wp-block-heading\"><span class=\"ez-toc-section\" id=\"We-Vibe_Chorus\"><\/span>Coro We-Vibe<span class=\"ez-toc-section-end\"><\/span><\/h3>\n\n\n\n<p>Este juguete de We-Vibe se adapta a la forma de la persona que lo lleva, ofreciendo as\u00ed un placer manos libres tanto en interiores como en exteriores. Es resistente al agua y recargable, ofrece 3 velocidades, 7 modos de vibraci\u00f3n y un control remoto de alta tecnolog\u00eda que adapta la intensidad de las vibraciones a tu gusto.&nbsp;<\/p>\n\n\n\n<p>Se conecta con una aplicaci\u00f3n para tel\u00e9fono m\u00f3vil para que tu pareja pueda jugar contigo est\u00e9s donde est\u00e9s. Es lo suficientemente vers\u00e1til como para usarlo durante las relaciones sexuales cuando finalmente os encontr\u00e9is en persona.<\/p>\n\n\n\n<h3 class=\"wp-block-heading\"><span class=\"ez-toc-section\" id=\"Vibrateur_pour_culotte_We-Vibe_Moxie\"><\/span>Vibrador de braga We-Vibe Moxie<span class=\"ez-toc-section-end\"><\/span><\/h3>\n\n\n\n<p>A los fans de Moxie les encanta este popular vibrador port\u00e1til para bragas por su tama\u00f1o discreto. Tiene un im\u00e1n plano del tama\u00f1o de una piedra que permite fijarlo a cualquier prenda interior. Cuenta con 10 modos de vibraci\u00f3n, lo que permite variar los placeres. Viene con un control remoto f\u00e1cil de usar y funciona con la aplicaci\u00f3n We-Connect.<\/p>\n\n\n\n<h3 class=\"wp-block-heading\"><span class=\"ez-toc-section\" id=\"Clion_par_KIIROO_Vibrateur_de_stimulation_du_clitoris\"><\/span>Clion by KIIROO Vibrador para la estimulaci\u00f3n del cl\u00edtoris<span class=\"ez-toc-section-end\"><\/span><\/h3>\n\n\n\n<p>Los juguetes tecnol\u00f3gicos de KIIROO, con sede en \u00c1msterdam, est\u00e1n hechos \u00bbpara el amor en l\u00ednea\u00ab, y este bonito estimulador clitorial resistente al agua es compatible para conectarse con el resto de sus productos.&nbsp;<\/p>\n\n\n\n<p>Como sus mangas para parejas con pene, o su l\u00ednea OhMiBod a trav\u00e9s de su app FeelConnect para IOS y Android, tienen varios gadgets para que las parejas se estimulen mutuamente.&nbsp;<\/p>\n\n\n\n<p>Con unos auriculares de realidad virtual (RV), por ejemplo, las personas tambi\u00e9n pueden utilizar su juguete con contenidos interactivos para adultos.<\/p>\n\n\n\n<h3 class=\"wp-block-heading\"><span class=\"ez-toc-section\" id=\"Vibrateur_pour_culotte_de_luxe_controle_par_une_application\"><\/span>Vibrador de lujo para bragas controlado por una aplicaci\u00f3n<span class=\"ez-toc-section-end\"><\/span><\/h3>\n\n\n\n<p>La entrada de Lovehoney en el mundo de los vibradores para bragas controlados por una aplicaci\u00f3n ha sido objeto de numerosas cr\u00edticas. Este gadget ofrece doce velocidades y ocho patrones. Tambi\u00e9n viene con lencer\u00eda de encaje negro atada con una cinta para alojar el juguete sexual.&nbsp;<\/p>\n\n\n\n<p>Es resistente al agua y puedes utilizar los controles de la aplicaci\u00f3n Desire para divertirte con total libertad o dejar que tu pareja lo haga.<\/p>\n\n\n\n<h3 class=\"wp-block-heading\"><span class=\"ez-toc-section\" id=\"Masturbateur_masculin_interactif_KIIROO_Onyx\"><\/span>Masturbador masculino interactivo KIIROO Onyx+<span class=\"ez-toc-section-end\"><\/span><\/h3>\n\n\n\n<p>Para las parejas que desean reproducir la experiencia del sexo en persona (en la medida en que la realidad puede simularse mediante la tecnolog\u00eda), el Kiiroo Onyx+ es un masturbador muy bien valorado.&nbsp;<\/p>\n\n\n\n<p>Se conecta al Cliona y a otros juguetes Bluetooth de la marca para disfrutar de agradables sesiones de videochat. Con 10 anillos contr\u00e1ctiles en su interior, dispone de tres modos (entre ellos, el \u00abinteractivo\u00bb). Tambi\u00e9n puedes comprar Onyx y Cliona por pares.&nbsp;<\/p>\n\n\n\n<h3 class=\"wp-block-heading\"><span class=\"ez-toc-section\" id=\"We-Vibe_Pivot_Anneau_de_bite_vibrant_controle_par_une_application\"><\/span>We-Vibe Pivot Anillo vibrador para el pene controlado por una aplicaci\u00f3n<span class=\"ez-toc-section-end\"><\/span><\/h3>\n\n\n\n<p>El Pivot es ideal para usar en solitario o durante las relaciones sexuales en persona, ya que ofrece m\u00e1s de 10 opciones de vibraci\u00f3n. Tambi\u00e9n puedes utilizar la aplicaci\u00f3n We-Connect para controlar a distancia las vibraciones del anillo y personalizar tus ajustes memorizando los patrones de vibraci\u00f3n que m\u00e1s te gusten para la pr\u00f3xima vez.<\/p>\n\n\n\n<figure class=\"wp-block-image\"><img decoding=\"async\" src=\"https:\/\/lh6.googleusercontent.com\/1PJPWsqFksXUa8CZiikB6HvhtmgPcfr_RYLMa7pwZJyxLsrxSaDJbFovTA-rW1Km-YCj8CCWQSiIZMxTd712Ut64qxu22GaqlzQ7BEXGh9_U85hIuFy2ieGNDypi12zdvmvOcGHc\" alt=\"\"\/><\/figure>\n\n\n\n<h3 class=\"wp-block-heading\"><span class=\"ez-toc-section\" id=\"Vibrateur_pour_culotte_Vibease\"><\/span>Vibease panty vibrador<span class=\"ez-toc-section-end\"><\/span><\/h3>\n\n\n\n<p>El Vibease es un vibrador para bragas con un toque literario. Se sincroniza con una serie de audiolibros sensuales a trav\u00e9s de una aplicaci\u00f3n. Lo cual es una excelente noticia para los amantes del erotismo. Se puede utilizar solo o con una pareja gracias a la aplicaci\u00f3n que se incluye. Su forma puntiaguda es ideal para muchos usuarios. Adem\u00e1s, el Vibease ofrece 5 modos de vibraci\u00f3n, lo que permite variar los placeres y satisfacer a todo el mundo.<\/p>\n\n\n\n<p><\/p>\n\n\n\n<p><\/p>","protected":false},"excerpt":{"rendered":"<p>Entretenir une relation \u00e0 distance est g\u00e9n\u00e9ralement difficile. Les rapports physiques sont en effet primordiaux pour toute relation de couple. Heureusement,&nbsp; la technologie a permis de cr\u00e9er des jouets sexuels sp\u00e9cialement con\u00e7us pour les aventures \u00e0 distance.&nbsp; Ces sextoys, connect\u00e9s \u00e0 distance via une application, permettent aux couples de continuer \u00e0 s\u2019exciter mutuellement m\u00eame s&rsquo; [&hellip;]<\/p>\n","protected":false},"author":1,"featured_media":612,"parent":0,"menu_order":0,"comment_status":"closed","ping_status":"closed","template":"","meta":{"_acf_changed":false,"_seopress_robots_primary_cat":"","_seopress_titles_title":"","_seopress_titles_desc":"","_seopress_robots_index":"","_uag_custom_page_level_css":"","site-sidebar-layout":"default","site-content-layout":"","ast-site-content-layout":"default","site-content-style":"default","site-sidebar-style":"default","ast-global-header-display":"","ast-banner-title-visibility":"","ast-main-header-display":"","ast-hfb-above-header-display":"","ast-hfb-below-header-display":"","ast-hfb-mobile-header-display":"","site-post-title":"","ast-breadcrumbs-content":"","ast-featured-img":"","footer-sml-layout":"","theme-transparent-header-meta":"","adv-header-id-meta":"","stick-header-meta":"","header-above-stick-meta":"","header-main-stick-meta":"","header-below-stick-meta":"","astra-migrate-meta-layouts":"default","ast-page-background-enabled":"default","ast-page-background-meta":{"desktop":{"background-color":"var(--ast-global-color-4)","background-image":"","background-repeat":"repeat","background-position":"center center","background-size":"auto","background-attachment":"scroll","background-type":"","background-media":"","overlay-type":"","overlay-color":"","overlay-opacity":"","overlay-gradient":""},"tablet":{"background-color":"","background-image":"","background-repeat":"repeat","background-position":"center center","background-size":"auto","background-attachment":"scroll","background-type":"","background-media":"","overlay-type":"","overlay-color":"","overlay-opacity":"","overlay-gradient":""},"mobile":{"background-color":"","background-image":"","background-repeat":"repeat","background-position":"center center","background-size":"auto","background-attachment":"scroll","background-type":"","background-media":"","overlay-type":"","overlay-color":"","overlay-opacity":"","overlay-gradient":""}},"ast-content-background-meta":{"desktop":{"background-color":"var(--ast-global-color-5)","background-image":"","background-repeat":"repeat","background-position":"center center","background-size":"auto","background-attachment":"scroll","background-type":"","background-media":"","overlay-type":"","overlay-color":"","overlay-opacity":"","overlay-gradient":""},"tablet":{"background-color":"var(--ast-global-color-5)","background-image":"","background-repeat":"repeat","background-position":"center center","background-size":"auto","background-attachment":"scroll","background-type":"","background-media":"","overlay-type":"","overlay-color":"","overlay-opacity":"","overlay-gradient":""},"mobile":{"background-color":"var(--ast-global-color-5)","background-image":"","background-repeat":"repeat","background-position":"center center","background-size":"auto","background-attachment":"scroll","background-type":"","background-media":"","overlay-type":"","overlay-color":"","overlay-opacity":"","overlay-gradient":""}},"footnotes":""},"class_list":["post-610","page","type-page","status-publish","has-post-thumbnail","hentry"],"acf":[],"uagb_featured_image_src":{"full":["https:\/\/god-vibro.com\/wp-content\/uploads\/2021\/11\/sextoy-connecte.jpg",850,494,false],"thumbnail":["https:\/\/god-vibro.com\/wp-content\/uploads\/2021\/11\/sextoy-connecte-150x150.jpg",150,150,true],"medium":["https:\/\/god-vibro.com\/wp-content\/uploads\/2021\/11\/sextoy-connecte-300x174.jpg",300,174,true],"medium_large":["https:\/\/god-vibro.com\/wp-content\/uploads\/2021\/11\/sextoy-connecte-768x446.jpg",768,446,true],"large":["https:\/\/god-vibro.com\/wp-content\/uploads\/2021\/11\/sextoy-connecte.jpg",850,494,false],"1536x1536":["https:\/\/god-vibro.com\/wp-content\/uploads\/2021\/11\/sextoy-connecte.jpg",850,494,false],"2048x2048":["https:\/\/god-vibro.com\/wp-content\/uploads\/2021\/11\/sextoy-connecte.jpg",850,494,false],"trp-custom-language-flag":["https:\/\/god-vibro.com\/wp-content\/uploads\/2021\/11\/sextoy-connecte.jpg",18,10,false],"ultp_layout_landscape_large":["https:\/\/god-vibro.com\/wp-content\/uploads\/2021\/11\/sextoy-connecte.jpg",850,494,false],"ultp_layout_landscape":["https:\/\/god-vibro.com\/wp-content\/uploads\/2021\/11\/sextoy-connecte.jpg",850,494,false],"ultp_layout_portrait":["https:\/\/god-vibro.com\/wp-content\/uploads\/2021\/11\/sextoy-connecte.jpg",600,349,false],"ultp_layout_square":["https:\/\/god-vibro.com\/wp-content\/uploads\/2021\/11\/sextoy-connecte.jpg",600,349,false]},"uagb_author_info":{"display_name":"brigitte","author_link":"https:\/\/god-vibro.com\/es_mx\/author\/brigitte"},"uagb_comment_info":0,"uagb_excerpt":"Entretenir une relation \u00e0 distance est g\u00e9n\u00e9ralement difficile. Les rapports physiques sont en effet primordiaux pour toute relation de couple. Heureusement,&nbsp; la technologie a permis de cr\u00e9er des jouets sexuels sp\u00e9cialement con\u00e7us pour les aventures \u00e0 distance.&nbsp; Ces sextoys, connect\u00e9s \u00e0 distance via une application, permettent aux couples de continuer \u00e0 s\u2019exciter mutuellement m\u00eame s&rsquo;&hellip;","_links":{"self":[{"href":"https:\/\/god-vibro.com\/es_mx\/wp-json\/wp\/v2\/pages\/610","targetHints":{"allow":["GET"]}}],"collection":[{"href":"https:\/\/god-vibro.com\/es_mx\/wp-json\/wp\/v2\/pages"}],"about":[{"href":"https:\/\/god-vibro.com\/es_mx\/wp-json\/wp\/v2\/types\/page"}],"author":[{"embeddable":true,"href":"https:\/\/god-vibro.com\/es_mx\/wp-json\/wp\/v2\/users\/1"}],"replies":[{"embeddable":true,"href":"https:\/\/god-vibro.com\/es_mx\/wp-json\/wp\/v2\/comments?post=610"}],"version-history":[{"count":0,"href":"https:\/\/god-vibro.com\/es_mx\/wp-json\/wp\/v2\/pages\/610\/revisions"}],"wp:featuredmedia":[{"embeddable":true,"href":"https:\/\/god-vibro.com\/es_mx\/wp-json\/wp\/v2\/media\/612"}],"wp:attachment":[{"href":"https:\/\/god-vibro.com\/es_mx\/wp-json\/wp\/v2\/media?parent=610"}],"curies":[{"name":"wp","href":"https:\/\/api.w.org\/{rel}","templated":true}]}}