{"id":843,"date":"2021-12-08T00:30:31","date_gmt":"2021-12-08T00:30:31","guid":{"rendered":"https:\/\/god-vibro.com\/?page_id=843"},"modified":"2021-12-08T01:50:43","modified_gmt":"2021-12-08T01:50:43","slug":"choisir-son-premier-sextoy-homme","status":"publish","type":"page","link":"https:\/\/god-vibro.com\/es_ar\/elija-su-primer-hombre-sextoy.html","title":{"rendered":"C\u00f3mo elegir su primer vibrador masculino"},"content":{"rendered":"<p>Al igual que los vibradores para mujeres, los vibradores para hombres tambi\u00e9n tienen sus propias caracter\u00edsticas especiales que afectan a la elecci\u00f3n de cualquier comprador. Si quieres comprar tu primer vibrador, debes tener en cuenta varias cosas, como las sensaciones que quieres, tu experiencia y el dise\u00f1o del aparato.<\/p>\n\n\n\n<div id=\"ez-toc-container\" class=\"ez-toc-v2_0_82_2 counter-hierarchy ez-toc-counter ez-toc-custom ez-toc-container-direction\">\n<div class=\"ez-toc-title-container\">\n<p class=\"ez-toc-title\" style=\"cursor:inherit\">Contenido <\/p>\n<span class=\"ez-toc-title-toggle\"><a href=\"#\" class=\"ez-toc-pull-right ez-toc-btn ez-toc-btn-xs ez-toc-btn-default ez-toc-toggle\" aria-label=\"Tabla de contenidos\"><span class=\"ez-toc-js-icon-con\"><span class=\"\"><span class=\"eztoc-hide\" style=\"display:none;\">Toggle<\/span><span class=\"ez-toc-icon-toggle-span\"><svg style=\"fill: #999;color:#999\" xmlns=\"http:\/\/www.w3.org\/2000\/svg\" class=\"list-377408\" width=\"20px\" height=\"20px\" viewbox=\"0 0 24 24\" fill=\"none\"><path d=\"M6 6H4v2h2V6zm14 0H8v2h12V6zM4 11h2v2H4v-2zm16 0H8v2h12v-2zM4 16h2v2H4v-2zm16 0H8v2h12v-2z\" fill=\"currentColor\"><\/path><\/svg><svg style=\"fill: #999;color:#999\" class=\"arrow-unsorted-368013\" xmlns=\"http:\/\/www.w3.org\/2000\/svg\" width=\"10px\" height=\"10px\" viewbox=\"0 0 24 24\" version=\"1.2\" baseprofile=\"tiny\"><path d=\"M18.2 9.3l-6.2-6.3-6.2 6.3c-.2.2-.3.4-.3.7s.1.5.3.7c.2.2.4.3.7.3h11c.3 0 .5-.1.7-.3.2-.2.3-.5.3-.7s-.1-.5-.3-.7zM5.8 14.7l6.2 6.3 6.2-6.3c.2-.2.3-.5.3-.7s-.1-.5-.3-.7c-.2-.2-.4-.3-.7-.3h-11c-.3 0-.5.1-.7.3-.2.2-.3.5-.3.7s.1.5.3.7z\"\/><\/svg><\/span><\/span><\/span><\/a><\/span><\/div>\n<nav><ul class='ez-toc-list ez-toc-list-level-1 eztoc-toggle-hide-by-default' ><li class='ez-toc-page-1 ez-toc-heading-level-2'><a class=\"ez-toc-link ez-toc-heading-1\" href=\"https:\/\/god-vibro.com\/es_ar\/elija-su-primer-hombre-sextoy.html\/#Les_criteres_de_choix_dun_vibromasseur\" >Criterios para elegir un vibrador&nbsp;<\/a><ul class='ez-toc-list-level-3' ><li class='ez-toc-heading-level-3'><a class=\"ez-toc-link ez-toc-heading-2\" href=\"https:\/\/god-vibro.com\/es_ar\/elija-su-primer-hombre-sextoy.html\/#_Vos_preferences\" >&nbsp;&nbsp;&nbsp;&nbsp;&nbsp;Sus preferencias<\/a><\/li><li class='ez-toc-page-1 ez-toc-heading-level-3'><a class=\"ez-toc-link ez-toc-heading-3\" href=\"https:\/\/god-vibro.com\/es_ar\/elija-su-primer-hombre-sextoy.html\/#_Votre_experience\" >&nbsp;&nbsp;&nbsp;&nbsp;Su experiencia<\/a><\/li><li class='ez-toc-page-1 ez-toc-heading-level-3'><a class=\"ez-toc-link ez-toc-heading-4\" href=\"https:\/\/god-vibro.com\/es_ar\/elija-su-primer-hombre-sextoy.html\/#_Les_materiaux_et_la_texture\" >&nbsp;&nbsp;Materiales y textura<\/a><\/li><li class='ez-toc-page-1 ez-toc-heading-level-3'><a class=\"ez-toc-link ez-toc-heading-5\" href=\"https:\/\/god-vibro.com\/es_ar\/elija-su-primer-hombre-sextoy.html\/#_Le_design\" >&nbsp;&nbsp;El dise\u00f1o&nbsp;<\/a><\/li><li class='ez-toc-page-1 ez-toc-heading-level-3'><a class=\"ez-toc-link ez-toc-heading-6\" href=\"https:\/\/god-vibro.com\/es_ar\/elija-su-primer-hombre-sextoy.html\/#_Lintensite_des_vibrations\" >&nbsp;&nbsp;La intensidad de las vibraciones<\/a><\/li><li class='ez-toc-page-1 ez-toc-heading-level-3'><a class=\"ez-toc-link ez-toc-heading-7\" href=\"https:\/\/god-vibro.com\/es_ar\/elija-su-primer-hombre-sextoy.html\/#_Le_prix\" >&nbsp;&nbsp;&nbsp;El precio<\/a><\/li><\/ul><\/li><li class='ez-toc-page-1 ez-toc-heading-level-2'><a class=\"ez-toc-link ez-toc-heading-8\" href=\"https:\/\/god-vibro.com\/es_ar\/elija-su-primer-hombre-sextoy.html\/#Les_avantages_de_lutilisation_dun_vibromasseur\" >Los beneficios de usar un vibrador&nbsp;<\/a><ul class='ez-toc-list-level-3' ><li class='ez-toc-heading-level-3'><a class=\"ez-toc-link ez-toc-heading-9\" href=\"https:\/\/god-vibro.com\/es_ar\/elija-su-primer-hombre-sextoy.html\/#_Se_procurer_du_plaisir_soi_meme\" >&nbsp;&nbsp;Conseguir el placer para uno mismo&nbsp;<\/a><\/li><li class='ez-toc-page-1 ez-toc-heading-level-3'><a class=\"ez-toc-link ez-toc-heading-10\" href=\"https:\/\/god-vibro.com\/es_ar\/elija-su-primer-hombre-sextoy.html\/#_Allez_a_la_decouverte_de_nouvelles_sensations\" >&nbsp;&nbsp;Descubra nuevas sensaciones&nbsp;<\/a><\/li><\/ul><\/li><li class='ez-toc-page-1 ez-toc-heading-level-2'><a class=\"ez-toc-link ez-toc-heading-11\" href=\"https:\/\/god-vibro.com\/es_ar\/elija-su-primer-hombre-sextoy.html\/#Quelques_meilleurs_vibromasseurs_pour_homme\" >Algunos de los mejores vibradores para hombres<\/a><ul class='ez-toc-list-level-3' ><li class='ez-toc-heading-level-3'><a class=\"ez-toc-link ez-toc-heading-12\" href=\"https:\/\/god-vibro.com\/es_ar\/elija-su-primer-hombre-sextoy.html\/#Legg_tenga\" >El huevo tenga&nbsp;<\/a><\/li><li class='ez-toc-page-1 ez-toc-heading-level-3'><a class=\"ez-toc-link ez-toc-heading-13\" href=\"https:\/\/god-vibro.com\/es_ar\/elija-su-primer-hombre-sextoy.html\/#Le_double_anneau_vibrant\" >El doble anillo vibratorio&nbsp;<\/a><\/li><li class='ez-toc-page-1 ez-toc-heading-level-3'><a class=\"ez-toc-link ez-toc-heading-14\" href=\"https:\/\/god-vibro.com\/es_ar\/elija-su-primer-hombre-sextoy.html\/#Les_anneaux_ou_cockrings\" >Anillos o anillos para el pene<\/a><\/li><li class='ez-toc-page-1 ez-toc-heading-level-3'><a class=\"ez-toc-link ez-toc-heading-15\" href=\"https:\/\/god-vibro.com\/es_ar\/elija-su-primer-hombre-sextoy.html\/#Les_vibromasseurs_plugs_et_chapelets\" >Tapones vibradores y rosarios&nbsp;<\/a><\/li><li class='ez-toc-page-1 ez-toc-heading-level-3'><a class=\"ez-toc-link ez-toc-heading-16\" href=\"https:\/\/god-vibro.com\/es_ar\/elija-su-primer-hombre-sextoy.html\/#Les_gaines_ou_masturbateurs\" >Vainas o masturbadores&nbsp;<\/a><\/li><li class='ez-toc-page-1 ez-toc-heading-level-3'><a class=\"ez-toc-link ez-toc-heading-17\" href=\"https:\/\/god-vibro.com\/es_ar\/elija-su-primer-hombre-sextoy.html\/#Le_masturbateur_play_Tr_myhixel\" >El juego Tr myhixel masturbador&nbsp;<\/a><\/li><\/ul><\/li><\/ul><\/nav><\/div>\n<h2 class=\"wp-block-heading\"><span class=\"ez-toc-section\" id=\"Les_criteres_de_choix_dun_vibromasseur\"><\/span>Criterios para elegir un vibrador&nbsp;<span class=\"ez-toc-section-end\"><\/span><\/h2>\n\n\n\n<p>Hay varios criterios para elegir un vibrador de calidad. Especialmente si es tu primer sextoy, debes tener en cuenta :<\/p>\n\n\n\n<ul class=\"wp-block-list\"><li>sus preferencias sexuales ;<\/li><li>su experiencia en cuanto al uso de sextoys;<\/li><li>el material y la textura del objeto;<\/li><li>la intensidad de las vibraciones ;<\/li><li>su dise\u00f1o ;<\/li><li>su precio.<\/li><\/ul>\n\n\n\n<p>Comprar un sextoy barato es tentador para probarlo, pero no conseguir\u00e1s las sensaciones que buscas si la calidad no est\u00e1 ah\u00ed.<\/p>\n\n\n\n<h3 class=\"wp-block-heading\"><span class=\"ez-toc-section\" id=\"_Vos_preferences\"><\/span>&nbsp;&nbsp;&nbsp;&nbsp;&nbsp;Sus preferencias<span class=\"ez-toc-section-end\"><\/span><\/h3>\n\n\n\n<p>\u00bfTe gusta un co\u00f1o apretado o un co\u00f1o profundo? \u00bfBuscas un masturbador? \u00bfO prefieres la penetraci\u00f3n anal? Hay varios tipos de vibradores con diferentes formas y sensaciones. Para hacer la elecci\u00f3n correcta, debe tener en cuenta sus deseos. Si masajear su falo le vuelve loco, elija un vibrador de masaje. Si, por el contrario, la penetraci\u00f3n te permite llegar al orgasmo, opta por un plug anal. Si todav\u00eda te cuesta decidirte, elige un juguete vers\u00e1til.<\/p>\n\n\n\n<h3 class=\"wp-block-heading\"><span class=\"ez-toc-section\" id=\"_Votre_experience\"><\/span>&nbsp;&nbsp;&nbsp;&nbsp;Su experiencia<span class=\"ez-toc-section-end\"><\/span><\/h3>\n\n\n\n<p>El uso correcto de un vibrador requiere experiencia. Tanto en lo que se refiere a conocer su cuerpo como a dominar el aparato. Algunos vibradores tienen caracter\u00edsticas b\u00e1sicas, por lo que son f\u00e1ciles de usar pero bastante limitados. Si tienes m\u00e1s experiencia, deber\u00edas considerar un vibrador con caracter\u00edsticas avanzadas. Tras unas cuantas sesiones de prueba, conseguir\u00e1s el placer esperado.<\/p>\n\n\n\n<figure class=\"wp-block-image\"><img decoding=\"async\" src=\"https:\/\/lh4.googleusercontent.com\/izLYUsA_ztxcEcdpY8CgcnzhTR0LLP3tlVfcro2235LDDiUQKKgf996YcEhV7OrLvlu6ADdWAAyPlGD6jj-j__sDBu1QG4OKna-ABF-WQqKcia2l_3M9OjFPqg1ATE4Evnd9HBuU\" alt=\"\"\/><\/figure>\n\n\n\n<h3 class=\"wp-block-heading\"><span class=\"ez-toc-section\" id=\"_Les_materiaux_et_la_texture\"><\/span>&nbsp;&nbsp;Materiales y textura<span class=\"ez-toc-section-end\"><\/span><\/h3>\n\n\n\n<p>No se puede comprar un objeto sin conocer primero el material del que est\u00e1 hecho. Por eso es importante conocer los diferentes materiales con los que se fabrica un sextoy. Hay juguetes sexuales hechos de :&nbsp;<\/p>\n\n\n\n<ul class=\"wp-block-list\"><li>silicona ;<\/li><li>pl\u00e1stico duro ;<\/li><li>acero inoxidable ;<\/li><li>biolaina ;<\/li><li>metal ;<\/li><li>etc.<\/li><\/ul>\n\n\n\n<p>Elija materiales que cumplan la legislaci\u00f3n. Puedes optar por un sextoy de silicona. Es un material muy bueno. Adem\u00e1s, no es poroso y es muy f\u00e1cil de mantener.<\/p>\n\n\n\n<p>Evita los juguetes sexuales que contengan ftalatos. Este material es peligroso para la salud.&nbsp;<\/p>\n\n\n\n<p>Tambi\u00e9n puede elegir vibradores de biosalud, de acero inoxidable. Para una sensaci\u00f3n de fr\u00edo, puedes elegir un sextoy de metal.&nbsp;<\/p>\n\n\n\n<p>Tambi\u00e9n hay juguetes sexuales de pl\u00e1stico que se recomiendan. Elija seg\u00fan sus preferencias. Para llegar al orgasmo, elige un juguete sexual con crestas o baches.&nbsp;<\/p>\n\n\n\n<h3 class=\"wp-block-heading\"><span class=\"ez-toc-section\" id=\"_Le_design\"><\/span>&nbsp;&nbsp;El dise\u00f1o&nbsp;<span class=\"ez-toc-section-end\"><\/span><\/h3>\n\n\n\n<p>Es obvio que hay que elegir un juguete que te atraiga con s\u00f3lo mirarlo. Por supuesto que esto es importante, pero no por ello vas a elegir todo sin preocuparte de su funcionalidad. Centrarse en la est\u00e9tica y tambi\u00e9n en el rendimiento.&nbsp;<\/p>\n\n\n\n<h3 class=\"wp-block-heading\"><span class=\"ez-toc-section\" id=\"_Lintensite_des_vibrations\"><\/span>&nbsp;&nbsp;La intensidad de las vibraciones<span class=\"ez-toc-section-end\"><\/span><\/h3>\n\n\n\n<p>Elegir la intensidad de las vibraciones al comprar un sextoy es complicado. Sin embargo, no es tan dif\u00edcil. S\u00f3lo tienes que tener en cuenta c\u00f3mo te gusta hacer el amor. Sin embargo, hay varios tipos de vibradores con diferentes intensidades. Elige juguetes sexuales multifuncionales. De este modo, puede ajustar la intensidad de las vibraciones a voluntad.&nbsp;<\/p>\n\n\n\n<h3 class=\"wp-block-heading\"><span class=\"ez-toc-section\" id=\"_Le_prix\"><\/span>&nbsp;&nbsp;&nbsp;El precio<span class=\"ez-toc-section-end\"><\/span><\/h3>\n\n\n\n<p>Le prix d\u2019un vibromasseur de qualit\u00e9 varie. Il n&rsquo;a pas de prix standard. Vous pourrez trouver des vibromasseurs \u00e0 20 euros, comme \u00e0 200 euros. Pour vous procurer par exemple le Lelo Fs1, vous devrez d\u00e9bourser 169 euros. C\u2019est pourquoi vous devez pr\u00e9voir un budget en cons\u00e9quence.&nbsp;<\/p>\n\n\n\n<figure class=\"wp-block-image\"><img decoding=\"async\" src=\"https:\/\/lh5.googleusercontent.com\/FaZ00KZSlf4PJIN0elpH22iPY1qhrFRdoRkzIO1-2mUaXoqA4OHUpSsFYYlBNQVurTSY2UbFvDm1kaLOxomfxQh_c6DJvl-pZJ6uWB-SHYPMwFT8gfzFIe58Bwv9iTrCRILz7HsL\" alt=\"\"\/><\/figure>\n\n\n\n<h2 class=\"wp-block-heading\"><span class=\"ez-toc-section\" id=\"Les_avantages_de_lutilisation_dun_vibromasseur\"><\/span>Los beneficios de usar un vibrador&nbsp;<span class=\"ez-toc-section-end\"><\/span><\/h2>\n\n\n\n<p>Hay dos razones principales por las que la mayor\u00eda de las personas compran un vibrador: para darse placer y para descubrir nuevas sensaciones.<\/p>\n\n\n\n<h3 class=\"wp-block-heading\"><span class=\"ez-toc-section\" id=\"_Se_procurer_du_plaisir_soi_meme\"><\/span>&nbsp;&nbsp;Conseguir el placer para uno mismo&nbsp;<span class=\"ez-toc-section-end\"><\/span><\/h3>\n\n\n\n<p>Si est\u00e1s soltero o tienes problemas para acercarte a las mujeres, probablemente vas a darte placer a ti mismo. De ah\u00ed la ventaja de un vibrador.&nbsp;<\/p>\n\n\n\n<p>El vibrador te permite masturbarte y llegar al orgasmo sin necesidad de una pareja sexual. Puedes utilizar todo tipo de posiciones. Si eres rico, tambi\u00e9n puedes comprar una mu\u00f1eca sexual. Tus deseos ser\u00e1n \u00f3rdenes y te sentir\u00e1s el rey del mundo en ese momento.<\/p>\n\n\n\n<h3 class=\"wp-block-heading\"><span class=\"ez-toc-section\" id=\"_Allez_a_la_decouverte_de_nouvelles_sensations\"><\/span>&nbsp;&nbsp;Descubra nuevas sensaciones&nbsp;<span class=\"ez-toc-section-end\"><\/span><\/h3>\n\n\n\n<p>Los vibradores tienen la ventaja de aumentar su nivel de excitaci\u00f3n. Tambi\u00e9n permiten alcanzar un orgasmo prost\u00e1tico. Lo mejor de todo es que aumentan el tama\u00f1o de tu sexo.&nbsp;<\/p>\n\n\n\n<p>La intensidad de la penetraci\u00f3n tambi\u00e9n se consigue con un anillo vibratorio. Si eres un sadomasoquista, tambi\u00e9n puedes atarte para alcanzar otro nivel de excitaci\u00f3n. Puedes hacer el amor con tu mu\u00f1eca sexual tantas veces como quieras. Gracias al cockring, la eyaculaci\u00f3n puede retrasarse.<\/p>\n\n\n\n<h2 class=\"wp-block-heading\"><span class=\"ez-toc-section\" id=\"Quelques_meilleurs_vibromasseurs_pour_homme\"><\/span>Algunos de los mejores vibradores para hombres<span class=\"ez-toc-section-end\"><\/span><\/h2>\n\n\n\n<p>Hay varios tipos de vibradores para hombres. Dentro de esta amplia gama, hay varios tipos:<\/p>\n\n\n\n<ul class=\"wp-block-list\"><li>vainas o masturbadores ;<\/li><li>anillos o anillos para el pene ;<\/li><li>tapones vibradores y rosarios ;<\/li><li>juegos de bondage ;&nbsp;<\/li><li>estimulador de pr\u00f3stata ;<\/li><li>etc.<\/li><\/ul>\n\n\n\n<h3 class=\"wp-block-heading\"><span class=\"ez-toc-section\" id=\"Legg_tenga\"><\/span>El huevo tenga&nbsp;<span class=\"ez-toc-section-end\"><\/span><\/h3>\n\n\n\n<p>Este es el sextoy m\u00e1s popular entre los hombres. Tiene forma de huevo. Gracias a esta forma, proporciona un placer intenso. Tambi\u00e9n se adapta al tama\u00f1o de su pene. Su textura es comparable a la de una vagina real. Se vende a 9,95 euros.\u00a0<\/p>\n\n\n\n<h3 class=\"wp-block-heading\"><span class=\"ez-toc-section\" id=\"Le_double_anneau_vibrant\"><\/span>El doble anillo vibratorio&nbsp;<span class=\"ez-toc-section-end\"><\/span><\/h3>\n\n\n\n<p>Este es un vibrador unisex. Puedes usarlo solo o con tu pareja.  Es muy f\u00e1cil de poner y funciona con una bater\u00eda. Te da una sensaci\u00f3n intensa. Pru\u00e9belo y seguro que quedar\u00e1 satisfecho.&nbsp;<\/p>\n\n\n\n<h3 class=\"wp-block-heading\"><span class=\"ez-toc-section\" id=\"Les_anneaux_ou_cockrings\"><\/span>Anillos o anillos para el pene<span class=\"ez-toc-section-end\"><\/span><\/h3>\n\n\n\n<p>Hay dos tipos de anillos para el pene. Puede encontrar anillos dobles o simples. El anillo \u00fanico se coloca alrededor del pene. Vibran y te dan una fuerte sensaci\u00f3n en el pene. Su erecci\u00f3n es muy firme y dura. Si elige el anillo doble, el segundo anillo se envuelve alrededor de los dos test\u00edculos. La sensaci\u00f3n es a\u00fan m\u00e1s intensa.&nbsp;<\/p>\n\n\n\n<h3 class=\"wp-block-heading\"><span class=\"ez-toc-section\" id=\"Les_vibromasseurs_plugs_et_chapelets\"><\/span>Tapones vibradores y rosarios&nbsp;<span class=\"ez-toc-section-end\"><\/span><\/h3>\n\n\n\n<p>Este sextoy permite estimular el punto P. Al contrario de lo que la mayor\u00eda de la gente piensa, este vibrador no es s\u00f3lo para gays. Tambi\u00e9n puedes probarlo aunque seas heterosexual. Recomendado para la sodom\u00eda, este plug anal es un excelente juguete sexual. Tambi\u00e9n estimula la pr\u00f3stata si se utiliza correctamente. Puedes conseguirlo a un precio asequible.&nbsp;<\/p>\n\n\n\n<h3 class=\"wp-block-heading\"><span class=\"ez-toc-section\" id=\"Les_gaines_ou_masturbateurs\"><\/span>Vainas o masturbadores&nbsp;<span class=\"ez-toc-section-end\"><\/span><\/h3>\n\n\n\n<p>Este modelo de sextoy es uno de los mejores vibradores para hombres. Encontrar\u00e1 las fundas en varios modelos y tipos. Hay vainas&nbsp;<\/p>\n\n\n\n<ul class=\"wp-block-list\"><li>manual ;<\/li><li>autom\u00e1tico ;<\/li><li>calentado ;<\/li><li>vibrando.<\/li><\/ul>\n\n\n\n<p>La textura hace que te sientas como si estuvieras teniendo sexo. Las vainas manuales son m\u00e1s baratas que las autom\u00e1ticas. Los autom\u00e1ticos te llevan al siglo VII.<\/p>\n\n\n\n<figure class=\"wp-block-image\"><img decoding=\"async\" src=\"https:\/\/lh4.googleusercontent.com\/yYnDE_BkrsudZm358Uwv-UKkKixdmRUvC_JHf7PGAcw0HVRaUkIj1wxwDeGkQrME3n0bzduaE_JcQ8oQDBQmTBzuws5_hgZ9x1se8u9q0mr_jp2h20PADMFIUuNmXqEXj8uPu-BP\" alt=\"\"\/><\/figure>\n\n\n\n<h3 class=\"wp-block-heading\"><span class=\"ez-toc-section\" id=\"Le_masturbateur_play_Tr_myhixel\"><\/span>El juego Tr myhixel masturbador&nbsp;<span class=\"ez-toc-section-end\"><\/span><\/h3>\n\n\n\n<p>Ce sextoy peut \u00eatre utilis\u00e9 seul ou \u00e0 deux. Il permet de retenir l&rsquo;\u00e9jaculation le plus longtemps possible. Gr\u00e2ce \u00e0 sa fonction chauffante, il procure une sensation de douceur et de plaisir. Il est dot\u00e9 d\u2019une batterie rechargeable gr\u00e2ce \u00e0 un fil USB.&nbsp;<\/p>","protected":false},"excerpt":{"rendered":"<p>A L\u2019instar des vibromasseurs pour femmes, les vibromasseurs pour hommes rec\u00e8lent \u00e9galement des sp\u00e9cificit\u00e9s qui conditionnent le choix de tout acheteur. Si vous d\u00e9sirez acqu\u00e9rir votre premier vibromasseur, vous devez tenir compte de certains \u00e9l\u00e9ments.Il s\u2019agit entre autres des sensations recherch\u00e9es, de votre exp\u00e9rience ou encore du design de l\u2019objet. Les crit\u00e8res de choix d\u2019un [&hellip;]<\/p>\n","protected":false},"author":1,"featured_media":0,"parent":0,"menu_order":0,"comment_status":"closed","ping_status":"closed","template":"","meta":{"_acf_changed":false,"_seopress_robots_primary_cat":"","_seopress_titles_title":"","_seopress_titles_desc":"","_seopress_robots_index":"","_uag_custom_page_level_css":"","site-sidebar-layout":"default","site-content-layout":"","ast-site-content-layout":"default","site-content-style":"default","site-sidebar-style":"default","ast-global-header-display":"","ast-banner-title-visibility":"","ast-main-header-display":"","ast-hfb-above-header-display":"","ast-hfb-below-header-display":"","ast-hfb-mobile-header-display":"","site-post-title":"","ast-breadcrumbs-content":"","ast-featured-img":"","footer-sml-layout":"","theme-transparent-header-meta":"","adv-header-id-meta":"","stick-header-meta":"","header-above-stick-meta":"","header-main-stick-meta":"","header-below-stick-meta":"","astra-migrate-meta-layouts":"default","ast-page-background-enabled":"default","ast-page-background-meta":{"desktop":{"background-color":"var(--ast-global-color-4)","background-image":"","background-repeat":"repeat","background-position":"center center","background-size":"auto","background-attachment":"scroll","background-type":"","background-media":"","overlay-type":"","overlay-color":"","overlay-opacity":"","overlay-gradient":""},"tablet":{"background-color":"","background-image":"","background-repeat":"repeat","background-position":"center center","background-size":"auto","background-attachment":"scroll","background-type":"","background-media":"","overlay-type":"","overlay-color":"","overlay-opacity":"","overlay-gradient":""},"mobile":{"background-color":"","background-image":"","background-repeat":"repeat","background-position":"center center","background-size":"auto","background-attachment":"scroll","background-type":"","background-media":"","overlay-type":"","overlay-color":"","overlay-opacity":"","overlay-gradient":""}},"ast-content-background-meta":{"desktop":{"background-color":"var(--ast-global-color-5)","background-image":"","background-repeat":"repeat","background-position":"center center","background-size":"auto","background-attachment":"scroll","background-type":"","background-media":"","overlay-type":"","overlay-color":"","overlay-opacity":"","overlay-gradient":""},"tablet":{"background-color":"var(--ast-global-color-5)","background-image":"","background-repeat":"repeat","background-position":"center center","background-size":"auto","background-attachment":"scroll","background-type":"","background-media":"","overlay-type":"","overlay-color":"","overlay-opacity":"","overlay-gradient":""},"mobile":{"background-color":"var(--ast-global-color-5)","background-image":"","background-repeat":"repeat","background-position":"center center","background-size":"auto","background-attachment":"scroll","background-type":"","background-media":"","overlay-type":"","overlay-color":"","overlay-opacity":"","overlay-gradient":""}},"footnotes":""},"class_list":["post-843","page","type-page","status-publish","hentry"],"acf":[],"uagb_featured_image_src":{"full":false,"thumbnail":false,"medium":false,"medium_large":false,"large":false,"1536x1536":false,"2048x2048":false,"trp-custom-language-flag":false,"ultp_layout_landscape_large":false,"ultp_layout_landscape":false,"ultp_layout_portrait":false,"ultp_layout_square":false},"uagb_author_info":{"display_name":"brigitte","author_link":"https:\/\/god-vibro.com\/es_ar\/author\/brigitte"},"uagb_comment_info":0,"uagb_excerpt":"A L\u2019instar des vibromasseurs pour femmes, les vibromasseurs pour hommes rec\u00e8lent \u00e9galement des sp\u00e9cificit\u00e9s qui conditionnent le choix de tout acheteur. Si vous d\u00e9sirez acqu\u00e9rir votre premier vibromasseur, vous devez tenir compte de certains \u00e9l\u00e9ments.Il s\u2019agit entre autres des sensations recherch\u00e9es, de votre exp\u00e9rience ou encore du design de l\u2019objet. Les crit\u00e8res de choix d\u2019un&hellip;","_links":{"self":[{"href":"https:\/\/god-vibro.com\/es_ar\/wp-json\/wp\/v2\/pages\/843","targetHints":{"allow":["GET"]}}],"collection":[{"href":"https:\/\/god-vibro.com\/es_ar\/wp-json\/wp\/v2\/pages"}],"about":[{"href":"https:\/\/god-vibro.com\/es_ar\/wp-json\/wp\/v2\/types\/page"}],"author":[{"embeddable":true,"href":"https:\/\/god-vibro.com\/es_ar\/wp-json\/wp\/v2\/users\/1"}],"replies":[{"embeddable":true,"href":"https:\/\/god-vibro.com\/es_ar\/wp-json\/wp\/v2\/comments?post=843"}],"version-history":[{"count":0,"href":"https:\/\/god-vibro.com\/es_ar\/wp-json\/wp\/v2\/pages\/843\/revisions"}],"wp:attachment":[{"href":"https:\/\/god-vibro.com\/es_ar\/wp-json\/wp\/v2\/media?parent=843"}],"curies":[{"name":"wp","href":"https:\/\/api.w.org\/{rel}","templated":true}]}}