{"id":570,"date":"2021-11-23T00:29:56","date_gmt":"2021-11-23T00:29:56","guid":{"rendered":"https:\/\/god-vibro.com\/?page_id=570"},"modified":"2021-12-08T01:50:43","modified_gmt":"2021-12-08T01:50:43","slug":"comment-choisir-son-premier-vibromasseur-pour-femme","status":"publish","type":"page","link":"https:\/\/god-vibro.com\/es_ar\/como-elegir-su-primer-vibrador-femenino.html","title":{"rendered":"C\u00f3mo elegir tu primer vibrador femenino"},"content":{"rendered":"<p>Antes de comprar un vibrador, es importante comprobar ciertos par\u00e1metros que pueden garantizar la calidad del equipo. Tanto los vibradores masculinos como los femeninos tienen sus propias caracter\u00edsticas espec\u00edficas.<\/p>\n\n\n\n<p>A la hora de elegir un vibrador para mujeres, hay que tener en cuenta aspectos como el dise\u00f1o, el tama\u00f1o y la textura.<\/p>\n\n\n\n<div id=\"ez-toc-container\" class=\"ez-toc-v2_0_82_2 counter-hierarchy ez-toc-counter ez-toc-custom ez-toc-container-direction\">\n<div class=\"ez-toc-title-container\">\n<p class=\"ez-toc-title\" style=\"cursor:inherit\">Contenido <\/p>\n<span class=\"ez-toc-title-toggle\"><a href=\"#\" class=\"ez-toc-pull-right ez-toc-btn ez-toc-btn-xs ez-toc-btn-default ez-toc-toggle\" aria-label=\"Tabla de contenidos\"><span class=\"ez-toc-js-icon-con\"><span class=\"\"><span class=\"eztoc-hide\" style=\"display:none;\">Toggle<\/span><span class=\"ez-toc-icon-toggle-span\"><svg style=\"fill: #999;color:#999\" xmlns=\"http:\/\/www.w3.org\/2000\/svg\" class=\"list-377408\" width=\"20px\" height=\"20px\" viewbox=\"0 0 24 24\" fill=\"none\"><path d=\"M6 6H4v2h2V6zm14 0H8v2h12V6zM4 11h2v2H4v-2zm16 0H8v2h12v-2zM4 16h2v2H4v-2zm16 0H8v2h12v-2z\" fill=\"currentColor\"><\/path><\/svg><svg style=\"fill: #999;color:#999\" class=\"arrow-unsorted-368013\" xmlns=\"http:\/\/www.w3.org\/2000\/svg\" width=\"10px\" height=\"10px\" viewbox=\"0 0 24 24\" version=\"1.2\" baseprofile=\"tiny\"><path d=\"M18.2 9.3l-6.2-6.3-6.2 6.3c-.2.2-.3.4-.3.7s.1.5.3.7c.2.2.4.3.7.3h11c.3 0 .5-.1.7-.3.2-.2.3-.5.3-.7s-.1-.5-.3-.7zM5.8 14.7l6.2 6.3 6.2-6.3c.2-.2.3-.5.3-.7s-.1-.5-.3-.7c-.2-.2-.4-.3-.7-.3h-11c-.3 0-.5.1-.7.3-.2.2-.3.5-.3.7s.1.5.3.7z\"\/><\/svg><\/span><\/span><\/span><\/a><\/span><\/div>\n<nav><ul class='ez-toc-list ez-toc-list-level-1 eztoc-toggle-hide-by-default' ><li class='ez-toc-page-1 ez-toc-heading-level-2'><a class=\"ez-toc-link ez-toc-heading-1\" href=\"https:\/\/god-vibro.com\/es_ar\/como-elegir-su-primer-vibrador-femenino.html\/#Les_criteres_de_choix_dun_vibromasseur\" >Criterios para elegir un vibrador&nbsp;<\/a><ul class='ez-toc-list-level-3' ><li class='ez-toc-heading-level-3'><a class=\"ez-toc-link ez-toc-heading-2\" href=\"https:\/\/god-vibro.com\/es_ar\/como-elegir-su-primer-vibrador-femenino.html\/#La_taille\" >El tama\u00f1o<\/a><\/li><li class='ez-toc-page-1 ez-toc-heading-level-3'><a class=\"ez-toc-link ez-toc-heading-3\" href=\"https:\/\/god-vibro.com\/es_ar\/como-elegir-su-primer-vibrador-femenino.html\/#La_forme_et_la_sensation\" >Forma y tacto<\/a><\/li><li class='ez-toc-page-1 ez-toc-heading-level-3'><a class=\"ez-toc-link ez-toc-heading-4\" href=\"https:\/\/god-vibro.com\/es_ar\/como-elegir-su-primer-vibrador-femenino.html\/#Les_materiaux_et_la_texture\" >Materiales y textura<\/a><\/li><\/ul><\/li><li class='ez-toc-page-1 ez-toc-heading-level-2'><a class=\"ez-toc-link ez-toc-heading-5\" href=\"https:\/\/god-vibro.com\/es_ar\/como-elegir-su-primer-vibrador-femenino.html\/#Quelques_exemples_de_premier_sextoy\" >Algunos ejemplos del primer sextoy<\/a><ul class='ez-toc-list-level-3' ><li class='ez-toc-heading-level-3'><a class=\"ez-toc-link ez-toc-heading-6\" href=\"https:\/\/god-vibro.com\/es_ar\/como-elegir-su-primer-vibrador-femenino.html\/#Le_design\" >El dise\u00f1o&nbsp;<\/a><\/li><li class='ez-toc-page-1 ez-toc-heading-level-3'><a class=\"ez-toc-link ez-toc-heading-7\" href=\"https:\/\/god-vibro.com\/es_ar\/como-elegir-su-primer-vibrador-femenino.html\/#Lintensite_des_vibrations\" >La intensidad de las vibraciones&nbsp;<\/a><\/li><li class='ez-toc-page-1 ez-toc-heading-level-3'><a class=\"ez-toc-link ez-toc-heading-8\" href=\"https:\/\/god-vibro.com\/es_ar\/como-elegir-su-primer-vibrador-femenino.html\/#Les_gadgets_et_accessoires\" >Aparatos y accesorios<\/a><\/li><li class='ez-toc-page-1 ez-toc-heading-level-3'><a class=\"ez-toc-link ez-toc-heading-9\" href=\"https:\/\/god-vibro.com\/es_ar\/como-elegir-su-primer-vibrador-femenino.html\/#Le_prix\" >El precio<\/a><\/li><\/ul><\/li><li class='ez-toc-page-1 ez-toc-heading-level-2'><a class=\"ez-toc-link ez-toc-heading-10\" href=\"https:\/\/god-vibro.com\/es_ar\/como-elegir-su-primer-vibrador-femenino.html\/#Les_avantages_de_lutilisation_dun_vibromasseur\" >Los beneficios de usar un vibrador&nbsp;<\/a><\/li><\/ul><\/nav><\/div>\n<h2 class=\"wp-block-heading\"><span class=\"ez-toc-section\" id=\"Les_criteres_de_choix_dun_vibromasseur\"><\/span>Criterios para elegir un vibrador&nbsp;<span class=\"ez-toc-section-end\"><\/span><\/h2>\n\n\n\n<p>A la hora de comprar su primer vibrador, hay algunas cosas que debe tener en cuenta. Estos son:<\/p>\n\n\n\n<ul class=\"wp-block-list\"><li>tama\u00f1o ;<\/li><li>forma y tacto ;<\/li><li>materiales y textura ;<\/li><li>la intensidad de las vibraciones ;<\/li><li>dise\u00f1o.<\/li><\/ul>\n\n\n\n<p>Tambi\u00e9n debes tener en cuenta los aparatos y el precio del vibrador.&nbsp;<\/p>\n\n\n\n<h3 class=\"wp-block-heading\"><span class=\"ez-toc-section\" id=\"La_taille\"><\/span>El tama\u00f1o<span class=\"ez-toc-section-end\"><\/span><\/h3>\n\n\n\n<p>Los vibradores vienen en diferentes tama\u00f1os. Es f\u00e1cil equivocarse en la primera compra.<\/p>\n\n\n\n<p>Piensa en lo que m\u00e1s te gusta cuando te masturbas y tienes relaciones sexuales. Si te das placer con un dedo, un vibrador grande o con forma de pene puede resultar demasiado potente o estimular demasiadas zonas a la vez. Tambi\u00e9n puedes comprar el m\u00e1s grande si tu pareja sexual est\u00e1 bien dotada.&nbsp;<\/p>\n\n\n\n<h3 class=\"wp-block-heading\"><span class=\"ez-toc-section\" id=\"La_forme_et_la_sensation\"><\/span>Forma y tacto<span class=\"ez-toc-section-end\"><\/span><\/h3>\n\n\n\n<p>Una vez que haya determinado el tama\u00f1o, tambi\u00e9n debe considerar la sensaci\u00f3n. Tienes que centrarte en c\u00f3mo quieres que se sienta un vibrador. S\u00f3lo as\u00ed podr\u00e1 encontrar la mejor forma de vibrador. La gente tiende a buscar cinco tipos de sensaciones. Estas son las sensaciones&nbsp;<\/p>\n\n\n\n<ul class=\"wp-block-list\"><li>interno ;<\/li><li>cl\u00edtoris ;<\/li><li>combinado interno-clitoral ;<\/li><li>anal y ;<\/li><li>doble penetraci\u00f3n (vaginal + anal).&nbsp;<\/li><\/ul>\n\n\n\n<p>Los cerebros detr\u00e1s de los vibradores saben que el placer proviene de muchos lugares, por lo que han creado montones de juguetes con formas \u00fanicas que se adaptan a tus necesidades.<\/p>\n\n\n\n<p>Si no est\u00e1s segura de qu\u00e9 es lo que m\u00e1s te conviene, t\u00f3mate un minuto para pensar en c\u00f3mo te diviertes.&nbsp;<\/p>\n\n\n\n<p>\u00bfTe gustan las sensaciones intensas y localizadas? \u00bfDisfrutas de la misma manera cada vez, o necesitas un objeto que pueda funcionar de diferentes maneras?<\/p>\n\n\n\n<p>Debes tener en cuenta qu\u00e9 es lo que m\u00e1s te estimula a la hora de buscar tu sextoy. Si no sabe realmente qu\u00e9 buscar, se recomienda un juguete interno.&nbsp;<\/p>\n\n\n\n<h3 class=\"wp-block-heading\"><span class=\"ez-toc-section\" id=\"Les_materiaux_et_la_texture\"><\/span>Materiales y textura<span class=\"ez-toc-section-end\"><\/span><\/h3>\n\n\n\n<p>Es fundamental comprobar de qu\u00e9 est\u00e1 hecho un juguete sexual antes de comprarlo. Los juguetes sexuales de silicona son los favoritos, y muchas marcas conocidas solo utilizan silicona de grado m\u00e9dico. Son f\u00e1ciles de limpiar con agua y jab\u00f3n, lo que los hace saludables y seguros para el cuerpo.<\/p>\n\n\n\n<p>Tambi\u00e9n hay otras opciones interesantes disponibles. Se trata de juguetes sexuales de metal, acero inoxidable y pl\u00e1stico duro. Elija el que m\u00e1s le convenga.&nbsp;<\/p>\n\n\n\n<p>Debes evitar los juguetes sexuales de caucho. Ya no hay muchos, ya que se ha descubierto que contienen ftalatos nocivos, cuyo uso est\u00e1 prohibido en productos para ni\u00f1os.<\/p>\n\n\n\n<p>Adem\u00e1s de la composici\u00f3n de tu vibrador, tambi\u00e9n est\u00e1 la sensaci\u00f3n que proporciona. Para una mejor estimulaci\u00f3n, te recomendamos que elijas un dispositivo con estr\u00edas o protuberancias. Si lo deseas, puedes adquirir un vibrador de metal.&nbsp;<\/p>\n\n\n\n<p>El metal te dar\u00e1 una sensaci\u00f3n de frescor. Si, por el contrario, el metal no es lo tuyo, simplemente aplica un lubricante a base de agua refrescante o calentador (el uso de un lubricante a base de silicona en un vibrador de silicona lo empa\u00f1ar\u00e1).<\/p>\n\n\n\n<h2 class=\"wp-block-heading\"><span class=\"ez-toc-section\" id=\"Quelques_exemples_de_premier_sextoy\"><\/span>Algunos ejemplos del primer sextoy<span class=\"ez-toc-section-end\"><\/span><\/h2>\n\n\n\n<figure class=\"wp-block-gallery columns-5 is-cropped wp-block-gallery-1 is-layout-flex wp-block-gallery-is-layout-flex\"><ul class=\"blocks-gallery-grid\"><li class=\"blocks-gallery-item\"><figure><img fetchpriority=\"high\" decoding=\"async\" width=\"400\" height=\"400\" src=\"https:\/\/god-vibro.com\/wp-content\/uploads\/2021\/11\/lovense-hyphy.png\" alt=\"\" data-id=\"573\" data-full-url=\"https:\/\/god-vibro.com\/wp-content\/uploads\/2021\/11\/lovense-hyphy.png\" data-link=\"https:\/\/god-vibro.com\/?attachment_id=573\" class=\"wp-image-573\" srcset=\"https:\/\/god-vibro.com\/wp-content\/uploads\/2021\/11\/lovense-hyphy.png 400w, https:\/\/god-vibro.com\/wp-content\/uploads\/2021\/11\/lovense-hyphy-300x300.png 300w, https:\/\/god-vibro.com\/wp-content\/uploads\/2021\/11\/lovense-hyphy-100x100.png 100w, https:\/\/god-vibro.com\/wp-content\/uploads\/2021\/11\/lovense-hyphy-150x150.png 150w\" sizes=\"(max-width: 400px) 100vw, 400px\" \/><figcaption class=\"blocks-gallery-item__caption\"><a href=\"https:\/\/god-vibro.com\/lovense-hyphy.html\" data-type=\"post\" data-id=\"134\">H\u00cdPICA DE LOVENSE<\/a><\/figcaption><\/figure><\/li><li class=\"blocks-gallery-item\"><figure><img decoding=\"async\" width=\"400\" height=\"400\" src=\"https:\/\/god-vibro.com\/wp-content\/uploads\/2021\/11\/lovense-lush-3.png\" alt=\"\" data-id=\"574\" data-full-url=\"https:\/\/god-vibro.com\/wp-content\/uploads\/2021\/11\/lovense-lush-3.png\" data-link=\"https:\/\/god-vibro.com\/?attachment_id=574\" class=\"wp-image-574\" srcset=\"https:\/\/god-vibro.com\/wp-content\/uploads\/2021\/11\/lovense-lush-3.png 400w, https:\/\/god-vibro.com\/wp-content\/uploads\/2021\/11\/lovense-lush-3-300x300.png 300w, https:\/\/god-vibro.com\/wp-content\/uploads\/2021\/11\/lovense-lush-3-100x100.png 100w, https:\/\/god-vibro.com\/wp-content\/uploads\/2021\/11\/lovense-lush-3-150x150.png 150w\" sizes=\"(max-width: 400px) 100vw, 400px\" \/><figcaption class=\"blocks-gallery-item__caption\"><a href=\"https:\/\/god-vibro.com\/lovense-lush-3.html\" data-type=\"post\" data-id=\"290\">LOVENSE LUSH 3<\/a><\/figcaption><\/figure><\/li><li class=\"blocks-gallery-item\"><figure><img decoding=\"async\" width=\"400\" height=\"400\" src=\"https:\/\/god-vibro.com\/wp-content\/uploads\/2021\/11\/lovense-mission.png\" alt=\"\" data-id=\"575\" data-full-url=\"https:\/\/god-vibro.com\/wp-content\/uploads\/2021\/11\/lovense-mission.png\" data-link=\"https:\/\/god-vibro.com\/?attachment_id=575\" class=\"wp-image-575\" srcset=\"https:\/\/god-vibro.com\/wp-content\/uploads\/2021\/11\/lovense-mission.png 400w, https:\/\/god-vibro.com\/wp-content\/uploads\/2021\/11\/lovense-mission-300x300.png 300w, https:\/\/god-vibro.com\/wp-content\/uploads\/2021\/11\/lovense-mission-100x100.png 100w, https:\/\/god-vibro.com\/wp-content\/uploads\/2021\/11\/lovense-mission-150x150.png 150w\" sizes=\"(max-width: 400px) 100vw, 400px\" \/><figcaption class=\"blocks-gallery-item__caption\"><a href=\"https:\/\/god-vibro.com\/lovense-mission.html\" data-type=\"post\" data-id=\"339\">MISI\u00d3N DE LOVENSE<\/a><\/figcaption><\/figure><\/li><li class=\"blocks-gallery-item\"><figure><img loading=\"lazy\" decoding=\"async\" width=\"400\" height=\"400\" src=\"https:\/\/god-vibro.com\/wp-content\/uploads\/2021\/11\/lovense-osci-2.png\" alt=\"\" data-id=\"576\" data-full-url=\"https:\/\/god-vibro.com\/wp-content\/uploads\/2021\/11\/lovense-osci-2.png\" data-link=\"https:\/\/god-vibro.com\/?attachment_id=576\" class=\"wp-image-576\" srcset=\"https:\/\/god-vibro.com\/wp-content\/uploads\/2021\/11\/lovense-osci-2.png 400w, https:\/\/god-vibro.com\/wp-content\/uploads\/2021\/11\/lovense-osci-2-300x300.png 300w, https:\/\/god-vibro.com\/wp-content\/uploads\/2021\/11\/lovense-osci-2-100x100.png 100w, https:\/\/god-vibro.com\/wp-content\/uploads\/2021\/11\/lovense-osci-2-150x150.png 150w\" sizes=\"(max-width: 400px) 100vw, 400px\" \/><figcaption class=\"blocks-gallery-item__caption\">LOVENSE OSCI<\/figcaption><\/figure><\/li><li class=\"blocks-gallery-item\"><figure><img loading=\"lazy\" decoding=\"async\" width=\"400\" height=\"400\" src=\"https:\/\/god-vibro.com\/wp-content\/uploads\/2021\/11\/lovense-nora.png\" alt=\"\" data-id=\"577\" data-full-url=\"https:\/\/god-vibro.com\/wp-content\/uploads\/2021\/11\/lovense-nora.png\" data-link=\"https:\/\/god-vibro.com\/?attachment_id=577\" class=\"wp-image-577\" srcset=\"https:\/\/god-vibro.com\/wp-content\/uploads\/2021\/11\/lovense-nora.png 400w, https:\/\/god-vibro.com\/wp-content\/uploads\/2021\/11\/lovense-nora-300x300.png 300w, https:\/\/god-vibro.com\/wp-content\/uploads\/2021\/11\/lovense-nora-100x100.png 100w, https:\/\/god-vibro.com\/wp-content\/uploads\/2021\/11\/lovense-nora-150x150.png 150w\" sizes=\"(max-width: 400px) 100vw, 400px\" \/><figcaption class=\"blocks-gallery-item__caption\"><a href=\"https:\/\/god-vibro.com\/lovense-nora.html\" data-type=\"post\" data-id=\"149\">LOVENSE NORA<\/a><\/figcaption><\/figure><\/li><\/ul><\/figure>\n\n\n\n<h3 class=\"wp-block-heading\"><span class=\"ez-toc-section\" id=\"Le_design\"><\/span>El dise\u00f1o&nbsp;<span class=\"ez-toc-section-end\"><\/span><\/h3>\n\n\n\n<p>No te limites a considerar la potencia del sextoy cuando lo a\u00f1adas a tu cesta. No compre algo que sea :<\/p>\n\n\n\n<ul class=\"wp-block-list\"><li>...que asusta;<\/li><li>gritando o ;<\/li><li>est\u00e9ticamente poco atractiva.<\/li><\/ul>\n\n\n\n<p>El dise\u00f1o de un juguete sexual tambi\u00e9n es un criterio a tener en cuenta. Al fin y al cabo, es un objeto que usar\u00e1s para excitarte. As\u00ed que olv\u00eddate de ese vibrador rosa chill\u00f3n, a menos que te encante c\u00f3mo brilla en tu mesita de noche. En su lugar, elige uno que despierte tu imaginaci\u00f3n m\u00e1s sexy.<\/p>\n\n\n\n<p>El deseo y la preferencia son dos sensaciones puramente personales. Por lo tanto, opta por los juguetes sexuales que te atraen. Por ejemplo, si prefieres los peque\u00f1os y elegantes en lugar de los grandes y voluminosos, un vibrador en forma de bala puede ser el camino a seguir.<\/p>\n\n\n\n<h3 class=\"wp-block-heading\"><span class=\"ez-toc-section\" id=\"Lintensite_des_vibrations\"><\/span>La intensidad de las vibraciones&nbsp;<span class=\"ez-toc-section-end\"><\/span><\/h3>\n\n\n\n<p>\u00bfSab\u00edas que la mayor\u00eda de los juguetes sexuales tienen ajustes? Permiten aumentar o disminuir la intensidad seg\u00fan se desee.&nbsp;<\/p>\n\n\n\n<p>Si tienes paredes finas y el eco resuena, opta por un vibrador silencioso. A veces, el nivel de ruido estar\u00e1 relacionado con la intensidad o la potencia del vibrador, pero con los productos de alta gama esto no supondr\u00e1 un problema.<\/p>\n\n\n\n<p>La mayor\u00eda de nosotros prefiere un vibrador silencioso, y gastar un poco m\u00e1s de dinero te garantizar\u00e1 que tu nuevo juguete sexual est\u00e9 fabricado con materiales de calidad que contribuyen a atenuar el ruido. Si quieres un juguete sexual silencioso pero de alta intensidad, opta por la silicona.&nbsp;<\/p>\n\n\n\n<p>Si le preocupa que un vibrador silencioso comprometa la intensidad de las sensaciones, le recomendamos que pruebe el vibrador en su mano. Tambi\u00e9n puede probarlo en la punta de la nariz (ya que la piel es bastante sensible en esa zona) si lo compra en una tienda.<\/p>\n\n\n\n<h3 class=\"wp-block-heading\"><span class=\"ez-toc-section\" id=\"Les_gadgets_et_accessoires\"><\/span>Aparatos y accesorios<span class=\"ez-toc-section-end\"><\/span><\/h3>\n\n\n\n<p>La gama de funciones es infinita. Hablamos de juguetes impermeables, capaces de producir sensaciones de vibraci\u00f3n y succi\u00f3n, juguetes con control remoto y otros que se sincronizan con tu lista de reproducci\u00f3n favorita y vibran al ritmo de la m\u00fasica.<\/p>\n\n\n\n<p>Lo mejor es elegir un vibrador con varias funciones. De esta manera, podr\u00e1s personalizarlo m\u00e1s f\u00e1cilmente seg\u00fan tu estado de \u00e1nimo y la situaci\u00f3n. Algunos d\u00edas, es posible que quieras utilizarlo solo para los preliminares, y otros d\u00edas, tal vez quieras que te lleve a donde t\u00fa quieras. Cuanto m\u00e1s amplia sea la gama, m\u00e1s f\u00e1cil ser\u00e1 adaptarlo a tu vida sexual.<\/p>\n\n\n\n<p>Decidir qu\u00e9 efectos especiales quieres es algo totalmente personal y depende de tu presupuesto. Sin embargo, siempre puedes empezar con algo muy sencillo y mejorarlo m\u00e1s adelante.<\/p>\n\n\n\n<h3 class=\"wp-block-heading\"><span class=\"ez-toc-section\" id=\"Le_prix\"><\/span>El precio<span class=\"ez-toc-section-end\"><\/span><\/h3>\n\n\n\n<p>Puedes encontrar vibradores sencillos y baratos por unos 15 euros. Tambi\u00e9n puedes encontrar aparatos que cuestan m\u00e1s de 80 euros. Lo mejor es informarse de los precios y presupuestar en consecuencia. No escatimes en dinero y reg\u00e1late el mejor sextoy.&nbsp;<\/p>\n\n\n\n<figure class=\"wp-block-image\"><img decoding=\"async\" src=\"https:\/\/lh5.googleusercontent.com\/5srq4C6sRYhCA7kuZ9ABrlDWXyRrQ2xZOtvAsFLFSIf_P3phs_XLdd8cfjP6slg3iZtO0cVOF2rfYD6ajt772_NEiproZRcpyMwi8Azf_rR-otgLZOuTwKjCZfVUd-RFvPaoqdpT\" alt=\"\"\/><\/figure>\n\n\n\n<h2 class=\"wp-block-heading\"><span class=\"ez-toc-section\" id=\"Les_avantages_de_lutilisation_dun_vibromasseur\"><\/span>Los beneficios de usar un vibrador&nbsp;<span class=\"ez-toc-section-end\"><\/span><\/h2>\n\n\n\n<p>El uso de un vibrador ofrece varias ventajas. Permite :<\/p>\n\n\n\n<ul class=\"wp-block-list\"><li>para llegar al orgasmo con facilidad;<\/li><li>para conocer tu cuerpo;<\/li><li>la reducci\u00f3n de las tensiones.<\/li><\/ul>\n\n\n\n<p>El uso de un vibrador te hace sentir sexualmente satisfecho.<\/p>\n\n\n\n<p>El tama\u00f1o, la forma y el tacto, los materiales y las texturas, el dise\u00f1o y la intensidad de la vibraci\u00f3n del vibrador deben considerarse cuidadosamente para garantizar que su primera compra satisfaga sus expectativas.<br><\/p>","protected":false},"excerpt":{"rendered":"<p>Avant tout achat de vibromasseur, il est important de v\u00e9rifier certains param\u00e8tres pouvant garantir la qualit\u00e9 de l\u2019\u00e9quipement. Aussi bien les vibromasseurs pour femmes que ceux pour hommes ont leurs caract\u00e9ristiques sp\u00e9cifiques. Pour choisir un vibromasseur pour femme il faut donc tenir compte des aspects comme le design, la taille ou encore la texture. Les [&hellip;]<\/p>\n","protected":false},"author":1,"featured_media":0,"parent":0,"menu_order":0,"comment_status":"closed","ping_status":"closed","template":"","meta":{"_acf_changed":false,"_seopress_robots_primary_cat":"","_seopress_titles_title":"","_seopress_titles_desc":"","_seopress_robots_index":"","_uag_custom_page_level_css":"","site-sidebar-layout":"default","site-content-layout":"","ast-site-content-layout":"default","site-content-style":"default","site-sidebar-style":"default","ast-global-header-display":"","ast-banner-title-visibility":"","ast-main-header-display":"","ast-hfb-above-header-display":"","ast-hfb-below-header-display":"","ast-hfb-mobile-header-display":"","site-post-title":"","ast-breadcrumbs-content":"","ast-featured-img":"","footer-sml-layout":"","theme-transparent-header-meta":"","adv-header-id-meta":"","stick-header-meta":"","header-above-stick-meta":"","header-main-stick-meta":"","header-below-stick-meta":"","astra-migrate-meta-layouts":"default","ast-page-background-enabled":"default","ast-page-background-meta":{"desktop":{"background-color":"var(--ast-global-color-4)","background-image":"","background-repeat":"repeat","background-position":"center center","background-size":"auto","background-attachment":"scroll","background-type":"","background-media":"","overlay-type":"","overlay-color":"","overlay-opacity":"","overlay-gradient":""},"tablet":{"background-color":"","background-image":"","background-repeat":"repeat","background-position":"center center","background-size":"auto","background-attachment":"scroll","background-type":"","background-media":"","overlay-type":"","overlay-color":"","overlay-opacity":"","overlay-gradient":""},"mobile":{"background-color":"","background-image":"","background-repeat":"repeat","background-position":"center center","background-size":"auto","background-attachment":"scroll","background-type":"","background-media":"","overlay-type":"","overlay-color":"","overlay-opacity":"","overlay-gradient":""}},"ast-content-background-meta":{"desktop":{"background-color":"var(--ast-global-color-5)","background-image":"","background-repeat":"repeat","background-position":"center center","background-size":"auto","background-attachment":"scroll","background-type":"","background-media":"","overlay-type":"","overlay-color":"","overlay-opacity":"","overlay-gradient":""},"tablet":{"background-color":"var(--ast-global-color-5)","background-image":"","background-repeat":"repeat","background-position":"center center","background-size":"auto","background-attachment":"scroll","background-type":"","background-media":"","overlay-type":"","overlay-color":"","overlay-opacity":"","overlay-gradient":""},"mobile":{"background-color":"var(--ast-global-color-5)","background-image":"","background-repeat":"repeat","background-position":"center center","background-size":"auto","background-attachment":"scroll","background-type":"","background-media":"","overlay-type":"","overlay-color":"","overlay-opacity":"","overlay-gradient":""}},"footnotes":""},"class_list":["post-570","page","type-page","status-publish","hentry"],"acf":[],"uagb_featured_image_src":{"full":false,"thumbnail":false,"medium":false,"medium_large":false,"large":false,"1536x1536":false,"2048x2048":false,"trp-custom-language-flag":false,"ultp_layout_landscape_large":false,"ultp_layout_landscape":false,"ultp_layout_portrait":false,"ultp_layout_square":false},"uagb_author_info":{"display_name":"brigitte","author_link":"https:\/\/god-vibro.com\/es_ar\/author\/brigitte"},"uagb_comment_info":0,"uagb_excerpt":"Avant tout achat de vibromasseur, il est important de v\u00e9rifier certains param\u00e8tres pouvant garantir la qualit\u00e9 de l\u2019\u00e9quipement. Aussi bien les vibromasseurs pour femmes que ceux pour hommes ont leurs caract\u00e9ristiques sp\u00e9cifiques. Pour choisir un vibromasseur pour femme il faut donc tenir compte des aspects comme le design, la taille ou encore la texture. Les&hellip;","_links":{"self":[{"href":"https:\/\/god-vibro.com\/es_ar\/wp-json\/wp\/v2\/pages\/570","targetHints":{"allow":["GET"]}}],"collection":[{"href":"https:\/\/god-vibro.com\/es_ar\/wp-json\/wp\/v2\/pages"}],"about":[{"href":"https:\/\/god-vibro.com\/es_ar\/wp-json\/wp\/v2\/types\/page"}],"author":[{"embeddable":true,"href":"https:\/\/god-vibro.com\/es_ar\/wp-json\/wp\/v2\/users\/1"}],"replies":[{"embeddable":true,"href":"https:\/\/god-vibro.com\/es_ar\/wp-json\/wp\/v2\/comments?post=570"}],"version-history":[{"count":0,"href":"https:\/\/god-vibro.com\/es_ar\/wp-json\/wp\/v2\/pages\/570\/revisions"}],"wp:attachment":[{"href":"https:\/\/god-vibro.com\/es_ar\/wp-json\/wp\/v2\/media?parent=570"}],"curies":[{"name":"wp","href":"https:\/\/api.w.org\/{rel}","templated":true}]}}