{"id":843,"date":"2021-12-08T00:30:31","date_gmt":"2021-12-08T00:30:31","guid":{"rendered":"https:\/\/god-vibro.com\/?page_id=843"},"modified":"2021-12-08T01:50:43","modified_gmt":"2021-12-08T01:50:43","slug":"choisir-son-premier-sextoy-homme","status":"publish","type":"page","link":"https:\/\/god-vibro.com\/en_gb\/choose-your-first-man-sextoy.html","title":{"rendered":"Choosing your first male vibrator"},"content":{"rendered":"<p>Just like vibrators for women, vibrators for men also have their own special features that affect the choice of any buyer. If you want to buy your first vibrator, there are a number of things you should consider, including the sensations you want, your experience and the design of the device.<\/p>\n\n\n\n<div id=\"ez-toc-container\" class=\"ez-toc-v2_0_82_2 counter-hierarchy ez-toc-counter ez-toc-custom ez-toc-container-direction\">\n<div class=\"ez-toc-title-container\">\n<p class=\"ez-toc-title\" style=\"cursor:inherit\">Contents <\/p>\n<span class=\"ez-toc-title-toggle\"><a href=\"#\" class=\"ez-toc-pull-right ez-toc-btn ez-toc-btn-xs ez-toc-btn-default ez-toc-toggle\" aria-label=\"Toggle Table of Content\"><span class=\"ez-toc-js-icon-con\"><span class=\"\"><span class=\"eztoc-hide\" style=\"display:none;\">Toggle<\/span><span class=\"ez-toc-icon-toggle-span\"><svg style=\"fill: #999;color:#999\" xmlns=\"http:\/\/www.w3.org\/2000\/svg\" class=\"list-377408\" width=\"20px\" height=\"20px\" viewbox=\"0 0 24 24\" fill=\"none\"><path d=\"M6 6H4v2h2V6zm14 0H8v2h12V6zM4 11h2v2H4v-2zm16 0H8v2h12v-2zM4 16h2v2H4v-2zm16 0H8v2h12v-2z\" fill=\"currentColor\"><\/path><\/svg><svg style=\"fill: #999;color:#999\" class=\"arrow-unsorted-368013\" xmlns=\"http:\/\/www.w3.org\/2000\/svg\" width=\"10px\" height=\"10px\" viewbox=\"0 0 24 24\" version=\"1.2\" baseprofile=\"tiny\"><path d=\"M18.2 9.3l-6.2-6.3-6.2 6.3c-.2.2-.3.4-.3.7s.1.5.3.7c.2.2.4.3.7.3h11c.3 0 .5-.1.7-.3.2-.2.3-.5.3-.7s-.1-.5-.3-.7zM5.8 14.7l6.2 6.3 6.2-6.3c.2-.2.3-.5.3-.7s-.1-.5-.3-.7c-.2-.2-.4-.3-.7-.3h-11c-.3 0-.5.1-.7.3-.2.2-.3.5-.3.7s.1.5.3.7z\"\/><\/svg><\/span><\/span><\/span><\/a><\/span><\/div>\n<nav><ul class='ez-toc-list ez-toc-list-level-1 eztoc-toggle-hide-by-default' ><li class='ez-toc-page-1 ez-toc-heading-level-2'><a class=\"ez-toc-link ez-toc-heading-1\" href=\"https:\/\/god-vibro.com\/en_gb\/choose-your-first-man-sextoy.html\/#Les_criteres_de_choix_dun_vibromasseur\" >Criteria for choosing a vibrator&nbsp;<\/a><ul class='ez-toc-list-level-3' ><li class='ez-toc-heading-level-3'><a class=\"ez-toc-link ez-toc-heading-2\" href=\"https:\/\/god-vibro.com\/en_gb\/choose-your-first-man-sextoy.html\/#_Vos_preferences\" >&nbsp;&nbsp;&nbsp;&nbsp;&nbsp;Your preferences<\/a><\/li><li class='ez-toc-page-1 ez-toc-heading-level-3'><a class=\"ez-toc-link ez-toc-heading-3\" href=\"https:\/\/god-vibro.com\/en_gb\/choose-your-first-man-sextoy.html\/#_Votre_experience\" >&nbsp;&nbsp;&nbsp;&nbsp;Your experience<\/a><\/li><li class='ez-toc-page-1 ez-toc-heading-level-3'><a class=\"ez-toc-link ez-toc-heading-4\" href=\"https:\/\/god-vibro.com\/en_gb\/choose-your-first-man-sextoy.html\/#_Les_materiaux_et_la_texture\" >&nbsp;&nbsp;Materials and texture<\/a><\/li><li class='ez-toc-page-1 ez-toc-heading-level-3'><a class=\"ez-toc-link ez-toc-heading-5\" href=\"https:\/\/god-vibro.com\/en_gb\/choose-your-first-man-sextoy.html\/#_Le_design\" >&nbsp;&nbsp;The design&nbsp;<\/a><\/li><li class='ez-toc-page-1 ez-toc-heading-level-3'><a class=\"ez-toc-link ez-toc-heading-6\" href=\"https:\/\/god-vibro.com\/en_gb\/choose-your-first-man-sextoy.html\/#_Lintensite_des_vibrations\" >&nbsp;&nbsp;The intensity of the vibrations<\/a><\/li><li class='ez-toc-page-1 ez-toc-heading-level-3'><a class=\"ez-toc-link ez-toc-heading-7\" href=\"https:\/\/god-vibro.com\/en_gb\/choose-your-first-man-sextoy.html\/#_Le_prix\" >&nbsp;&nbsp;&nbsp;The price<\/a><\/li><\/ul><\/li><li class='ez-toc-page-1 ez-toc-heading-level-2'><a class=\"ez-toc-link ez-toc-heading-8\" href=\"https:\/\/god-vibro.com\/en_gb\/choose-your-first-man-sextoy.html\/#Les_avantages_de_lutilisation_dun_vibromasseur\" >The benefits of using a vibrator&nbsp;<\/a><ul class='ez-toc-list-level-3' ><li class='ez-toc-heading-level-3'><a class=\"ez-toc-link ez-toc-heading-9\" href=\"https:\/\/god-vibro.com\/en_gb\/choose-your-first-man-sextoy.html\/#_Se_procurer_du_plaisir_soi_meme\" >&nbsp;&nbsp;Getting pleasure for yourself&nbsp;<\/a><\/li><li class='ez-toc-page-1 ez-toc-heading-level-3'><a class=\"ez-toc-link ez-toc-heading-10\" href=\"https:\/\/god-vibro.com\/en_gb\/choose-your-first-man-sextoy.html\/#_Allez_a_la_decouverte_de_nouvelles_sensations\" >&nbsp;&nbsp;Discover new sensations&nbsp;<\/a><\/li><\/ul><\/li><li class='ez-toc-page-1 ez-toc-heading-level-2'><a class=\"ez-toc-link ez-toc-heading-11\" href=\"https:\/\/god-vibro.com\/en_gb\/choose-your-first-man-sextoy.html\/#Quelques_meilleurs_vibromasseurs_pour_homme\" >Some of the best vibrators for men<\/a><ul class='ez-toc-list-level-3' ><li class='ez-toc-heading-level-3'><a class=\"ez-toc-link ez-toc-heading-12\" href=\"https:\/\/god-vibro.com\/en_gb\/choose-your-first-man-sextoy.html\/#Legg_tenga\" >The egg tenga&nbsp;<\/a><\/li><li class='ez-toc-page-1 ez-toc-heading-level-3'><a class=\"ez-toc-link ez-toc-heading-13\" href=\"https:\/\/god-vibro.com\/en_gb\/choose-your-first-man-sextoy.html\/#Le_double_anneau_vibrant\" >The double vibrating ring&nbsp;<\/a><\/li><li class='ez-toc-page-1 ez-toc-heading-level-3'><a class=\"ez-toc-link ez-toc-heading-14\" href=\"https:\/\/god-vibro.com\/en_gb\/choose-your-first-man-sextoy.html\/#Les_anneaux_ou_cockrings\" >Rings or cock rings<\/a><\/li><li class='ez-toc-page-1 ez-toc-heading-level-3'><a class=\"ez-toc-link ez-toc-heading-15\" href=\"https:\/\/god-vibro.com\/en_gb\/choose-your-first-man-sextoy.html\/#Les_vibromasseurs_plugs_et_chapelets\" >Vibrator plugs and rosaries&nbsp;<\/a><\/li><li class='ez-toc-page-1 ez-toc-heading-level-3'><a class=\"ez-toc-link ez-toc-heading-16\" href=\"https:\/\/god-vibro.com\/en_gb\/choose-your-first-man-sextoy.html\/#Les_gaines_ou_masturbateurs\" >Sheaths or masturbators&nbsp;<\/a><\/li><li class='ez-toc-page-1 ez-toc-heading-level-3'><a class=\"ez-toc-link ez-toc-heading-17\" href=\"https:\/\/god-vibro.com\/en_gb\/choose-your-first-man-sextoy.html\/#Le_masturbateur_play_Tr_myhixel\" >The play Tr myhixel masturbator&nbsp;<\/a><\/li><\/ul><\/li><\/ul><\/nav><\/div>\n<h2 class=\"wp-block-heading\"><span class=\"ez-toc-section\" id=\"Les_criteres_de_choix_dun_vibromasseur\"><\/span>Criteria for choosing a vibrator&nbsp;<span class=\"ez-toc-section-end\"><\/span><\/h2>\n\n\n\n<p>There are several criteria for choosing a quality vibrator. Especially if it is your very first sextoy, you must take into account :<\/p>\n\n\n\n<ul class=\"wp-block-list\"><li>your sexual preferences ;<\/li><li>your experience in terms of sextoy use;<\/li><li>the material and texture of the object;<\/li><li>the intensity of the vibrations ;<\/li><li>its design ;<\/li><li>its price.<\/li><\/ul>\n\n\n\n<p>Buying a cheap sextoy is tempting to try, but you won't get the sensations you're looking for if the quality isn't there.<\/p>\n\n\n\n<h3 class=\"wp-block-heading\"><span class=\"ez-toc-section\" id=\"_Vos_preferences\"><\/span>&nbsp;&nbsp;&nbsp;&nbsp;&nbsp;Your preferences<span class=\"ez-toc-section-end\"><\/span><\/h3>\n\n\n\n<p>Do you like a tight pussy or a deep pussy? Are you looking for a masturbator? Or do you prefer anal penetration? There are several types of vibrators with different shapes and sensations. In order to make the right choice, you need to take your desires into account. If massaging your phallus drives you crazy, choose a massage vibrator. If, on the other hand, penetration allows you to reach orgasm, opt for an anal plug. If you still have trouble deciding, choose a versatile toy.<\/p>\n\n\n\n<h3 class=\"wp-block-heading\"><span class=\"ez-toc-section\" id=\"_Votre_experience\"><\/span>&nbsp;&nbsp;&nbsp;&nbsp;Your experience<span class=\"ez-toc-section-end\"><\/span><\/h3>\n\n\n\n<p>Using a vibrator correctly requires experience. Both in terms of knowing your body and mastering the device. Some vibrators have basic features, so they are easy to use but rather limited. If you are more experienced, you should consider a vibrator with advanced features. After a few sessions of testing, you will achieve the expected pleasure.<\/p>\n\n\n\n<figure class=\"wp-block-image\"><img decoding=\"async\" src=\"https:\/\/lh4.googleusercontent.com\/izLYUsA_ztxcEcdpY8CgcnzhTR0LLP3tlVfcro2235LDDiUQKKgf996YcEhV7OrLvlu6ADdWAAyPlGD6jj-j__sDBu1QG4OKna-ABF-WQqKcia2l_3M9OjFPqg1ATE4Evnd9HBuU\" alt=\"\"\/><\/figure>\n\n\n\n<h3 class=\"wp-block-heading\"><span class=\"ez-toc-section\" id=\"_Les_materiaux_et_la_texture\"><\/span>&nbsp;&nbsp;Materials and texture<span class=\"ez-toc-section-end\"><\/span><\/h3>\n\n\n\n<p>You cannot buy an object without first knowing the material it is made of. This is why it is important to have some knowledge of the different materials used to make a sextoy. There are sextoys made of :&nbsp;<\/p>\n\n\n\n<ul class=\"wp-block-list\"><li>silicone ;<\/li><li>hard plastic ;<\/li><li>stainless steel ;<\/li><li>biolaine ;<\/li><li>metal ;<\/li><li>etc.<\/li><\/ul>\n\n\n\n<p>Choose materials that comply with legislation. You can opt for a silicone sextoy. This is a very good material. It is also non-porous and very easy to maintain.<\/p>\n\n\n\n<p>Avoid sex toys that contain phthalate. This material is dangerous to your health.&nbsp;<\/p>\n\n\n\n<p>You can also choose vibrators made of biosheath, stainless steel. For a cold sensation, you can choose a metal sextoy.&nbsp;<\/p>\n\n\n\n<p>There are also plastic sex toys that are recommended. Choose according to your preferences. To reach orgasm, choose a ridged or bumpy sex toy.&nbsp;<\/p>\n\n\n\n<h3 class=\"wp-block-heading\"><span class=\"ez-toc-section\" id=\"_Le_design\"><\/span>&nbsp;&nbsp;The design&nbsp;<span class=\"ez-toc-section-end\"><\/span><\/h3>\n\n\n\n<p>It is obvious to choose a toy that appeals to you just by looking at it. Of course this is important, but it is certainly not for this reason that you will choose everything without worrying about its functionality. Focus on aesthetics and also on performance.&nbsp;<\/p>\n\n\n\n<h3 class=\"wp-block-heading\"><span class=\"ez-toc-section\" id=\"_Lintensite_des_vibrations\"><\/span>&nbsp;&nbsp;The intensity of the vibrations<span class=\"ez-toc-section-end\"><\/span><\/h3>\n\n\n\n<p>Choosing a vibration intensity when buying a sextoy is complicated. However, it's not that difficult. You just need to consider how you like to make love. However, there are several types of vibrators with different intensities. Choose multi-functional sex toys. This way, you can adjust the intensity of the vibrations at will.&nbsp;<\/p>\n\n\n\n<h3 class=\"wp-block-heading\"><span class=\"ez-toc-section\" id=\"_Le_prix\"><\/span>&nbsp;&nbsp;&nbsp;The price<span class=\"ez-toc-section-end\"><\/span><\/h3>\n\n\n\n<p>Le prix d\u2019un vibromasseur de qualit\u00e9 varie. Il n&rsquo;a pas de prix standard. Vous pourrez trouver des vibromasseurs \u00e0 20 euros, comme \u00e0 200 euros. Pour vous procurer par exemple le Lelo Fs1, vous devrez d\u00e9bourser 169 euros. C\u2019est pourquoi vous devez pr\u00e9voir un budget en cons\u00e9quence.&nbsp;<\/p>\n\n\n\n<figure class=\"wp-block-image\"><img decoding=\"async\" src=\"https:\/\/lh5.googleusercontent.com\/FaZ00KZSlf4PJIN0elpH22iPY1qhrFRdoRkzIO1-2mUaXoqA4OHUpSsFYYlBNQVurTSY2UbFvDm1kaLOxomfxQh_c6DJvl-pZJ6uWB-SHYPMwFT8gfzFIe58Bwv9iTrCRILz7HsL\" alt=\"\"\/><\/figure>\n\n\n\n<h2 class=\"wp-block-heading\"><span class=\"ez-toc-section\" id=\"Les_avantages_de_lutilisation_dun_vibromasseur\"><\/span>The benefits of using a vibrator&nbsp;<span class=\"ez-toc-section-end\"><\/span><\/h2>\n\n\n\n<p>There are two main reasons why most people buy a vibrator: to give themselves pleasure and to discover new sensations.<\/p>\n\n\n\n<h3 class=\"wp-block-heading\"><span class=\"ez-toc-section\" id=\"_Se_procurer_du_plaisir_soi_meme\"><\/span>&nbsp;&nbsp;Getting pleasure for yourself&nbsp;<span class=\"ez-toc-section-end\"><\/span><\/h3>\n\n\n\n<p>If you're single or have trouble approaching women, you're probably going to pleasure yourself. Hence the advantage of a vibrator.&nbsp;<\/p>\n\n\n\n<p>The vibrator allows you to masturbate and reach orgasm without a sexual partner. You can use all kinds of positions. If you are wealthy, you can also buy a sex doll. Your desires will be orders and you will feel like the king of the world at that moment.<\/p>\n\n\n\n<h3 class=\"wp-block-heading\"><span class=\"ez-toc-section\" id=\"_Allez_a_la_decouverte_de_nouvelles_sensations\"><\/span>&nbsp;&nbsp;Discover new sensations&nbsp;<span class=\"ez-toc-section-end\"><\/span><\/h3>\n\n\n\n<p>Vibrators have the advantage of increasing your excitement level. They also allow you to achieve a prostate orgasm. Best of all, they increase the size of your sex.&nbsp;<\/p>\n\n\n\n<p>The intensity of penetration is also achieved with a vibrating ring. If you are a sado-masochist, you can also get yourself tied up to reach another level of excitement. You can make love to your sex doll as many times as you like. Thanks to the cockring, ejaculation can be delayed.<\/p>\n\n\n\n<h2 class=\"wp-block-heading\"><span class=\"ez-toc-section\" id=\"Quelques_meilleurs_vibromasseurs_pour_homme\"><\/span>Some of the best vibrators for men<span class=\"ez-toc-section-end\"><\/span><\/h2>\n\n\n\n<p>There are several types of vibrators for men. Among this wide range, there are several types:<\/p>\n\n\n\n<ul class=\"wp-block-list\"><li>sheaths or masturbators ;<\/li><li>rings or cock rings ;<\/li><li>vibrator plugs and rosaries ;<\/li><li>bondage games ;&nbsp;<\/li><li>prostate stimulator ;<\/li><li>etc.<\/li><\/ul>\n\n\n\n<h3 class=\"wp-block-heading\"><span class=\"ez-toc-section\" id=\"Legg_tenga\"><\/span>The egg tenga&nbsp;<span class=\"ez-toc-section-end\"><\/span><\/h3>\n\n\n\n<p>This is the most popular sextoy among men. It is shaped like an egg. Thanks to this shape, it provides intense pleasure. It also adapts to the size of your penis. Its texture is comparable to that of a real vagina. It is sold at \u20ac 9.95.\u00a0<\/p>\n\n\n\n<h3 class=\"wp-block-heading\"><span class=\"ez-toc-section\" id=\"Le_double_anneau_vibrant\"><\/span>The double vibrating ring&nbsp;<span class=\"ez-toc-section-end\"><\/span><\/h3>\n\n\n\n<p>This is a unisex vibrator. You can use it alone or with your partner.  It is very easy to put on and works with a battery. It gives you an intense sensation. Try it and you will certainly be satisfied.&nbsp;<\/p>\n\n\n\n<h3 class=\"wp-block-heading\"><span class=\"ez-toc-section\" id=\"Les_anneaux_ou_cockrings\"><\/span>Rings or cock rings<span class=\"ez-toc-section-end\"><\/span><\/h3>\n\n\n\n<p>There are two types of cock rings. You can find double or single rings. The single ring is placed around the penis. They vibrate and give you a strong sensation in the penis. Your erection is very firm and hard. If you choose the double ring, the second ring is wrapped around both of your testicles. The sensation is even more intense.&nbsp;<\/p>\n\n\n\n<h3 class=\"wp-block-heading\"><span class=\"ez-toc-section\" id=\"Les_vibromasseurs_plugs_et_chapelets\"><\/span>Vibrator plugs and rosaries&nbsp;<span class=\"ez-toc-section-end\"><\/span><\/h3>\n\n\n\n<p>This sextoy allows you to stimulate the P-spot. Contrary to what most people think, this vibrator is not just for gays. You can also try it even if you are heterosexual. Recommended for sodomy, this anal plug is an excellent sex toy. It also stimulates your prostate if you use it properly. You can get it at an affordable price.&nbsp;<\/p>\n\n\n\n<h3 class=\"wp-block-heading\"><span class=\"ez-toc-section\" id=\"Les_gaines_ou_masturbateurs\"><\/span>Sheaths or masturbators&nbsp;<span class=\"ez-toc-section-end\"><\/span><\/h3>\n\n\n\n<p>This model of sextoy is one of the best vibrators for men. You will find the sheaths in several models and types. There are sheaths&nbsp;<\/p>\n\n\n\n<ul class=\"wp-block-list\"><li>manual ;<\/li><li>automatic ;<\/li><li>heated ;<\/li><li>vibrating.<\/li><\/ul>\n\n\n\n<p>The texture makes it feel like you are having sex. Manual sheaths are cheaper than automatic ones. The automatic ones take you to the seventh century.<\/p>\n\n\n\n<figure class=\"wp-block-image\"><img decoding=\"async\" src=\"https:\/\/lh4.googleusercontent.com\/yYnDE_BkrsudZm358Uwv-UKkKixdmRUvC_JHf7PGAcw0HVRaUkIj1wxwDeGkQrME3n0bzduaE_JcQ8oQDBQmTBzuws5_hgZ9x1se8u9q0mr_jp2h20PADMFIUuNmXqEXj8uPu-BP\" alt=\"\"\/><\/figure>\n\n\n\n<h3 class=\"wp-block-heading\"><span class=\"ez-toc-section\" id=\"Le_masturbateur_play_Tr_myhixel\"><\/span>The play Tr myhixel masturbator&nbsp;<span class=\"ez-toc-section-end\"><\/span><\/h3>\n\n\n\n<p>Ce sextoy peut \u00eatre utilis\u00e9 seul ou \u00e0 deux. Il permet de retenir l&rsquo;\u00e9jaculation le plus longtemps possible. Gr\u00e2ce \u00e0 sa fonction chauffante, il procure une sensation de douceur et de plaisir. Il est dot\u00e9 d\u2019une batterie rechargeable gr\u00e2ce \u00e0 un fil USB.&nbsp;<\/p>","protected":false},"excerpt":{"rendered":"<p>A L\u2019instar des vibromasseurs pour femmes, les vibromasseurs pour hommes rec\u00e8lent \u00e9galement des sp\u00e9cificit\u00e9s qui conditionnent le choix de tout acheteur. Si vous d\u00e9sirez acqu\u00e9rir votre premier vibromasseur, vous devez tenir compte de certains \u00e9l\u00e9ments.Il s\u2019agit entre autres des sensations recherch\u00e9es, de votre exp\u00e9rience ou encore du design de l\u2019objet. Les crit\u00e8res de choix d\u2019un [&hellip;]<\/p>\n","protected":false},"author":1,"featured_media":0,"parent":0,"menu_order":0,"comment_status":"closed","ping_status":"closed","template":"","meta":{"_acf_changed":false,"_seopress_robots_primary_cat":"","_seopress_titles_title":"","_seopress_titles_desc":"","_seopress_robots_index":"","_uag_custom_page_level_css":"","site-sidebar-layout":"default","site-content-layout":"","ast-site-content-layout":"default","site-content-style":"default","site-sidebar-style":"default","ast-global-header-display":"","ast-banner-title-visibility":"","ast-main-header-display":"","ast-hfb-above-header-display":"","ast-hfb-below-header-display":"","ast-hfb-mobile-header-display":"","site-post-title":"","ast-breadcrumbs-content":"","ast-featured-img":"","footer-sml-layout":"","theme-transparent-header-meta":"","adv-header-id-meta":"","stick-header-meta":"","header-above-stick-meta":"","header-main-stick-meta":"","header-below-stick-meta":"","astra-migrate-meta-layouts":"default","ast-page-background-enabled":"default","ast-page-background-meta":{"desktop":{"background-color":"var(--ast-global-color-4)","background-image":"","background-repeat":"repeat","background-position":"center center","background-size":"auto","background-attachment":"scroll","background-type":"","background-media":"","overlay-type":"","overlay-color":"","overlay-opacity":"","overlay-gradient":""},"tablet":{"background-color":"","background-image":"","background-repeat":"repeat","background-position":"center center","background-size":"auto","background-attachment":"scroll","background-type":"","background-media":"","overlay-type":"","overlay-color":"","overlay-opacity":"","overlay-gradient":""},"mobile":{"background-color":"","background-image":"","background-repeat":"repeat","background-position":"center center","background-size":"auto","background-attachment":"scroll","background-type":"","background-media":"","overlay-type":"","overlay-color":"","overlay-opacity":"","overlay-gradient":""}},"ast-content-background-meta":{"desktop":{"background-color":"var(--ast-global-color-5)","background-image":"","background-repeat":"repeat","background-position":"center center","background-size":"auto","background-attachment":"scroll","background-type":"","background-media":"","overlay-type":"","overlay-color":"","overlay-opacity":"","overlay-gradient":""},"tablet":{"background-color":"var(--ast-global-color-5)","background-image":"","background-repeat":"repeat","background-position":"center center","background-size":"auto","background-attachment":"scroll","background-type":"","background-media":"","overlay-type":"","overlay-color":"","overlay-opacity":"","overlay-gradient":""},"mobile":{"background-color":"var(--ast-global-color-5)","background-image":"","background-repeat":"repeat","background-position":"center center","background-size":"auto","background-attachment":"scroll","background-type":"","background-media":"","overlay-type":"","overlay-color":"","overlay-opacity":"","overlay-gradient":""}},"footnotes":""},"class_list":["post-843","page","type-page","status-publish","hentry"],"acf":[],"uagb_featured_image_src":{"full":false,"thumbnail":false,"medium":false,"medium_large":false,"large":false,"1536x1536":false,"2048x2048":false,"trp-custom-language-flag":false,"ultp_layout_landscape_large":false,"ultp_layout_landscape":false,"ultp_layout_portrait":false,"ultp_layout_square":false},"uagb_author_info":{"display_name":"brigitte","author_link":"https:\/\/god-vibro.com\/en_gb\/author\/brigitte"},"uagb_comment_info":0,"uagb_excerpt":"A L\u2019instar des vibromasseurs pour femmes, les vibromasseurs pour hommes rec\u00e8lent \u00e9galement des sp\u00e9cificit\u00e9s qui conditionnent le choix de tout acheteur. Si vous d\u00e9sirez acqu\u00e9rir votre premier vibromasseur, vous devez tenir compte de certains \u00e9l\u00e9ments.Il s\u2019agit entre autres des sensations recherch\u00e9es, de votre exp\u00e9rience ou encore du design de l\u2019objet. Les crit\u00e8res de choix d\u2019un&hellip;","_links":{"self":[{"href":"https:\/\/god-vibro.com\/en_gb\/wp-json\/wp\/v2\/pages\/843","targetHints":{"allow":["GET"]}}],"collection":[{"href":"https:\/\/god-vibro.com\/en_gb\/wp-json\/wp\/v2\/pages"}],"about":[{"href":"https:\/\/god-vibro.com\/en_gb\/wp-json\/wp\/v2\/types\/page"}],"author":[{"embeddable":true,"href":"https:\/\/god-vibro.com\/en_gb\/wp-json\/wp\/v2\/users\/1"}],"replies":[{"embeddable":true,"href":"https:\/\/god-vibro.com\/en_gb\/wp-json\/wp\/v2\/comments?post=843"}],"version-history":[{"count":0,"href":"https:\/\/god-vibro.com\/en_gb\/wp-json\/wp\/v2\/pages\/843\/revisions"}],"wp:attachment":[{"href":"https:\/\/god-vibro.com\/en_gb\/wp-json\/wp\/v2\/media?parent=843"}],"curies":[{"name":"wp","href":"https:\/\/api.w.org\/{rel}","templated":true}]}}