{"id":610,"date":"2021-11-25T19:34:15","date_gmt":"2021-11-25T19:34:15","guid":{"rendered":"https:\/\/god-vibro.com\/?page_id=610"},"modified":"2021-12-08T01:50:43","modified_gmt":"2021-12-08T01:50:43","slug":"sextoys-connectes-vibromasseur-bluetooth","status":"publish","type":"page","link":"https:\/\/god-vibro.com\/en_gb\/sextoys-connected-vibromassage-bluetooth.html","title":{"rendered":"Connected Sextoys and Bluetooth Vibrators: How it works"},"content":{"rendered":"<p>Maintaining a long-distance relationship is usually difficult. Physical contact is essential to any relationship. Fortunately, technology has made it possible to create sex toys specifically designed for long-distance adventures.&nbsp;<\/p>\n\n\n\n<p>These sex toys, connected remotely via an app, enable couples to continue to arouse each other even if they are physically far apart.<\/p>\n\n\n\n<div id=\"ez-toc-container\" class=\"ez-toc-v2_0_82_2 counter-hierarchy ez-toc-counter ez-toc-custom ez-toc-container-direction\">\n<div class=\"ez-toc-title-container\">\n<p class=\"ez-toc-title\" style=\"cursor:inherit\">Contents <\/p>\n<span class=\"ez-toc-title-toggle\"><a href=\"#\" class=\"ez-toc-pull-right ez-toc-btn ez-toc-btn-xs ez-toc-btn-default ez-toc-toggle\" aria-label=\"Toggle Table of Content\"><span class=\"ez-toc-js-icon-con\"><span class=\"\"><span class=\"eztoc-hide\" style=\"display:none;\">Toggle<\/span><span class=\"ez-toc-icon-toggle-span\"><svg style=\"fill: #999;color:#999\" xmlns=\"http:\/\/www.w3.org\/2000\/svg\" class=\"list-377408\" width=\"20px\" height=\"20px\" viewbox=\"0 0 24 24\" fill=\"none\"><path d=\"M6 6H4v2h2V6zm14 0H8v2h12V6zM4 11h2v2H4v-2zm16 0H8v2h12v-2zM4 16h2v2H4v-2zm16 0H8v2h12v-2z\" fill=\"currentColor\"><\/path><\/svg><svg style=\"fill: #999;color:#999\" class=\"arrow-unsorted-368013\" xmlns=\"http:\/\/www.w3.org\/2000\/svg\" width=\"10px\" height=\"10px\" viewbox=\"0 0 24 24\" version=\"1.2\" baseprofile=\"tiny\"><path d=\"M18.2 9.3l-6.2-6.3-6.2 6.3c-.2.2-.3.4-.3.7s.1.5.3.7c.2.2.4.3.7.3h11c.3 0 .5-.1.7-.3.2-.2.3-.5.3-.7s-.1-.5-.3-.7zM5.8 14.7l6.2 6.3 6.2-6.3c.2-.2.3-.5.3-.7s-.1-.5-.3-.7c-.2-.2-.4-.3-.7-.3h-11c-.3 0-.5.1-.7.3-.2.2-.3.5-.3.7s.1.5.3.7z\"\/><\/svg><\/span><\/span><\/span><\/a><\/span><\/div>\n<nav><ul class='ez-toc-list ez-toc-list-level-1 eztoc-toggle-hide-by-default' ><li class='ez-toc-page-1 ez-toc-heading-level-2'><a class=\"ez-toc-link ez-toc-heading-1\" href=\"https:\/\/god-vibro.com\/en_gb\/sextoys-connected-vibromassage-bluetooth.html\/#Fonctionnement_du_sextoy_connecte\" >How the connected sextoy works&nbsp;<\/a><\/li><li class='ez-toc-page-1 ez-toc-heading-level-2'><a class=\"ez-toc-link ez-toc-heading-2\" href=\"https:\/\/god-vibro.com\/en_gb\/sextoys-connected-vibromassage-bluetooth.html\/#Utilisation_dun_sextoy_connecte\" >Using a connected sextoy&nbsp;<\/a><\/li><li class='ez-toc-page-1 ez-toc-heading-level-2'><a class=\"ez-toc-link ez-toc-heading-3\" href=\"https:\/\/god-vibro.com\/en_gb\/sextoys-connected-vibromassage-bluetooth.html\/#Avantage_de_lutilisation_des_sextoys_connectes\" >Benefits of using connected sex toys&nbsp;<\/a><\/li><li class='ez-toc-page-1 ez-toc-heading-level-2'><a class=\"ez-toc-link ez-toc-heading-4\" href=\"https:\/\/god-vibro.com\/en_gb\/sextoys-connected-vibromassage-bluetooth.html\/#Differents_types_de_sextoy_connecte\" >Different types of connected sextoy<\/a><ul class='ez-toc-list-level-3' ><li class='ez-toc-heading-level-3'><a class=\"ez-toc-link ez-toc-heading-5\" href=\"https:\/\/god-vibro.com\/en_gb\/sextoys-connected-vibromassage-bluetooth.html\/#Le_stimulateur_de_clitoris\" >The clitoral stimulator&nbsp;<\/a><\/li><li class='ez-toc-page-1 ez-toc-heading-level-3'><a class=\"ez-toc-link ez-toc-heading-6\" href=\"https:\/\/god-vibro.com\/en_gb\/sextoys-connected-vibromassage-bluetooth.html\/#Le_stimulateur_anal\" >The anal stimulator&nbsp;<\/a><\/li><li class='ez-toc-page-1 ez-toc-heading-level-3'><a class=\"ez-toc-link ez-toc-heading-7\" href=\"https:\/\/god-vibro.com\/en_gb\/sextoys-connected-vibromassage-bluetooth.html\/#Le_stimulateur_prostatique\" >The prostate stimulator<\/a><\/li><\/ul><\/li><li class='ez-toc-page-1 ez-toc-heading-level-2'><a class=\"ez-toc-link ez-toc-heading-8\" href=\"https:\/\/god-vibro.com\/en_gb\/sextoys-connected-vibromassage-bluetooth.html\/#Top_07_des_meilleurs_sextoys_connectes\" >Top 07 best connected sex toys<\/a><ul class='ez-toc-list-level-3' ><li class='ez-toc-heading-level-3'><a class=\"ez-toc-link ez-toc-heading-9\" href=\"https:\/\/god-vibro.com\/en_gb\/sextoys-connected-vibromassage-bluetooth.html\/#We-Vibe_Chorus\" >We-Vibe Chorus<\/a><\/li><li class='ez-toc-page-1 ez-toc-heading-level-3'><a class=\"ez-toc-link ez-toc-heading-10\" href=\"https:\/\/god-vibro.com\/en_gb\/sextoys-connected-vibromassage-bluetooth.html\/#Vibrateur_pour_culotte_We-Vibe_Moxie\" >We-Vibe Moxie panty vibrator<\/a><\/li><li class='ez-toc-page-1 ez-toc-heading-level-3'><a class=\"ez-toc-link ez-toc-heading-11\" href=\"https:\/\/god-vibro.com\/en_gb\/sextoys-connected-vibromassage-bluetooth.html\/#Clion_par_KIIROO_Vibrateur_de_stimulation_du_clitoris\" >Clion by KIIROO Clitoral stimulation vibrator<\/a><\/li><li class='ez-toc-page-1 ez-toc-heading-level-3'><a class=\"ez-toc-link ez-toc-heading-12\" href=\"https:\/\/god-vibro.com\/en_gb\/sextoys-connected-vibromassage-bluetooth.html\/#Vibrateur_pour_culotte_de_luxe_controle_par_une_application\" >Luxury panty vibrator controlled by an app<\/a><\/li><li class='ez-toc-page-1 ez-toc-heading-level-3'><a class=\"ez-toc-link ez-toc-heading-13\" href=\"https:\/\/god-vibro.com\/en_gb\/sextoys-connected-vibromassage-bluetooth.html\/#Masturbateur_masculin_interactif_KIIROO_Onyx\" >KIIROO Onyx+ interactive male masturbator<\/a><\/li><li class='ez-toc-page-1 ez-toc-heading-level-3'><a class=\"ez-toc-link ez-toc-heading-14\" href=\"https:\/\/god-vibro.com\/en_gb\/sextoys-connected-vibromassage-bluetooth.html\/#We-Vibe_Pivot_Anneau_de_bite_vibrant_controle_par_une_application\" >We-Vibe Pivot Vibrating dick ring controlled by an app<\/a><\/li><li class='ez-toc-page-1 ez-toc-heading-level-3'><a class=\"ez-toc-link ez-toc-heading-15\" href=\"https:\/\/god-vibro.com\/en_gb\/sextoys-connected-vibromassage-bluetooth.html\/#Vibrateur_pour_culotte_Vibease\" >Vibease panty vibrator<\/a><\/li><\/ul><\/li><\/ul><\/nav><\/div>\n<h2 class=\"wp-block-heading\"><span class=\"ez-toc-section\" id=\"Fonctionnement_du_sextoy_connecte\"><\/span>How the connected sextoy works&nbsp;<span class=\"ez-toc-section-end\"><\/span><\/h2>\n\n\n\n<p>The operation of a connected sextoy is simple. One partner has the sextoy, the other controls it via an application.<\/p>\n\n\n\n<p>Installed on Android or IOS, this application comes with the sextoy and can be used from anywhere connected to the internet.<\/p>\n\n\n\n<p>Sit back and relax or get together via Skype for example and enjoy a special moment together.<\/p>\n\n\n\n<p>This type of sextoy can also be used face to face during a dinner in a restaurant to increase the pressure, or alone for singles.<\/p>\n\n\n\n<h2 class=\"wp-block-heading\"><span class=\"ez-toc-section\" id=\"Utilisation_dun_sextoy_connecte\"><\/span>Using a connected sextoy&nbsp;<span class=\"ez-toc-section-end\"><\/span><\/h2>\n\n\n\n<p>Consult the user guide of your connected sextoy to know the name of the application to download or the Qr Code to scan in order to connect your sextoy to a phone. &nbsp;<\/p>\n\n\n\n<p>If it is a panty vibrator, place it in your underwear and play with the intensity modes. You can also leave this function to your partner. He or she will then be in control of the object and will be responsible for giving you pleasure.&nbsp;<\/p>\n\n\n\n<p>The we-vibe is a very powerful technology. Gadgets with this system work thousands of miles away. To use them, you need to register your settings on the application you have downloaded. Then you have to send an invitation to your partner. The app has video and voice control. Pair it with your phone and let the imagination do the rest.<\/p>\n\n\n\n<figure class=\"wp-block-image\"><img decoding=\"async\" src=\"https:\/\/lh3.googleusercontent.com\/JbQ74IPjPN47ZOc668J_ZHHX9DPZj02nQ7m4n1xgg43KFSeOZ5L5R4cRqXhJvdvIgrtWr4ktn0q3KaUVgQJfPVwLsRAj6iNiWosXkLN-uaQKZaerhFUOTWbLhsXzjQTYejO6eFH6\" alt=\"\"\/><\/figure>\n\n\n\n<h2 class=\"wp-block-heading\"><span class=\"ez-toc-section\" id=\"Avantage_de_lutilisation_des_sextoys_connectes\"><\/span>Benefits of using connected sex toys&nbsp;<span class=\"ez-toc-section-end\"><\/span><\/h2>\n\n\n\n<p>With connected sex toys, you can masturbate, give your partner pleasure or receive pleasure yourself. With the help of some of the best sex toys for couples on the market, your love will feel like they're part of the action, too. We can't promise they'll save a long-distance relationship, but they'll still help keep things going and ease sexual frustration.<\/p>\n\n\n\n<p>Don't forget to use lubricant and to clean objects thoroughly after use.&nbsp;<\/p>\n\n\n\n<h2 class=\"wp-block-heading\"><span class=\"ez-toc-section\" id=\"Differents_types_de_sextoy_connecte\"><\/span>Different types of connected sextoy<span class=\"ez-toc-section-end\"><\/span><\/h2>\n\n\n\n<p>There are several types of connected sex toys, including :&nbsp;<\/p>\n\n\n\n<ul class=\"wp-block-list\"><li>clitoral stimulator ;<\/li><li>anal stimulator ;<\/li><li>prostate stimulator ;<\/li><li>vibrator ;<\/li><li>vibrating egg ;<\/li><li>etc.<\/li><\/ul>\n\n\n\n<h3 class=\"wp-block-heading\"><span class=\"ez-toc-section\" id=\"Le_stimulateur_de_clitoris\"><\/span>The clitoral stimulator&nbsp;<span class=\"ez-toc-section-end\"><\/span><\/h3>\n\n\n\n<p>Excellent toy to stimulate your partner's G-spot. They can be used alone or as a couple. For more pleasure, leave the intensity function to your partner. You won't regret it.&nbsp;<\/p>\n\n\n\n<p>This type of stimulator can be used for foreplay, and can even make your partner reach orgasm.<\/p>\n\n\n\n<h3 class=\"wp-block-heading\"><span class=\"ez-toc-section\" id=\"Le_stimulateur_anal\"><\/span>The anal stimulator&nbsp;<span class=\"ez-toc-section-end\"><\/span><\/h3>\n\n\n\n<p>The anal stimulator is a connected sextoy that gives you a sensation in the anus. A great toy for anyone who wants to try out new sensations, they come in different sizes, shapes and textures. Choose the one that suits you and pair it with your smartphone.&nbsp;<\/p>\n\n\n\n<h3 class=\"wp-block-heading\"><span class=\"ez-toc-section\" id=\"Le_stimulateur_prostatique\"><\/span>The prostate stimulator<span class=\"ez-toc-section-end\"><\/span><\/h3>\n\n\n\n<p>It is an excellent masturbator for men.  It allows you to better discover your body and to enjoy yourself alone or as a couple. To spice up the act, let your partner decide on the power and intensity of the vibrations.&nbsp;<\/p>\n\n\n\n<figure class=\"wp-block-image\"><img decoding=\"async\" src=\"https:\/\/lh5.googleusercontent.com\/V5NQNT04Tt6GfMKDtJG15rYJaEMlMMVXT1_bSeNC7wSS7duzKuzEb4uiTnAFLAseS0jZEP5GsqrgXFX1YH0QmH_xYsSDoT93onGLlTJG78hC0uoJKAdR4X4Peibgxp5JdF0aMfdw\" alt=\"\"\/><\/figure>\n\n\n\n<h2 class=\"wp-block-heading\"><span class=\"ez-toc-section\" id=\"Top_07_des_meilleurs_sextoys_connectes\"><\/span>Top 07 best connected sex toys<span class=\"ez-toc-section-end\"><\/span><\/h2>\n\n\n\n<p>There are many connected sex toys. Among this wide range, we can mention :&nbsp;<\/p>\n\n\n\n<ul class=\"wp-block-list\"><li>we-vibe chorus ;<\/li><li>We-Vibe Moxie panty vibrator;<\/li><li>clion by KIIROO Clitoral stimulation vibrator ;<\/li><li>luxury panty vibrator controlled by an app ;<\/li><li>KIIROO Onyx+ interactive male mastubarator;<\/li><li>we-vibe Pivot Vibrating dick ring controlled by an application.<\/li><\/ul>\n\n\n\n<p>These connected sex toys have been selected by us based on their quality, manufacturing materials, price and customer reviews.&nbsp;<\/p>\n\n\n\n<h3 class=\"wp-block-heading\"><span class=\"ez-toc-section\" id=\"We-Vibe_Chorus\"><\/span>We-Vibe Chorus<span class=\"ez-toc-section-end\"><\/span><\/h3>\n\n\n\n<p>This toy from We-Vibe is designed to adapt to the shape of the person wearing it, providing hands-free fun indoors and out. Waterproof and rechargeable, it offers 3 speeds, 7 vibration modes and a high-tech remote control that adjusts the intensity of the vibrations to your liking.&nbsp;<\/p>\n\n\n\n<p>It links up with a phone app so your partner can play with you wherever they are. It's versatile enough to be used during sex when you finally get together in person.<\/p>\n\n\n\n<h3 class=\"wp-block-heading\"><span class=\"ez-toc-section\" id=\"Vibrateur_pour_culotte_We-Vibe_Moxie\"><\/span>We-Vibe Moxie panty vibrator<span class=\"ez-toc-section-end\"><\/span><\/h3>\n\n\n\n<p>Moxie fans love this popular wearable panty vibrator for its discreet size. It has a flat, pebble-sized magnet that allows it to be attached to any underwear. It has 10 vibration modes, so there's plenty of variety. It comes with an easy-to-use remote control and works with the We-Connect app.<\/p>\n\n\n\n<h3 class=\"wp-block-heading\"><span class=\"ez-toc-section\" id=\"Clion_par_KIIROO_Vibrateur_de_stimulation_du_clitoris\"><\/span>Clion by KIIROO Clitoral stimulation vibrator<span class=\"ez-toc-section-end\"><\/span><\/h3>\n\n\n\n<p>Amsterdam-based KIIROO's tech toys are made \u00bbfor online love\u00ab, and this lovely waterproof clitoral stimulator is compatible to connect with the rest of their products.&nbsp;<\/p>\n\n\n\n<p>Like their muffs for partners with penises, or their OhMiBod line via their FeelConnect app for IOS and Android, they have several gadgets for partners to stimulate each other.&nbsp;<\/p>\n\n\n\n<p>With a virtual reality (VR) headset, for example, people can also use their toy with interactive adult content.<\/p>\n\n\n\n<h3 class=\"wp-block-heading\"><span class=\"ez-toc-section\" id=\"Vibrateur_pour_culotte_de_luxe_controle_par_une_application\"><\/span>Luxury panty vibrator controlled by an app<span class=\"ez-toc-section-end\"><\/span><\/h3>\n\n\n\n<p>Lovehoney's entry into the world of app-controlled panty vibrators has been the subject of much criticism. This gadget offers twelve speeds and eight patterns. It also comes with black lace lingerie tied with a ribbon to house the sextoy.&nbsp;<\/p>\n\n\n\n<p>It's waterproof and you can use the controls in the Desire app to have fun in complete freedom, or let your partner do it for you.<\/p>\n\n\n\n<h3 class=\"wp-block-heading\"><span class=\"ez-toc-section\" id=\"Masturbateur_masculin_interactif_KIIROO_Onyx\"><\/span>KIIROO Onyx+ interactive male masturbator<span class=\"ez-toc-section-end\"><\/span><\/h3>\n\n\n\n<p>For couples who want to replicate the experience of sex in person (to the extent that reality can be simulated by technology), the Kiiroo Onyx+ is a well-reviewed masturbator.&nbsp;<\/p>\n\n\n\n<p>It connects to Cliona and other Bluetooth toys from the brand for mutually enjoyable video chat sessions. With 10 contracting rings inside, it has three modes (including \u00abinteractive\u00bb). You can also buy Onyx and Cliona as a pair.&nbsp;<\/p>\n\n\n\n<h3 class=\"wp-block-heading\"><span class=\"ez-toc-section\" id=\"We-Vibe_Pivot_Anneau_de_bite_vibrant_controle_par_une_application\"><\/span>We-Vibe Pivot Vibrating dick ring controlled by an app<span class=\"ez-toc-section-end\"><\/span><\/h3>\n\n\n\n<p>The Pivot is ideal for solo use or during face-to-face sex, as it offers over 10 vibration options. You can also use the We-Connect app to remotely control the ring's vibrations and personalise your settings by remembering the vibration patterns you like for next time.<\/p>\n\n\n\n<figure class=\"wp-block-image\"><img decoding=\"async\" src=\"https:\/\/lh6.googleusercontent.com\/1PJPWsqFksXUa8CZiikB6HvhtmgPcfr_RYLMa7pwZJyxLsrxSaDJbFovTA-rW1Km-YCj8CCWQSiIZMxTd712Ut64qxu22GaqlzQ7BEXGh9_U85hIuFy2ieGNDypi12zdvmvOcGHc\" alt=\"\"\/><\/figure>\n\n\n\n<h3 class=\"wp-block-heading\"><span class=\"ez-toc-section\" id=\"Vibrateur_pour_culotte_Vibease\"><\/span>Vibease panty vibrator<span class=\"ez-toc-section-end\"><\/span><\/h3>\n\n\n\n<p>Vibease is a panty vibrator with a literary twist. It synchronises with a series of sexy audio books via an app. Which is great news for fans of erotica. You can use it alone or with a partner thanks to the app provided. Its pointed shape is ideal for a wide range of users. The Vibease also has 5 vibration modes, so there's something for everyone.<\/p>\n\n\n\n<p><\/p>\n\n\n\n<p><\/p>","protected":false},"excerpt":{"rendered":"<p>Entretenir une relation \u00e0 distance est g\u00e9n\u00e9ralement difficile. Les rapports physiques sont en effet primordiaux pour toute relation de couple. Heureusement,&nbsp; la technologie a permis de cr\u00e9er des jouets sexuels sp\u00e9cialement con\u00e7us pour les aventures \u00e0 distance.&nbsp; Ces sextoys, connect\u00e9s \u00e0 distance via une application, permettent aux couples de continuer \u00e0 s\u2019exciter mutuellement m\u00eame s&rsquo; [&hellip;]<\/p>\n","protected":false},"author":1,"featured_media":612,"parent":0,"menu_order":0,"comment_status":"closed","ping_status":"closed","template":"","meta":{"_acf_changed":false,"_seopress_robots_primary_cat":"","_seopress_titles_title":"","_seopress_titles_desc":"","_seopress_robots_index":"","_uag_custom_page_level_css":"","site-sidebar-layout":"default","site-content-layout":"","ast-site-content-layout":"default","site-content-style":"default","site-sidebar-style":"default","ast-global-header-display":"","ast-banner-title-visibility":"","ast-main-header-display":"","ast-hfb-above-header-display":"","ast-hfb-below-header-display":"","ast-hfb-mobile-header-display":"","site-post-title":"","ast-breadcrumbs-content":"","ast-featured-img":"","footer-sml-layout":"","theme-transparent-header-meta":"","adv-header-id-meta":"","stick-header-meta":"","header-above-stick-meta":"","header-main-stick-meta":"","header-below-stick-meta":"","astra-migrate-meta-layouts":"default","ast-page-background-enabled":"default","ast-page-background-meta":{"desktop":{"background-color":"var(--ast-global-color-4)","background-image":"","background-repeat":"repeat","background-position":"center center","background-size":"auto","background-attachment":"scroll","background-type":"","background-media":"","overlay-type":"","overlay-color":"","overlay-opacity":"","overlay-gradient":""},"tablet":{"background-color":"","background-image":"","background-repeat":"repeat","background-position":"center center","background-size":"auto","background-attachment":"scroll","background-type":"","background-media":"","overlay-type":"","overlay-color":"","overlay-opacity":"","overlay-gradient":""},"mobile":{"background-color":"","background-image":"","background-repeat":"repeat","background-position":"center center","background-size":"auto","background-attachment":"scroll","background-type":"","background-media":"","overlay-type":"","overlay-color":"","overlay-opacity":"","overlay-gradient":""}},"ast-content-background-meta":{"desktop":{"background-color":"var(--ast-global-color-5)","background-image":"","background-repeat":"repeat","background-position":"center center","background-size":"auto","background-attachment":"scroll","background-type":"","background-media":"","overlay-type":"","overlay-color":"","overlay-opacity":"","overlay-gradient":""},"tablet":{"background-color":"var(--ast-global-color-5)","background-image":"","background-repeat":"repeat","background-position":"center center","background-size":"auto","background-attachment":"scroll","background-type":"","background-media":"","overlay-type":"","overlay-color":"","overlay-opacity":"","overlay-gradient":""},"mobile":{"background-color":"var(--ast-global-color-5)","background-image":"","background-repeat":"repeat","background-position":"center center","background-size":"auto","background-attachment":"scroll","background-type":"","background-media":"","overlay-type":"","overlay-color":"","overlay-opacity":"","overlay-gradient":""}},"footnotes":""},"class_list":["post-610","page","type-page","status-publish","has-post-thumbnail","hentry"],"acf":[],"uagb_featured_image_src":{"full":["https:\/\/god-vibro.com\/wp-content\/uploads\/2021\/11\/sextoy-connecte.jpg",850,494,false],"thumbnail":["https:\/\/god-vibro.com\/wp-content\/uploads\/2021\/11\/sextoy-connecte-150x150.jpg",150,150,true],"medium":["https:\/\/god-vibro.com\/wp-content\/uploads\/2021\/11\/sextoy-connecte-300x174.jpg",300,174,true],"medium_large":["https:\/\/god-vibro.com\/wp-content\/uploads\/2021\/11\/sextoy-connecte-768x446.jpg",768,446,true],"large":["https:\/\/god-vibro.com\/wp-content\/uploads\/2021\/11\/sextoy-connecte.jpg",850,494,false],"1536x1536":["https:\/\/god-vibro.com\/wp-content\/uploads\/2021\/11\/sextoy-connecte.jpg",850,494,false],"2048x2048":["https:\/\/god-vibro.com\/wp-content\/uploads\/2021\/11\/sextoy-connecte.jpg",850,494,false],"trp-custom-language-flag":["https:\/\/god-vibro.com\/wp-content\/uploads\/2021\/11\/sextoy-connecte.jpg",18,10,false],"ultp_layout_landscape_large":["https:\/\/god-vibro.com\/wp-content\/uploads\/2021\/11\/sextoy-connecte.jpg",850,494,false],"ultp_layout_landscape":["https:\/\/god-vibro.com\/wp-content\/uploads\/2021\/11\/sextoy-connecte.jpg",850,494,false],"ultp_layout_portrait":["https:\/\/god-vibro.com\/wp-content\/uploads\/2021\/11\/sextoy-connecte.jpg",600,349,false],"ultp_layout_square":["https:\/\/god-vibro.com\/wp-content\/uploads\/2021\/11\/sextoy-connecte.jpg",600,349,false]},"uagb_author_info":{"display_name":"brigitte","author_link":"https:\/\/god-vibro.com\/en_gb\/author\/brigitte"},"uagb_comment_info":0,"uagb_excerpt":"Entretenir une relation \u00e0 distance est g\u00e9n\u00e9ralement difficile. Les rapports physiques sont en effet primordiaux pour toute relation de couple. Heureusement,&nbsp; la technologie a permis de cr\u00e9er des jouets sexuels sp\u00e9cialement con\u00e7us pour les aventures \u00e0 distance.&nbsp; Ces sextoys, connect\u00e9s \u00e0 distance via une application, permettent aux couples de continuer \u00e0 s\u2019exciter mutuellement m\u00eame s&rsquo;&hellip;","_links":{"self":[{"href":"https:\/\/god-vibro.com\/en_gb\/wp-json\/wp\/v2\/pages\/610","targetHints":{"allow":["GET"]}}],"collection":[{"href":"https:\/\/god-vibro.com\/en_gb\/wp-json\/wp\/v2\/pages"}],"about":[{"href":"https:\/\/god-vibro.com\/en_gb\/wp-json\/wp\/v2\/types\/page"}],"author":[{"embeddable":true,"href":"https:\/\/god-vibro.com\/en_gb\/wp-json\/wp\/v2\/users\/1"}],"replies":[{"embeddable":true,"href":"https:\/\/god-vibro.com\/en_gb\/wp-json\/wp\/v2\/comments?post=610"}],"version-history":[{"count":0,"href":"https:\/\/god-vibro.com\/en_gb\/wp-json\/wp\/v2\/pages\/610\/revisions"}],"wp:featuredmedia":[{"embeddable":true,"href":"https:\/\/god-vibro.com\/en_gb\/wp-json\/wp\/v2\/media\/612"}],"wp:attachment":[{"href":"https:\/\/god-vibro.com\/en_gb\/wp-json\/wp\/v2\/media?parent=610"}],"curies":[{"name":"wp","href":"https:\/\/api.w.org\/{rel}","templated":true}]}}