{"id":570,"date":"2021-11-23T00:29:56","date_gmt":"2021-11-23T00:29:56","guid":{"rendered":"https:\/\/god-vibro.com\/?page_id=570"},"modified":"2021-12-08T01:50:43","modified_gmt":"2021-12-08T01:50:43","slug":"comment-choisir-son-premier-vibromasseur-pour-femme","status":"publish","type":"page","link":"https:\/\/god-vibro.com\/en_au\/how-to-choose-your-first-woman-vibrator.html","title":{"rendered":"How to choose your first female vibrator"},"content":{"rendered":"<p>Before buying a vibrator, it is important to check certain parameters that can guarantee the quality of the equipment. Both male and female vibrators have their own specific characteristics.<\/p>\n\n\n\n<p>When choosing a vibrator for women, you need to consider aspects such as design, size and texture.<\/p>\n\n\n\n<div id=\"ez-toc-container\" class=\"ez-toc-v2_0_82_2 counter-hierarchy ez-toc-counter ez-toc-custom ez-toc-container-direction\">\n<div class=\"ez-toc-title-container\">\n<p class=\"ez-toc-title\" style=\"cursor:inherit\">Contents <\/p>\n<span class=\"ez-toc-title-toggle\"><a href=\"#\" class=\"ez-toc-pull-right ez-toc-btn ez-toc-btn-xs ez-toc-btn-default ez-toc-toggle\" aria-label=\"Toggle Table of Content\"><span class=\"ez-toc-js-icon-con\"><span class=\"\"><span class=\"eztoc-hide\" style=\"display:none;\">Toggle<\/span><span class=\"ez-toc-icon-toggle-span\"><svg style=\"fill: #999;color:#999\" xmlns=\"http:\/\/www.w3.org\/2000\/svg\" class=\"list-377408\" width=\"20px\" height=\"20px\" viewbox=\"0 0 24 24\" fill=\"none\"><path d=\"M6 6H4v2h2V6zm14 0H8v2h12V6zM4 11h2v2H4v-2zm16 0H8v2h12v-2zM4 16h2v2H4v-2zm16 0H8v2h12v-2z\" fill=\"currentColor\"><\/path><\/svg><svg style=\"fill: #999;color:#999\" class=\"arrow-unsorted-368013\" xmlns=\"http:\/\/www.w3.org\/2000\/svg\" width=\"10px\" height=\"10px\" viewbox=\"0 0 24 24\" version=\"1.2\" baseprofile=\"tiny\"><path d=\"M18.2 9.3l-6.2-6.3-6.2 6.3c-.2.2-.3.4-.3.7s.1.5.3.7c.2.2.4.3.7.3h11c.3 0 .5-.1.7-.3.2-.2.3-.5.3-.7s-.1-.5-.3-.7zM5.8 14.7l6.2 6.3 6.2-6.3c.2-.2.3-.5.3-.7s-.1-.5-.3-.7c-.2-.2-.4-.3-.7-.3h-11c-.3 0-.5.1-.7.3-.2.2-.3.5-.3.7s.1.5.3.7z\"\/><\/svg><\/span><\/span><\/span><\/a><\/span><\/div>\n<nav><ul class='ez-toc-list ez-toc-list-level-1 eztoc-toggle-hide-by-default' ><li class='ez-toc-page-1 ez-toc-heading-level-2'><a class=\"ez-toc-link ez-toc-heading-1\" href=\"https:\/\/god-vibro.com\/en_au\/how-to-choose-your-first-woman-vibrator.html\/#Les_criteres_de_choix_dun_vibromasseur\" >Criteria for choosing a vibrator&nbsp;<\/a><ul class='ez-toc-list-level-3' ><li class='ez-toc-heading-level-3'><a class=\"ez-toc-link ez-toc-heading-2\" href=\"https:\/\/god-vibro.com\/en_au\/how-to-choose-your-first-woman-vibrator.html\/#La_taille\" >The size<\/a><\/li><li class='ez-toc-page-1 ez-toc-heading-level-3'><a class=\"ez-toc-link ez-toc-heading-3\" href=\"https:\/\/god-vibro.com\/en_au\/how-to-choose-your-first-woman-vibrator.html\/#La_forme_et_la_sensation\" >Form and feel<\/a><\/li><li class='ez-toc-page-1 ez-toc-heading-level-3'><a class=\"ez-toc-link ez-toc-heading-4\" href=\"https:\/\/god-vibro.com\/en_au\/how-to-choose-your-first-woman-vibrator.html\/#Les_materiaux_et_la_texture\" >Materials and texture<\/a><\/li><\/ul><\/li><li class='ez-toc-page-1 ez-toc-heading-level-2'><a class=\"ez-toc-link ez-toc-heading-5\" href=\"https:\/\/god-vibro.com\/en_au\/how-to-choose-your-first-woman-vibrator.html\/#Quelques_exemples_de_premier_sextoy\" >Some examples of the first sextoy<\/a><ul class='ez-toc-list-level-3' ><li class='ez-toc-heading-level-3'><a class=\"ez-toc-link ez-toc-heading-6\" href=\"https:\/\/god-vibro.com\/en_au\/how-to-choose-your-first-woman-vibrator.html\/#Le_design\" >The design&nbsp;<\/a><\/li><li class='ez-toc-page-1 ez-toc-heading-level-3'><a class=\"ez-toc-link ez-toc-heading-7\" href=\"https:\/\/god-vibro.com\/en_au\/how-to-choose-your-first-woman-vibrator.html\/#Lintensite_des_vibrations\" >The intensity of the vibrations&nbsp;<\/a><\/li><li class='ez-toc-page-1 ez-toc-heading-level-3'><a class=\"ez-toc-link ez-toc-heading-8\" href=\"https:\/\/god-vibro.com\/en_au\/how-to-choose-your-first-woman-vibrator.html\/#Les_gadgets_et_accessoires\" >Gadgets and accessories<\/a><\/li><li class='ez-toc-page-1 ez-toc-heading-level-3'><a class=\"ez-toc-link ez-toc-heading-9\" href=\"https:\/\/god-vibro.com\/en_au\/how-to-choose-your-first-woman-vibrator.html\/#Le_prix\" >The price<\/a><\/li><\/ul><\/li><li class='ez-toc-page-1 ez-toc-heading-level-2'><a class=\"ez-toc-link ez-toc-heading-10\" href=\"https:\/\/god-vibro.com\/en_au\/how-to-choose-your-first-woman-vibrator.html\/#Les_avantages_de_lutilisation_dun_vibromasseur\" >The benefits of using a vibrator&nbsp;<\/a><\/li><\/ul><\/nav><\/div>\n<h2 class=\"wp-block-heading\"><span class=\"ez-toc-section\" id=\"Les_criteres_de_choix_dun_vibromasseur\"><\/span>Criteria for choosing a vibrator&nbsp;<span class=\"ez-toc-section-end\"><\/span><\/h2>\n\n\n\n<p>When buying your first vibrator, there are a few things you should consider. These are :<\/p>\n\n\n\n<ul class=\"wp-block-list\"><li>size ;<\/li><li>form and feel ;<\/li><li>materials and texture ;<\/li><li>the intensity of the vibrations ;<\/li><li>design.<\/li><\/ul>\n\n\n\n<p>You should also consider the gadgets and price of the vibrator.&nbsp;<\/p>\n\n\n\n<h3 class=\"wp-block-heading\"><span class=\"ez-toc-section\" id=\"La_taille\"><\/span>The size<span class=\"ez-toc-section-end\"><\/span><\/h3>\n\n\n\n<p>Vibrators come in different sizes. You can easily make the wrong choice when you first buy one.<\/p>\n\n\n\n<p>Consider what you enjoy most when you masturbate and make love. If you're pleasuring yourself with a finger, a large or penis-like vibrator may pack too much of a punch or stimulate too many areas at once. You can also get the biggest if your sexual partner is well endowed.&nbsp;<\/p>\n\n\n\n<h3 class=\"wp-block-heading\"><span class=\"ez-toc-section\" id=\"La_forme_et_la_sensation\"><\/span>Form and feel<span class=\"ez-toc-section-end\"><\/span><\/h3>\n\n\n\n<p>Once you have determined the size, you should also consider the sensation. You need to focus on how you want a vibrator to feel. Only then will you be able to find the best shape of vibrator. People tend to look for five types of sensation. These are the sensation&nbsp;<\/p>\n\n\n\n<ul class=\"wp-block-list\"><li>internal ;<\/li><li>clitoral ;<\/li><li>combined internal-clitoral ;<\/li><li>anal and ;<\/li><li>double penetration (vaginal + anal).&nbsp;<\/li><\/ul>\n\n\n\n<p>The brains behind vibrators know that pleasure comes from many places, so they've created tons of uniquely shaped toys that can adapt to your needs.<\/p>\n\n\n\n<p>If you're not sure what suits you best, take a minute to think about how you treat yourself.&nbsp;<\/p>\n\n\n\n<p>Do you enjoy intense, localised sensations? Do you get pleasure in the same way every time, or do you need something that can work in different ways?<\/p>\n\n\n\n<p>You should consider what stimulates you the most when looking for your sextoy. If you don't really know what to look for, an internal toy is recommended.&nbsp;<\/p>\n\n\n\n<h3 class=\"wp-block-heading\"><span class=\"ez-toc-section\" id=\"Les_materiaux_et_la_texture\"><\/span>Materials and texture<span class=\"ez-toc-section-end\"><\/span><\/h3>\n\n\n\n<p>It's essential to check what a sex toy is made of before you buy it. Silicone sextoy is a favourite, and many well-known brands only use medical grade silicone. It's easy to clean with soap and water, making it healthy and safe for the body.<\/p>\n\n\n\n<p>Other interesting options are also available. These include metal, stainless steel and hard plastic sextoys. Choose the one that suits you best.&nbsp;<\/p>\n\n\n\n<p>You should avoid rubber sextoys. There aren't many of them left, as they have been found to contain harmful phthalates, which are banned from use in children's products.<\/p>\n\n\n\n<p>As well as the composition of your vibrator, there's the sensation it provides. For better stimulation, we recommend you choose a gadget with ridges or bumps. If you prefer, you can get a metal vibrator.&nbsp;<\/p>\n\n\n\n<p>The metal will give you a fresh feeling. If, on the other hand, metal isn't your thing, simply apply a cooling or heating water-based lubricant (using a silicone-based lubricant on a silicone vibrator will dull it).<\/p>\n\n\n\n<h2 class=\"wp-block-heading\"><span class=\"ez-toc-section\" id=\"Quelques_exemples_de_premier_sextoy\"><\/span>Some examples of the first sextoy<span class=\"ez-toc-section-end\"><\/span><\/h2>\n\n\n\n<figure class=\"wp-block-gallery columns-5 is-cropped wp-block-gallery-1 is-layout-flex wp-block-gallery-is-layout-flex\"><ul class=\"blocks-gallery-grid\"><li class=\"blocks-gallery-item\"><figure><img fetchpriority=\"high\" decoding=\"async\" width=\"400\" height=\"400\" src=\"https:\/\/god-vibro.com\/wp-content\/uploads\/2021\/11\/lovense-hyphy.png\" alt=\"\" data-id=\"573\" data-full-url=\"https:\/\/god-vibro.com\/wp-content\/uploads\/2021\/11\/lovense-hyphy.png\" data-link=\"https:\/\/god-vibro.com\/?attachment_id=573\" class=\"wp-image-573\" srcset=\"https:\/\/god-vibro.com\/wp-content\/uploads\/2021\/11\/lovense-hyphy.png 400w, https:\/\/god-vibro.com\/wp-content\/uploads\/2021\/11\/lovense-hyphy-300x300.png 300w, https:\/\/god-vibro.com\/wp-content\/uploads\/2021\/11\/lovense-hyphy-100x100.png 100w, https:\/\/god-vibro.com\/wp-content\/uploads\/2021\/11\/lovense-hyphy-150x150.png 150w\" sizes=\"(max-width: 400px) 100vw, 400px\" \/><figcaption class=\"blocks-gallery-item__caption\"><a href=\"https:\/\/god-vibro.com\/lovense-hyphy.html\" data-type=\"post\" data-id=\"134\">LOVENSE HYPHY<\/a><\/figcaption><\/figure><\/li><li class=\"blocks-gallery-item\"><figure><img decoding=\"async\" width=\"400\" height=\"400\" src=\"https:\/\/god-vibro.com\/wp-content\/uploads\/2021\/11\/lovense-lush-3.png\" alt=\"\" data-id=\"574\" data-full-url=\"https:\/\/god-vibro.com\/wp-content\/uploads\/2021\/11\/lovense-lush-3.png\" data-link=\"https:\/\/god-vibro.com\/?attachment_id=574\" class=\"wp-image-574\" srcset=\"https:\/\/god-vibro.com\/wp-content\/uploads\/2021\/11\/lovense-lush-3.png 400w, https:\/\/god-vibro.com\/wp-content\/uploads\/2021\/11\/lovense-lush-3-300x300.png 300w, https:\/\/god-vibro.com\/wp-content\/uploads\/2021\/11\/lovense-lush-3-100x100.png 100w, https:\/\/god-vibro.com\/wp-content\/uploads\/2021\/11\/lovense-lush-3-150x150.png 150w\" sizes=\"(max-width: 400px) 100vw, 400px\" \/><figcaption class=\"blocks-gallery-item__caption\"><a href=\"https:\/\/god-vibro.com\/lovense-lush-3.html\" data-type=\"post\" data-id=\"290\">LOVENSE LUSH 3<\/a><\/figcaption><\/figure><\/li><li class=\"blocks-gallery-item\"><figure><img decoding=\"async\" width=\"400\" height=\"400\" src=\"https:\/\/god-vibro.com\/wp-content\/uploads\/2021\/11\/lovense-mission.png\" alt=\"\" data-id=\"575\" data-full-url=\"https:\/\/god-vibro.com\/wp-content\/uploads\/2021\/11\/lovense-mission.png\" data-link=\"https:\/\/god-vibro.com\/?attachment_id=575\" class=\"wp-image-575\" srcset=\"https:\/\/god-vibro.com\/wp-content\/uploads\/2021\/11\/lovense-mission.png 400w, https:\/\/god-vibro.com\/wp-content\/uploads\/2021\/11\/lovense-mission-300x300.png 300w, https:\/\/god-vibro.com\/wp-content\/uploads\/2021\/11\/lovense-mission-100x100.png 100w, https:\/\/god-vibro.com\/wp-content\/uploads\/2021\/11\/lovense-mission-150x150.png 150w\" sizes=\"(max-width: 400px) 100vw, 400px\" \/><figcaption class=\"blocks-gallery-item__caption\"><a href=\"https:\/\/god-vibro.com\/lovense-mission.html\" data-type=\"post\" data-id=\"339\">LOVENSE MISSION<\/a><\/figcaption><\/figure><\/li><li class=\"blocks-gallery-item\"><figure><img loading=\"lazy\" decoding=\"async\" width=\"400\" height=\"400\" src=\"https:\/\/god-vibro.com\/wp-content\/uploads\/2021\/11\/lovense-osci-2.png\" alt=\"\" data-id=\"576\" data-full-url=\"https:\/\/god-vibro.com\/wp-content\/uploads\/2021\/11\/lovense-osci-2.png\" data-link=\"https:\/\/god-vibro.com\/?attachment_id=576\" class=\"wp-image-576\" srcset=\"https:\/\/god-vibro.com\/wp-content\/uploads\/2021\/11\/lovense-osci-2.png 400w, https:\/\/god-vibro.com\/wp-content\/uploads\/2021\/11\/lovense-osci-2-300x300.png 300w, https:\/\/god-vibro.com\/wp-content\/uploads\/2021\/11\/lovense-osci-2-100x100.png 100w, https:\/\/god-vibro.com\/wp-content\/uploads\/2021\/11\/lovense-osci-2-150x150.png 150w\" sizes=\"(max-width: 400px) 100vw, 400px\" \/><figcaption class=\"blocks-gallery-item__caption\">LOVENSE OSCI<\/figcaption><\/figure><\/li><li class=\"blocks-gallery-item\"><figure><img loading=\"lazy\" decoding=\"async\" width=\"400\" height=\"400\" src=\"https:\/\/god-vibro.com\/wp-content\/uploads\/2021\/11\/lovense-nora.png\" alt=\"\" data-id=\"577\" data-full-url=\"https:\/\/god-vibro.com\/wp-content\/uploads\/2021\/11\/lovense-nora.png\" data-link=\"https:\/\/god-vibro.com\/?attachment_id=577\" class=\"wp-image-577\" srcset=\"https:\/\/god-vibro.com\/wp-content\/uploads\/2021\/11\/lovense-nora.png 400w, https:\/\/god-vibro.com\/wp-content\/uploads\/2021\/11\/lovense-nora-300x300.png 300w, https:\/\/god-vibro.com\/wp-content\/uploads\/2021\/11\/lovense-nora-100x100.png 100w, https:\/\/god-vibro.com\/wp-content\/uploads\/2021\/11\/lovense-nora-150x150.png 150w\" sizes=\"(max-width: 400px) 100vw, 400px\" \/><figcaption class=\"blocks-gallery-item__caption\"><a href=\"https:\/\/god-vibro.com\/lovense-nora.html\" data-type=\"post\" data-id=\"149\">LOVENSE NORA<\/a><\/figcaption><\/figure><\/li><\/ul><\/figure>\n\n\n\n<h3 class=\"wp-block-heading\"><span class=\"ez-toc-section\" id=\"Le_design\"><\/span>The design&nbsp;<span class=\"ez-toc-section-end\"><\/span><\/h3>\n\n\n\n<p>Don't just consider the power of the sextoy when adding it to your basket. Don't buy something that is :<\/p>\n\n\n\n<ul class=\"wp-block-list\"><li>scary;<\/li><li>screaming or ;<\/li><li>aesthetically unappealing.<\/li><\/ul>\n\n\n\n<p>The design of a sex toy is also something to consider. After all, it's something you'll be using to turn yourself on. So forget that bright pink vibrator, unless you absolutely love the way it shines on your bedside table. Instead, choose one that tickles the sexy part of your imagination.<\/p>\n\n\n\n<p>Desire and preference are two purely personal sensations. Therefore, opt for sex toys that appeal to you. For example, if you prefer small and elegant ones instead of big and bulky ones, a bullet vibrator might be the way to go.<\/p>\n\n\n\n<h3 class=\"wp-block-heading\"><span class=\"ez-toc-section\" id=\"Lintensite_des_vibrations\"><\/span>The intensity of the vibrations&nbsp;<span class=\"ez-toc-section-end\"><\/span><\/h3>\n\n\n\n<p>Did you know that most sex toys have settings? They allow you to increase or decrease the intensity as you wish.&nbsp;<\/p>\n\n\n\n<p>If you have thin walls and the echo resonates, opt for a silent vibrator. Sometimes the noise level will be correlated with the intensity or power of the vibrator, but with top-of-the-range products this won't be as much of a problem.<\/p>\n\n\n\n<p>Most of us prefer a quiet vibrator, and spending a little extra money will ensure that your new sex toy is made from quality materials that help to keep the noise down. If you're looking for a silent but high-intensity sextoy, silicone is the way to go.&nbsp;<\/p>\n\n\n\n<p>If you're worried that a silent vibrator will compromise the intensity of the sensations, we recommend testing the vibrator on your hand. You can also test it on the tip of your nose (as the skin is quite sensitive there) if you buy it in a shop.<\/p>\n\n\n\n<h3 class=\"wp-block-heading\"><span class=\"ez-toc-section\" id=\"Les_gadgets_et_accessoires\"><\/span>Gadgets and accessories<span class=\"ez-toc-section-end\"><\/span><\/h3>\n\n\n\n<p>The range of functions is infinite. We're talking about waterproof toys capable of producing vibrating and sucking sensations, remote-controlled toys and others that synchronise with your favourite playlist and vibrate to the beat.<\/p>\n\n\n\n<p>It's best to choose a vibrator with several functions. That way, it's easier to customise it to suit your mood and the situation. Some days you might only want to use it for foreplay, and other days you might want it to take you where you want to go. The wider the range, the easier it is to adapt it to your sex life.<\/p>\n\n\n\n<p>Deciding what special effects you want is totally personal and depends on your budget. However, you can always start with something very simple and improve it later.<\/p>\n\n\n\n<h3 class=\"wp-block-heading\"><span class=\"ez-toc-section\" id=\"Le_prix\"><\/span>The price<span class=\"ez-toc-section-end\"><\/span><\/h3>\n\n\n\n<p>You can find simple and cheap vibrators for about 15 euros. You can also find gadgets that cost more than 80 euros. The best thing to do is to find out the prices and budget accordingly. Don't skimp on money and treat yourself to the best sextoy.&nbsp;<\/p>\n\n\n\n<figure class=\"wp-block-image\"><img decoding=\"async\" src=\"https:\/\/lh5.googleusercontent.com\/5srq4C6sRYhCA7kuZ9ABrlDWXyRrQ2xZOtvAsFLFSIf_P3phs_XLdd8cfjP6slg3iZtO0cVOF2rfYD6ajt772_NEiproZRcpyMwi8Azf_rR-otgLZOuTwKjCZfVUd-RFvPaoqdpT\" alt=\"\"\/><\/figure>\n\n\n\n<h2 class=\"wp-block-heading\"><span class=\"ez-toc-section\" id=\"Les_avantages_de_lutilisation_dun_vibromasseur\"><\/span>The benefits of using a vibrator&nbsp;<span class=\"ez-toc-section-end\"><\/span><\/h2>\n\n\n\n<p>The use of a vibrator provides several advantages. It allows :<\/p>\n\n\n\n<ul class=\"wp-block-list\"><li>to reach orgasm with ease;<\/li><li>to get to know your body;<\/li><li>the reduction of tensions.<\/li><\/ul>\n\n\n\n<p>Using a vibrator makes you feel sexually fulfilled.<\/p>\n\n\n\n<p>The size, shape and feel, materials and textures, design and vibration intensity of the vibrator should all be carefully considered to ensure that your first purchase meets your expectations.<br><\/p>","protected":false},"excerpt":{"rendered":"<p>Avant tout achat de vibromasseur, il est important de v\u00e9rifier certains param\u00e8tres pouvant garantir la qualit\u00e9 de l\u2019\u00e9quipement. Aussi bien les vibromasseurs pour femmes que ceux pour hommes ont leurs caract\u00e9ristiques sp\u00e9cifiques. Pour choisir un vibromasseur pour femme il faut donc tenir compte des aspects comme le design, la taille ou encore la texture. Les [&hellip;]<\/p>\n","protected":false},"author":1,"featured_media":0,"parent":0,"menu_order":0,"comment_status":"closed","ping_status":"closed","template":"","meta":{"_acf_changed":false,"_seopress_robots_primary_cat":"","_seopress_titles_title":"","_seopress_titles_desc":"","_seopress_robots_index":"","_uag_custom_page_level_css":"","site-sidebar-layout":"default","site-content-layout":"","ast-site-content-layout":"default","site-content-style":"default","site-sidebar-style":"default","ast-global-header-display":"","ast-banner-title-visibility":"","ast-main-header-display":"","ast-hfb-above-header-display":"","ast-hfb-below-header-display":"","ast-hfb-mobile-header-display":"","site-post-title":"","ast-breadcrumbs-content":"","ast-featured-img":"","footer-sml-layout":"","theme-transparent-header-meta":"","adv-header-id-meta":"","stick-header-meta":"","header-above-stick-meta":"","header-main-stick-meta":"","header-below-stick-meta":"","astra-migrate-meta-layouts":"default","ast-page-background-enabled":"default","ast-page-background-meta":{"desktop":{"background-color":"var(--ast-global-color-4)","background-image":"","background-repeat":"repeat","background-position":"center center","background-size":"auto","background-attachment":"scroll","background-type":"","background-media":"","overlay-type":"","overlay-color":"","overlay-opacity":"","overlay-gradient":""},"tablet":{"background-color":"","background-image":"","background-repeat":"repeat","background-position":"center center","background-size":"auto","background-attachment":"scroll","background-type":"","background-media":"","overlay-type":"","overlay-color":"","overlay-opacity":"","overlay-gradient":""},"mobile":{"background-color":"","background-image":"","background-repeat":"repeat","background-position":"center center","background-size":"auto","background-attachment":"scroll","background-type":"","background-media":"","overlay-type":"","overlay-color":"","overlay-opacity":"","overlay-gradient":""}},"ast-content-background-meta":{"desktop":{"background-color":"var(--ast-global-color-5)","background-image":"","background-repeat":"repeat","background-position":"center center","background-size":"auto","background-attachment":"scroll","background-type":"","background-media":"","overlay-type":"","overlay-color":"","overlay-opacity":"","overlay-gradient":""},"tablet":{"background-color":"var(--ast-global-color-5)","background-image":"","background-repeat":"repeat","background-position":"center center","background-size":"auto","background-attachment":"scroll","background-type":"","background-media":"","overlay-type":"","overlay-color":"","overlay-opacity":"","overlay-gradient":""},"mobile":{"background-color":"var(--ast-global-color-5)","background-image":"","background-repeat":"repeat","background-position":"center center","background-size":"auto","background-attachment":"scroll","background-type":"","background-media":"","overlay-type":"","overlay-color":"","overlay-opacity":"","overlay-gradient":""}},"footnotes":""},"class_list":["post-570","page","type-page","status-publish","hentry"],"acf":[],"uagb_featured_image_src":{"full":false,"thumbnail":false,"medium":false,"medium_large":false,"large":false,"1536x1536":false,"2048x2048":false,"trp-custom-language-flag":false,"ultp_layout_landscape_large":false,"ultp_layout_landscape":false,"ultp_layout_portrait":false,"ultp_layout_square":false},"uagb_author_info":{"display_name":"brigitte","author_link":"https:\/\/god-vibro.com\/en_au\/author\/brigitte"},"uagb_comment_info":0,"uagb_excerpt":"Avant tout achat de vibromasseur, il est important de v\u00e9rifier certains param\u00e8tres pouvant garantir la qualit\u00e9 de l\u2019\u00e9quipement. Aussi bien les vibromasseurs pour femmes que ceux pour hommes ont leurs caract\u00e9ristiques sp\u00e9cifiques. Pour choisir un vibromasseur pour femme il faut donc tenir compte des aspects comme le design, la taille ou encore la texture. Les&hellip;","_links":{"self":[{"href":"https:\/\/god-vibro.com\/en_au\/wp-json\/wp\/v2\/pages\/570","targetHints":{"allow":["GET"]}}],"collection":[{"href":"https:\/\/god-vibro.com\/en_au\/wp-json\/wp\/v2\/pages"}],"about":[{"href":"https:\/\/god-vibro.com\/en_au\/wp-json\/wp\/v2\/types\/page"}],"author":[{"embeddable":true,"href":"https:\/\/god-vibro.com\/en_au\/wp-json\/wp\/v2\/users\/1"}],"replies":[{"embeddable":true,"href":"https:\/\/god-vibro.com\/en_au\/wp-json\/wp\/v2\/comments?post=570"}],"version-history":[{"count":0,"href":"https:\/\/god-vibro.com\/en_au\/wp-json\/wp\/v2\/pages\/570\/revisions"}],"wp:attachment":[{"href":"https:\/\/god-vibro.com\/en_au\/wp-json\/wp\/v2\/media?parent=570"}],"curies":[{"name":"wp","href":"https:\/\/api.w.org\/{rel}","templated":true}]}}