{"id":904,"date":"2022-01-05T11:26:48","date_gmt":"2022-01-05T11:26:48","guid":{"rendered":"https:\/\/god-vibro.com\/?page_id=904"},"modified":"2022-01-05T11:26:50","modified_gmt":"2022-01-05T11:26:50","slug":"les-meilleurs-vibromasseurs-a-la-distance","status":"publish","type":"page","link":"https:\/\/god-vibro.com\/en\/the-best-vibromasseurs-a-la-distance.html","title":{"rendered":"The best vibrators in the distance"},"content":{"rendered":"<p>The vibrator is a very popular tool in the quest for pleasure. With the evolution of science, it has improved enormously. In recent years, these small sex toys can be used remotely with an Internet or Bluetooth connection and controlled by your partner even on the other side of the world.<\/p>\n\n\n\n<div id=\"ez-toc-container\" class=\"ez-toc-v2_0_82_2 counter-hierarchy ez-toc-counter ez-toc-custom ez-toc-container-direction\">\n<div class=\"ez-toc-title-container\">\n<p class=\"ez-toc-title\" style=\"cursor:inherit\">Contents <\/p>\n<span class=\"ez-toc-title-toggle\"><a href=\"#\" class=\"ez-toc-pull-right ez-toc-btn ez-toc-btn-xs ez-toc-btn-default ez-toc-toggle\" aria-label=\"Toggle Table of Content\"><span class=\"ez-toc-js-icon-con\"><span class=\"\"><span class=\"eztoc-hide\" style=\"display:none;\">Toggle<\/span><span class=\"ez-toc-icon-toggle-span\"><svg style=\"fill: #999;color:#999\" xmlns=\"http:\/\/www.w3.org\/2000\/svg\" class=\"list-377408\" width=\"20px\" height=\"20px\" viewbox=\"0 0 24 24\" fill=\"none\"><path d=\"M6 6H4v2h2V6zm14 0H8v2h12V6zM4 11h2v2H4v-2zm16 0H8v2h12v-2zM4 16h2v2H4v-2zm16 0H8v2h12v-2z\" fill=\"currentColor\"><\/path><\/svg><svg style=\"fill: #999;color:#999\" class=\"arrow-unsorted-368013\" xmlns=\"http:\/\/www.w3.org\/2000\/svg\" width=\"10px\" height=\"10px\" viewbox=\"0 0 24 24\" version=\"1.2\" baseprofile=\"tiny\"><path d=\"M18.2 9.3l-6.2-6.3-6.2 6.3c-.2.2-.3.4-.3.7s.1.5.3.7c.2.2.4.3.7.3h11c.3 0 .5-.1.7-.3.2-.2.3-.5.3-.7s-.1-.5-.3-.7zM5.8 14.7l6.2 6.3 6.2-6.3c.2-.2.3-.5.3-.7s-.1-.5-.3-.7c-.2-.2-.4-.3-.7-.3h-11c-.3 0-.5.1-.7.3-.2.2-.3.5-.3.7s.1.5.3.7z\"\/><\/svg><\/span><\/span><\/span><\/a><\/span><\/div>\n<nav><ul class='ez-toc-list ez-toc-list-level-1 eztoc-toggle-hide-by-default' ><li class='ez-toc-page-1 ez-toc-heading-level-2'><a class=\"ez-toc-link ez-toc-heading-1\" href=\"https:\/\/god-vibro.com\/en\/the-best-vibromasseurs-a-la-distance.html\/#Max_et_Nora_de_Lovense\" >Max and Nora from Lovense<\/a><\/li><li class='ez-toc-page-1 ez-toc-heading-level-2'><a class=\"ez-toc-link ez-toc-heading-2\" href=\"https:\/\/god-vibro.com\/en\/the-best-vibromasseurs-a-la-distance.html\/#Onyx_2_et_Pearl_2_de_Kiiroo\" >Onyx 2 and Pearl 2 by Kiiroo&nbsp;<\/a><\/li><li class='ez-toc-page-1 ez-toc-heading-level-2'><a class=\"ez-toc-link ez-toc-heading-3\" href=\"https:\/\/god-vibro.com\/en\/the-best-vibromasseurs-a-la-distance.html\/#Lush_2_de_Lovense\" >Lush 2 by Lovense<\/a><\/li><li class='ez-toc-page-1 ez-toc-heading-level-2'><a class=\"ez-toc-link ez-toc-heading-4\" href=\"https:\/\/god-vibro.com\/en\/the-best-vibromasseurs-a-la-distance.html\/#Vibease\" >Vibease<\/a><\/li><li class='ez-toc-page-1 ez-toc-heading-level-2'><a class=\"ez-toc-link ez-toc-heading-5\" href=\"https:\/\/god-vibro.com\/en\/the-best-vibromasseurs-a-la-distance.html\/#Esca\" >Esca<\/a><\/li><li class='ez-toc-page-1 ez-toc-heading-level-2'><a class=\"ez-toc-link ez-toc-heading-6\" href=\"https:\/\/god-vibro.com\/en\/the-best-vibromasseurs-a-la-distance.html\/#Hush_de_Lovense\" >Hush from Lovense<\/a><\/li><li class='ez-toc-page-1 ez-toc-heading-level-2'><a class=\"ez-toc-link ez-toc-heading-7\" href=\"https:\/\/god-vibro.com\/en\/the-best-vibromasseurs-a-la-distance.html\/#OhMiBod_Fuse_Fleshlight_Launch\" >OhMiBod Fuse + Fleshlight Launch&nbsp;<\/a><\/li><li class='ez-toc-page-1 ez-toc-heading-level-2'><a class=\"ez-toc-link ez-toc-heading-8\" href=\"https:\/\/god-vibro.com\/en\/the-best-vibromasseurs-a-la-distance.html\/#Osci_2\" >Osci 2<\/a><\/li><\/ul><\/nav><\/div>\n<h2 class=\"wp-block-heading\"><span class=\"ez-toc-section\" id=\"Max_et_Nora_de_Lovense\"><\/span>Max and Nora from Lovense<span class=\"ez-toc-section-end\"><\/span><\/h2>\n\n\n\n<p>The vibrators Max and Nora of the company Lovense. On February 25, 2022, Lovense released its <a href=\"https:\/\/god-vibro.com\/lovense-sex-machine.html\">Sex Machine<\/a> are real technological jewels. <a href=\"https:\/\/god-vibro.com\/lovense-max-2.html\">Max was designed for men<\/a> and Nora for women. It is thanks to an application named Body Chat that this sex magic is possible. Body Chat is compatible with smartphones, PC and Mac.&nbsp;<\/p>\n\n\n\n<p>Its revolutionary technology links the devices together through the Bluetooth system. Thanks to this system, partners in sexual ecstasy have the same feeling of pleasure in real time. All they have to do is close their eyes and indulge in all their erotic fantasies.<\/p>\n\n\n\n<p>The technology goes even further by allowing both partners to control the sextoy of the second and thus take it to seventh heaven. In addition, the application has the ability to be in video mode. This allows the different partners to make their sensations even more real.<\/p>\n\n\n\n<figure class=\"wp-block-image\"><img decoding=\"async\" src=\"https:\/\/lh6.googleusercontent.com\/I0008raFtwxzDu-TuFGXm9gfKT6dre1wh7G5C-6fcdQvPNgIAG0-QOImDr8nIOOkoTZ87jMNec4n17CQKXog8SS6oa_mvdmccdleSdEFwAJUrzrhILafr7xdw52iXbIrcIx5H0jq\" alt=\"\"\/><\/figure>\n\n\n\n<h2 class=\"wp-block-heading\"><span class=\"ez-toc-section\" id=\"Onyx_2_et_Pearl_2_de_Kiiroo\"><\/span>Onyx 2 and Pearl 2 by Kiiroo&nbsp;<span class=\"ez-toc-section-end\"><\/span><\/h2>\n\n\n\n<p>Kiiroo is a Dutch company that is making a name for itself in the sex industry. Its legendary Onyx 2 and Pearl 2 vibrators are technological masterpieces. They succeeded the first prototypes Onyx 1 and Pearl 1 which no longer met the market demand. Onyx 2 is intended for men and Pearl 2 for women.&nbsp;<\/p>\n\n\n\n<p>These are rechargeable tools that also work with a Bluetooth system. The designer has created a downloadable application on smartphone to allow its use. It is called Feel Connect. Pearl 2's technology is based on nine vibration settings that go gradually. Level 9 immerses you in infinite enjoyment. It is compatible with any vagina because it has a length of about 20 centimeters.<\/p>\n\n\n\n<p>The technology of Onyx 2, on the other hand, is based on three modes and has a sheath of the brand Fleshlight SuperSkin. Thanks to these elements, Onyx 2 allows a maximum of 140 movements per minute. It can be used continuously for an hour thanks to the ten rings that compose it. The three modes of Onyx 2 are:<\/p>\n\n\n\n<ul class=\"wp-block-list\"><li>slow pump ;<\/li><li>quick pump ;<\/li><li>manual.<\/li><\/ul>\n\n\n\n<h2 class=\"wp-block-heading\"><span class=\"ez-toc-section\" id=\"Lush_2_de_Lovense\"><\/span>Lush 2 by Lovense<span class=\"ez-toc-section-end\"><\/span><\/h2>\n\n\n\n<p>Lovense has not finished amazing with its technological prowess. Lush 2 is designed specifically for personal use but can be used as a couple. It shows a legendary discretion for a still vibrant use. It is a small egg that can be connected by Bluetooth like most other sex toys.&nbsp;<\/p>\n\n\n\n<p>It can also be used in Wifi mode, with a range of 13 meters. To use it over WiFi, however, you'll need to download Lovense Remote on iOS or Android.<\/p>\n\n\n\n<p>It has the ability to play your favorite music to stimulate your enjoyment. Thanks to its mobile application and especially the in-app option, you can perform a video chat or send photos to your partner.&nbsp;<\/p>\n\n\n\n<p>It is rechargeable and has an autonomy of 3 hours without stopping. The top of its technology is that it has a motor four times more powerful than normal to stimulate the G-spot. It also has seven modes of operation:<\/p>\n\n\n\n<ul class=\"wp-block-list\"><li>soft ;<\/li><li>means ;<\/li><li>strong ;<\/li><li>pulses ;<\/li><li>waves ;<\/li><li>fireworks ;<\/li><li>earthquake.<\/li><\/ul>\n\n\n\n<h2 class=\"wp-block-heading\"><span class=\"ez-toc-section\" id=\"Vibease\"><\/span>Vibease<span class=\"ez-toc-section-end\"><\/span><\/h2>\n\n\n\n<p>The Vibease vibrator is not on the fringe of all the technological feats mentioned above. It is mainly intended for women. So they can leave it to their partner to make them cum from anywhere in the world. All they need is an internet connection, Bluetooth turned on and the Vibease mobile app. Everything in this technological gem has been simplified to make it more convenient and especially discreet.&nbsp;<\/p>\n\n\n\n<p>This sextoy is a very sophisticated or intelligent audio function that responds to commands given by the user.  In this same wake, it can like the previous vibrator emit the music of your choice and even read erotic books in audio.&nbsp;<\/p>\n\n\n\n<p>Its protective cover is made of high quality silicone and is therefore waterproof. You can therefore easily use it in the shower. It is also worth noting the autonomy of its battery which is three hours of clock.<\/p>\n\n\n\n<figure class=\"wp-block-image\"><img decoding=\"async\" src=\"https:\/\/lh4.googleusercontent.com\/hTDcfFrt3J7EmYXXA_xKGPsBa8rHmbAXw0MzzCzMVPUYwMhyJ50872JQqQPjlxN4sWUcFHCYV0gqTk8aG3S_Mc67V5sE7UFvYyGaEVxcCMlOfGm_QIMihijJicxI775W0OAXCEm8\" alt=\"\"\/><\/figure>\n\n\n\n<h2 class=\"wp-block-heading\"><span class=\"ez-toc-section\" id=\"Esca\"><\/span>Esca<span class=\"ez-toc-section-end\"><\/span><\/h2>\n\n\n\n<p>Esca is a small egg of the Sex Tech. It enters the list of the best sex objects ever designed. Featuring wireless connection technology like the others, it is much easier to slip into your underwear.&nbsp;<\/p>\n\n\n\n<p>Designed for women, it addresses body health needs with its protective shell that is made of silicone. With the OhMiBod Remote mobile app, downloadable to smartphones and tablets, it reduces the distance between partners.<\/p>\n\n\n\n<p>It is able to excite you until you reach your G spot. You will have understood it, for a woman it is a sacred hand that technology offers. It weighs only 56 grams. It also offers a set of light that follows the rhythm of the vibrations. This makes the sexual pleasure even more alive.&nbsp;<\/p>\n\n\n\n<p>OhMiBod Remote which is its basic application has the same features as a social network. So you can live those intimate moments with your partner through video call.<\/p>\n\n\n\n<h2 class=\"wp-block-heading\"><span class=\"ez-toc-section\" id=\"Hush_de_Lovense\"><\/span>Hush from Lovense<span class=\"ez-toc-section-end\"><\/span><\/h2>\n\n\n\n<p>Lovense based on the opinions of customers always offers them more technology. This is where the Hush vibrator was born. It is of multiple use but specifically designed for anal pleasure.&nbsp;<\/p>\n\n\n\n<p>Intended for women, it is mainly composed of butt plugs with unique vibrations. It requires an Internet connection and has a maximum range of nine meters in a 360 degree radius.&nbsp;<\/p>\n\n\n\n<p>It is, like the previous ones, controlled by an application that has all the features mentioned above: auditory and visual technologies and vibration power. It is connectable and rechargeable by USB and its battery has a two-hour autonomy. It is available in two sizes. For beginners, it is advisable to start with the 3.81 cm Hush while for experienced users the medium size of 4.45 cm is perfect.&nbsp;<\/p>\n\n\n\n<figure class=\"wp-block-image\"><img decoding=\"async\" src=\"https:\/\/lh5.googleusercontent.com\/3HZXcJ2B5DO1kSp65iT8wWvyd8edv-y4FzPg8SB2-hJeU0Lp0SA1qKL9mP5q2vD_yNnuVtHtzzWuf7byl851jWWKp9TwKcWVy59JS42_Ve691H8xOyoa-WhPBThLqQH5lXc0YTuq\" alt=\"\"\/><\/figure>\n\n\n\n<h2 class=\"wp-block-heading\"><span class=\"ez-toc-section\" id=\"OhMiBod_Fuse_Fleshlight_Launch\"><\/span>OhMiBod Fuse + Fleshlight Launch&nbsp;<span class=\"ez-toc-section-end\"><\/span><\/h2>\n\n\n\n<p>This pair of vibrators is one of the rarest on the market. OhMiBod Fuse is best suited to women, while Fleshlight Launch is the masturbator for men.<\/p>\n\n\n\n<p>OhMiBod is a vibrator with a decisive advantage. This asset is its ability to stimulate your genitalia twice. It is compatible with all the other vibrators mentioned above. Thanks to its flexibility and its double stimulation capacity, it allows you to realize your partner's fantasies in record time. It also uses a wireless connection (Bluetooth, Internet or Wifi).<\/p>\n\n\n\n<p>The Fleshlight Launch on the other hand, is intended for men. With a very advanced technology, it is compatible with all other vibrator operating systems. It is entirely covered with silicone and is currently at the top of all Launch store sales. It is USB rechargeable and can be used even in the shower thanks to its waterproof system. It weighs 4.24 kg and can be used continuously for an hour and a half.&nbsp;<\/p>\n\n\n\n<h2 class=\"wp-block-heading\"><span class=\"ez-toc-section\" id=\"Osci_2\"><\/span>Osci 2<span class=\"ez-toc-section-end\"><\/span><\/h2>\n\n\n\n<p>The very last of the list is the Osci 2. It is a vibrator no less important because its specificity lies in the fact that its vibrations are internal. They are not felt outside the protective envelope. Its morphology, consisting of a small oval head is intended primarily to stimulate as never the G-spot in women. This stimulation is unheard of and comfortable.&nbsp;<\/p>\n\n\n\n<p>Thanks to customer reviews of the Osci 1, this new model has a much more satisfying runtime. It is worth noting that a Bluetooth chip has been added and that the charging function has been magnetized to make it much more convenient.<\/p>","protected":false},"excerpt":{"rendered":"<p>Le vibromasseur est un outil tr\u00e8s appr\u00e9ci\u00e9 dans la qu\u00eate du plaisir. Avec l\u2019\u00e9volution de la science, il s\u2019est \u00e9norm\u00e9ment am\u00e9lior\u00e9. Depuis quelques ann\u00e9es, ces petits jouets sexuels sont utilisables \u00e0 distance avec une connexion Internet ou Bluetooth et contr\u00f4lables par votre partenaire m\u00eame \u00e0 l\u2019autre bout du monde. Max et Nora de Lovense Les [&hellip;]<\/p>\n","protected":false},"author":1,"featured_media":0,"parent":0,"menu_order":0,"comment_status":"closed","ping_status":"closed","template":"","meta":{"_acf_changed":false,"_seopress_robots_primary_cat":"","_seopress_titles_title":"","_seopress_titles_desc":"","_seopress_robots_index":"","_uag_custom_page_level_css":"","site-sidebar-layout":"default","site-content-layout":"","ast-site-content-layout":"default","site-content-style":"default","site-sidebar-style":"default","ast-global-header-display":"","ast-banner-title-visibility":"","ast-main-header-display":"","ast-hfb-above-header-display":"","ast-hfb-below-header-display":"","ast-hfb-mobile-header-display":"","site-post-title":"","ast-breadcrumbs-content":"","ast-featured-img":"","footer-sml-layout":"","theme-transparent-header-meta":"","adv-header-id-meta":"","stick-header-meta":"","header-above-stick-meta":"","header-main-stick-meta":"","header-below-stick-meta":"","astra-migrate-meta-layouts":"default","ast-page-background-enabled":"default","ast-page-background-meta":{"desktop":{"background-color":"var(--ast-global-color-4)","background-image":"","background-repeat":"repeat","background-position":"center center","background-size":"auto","background-attachment":"scroll","background-type":"","background-media":"","overlay-type":"","overlay-color":"","overlay-opacity":"","overlay-gradient":""},"tablet":{"background-color":"","background-image":"","background-repeat":"repeat","background-position":"center center","background-size":"auto","background-attachment":"scroll","background-type":"","background-media":"","overlay-type":"","overlay-color":"","overlay-opacity":"","overlay-gradient":""},"mobile":{"background-color":"","background-image":"","background-repeat":"repeat","background-position":"center center","background-size":"auto","background-attachment":"scroll","background-type":"","background-media":"","overlay-type":"","overlay-color":"","overlay-opacity":"","overlay-gradient":""}},"ast-content-background-meta":{"desktop":{"background-color":"var(--ast-global-color-5)","background-image":"","background-repeat":"repeat","background-position":"center center","background-size":"auto","background-attachment":"scroll","background-type":"","background-media":"","overlay-type":"","overlay-color":"","overlay-opacity":"","overlay-gradient":""},"tablet":{"background-color":"var(--ast-global-color-5)","background-image":"","background-repeat":"repeat","background-position":"center center","background-size":"auto","background-attachment":"scroll","background-type":"","background-media":"","overlay-type":"","overlay-color":"","overlay-opacity":"","overlay-gradient":""},"mobile":{"background-color":"var(--ast-global-color-5)","background-image":"","background-repeat":"repeat","background-position":"center center","background-size":"auto","background-attachment":"scroll","background-type":"","background-media":"","overlay-type":"","overlay-color":"","overlay-opacity":"","overlay-gradient":""}},"footnotes":""},"class_list":["post-904","page","type-page","status-publish","hentry"],"acf":[],"uagb_featured_image_src":{"full":false,"thumbnail":false,"medium":false,"medium_large":false,"large":false,"1536x1536":false,"2048x2048":false,"trp-custom-language-flag":false,"ultp_layout_landscape_large":false,"ultp_layout_landscape":false,"ultp_layout_portrait":false,"ultp_layout_square":false},"uagb_author_info":{"display_name":"brigitte","author_link":"https:\/\/god-vibro.com\/en\/author\/brigitte"},"uagb_comment_info":0,"uagb_excerpt":"Le vibromasseur est un outil tr\u00e8s appr\u00e9ci\u00e9 dans la qu\u00eate du plaisir. Avec l\u2019\u00e9volution de la science, il s\u2019est \u00e9norm\u00e9ment am\u00e9lior\u00e9. Depuis quelques ann\u00e9es, ces petits jouets sexuels sont utilisables \u00e0 distance avec une connexion Internet ou Bluetooth et contr\u00f4lables par votre partenaire m\u00eame \u00e0 l\u2019autre bout du monde. Max et Nora de Lovense Les&hellip;","_links":{"self":[{"href":"https:\/\/god-vibro.com\/en\/wp-json\/wp\/v2\/pages\/904","targetHints":{"allow":["GET"]}}],"collection":[{"href":"https:\/\/god-vibro.com\/en\/wp-json\/wp\/v2\/pages"}],"about":[{"href":"https:\/\/god-vibro.com\/en\/wp-json\/wp\/v2\/types\/page"}],"author":[{"embeddable":true,"href":"https:\/\/god-vibro.com\/en\/wp-json\/wp\/v2\/users\/1"}],"replies":[{"embeddable":true,"href":"https:\/\/god-vibro.com\/en\/wp-json\/wp\/v2\/comments?post=904"}],"version-history":[{"count":3,"href":"https:\/\/god-vibro.com\/en\/wp-json\/wp\/v2\/pages\/904\/revisions"}],"predecessor-version":[{"id":1346,"href":"https:\/\/god-vibro.com\/en\/wp-json\/wp\/v2\/pages\/904\/revisions\/1346"}],"wp:attachment":[{"href":"https:\/\/god-vibro.com\/en\/wp-json\/wp\/v2\/media?parent=904"}],"curies":[{"name":"wp","href":"https:\/\/api.w.org\/{rel}","templated":true}]}}