{"id":843,"date":"2021-12-08T00:30:31","date_gmt":"2021-12-08T00:30:31","guid":{"rendered":"https:\/\/god-vibro.com\/?page_id=843"},"modified":"2021-12-08T01:50:43","modified_gmt":"2021-12-08T01:50:43","slug":"choisir-son-premier-sextoy-homme","status":"publish","type":"page","link":"https:\/\/god-vibro.com\/de\/wahle-seinen-ersten-mann-sextoy.html","title":{"rendered":"Die Wahl des ersten Vibrators f\u00fcr M\u00e4nner"},"content":{"rendered":"<p>Wie bei den Vibratoren f\u00fcr Frauen gibt es auch bei den Vibratoren f\u00fcr M\u00e4nner einige Besonderheiten, die f\u00fcr die Wahl des K\u00e4ufers ausschlaggebend sind. Wenn Sie Ihren ersten Vibrator kaufen m\u00f6chten, sollten Sie einige Dinge beachten, z. B. die gew\u00fcnschten Empfindungen, Ihre Erfahrung und das Design.<\/p>\n\n\n\n<div id=\"ez-toc-container\" class=\"ez-toc-v2_0_82_2 counter-hierarchy ez-toc-counter ez-toc-custom ez-toc-container-direction\">\n<div class=\"ez-toc-title-container\">\n<p class=\"ez-toc-title\" style=\"cursor:inherit\">Inhalte <\/p>\n<span class=\"ez-toc-title-toggle\"><a href=\"#\" class=\"ez-toc-pull-right ez-toc-btn ez-toc-btn-xs ez-toc-btn-default ez-toc-toggle\" aria-label=\"Toggle Table of Content\"><span class=\"ez-toc-js-icon-con\"><span class=\"\"><span class=\"eztoc-hide\" style=\"display:none;\">Toggle<\/span><span class=\"ez-toc-icon-toggle-span\"><svg style=\"fill: #999;color:#999\" xmlns=\"http:\/\/www.w3.org\/2000\/svg\" class=\"list-377408\" width=\"20px\" height=\"20px\" viewbox=\"0 0 24 24\" fill=\"none\"><path d=\"M6 6H4v2h2V6zm14 0H8v2h12V6zM4 11h2v2H4v-2zm16 0H8v2h12v-2zM4 16h2v2H4v-2zm16 0H8v2h12v-2z\" fill=\"currentColor\"><\/path><\/svg><svg style=\"fill: #999;color:#999\" class=\"arrow-unsorted-368013\" xmlns=\"http:\/\/www.w3.org\/2000\/svg\" width=\"10px\" height=\"10px\" viewbox=\"0 0 24 24\" version=\"1.2\" baseprofile=\"tiny\"><path d=\"M18.2 9.3l-6.2-6.3-6.2 6.3c-.2.2-.3.4-.3.7s.1.5.3.7c.2.2.4.3.7.3h11c.3 0 .5-.1.7-.3.2-.2.3-.5.3-.7s-.1-.5-.3-.7zM5.8 14.7l6.2 6.3 6.2-6.3c.2-.2.3-.5.3-.7s-.1-.5-.3-.7c-.2-.2-.4-.3-.7-.3h-11c-.3 0-.5.1-.7.3-.2.2-.3.5-.3.7s.1.5.3.7z\"\/><\/svg><\/span><\/span><\/span><\/a><\/span><\/div>\n<nav><ul class='ez-toc-list ez-toc-list-level-1 eztoc-toggle-hide-by-default' ><li class='ez-toc-page-1 ez-toc-heading-level-2'><a class=\"ez-toc-link ez-toc-heading-1\" href=\"https:\/\/god-vibro.com\/de\/wahle-seinen-ersten-mann-sextoy.html\/#Les_criteres_de_choix_dun_vibromasseur\" >Kriterien f\u00fcr die Auswahl eines Vibrators&nbsp;<\/a><ul class='ez-toc-list-level-3' ><li class='ez-toc-heading-level-3'><a class=\"ez-toc-link ez-toc-heading-2\" href=\"https:\/\/god-vibro.com\/de\/wahle-seinen-ersten-mann-sextoy.html\/#_Vos_preferences\" >&nbsp;&nbsp;&nbsp;&nbsp;&nbsp;Ihre Einstellungen<\/a><\/li><li class='ez-toc-page-1 ez-toc-heading-level-3'><a class=\"ez-toc-link ez-toc-heading-3\" href=\"https:\/\/god-vibro.com\/de\/wahle-seinen-ersten-mann-sextoy.html\/#_Votre_experience\" >&nbsp;&nbsp;&nbsp;&nbsp;Ihre Erfahrung<\/a><\/li><li class='ez-toc-page-1 ez-toc-heading-level-3'><a class=\"ez-toc-link ez-toc-heading-4\" href=\"https:\/\/god-vibro.com\/de\/wahle-seinen-ersten-mann-sextoy.html\/#_Les_materiaux_et_la_texture\" >&nbsp;&nbsp;Materialien und Textur<\/a><\/li><li class='ez-toc-page-1 ez-toc-heading-level-3'><a class=\"ez-toc-link ez-toc-heading-5\" href=\"https:\/\/god-vibro.com\/de\/wahle-seinen-ersten-mann-sextoy.html\/#_Le_design\" >&nbsp;&nbsp;Das Design&nbsp;<\/a><\/li><li class='ez-toc-page-1 ez-toc-heading-level-3'><a class=\"ez-toc-link ez-toc-heading-6\" href=\"https:\/\/god-vibro.com\/de\/wahle-seinen-ersten-mann-sextoy.html\/#_Lintensite_des_vibrations\" >&nbsp;&nbsp;Die Intensit\u00e4t der Vibrationen<\/a><\/li><li class='ez-toc-page-1 ez-toc-heading-level-3'><a class=\"ez-toc-link ez-toc-heading-7\" href=\"https:\/\/god-vibro.com\/de\/wahle-seinen-ersten-mann-sextoy.html\/#_Le_prix\" >&nbsp;&nbsp;&nbsp;Der Preis<\/a><\/li><\/ul><\/li><li class='ez-toc-page-1 ez-toc-heading-level-2'><a class=\"ez-toc-link ez-toc-heading-8\" href=\"https:\/\/god-vibro.com\/de\/wahle-seinen-ersten-mann-sextoy.html\/#Les_avantages_de_lutilisation_dun_vibromasseur\" >Die Vorteile der Verwendung eines Vibrators&nbsp;<\/a><ul class='ez-toc-list-level-3' ><li class='ez-toc-heading-level-3'><a class=\"ez-toc-link ez-toc-heading-9\" href=\"https:\/\/god-vibro.com\/de\/wahle-seinen-ersten-mann-sextoy.html\/#_Se_procurer_du_plaisir_soi_meme\" >&nbsp;&nbsp;Sich selbst Freude bereiten&nbsp;<\/a><\/li><li class='ez-toc-page-1 ez-toc-heading-level-3'><a class=\"ez-toc-link ez-toc-heading-10\" href=\"https:\/\/god-vibro.com\/de\/wahle-seinen-ersten-mann-sextoy.html\/#_Allez_a_la_decouverte_de_nouvelles_sensations\" >&nbsp;&nbsp;Gehen Sie auf Entdeckungsreise und erleben Sie neue Eindr\u00fccke&nbsp;<\/a><\/li><\/ul><\/li><li class='ez-toc-page-1 ez-toc-heading-level-2'><a class=\"ez-toc-link ez-toc-heading-11\" href=\"https:\/\/god-vibro.com\/de\/wahle-seinen-ersten-mann-sextoy.html\/#Quelques_meilleurs_vibromasseurs_pour_homme\" >Einige der besten Vibratoren f\u00fcr M\u00e4nner<\/a><ul class='ez-toc-list-level-3' ><li class='ez-toc-heading-level-3'><a class=\"ez-toc-link ez-toc-heading-12\" href=\"https:\/\/god-vibro.com\/de\/wahle-seinen-ersten-mann-sextoy.html\/#Legg_tenga\" >Das Tenga-Ei&nbsp;<\/a><\/li><li class='ez-toc-page-1 ez-toc-heading-level-3'><a class=\"ez-toc-link ez-toc-heading-13\" href=\"https:\/\/god-vibro.com\/de\/wahle-seinen-ersten-mann-sextoy.html\/#Le_double_anneau_vibrant\" >Der doppelte vibrierende Ring&nbsp;<\/a><\/li><li class='ez-toc-page-1 ez-toc-heading-level-3'><a class=\"ez-toc-link ez-toc-heading-14\" href=\"https:\/\/god-vibro.com\/de\/wahle-seinen-ersten-mann-sextoy.html\/#Les_anneaux_ou_cockrings\" >Ringe oder Cockrings<\/a><\/li><li class='ez-toc-page-1 ez-toc-heading-level-3'><a class=\"ez-toc-link ez-toc-heading-15\" href=\"https:\/\/god-vibro.com\/de\/wahle-seinen-ersten-mann-sextoy.html\/#Les_vibromasseurs_plugs_et_chapelets\" >Plug-Vibratoren und Rosenkr\u00e4nze&nbsp;<\/a><\/li><li class='ez-toc-page-1 ez-toc-heading-level-3'><a class=\"ez-toc-link ez-toc-heading-16\" href=\"https:\/\/god-vibro.com\/de\/wahle-seinen-ersten-mann-sextoy.html\/#Les_gaines_ou_masturbateurs\" >H\u00fcllen oder Masturbatoren&nbsp;<\/a><\/li><li class='ez-toc-page-1 ez-toc-heading-level-3'><a class=\"ez-toc-link ez-toc-heading-17\" href=\"https:\/\/god-vibro.com\/de\/wahle-seinen-ersten-mann-sextoy.html\/#Le_masturbateur_play_Tr_myhixel\" >Der Masturbator play Tr myhixel&nbsp;<\/a><\/li><\/ul><\/li><\/ul><\/nav><\/div>\n<h2 class=\"wp-block-heading\"><span class=\"ez-toc-section\" id=\"Les_criteres_de_choix_dun_vibromasseur\"><\/span>Kriterien f\u00fcr die Auswahl eines Vibrators&nbsp;<span class=\"ez-toc-section-end\"><\/span><\/h2>\n\n\n\n<p>Es gibt mehrere Kriterien, die die Auswahl eines hochwertigen Vibrators beg\u00fcnstigen. Besonders wenn es sich um Ihr allererstes Sextoy handelt, sollten Sie auf :<\/p>\n\n\n\n<ul class=\"wp-block-list\"><li>Ihre sexuellen Vorlieben ;<\/li><li>Ihre Erfahrungen mit der Verwendung von Sextoys ;<\/li><li>das Material und die Textur des Objekts ;<\/li><li>die Intensit\u00e4t der Vibrationen ;<\/li><li>sein Design ;<\/li><li>seinen Preis.<\/li><\/ul>\n\n\n\n<p>Der Kauf eines billigen Sextoys ist verlockend, um es auszuprobieren, aber Sie werden nicht die gew\u00fcnschten Empfindungen haben, wenn die Qualit\u00e4t nicht stimmt.<\/p>\n\n\n\n<h3 class=\"wp-block-heading\"><span class=\"ez-toc-section\" id=\"_Vos_preferences\"><\/span>&nbsp;&nbsp;&nbsp;&nbsp;&nbsp;Ihre Einstellungen<span class=\"ez-toc-section-end\"><\/span><\/h3>\n\n\n\n<p>M\u00f6gen Sie eine enge Muschi oder eine tiefe Muschi? Sind Sie auf der Suche nach einem Masturbator? Oder bevorzugen Sie anale Penetration? Es gibt viele verschiedene Arten von Vibratoren mit unterschiedlichen Formen und Empfindungen. Damit es Ihnen gelingt, die richtige Wahl zu treffen, sollten Sie Ihre W\u00fcnsche ber\u00fccksichtigen. Wenn die Massage Ihres Phallus Sie verr\u00fcckt macht, sollten Sie sich f\u00fcr einen Massagevibrator entscheiden. Wenn Sie hingegen durch Penetration zum Orgasmus kommen, sollten Sie einen Analplug bevorzugen. Wenn Sie sich immer noch nicht entscheiden k\u00f6nnen, w\u00e4hlen Sie ein vielseitiges Spielzeug.<\/p>\n\n\n\n<h3 class=\"wp-block-heading\"><span class=\"ez-toc-section\" id=\"_Votre_experience\"><\/span>&nbsp;&nbsp;&nbsp;&nbsp;Ihre Erfahrung<span class=\"ez-toc-section-end\"><\/span><\/h3>\n\n\n\n<p>Die richtige Verwendung eines Vibrators erfordert Erfahrung. Das gilt sowohl f\u00fcr die Kenntnis Ihres K\u00f6rpers als auch f\u00fcr die Beherrschung des Ger\u00e4ts. Einige Vibratoren verf\u00fcgen \u00fcber einfache Funktionen und sind leicht zu erlernen, aber nicht sehr umfangreich. Wenn Sie eher erfahren sind, z\u00f6gern Sie nicht, sich f\u00fcr einen Vibrator mit erweiterten Funktionen zu entscheiden. Nach einigen Testl\u00e4ufen werden Sie das erwartete Vergn\u00fcgen erreichen.<\/p>\n\n\n\n<figure class=\"wp-block-image\"><img decoding=\"async\" src=\"https:\/\/lh4.googleusercontent.com\/izLYUsA_ztxcEcdpY8CgcnzhTR0LLP3tlVfcro2235LDDiUQKKgf996YcEhV7OrLvlu6ADdWAAyPlGD6jj-j__sDBu1QG4OKna-ABF-WQqKcia2l_3M9OjFPqg1ATE4Evnd9HBuU\" alt=\"\"\/><\/figure>\n\n\n\n<h3 class=\"wp-block-heading\"><span class=\"ez-toc-section\" id=\"_Les_materiaux_et_la_texture\"><\/span>&nbsp;&nbsp;Materialien und Textur<span class=\"ez-toc-section-end\"><\/span><\/h3>\n\n\n\n<p>Sie k\u00f6nnen keinen Gegenstand kaufen, ohne vorher zu wissen, aus welchem Material er hergestellt wurde. Deshalb ist es wichtig, ein gewisses Wissen \u00fcber die verschiedenen Materialien zu haben, aus denen ein Sextoy hergestellt wird. Es gibt Sextoys aus :&nbsp;<\/p>\n\n\n\n<ul class=\"wp-block-list\"><li>Silikon ;<\/li><li>Hartplastik ;<\/li><li>Edelstahl ;<\/li><li>biolaine ;<\/li><li>Metall ;<\/li><li>usw.<\/li><\/ul>\n\n\n\n<p>Bevorzugen Sie Materialien, die den gesetzlichen Bestimmungen entsprechen. Sie k\u00f6nnen sich f\u00fcr ein Sextoy aus Silikon entscheiden. Das ist ein sehr gutes Material. Au\u00dferdem ist es nicht por\u00f6s und sehr pflegeleicht.<\/p>\n\n\n\n<p>Vermeiden Sie Sextoys, die Phthalate enthalten. Dieser Stoff ist gesundheitssch\u00e4dlich.&nbsp;<\/p>\n\n\n\n<p>Sie k\u00f6nnen sich auch f\u00fcr Vibratoren aus Biolaine oder rostfreiem Stahl entscheiden. F\u00fcr ein k\u00e4lteres Gef\u00fchl k\u00f6nnen Sie ein Sextoy aus Metall w\u00e4hlen.&nbsp;<\/p>\n\n\n\n<p>Es gibt auch Sextoys aus Kunststoff, die empfehlenswert sind. Treffen Sie die Wahl nach Ihren Vorlieben. Um zum Orgasmus zu kommen, w\u00e4hlen Sie ein geriffeltes oder buckliges Sexspielzeug.&nbsp;<\/p>\n\n\n\n<h3 class=\"wp-block-heading\"><span class=\"ez-toc-section\" id=\"_Le_design\"><\/span>&nbsp;&nbsp;Das Design&nbsp;<span class=\"ez-toc-section-end\"><\/span><\/h3>\n\n\n\n<p>Es ist naheliegend, ein Spielzeug auszuw\u00e4hlen, das Sie schon beim blo\u00dfen Anblick begeistert. Das ist zwar wichtig, aber das ist sicher nicht der Grund, warum Sie alles ausw\u00e4hlen werden, ohne sich um die Funktionen zu k\u00fcmmern. Setzen Sie auf \u00c4sthetik und auch auf Leistung.&nbsp;<\/p>\n\n\n\n<h3 class=\"wp-block-heading\"><span class=\"ez-toc-section\" id=\"_Lintensite_des_vibrations\"><\/span>&nbsp;&nbsp;Die Intensit\u00e4t der Vibrationen<span class=\"ez-toc-section-end\"><\/span><\/h3>\n\n\n\n<p>Beim Kauf eines Sextoys eine Vibrationsst\u00e4rke zu w\u00e4hlen, ist kompliziert. Dabei ist es gar nicht so schwierig. Sie m\u00fcssen nur ber\u00fccksichtigen, wie Sie gerne Sex haben. Es gibt jedoch verschiedene Arten von Vibratoren mit unterschiedlicher Intensit\u00e4t. Bevorzugen Sie Sextoys mit mehreren Funktionen. So haben Sie die M\u00f6glichkeit, die Intensit\u00e4t der Vibrationen nach Belieben zu regulieren.&nbsp;<\/p>\n\n\n\n<h3 class=\"wp-block-heading\"><span class=\"ez-toc-section\" id=\"_Le_prix\"><\/span>&nbsp;&nbsp;&nbsp;Der Preis<span class=\"ez-toc-section-end\"><\/span><\/h3>\n\n\n\n<p>Der Preis f\u00fcr einen hochwertigen Vibrator variiert. Es gibt keinen Standardpreis f\u00fcr ihn. Sie k\u00f6nnen Vibratoren f\u00fcr 20 Euro genauso wie f\u00fcr 200 Euro finden. Um sich zum Beispiel den Lelo Fs1 zu kaufen, m\u00fcssen Sie 169 Euro ausgeben. Deshalb sollten Sie ein entsprechendes Budget einplanen.&nbsp;<\/p>\n\n\n\n<figure class=\"wp-block-image\"><img decoding=\"async\" src=\"https:\/\/lh5.googleusercontent.com\/FaZ00KZSlf4PJIN0elpH22iPY1qhrFRdoRkzIO1-2mUaXoqA4OHUpSsFYYlBNQVurTSY2UbFvDm1kaLOxomfxQh_c6DJvl-pZJ6uWB-SHYPMwFT8gfzFIe58Bwv9iTrCRILz7HsL\" alt=\"\"\/><\/figure>\n\n\n\n<h2 class=\"wp-block-heading\"><span class=\"ez-toc-section\" id=\"Les_avantages_de_lutilisation_dun_vibromasseur\"><\/span>Die Vorteile der Verwendung eines Vibrators&nbsp;<span class=\"ez-toc-section-end\"><\/span><\/h2>\n\n\n\n<p>Es gibt zwei Hauptgr\u00fcnde, warum die meisten Menschen sich einen Vibrator zulegen: sich selbst Lust zu verschaffen und neue Gef\u00fchle zu entdecken.<\/p>\n\n\n\n<h3 class=\"wp-block-heading\"><span class=\"ez-toc-section\" id=\"_Se_procurer_du_plaisir_soi_meme\"><\/span>&nbsp;&nbsp;Sich selbst Freude bereiten&nbsp;<span class=\"ez-toc-section-end\"><\/span><\/h3>\n\n\n\n<p>Wenn Sie Single sind oder Schwierigkeiten haben, Frauen anzusprechen, werden Sie sich wahrscheinlich alleine befriedigen. Daher der Vorteil eines Vibrators.&nbsp;<\/p>\n\n\n\n<p>Mit einem Vibrator k\u00f6nnen Sie ohne Sexualpartner masturbieren und zum Orgasmus kommen. Sie k\u00f6nnen alle m\u00f6glichen Stellungen verwenden. Wenn Sie wohlhabend sind, k\u00f6nnen Sie sich auch eine Sexpuppe leisten. Ihre W\u00fcnsche werden Ihnen Befehl sein und Sie werden sich in diesem Moment wie der K\u00f6nig der Welt f\u00fchlen.<\/p>\n\n\n\n<h3 class=\"wp-block-heading\"><span class=\"ez-toc-section\" id=\"_Allez_a_la_decouverte_de_nouvelles_sensations\"><\/span>&nbsp;&nbsp;Gehen Sie auf Entdeckungsreise und erleben Sie neue Eindr\u00fccke&nbsp;<span class=\"ez-toc-section-end\"><\/span><\/h3>\n\n\n\n<p>Vibratoren haben den Vorteil, dass sie Ihr Erregungsniveau erh\u00f6hen. Au\u00dferdem k\u00f6nnen Sie mit ihnen einen prostatischen Orgasmus erreichen. Noch besser ist, dass sie die Gr\u00f6\u00dfe Ihres Geschlechts vergr\u00f6\u00dfern.&nbsp;<\/p>\n\n\n\n<p>Die Intensit\u00e4t der Penetration wird auch durch einen vibrierenden Ring erreicht. Wenn Sie Sadomasochist sind, k\u00f6nnen Sie sich auch fesseln lassen, um eine weitere Stufe der Erregung zu erreichen. Sie k\u00f6nnen Ihre Sexpuppe so oft lieben, wie Sie m\u00f6chten. Dank des Cockrings kann die Ejakulation verz\u00f6gert werden.<\/p>\n\n\n\n<h2 class=\"wp-block-heading\"><span class=\"ez-toc-section\" id=\"Quelques_meilleurs_vibromasseurs_pour_homme\"><\/span>Einige der besten Vibratoren f\u00fcr M\u00e4nner<span class=\"ez-toc-section-end\"><\/span><\/h2>\n\n\n\n<p>Es gibt viele verschiedene Arten von Vibratoren f\u00fcr M\u00e4nner. Innerhalb dieses breiten Spektrums gibt es verschiedene Arten :<\/p>\n\n\n\n<ul class=\"wp-block-list\"><li>H\u00fcllen oder Masturbatoren ;<\/li><li>Ringe oder Cockrings ;<\/li><li>Vibratoren Plugs und Rosenkr\u00e4nze ;<\/li><li>Bondage-Spiele ;&nbsp;<\/li><li>Prostata-Stimulator ;<\/li><li>usw.<\/li><\/ul>\n\n\n\n<h3 class=\"wp-block-heading\"><span class=\"ez-toc-section\" id=\"Legg_tenga\"><\/span>Das Tenga-Ei&nbsp;<span class=\"ez-toc-section-end\"><\/span><\/h3>\n\n\n\n<p>Es ist das beliebteste Sextoy der M\u00e4nnerwelt. Es hat die Form eines Eies. Dank dieser Form sorgt es f\u00fcr intensives Vergn\u00fcgen. Es passt sich auch der Gr\u00f6\u00dfe Ihres Penis an. Seine Beschaffenheit ist mit der einer echten Vagina vergleichbar. Er ist f\u00fcr 9,95 \u20ac erh\u00e4ltlich.\u00a0<\/p>\n\n\n\n<h3 class=\"wp-block-heading\"><span class=\"ez-toc-section\" id=\"Le_double_anneau_vibrant\"><\/span>Der doppelte vibrierende Ring&nbsp;<span class=\"ez-toc-section-end\"><\/span><\/h3>\n\n\n\n<p>Dies ist ein Unisex-Vibrator. Sie k\u00f6nnen ihn sowohl allein als auch mit Ihrem Partner verwenden.  Er ist sehr einfach anzulegen und wird mit einer Batterie betrieben. Er verschafft Ihnen ein intensives Gef\u00fchl. Probieren Sie es aus und Sie werden sicherlich zufrieden sein.&nbsp;<\/p>\n\n\n\n<h3 class=\"wp-block-heading\"><span class=\"ez-toc-section\" id=\"Les_anneaux_ou_cockrings\"><\/span>Ringe oder Cockrings<span class=\"ez-toc-section-end\"><\/span><\/h3>\n\n\n\n<p>Es gibt zwei Arten von Cockringen. Sie k\u00f6nnen Doppelringe oder Einzelringe finden. Der Einzelring wird um den Penis gelegt. Sie vibrieren und geben Ihnen ein starkes Gef\u00fchl im Penis. Ihre Erektion ist sehr fest und hart. Wenn Sie sich f\u00fcr den Doppelring entscheiden, wird der zweite Ring um Ihre beiden Hoden gewickelt. Das Gef\u00fchl ist noch intensiver.&nbsp;<\/p>\n\n\n\n<h3 class=\"wp-block-heading\"><span class=\"ez-toc-section\" id=\"Les_vibromasseurs_plugs_et_chapelets\"><\/span>Plug-Vibratoren und Rosenkr\u00e4nze&nbsp;<span class=\"ez-toc-section-end\"><\/span><\/h3>\n\n\n\n<p>Mit diesem Sextoy kann man den P-Punkt stimulieren. Im Gegensatz zu dem, was die meisten Leute denken, ist dieser Vibrator nicht nur f\u00fcr Schwule geeignet. Sie k\u00f6nnen ihn auch ausprobieren, wenn Sie heterosexuell sind. Dieser Analplug wird f\u00fcr den Analverkehr empfohlen und ist ein hervorragendes Sexspielzeug. Er stimuliert auch Ihre Prostata, wenn Sie ihn richtig benutzen. Sie k\u00f6nnen ihn zu einem erschwinglichen Preis bekommen.&nbsp;<\/p>\n\n\n\n<h3 class=\"wp-block-heading\"><span class=\"ez-toc-section\" id=\"Les_gaines_ou_masturbateurs\"><\/span>H\u00fcllen oder Masturbatoren&nbsp;<span class=\"ez-toc-section-end\"><\/span><\/h3>\n\n\n\n<p>Dieses Sextoy-Modell geh\u00f6rt zu den besten Vibratoren f\u00fcr M\u00e4nner. Sie finden die H\u00fcllen in verschiedenen Modellen und Arten. Es gibt H\u00fcllen&nbsp;<\/p>\n\n\n\n<ul class=\"wp-block-list\"><li>manuellen ;<\/li><li>automatischen ;<\/li><li>beheizbar ;<\/li><li>vibrieren.<\/li><\/ul>\n\n\n\n<p>Dank ihrer Beschaffenheit haben Sie das Gef\u00fchl, sich beim Sex zu befinden. Manuelle H\u00fcllen sind billiger als automatische H\u00fcllen. Die automatischen bringen Sie ins siebte Jahrhundert.<\/p>\n\n\n\n<figure class=\"wp-block-image\"><img decoding=\"async\" src=\"https:\/\/lh4.googleusercontent.com\/yYnDE_BkrsudZm358Uwv-UKkKixdmRUvC_JHf7PGAcw0HVRaUkIj1wxwDeGkQrME3n0bzduaE_JcQ8oQDBQmTBzuws5_hgZ9x1se8u9q0mr_jp2h20PADMFIUuNmXqEXj8uPu-BP\" alt=\"\"\/><\/figure>\n\n\n\n<h3 class=\"wp-block-heading\"><span class=\"ez-toc-section\" id=\"Le_masturbateur_play_Tr_myhixel\"><\/span>Der Masturbator play Tr myhixel&nbsp;<span class=\"ez-toc-section-end\"><\/span><\/h3>\n\n\n\n<p>Dieses Sextoy kann allein oder zu zweit verwendet werden. Es sorgt daf\u00fcr, dass die Ejakulation so lange wie m\u00f6glich zur\u00fcckgehalten wird. Dank seiner W\u00e4rmefunktion sorgt es f\u00fcr ein sanftes und lustvolles Gef\u00fchl. Es verf\u00fcgt \u00fcber einen Akku, der \u00fcber ein USB-Kabel aufgeladen werden kann.&nbsp;<\/p>","protected":false},"excerpt":{"rendered":"<p>A L\u2019instar des vibromasseurs pour femmes, les vibromasseurs pour hommes rec\u00e8lent \u00e9galement des sp\u00e9cificit\u00e9s qui conditionnent le choix de tout acheteur. Si vous d\u00e9sirez acqu\u00e9rir votre premier vibromasseur, vous devez tenir compte de certains \u00e9l\u00e9ments.Il s\u2019agit entre autres des sensations recherch\u00e9es, de votre exp\u00e9rience ou encore du design de l\u2019objet. Les crit\u00e8res de choix d\u2019un [&hellip;]<\/p>\n","protected":false},"author":1,"featured_media":0,"parent":0,"menu_order":0,"comment_status":"closed","ping_status":"closed","template":"","meta":{"_acf_changed":false,"_seopress_robots_primary_cat":"","_seopress_titles_title":"","_seopress_titles_desc":"","_seopress_robots_index":"","_uag_custom_page_level_css":"","site-sidebar-layout":"default","site-content-layout":"","ast-site-content-layout":"default","site-content-style":"default","site-sidebar-style":"default","ast-global-header-display":"","ast-banner-title-visibility":"","ast-main-header-display":"","ast-hfb-above-header-display":"","ast-hfb-below-header-display":"","ast-hfb-mobile-header-display":"","site-post-title":"","ast-breadcrumbs-content":"","ast-featured-img":"","footer-sml-layout":"","theme-transparent-header-meta":"","adv-header-id-meta":"","stick-header-meta":"","header-above-stick-meta":"","header-main-stick-meta":"","header-below-stick-meta":"","astra-migrate-meta-layouts":"default","ast-page-background-enabled":"default","ast-page-background-meta":{"desktop":{"background-color":"var(--ast-global-color-4)","background-image":"","background-repeat":"repeat","background-position":"center center","background-size":"auto","background-attachment":"scroll","background-type":"","background-media":"","overlay-type":"","overlay-color":"","overlay-opacity":"","overlay-gradient":""},"tablet":{"background-color":"","background-image":"","background-repeat":"repeat","background-position":"center center","background-size":"auto","background-attachment":"scroll","background-type":"","background-media":"","overlay-type":"","overlay-color":"","overlay-opacity":"","overlay-gradient":""},"mobile":{"background-color":"","background-image":"","background-repeat":"repeat","background-position":"center center","background-size":"auto","background-attachment":"scroll","background-type":"","background-media":"","overlay-type":"","overlay-color":"","overlay-opacity":"","overlay-gradient":""}},"ast-content-background-meta":{"desktop":{"background-color":"var(--ast-global-color-5)","background-image":"","background-repeat":"repeat","background-position":"center center","background-size":"auto","background-attachment":"scroll","background-type":"","background-media":"","overlay-type":"","overlay-color":"","overlay-opacity":"","overlay-gradient":""},"tablet":{"background-color":"var(--ast-global-color-5)","background-image":"","background-repeat":"repeat","background-position":"center center","background-size":"auto","background-attachment":"scroll","background-type":"","background-media":"","overlay-type":"","overlay-color":"","overlay-opacity":"","overlay-gradient":""},"mobile":{"background-color":"var(--ast-global-color-5)","background-image":"","background-repeat":"repeat","background-position":"center center","background-size":"auto","background-attachment":"scroll","background-type":"","background-media":"","overlay-type":"","overlay-color":"","overlay-opacity":"","overlay-gradient":""}},"footnotes":""},"class_list":["post-843","page","type-page","status-publish","hentry"],"acf":[],"uagb_featured_image_src":{"full":false,"thumbnail":false,"medium":false,"medium_large":false,"large":false,"1536x1536":false,"2048x2048":false,"trp-custom-language-flag":false,"ultp_layout_landscape_large":false,"ultp_layout_landscape":false,"ultp_layout_portrait":false,"ultp_layout_square":false},"uagb_author_info":{"display_name":"brigitte","author_link":"https:\/\/god-vibro.com\/de\/author\/brigitte"},"uagb_comment_info":0,"uagb_excerpt":"A L\u2019instar des vibromasseurs pour femmes, les vibromasseurs pour hommes rec\u00e8lent \u00e9galement des sp\u00e9cificit\u00e9s qui conditionnent le choix de tout acheteur. Si vous d\u00e9sirez acqu\u00e9rir votre premier vibromasseur, vous devez tenir compte de certains \u00e9l\u00e9ments.Il s\u2019agit entre autres des sensations recherch\u00e9es, de votre exp\u00e9rience ou encore du design de l\u2019objet. Les crit\u00e8res de choix d\u2019un&hellip;","_links":{"self":[{"href":"https:\/\/god-vibro.com\/de\/wp-json\/wp\/v2\/pages\/843","targetHints":{"allow":["GET"]}}],"collection":[{"href":"https:\/\/god-vibro.com\/de\/wp-json\/wp\/v2\/pages"}],"about":[{"href":"https:\/\/god-vibro.com\/de\/wp-json\/wp\/v2\/types\/page"}],"author":[{"embeddable":true,"href":"https:\/\/god-vibro.com\/de\/wp-json\/wp\/v2\/users\/1"}],"replies":[{"embeddable":true,"href":"https:\/\/god-vibro.com\/de\/wp-json\/wp\/v2\/comments?post=843"}],"version-history":[{"count":0,"href":"https:\/\/god-vibro.com\/de\/wp-json\/wp\/v2\/pages\/843\/revisions"}],"wp:attachment":[{"href":"https:\/\/god-vibro.com\/de\/wp-json\/wp\/v2\/media?parent=843"}],"curies":[{"name":"wp","href":"https:\/\/api.w.org\/{rel}","templated":true}]}}