{"id":839,"date":"2021-12-08T00:40:49","date_gmt":"2021-12-08T00:40:49","guid":{"rendered":"https:\/\/god-vibro.com\/?page_id=839"},"modified":"2022-01-19T18:43:28","modified_gmt":"2022-01-19T18:43:28","slug":"promotions-guides-et-astuces-pour-bien-choisir-votre-jouet","status":"publish","type":"page","link":"https:\/\/god-vibro.com\/de\/promotions-leitfaden-und-tipps-fur-die-richtige-auswahl-ihres-spielzeugs.html","title":{"rendered":"Sonderangebote, Anleitungen und Tipps zur Auswahl des richtigen Spielzeugs"},"content":{"rendered":"<p>Hier finden Sie alle unsere Informationsseiten, unsere Leitf\u00e4den und vor allem, wie Sie die besten Angebote finden k\u00f6nnen <strong>Lovense<\/strong>, <strong>Lelo<\/strong>, <strong>Lovehoney<\/strong> um Ihr Sextoy zum besten Preis zu kaufen.<\/p>\n\n\n\n<div class=\"wp-block-image\"><figure class=\"aligncenter size-full is-resized\"><img fetchpriority=\"high\" decoding=\"async\" src=\"https:\/\/god-vibro.com\/wp-content\/uploads\/2021\/11\/offres-promo-lovense.png\" alt=\"\" class=\"wp-image-434\" width=\"465\" height=\"184\" srcset=\"https:\/\/god-vibro.com\/wp-content\/uploads\/2021\/11\/offres-promo-lovense.png 804w, https:\/\/god-vibro.com\/wp-content\/uploads\/2021\/11\/offres-promo-lovense-600x237.png 600w, https:\/\/god-vibro.com\/wp-content\/uploads\/2021\/11\/offres-promo-lovense-300x119.png 300w, https:\/\/god-vibro.com\/wp-content\/uploads\/2021\/11\/offres-promo-lovense-768x304.png 768w\" sizes=\"(max-width: 465px) 100vw, 465px\" \/><\/figure><\/div>\n\n\n\n<div id=\"ez-toc-container\" class=\"ez-toc-v2_0_82_2 counter-hierarchy ez-toc-counter ez-toc-custom ez-toc-container-direction\">\n<div class=\"ez-toc-title-container\">\n<p class=\"ez-toc-title\" style=\"cursor:inherit\">Inhalte <\/p>\n<span class=\"ez-toc-title-toggle\"><a href=\"#\" class=\"ez-toc-pull-right ez-toc-btn ez-toc-btn-xs ez-toc-btn-default ez-toc-toggle\" aria-label=\"Toggle Table of Content\"><span class=\"ez-toc-js-icon-con\"><span class=\"\"><span class=\"eztoc-hide\" style=\"display:none;\">Toggle<\/span><span class=\"ez-toc-icon-toggle-span\"><svg style=\"fill: #999;color:#999\" xmlns=\"http:\/\/www.w3.org\/2000\/svg\" class=\"list-377408\" width=\"20px\" height=\"20px\" viewbox=\"0 0 24 24\" fill=\"none\"><path d=\"M6 6H4v2h2V6zm14 0H8v2h12V6zM4 11h2v2H4v-2zm16 0H8v2h12v-2zM4 16h2v2H4v-2zm16 0H8v2h12v-2z\" fill=\"currentColor\"><\/path><\/svg><svg style=\"fill: #999;color:#999\" class=\"arrow-unsorted-368013\" xmlns=\"http:\/\/www.w3.org\/2000\/svg\" width=\"10px\" height=\"10px\" viewbox=\"0 0 24 24\" version=\"1.2\" baseprofile=\"tiny\"><path d=\"M18.2 9.3l-6.2-6.3-6.2 6.3c-.2.2-.3.4-.3.7s.1.5.3.7c.2.2.4.3.7.3h11c.3 0 .5-.1.7-.3.2-.2.3-.5.3-.7s-.1-.5-.3-.7zM5.8 14.7l6.2 6.3 6.2-6.3c.2-.2.3-.5.3-.7s-.1-.5-.3-.7c-.2-.2-.4-.3-.7-.3h-11c-.3 0-.5.1-.7.3-.2.2-.3.5-.3.7s.1.5.3.7z\"\/><\/svg><\/span><\/span><\/span><\/a><\/span><\/div>\n<nav><ul class='ez-toc-list ez-toc-list-level-1 eztoc-toggle-hide-by-default' ><li class='ez-toc-page-1 ez-toc-heading-level-2'><a class=\"ez-toc-link ez-toc-heading-1\" href=\"https:\/\/god-vibro.com\/de\/promotions-leitfaden-und-tipps-fur-die-richtige-auswahl-ihres-spielzeugs.html\/#Les_codes_promotions\" >Die Promotionscodes<\/a><\/li><li class='ez-toc-page-1 ez-toc-heading-level-2'><a class=\"ez-toc-link ez-toc-heading-2\" href=\"https:\/\/god-vibro.com\/de\/promotions-leitfaden-und-tipps-fur-die-richtige-auswahl-ihres-spielzeugs.html\/#Les_guides_pour_bien_choisir_son_jouet\" >Ratgeber f\u00fcr die richtige Wahl des Spielzeugs<\/a><ul class='ez-toc-list-level-3' ><li class='ez-toc-heading-level-3'><a class=\"ez-toc-link ez-toc-heading-3\" href=\"https:\/\/god-vibro.com\/de\/promotions-leitfaden-und-tipps-fur-die-richtige-auswahl-ihres-spielzeugs.html\/#Choisir_votre_sextoy_pour_homme_ou_femme\" >Ihr Sextoy f\u00fcr Mann oder Frau ausw\u00e4hlen<\/a><\/li><\/ul><\/li><li class='ez-toc-page-1 ez-toc-heading-level-2'><a class=\"ez-toc-link ez-toc-heading-4\" href=\"https:\/\/god-vibro.com\/de\/promotions-leitfaden-und-tipps-fur-die-richtige-auswahl-ihres-spielzeugs.html\/#La_connexion_a_distance\" >Die Fernverbindung<\/a><\/li><\/ul><\/nav><\/div>\n<h2 class=\"wp-block-heading\"><span class=\"ez-toc-section\" id=\"Les_codes_promotions\"><\/span>Die Promotionscodes<span class=\"ez-toc-section-end\"><\/span><\/h2>\n\n\n\n<p>Ich habe zwei Seiten geschrieben, um zu verstehen, wie die Werbeaktionen und Angebote funktionieren, die Lovense und Lelo \u00fcber den Lovehoney-Shop machen.<\/p>\n\n\n\n<div class=\"wp-block-columns is-layout-flex wp-container-core-columns-is-layout-28f84493 wp-block-columns-is-layout-flex\">\n<div class=\"wp-block-column is-layout-flow wp-block-column-is-layout-flow\">\n<div class=\"wp-block-buttons is-layout-flex wp-block-buttons-is-layout-flex\">\n<div class=\"wp-block-button has-custom-width wp-block-button__width-100\"><a class=\"wp-block-button__link\" href=\"https:\/\/god-vibro.com\/lovense-code-promo.html\">Lovense Promo Code<\/a><\/div>\n<\/div>\n<\/div>\n\n\n\n<div class=\"wp-block-column is-layout-flow wp-block-column-is-layout-flow\">\n<div class=\"wp-block-buttons is-layout-flex wp-block-buttons-is-layout-flex\">\n<div class=\"wp-block-button has-custom-width wp-block-button__width-100\"><a class=\"wp-block-button__link\" href=\"https:\/\/god-vibro.com\/code-promotion-lelo.html\">Lelo Gutscheincode<\/a><\/div>\n<\/div>\n<\/div>\n<\/div>\n\n\n\n<h2 class=\"wp-block-heading\"><span class=\"ez-toc-section\" id=\"Les_guides_pour_bien_choisir_son_jouet\"><\/span>Ratgeber f\u00fcr die richtige Wahl des Spielzeugs<span class=\"ez-toc-section-end\"><\/span><\/h2>\n\n\n\n<p>Ich werde auch so viele Ratgeber wie m\u00f6glich schreiben, um Sie bei der Auswahl des besten Sextoys zu unterst\u00fctzen. Paul wird versuchen, die Ratgeber f\u00fcr M\u00e4nner zu schreiben (ich schreibe sie meistens, w\u00e4hrend er mit mir spricht ^^).<\/p>\n\n\n\n<h3 class=\"wp-block-heading\"><span class=\"ez-toc-section\" id=\"Choisir_votre_sextoy_pour_homme_ou_femme\"><\/span>Ihr Sextoy f\u00fcr Mann oder Frau ausw\u00e4hlen<span class=\"ez-toc-section-end\"><\/span><\/h3>\n\n\n\n<div class=\"wp-block-columns is-layout-flex wp-container-core-columns-is-layout-28f84493 wp-block-columns-is-layout-flex\">\n<div class=\"wp-block-column is-layout-flow wp-block-column-is-layout-flow\">\n<div class=\"wp-block-buttons is-layout-flex wp-block-buttons-is-layout-flex\">\n<div class=\"wp-block-button has-custom-width wp-block-button__width-100\"><a class=\"wp-block-button__link\" href=\"https:\/\/god-vibro.com\/comment-choisir-son-premier-vibromasseur-pour-femme.html\">Sextoy f\u00fcr Frauen<\/a><\/div>\n<\/div>\n<\/div>\n\n\n\n<div class=\"wp-block-column is-layout-flow wp-block-column-is-layout-flow\">\n<div class=\"wp-block-buttons is-layout-flex wp-block-buttons-is-layout-flex\">\n<div class=\"wp-block-button has-custom-width wp-block-button__width-100\"><a class=\"wp-block-button__link\" href=\"https:\/\/god-vibro.com\/choisir-son-premier-sextoy-homme.html\">Sextoy f\u00fcr M\u00e4nner<\/a><\/div>\n<\/div>\n<\/div>\n<\/div>\n\n\n\n<div class=\"wp-block-columns is-layout-flex wp-container-core-columns-is-layout-28f84493 wp-block-columns-is-layout-flex\">\n<div class=\"wp-block-column is-layout-flow wp-block-column-is-layout-flow\">\n<div class=\"wp-block-buttons is-layout-flex wp-block-buttons-is-layout-flex\">\n<div class=\"wp-block-button has-custom-width wp-block-button__width-100\"><a class=\"wp-block-button__link\" href=\"https:\/\/god-vibro.com\/faut-il-acheter-une-copie-dun-sextoy-avis-copie-lush-3.html\">Die Meinung zum Kauf einer Kopie<\/a><\/div>\n<\/div>\n<\/div>\n\n\n\n<div class=\"wp-block-column is-layout-flow wp-block-column-is-layout-flow\">\n<div class=\"wp-block-buttons is-layout-flex wp-block-buttons-is-layout-flex\">\n<div class=\"wp-block-button has-custom-width wp-block-button__width-100\"><a class=\"wp-block-button__link\" href=\"https:\/\/god-vibro.com\/7-sextoys-lovense.html\">Lovense: 7 beliebte Sextoys<\/a><\/div>\n<\/div>\n<\/div>\n<\/div>\n\n\n\n<div class=\"wp-block-columns is-layout-flex wp-container-core-columns-is-layout-28f84493 wp-block-columns-is-layout-flex\">\n<div class=\"wp-block-column is-layout-flow wp-block-column-is-layout-flow\">\n<div class=\"wp-block-buttons is-layout-flex wp-block-buttons-is-layout-flex\">\n<div class=\"wp-block-button has-custom-width wp-block-button__width-100\"><a class=\"wp-block-button__link\" href=\"https:\/\/god-vibro.com\/sextoys-connectes-vibromasseur-bluetooth.html\">Angeschlossenes Sextoy<\/a><\/div>\n<\/div>\n<\/div>\n\n\n\n<div class=\"wp-block-column is-layout-flow wp-block-column-is-layout-flow\"><\/div>\n<\/div>\n\n\n\n<div class=\"wp-block-image\"><figure class=\"aligncenter size-full is-resized\"><img decoding=\"async\" src=\"https:\/\/god-vibro.com\/wp-content\/uploads\/2021\/11\/Examen-du-Lovense-Lush-2-ce-que-vous-devez-savoir.jpg\" alt=\"how to use the lovense lush\" class=\"wp-image-359\" width=\"381\" height=\"286\" srcset=\"https:\/\/god-vibro.com\/wp-content\/uploads\/2021\/11\/Examen-du-Lovense-Lush-2-ce-que-vous-devez-savoir.jpg 750w, https:\/\/god-vibro.com\/wp-content\/uploads\/2021\/11\/Examen-du-Lovense-Lush-2-ce-que-vous-devez-savoir-600x450.jpg 600w, https:\/\/god-vibro.com\/wp-content\/uploads\/2021\/11\/Examen-du-Lovense-Lush-2-ce-que-vous-devez-savoir-300x225.jpg 300w\" sizes=\"(max-width: 381px) 100vw, 381px\" \/><\/figure><\/div>\n\n\n\n<h2 class=\"wp-block-heading\"><span class=\"ez-toc-section\" id=\"La_connexion_a_distance\"><\/span>Die Fernverbindung<span class=\"ez-toc-section-end\"><\/span><\/h2>\n\n\n\n<p>Eine der wichtigsten Innovationen der letzten Jahre in der Welt der Sextoys ist die M\u00f6glichkeit, die Spielzeuge aus der Ferne zu steuern, und das ist zugegebenerma\u00dfen eine echte Revolution. Mit dem Covid wurden Paul und ich getrennt... Er konnte mit seiner Arbeitserlaubnis nicht nach Quebec zur\u00fcckkehren. Er hat sich den Max 2 bestellt und ich hatte schon den Lush 3. Wir haben die App eingerichtet.\u00ab<strong>Lovense Remote<\/strong>\u00bbauf unseren Smartphones (wir haben beide iPhones, aber ich wei\u00df aus sicherer Quelle, dass es auf Android sehr gut funktioniert) und dann ging es los ^^.<\/p>\n\n\n\n<div class=\"wp-block-columns is-layout-flex wp-container-core-columns-is-layout-28f84493 wp-block-columns-is-layout-flex\">\n<div class=\"wp-block-column is-layout-flow wp-block-column-is-layout-flow\">\n<div class=\"wp-block-buttons is-layout-flex wp-block-buttons-is-layout-flex\">\n<div class=\"wp-block-button has-custom-width wp-block-button__width-100\"><a class=\"wp-block-button__link\" href=\"https:\/\/god-vibro.com\/application-lovense-remote-le-guide-ultime-dutilisation.html\">Lovense Remote-Anwendung<\/a><\/div>\n<\/div>\n<\/div>\n\n\n\n<div class=\"wp-block-column is-layout-flow wp-block-column-is-layout-flow\">\n<div class=\"wp-block-buttons is-layout-flex wp-block-buttons-is-layout-flex\">\n<div class=\"wp-block-button has-custom-width wp-block-button__width-100\"><a class=\"wp-block-button__link\" href=\"https:\/\/god-vibro.com\/lovense.html\">Solo- oder Fernverbindung<\/a><\/div>\n<\/div>\n<\/div>\n<\/div>","protected":false},"excerpt":{"rendered":"<p>Vous pouvez retrouver toutes nos pages d&rsquo;informations, nos guides et surtout comment trouver les meilleurs offres Lovense, Lelo, Lovehoney pour acheter votre sextoy au meilleur prix. Les codes promotions J&rsquo;ai \u00e9crit 2 pages pour comprendre comment fonctionnent les promos et les offres faites par Lovense et Lelo par le biais de la boutique Lovehoney. Les [&hellip;]<\/p>\n","protected":false},"author":1,"featured_media":0,"parent":0,"menu_order":0,"comment_status":"closed","ping_status":"closed","template":"","meta":{"_acf_changed":false,"_seopress_robots_primary_cat":"","_seopress_titles_title":"","_seopress_titles_desc":"","_seopress_robots_index":"","_uag_custom_page_level_css":"","site-sidebar-layout":"default","site-content-layout":"","ast-site-content-layout":"default","site-content-style":"default","site-sidebar-style":"default","ast-global-header-display":"","ast-banner-title-visibility":"","ast-main-header-display":"","ast-hfb-above-header-display":"","ast-hfb-below-header-display":"","ast-hfb-mobile-header-display":"","site-post-title":"","ast-breadcrumbs-content":"","ast-featured-img":"","footer-sml-layout":"","theme-transparent-header-meta":"","adv-header-id-meta":"","stick-header-meta":"","header-above-stick-meta":"","header-main-stick-meta":"","header-below-stick-meta":"","astra-migrate-meta-layouts":"default","ast-page-background-enabled":"default","ast-page-background-meta":{"desktop":{"background-color":"var(--ast-global-color-4)","background-image":"","background-repeat":"repeat","background-position":"center center","background-size":"auto","background-attachment":"scroll","background-type":"","background-media":"","overlay-type":"","overlay-color":"","overlay-opacity":"","overlay-gradient":""},"tablet":{"background-color":"","background-image":"","background-repeat":"repeat","background-position":"center center","background-size":"auto","background-attachment":"scroll","background-type":"","background-media":"","overlay-type":"","overlay-color":"","overlay-opacity":"","overlay-gradient":""},"mobile":{"background-color":"","background-image":"","background-repeat":"repeat","background-position":"center center","background-size":"auto","background-attachment":"scroll","background-type":"","background-media":"","overlay-type":"","overlay-color":"","overlay-opacity":"","overlay-gradient":""}},"ast-content-background-meta":{"desktop":{"background-color":"var(--ast-global-color-5)","background-image":"","background-repeat":"repeat","background-position":"center center","background-size":"auto","background-attachment":"scroll","background-type":"","background-media":"","overlay-type":"","overlay-color":"","overlay-opacity":"","overlay-gradient":""},"tablet":{"background-color":"var(--ast-global-color-5)","background-image":"","background-repeat":"repeat","background-position":"center center","background-size":"auto","background-attachment":"scroll","background-type":"","background-media":"","overlay-type":"","overlay-color":"","overlay-opacity":"","overlay-gradient":""},"mobile":{"background-color":"var(--ast-global-color-5)","background-image":"","background-repeat":"repeat","background-position":"center center","background-size":"auto","background-attachment":"scroll","background-type":"","background-media":"","overlay-type":"","overlay-color":"","overlay-opacity":"","overlay-gradient":""}},"footnotes":""},"class_list":["post-839","page","type-page","status-publish","hentry"],"acf":[],"uagb_featured_image_src":{"full":false,"thumbnail":false,"medium":false,"medium_large":false,"large":false,"1536x1536":false,"2048x2048":false,"trp-custom-language-flag":false,"ultp_layout_landscape_large":false,"ultp_layout_landscape":false,"ultp_layout_portrait":false,"ultp_layout_square":false},"uagb_author_info":{"display_name":"brigitte","author_link":"https:\/\/god-vibro.com\/de\/author\/brigitte"},"uagb_comment_info":0,"uagb_excerpt":"Vous pouvez retrouver toutes nos pages d&rsquo;informations, nos guides et surtout comment trouver les meilleurs offres Lovense, Lelo, Lovehoney pour acheter votre sextoy au meilleur prix. Les codes promotions J&rsquo;ai \u00e9crit 2 pages pour comprendre comment fonctionnent les promos et les offres faites par Lovense et Lelo par le biais de la boutique Lovehoney. Les&hellip;","_links":{"self":[{"href":"https:\/\/god-vibro.com\/de\/wp-json\/wp\/v2\/pages\/839","targetHints":{"allow":["GET"]}}],"collection":[{"href":"https:\/\/god-vibro.com\/de\/wp-json\/wp\/v2\/pages"}],"about":[{"href":"https:\/\/god-vibro.com\/de\/wp-json\/wp\/v2\/types\/page"}],"author":[{"embeddable":true,"href":"https:\/\/god-vibro.com\/de\/wp-json\/wp\/v2\/users\/1"}],"replies":[{"embeddable":true,"href":"https:\/\/god-vibro.com\/de\/wp-json\/wp\/v2\/comments?post=839"}],"version-history":[{"count":1,"href":"https:\/\/god-vibro.com\/de\/wp-json\/wp\/v2\/pages\/839\/revisions"}],"predecessor-version":[{"id":1188,"href":"https:\/\/god-vibro.com\/de\/wp-json\/wp\/v2\/pages\/839\/revisions\/1188"}],"wp:attachment":[{"href":"https:\/\/god-vibro.com\/de\/wp-json\/wp\/v2\/media?parent=839"}],"curies":[{"name":"wp","href":"https:\/\/api.w.org\/{rel}","templated":true}]}}